{"id":5615,"date":"2025-03-18T07:14:58","date_gmt":"2025-03-18T07:14:58","guid":{"rendered":"https:\/\/vapingnet.de\/?page_id=5615"},"modified":"2025-06-11T07:34:22","modified_gmt":"2025-06-11T07:34:22","slug":"vapingnet-de-rueckerstattungs-rueckgaberichtlinie","status":"publish","type":"page","link":"https:\/\/vapingnet.de\/fr\/vapingnet-de-rueckerstattungs-rueckgaberichtlinie\/","title":{"rendered":"vapingnet.de Politique de remboursement \/ retour"},"content":{"rendered":"<h2 class=\"wp-block-heading\">Nous avons une politique de retour de 15 jours.<\/h2><p>Veuillez demander un remboursement en nous envoyant un e-mail pour initier une demande de retour. Veuillez fournir autant d'informations que possible, y compris le num\u00e9ro de commande, le nom complet, l'adresse, le num\u00e9ro de t\u00e9l\u00e9phone et la raison du retour. Veuillez noter que nous pourrions vous demander de nous envoyer des photos et\/ou une vid\u00e9o des marchandises endommag\u00e9es ou d\u00e9fectueuses par e-mail avant de renvoyer les articles. Nous pouvons \u00e9galement vous indiquer des \u00e9tapes de d\u00e9pannage, car cela est n\u00e9cessaire pour acc\u00e9l\u00e9rer le processus de retour et vous aider \u00e0 \u00e9viter des frais de traitement de retour.<\/p><p>Si le retour est approuv\u00e9, vous recevrez des instructions suppl\u00e9mentaires pour nous renvoyer les articles. Tout remboursement, cr\u00e9dit ou remplacement sera effectu\u00e9 une fois que le retour aura \u00e9t\u00e9 re\u00e7u et trait\u00e9.<\/p><p>Les articles pr\u00e9sentant des dommages cosm\u00e9tiques du fabricant, des probl\u00e8mes avec des articles \u00e0 usage unique, d\u00e9fectueux \u00e0 l'arriv\u00e9e (DOA) et les articles manquants ou incorrects doivent \u00eatre signal\u00e9s dans les 48 heures suivant la livraison !<\/p><p>Articles \u00e0 usage unique :<br>Pour des raisons d'hygi\u00e8ne et de s\u00e9curit\u00e9, nous ne pouvons pas accepter les retours d'articles \u00e0 usage unique qui ont \u00e9t\u00e9 ouverts ou utilis\u00e9s. Les articles \u00e0 usage unique comprennent, mais ne sont pas limit\u00e9s \u00e0, les e-liquides, les r\u00e9sistances, les pods, les cartouches, les articles jetables et les batteries. Une nouvelle livraison n'est pas possible pour les articles \u00e0 usage unique.<\/p><h3 class=\"wp-block-heading\">Des frais de traitement de 15 % peuvent \u00eatre appliqu\u00e9s pour les retours si :<\/h3><p>1. Les retours sont ouverts et\/ou non d\u00e9fectueux.<\/p><p>2. Les retours pr\u00e9sentent des signes de dommages physiques ou d'erreurs d'utilisation pouvant avoir caus\u00e9 le d\u00e9faut.<\/p><p>3. Les retours n'ont pas \u00e9t\u00e9 nettoy\u00e9s et vid\u00e9s avant le retour.<\/p><p>4. La cause du d\u00e9faut ne figure pas dans l'\u00e9valuation du retour ou peut \u00eatre r\u00e9solue par des \u00e9tapes simples de d\u00e9pannage.<\/p><p>Frais de retour :<\/p><p>Le client est responsable des frais de retour pour les articles non d\u00e9fectueux. Tous les frais d'exp\u00e9dition NE SONT PAS REMBOURS\u00c9S.<\/p><p>Conditions de promotion :<br>Les articles en promotion sont indiqu\u00e9s comme \u00e9tant vendus en l'\u00e9tat final. Si l'article en promotion est consid\u00e9r\u00e9 comme d\u00e9fectueux, nous ne rembourserons ou ne cr\u00e9diterons que le montant pay\u00e9 pour l'article. Les articles en promotion ne sont pas remplac\u00e9s.<\/p><p>Commandes refus\u00e9es :<br>Si le client ou le transporteur a refus\u00e9 les colis pour quelque raison que ce soit, les frais d'exp\u00e9dition ne seront pas rembours\u00e9s. Si votre commande b\u00e9n\u00e9ficiait de la livraison gratuite, nos frais d'exp\u00e9dition seront d\u00e9duits de votre remboursement.<\/p><p>Si nous avons d\u00e9j\u00e0 commenc\u00e9 \u00e0 traiter votre commande et que vous souhaitez quand m\u00eame l'annuler, nous vous facturerons des frais d'annulation de 20 % sur la commande annul\u00e9e.<\/p><p>Si nous avons d\u00e9j\u00e0 termin\u00e9 votre vapotage et que vous insistez pour annuler la commande, nous facturerons 50 % de frais.<\/p><p>Sinon, nous n'avons pas seulement termin\u00e9 votre cigarette \u00e9lectronique, mais aussi exp\u00e9di\u00e9 la commande, celle-ci ne sera donc pas annul\u00e9e, veuillez comprendre.<\/p><p>Processus de remboursement :<br>Les remboursements ne peuvent \u00eatre effectu\u00e9s que sur le mode de paiement initial (carte de cr\u00e9dit, carte de d\u00e9bit) ou sous forme de cr\u00e9dit. vapingnet.de n'est pas responsable des remboursements sur une carte pr\u00e9pay\u00e9e ou une carte de cr\u00e9dit annul\u00e9e si le titulaire de la carte ne la poss\u00e8de plus.<\/p><p>Nous v\u00e9rifions toutes les informations sur notre site Web tr\u00e8s soigneusement. Il peut cependant arriver qu'il y ait des erreurs ou que les fabricants mettent \u00e0 jour des informations qui ne nous sont pas connues. Nous nous r\u00e9servons le droit de corriger les informations inexactes et ne sommes pas responsables des fautes de frappe.<\/p><p>Les conditions de remboursement de vapingnet.de s'appliquent uniquement \u00e0 ce site Web.<\/p>","protected":false},"excerpt":{"rendered":"<p>Wir haben eine 15-t\u00e4gige R\u00fcckgaberichtlinie. Bitte fordern Sie eine R\u00fcckerstattung an, indem Sie uns eine E-Mail schicken, um eine R\u00fcckgabeanforderung einzuleiten. Bitte geben Sie so&#8230;<\/p>","protected":false},"author":2,"featured_media":0,"parent":0,"menu_order":0,"comment_status":"closed","ping_status":"closed","template":"","meta":{"footnotes":""},"class_list":["post-5615","page","type-page","status-publish","hentry"],"yoast_head":"<!-- This site is optimized with the Yoast SEO plugin v26.5 - https:\/\/yoast.com\/wordpress\/plugins\/seo\/ -->\n<title>vapingnet.de R\u00fcckerstattungs-\/R\u00fcckgaberichtlinie | Vapingnet.de<\/title>\n<meta name=\"description\" content=\"A quick overview from vapingnet.de: vapingnet.de R\u00fcckerstattungs-\/R\u00fcckgaberichtlinie\" \/>\n<meta name=\"robots\" content=\"index, follow, max-snippet:-1, max-image-preview:large, max-video-preview:-1\" \/>\n<link rel=\"canonical\" href=\"https:\/\/vapingnet.de\/fr\/vapingnet-de-rueckerstattungs-rueckgaberichtlinie\/\" \/>\n<meta property=\"og:locale\" content=\"fr_FR\" \/>\n<meta property=\"og:type\" content=\"article\" \/>\n<meta property=\"og:title\" content=\"vapingnet.de R\u00fcckerstattungs-\/R\u00fcckgaberichtlinie | Vapingnet.de\" \/>\n<meta property=\"og:description\" content=\"A quick overview from vapingnet.de: vapingnet.de R\u00fcckerstattungs-\/R\u00fcckgaberichtlinie\" \/>\n<meta property=\"og:url\" content=\"https:\/\/vapingnet.de\/fr\/vapingnet-de-rueckerstattungs-rueckgaberichtlinie\/\" \/>\n<meta property=\"og:site_name\" content=\"Vapingnet.de\" \/>\n<meta property=\"article:publisher\" content=\"https:\/\/www.facebook.com\/vapingnetde\/\" \/>\n<meta property=\"article:modified_time\" content=\"2025-06-11T07:34:22+00:00\" \/>\n<meta name=\"twitter:card\" content=\"summary_large_image\" \/>\n<meta name=\"twitter:label1\" content=\"Dur\u00e9e de lecture estim\u00e9e\" \/>\n\t<meta name=\"twitter:data1\" content=\"3 minutes\" \/>\n<script type=\"application\/ld+json\" class=\"yoast-schema-graph\">{\"@context\":\"https:\/\/schema.org\",\"@graph\":[{\"@type\":\"WebPage\",\"@id\":\"https:\/\/vapingnet.de\/vapingnet-de-rueckerstattungs-rueckgaberichtlinie\/\",\"url\":\"https:\/\/vapingnet.de\/vapingnet-de-rueckerstattungs-rueckgaberichtlinie\/\",\"name\":\"vapingnet.de R\u00fcckerstattungs-\/R\u00fcckgaberichtlinie | Vapingnet.de\",\"isPartOf\":{\"@id\":\"https:\/\/vapingnet.de\/#website\"},\"datePublished\":\"2025-03-18T07:14:58+00:00\",\"dateModified\":\"2025-06-11T07:34:22+00:00\",\"description\":\"A quick overview from vapingnet.de: vapingnet.de R\u00fcckerstattungs-\/R\u00fcckgaberichtlinie\",\"breadcrumb\":{\"@id\":\"https:\/\/vapingnet.de\/vapingnet-de-rueckerstattungs-rueckgaberichtlinie\/#breadcrumb\"},\"inLanguage\":\"fr-FR\",\"potentialAction\":[{\"@type\":\"ReadAction\",\"target\":[\"https:\/\/vapingnet.de\/vapingnet-de-rueckerstattungs-rueckgaberichtlinie\/\"]}]},{\"@type\":\"BreadcrumbList\",\"@id\":\"https:\/\/vapingnet.de\/vapingnet-de-rueckerstattungs-rueckgaberichtlinie\/#breadcrumb\",\"itemListElement\":[{\"@type\":\"ListItem\",\"position\":1,\"name\":\"Home\",\"item\":\"https:\/\/vapingnet.de\/\"},{\"@type\":\"ListItem\",\"position\":2,\"name\":\"vapingnet.de R\u00fcckerstattungs-\/R\u00fcckgaberichtlinie\"}]},{\"@type\":\"WebSite\",\"@id\":\"https:\/\/vapingnet.de\/#website\",\"url\":\"https:\/\/vapingnet.de\/\",\"name\":\"Vapingnet.de\",\"description\":\"\",\"publisher\":{\"@id\":\"https:\/\/vapingnet.de\/#organization\"},\"potentialAction\":[{\"@type\":\"SearchAction\",\"target\":{\"@type\":\"EntryPoint\",\"urlTemplate\":\"https:\/\/vapingnet.de\/?s={search_term_string}\"},\"query-input\":{\"@type\":\"PropertyValueSpecification\",\"valueRequired\":true,\"valueName\":\"search_term_string\"}}],\"inLanguage\":\"fr-FR\"},{\"@type\":\"Organization\",\"@id\":\"https:\/\/vapingnet.de\/#organization\",\"name\":\"Vapingnet.de\",\"url\":\"https:\/\/vapingnet.de\/\",\"logo\":{\"@type\":\"ImageObject\",\"inLanguage\":\"fr-FR\",\"@id\":\"https:\/\/vapingnet.de\/#\/schema\/logo\/image\/\",\"url\":\"https:\/\/vapingnet.de\/wp-content\/uploads\/2025\/03\/cropped-vapingnet.de_.jpg\",\"contentUrl\":\"https:\/\/vapingnet.de\/wp-content\/uploads\/2025\/03\/cropped-vapingnet.de_.jpg\",\"width\":512,\"height\":512,\"caption\":\"Vapingnet.de\"},\"image\":{\"@id\":\"https:\/\/vapingnet.de\/#\/schema\/logo\/image\/\"},\"sameAs\":[\"https:\/\/www.facebook.com\/vapingnetde\/\"]}]}<\/script>\n<!-- \/ Yoast SEO plugin. -->","yoast_head_json":{"title":"vapingnet.de R\u00fcckerstattungs-\/R\u00fcckgaberichtlinie | Vapingnet.de","description":"A quick overview from vapingnet.de: vapingnet.de R\u00fcckerstattungs-\/R\u00fcckgaberichtlinie","robots":{"index":"index","follow":"follow","max-snippet":"max-snippet:-1","max-image-preview":"max-image-preview:large","max-video-preview":"max-video-preview:-1"},"canonical":"https:\/\/vapingnet.de\/fr\/vapingnet-de-rueckerstattungs-rueckgaberichtlinie\/","og_locale":"fr_FR","og_type":"article","og_title":"vapingnet.de R\u00fcckerstattungs-\/R\u00fcckgaberichtlinie | Vapingnet.de","og_description":"A quick overview from vapingnet.de: vapingnet.de R\u00fcckerstattungs-\/R\u00fcckgaberichtlinie","og_url":"https:\/\/vapingnet.de\/fr\/vapingnet-de-rueckerstattungs-rueckgaberichtlinie\/","og_site_name":"Vapingnet.de","article_publisher":"https:\/\/www.facebook.com\/vapingnetde\/","article_modified_time":"2025-06-11T07:34:22+00:00","twitter_card":"summary_large_image","twitter_misc":{"Dur\u00e9e de lecture estim\u00e9e":"3 minutes"},"schema":{"@context":"https:\/\/schema.org","@graph":[{"@type":"WebPage","@id":"https:\/\/vapingnet.de\/vapingnet-de-rueckerstattungs-rueckgaberichtlinie\/","url":"https:\/\/vapingnet.de\/vapingnet-de-rueckerstattungs-rueckgaberichtlinie\/","name":"vapingnet.de R\u00fcckerstattungs-\/R\u00fcckgaberichtlinie | Vapingnet.de","isPartOf":{"@id":"https:\/\/vapingnet.de\/#website"},"datePublished":"2025-03-18T07:14:58+00:00","dateModified":"2025-06-11T07:34:22+00:00","description":"A quick overview from vapingnet.de: vapingnet.de R\u00fcckerstattungs-\/R\u00fcckgaberichtlinie","breadcrumb":{"@id":"https:\/\/vapingnet.de\/vapingnet-de-rueckerstattungs-rueckgaberichtlinie\/#breadcrumb"},"inLanguage":"fr-FR","potentialAction":[{"@type":"ReadAction","target":["https:\/\/vapingnet.de\/vapingnet-de-rueckerstattungs-rueckgaberichtlinie\/"]}]},{"@type":"BreadcrumbList","@id":"https:\/\/vapingnet.de\/vapingnet-de-rueckerstattungs-rueckgaberichtlinie\/#breadcrumb","itemListElement":[{"@type":"ListItem","position":1,"name":"Home","item":"https:\/\/vapingnet.de\/"},{"@type":"ListItem","position":2,"name":"vapingnet.de R\u00fcckerstattungs-\/R\u00fcckgaberichtlinie"}]},{"@type":"WebSite","@id":"https:\/\/vapingnet.de\/#website","url":"https:\/\/vapingnet.de\/","name":"Vapingnet.de","description":"","publisher":{"@id":"https:\/\/vapingnet.de\/#organization"},"potentialAction":[{"@type":"SearchAction","target":{"@type":"EntryPoint","urlTemplate":"https:\/\/vapingnet.de\/?s={search_term_string}"},"query-input":{"@type":"PropertyValueSpecification","valueRequired":true,"valueName":"search_term_string"}}],"inLanguage":"fr-FR"},{"@type":"Organization","@id":"https:\/\/vapingnet.de\/#organization","name":"Vapingnet.de","url":"https:\/\/vapingnet.de\/","logo":{"@type":"ImageObject","inLanguage":"fr-FR","@id":"https:\/\/vapingnet.de\/#\/schema\/logo\/image\/","url":"https:\/\/vapingnet.de\/wp-content\/uploads\/2025\/03\/cropped-vapingnet.de_.jpg","contentUrl":"https:\/\/vapingnet.de\/wp-content\/uploads\/2025\/03\/cropped-vapingnet.de_.jpg","width":512,"height":512,"caption":"Vapingnet.de"},"image":{"@id":"https:\/\/vapingnet.de\/#\/schema\/logo\/image\/"},"sameAs":["https:\/\/www.facebook.com\/vapingnetde\/"]}]}},"_links":{"self":[{"href":"https:\/\/vapingnet.de\/fr\/wp-json\/wp\/v2\/pages\/5615","targetHints":{"allow":["GET"]}}],"collection":[{"href":"https:\/\/vapingnet.de\/fr\/wp-json\/wp\/v2\/pages"}],"about":[{"href":"https:\/\/vapingnet.de\/fr\/wp-json\/wp\/v2\/types\/page"}],"author":[{"embeddable":true,"href":"https:\/\/vapingnet.de\/fr\/wp-json\/wp\/v2\/users\/2"}],"replies":[{"embeddable":true,"href":"https:\/\/vapingnet.de\/fr\/wp-json\/wp\/v2\/comments?post=5615"}],"version-history":[{"count":2,"href":"https:\/\/vapingnet.de\/fr\/wp-json\/wp\/v2\/pages\/5615\/revisions"}],"predecessor-version":[{"id":7104,"href":"https:\/\/vapingnet.de\/fr\/wp-json\/wp\/v2\/pages\/5615\/revisions\/7104"}],"wp:attachment":[{"href":"https:\/\/vapingnet.de\/fr\/wp-json\/wp\/v2\/media?parent=5615"}],"curies":[{"name":"wp","href":"https:\/\/api.w.org\/{rel}","templated":true}]}}