{"id":5627,"date":"2025-03-18T07:16:05","date_gmt":"2025-03-18T07:16:05","guid":{"rendered":"https:\/\/vapingnet.de\/?page_id=5627"},"modified":"2025-12-25T07:50:32","modified_gmt":"2025-12-25T07:50:32","slug":"datenschutzrichtlinie","status":"publish","type":"page","link":"https:\/\/vapingnet.de\/fr\/datenschutzrichtlinie\/","title":{"rendered":"Politique de confidentialit\u00e9"},"content":{"rendered":"<p>Cette politique de confidentialit\u00e9 d\u00e9crit comment vos donn\u00e9es personnelles sont collect\u00e9es, utilis\u00e9es et partag\u00e9es lorsque vous visitez vapingnet.de ou effectuez un achat.<\/p><h4 class=\"wp-block-heading\">Donn\u00e9es personnelles que nous collectons<\/h4><p>Lorsque vous visitez le site, nous recueillons automatiquement certaines informations sur votre appareil, y compris des informations sur votre navigateur web, votre adresse IP, votre fuseau horaire et certains cookies install\u00e9s sur votre appareil.<br><br>De plus, lors de votre navigation sur le site, nous recueillons des informations sur les pages ou produits que vous consultez, les sites ou mots-cl\u00e9s de recherche qui vous ont r\u00e9f\u00e9r\u00e9 au site, ainsi que des informations sur la fa\u00e7on dont vous interagissez avec le site. Nous d\u00e9signons ces informations automatiquement recueillies comme \u00ab informations sur l\u2019appareil \u00bb.<\/p><h4 class=\"wp-block-heading\">Nous collectons des informations sur l\u2019appareil \u00e0 l\u2019aide des technologies suivantes :<\/h4><p>\u2013 \u00ab Cookies \u00bb sont des fichiers de donn\u00e9es d\u00e9pos\u00e9s sur votre appareil ou ordinateur et contenant souvent un identifiant unique anonyme. Pour plus d\u2019informations sur les cookies et comment les d\u00e9sactiver, veuillez consulter http:\/\/www.allaboutcookies.org.<br><br>\u2013 Les \u00ab fichiers journaux \u00bb suivent les actions effectu\u00e9es sur le site et collectent des donn\u00e9es, y compris votre adresse IP, votre type de navigateur, votre fournisseur d\u2019acc\u00e8s Internet, vos pages de r\u00e9f\u00e9rence\/de sortie, ainsi que des horodatages.<br><br>\u2013 Les \u00ab balises web \u00bb, \u00ab tags \u00bb et \u00ab pixels \u00bb sont des fichiers \u00e9lectroniques destin\u00e9s \u00e0 enregistrer des informations sur la fa\u00e7on dont vous naviguez sur le site.<br><br>Lorsque vous effectuez un achat ou tentez d\u2019effectuer un achat via le site, nous recueillons \u00e9galement certaines informations vous concernant, y compris votre nom, votre adresse de facturation, votre adresse de livraison, vos informations de paiement (y compris les num\u00e9ros de carte de cr\u00e9dit), votre adresse e-mail et votre num\u00e9ro de t\u00e9l\u00e9phone. Nous d\u00e9signons ces informations comme \u00ab informations de commande \u00bb.<br><br>Lorsque nous parlons de \u00ab donn\u00e9es personnelles \u00bb dans cette politique de confidentialit\u00e9, nous faisons r\u00e9f\u00e9rence \u00e0 la fois aux informations sur l\u2019appareil et aux informations de commande.<\/p><h4 class=\"wp-block-heading\">Comment utilisons-nous vos donn\u00e9es personnelles ?<\/h4><p>Nous utilisons g\u00e9n\u00e9ralement les informations de commande que nous recueillons pour ex\u00e9cuter toutes les commandes pass\u00e9es via le site (y compris le traitement de vos informations de paiement, l\u2019organisation de l\u2019exp\u00e9dition et la fourniture de factures et\/ou de confirmations de commande). De plus, nous utilisons ces informations de commande pour :<br><br>\u2013 communiquer avec vous ;<br>\u2013 v\u00e9rifier nos commandes pour d\u00e9tecter d\u2019\u00e9ventuels risques ou fraudes ; et<br>\u2013 si cela correspond \u00e0 vos pr\u00e9f\u00e9rences communiqu\u00e9es, vous fournir des informations ou des publicit\u00e9s sur nos produits ou services.<br><br>Nous utilisons les informations sur l\u2019appareil que nous recueillons pour nous aider \u00e0 d\u00e9tecter d\u2019\u00e9ventuels risques et fraudes (notamment votre adresse IP) et, de mani\u00e8re plus g\u00e9n\u00e9rale, pour am\u00e9liorer et optimiser notre site (par exemple, en cr\u00e9ant des analyses sur la fa\u00e7on dont nos clients naviguent et interagissent avec le site) et pour \u00e9valuer le succ\u00e8s de nos campagnes marketing et publicitaires.<\/p><h4 class=\"wp-block-heading\">Partage de vos donn\u00e9es personnelles<\/h4><p>Nous partageons vos donn\u00e9es personnelles avec des tiers pour nous aider \u00e0 utiliser vos donn\u00e9es personnelles comme d\u00e9crit ci-dessus.<br><br>Nous utilisons \u00e9galement Google Analytics pour comprendre comment nos clients utilisent le site.<\/p><p><br>Enfin, nous pouvons \u00e9galement transmettre vos donn\u00e9es personnelles pour respecter les lois et r\u00e9glementations en vigueur, r\u00e9pondre \u00e0 une convocation, un mandat de perquisition ou toute autre demande l\u00e9gitime d'information que nous recevons, ou pour prot\u00e9ger nos droits d'une autre mani\u00e8re.<\/p><h2 class=\"wp-block-heading\">Comment prot\u00e9geons-nous vos donn\u00e9es ?<\/h2><p>Vos donn\u00e9es personnelles sont stock\u00e9es derri\u00e8re des r\u00e9seaux s\u00e9curis\u00e9s et ne sont accessibles qu'\u00e0 un nombre limit\u00e9 de personnes disposant de droits d'acc\u00e8s sp\u00e9ciaux \u00e0 ces syst\u00e8mes et tenues \u00e0 la confidentialit\u00e9 des informations. De plus, toutes les informations sensibles\/de cr\u00e9dit que vous fournissez sont crypt\u00e9es via la technologie Secure Socket Layer (SSL).<\/p><p>Nous mettons en \u0153uvre une s\u00e9rie de mesures de s\u00e9curit\u00e9 lorsque vous : passez une commande, saisissez vos donn\u00e9es, les transmettez ou y acc\u00e9dez, afin d'assurer la s\u00e9curit\u00e9 de vos donn\u00e9es personnelles.<\/p><p>Toutes les transactions sont trait\u00e9es via un fournisseur de passerelle et ne sont pas stock\u00e9es ou trait\u00e9es sur nos serveurs.<br><br><strong>Publicit\u00e9 comportementale<br><\/strong><br>Comme mentionn\u00e9 ci-dessus, nous utilisons vos donn\u00e9es personnelles pour vous envoyer des publicit\u00e9s cibl\u00e9es ou des messages marketing que nous pensons susceptibles de vous int\u00e9resser.<br><br><br><strong>Ne pas suivre<br><\/strong><br>Veuillez noter que nous ne modifions pas nos pratiques de collecte et d'utilisation des donn\u00e9es lorsque nous voyons un signal \u00ab Ne pas suivre \u00bb dans votre navigateur.<br><br><strong>Vos droits<br><\/strong><br>Si vous r\u00e9sidez en Europe, vous avez le droit d'acc\u00e9der aux donn\u00e9es personnelles que nous avons vous concernant et de demander que vos donn\u00e9es personnelles soient corrig\u00e9es, mises \u00e0 jour ou supprim\u00e9es. Si vous souhaitez exercer ce droit, veuillez nous contacter via les coordonn\u00e9es ci-dessous.<br><br>Si vous r\u00e9sidez en Europe, nous vous informons \u00e9galement que nous traitons vos donn\u00e9es pour ex\u00e9cuter des contrats que nous pourrions avoir avec vous (par exemple, si vous passez une commande via le site) ou pour poursuivre nos int\u00e9r\u00eats l\u00e9gitimes mentionn\u00e9s ci-dessus. Veuillez \u00e9galement noter que vos donn\u00e9es peuvent \u00eatre transf\u00e9r\u00e9es en dehors de l'Europe, y compris au Canada et aux \u00c9tats-Unis.<br><br><strong>Conservation des donn\u00e9es<br><\/strong><br>Lorsque vous passez une commande via le site, nous conservons vos informations de commande pour nos dossiers, sauf si vous nous demandez de supprimer ces informations.<br><br><strong>Modifications<br><\/strong><br>Nous pouvons mettre \u00e0 jour cette politique de confidentialit\u00e9 de temps \u00e0 autre pour refl\u00e9ter, par exemple, des changements dans nos pratiques ou pour d'autres raisons op\u00e9rationnelles, juridiques ou r\u00e9glementaires.<br><br><strong>Mineurs<br><\/strong><br>Le site n'est pas destin\u00e9 aux personnes de moins de 18 ans.<\/p>","protected":false},"excerpt":{"rendered":"<p>Diese Datenschutzrichtlinie beschreibt, wie Ihre pers\u00f6nlichen Daten erfasst, verwendet und weitergegeben werden, wenn Sie vapingnet.de besuchen oder einen Kauf t\u00e4tigen. Pers\u00f6nliche Daten, die wir sammeln&#8230;<\/p>","protected":false},"author":2,"featured_media":0,"parent":0,"menu_order":0,"comment_status":"closed","ping_status":"closed","template":"","meta":{"footnotes":""},"class_list":["post-5627","page","type-page","status-publish","hentry"],"yoast_head":"<!-- This site is optimized with the Yoast SEO plugin v26.5 - https:\/\/yoast.com\/wordpress\/plugins\/seo\/ -->\n<title>Datenschutzrichtlinie | Vapingnet.de<\/title>\n<meta name=\"description\" content=\"A quick overview from vapingnet.de: Datenschutzrichtlinie\" \/>\n<meta name=\"robots\" content=\"index, follow, max-snippet:-1, max-image-preview:large, max-video-preview:-1\" \/>\n<link rel=\"canonical\" href=\"https:\/\/vapingnet.de\/fr\/datenschutzrichtlinie\/\" \/>\n<meta property=\"og:locale\" content=\"fr_FR\" \/>\n<meta property=\"og:type\" content=\"article\" \/>\n<meta property=\"og:title\" content=\"Datenschutzrichtlinie | Vapingnet.de\" \/>\n<meta property=\"og:description\" content=\"A quick overview from vapingnet.de: Datenschutzrichtlinie\" \/>\n<meta property=\"og:url\" content=\"https:\/\/vapingnet.de\/fr\/datenschutzrichtlinie\/\" \/>\n<meta property=\"og:site_name\" content=\"Vapingnet.de\" \/>\n<meta property=\"article:publisher\" content=\"https:\/\/www.facebook.com\/vapingnetde\/\" \/>\n<meta property=\"article:modified_time\" content=\"2025-12-25T07:50:32+00:00\" \/>\n<meta name=\"twitter:card\" content=\"summary_large_image\" \/>\n<meta name=\"twitter:label1\" content=\"Dur\u00e9e de lecture estim\u00e9e\" \/>\n\t<meta name=\"twitter:data1\" content=\"5 minutes\" \/>\n<script type=\"application\/ld+json\" class=\"yoast-schema-graph\">{\"@context\":\"https:\/\/schema.org\",\"@graph\":[{\"@type\":\"WebPage\",\"@id\":\"https:\/\/vapingnet.de\/datenschutzrichtlinie\/\",\"url\":\"https:\/\/vapingnet.de\/datenschutzrichtlinie\/\",\"name\":\"Datenschutzrichtlinie | Vapingnet.de\",\"isPartOf\":{\"@id\":\"https:\/\/vapingnet.de\/#website\"},\"datePublished\":\"2025-03-18T07:16:05+00:00\",\"dateModified\":\"2025-12-25T07:50:32+00:00\",\"description\":\"A quick overview from vapingnet.de: Datenschutzrichtlinie\",\"breadcrumb\":{\"@id\":\"https:\/\/vapingnet.de\/datenschutzrichtlinie\/#breadcrumb\"},\"inLanguage\":\"fr-FR\",\"potentialAction\":[{\"@type\":\"ReadAction\",\"target\":[\"https:\/\/vapingnet.de\/datenschutzrichtlinie\/\"]}]},{\"@type\":\"BreadcrumbList\",\"@id\":\"https:\/\/vapingnet.de\/datenschutzrichtlinie\/#breadcrumb\",\"itemListElement\":[{\"@type\":\"ListItem\",\"position\":1,\"name\":\"Home\",\"item\":\"https:\/\/vapingnet.de\/\"},{\"@type\":\"ListItem\",\"position\":2,\"name\":\"Datenschutzrichtlinie\"}]},{\"@type\":\"WebSite\",\"@id\":\"https:\/\/vapingnet.de\/#website\",\"url\":\"https:\/\/vapingnet.de\/\",\"name\":\"Vapingnet.de\",\"description\":\"\",\"publisher\":{\"@id\":\"https:\/\/vapingnet.de\/#organization\"},\"potentialAction\":[{\"@type\":\"SearchAction\",\"target\":{\"@type\":\"EntryPoint\",\"urlTemplate\":\"https:\/\/vapingnet.de\/?s={search_term_string}\"},\"query-input\":{\"@type\":\"PropertyValueSpecification\",\"valueRequired\":true,\"valueName\":\"search_term_string\"}}],\"inLanguage\":\"fr-FR\"},{\"@type\":\"Organization\",\"@id\":\"https:\/\/vapingnet.de\/#organization\",\"name\":\"Vapingnet.de\",\"url\":\"https:\/\/vapingnet.de\/\",\"logo\":{\"@type\":\"ImageObject\",\"inLanguage\":\"fr-FR\",\"@id\":\"https:\/\/vapingnet.de\/#\/schema\/logo\/image\/\",\"url\":\"https:\/\/vapingnet.de\/wp-content\/uploads\/2025\/03\/cropped-vapingnet.de_.jpg\",\"contentUrl\":\"https:\/\/vapingnet.de\/wp-content\/uploads\/2025\/03\/cropped-vapingnet.de_.jpg\",\"width\":512,\"height\":512,\"caption\":\"Vapingnet.de\"},\"image\":{\"@id\":\"https:\/\/vapingnet.de\/#\/schema\/logo\/image\/\"},\"sameAs\":[\"https:\/\/www.facebook.com\/vapingnetde\/\"]}]}<\/script>\n<!-- \/ Yoast SEO plugin. -->","yoast_head_json":{"title":"Datenschutzrichtlinie | Vapingnet.de","description":"A quick overview from vapingnet.de: Datenschutzrichtlinie","robots":{"index":"index","follow":"follow","max-snippet":"max-snippet:-1","max-image-preview":"max-image-preview:large","max-video-preview":"max-video-preview:-1"},"canonical":"https:\/\/vapingnet.de\/fr\/datenschutzrichtlinie\/","og_locale":"fr_FR","og_type":"article","og_title":"Datenschutzrichtlinie | Vapingnet.de","og_description":"A quick overview from vapingnet.de: Datenschutzrichtlinie","og_url":"https:\/\/vapingnet.de\/fr\/datenschutzrichtlinie\/","og_site_name":"Vapingnet.de","article_publisher":"https:\/\/www.facebook.com\/vapingnetde\/","article_modified_time":"2025-12-25T07:50:32+00:00","twitter_card":"summary_large_image","twitter_misc":{"Dur\u00e9e de lecture estim\u00e9e":"5 minutes"},"schema":{"@context":"https:\/\/schema.org","@graph":[{"@type":"WebPage","@id":"https:\/\/vapingnet.de\/datenschutzrichtlinie\/","url":"https:\/\/vapingnet.de\/datenschutzrichtlinie\/","name":"Datenschutzrichtlinie | Vapingnet.de","isPartOf":{"@id":"https:\/\/vapingnet.de\/#website"},"datePublished":"2025-03-18T07:16:05+00:00","dateModified":"2025-12-25T07:50:32+00:00","description":"A quick overview from vapingnet.de: Datenschutzrichtlinie","breadcrumb":{"@id":"https:\/\/vapingnet.de\/datenschutzrichtlinie\/#breadcrumb"},"inLanguage":"fr-FR","potentialAction":[{"@type":"ReadAction","target":["https:\/\/vapingnet.de\/datenschutzrichtlinie\/"]}]},{"@type":"BreadcrumbList","@id":"https:\/\/vapingnet.de\/datenschutzrichtlinie\/#breadcrumb","itemListElement":[{"@type":"ListItem","position":1,"name":"Home","item":"https:\/\/vapingnet.de\/"},{"@type":"ListItem","position":2,"name":"Datenschutzrichtlinie"}]},{"@type":"WebSite","@id":"https:\/\/vapingnet.de\/#website","url":"https:\/\/vapingnet.de\/","name":"Vapingnet.de","description":"","publisher":{"@id":"https:\/\/vapingnet.de\/#organization"},"potentialAction":[{"@type":"SearchAction","target":{"@type":"EntryPoint","urlTemplate":"https:\/\/vapingnet.de\/?s={search_term_string}"},"query-input":{"@type":"PropertyValueSpecification","valueRequired":true,"valueName":"search_term_string"}}],"inLanguage":"fr-FR"},{"@type":"Organization","@id":"https:\/\/vapingnet.de\/#organization","name":"Vapingnet.de","url":"https:\/\/vapingnet.de\/","logo":{"@type":"ImageObject","inLanguage":"fr-FR","@id":"https:\/\/vapingnet.de\/#\/schema\/logo\/image\/","url":"https:\/\/vapingnet.de\/wp-content\/uploads\/2025\/03\/cropped-vapingnet.de_.jpg","contentUrl":"https:\/\/vapingnet.de\/wp-content\/uploads\/2025\/03\/cropped-vapingnet.de_.jpg","width":512,"height":512,"caption":"Vapingnet.de"},"image":{"@id":"https:\/\/vapingnet.de\/#\/schema\/logo\/image\/"},"sameAs":["https:\/\/www.facebook.com\/vapingnetde\/"]}]}},"_links":{"self":[{"href":"https:\/\/vapingnet.de\/fr\/wp-json\/wp\/v2\/pages\/5627","targetHints":{"allow":["GET"]}}],"collection":[{"href":"https:\/\/vapingnet.de\/fr\/wp-json\/wp\/v2\/pages"}],"about":[{"href":"https:\/\/vapingnet.de\/fr\/wp-json\/wp\/v2\/types\/page"}],"author":[{"embeddable":true,"href":"https:\/\/vapingnet.de\/fr\/wp-json\/wp\/v2\/users\/2"}],"replies":[{"embeddable":true,"href":"https:\/\/vapingnet.de\/fr\/wp-json\/wp\/v2\/comments?post=5627"}],"version-history":[{"count":3,"href":"https:\/\/vapingnet.de\/fr\/wp-json\/wp\/v2\/pages\/5627\/revisions"}],"predecessor-version":[{"id":7417,"href":"https:\/\/vapingnet.de\/fr\/wp-json\/wp\/v2\/pages\/5627\/revisions\/7417"}],"wp:attachment":[{"href":"https:\/\/vapingnet.de\/fr\/wp-json\/wp\/v2\/media?parent=5627"}],"curies":[{"name":"wp","href":"https:\/\/api.w.org\/{rel}","templated":true}]}}