{"id":5632,"date":"2025-03-18T07:22:10","date_gmt":"2025-03-18T07:22:10","guid":{"rendered":"https:\/\/vapingnet.de\/?page_id=5632"},"modified":"2025-12-25T08:09:34","modified_gmt":"2025-12-25T08:09:34","slug":"versandart","status":"publish","type":"page","link":"https:\/\/vapingnet.de\/fr\/versandart\/","title":{"rendered":"Mode d'exp\u00e9dition"},"content":{"rendered":"<h2 class=\"wp-block-heading\">Conditions d'exp\u00e9dition chez vapingnet.de<\/h2><p>Pour tous les modes d'exp\u00e9dition, vapingnet.de ne facture que les frais d'exp\u00e9dition, hors taxes et droits de douane \u00e9ventuels. Veuillez noter que toutes les taxes et droits de douane applicables dans le pays de destination sont \u00e0 la charge du client.<\/p><p>Si vous disposez d'un mode d'exp\u00e9dition ou d'un transporteur priv\u00e9 en Chine, veuillez nous contacter et fournir les informations correspondantes. Nous enverrons alors la commande \u00e0 votre entrep\u00f4t ou \u00e0 votre transporteur.<\/p><h3 class=\"wp-block-heading\">Transport europ\u00e9en vers l'entrep\u00f4t<\/h3><ul class=\"wp-block-list\"><li><strong>Mode d'exp\u00e9dition<\/strong>: DHL, UPS<\/li>\n\n<li><strong>D\u00e9lai de livraison en France<\/strong>: 2-3 jours ouvrables<\/li>\n\n<li><strong>D\u00e9lai de livraison dans les pays de l'UE<\/strong>: 3-4 jours ouvrables<\/li><\/ul><h3 class=\"wp-block-heading\">Transport hors de l'Europe vers l'entrep\u00f4t<\/h3><ul class=\"wp-block-list\"><li><strong>Mode d'exp\u00e9dition<\/strong>: DHL, UPS<\/li>\n\n<li><strong>Pays de destination<\/strong>: Pays de l'Union europ\u00e9enne<\/li>\n\n<li><strong>D\u00e9lai de livraison estim\u00e9<\/strong>: 12-20 jours ouvrables<\/li><\/ul><p><strong>Remarque :<\/strong>\u00a0Livraison gratuite dans les pays de l'UE pour les commandes de plus de 3 000 \u20ac.<\/p><h3 class=\"wp-block-heading\">Comment v\u00e9rifier les frais d'exp\u00e9dition vers la destination ?<\/h3><p>Les frais d'exp\u00e9dition varient en fonction du poids du produit, du lieu de destination, du mode d'exp\u00e9dition et d'autres facteurs. Vous trouverez des informations tarifaires d\u00e9taill\u00e9es sur la page de paiement. Veuillez d'abord saisir votre adresse de livraison pour voir les co\u00fbts exacts.<\/p><h3 class=\"wp-block-heading\">Gestion des droits de douane et des taxes d'importation<\/h3><p>Nous vous recommandons de vous renseigner aupr\u00e8s des autorit\u00e9s douani\u00e8res locales sur d'\u00e9ventuels droits d'importation, taxes et pr\u00e9l\u00e8vements avant de passer votre commande. Pour l'importation de certains produits, des autorisations ou licences particuli\u00e8res peuvent \u00eatre n\u00e9cessaires.<\/p><p><strong>vapingnet.de<\/strong>&nbsp;n'assume aucune responsabilit\u00e9 pour les produits rejet\u00e9s, saisis ou d\u00e9truits par la douane dans votre pays. \u00c9tant donn\u00e9 que l'exp\u00e9dition provient de Hong Kong (zone franche), le gouvernement de Hong Kong ne per\u00e7oit pas de TVA ni de droits de douane. Les taxes dans le pays de destination sont \u00e0 la charge du client.<\/p>","protected":false},"excerpt":{"rendered":"<p>Versandbedingungen bei vapingnet.de F\u00fcr alle Versandarten berechnet vapingnet.de lediglich die Versandkosten, exklusive etwaiger Steuern und Z\u00f6lle. Bitte beachten Sie, dass alle im Zielland anfallenden Steuern&#8230;<\/p>","protected":false},"author":2,"featured_media":0,"parent":0,"menu_order":0,"comment_status":"closed","ping_status":"closed","template":"","meta":{"footnotes":""},"class_list":["post-5632","page","type-page","status-publish","hentry"],"yoast_head":"<!-- This site is optimized with the Yoast SEO plugin v26.5 - https:\/\/yoast.com\/wordpress\/plugins\/seo\/ -->\n<title>Versandart | Vapingnet.de<\/title>\n<meta name=\"description\" content=\"A quick overview from vapingnet.de: Versandart\" \/>\n<meta name=\"robots\" content=\"index, follow, max-snippet:-1, max-image-preview:large, max-video-preview:-1\" \/>\n<link rel=\"canonical\" href=\"https:\/\/vapingnet.de\/fr\/versandart\/\" \/>\n<meta property=\"og:locale\" content=\"fr_FR\" \/>\n<meta property=\"og:type\" content=\"article\" \/>\n<meta property=\"og:title\" content=\"Versandart | Vapingnet.de\" \/>\n<meta property=\"og:description\" content=\"A quick overview from vapingnet.de: Versandart\" \/>\n<meta property=\"og:url\" content=\"https:\/\/vapingnet.de\/fr\/versandart\/\" \/>\n<meta property=\"og:site_name\" content=\"Vapingnet.de\" \/>\n<meta property=\"article:publisher\" content=\"https:\/\/www.facebook.com\/vapingnetde\/\" \/>\n<meta property=\"article:modified_time\" content=\"2025-12-25T08:09:34+00:00\" \/>\n<meta name=\"twitter:card\" content=\"summary_large_image\" \/>\n<meta name=\"twitter:label1\" content=\"Dur\u00e9e de lecture estim\u00e9e\" \/>\n\t<meta name=\"twitter:data1\" content=\"2 minutes\" \/>\n<script type=\"application\/ld+json\" class=\"yoast-schema-graph\">{\"@context\":\"https:\/\/schema.org\",\"@graph\":[{\"@type\":\"WebPage\",\"@id\":\"https:\/\/vapingnet.de\/versandart\/\",\"url\":\"https:\/\/vapingnet.de\/versandart\/\",\"name\":\"Versandart | Vapingnet.de\",\"isPartOf\":{\"@id\":\"https:\/\/vapingnet.de\/#website\"},\"datePublished\":\"2025-03-18T07:22:10+00:00\",\"dateModified\":\"2025-12-25T08:09:34+00:00\",\"description\":\"A quick overview from vapingnet.de: Versandart\",\"breadcrumb\":{\"@id\":\"https:\/\/vapingnet.de\/versandart\/#breadcrumb\"},\"inLanguage\":\"fr-FR\",\"potentialAction\":[{\"@type\":\"ReadAction\",\"target\":[\"https:\/\/vapingnet.de\/versandart\/\"]}]},{\"@type\":\"BreadcrumbList\",\"@id\":\"https:\/\/vapingnet.de\/versandart\/#breadcrumb\",\"itemListElement\":[{\"@type\":\"ListItem\",\"position\":1,\"name\":\"Home\",\"item\":\"https:\/\/vapingnet.de\/\"},{\"@type\":\"ListItem\",\"position\":2,\"name\":\"Versandart\"}]},{\"@type\":\"WebSite\",\"@id\":\"https:\/\/vapingnet.de\/#website\",\"url\":\"https:\/\/vapingnet.de\/\",\"name\":\"Vapingnet.de\",\"description\":\"\",\"publisher\":{\"@id\":\"https:\/\/vapingnet.de\/#organization\"},\"potentialAction\":[{\"@type\":\"SearchAction\",\"target\":{\"@type\":\"EntryPoint\",\"urlTemplate\":\"https:\/\/vapingnet.de\/?s={search_term_string}\"},\"query-input\":{\"@type\":\"PropertyValueSpecification\",\"valueRequired\":true,\"valueName\":\"search_term_string\"}}],\"inLanguage\":\"fr-FR\"},{\"@type\":\"Organization\",\"@id\":\"https:\/\/vapingnet.de\/#organization\",\"name\":\"Vapingnet.de\",\"url\":\"https:\/\/vapingnet.de\/\",\"logo\":{\"@type\":\"ImageObject\",\"inLanguage\":\"fr-FR\",\"@id\":\"https:\/\/vapingnet.de\/#\/schema\/logo\/image\/\",\"url\":\"https:\/\/vapingnet.de\/wp-content\/uploads\/2025\/03\/cropped-vapingnet.de_.jpg\",\"contentUrl\":\"https:\/\/vapingnet.de\/wp-content\/uploads\/2025\/03\/cropped-vapingnet.de_.jpg\",\"width\":512,\"height\":512,\"caption\":\"Vapingnet.de\"},\"image\":{\"@id\":\"https:\/\/vapingnet.de\/#\/schema\/logo\/image\/\"},\"sameAs\":[\"https:\/\/www.facebook.com\/vapingnetde\/\"]}]}<\/script>\n<!-- \/ Yoast SEO plugin. -->","yoast_head_json":{"title":"Versandart | Vapingnet.de","description":"A quick overview from vapingnet.de: Versandart","robots":{"index":"index","follow":"follow","max-snippet":"max-snippet:-1","max-image-preview":"max-image-preview:large","max-video-preview":"max-video-preview:-1"},"canonical":"https:\/\/vapingnet.de\/fr\/versandart\/","og_locale":"fr_FR","og_type":"article","og_title":"Versandart | Vapingnet.de","og_description":"A quick overview from vapingnet.de: Versandart","og_url":"https:\/\/vapingnet.de\/fr\/versandart\/","og_site_name":"Vapingnet.de","article_publisher":"https:\/\/www.facebook.com\/vapingnetde\/","article_modified_time":"2025-12-25T08:09:34+00:00","twitter_card":"summary_large_image","twitter_misc":{"Dur\u00e9e de lecture estim\u00e9e":"2 minutes"},"schema":{"@context":"https:\/\/schema.org","@graph":[{"@type":"WebPage","@id":"https:\/\/vapingnet.de\/versandart\/","url":"https:\/\/vapingnet.de\/versandart\/","name":"Versandart | Vapingnet.de","isPartOf":{"@id":"https:\/\/vapingnet.de\/#website"},"datePublished":"2025-03-18T07:22:10+00:00","dateModified":"2025-12-25T08:09:34+00:00","description":"A quick overview from vapingnet.de: Versandart","breadcrumb":{"@id":"https:\/\/vapingnet.de\/versandart\/#breadcrumb"},"inLanguage":"fr-FR","potentialAction":[{"@type":"ReadAction","target":["https:\/\/vapingnet.de\/versandart\/"]}]},{"@type":"BreadcrumbList","@id":"https:\/\/vapingnet.de\/versandart\/#breadcrumb","itemListElement":[{"@type":"ListItem","position":1,"name":"Home","item":"https:\/\/vapingnet.de\/"},{"@type":"ListItem","position":2,"name":"Versandart"}]},{"@type":"WebSite","@id":"https:\/\/vapingnet.de\/#website","url":"https:\/\/vapingnet.de\/","name":"Vapingnet.de","description":"","publisher":{"@id":"https:\/\/vapingnet.de\/#organization"},"potentialAction":[{"@type":"SearchAction","target":{"@type":"EntryPoint","urlTemplate":"https:\/\/vapingnet.de\/?s={search_term_string}"},"query-input":{"@type":"PropertyValueSpecification","valueRequired":true,"valueName":"search_term_string"}}],"inLanguage":"fr-FR"},{"@type":"Organization","@id":"https:\/\/vapingnet.de\/#organization","name":"Vapingnet.de","url":"https:\/\/vapingnet.de\/","logo":{"@type":"ImageObject","inLanguage":"fr-FR","@id":"https:\/\/vapingnet.de\/#\/schema\/logo\/image\/","url":"https:\/\/vapingnet.de\/wp-content\/uploads\/2025\/03\/cropped-vapingnet.de_.jpg","contentUrl":"https:\/\/vapingnet.de\/wp-content\/uploads\/2025\/03\/cropped-vapingnet.de_.jpg","width":512,"height":512,"caption":"Vapingnet.de"},"image":{"@id":"https:\/\/vapingnet.de\/#\/schema\/logo\/image\/"},"sameAs":["https:\/\/www.facebook.com\/vapingnetde\/"]}]}},"_links":{"self":[{"href":"https:\/\/vapingnet.de\/fr\/wp-json\/wp\/v2\/pages\/5632","targetHints":{"allow":["GET"]}}],"collection":[{"href":"https:\/\/vapingnet.de\/fr\/wp-json\/wp\/v2\/pages"}],"about":[{"href":"https:\/\/vapingnet.de\/fr\/wp-json\/wp\/v2\/types\/page"}],"author":[{"embeddable":true,"href":"https:\/\/vapingnet.de\/fr\/wp-json\/wp\/v2\/users\/2"}],"replies":[{"embeddable":true,"href":"https:\/\/vapingnet.de\/fr\/wp-json\/wp\/v2\/comments?post=5632"}],"version-history":[{"count":2,"href":"https:\/\/vapingnet.de\/fr\/wp-json\/wp\/v2\/pages\/5632\/revisions"}],"predecessor-version":[{"id":7418,"href":"https:\/\/vapingnet.de\/fr\/wp-json\/wp\/v2\/pages\/5632\/revisions\/7418"}],"wp:attachment":[{"href":"https:\/\/vapingnet.de\/fr\/wp-json\/wp\/v2\/media?parent=5632"}],"curies":[{"name":"wp","href":"https:\/\/api.w.org\/{rel}","templated":true}]}}