{"id":4959,"date":"2025-03-11T03:02:20","date_gmt":"2025-03-11T03:02:20","guid":{"rendered":"https:\/\/vapingnet.de\/?post_type=product&#038;p=4959"},"modified":"2025-12-18T07:47:46","modified_gmt":"2025-12-18T07:47:46","slug":"randm-tornado-7000-peach-ice-dein-sommer-vape-hit","status":"publish","type":"product","link":"https:\/\/vapingnet.de\/fr\/vape\/randm-tornado-7000-peach-ice-dein-sommer-vape-hit\/","title":{"rendered":"RandM Tornado 7000 Peach Ice, votre hit vape d'\u00e9t\u00e9"},"content":{"rendered":"<h2 data-start=\"0\" data-end=\"66\">RandM Tornado 7000 \u2013 Exp\u00e9rience de vapotage maximale avec style !<\/h2>\n<p data-start=\"68\" data-end=\"391\">Vous cherchez une cigarette \u00e9lectronique puissante, durable et styl\u00e9e <a href=\"https:\/\/vapingnet.de\/fr\/\" target=\"_blank\" rel=\"noopener\"><strong>Cigarette \u00c9lectronique<\/strong><\/a>? Alors la RandM Tornado 7000 est exactement ce qu'il vous faut ! Avec 7000 bouff\u00e9es, un \u00e9clairage RGB \u00e9poustouflant et une r\u00e9sistance en mesh pour une exp\u00e9rience de vapotage incroyablement douce, elle combine technologie de pointe et design tendance.<\/p>\n<h4 data-start=\"400\" data-end=\"443\">\ud83d\udd25 Puissante &amp; longue dur\u00e9e<\/h4>\n<p data-start=\"444\" data-end=\"728\">La batterie de 850mAh avec charge rapide Type-C garantit une utilisation prolong\u00e9e. Plus besoin de s'inqui\u00e9ter des cigarettes jetables vides \u2013 il suffit de recharger et de continuer \u00e0 profiter ! Avec <a href=\"https:\/\/vapingnet.de\/fr\/k\/vape-7000-zuege\/\" target=\"_blank\" rel=\"noopener\"><strong>7000 bouff\u00e9es<\/strong><\/a> offre \u00e0 la RandM Tornado 7000 une dur\u00e9e de vie nettement sup\u00e9rieure \u00e0 celle des mod\u00e8les classiques.<\/p>\n<h4 data-start=\"730\" data-end=\"791\">\ud83c\udf51 P\u00eache Glac\u00e9e \u2013 Explosion de saveurs fruit\u00e9e et fra\u00eeche<\/h4>\n<p data-start=\"792\" data-end=\"1124\">Gr\u00e2ce au r\u00e9servoir de 14ml, vous profitez d\u2019un plaisir durable \u00e0 chaque bouff\u00e9e. Le m\u00e9lange parfait de p\u00eache sucr\u00e9e et juteuse avec une fra\u00eecheur revigorante offre une exp\u00e9rience gustative intense. Avec 2 % de nicotine, le vapotage est agr\u00e9ablement doux, sans sacrifier la sensation de picotement dans la gorge.<\/p>\n<h4 data-start=\"1126\" data-end=\"1173\">\ud83c\udf08 \u00c9clairage RGB \u2013 Vapotage avec style<\/h4>\n<p data-start=\"1174\" data-end=\"1384\">Le design unique \u00e0 LED RGB \u00e0 6 couleurs fait de votre cigarette \u00e9lectronique un v\u00e9ritable point d\u2019attraction ! Les couleurs changent en fonction de votre inhalation et cr\u00e9ent une ambiance cool \u2013 parfait pour des soir\u00e9es d\u00e9tendues ou des f\u00eates.<\/p>\n<h4 data-start=\"1386\" data-end=\"1458\">\u26a1 Technologie de r\u00e9sistance en mesh \u2013 Saveur plus intense &amp; vapeur plus douce<\/h4>\n<p data-start=\"1459\" data-end=\"1686\">La r\u00e9sistance en mesh de 1,2\u03a9 assure une vaporisation uniforme du liquide et offre une exp\u00e9rience de vapotage riche en saveurs, intense et agr\u00e9ablement douce. Pas de tirages secs, pas de surchauffe \u2013 que du plaisir pur !<\/p>\n<h3>\ud83c\udfaf Pourquoi choisir RandM Tornado 7000 ?<\/h3>\n<p data-start=\"1734\" data-end=\"2078\">\u2705 7000 bouff\u00e9es \u2013 Plaisir de vapotage durable<br data-start=\"1784\" data-end=\"1787\" \/>\u2705 Batterie de 850mAh avec charge Type-C \u2013 Rechargeable et respectueuse de l\u2019environnement<br data-start=\"1861\" data-end=\"1864\" \/>\u2705 \u00c9clairage RGB \u2013 Six couleurs pour une exp\u00e9rience de vapotage styl\u00e9e<br data-start=\"1933\" data-end=\"1936\" \/>\u2705 Technologie de r\u00e9sistance en mesh \u2013 Saveur douce et intense sans compromis<br data-start=\"2012\" data-end=\"2015\" \/>\u2705 Capacit\u00e9 de liquide de 14ml \u2013 Plus de contenu pour un plaisir prolong\u00e9<\/p>\n<p data-start=\"2080\" data-end=\"2306\">\ud83d\ude80 RandM Tornado 7000 \u2013 La combinaison parfaite de technologie, style et saveur !<br data-start=\"2170\" data-end=\"2173\" \/>Que ce soit pour le quotidien ou des occasions sp\u00e9ciales \u2013 vivez le vaping \u00e0 un niveau sup\u00e9rieur et profitez de chaque bouff\u00e9e avec un plaisir maximal. \ud83d\udca8\ud83d\udd25<\/p>\n<p data-start=\"2308\" data-end=\"2372\" data-is-last-node=\"\" data-is-only-node=\"\">Essayez maintenant et vivez l'exp\u00e9rience de vapotage ultime !<\/p>","protected":false},"excerpt":{"rendered":"<p>Cigarettes \u00e9lectroniques de haute qualit\u00e9\ud83d\udd25, exp\u00e9di\u00e9es directement depuis le stock de Br\u00eame, livraison en 2-4 jours!<\/p>","protected":false},"featured_media":4960,"template":"","meta":[],"etheme_brands":[],"product_brand":[96],"product_cat":[89,59,49,61],"product_tag":[],"class_list":{"0":"post-4959","1":"product","2":"type-product","3":"status-publish","4":"has-post-thumbnail","6":"product_brand-randm-vape","7":"product_cat-vape-7000-zuege","8":"product_cat-de","9":"product_cat-einweg-e-zigarette","10":"product_cat-f","12":"first","13":"instock","14":"shipping-taxable","15":"purchasable","16":"product-type-variable"},"yoast_head":"<!-- This site is optimized with the Yoast SEO plugin v26.5 - https:\/\/yoast.com\/wordpress\/plugins\/seo\/ -->\n<title>RandM Tornado 7000 Peach Ice Dein Sommer Vape Hit | Vapingnet.de<\/title>\n<meta name=\"description\" content=\"Entdecke RandM Tornado 7000 Peach Ice Dein Sommer Vape Hit bei vapingnet.de, \u25ba Gro\u00dfe Auswahl an Geschmacksrichtungen &amp; super g\u00fcnstig!\" \/>\n<meta name=\"robots\" content=\"index, follow, max-snippet:-1, max-image-preview:large, max-video-preview:-1\" \/>\n<link rel=\"canonical\" href=\"https:\/\/vapingnet.de\/fr\/vape\/randm-tornado-7000-peach-ice-dein-sommer-vape-hit\/\" \/>\n<meta property=\"og:locale\" content=\"fr_FR\" \/>\n<meta property=\"og:type\" content=\"article\" \/>\n<meta property=\"og:title\" content=\"RandM Tornado 7000 Peach Ice Dein Sommer Vape Hit | Vapingnet.de\" \/>\n<meta property=\"og:description\" content=\"Entdecke RandM Tornado 7000 Peach Ice Dein Sommer Vape Hit bei vapingnet.de, \u25ba Gro\u00dfe Auswahl an Geschmacksrichtungen &amp; super g\u00fcnstig!\" \/>\n<meta property=\"og:url\" content=\"https:\/\/vapingnet.de\/fr\/vape\/randm-tornado-7000-peach-ice-dein-sommer-vape-hit\/\" \/>\n<meta property=\"og:site_name\" content=\"Vapingnet.de\" \/>\n<meta property=\"article:publisher\" content=\"https:\/\/www.facebook.com\/vapingnetde\/\" \/>\n<meta property=\"article:modified_time\" content=\"2025-12-18T07:47:46+00:00\" \/>\n<meta property=\"og:image\" content=\"https:\/\/vapingnet.de\/wp-content\/uploads\/2025\/03\/randm-tornado-7000-peach-ice.webp\" \/>\n\t<meta property=\"og:image:width\" content=\"1000\" \/>\n\t<meta property=\"og:image:height\" content=\"1000\" \/>\n\t<meta property=\"og:image:type\" content=\"image\/webp\" \/>\n<meta name=\"twitter:card\" content=\"summary_large_image\" \/>\n<meta name=\"twitter:label1\" content=\"Dur\u00e9e de lecture estim\u00e9e\" \/>\n\t<meta name=\"twitter:data1\" content=\"2 minutes\" \/>\n<script type=\"application\/ld+json\" class=\"yoast-schema-graph\">{\"@context\":\"https:\/\/schema.org\",\"@graph\":[{\"@type\":\"WebPage\",\"@id\":\"https:\/\/vapingnet.de\/vape\/randm-tornado-7000-peach-ice-dein-sommer-vape-hit\/\",\"url\":\"https:\/\/vapingnet.de\/vape\/randm-tornado-7000-peach-ice-dein-sommer-vape-hit\/\",\"name\":\"RandM Tornado 7000 Peach Ice Dein Sommer Vape Hit | Vapingnet.de\",\"isPartOf\":{\"@id\":\"https:\/\/vapingnet.de\/#website\"},\"primaryImageOfPage\":{\"@id\":\"https:\/\/vapingnet.de\/vape\/randm-tornado-7000-peach-ice-dein-sommer-vape-hit\/#primaryimage\"},\"image\":{\"@id\":\"https:\/\/vapingnet.de\/vape\/randm-tornado-7000-peach-ice-dein-sommer-vape-hit\/#primaryimage\"},\"thumbnailUrl\":\"https:\/\/vapingnet.de\/wp-content\/uploads\/2025\/03\/randm-tornado-7000-peach-ice.webp\",\"datePublished\":\"2025-03-11T03:02:20+00:00\",\"dateModified\":\"2025-12-18T07:47:46+00:00\",\"description\":\"Entdecke RandM Tornado 7000 Peach Ice Dein Sommer Vape Hit bei vapingnet.de, \u25ba Gro\u00dfe Auswahl an Geschmacksrichtungen & super g\u00fcnstig!\",\"breadcrumb\":{\"@id\":\"https:\/\/vapingnet.de\/vape\/randm-tornado-7000-peach-ice-dein-sommer-vape-hit\/#breadcrumb\"},\"inLanguage\":\"fr-FR\",\"potentialAction\":[{\"@type\":\"ReadAction\",\"target\":[\"https:\/\/vapingnet.de\/vape\/randm-tornado-7000-peach-ice-dein-sommer-vape-hit\/\"]}]},{\"@type\":\"ImageObject\",\"inLanguage\":\"fr-FR\",\"@id\":\"https:\/\/vapingnet.de\/vape\/randm-tornado-7000-peach-ice-dein-sommer-vape-hit\/#primaryimage\",\"url\":\"https:\/\/vapingnet.de\/wp-content\/uploads\/2025\/03\/randm-tornado-7000-peach-ice.webp\",\"contentUrl\":\"https:\/\/vapingnet.de\/wp-content\/uploads\/2025\/03\/randm-tornado-7000-peach-ice.webp\",\"width\":1000,\"height\":1000,\"caption\":\"randm-tornado-7000-peach-ice\"},{\"@type\":\"BreadcrumbList\",\"@id\":\"https:\/\/vapingnet.de\/vape\/randm-tornado-7000-peach-ice-dein-sommer-vape-hit\/#breadcrumb\",\"itemListElement\":[{\"@type\":\"ListItem\",\"position\":1,\"name\":\"Home\",\"item\":\"https:\/\/vapingnet.de\/\"},{\"@type\":\"ListItem\",\"position\":2,\"name\":\"Shop\",\"item\":\"https:\/\/vapingnet.de\/vape\/\"},{\"@type\":\"ListItem\",\"position\":3,\"name\":\"RandM Tornado 7000 Peach Ice Dein Sommer Vape Hit\"}]},{\"@type\":\"WebSite\",\"@id\":\"https:\/\/vapingnet.de\/#website\",\"url\":\"https:\/\/vapingnet.de\/\",\"name\":\"Vapingnet.de\",\"description\":\"\",\"publisher\":{\"@id\":\"https:\/\/vapingnet.de\/#organization\"},\"potentialAction\":[{\"@type\":\"SearchAction\",\"target\":{\"@type\":\"EntryPoint\",\"urlTemplate\":\"https:\/\/vapingnet.de\/?s={search_term_string}\"},\"query-input\":{\"@type\":\"PropertyValueSpecification\",\"valueRequired\":true,\"valueName\":\"search_term_string\"}}],\"inLanguage\":\"fr-FR\"},{\"@type\":\"Organization\",\"@id\":\"https:\/\/vapingnet.de\/#organization\",\"name\":\"Vapingnet.de\",\"url\":\"https:\/\/vapingnet.de\/\",\"logo\":{\"@type\":\"ImageObject\",\"inLanguage\":\"fr-FR\",\"@id\":\"https:\/\/vapingnet.de\/#\/schema\/logo\/image\/\",\"url\":\"https:\/\/vapingnet.de\/wp-content\/uploads\/2025\/03\/cropped-vapingnet.de_.jpg\",\"contentUrl\":\"https:\/\/vapingnet.de\/wp-content\/uploads\/2025\/03\/cropped-vapingnet.de_.jpg\",\"width\":512,\"height\":512,\"caption\":\"Vapingnet.de\"},\"image\":{\"@id\":\"https:\/\/vapingnet.de\/#\/schema\/logo\/image\/\"},\"sameAs\":[\"https:\/\/www.facebook.com\/vapingnetde\/\"]}]}<\/script>\n<!-- \/ Yoast SEO plugin. -->","yoast_head_json":{"title":"RandM Tornado 7000 Peach Ice Dein Sommer Vape Hit | Vapingnet.de","description":"Entdecke RandM Tornado 7000 Peach Ice Dein Sommer Vape Hit bei vapingnet.de, \u25ba Gro\u00dfe Auswahl an Geschmacksrichtungen & super g\u00fcnstig!","robots":{"index":"index","follow":"follow","max-snippet":"max-snippet:-1","max-image-preview":"max-image-preview:large","max-video-preview":"max-video-preview:-1"},"canonical":"https:\/\/vapingnet.de\/fr\/vape\/randm-tornado-7000-peach-ice-dein-sommer-vape-hit\/","og_locale":"fr_FR","og_type":"article","og_title":"RandM Tornado 7000 Peach Ice Dein Sommer Vape Hit | Vapingnet.de","og_description":"Entdecke RandM Tornado 7000 Peach Ice Dein Sommer Vape Hit bei vapingnet.de, \u25ba Gro\u00dfe Auswahl an Geschmacksrichtungen & super g\u00fcnstig!","og_url":"https:\/\/vapingnet.de\/fr\/vape\/randm-tornado-7000-peach-ice-dein-sommer-vape-hit\/","og_site_name":"Vapingnet.de","article_publisher":"https:\/\/www.facebook.com\/vapingnetde\/","article_modified_time":"2025-12-18T07:47:46+00:00","og_image":[{"width":1000,"height":1000,"url":"https:\/\/vapingnet.de\/wp-content\/uploads\/2025\/03\/randm-tornado-7000-peach-ice.webp","type":"image\/webp"}],"twitter_card":"summary_large_image","twitter_misc":{"Dur\u00e9e de lecture estim\u00e9e":"2 minutes"},"schema":{"@context":"https:\/\/schema.org","@graph":[{"@type":"WebPage","@id":"https:\/\/vapingnet.de\/vape\/randm-tornado-7000-peach-ice-dein-sommer-vape-hit\/","url":"https:\/\/vapingnet.de\/vape\/randm-tornado-7000-peach-ice-dein-sommer-vape-hit\/","name":"RandM Tornado 7000 Peach Ice Dein Sommer Vape Hit | Vapingnet.de","isPartOf":{"@id":"https:\/\/vapingnet.de\/#website"},"primaryImageOfPage":{"@id":"https:\/\/vapingnet.de\/vape\/randm-tornado-7000-peach-ice-dein-sommer-vape-hit\/#primaryimage"},"image":{"@id":"https:\/\/vapingnet.de\/vape\/randm-tornado-7000-peach-ice-dein-sommer-vape-hit\/#primaryimage"},"thumbnailUrl":"https:\/\/vapingnet.de\/wp-content\/uploads\/2025\/03\/randm-tornado-7000-peach-ice.webp","datePublished":"2025-03-11T03:02:20+00:00","dateModified":"2025-12-18T07:47:46+00:00","description":"Entdecke RandM Tornado 7000 Peach Ice Dein Sommer Vape Hit bei vapingnet.de, \u25ba Gro\u00dfe Auswahl an Geschmacksrichtungen & super g\u00fcnstig!","breadcrumb":{"@id":"https:\/\/vapingnet.de\/vape\/randm-tornado-7000-peach-ice-dein-sommer-vape-hit\/#breadcrumb"},"inLanguage":"fr-FR","potentialAction":[{"@type":"ReadAction","target":["https:\/\/vapingnet.de\/vape\/randm-tornado-7000-peach-ice-dein-sommer-vape-hit\/"]}]},{"@type":"ImageObject","inLanguage":"fr-FR","@id":"https:\/\/vapingnet.de\/vape\/randm-tornado-7000-peach-ice-dein-sommer-vape-hit\/#primaryimage","url":"https:\/\/vapingnet.de\/wp-content\/uploads\/2025\/03\/randm-tornado-7000-peach-ice.webp","contentUrl":"https:\/\/vapingnet.de\/wp-content\/uploads\/2025\/03\/randm-tornado-7000-peach-ice.webp","width":1000,"height":1000,"caption":"randm-tornado-7000-peach-ice"},{"@type":"BreadcrumbList","@id":"https:\/\/vapingnet.de\/vape\/randm-tornado-7000-peach-ice-dein-sommer-vape-hit\/#breadcrumb","itemListElement":[{"@type":"ListItem","position":1,"name":"Home","item":"https:\/\/vapingnet.de\/"},{"@type":"ListItem","position":2,"name":"Shop","item":"https:\/\/vapingnet.de\/vape\/"},{"@type":"ListItem","position":3,"name":"RandM Tornado 7000 Peach Ice Dein Sommer Vape Hit"}]},{"@type":"WebSite","@id":"https:\/\/vapingnet.de\/#website","url":"https:\/\/vapingnet.de\/","name":"Vapingnet.de","description":"","publisher":{"@id":"https:\/\/vapingnet.de\/#organization"},"potentialAction":[{"@type":"SearchAction","target":{"@type":"EntryPoint","urlTemplate":"https:\/\/vapingnet.de\/?s={search_term_string}"},"query-input":{"@type":"PropertyValueSpecification","valueRequired":true,"valueName":"search_term_string"}}],"inLanguage":"fr-FR"},{"@type":"Organization","@id":"https:\/\/vapingnet.de\/#organization","name":"Vapingnet.de","url":"https:\/\/vapingnet.de\/","logo":{"@type":"ImageObject","inLanguage":"fr-FR","@id":"https:\/\/vapingnet.de\/#\/schema\/logo\/image\/","url":"https:\/\/vapingnet.de\/wp-content\/uploads\/2025\/03\/cropped-vapingnet.de_.jpg","contentUrl":"https:\/\/vapingnet.de\/wp-content\/uploads\/2025\/03\/cropped-vapingnet.de_.jpg","width":512,"height":512,"caption":"Vapingnet.de"},"image":{"@id":"https:\/\/vapingnet.de\/#\/schema\/logo\/image\/"},"sameAs":["https:\/\/www.facebook.com\/vapingnetde\/"]}]}},"tiered_pricing_type":"fixed","tiered_pricing_fixed_rules":{"50":"7.40","110":"6.99","210":"6.58","510":"6.17","1100":"5.75"},"tiered_pricing_product_settings":{"layout":"default","base_unit_name":{"singular":null,"plural":null},"default_variation":null},"tiered_pricing_minimum_quantity":null,"tiered_pricing_roles_data":[],"tiered_pricing_percentage_rules":[],"_links":{"self":[{"href":"https:\/\/vapingnet.de\/fr\/wp-json\/wp\/v2\/product\/4959","targetHints":{"allow":["GET"]}}],"collection":[{"href":"https:\/\/vapingnet.de\/fr\/wp-json\/wp\/v2\/product"}],"about":[{"href":"https:\/\/vapingnet.de\/fr\/wp-json\/wp\/v2\/types\/product"}],"version-history":[{"count":1,"href":"https:\/\/vapingnet.de\/fr\/wp-json\/wp\/v2\/product\/4959\/revisions"}],"predecessor-version":[{"id":4961,"href":"https:\/\/vapingnet.de\/fr\/wp-json\/wp\/v2\/product\/4959\/revisions\/4961"}],"wp:featuredmedia":[{"embeddable":true,"href":"https:\/\/vapingnet.de\/fr\/wp-json\/wp\/v2\/media\/4960"}],"wp:attachment":[{"href":"https:\/\/vapingnet.de\/fr\/wp-json\/wp\/v2\/media?parent=4959"}],"wp:term":[{"taxonomy":"brand","embeddable":true,"href":"https:\/\/vapingnet.de\/fr\/wp-json\/wp\/v2\/etheme_brands?post=4959"},{"taxonomy":"product_brand","embeddable":true,"href":"https:\/\/vapingnet.de\/fr\/wp-json\/wp\/v2\/product_brand?post=4959"},{"taxonomy":"product_cat","embeddable":true,"href":"https:\/\/vapingnet.de\/fr\/wp-json\/wp\/v2\/product_cat?post=4959"},{"taxonomy":"product_tag","embeddable":true,"href":"https:\/\/vapingnet.de\/fr\/wp-json\/wp\/v2\/product_tag?post=4959"}],"curies":[{"name":"wp","href":"https:\/\/api.w.org\/{rel}","templated":true}]}}