{"id":4994,"date":"2025-03-11T07:11:02","date_gmt":"2025-03-11T07:11:02","guid":{"rendered":"https:\/\/vapingnet.de\/?post_type=product&#038;p=4994"},"modified":"2025-06-23T09:49:00","modified_gmt":"2025-06-23T09:49:00","slug":"randm-tornado-9000-watermelon-lce-geniessen-ohne-zollstress","status":"publish","type":"product","link":"https:\/\/vapingnet.de\/fr\/vape\/randm-tornado-9000-watermelon-lce-geniessen-ohne-zollstress\/","title":{"rendered":"Profitez de Watermelon Ice dans la RandM Tornado 9000 sans souci de douane"},"content":{"rendered":"<h2 data-start=\"74\" data-end=\"158\">RandM Tornado 9000 \u2013 Cigarette \u00e9lectronique jetable avec une longue autonomie et un go\u00fbt frais<\/h2>\n<p data-start=\"160\" data-end=\"446\" data-immersive-translate-walked=\"14796195-96e0-416b-970b-111bf21db616\" data-immersive-translate-paragraph=\"1\">Imaginez commencer la journ\u00e9e d\u00e9tendu, accompagn\u00e9 d'un vapoteur fiable qui ne vous laissera pas tomber. C'est exactement ce que propose le RandM Tornado 9000 \u2013 un vaporisateur jetable qui convainc par sa forte autonomie et un go\u00fbt unique Watermelon Ice.<\/p>\n<h3 data-start=\"453\" data-end=\"481\" data-immersive-translate-walked=\"14796195-96e0-416b-970b-111bf21db616\" data-immersive-translate-paragraph=\"1\">Pourquoi choisir le RandM Tornado 9000 ?<\/h3>\n<ul data-start=\"483\" data-end=\"1390\" data-immersive-translate-walked=\"14796195-96e0-416b-970b-111bf21db616\">\n<li data-start=\"483\" data-end=\"677\" data-immersive-translate-walked=\"14796195-96e0-416b-970b-111bf21db616\">\n<p data-start=\"485\" data-end=\"677\" data-immersive-translate-walked=\"14796195-96e0-416b-970b-111bf21db616\" data-immersive-translate-paragraph=\"1\">Batterie de 850mAh avec fonction de charge Type-C<br data-start=\"524\" data-end=\"527\" data-immersive-translate-walked=\"14796195-96e0-416b-970b-111bf21db616\" \/>La batterie puissante garantit une utilisation allant jusqu'\u00e0 <a href=\"https:\/\/vapingnet.de\/fr\/k\/vape-9000-zuege\/\" target=\"_blank\" rel=\"noopener\"><strong>9000 bouff\u00e9es<\/strong><\/a>. Charg\u00e9 rapidement, l'appareil reste pr\u00eat \u00e0 l'emploi m\u00eame lors d'une utilisation intensive.<\/p>\n<\/li>\n<li data-start=\"679\" data-end=\"894\" data-immersive-translate-walked=\"14796195-96e0-416b-970b-111bf21db616\">\n<p data-start=\"681\" data-end=\"894\" data-immersive-translate-walked=\"14796195-96e0-416b-970b-111bf21db616\" data-immersive-translate-paragraph=\"1\">Volume de liquide de 18 ml avec technologie de coil en mesh<br data-start=\"729\" data-end=\"732\" data-immersive-translate-walked=\"14796195-96e0-416b-970b-111bf21db616\" \/>Pour une exp\u00e9rience gustative intense et homog\u00e8ne, la technologie avanc\u00e9e du coil en mesh assure une fra\u00eecheur durable et une expression pure des ar\u00f4mes.<\/p>\n<\/li>\n<li data-start=\"896\" data-end=\"1096\" data-immersive-translate-walked=\"14796195-96e0-416b-970b-111bf21db616\">\n<p data-start=\"898\" data-end=\"1096\" data-immersive-translate-walked=\"14796195-96e0-416b-970b-111bf21db616\" data-immersive-translate-paragraph=\"1\">Watermelon Ice \u2013 saveur rafra\u00eechissante<br data-start=\"942\" data-end=\"945\" data-immersive-translate-walked=\"14796195-96e0-416b-970b-111bf21db616\" \/>La combinaison de la douce past\u00e8que et de la menthe rafra\u00eechissante offre une exp\u00e9rience de vapotage in\u00e9gal\u00e9e, particuli\u00e8rement en \u00e9t\u00e9 pour une sensation de fra\u00eecheur.<\/p>\n<\/li>\n<li data-start=\"1098\" data-end=\"1278\" data-immersive-translate-walked=\"14796195-96e0-416b-970b-111bf21db616\">\n<p data-start=\"1100\" data-end=\"1278\" data-immersive-translate-walked=\"14796195-96e0-416b-970b-111bf21db616\" data-immersive-translate-paragraph=\"1\">Design l\u00e9ger avec effet lumineux RGB<br data-start=\"1139\" data-end=\"1142\" data-immersive-translate-walked=\"14796195-96e0-416b-970b-111bf21db616\" \/>L'appareil ergonomique, ne pesant que 70 g, tient bien en main. L'\u00e9clairage LED changeant de couleur cr\u00e9e des accents visuels lors du vapotage.<\/p>\n<\/li>\n<li data-start=\"1280\" data-end=\"1390\" data-immersive-translate-walked=\"14796195-96e0-416b-970b-111bf21db616\">\n<p data-start=\"1282\" data-end=\"1390\" data-immersive-translate-walked=\"14796195-96e0-416b-970b-111bf21db616\" data-immersive-translate-paragraph=\"1\">Nicotine 2% pour un plaisir \u00e9quilibr\u00e9<br data-start=\"1320\" data-end=\"1323\" data-immersive-translate-walked=\"14796195-96e0-416b-970b-111bf21db616\" \/>Doux et agr\u00e9able, adapt\u00e9 aux d\u00e9butants comme aux vapoteurs exp\u00e9riment\u00e9s.<\/p>\n<\/li>\n<\/ul>\n<h4 data-start=\"1397\" data-end=\"1444\" data-immersive-translate-walked=\"14796195-96e0-416b-970b-111bf21db616\" data-immersive-translate-paragraph=\"1\">Pour qui est destin\u00e9 le RandM Tornado 9000 ?<\/h4>\n<p data-start=\"1446\" data-end=\"1612\" data-immersive-translate-walked=\"14796195-96e0-416b-970b-111bf21db616\" data-immersive-translate-paragraph=\"1\">Cet appareil est parfait pour tous ceux qui souhaitent vapoter longtemps et sans complication. Que ce soit en d\u00e9placement, au bureau ou \u00e0 la maison \u2013 le Tornado 9000 s\u00e9duit par son confort et son style.<\/p>\n<h4 data-start=\"1619\" data-end=\"1655\" data-immersive-translate-walked=\"14796195-96e0-416b-970b-111bf21db616\" data-immersive-translate-paragraph=\"1\">Disponible d\u00e8s maintenant sur vapingnet.fr<\/h4>\n<p data-start=\"1657\" data-end=\"1866\" data-immersive-translate-walked=\"14796195-96e0-416b-970b-111bf21db616\" data-immersive-translate-paragraph=\"1\">D\u00e9couvrez la combinaison d'une forte autonomie et d'un go\u00fbt frais. Commandez le RandM Tornado 9000 facilement en ligne sur vapingnet.fr et profitez d'une livraison rapide depuis la France.<\/p>\n<p data-start=\"1873\" data-end=\"1947\" data-immersive-translate-walked=\"14796195-96e0-416b-970b-111bf21db616\">RandM Tornado 9000 \u2013 Le compagnon fiable pour votre exp\u00e9rience de vapotage.<\/p>","protected":false},"excerpt":{"rendered":"<p>Cigarettes \u00e9lectroniques de haute qualit\u00e9\ud83d\udd25, exp\u00e9di\u00e9es directement depuis le stock de Br\u00eame, livraison en 2-4 jours!<\/p>","protected":false},"featured_media":4995,"template":"","meta":[],"etheme_brands":[],"product_brand":[96],"product_cat":[52,59,49,61],"product_tag":[],"class_list":{"0":"post-4994","1":"product","2":"type-product","3":"status-publish","4":"has-post-thumbnail","6":"product_brand-randm-vape","7":"product_cat-vape-9000-zuege","8":"product_cat-de","9":"product_cat-einweg-e-zigarette","10":"product_cat-f","12":"first","13":"instock","14":"shipping-taxable","15":"purchasable","16":"product-type-simple"},"yoast_head":"<!-- This site is optimized with the Yoast SEO plugin v26.5 - https:\/\/yoast.com\/wordpress\/plugins\/seo\/ -->\n<title>RandM Tornado 9000 \u2013 Der Einweg Vape mit Extra langer Laufzeit<\/title>\n<meta name=\"description\" content=\"Entdecken Sie den RandM Tornado 9000 mit 850mAh Akku, 9000 Z\u00fcgen und dem erfrischenden Watermelon Ice Aroma. Jetzt bei vapingnet.de bestellen!\" \/>\n<meta name=\"robots\" content=\"index, follow, max-snippet:-1, max-image-preview:large, max-video-preview:-1\" \/>\n<link rel=\"canonical\" href=\"https:\/\/vapingnet.de\/fr\/vape\/randm-tornado-9000-watermelon-lce-geniessen-ohne-zollstress\/\" \/>\n<meta property=\"og:locale\" content=\"fr_FR\" \/>\n<meta property=\"og:type\" content=\"article\" \/>\n<meta property=\"og:title\" content=\"RandM Tornado 9000 \u2013 Der Einweg Vape mit Extra langer Laufzeit\" \/>\n<meta property=\"og:description\" content=\"Entdecken Sie den RandM Tornado 9000 mit 850mAh Akku, 9000 Z\u00fcgen und dem erfrischenden Watermelon Ice Aroma. Jetzt bei vapingnet.de bestellen!\" \/>\n<meta property=\"og:url\" content=\"https:\/\/vapingnet.de\/fr\/vape\/randm-tornado-9000-watermelon-lce-geniessen-ohne-zollstress\/\" \/>\n<meta property=\"og:site_name\" content=\"Vapingnet.de\" \/>\n<meta property=\"article:publisher\" content=\"https:\/\/www.facebook.com\/vapingnetde\/\" \/>\n<meta property=\"article:modified_time\" content=\"2025-06-23T09:49:00+00:00\" \/>\n<meta property=\"og:image\" content=\"https:\/\/vapingnet.de\/wp-content\/uploads\/2025\/03\/randm_tornado_9000_watermelonice.webp\" \/>\n\t<meta property=\"og:image:width\" content=\"1000\" \/>\n\t<meta property=\"og:image:height\" content=\"1000\" \/>\n\t<meta property=\"og:image:type\" content=\"image\/webp\" \/>\n<meta name=\"twitter:card\" content=\"summary_large_image\" \/>\n<meta name=\"twitter:label1\" content=\"Dur\u00e9e de lecture estim\u00e9e\" \/>\n\t<meta name=\"twitter:data1\" content=\"2 minutes\" \/>\n<script type=\"application\/ld+json\" class=\"yoast-schema-graph\">{\"@context\":\"https:\/\/schema.org\",\"@graph\":[{\"@type\":\"WebPage\",\"@id\":\"https:\/\/vapingnet.de\/vape\/randm-tornado-9000-watermelon-lce-geniessen-ohne-zollstress\/\",\"url\":\"https:\/\/vapingnet.de\/vape\/randm-tornado-9000-watermelon-lce-geniessen-ohne-zollstress\/\",\"name\":\"RandM Tornado 9000 \u2013 Der Einweg Vape mit Extra langer Laufzeit\",\"isPartOf\":{\"@id\":\"https:\/\/vapingnet.de\/#website\"},\"primaryImageOfPage\":{\"@id\":\"https:\/\/vapingnet.de\/vape\/randm-tornado-9000-watermelon-lce-geniessen-ohne-zollstress\/#primaryimage\"},\"image\":{\"@id\":\"https:\/\/vapingnet.de\/vape\/randm-tornado-9000-watermelon-lce-geniessen-ohne-zollstress\/#primaryimage\"},\"thumbnailUrl\":\"https:\/\/vapingnet.de\/wp-content\/uploads\/2025\/03\/randm_tornado_9000_watermelonice.webp\",\"datePublished\":\"2025-03-11T07:11:02+00:00\",\"dateModified\":\"2025-06-23T09:49:00+00:00\",\"description\":\"Entdecken Sie den RandM Tornado 9000 mit 850mAh Akku, 9000 Z\u00fcgen und dem erfrischenden Watermelon Ice Aroma. Jetzt bei vapingnet.de bestellen!\",\"breadcrumb\":{\"@id\":\"https:\/\/vapingnet.de\/vape\/randm-tornado-9000-watermelon-lce-geniessen-ohne-zollstress\/#breadcrumb\"},\"inLanguage\":\"fr-FR\",\"potentialAction\":[{\"@type\":\"ReadAction\",\"target\":[\"https:\/\/vapingnet.de\/vape\/randm-tornado-9000-watermelon-lce-geniessen-ohne-zollstress\/\"]}]},{\"@type\":\"ImageObject\",\"inLanguage\":\"fr-FR\",\"@id\":\"https:\/\/vapingnet.de\/vape\/randm-tornado-9000-watermelon-lce-geniessen-ohne-zollstress\/#primaryimage\",\"url\":\"https:\/\/vapingnet.de\/wp-content\/uploads\/2025\/03\/randm_tornado_9000_watermelonice.webp\",\"contentUrl\":\"https:\/\/vapingnet.de\/wp-content\/uploads\/2025\/03\/randm_tornado_9000_watermelonice.webp\",\"width\":1000,\"height\":1000,\"caption\":\"randm_tornado_9000_watermelonice\"},{\"@type\":\"BreadcrumbList\",\"@id\":\"https:\/\/vapingnet.de\/vape\/randm-tornado-9000-watermelon-lce-geniessen-ohne-zollstress\/#breadcrumb\",\"itemListElement\":[{\"@type\":\"ListItem\",\"position\":1,\"name\":\"Home\",\"item\":\"https:\/\/vapingnet.de\/\"},{\"@type\":\"ListItem\",\"position\":2,\"name\":\"Shop\",\"item\":\"https:\/\/vapingnet.de\/vape\/\"},{\"@type\":\"ListItem\",\"position\":3,\"name\":\"RandM Tornado 9000 Watermelon lce genie\u00dfen ohne Zollstress\"}]},{\"@type\":\"WebSite\",\"@id\":\"https:\/\/vapingnet.de\/#website\",\"url\":\"https:\/\/vapingnet.de\/\",\"name\":\"Vapingnet.de\",\"description\":\"\",\"publisher\":{\"@id\":\"https:\/\/vapingnet.de\/#organization\"},\"potentialAction\":[{\"@type\":\"SearchAction\",\"target\":{\"@type\":\"EntryPoint\",\"urlTemplate\":\"https:\/\/vapingnet.de\/?s={search_term_string}\"},\"query-input\":{\"@type\":\"PropertyValueSpecification\",\"valueRequired\":true,\"valueName\":\"search_term_string\"}}],\"inLanguage\":\"fr-FR\"},{\"@type\":\"Organization\",\"@id\":\"https:\/\/vapingnet.de\/#organization\",\"name\":\"Vapingnet.de\",\"url\":\"https:\/\/vapingnet.de\/\",\"logo\":{\"@type\":\"ImageObject\",\"inLanguage\":\"fr-FR\",\"@id\":\"https:\/\/vapingnet.de\/#\/schema\/logo\/image\/\",\"url\":\"https:\/\/vapingnet.de\/wp-content\/uploads\/2025\/03\/cropped-vapingnet.de_.jpg\",\"contentUrl\":\"https:\/\/vapingnet.de\/wp-content\/uploads\/2025\/03\/cropped-vapingnet.de_.jpg\",\"width\":512,\"height\":512,\"caption\":\"Vapingnet.de\"},\"image\":{\"@id\":\"https:\/\/vapingnet.de\/#\/schema\/logo\/image\/\"},\"sameAs\":[\"https:\/\/www.facebook.com\/vapingnetde\/\"]}]}<\/script>\n<!-- \/ Yoast SEO plugin. -->","yoast_head_json":{"title":"RandM Tornado 9000 \u2013 Der Einweg Vape mit Extra langer Laufzeit","description":"Entdecken Sie den RandM Tornado 9000 mit 850mAh Akku, 9000 Z\u00fcgen und dem erfrischenden Watermelon Ice Aroma. Jetzt bei vapingnet.de bestellen!","robots":{"index":"index","follow":"follow","max-snippet":"max-snippet:-1","max-image-preview":"max-image-preview:large","max-video-preview":"max-video-preview:-1"},"canonical":"https:\/\/vapingnet.de\/fr\/vape\/randm-tornado-9000-watermelon-lce-geniessen-ohne-zollstress\/","og_locale":"fr_FR","og_type":"article","og_title":"RandM Tornado 9000 \u2013 Der Einweg Vape mit Extra langer Laufzeit","og_description":"Entdecken Sie den RandM Tornado 9000 mit 850mAh Akku, 9000 Z\u00fcgen und dem erfrischenden Watermelon Ice Aroma. Jetzt bei vapingnet.de bestellen!","og_url":"https:\/\/vapingnet.de\/fr\/vape\/randm-tornado-9000-watermelon-lce-geniessen-ohne-zollstress\/","og_site_name":"Vapingnet.de","article_publisher":"https:\/\/www.facebook.com\/vapingnetde\/","article_modified_time":"2025-06-23T09:49:00+00:00","og_image":[{"width":1000,"height":1000,"url":"https:\/\/vapingnet.de\/wp-content\/uploads\/2025\/03\/randm_tornado_9000_watermelonice.webp","type":"image\/webp"}],"twitter_card":"summary_large_image","twitter_misc":{"Dur\u00e9e de lecture estim\u00e9e":"2 minutes"},"schema":{"@context":"https:\/\/schema.org","@graph":[{"@type":"WebPage","@id":"https:\/\/vapingnet.de\/vape\/randm-tornado-9000-watermelon-lce-geniessen-ohne-zollstress\/","url":"https:\/\/vapingnet.de\/vape\/randm-tornado-9000-watermelon-lce-geniessen-ohne-zollstress\/","name":"RandM Tornado 9000 \u2013 Der Einweg Vape mit Extra langer Laufzeit","isPartOf":{"@id":"https:\/\/vapingnet.de\/#website"},"primaryImageOfPage":{"@id":"https:\/\/vapingnet.de\/vape\/randm-tornado-9000-watermelon-lce-geniessen-ohne-zollstress\/#primaryimage"},"image":{"@id":"https:\/\/vapingnet.de\/vape\/randm-tornado-9000-watermelon-lce-geniessen-ohne-zollstress\/#primaryimage"},"thumbnailUrl":"https:\/\/vapingnet.de\/wp-content\/uploads\/2025\/03\/randm_tornado_9000_watermelonice.webp","datePublished":"2025-03-11T07:11:02+00:00","dateModified":"2025-06-23T09:49:00+00:00","description":"Entdecken Sie den RandM Tornado 9000 mit 850mAh Akku, 9000 Z\u00fcgen und dem erfrischenden Watermelon Ice Aroma. Jetzt bei vapingnet.de bestellen!","breadcrumb":{"@id":"https:\/\/vapingnet.de\/vape\/randm-tornado-9000-watermelon-lce-geniessen-ohne-zollstress\/#breadcrumb"},"inLanguage":"fr-FR","potentialAction":[{"@type":"ReadAction","target":["https:\/\/vapingnet.de\/vape\/randm-tornado-9000-watermelon-lce-geniessen-ohne-zollstress\/"]}]},{"@type":"ImageObject","inLanguage":"fr-FR","@id":"https:\/\/vapingnet.de\/vape\/randm-tornado-9000-watermelon-lce-geniessen-ohne-zollstress\/#primaryimage","url":"https:\/\/vapingnet.de\/wp-content\/uploads\/2025\/03\/randm_tornado_9000_watermelonice.webp","contentUrl":"https:\/\/vapingnet.de\/wp-content\/uploads\/2025\/03\/randm_tornado_9000_watermelonice.webp","width":1000,"height":1000,"caption":"randm_tornado_9000_watermelonice"},{"@type":"BreadcrumbList","@id":"https:\/\/vapingnet.de\/vape\/randm-tornado-9000-watermelon-lce-geniessen-ohne-zollstress\/#breadcrumb","itemListElement":[{"@type":"ListItem","position":1,"name":"Home","item":"https:\/\/vapingnet.de\/"},{"@type":"ListItem","position":2,"name":"Shop","item":"https:\/\/vapingnet.de\/vape\/"},{"@type":"ListItem","position":3,"name":"RandM Tornado 9000 Watermelon lce genie\u00dfen ohne Zollstress"}]},{"@type":"WebSite","@id":"https:\/\/vapingnet.de\/#website","url":"https:\/\/vapingnet.de\/","name":"Vapingnet.de","description":"","publisher":{"@id":"https:\/\/vapingnet.de\/#organization"},"potentialAction":[{"@type":"SearchAction","target":{"@type":"EntryPoint","urlTemplate":"https:\/\/vapingnet.de\/?s={search_term_string}"},"query-input":{"@type":"PropertyValueSpecification","valueRequired":true,"valueName":"search_term_string"}}],"inLanguage":"fr-FR"},{"@type":"Organization","@id":"https:\/\/vapingnet.de\/#organization","name":"Vapingnet.de","url":"https:\/\/vapingnet.de\/","logo":{"@type":"ImageObject","inLanguage":"fr-FR","@id":"https:\/\/vapingnet.de\/#\/schema\/logo\/image\/","url":"https:\/\/vapingnet.de\/wp-content\/uploads\/2025\/03\/cropped-vapingnet.de_.jpg","contentUrl":"https:\/\/vapingnet.de\/wp-content\/uploads\/2025\/03\/cropped-vapingnet.de_.jpg","width":512,"height":512,"caption":"Vapingnet.de"},"image":{"@id":"https:\/\/vapingnet.de\/#\/schema\/logo\/image\/"},"sameAs":["https:\/\/www.facebook.com\/vapingnetde\/"]}]}},"tiered_pricing_type":"fixed","tiered_pricing_fixed_rules":{"10":"9.22","50":"8.30","110":"7.84","210":"7.38","510":"6.92","1100":"6.45"},"tiered_pricing_product_settings":{"layout":"default","base_unit_name":{"singular":null,"plural":null},"default_variation":null},"tiered_pricing_minimum_quantity":null,"tiered_pricing_roles_data":[],"tiered_pricing_percentage_rules":[],"_links":{"self":[{"href":"https:\/\/vapingnet.de\/fr\/wp-json\/wp\/v2\/product\/4994","targetHints":{"allow":["GET"]}}],"collection":[{"href":"https:\/\/vapingnet.de\/fr\/wp-json\/wp\/v2\/product"}],"about":[{"href":"https:\/\/vapingnet.de\/fr\/wp-json\/wp\/v2\/types\/product"}],"version-history":[{"count":3,"href":"https:\/\/vapingnet.de\/fr\/wp-json\/wp\/v2\/product\/4994\/revisions"}],"predecessor-version":[{"id":7225,"href":"https:\/\/vapingnet.de\/fr\/wp-json\/wp\/v2\/product\/4994\/revisions\/7225"}],"wp:featuredmedia":[{"embeddable":true,"href":"https:\/\/vapingnet.de\/fr\/wp-json\/wp\/v2\/media\/4995"}],"wp:attachment":[{"href":"https:\/\/vapingnet.de\/fr\/wp-json\/wp\/v2\/media?parent=4994"}],"wp:term":[{"taxonomy":"brand","embeddable":true,"href":"https:\/\/vapingnet.de\/fr\/wp-json\/wp\/v2\/etheme_brands?post=4994"},{"taxonomy":"product_brand","embeddable":true,"href":"https:\/\/vapingnet.de\/fr\/wp-json\/wp\/v2\/product_brand?post=4994"},{"taxonomy":"product_cat","embeddable":true,"href":"https:\/\/vapingnet.de\/fr\/wp-json\/wp\/v2\/product_cat?post=4994"},{"taxonomy":"product_tag","embeddable":true,"href":"https:\/\/vapingnet.de\/fr\/wp-json\/wp\/v2\/product_tag?post=4994"}],"curies":[{"name":"wp","href":"https:\/\/api.w.org\/{rel}","templated":true}]}}