{"id":5008,"date":"2025-03-11T07:55:56","date_gmt":"2025-03-11T07:55:56","guid":{"rendered":"https:\/\/vapingnet.de\/?post_type=product&#038;p=5008"},"modified":"2026-03-12T08:38:40","modified_gmt":"2026-03-12T08:38:40","slug":"randm-tornado-9000-zollfrei-bestellen-sofort-geniessen","status":"publish","type":"product","link":"https:\/\/vapingnet.de\/fr\/vape\/randm-tornado-9000-zollfrei-bestellen-sofort-geniessen\/","title":{"rendered":"Commandez la RandM Tornado 9000 sans douane &amp; profitez-en imm\u00e9diatement"},"content":{"rendered":"<div>\n<div class=\"auto-hide-last-sibling-br table-container-GhL7Lo\">\n<table style=\"height: 520px;\" width=\"1711\">\n<thead>\n<tr>\n<th>Caract\u00e9ristique<\/th>\n<th>Technologie<\/th>\n<\/tr>\n<\/thead>\n<tbody>\n<tr>\n<td>Mod\u00e8le<\/td>\n<td>RandM Tornado 9000<\/td>\n<\/tr>\n<tr>\n<td>Capacit\u00e9 de la batterie<\/td>\n<td>850mAh (Charge rapide Type-C)<\/td>\n<\/tr>\n<tr>\n<td>Capacit\u00e9 de e-liquide<\/td>\n<td>18ml<\/td>\n<\/tr>\n<tr>\n<td>Concentration de nicotine<\/td>\n<td>2%<\/td>\n<\/tr>\n<tr>\n<td>R\u00e9sistance<\/td>\n<td>R\u00e9sistance en mesh 0,8 Ohm<\/td>\n<\/tr>\n<tr>\n<td>Lumi\u00e8re LED<\/td>\n<td>Lumi\u00e8re d'ambiance RGB<\/td>\n<\/tr>\n<tr>\n<td>Poids<\/td>\n<td>70g<\/td>\n<\/tr>\n<tr>\n<td>Dur\u00e9e de vie<\/td>\n<td>~9 000 bouff\u00e9es (2 semaines d'utilisation l\u00e9g\u00e8re)<\/td>\n<\/tr>\n<tr>\n<td>Livraison<\/td>\n<td>De France : 2-4 jours ouvrables<\/td>\n<\/tr>\n<tr>\n<td>Douane<\/td>\n<td>Droits de douane exempt\u00e9s en Europe<\/td>\n<\/tr>\n<\/tbody>\n<\/table>\n<\/div>\n<\/div>\n<div><\/div>\n<h2 class=\"auto-hide-last-sibling-br paragraph-JOTKXA paragraph-element br-paragraph-space\">RandM Tornado 9000 E-Cigarettes : 9 000 bouff\u00e9es \u2013 Qualit\u00e9 fran\u00e7aise avec livraison express<\/h2>\n<div class=\"auto-hide-last-sibling-br paragraph-JOTKXA paragraph-element br-paragraph-space\">\ud83d\udd25 Durabilit\u00e9 et qualit\u00e9 inoubliables<\/div>\n<div class=\"auto-hide-last-sibling-br paragraph-JOTKXA paragraph-element br-paragraph-space\">Avec 18 ml de e-liquide et une batterie de 850 mAh (charge Type-C), profitez jusqu'\u00e0 <a href=\"https:\/\/vapingnet.de\/fr\/k\/vape-9000-zuege\/\" target=\"_blank\" rel=\"noopener\"><strong>9 000 bouff\u00e9es<\/strong><\/a>. Livraison depuis la France : 2-4 jours ouvrables, sans douane \u2013 id\u00e9al pour les clients europ\u00e9ens.<\/div>\n<p>&nbsp;<\/p>\n<div class=\"auto-hide-last-sibling-br paragraph-JOTKXA paragraph-element br-paragraph-space\">\ud83c\udfa8 Design futuriste avec lumi\u00e8re respiratoire RGB<\/div>\n<ul class=\"auto-hide-last-sibling-br\">\n<li>Jeu de lumi\u00e8res dynamique : \u00e0 chaque bouff\u00e9e, les couleurs changent en motifs \u00e9poustouflants, parfait pour les soir\u00e9es festives.<\/li>\n<li>Collaboration extraterrestre : inspir\u00e9e par\u00a0<em>Mars Attack<\/em>, avec une texture antid\u00e9rapante et un design unique.<\/li>\n<\/ul>\n<div class=\"auto-hide-last-sibling-br paragraph-JOTKXA paragraph-element br-paragraph-space\">\ud83c\udf47 Six saveurs sensationnelles<\/div>\n<ol class=\"auto-hide-last-sibling-br\">\n<li>Blueberry Ice \u2013 Myrtilles sucr\u00e9es avec menthe rafra\u00eechissante.<\/li>\n<li>Mr Blue \u2013 M\u00e9lange de myrtilles et citron.<\/li>\n<li>Watermelon Ice \u2013 Past\u00e8que juteuse avec une fra\u00eecheur glac\u00e9e.<\/li>\n<li>Lush Ice \u2013 M\u00e9lange exotique de mangue et menthe.<\/li>\n<li>Strawberry Watermelon \u2013 Framboises et past\u00e8que en duel.<\/li>\n<li>VimTo \u2013 Saveur exclusive : raisins sucr\u00e9s avec citron.<\/li>\n<\/ol>\n<div class=\"auto-hide-last-sibling-br paragraph-JOTKXA paragraph-element br-paragraph-space\">\u26a1 Technologie innovante pour un plaisir parfait<\/div>\n<ul class=\"auto-hide-last-sibling-br\">\n<li>R\u00e9sistance en mesh 0,8 ohm : Fum\u00e9e plus intense et saveur constante.<\/li>\n<li>Activation par aspiration : Sans boutons \u2013 il suffit d\u2019aspirer et de commencer.<\/li>\n<li>Flux d'air r\u00e9glable : adaptez la fum\u00e9e \u00e0 votre go\u00fbt.<\/li>\n<\/ul>\n<div class=\"auto-hide-last-sibling-br paragraph-JOTKXA paragraph-element br-paragraph-space\">\ud83d\udcf1 Optimal, portable et puissant<br class=\"container-utlnW2 wrapper-d0Cc1k undefined\" \/>L\u00e9ger de seulement 70 g et peu encombrant \u2013 id\u00e9al pour un sac \u00e0 main ou une poche de pantalon.<\/div>\n<h3 class=\"auto-hide-last-sibling-br paragraph-JOTKXA paragraph-element br-paragraph-space\">\u2728 Pourquoi Tornado 9000 ?<\/h3>\n<div class=\"auto-hide-last-sibling-br paragraph-JOTKXA paragraph-element br-paragraph-space\">\u2705 Certification DEK : s\u00e9curit\u00e9 de qualit\u00e9 maximale.<br class=\"container-utlnW2 wrapper-d0Cc1k undefined\" \/>\u2705 Respectueux de l'environnement : batterie rechargeable r\u00e9duisant les d\u00e9chets \u00e9lectroniques.<br class=\"container-utlnW2 wrapper-d0Cc1k undefined\" \/>\u2705 Service client 24\/7 : assistance imm\u00e9diate pour vos questions.<\/div>\n<div class=\"auto-hide-last-sibling-br paragraph-JOTKXA paragraph-element br-paragraph-space\">\ud83d\udc49 Commandez maintenant et vivez la r\u00e9volution !<br class=\"container-utlnW2 wrapper-d0Cc1k undefined\" \/><a class=\"link-ZNPgAX\" href=\"https:\/\/vapingnet.de\/fr\/\" target=\"_blank\" rel=\"noopener\">vapingnet.de<\/a><\/div>","protected":false},"excerpt":{"rendered":"<p>Cigarettes \u00e9lectroniques de haute qualit\u00e9\ud83d\udd25, exp\u00e9di\u00e9es directement depuis le stock de Br\u00eame, livraison en 2-4 jours!<\/p>","protected":false},"featured_media":5009,"template":"","meta":[],"etheme_brands":[],"product_brand":[96],"product_cat":[52,60,59,49,61],"product_tag":[],"class_list":{"0":"post-5008","1":"product","2":"type-product","3":"status-publish","4":"has-post-thumbnail","6":"product_brand-randm-vape","7":"product_cat-vape-9000-zuege","8":"product_cat-c","9":"product_cat-de","10":"product_cat-einweg-e-zigarette","11":"product_cat-f","13":"first","14":"instock","15":"shipping-taxable","16":"purchasable","17":"product-type-variable"},"yoast_head":"<!-- This site is optimized with the Yoast SEO plugin v26.5 - https:\/\/yoast.com\/wordpress\/plugins\/seo\/ -->\n<title>RandM Tornado 9000 Zollfrei bestellen &amp; sofort genie\u00dfen | Vapingnet.de<\/title>\n<meta name=\"description\" content=\"Entdecke RandM Tornado 9000 Zollfrei bestellen &amp; sofort genie\u00dfen bei vapingnet.de, \u25ba Gro\u00dfe Auswahl an Geschmacksrichtungen &amp; super g\u00fcnstig!\" \/>\n<meta name=\"robots\" content=\"index, follow, max-snippet:-1, max-image-preview:large, max-video-preview:-1\" \/>\n<link rel=\"canonical\" href=\"https:\/\/vapingnet.de\/fr\/vape\/randm-tornado-9000-zollfrei-bestellen-sofort-geniessen\/\" \/>\n<meta property=\"og:locale\" content=\"fr_FR\" \/>\n<meta property=\"og:type\" content=\"article\" \/>\n<meta property=\"og:title\" content=\"RandM Tornado 9000 Zollfrei bestellen &amp; sofort genie\u00dfen | Vapingnet.de\" \/>\n<meta property=\"og:description\" content=\"Entdecke RandM Tornado 9000 Zollfrei bestellen &amp; sofort genie\u00dfen bei vapingnet.de, \u25ba Gro\u00dfe Auswahl an Geschmacksrichtungen &amp; super g\u00fcnstig!\" \/>\n<meta property=\"og:url\" content=\"https:\/\/vapingnet.de\/fr\/vape\/randm-tornado-9000-zollfrei-bestellen-sofort-geniessen\/\" \/>\n<meta property=\"og:site_name\" content=\"Vapingnet.de\" \/>\n<meta property=\"article:publisher\" content=\"https:\/\/www.facebook.com\/vapingnetde\/\" \/>\n<meta property=\"article:modified_time\" content=\"2026-03-12T08:38:40+00:00\" \/>\n<meta property=\"og:image\" content=\"https:\/\/vapingnet.de\/wp-content\/uploads\/2025\/03\/randm-9000.webp\" \/>\n\t<meta property=\"og:image:width\" content=\"800\" \/>\n\t<meta property=\"og:image:height\" content=\"800\" \/>\n\t<meta property=\"og:image:type\" content=\"image\/webp\" \/>\n<meta name=\"twitter:card\" content=\"summary_large_image\" \/>\n<meta name=\"twitter:label1\" content=\"Dur\u00e9e de lecture estim\u00e9e\" \/>\n\t<meta name=\"twitter:data1\" content=\"2 minutes\" \/>\n<script type=\"application\/ld+json\" class=\"yoast-schema-graph\">{\"@context\":\"https:\/\/schema.org\",\"@graph\":[{\"@type\":\"WebPage\",\"@id\":\"https:\/\/vapingnet.de\/vape\/randm-tornado-9000-zollfrei-bestellen-sofort-geniessen\/\",\"url\":\"https:\/\/vapingnet.de\/vape\/randm-tornado-9000-zollfrei-bestellen-sofort-geniessen\/\",\"name\":\"RandM Tornado 9000 Zollfrei bestellen & sofort genie\u00dfen | Vapingnet.de\",\"isPartOf\":{\"@id\":\"https:\/\/vapingnet.de\/#website\"},\"primaryImageOfPage\":{\"@id\":\"https:\/\/vapingnet.de\/vape\/randm-tornado-9000-zollfrei-bestellen-sofort-geniessen\/#primaryimage\"},\"image\":{\"@id\":\"https:\/\/vapingnet.de\/vape\/randm-tornado-9000-zollfrei-bestellen-sofort-geniessen\/#primaryimage\"},\"thumbnailUrl\":\"https:\/\/vapingnet.de\/wp-content\/uploads\/2025\/03\/randm-9000.webp\",\"datePublished\":\"2025-03-11T07:55:56+00:00\",\"dateModified\":\"2026-03-12T08:38:40+00:00\",\"description\":\"Entdecke RandM Tornado 9000 Zollfrei bestellen & sofort genie\u00dfen bei vapingnet.de, \u25ba Gro\u00dfe Auswahl an Geschmacksrichtungen & super g\u00fcnstig!\",\"breadcrumb\":{\"@id\":\"https:\/\/vapingnet.de\/vape\/randm-tornado-9000-zollfrei-bestellen-sofort-geniessen\/#breadcrumb\"},\"inLanguage\":\"fr-FR\",\"potentialAction\":[{\"@type\":\"ReadAction\",\"target\":[\"https:\/\/vapingnet.de\/vape\/randm-tornado-9000-zollfrei-bestellen-sofort-geniessen\/\"]}]},{\"@type\":\"ImageObject\",\"inLanguage\":\"fr-FR\",\"@id\":\"https:\/\/vapingnet.de\/vape\/randm-tornado-9000-zollfrei-bestellen-sofort-geniessen\/#primaryimage\",\"url\":\"https:\/\/vapingnet.de\/wp-content\/uploads\/2025\/03\/randm-9000.webp\",\"contentUrl\":\"https:\/\/vapingnet.de\/wp-content\/uploads\/2025\/03\/randm-9000.webp\",\"width\":800,\"height\":800,\"caption\":\"randm-9000\"},{\"@type\":\"BreadcrumbList\",\"@id\":\"https:\/\/vapingnet.de\/vape\/randm-tornado-9000-zollfrei-bestellen-sofort-geniessen\/#breadcrumb\",\"itemListElement\":[{\"@type\":\"ListItem\",\"position\":1,\"name\":\"Home\",\"item\":\"https:\/\/vapingnet.de\/\"},{\"@type\":\"ListItem\",\"position\":2,\"name\":\"Shop\",\"item\":\"https:\/\/vapingnet.de\/vape\/\"},{\"@type\":\"ListItem\",\"position\":3,\"name\":\"RandM Tornado 9000 Zollfrei bestellen &#038; sofort genie\u00dfen\"}]},{\"@type\":\"WebSite\",\"@id\":\"https:\/\/vapingnet.de\/#website\",\"url\":\"https:\/\/vapingnet.de\/\",\"name\":\"Vapingnet.de\",\"description\":\"\",\"publisher\":{\"@id\":\"https:\/\/vapingnet.de\/#organization\"},\"potentialAction\":[{\"@type\":\"SearchAction\",\"target\":{\"@type\":\"EntryPoint\",\"urlTemplate\":\"https:\/\/vapingnet.de\/?s={search_term_string}\"},\"query-input\":{\"@type\":\"PropertyValueSpecification\",\"valueRequired\":true,\"valueName\":\"search_term_string\"}}],\"inLanguage\":\"fr-FR\"},{\"@type\":\"Organization\",\"@id\":\"https:\/\/vapingnet.de\/#organization\",\"name\":\"Vapingnet.de\",\"url\":\"https:\/\/vapingnet.de\/\",\"logo\":{\"@type\":\"ImageObject\",\"inLanguage\":\"fr-FR\",\"@id\":\"https:\/\/vapingnet.de\/#\/schema\/logo\/image\/\",\"url\":\"https:\/\/vapingnet.de\/wp-content\/uploads\/2025\/03\/cropped-vapingnet.de_.jpg\",\"contentUrl\":\"https:\/\/vapingnet.de\/wp-content\/uploads\/2025\/03\/cropped-vapingnet.de_.jpg\",\"width\":512,\"height\":512,\"caption\":\"Vapingnet.de\"},\"image\":{\"@id\":\"https:\/\/vapingnet.de\/#\/schema\/logo\/image\/\"},\"sameAs\":[\"https:\/\/www.facebook.com\/vapingnetde\/\"]}]}<\/script>\n<!-- \/ Yoast SEO plugin. -->","yoast_head_json":{"title":"RandM Tornado 9000 Zollfrei bestellen & sofort genie\u00dfen | Vapingnet.de","description":"Entdecke RandM Tornado 9000 Zollfrei bestellen & sofort genie\u00dfen bei vapingnet.de, \u25ba Gro\u00dfe Auswahl an Geschmacksrichtungen & super g\u00fcnstig!","robots":{"index":"index","follow":"follow","max-snippet":"max-snippet:-1","max-image-preview":"max-image-preview:large","max-video-preview":"max-video-preview:-1"},"canonical":"https:\/\/vapingnet.de\/fr\/vape\/randm-tornado-9000-zollfrei-bestellen-sofort-geniessen\/","og_locale":"fr_FR","og_type":"article","og_title":"RandM Tornado 9000 Zollfrei bestellen & sofort genie\u00dfen | Vapingnet.de","og_description":"Entdecke RandM Tornado 9000 Zollfrei bestellen & sofort genie\u00dfen bei vapingnet.de, \u25ba Gro\u00dfe Auswahl an Geschmacksrichtungen & super g\u00fcnstig!","og_url":"https:\/\/vapingnet.de\/fr\/vape\/randm-tornado-9000-zollfrei-bestellen-sofort-geniessen\/","og_site_name":"Vapingnet.de","article_publisher":"https:\/\/www.facebook.com\/vapingnetde\/","article_modified_time":"2026-03-12T08:38:40+00:00","og_image":[{"width":800,"height":800,"url":"https:\/\/vapingnet.de\/wp-content\/uploads\/2025\/03\/randm-9000.webp","type":"image\/webp"}],"twitter_card":"summary_large_image","twitter_misc":{"Dur\u00e9e de lecture estim\u00e9e":"2 minutes"},"schema":{"@context":"https:\/\/schema.org","@graph":[{"@type":"WebPage","@id":"https:\/\/vapingnet.de\/vape\/randm-tornado-9000-zollfrei-bestellen-sofort-geniessen\/","url":"https:\/\/vapingnet.de\/vape\/randm-tornado-9000-zollfrei-bestellen-sofort-geniessen\/","name":"RandM Tornado 9000 Zollfrei bestellen & sofort genie\u00dfen | Vapingnet.de","isPartOf":{"@id":"https:\/\/vapingnet.de\/#website"},"primaryImageOfPage":{"@id":"https:\/\/vapingnet.de\/vape\/randm-tornado-9000-zollfrei-bestellen-sofort-geniessen\/#primaryimage"},"image":{"@id":"https:\/\/vapingnet.de\/vape\/randm-tornado-9000-zollfrei-bestellen-sofort-geniessen\/#primaryimage"},"thumbnailUrl":"https:\/\/vapingnet.de\/wp-content\/uploads\/2025\/03\/randm-9000.webp","datePublished":"2025-03-11T07:55:56+00:00","dateModified":"2026-03-12T08:38:40+00:00","description":"Entdecke RandM Tornado 9000 Zollfrei bestellen & sofort genie\u00dfen bei vapingnet.de, \u25ba Gro\u00dfe Auswahl an Geschmacksrichtungen & super g\u00fcnstig!","breadcrumb":{"@id":"https:\/\/vapingnet.de\/vape\/randm-tornado-9000-zollfrei-bestellen-sofort-geniessen\/#breadcrumb"},"inLanguage":"fr-FR","potentialAction":[{"@type":"ReadAction","target":["https:\/\/vapingnet.de\/vape\/randm-tornado-9000-zollfrei-bestellen-sofort-geniessen\/"]}]},{"@type":"ImageObject","inLanguage":"fr-FR","@id":"https:\/\/vapingnet.de\/vape\/randm-tornado-9000-zollfrei-bestellen-sofort-geniessen\/#primaryimage","url":"https:\/\/vapingnet.de\/wp-content\/uploads\/2025\/03\/randm-9000.webp","contentUrl":"https:\/\/vapingnet.de\/wp-content\/uploads\/2025\/03\/randm-9000.webp","width":800,"height":800,"caption":"randm-9000"},{"@type":"BreadcrumbList","@id":"https:\/\/vapingnet.de\/vape\/randm-tornado-9000-zollfrei-bestellen-sofort-geniessen\/#breadcrumb","itemListElement":[{"@type":"ListItem","position":1,"name":"Home","item":"https:\/\/vapingnet.de\/"},{"@type":"ListItem","position":2,"name":"Shop","item":"https:\/\/vapingnet.de\/vape\/"},{"@type":"ListItem","position":3,"name":"RandM Tornado 9000 Zollfrei bestellen &#038; sofort genie\u00dfen"}]},{"@type":"WebSite","@id":"https:\/\/vapingnet.de\/#website","url":"https:\/\/vapingnet.de\/","name":"Vapingnet.de","description":"","publisher":{"@id":"https:\/\/vapingnet.de\/#organization"},"potentialAction":[{"@type":"SearchAction","target":{"@type":"EntryPoint","urlTemplate":"https:\/\/vapingnet.de\/?s={search_term_string}"},"query-input":{"@type":"PropertyValueSpecification","valueRequired":true,"valueName":"search_term_string"}}],"inLanguage":"fr-FR"},{"@type":"Organization","@id":"https:\/\/vapingnet.de\/#organization","name":"Vapingnet.de","url":"https:\/\/vapingnet.de\/","logo":{"@type":"ImageObject","inLanguage":"fr-FR","@id":"https:\/\/vapingnet.de\/#\/schema\/logo\/image\/","url":"https:\/\/vapingnet.de\/wp-content\/uploads\/2025\/03\/cropped-vapingnet.de_.jpg","contentUrl":"https:\/\/vapingnet.de\/wp-content\/uploads\/2025\/03\/cropped-vapingnet.de_.jpg","width":512,"height":512,"caption":"Vapingnet.de"},"image":{"@id":"https:\/\/vapingnet.de\/#\/schema\/logo\/image\/"},"sameAs":["https:\/\/www.facebook.com\/vapingnetde\/"]}]}},"tiered_pricing_type":"fixed","tiered_pricing_fixed_rules":{"10":"9.22","50":"8.30","110":"7.84","210":"7.38","510":"6.92","1100":"6.16"},"tiered_pricing_product_settings":{"layout":"default","base_unit_name":{"singular":null,"plural":null},"default_variation":null},"tiered_pricing_minimum_quantity":null,"tiered_pricing_roles_data":[],"tiered_pricing_percentage_rules":[],"_links":{"self":[{"href":"https:\/\/vapingnet.de\/fr\/wp-json\/wp\/v2\/product\/5008","targetHints":{"allow":["GET"]}}],"collection":[{"href":"https:\/\/vapingnet.de\/fr\/wp-json\/wp\/v2\/product"}],"about":[{"href":"https:\/\/vapingnet.de\/fr\/wp-json\/wp\/v2\/types\/product"}],"version-history":[{"count":2,"href":"https:\/\/vapingnet.de\/fr\/wp-json\/wp\/v2\/product\/5008\/revisions"}],"predecessor-version":[{"id":5017,"href":"https:\/\/vapingnet.de\/fr\/wp-json\/wp\/v2\/product\/5008\/revisions\/5017"}],"wp:featuredmedia":[{"embeddable":true,"href":"https:\/\/vapingnet.de\/fr\/wp-json\/wp\/v2\/media\/5009"}],"wp:attachment":[{"href":"https:\/\/vapingnet.de\/fr\/wp-json\/wp\/v2\/media?parent=5008"}],"wp:term":[{"taxonomy":"brand","embeddable":true,"href":"https:\/\/vapingnet.de\/fr\/wp-json\/wp\/v2\/etheme_brands?post=5008"},{"taxonomy":"product_brand","embeddable":true,"href":"https:\/\/vapingnet.de\/fr\/wp-json\/wp\/v2\/product_brand?post=5008"},{"taxonomy":"product_cat","embeddable":true,"href":"https:\/\/vapingnet.de\/fr\/wp-json\/wp\/v2\/product_cat?post=5008"},{"taxonomy":"product_tag","embeddable":true,"href":"https:\/\/vapingnet.de\/fr\/wp-json\/wp\/v2\/product_tag?post=5008"}],"curies":[{"name":"wp","href":"https:\/\/api.w.org\/{rel}","templated":true}]}}