{"id":5086,"date":"2025-03-12T03:10:22","date_gmt":"2025-03-12T03:10:22","guid":{"rendered":"https:\/\/vapingnet.de\/?post_type=product&#038;p=5086"},"modified":"2025-06-19T03:42:04","modified_gmt":"2025-06-19T03:42:04","slug":"exklusiv-bang-king-15-000-puffs-double-apfel-top-geschmack","status":"publish","type":"product","link":"https:\/\/vapingnet.de\/fr\/vape\/exklusiv-bang-king-15-000-puffs-double-apfel-top-geschmack\/","title":{"rendered":"Exclusif Bang King 15 000 bouff\u00e9es Pomme Double Top Saveur"},"content":{"rendered":"<h2 data-start=\"0\" data-end=\"83\">Bang King Digital 15000 Puffs \u2013 L'exp\u00e9rience de vapotage ultime, un plaisir durable<\/h2>\n<p data-start=\"85\" data-end=\"551\">Si tu recherches une cigarette \u00e9lectronique jetable de haute qualit\u00e9, durable et riche en saveurs, la Bang King Digital 15000 Puffs est le choix parfait pour toi ! En tant que l'un des principaux produits de marque sur le march\u00e9 des cigarettes \u00e9lectroniques, Bang King offre avec cette <a href=\"https:\/\/vapingnet.de\/fr\/k\/vape-15000-zuege\/\" target=\"_blank\" rel=\"noopener\"><strong>15000 bouff\u00e9es <\/strong><\/a>cigarette \u00e9lectronique jetable longue dur\u00e9e une performance et une exp\u00e9rience utilisateur in\u00e9gal\u00e9es. Que tu sois un d\u00e9butant ou un vapoteur exp\u00e9riment\u00e9, cette cigarette \u00e9lectronique r\u00e9pond \u00e0 tous tes besoins !<\/p>\n<h3 data-start=\"558\" data-end=\"624\">Pourquoi choisir la Bang King Digital 15000 Bouff\u00e9es ?<\/h3>\n<ul>\n<li data-start=\"626\" data-end=\"685\">\ud83d\udd25 Extr\u00eamement longue dur\u00e9e de vie, plaisir durable<br \/>\nAvec 15000 bouff\u00e9es, la Bang King Digital 15000 Puffs offre une dur\u00e9e d'utilisation incroyablement longue, te permettant de profiter du vapotage pendant une longue p\u00e9riode. Chaque bouff\u00e9e est uniforme et stable, te permettant de profiter \u00e0 tout moment d'une vapeur douce et satisfaisante. Cette cigarette \u00e9lectronique est parfaite pour ceux qui souhaitent une longue dur\u00e9e d'utilisation et qui veulent vivre l'exp\u00e9rience du vapotage pendant une p\u00e9riode prolong\u00e9e sans interruption.<\/li>\n<li data-start=\"1160\" data-end=\"1233\">\ud83d\udca8 Une vari\u00e9t\u00e9 de saveurs qui r\u00e9pondent \u00e0 tes go\u00fbts<br \/>\nQue tu sois \u00e0 la recherche d'une exp\u00e9rience gustative fruit\u00e9e ou rafra\u00eechissante, la saveur Double Apple t'offre un \u00e9quilibre parfait entre la douceur naturelle et la fra\u00eecheur des pommes. Chaque bouff\u00e9e donne l'impression de croquer dans une pomme juteuse et fra\u00eeche \u2013 id\u00e9al pour les amateurs d'ar\u00f4mes naturels et rafra\u00eechissants.<\/li>\n<li data-start=\"1617\" data-end=\"1672\">\ud83c\udf08 Effets de lumi\u00e8re LED RGB pour un look moderne<br \/>\nNon seulement le go\u00fbt, mais aussi le design est exceptionnel ! La Bang <a href=\"https:\/\/vapingnet.de\/fr\/bang-king-digital-15000-puffs\/\" target=\"_blank\" rel=\"noopener\"><strong>King Digital 15000 Bouff\u00e9es <\/strong><\/a>est livr\u00e9e avec un effet de lumi\u00e8re LED RGB qui offre des lumi\u00e8res dynamiques et color\u00e9es. Cet ajout visuel te permet non seulement de vivre une exp\u00e9rience de vapotage exceptionnelle, mais aussi d'attirer tous les regards. Les lumi\u00e8res LED font de ta cigarette \u00e9lectronique un accessoire de mode \u2013 id\u00e9al pour souligner ton style personnel.<\/li>\n<li data-start=\"2133\" data-end=\"2178\">\ud83d\udd0b Batterie puissante, chargement pratique<br \/>\nAvec une batterie rechargeable de 650mAh et un port Type-C, la Bang King Digital 15000 Puffs offre un temps de charge rapide et une longue dur\u00e9e d'utilisation. Tu peux facilement la recharger et l'utiliser \u00e0 plusieurs reprises sans avoir \u00e0 te soucier de l'autonomie de la batterie. Un chargement rapide te permet d'\u00eatre pr\u00eat \u00e0 tout moment.<\/li>\n<li data-start=\"2538\" data-end=\"2580\">\ud83c\udf0d Sans douane et livraison rapide<br \/>\nChez vapingnet.de, tu commandes la Bang King Digital 15000 Puffs avec une livraison hors douane, ce qui t'\u00e9vite de devoir te soucier de frais suppl\u00e9mentaires. Notre livraison rapide garantit que tu recevras ton produit dans les plus brefs d\u00e9lais, sans avoir \u00e0 attendre longtemps ta commande.<\/li>\n<li data-start=\"2925\" data-end=\"2984\">\ud83d\udca7 Diff\u00e9rentes concentrations de nicotine \u2013 pour tous les go\u00fbts<br \/>\nQue tu souhaites vapoter sans nicotine ou que tu pr\u00e9f\u00e8res une concentration de nicotine l\u00e9g\u00e8re \u00e0 forte, nous t'offrons la possibilit\u00e9 de choisir entre 0%, 2%, 3%, 5% de nicotine. Note que 0% et 3% de nicotine ne sont disponibles qu'en plus grandes quantit\u00e9s \u2013 tu peux ainsi profiter exactement de l'exp\u00e9rience nicotinique que tu souhaites.<\/li>\n<li data-start=\"3311\" data-end=\"3361\">\ud83d\udce6 L\u00e9ger, compact et id\u00e9al pour les d\u00e9placements<br \/>\nAvec seulement 90g, la Bang King Digital 15000 Puffs est particuli\u00e8rement l\u00e9g\u00e8re et portable, ce qui te permet de l'emporter partout avec toi. Elle se glisse facilement dans n'importe quelle poche et est toujours pr\u00eate \u00e0 l'emploi, o\u00f9 que tu sois.<\/li>\n<\/ul>\n<h3 data-start=\"3601\" data-end=\"3694\">Procure-toi d\u00e8s maintenant la Bang King Digital 15000 Puffs et vis l'exp\u00e9rience de vapotage parfaite !<\/h3>\n<p data-start=\"3696\" data-end=\"4066\">Si tu es \u00e0 la recherche d'une cigarette \u00e9lectronique jetable de haute qualit\u00e9, performante et \u00e9l\u00e9gante, alors la Bang King Digital 15000 Puffs est exactement ce dont tu as besoin ! Visite <a href=\"https:\/\/vapingnet.de\/fr\/\" target=\"_new\" rel=\"noopener\" data-start=\"3889\" data-end=\"3926\">vapingnet.de<\/a> et d\u00e9couvrez la cigarette \u00e9lectronique parfaite pour vous \u2013 avec livraison rapide, livraison hors taxes et une large s\u00e9lection de concentrations de nicotine.<\/p>\n<p data-start=\"4068\" data-end=\"4148\" data-is-last-node=\"\" data-is-only-node=\"\">Commandez maintenant, profitez d'une livraison rapide et commencez votre exp\u00e9rience de vapotage !<\/p>","protected":false},"excerpt":{"rendered":"<p>Bang King Digital 15000 Puffs \u2013 Ultimatives Dampfen, langanhaltender Genuss Wenn du nach einer hochwertigen, langlebigen und geschmacksintensiven Einweg-E-Zigarette suchst, ist die Bang King Digital&#8230;<\/p>","protected":false},"featured_media":5087,"template":"","meta":[],"etheme_brands":[],"product_brand":[101],"product_cat":[53,49,61],"product_tag":[],"class_list":{"0":"post-5086","1":"product","2":"type-product","3":"status-publish","4":"has-post-thumbnail","6":"product_brand-bang-king-vape","7":"product_cat-vape-15000-zuege","8":"product_cat-einweg-e-zigarette","9":"product_cat-f","11":"first","12":"instock","13":"shipping-taxable","14":"purchasable","15":"product-type-simple"},"yoast_head":"<!-- This site is optimized with the Yoast SEO plugin v26.5 - https:\/\/yoast.com\/wordpress\/plugins\/seo\/ -->\n<title>Exklusiv Bang King 15.000 Puffs Double Apfel Top Geschmack | Vapingnet.de<\/title>\n<meta name=\"description\" content=\"Entdecke Exklusiv Bang King 15.000 Puffs Double Apfel Top Geschmack bei vapingnet.de, \u25ba Gro\u00dfe Auswahl an Geschmacksrichtungen &amp; super g\u00fcnstig!\" \/>\n<meta name=\"robots\" content=\"index, follow, max-snippet:-1, max-image-preview:large, max-video-preview:-1\" \/>\n<link rel=\"canonical\" href=\"https:\/\/vapingnet.de\/fr\/vape\/exklusiv-bang-king-15-000-puffs-double-apfel-top-geschmack\/\" \/>\n<meta property=\"og:locale\" content=\"fr_FR\" \/>\n<meta property=\"og:type\" content=\"article\" \/>\n<meta property=\"og:title\" content=\"Exklusiv Bang King 15.000 Puffs Double Apfel Top Geschmack | Vapingnet.de\" \/>\n<meta property=\"og:description\" content=\"Entdecke Exklusiv Bang King 15.000 Puffs Double Apfel Top Geschmack bei vapingnet.de, \u25ba Gro\u00dfe Auswahl an Geschmacksrichtungen &amp; super g\u00fcnstig!\" \/>\n<meta property=\"og:url\" content=\"https:\/\/vapingnet.de\/fr\/vape\/exklusiv-bang-king-15-000-puffs-double-apfel-top-geschmack\/\" \/>\n<meta property=\"og:site_name\" content=\"Vapingnet.de\" \/>\n<meta property=\"article:publisher\" content=\"https:\/\/www.facebook.com\/vapingnetde\/\" \/>\n<meta property=\"article:modified_time\" content=\"2025-06-19T03:42:04+00:00\" \/>\n<meta property=\"og:image\" content=\"https:\/\/vapingnet.de\/wp-content\/uploads\/2025\/03\/Double-Apple.png\" \/>\n\t<meta property=\"og:image:width\" content=\"900\" \/>\n\t<meta property=\"og:image:height\" content=\"600\" \/>\n\t<meta property=\"og:image:type\" content=\"image\/png\" \/>\n<meta name=\"twitter:card\" content=\"summary_large_image\" \/>\n<meta name=\"twitter:label1\" content=\"Dur\u00e9e de lecture estim\u00e9e\" \/>\n\t<meta name=\"twitter:data1\" content=\"4 minutes\" \/>\n<script type=\"application\/ld+json\" class=\"yoast-schema-graph\">{\"@context\":\"https:\/\/schema.org\",\"@graph\":[{\"@type\":\"WebPage\",\"@id\":\"https:\/\/vapingnet.de\/vape\/exklusiv-bang-king-15-000-puffs-double-apfel-top-geschmack\/\",\"url\":\"https:\/\/vapingnet.de\/vape\/exklusiv-bang-king-15-000-puffs-double-apfel-top-geschmack\/\",\"name\":\"Exklusiv Bang King 15.000 Puffs Double Apfel Top Geschmack | Vapingnet.de\",\"isPartOf\":{\"@id\":\"https:\/\/vapingnet.de\/#website\"},\"primaryImageOfPage\":{\"@id\":\"https:\/\/vapingnet.de\/vape\/exklusiv-bang-king-15-000-puffs-double-apfel-top-geschmack\/#primaryimage\"},\"image\":{\"@id\":\"https:\/\/vapingnet.de\/vape\/exklusiv-bang-king-15-000-puffs-double-apfel-top-geschmack\/#primaryimage\"},\"thumbnailUrl\":\"https:\/\/vapingnet.de\/wp-content\/uploads\/2025\/03\/Double-Apple.png\",\"datePublished\":\"2025-03-12T03:10:22+00:00\",\"dateModified\":\"2025-06-19T03:42:04+00:00\",\"description\":\"Entdecke Exklusiv Bang King 15.000 Puffs Double Apfel Top Geschmack bei vapingnet.de, \u25ba Gro\u00dfe Auswahl an Geschmacksrichtungen & super g\u00fcnstig!\",\"breadcrumb\":{\"@id\":\"https:\/\/vapingnet.de\/vape\/exklusiv-bang-king-15-000-puffs-double-apfel-top-geschmack\/#breadcrumb\"},\"inLanguage\":\"fr-FR\",\"potentialAction\":[{\"@type\":\"ReadAction\",\"target\":[\"https:\/\/vapingnet.de\/vape\/exklusiv-bang-king-15-000-puffs-double-apfel-top-geschmack\/\"]}]},{\"@type\":\"ImageObject\",\"inLanguage\":\"fr-FR\",\"@id\":\"https:\/\/vapingnet.de\/vape\/exklusiv-bang-king-15-000-puffs-double-apfel-top-geschmack\/#primaryimage\",\"url\":\"https:\/\/vapingnet.de\/wp-content\/uploads\/2025\/03\/Double-Apple.png\",\"contentUrl\":\"https:\/\/vapingnet.de\/wp-content\/uploads\/2025\/03\/Double-Apple.png\",\"width\":900,\"height\":600,\"caption\":\"Double Apple\"},{\"@type\":\"BreadcrumbList\",\"@id\":\"https:\/\/vapingnet.de\/vape\/exklusiv-bang-king-15-000-puffs-double-apfel-top-geschmack\/#breadcrumb\",\"itemListElement\":[{\"@type\":\"ListItem\",\"position\":1,\"name\":\"Home\",\"item\":\"https:\/\/vapingnet.de\/\"},{\"@type\":\"ListItem\",\"position\":2,\"name\":\"Shop\",\"item\":\"https:\/\/vapingnet.de\/vape\/\"},{\"@type\":\"ListItem\",\"position\":3,\"name\":\"Exklusiv Bang King 15.000 Puffs Double Apfel Top Geschmack\"}]},{\"@type\":\"WebSite\",\"@id\":\"https:\/\/vapingnet.de\/#website\",\"url\":\"https:\/\/vapingnet.de\/\",\"name\":\"Vapingnet.de\",\"description\":\"\",\"publisher\":{\"@id\":\"https:\/\/vapingnet.de\/#organization\"},\"potentialAction\":[{\"@type\":\"SearchAction\",\"target\":{\"@type\":\"EntryPoint\",\"urlTemplate\":\"https:\/\/vapingnet.de\/?s={search_term_string}\"},\"query-input\":{\"@type\":\"PropertyValueSpecification\",\"valueRequired\":true,\"valueName\":\"search_term_string\"}}],\"inLanguage\":\"fr-FR\"},{\"@type\":\"Organization\",\"@id\":\"https:\/\/vapingnet.de\/#organization\",\"name\":\"Vapingnet.de\",\"url\":\"https:\/\/vapingnet.de\/\",\"logo\":{\"@type\":\"ImageObject\",\"inLanguage\":\"fr-FR\",\"@id\":\"https:\/\/vapingnet.de\/#\/schema\/logo\/image\/\",\"url\":\"https:\/\/vapingnet.de\/wp-content\/uploads\/2025\/03\/cropped-vapingnet.de_.jpg\",\"contentUrl\":\"https:\/\/vapingnet.de\/wp-content\/uploads\/2025\/03\/cropped-vapingnet.de_.jpg\",\"width\":512,\"height\":512,\"caption\":\"Vapingnet.de\"},\"image\":{\"@id\":\"https:\/\/vapingnet.de\/#\/schema\/logo\/image\/\"},\"sameAs\":[\"https:\/\/www.facebook.com\/vapingnetde\/\"]}]}<\/script>\n<!-- \/ Yoast SEO plugin. -->","yoast_head_json":{"title":"Exklusiv Bang King 15.000 Puffs Double Apfel Top Geschmack | Vapingnet.de","description":"Entdecke Exklusiv Bang King 15.000 Puffs Double Apfel Top Geschmack bei vapingnet.de, \u25ba Gro\u00dfe Auswahl an Geschmacksrichtungen & super g\u00fcnstig!","robots":{"index":"index","follow":"follow","max-snippet":"max-snippet:-1","max-image-preview":"max-image-preview:large","max-video-preview":"max-video-preview:-1"},"canonical":"https:\/\/vapingnet.de\/fr\/vape\/exklusiv-bang-king-15-000-puffs-double-apfel-top-geschmack\/","og_locale":"fr_FR","og_type":"article","og_title":"Exklusiv Bang King 15.000 Puffs Double Apfel Top Geschmack | Vapingnet.de","og_description":"Entdecke Exklusiv Bang King 15.000 Puffs Double Apfel Top Geschmack bei vapingnet.de, \u25ba Gro\u00dfe Auswahl an Geschmacksrichtungen & super g\u00fcnstig!","og_url":"https:\/\/vapingnet.de\/fr\/vape\/exklusiv-bang-king-15-000-puffs-double-apfel-top-geschmack\/","og_site_name":"Vapingnet.de","article_publisher":"https:\/\/www.facebook.com\/vapingnetde\/","article_modified_time":"2025-06-19T03:42:04+00:00","og_image":[{"width":900,"height":600,"url":"https:\/\/vapingnet.de\/wp-content\/uploads\/2025\/03\/Double-Apple.png","type":"image\/png"}],"twitter_card":"summary_large_image","twitter_misc":{"Dur\u00e9e de lecture estim\u00e9e":"4 minutes"},"schema":{"@context":"https:\/\/schema.org","@graph":[{"@type":"WebPage","@id":"https:\/\/vapingnet.de\/vape\/exklusiv-bang-king-15-000-puffs-double-apfel-top-geschmack\/","url":"https:\/\/vapingnet.de\/vape\/exklusiv-bang-king-15-000-puffs-double-apfel-top-geschmack\/","name":"Exklusiv Bang King 15.000 Puffs Double Apfel Top Geschmack | Vapingnet.de","isPartOf":{"@id":"https:\/\/vapingnet.de\/#website"},"primaryImageOfPage":{"@id":"https:\/\/vapingnet.de\/vape\/exklusiv-bang-king-15-000-puffs-double-apfel-top-geschmack\/#primaryimage"},"image":{"@id":"https:\/\/vapingnet.de\/vape\/exklusiv-bang-king-15-000-puffs-double-apfel-top-geschmack\/#primaryimage"},"thumbnailUrl":"https:\/\/vapingnet.de\/wp-content\/uploads\/2025\/03\/Double-Apple.png","datePublished":"2025-03-12T03:10:22+00:00","dateModified":"2025-06-19T03:42:04+00:00","description":"Entdecke Exklusiv Bang King 15.000 Puffs Double Apfel Top Geschmack bei vapingnet.de, \u25ba Gro\u00dfe Auswahl an Geschmacksrichtungen & super g\u00fcnstig!","breadcrumb":{"@id":"https:\/\/vapingnet.de\/vape\/exklusiv-bang-king-15-000-puffs-double-apfel-top-geschmack\/#breadcrumb"},"inLanguage":"fr-FR","potentialAction":[{"@type":"ReadAction","target":["https:\/\/vapingnet.de\/vape\/exklusiv-bang-king-15-000-puffs-double-apfel-top-geschmack\/"]}]},{"@type":"ImageObject","inLanguage":"fr-FR","@id":"https:\/\/vapingnet.de\/vape\/exklusiv-bang-king-15-000-puffs-double-apfel-top-geschmack\/#primaryimage","url":"https:\/\/vapingnet.de\/wp-content\/uploads\/2025\/03\/Double-Apple.png","contentUrl":"https:\/\/vapingnet.de\/wp-content\/uploads\/2025\/03\/Double-Apple.png","width":900,"height":600,"caption":"Double Apple"},{"@type":"BreadcrumbList","@id":"https:\/\/vapingnet.de\/vape\/exklusiv-bang-king-15-000-puffs-double-apfel-top-geschmack\/#breadcrumb","itemListElement":[{"@type":"ListItem","position":1,"name":"Home","item":"https:\/\/vapingnet.de\/"},{"@type":"ListItem","position":2,"name":"Shop","item":"https:\/\/vapingnet.de\/vape\/"},{"@type":"ListItem","position":3,"name":"Exklusiv Bang King 15.000 Puffs Double Apfel Top Geschmack"}]},{"@type":"WebSite","@id":"https:\/\/vapingnet.de\/#website","url":"https:\/\/vapingnet.de\/","name":"Vapingnet.de","description":"","publisher":{"@id":"https:\/\/vapingnet.de\/#organization"},"potentialAction":[{"@type":"SearchAction","target":{"@type":"EntryPoint","urlTemplate":"https:\/\/vapingnet.de\/?s={search_term_string}"},"query-input":{"@type":"PropertyValueSpecification","valueRequired":true,"valueName":"search_term_string"}}],"inLanguage":"fr-FR"},{"@type":"Organization","@id":"https:\/\/vapingnet.de\/#organization","name":"Vapingnet.de","url":"https:\/\/vapingnet.de\/","logo":{"@type":"ImageObject","inLanguage":"fr-FR","@id":"https:\/\/vapingnet.de\/#\/schema\/logo\/image\/","url":"https:\/\/vapingnet.de\/wp-content\/uploads\/2025\/03\/cropped-vapingnet.de_.jpg","contentUrl":"https:\/\/vapingnet.de\/wp-content\/uploads\/2025\/03\/cropped-vapingnet.de_.jpg","width":512,"height":512,"caption":"Vapingnet.de"},"image":{"@id":"https:\/\/vapingnet.de\/#\/schema\/logo\/image\/"},"sameAs":["https:\/\/www.facebook.com\/vapingnetde\/"]}]}},"tiered_pricing_type":"fixed","tiered_pricing_fixed_rules":{"10":"6.83","60":"6.15","110":"5.46","200":"4.78"},"tiered_pricing_product_settings":{"layout":"default","base_unit_name":{"singular":null,"plural":null},"default_variation":null},"tiered_pricing_minimum_quantity":null,"tiered_pricing_roles_data":[],"tiered_pricing_percentage_rules":[],"_links":{"self":[{"href":"https:\/\/vapingnet.de\/fr\/wp-json\/wp\/v2\/product\/5086","targetHints":{"allow":["GET"]}}],"collection":[{"href":"https:\/\/vapingnet.de\/fr\/wp-json\/wp\/v2\/product"}],"about":[{"href":"https:\/\/vapingnet.de\/fr\/wp-json\/wp\/v2\/types\/product"}],"version-history":[{"count":2,"href":"https:\/\/vapingnet.de\/fr\/wp-json\/wp\/v2\/product\/5086\/revisions"}],"predecessor-version":[{"id":6316,"href":"https:\/\/vapingnet.de\/fr\/wp-json\/wp\/v2\/product\/5086\/revisions\/6316"}],"wp:featuredmedia":[{"embeddable":true,"href":"https:\/\/vapingnet.de\/fr\/wp-json\/wp\/v2\/media\/5087"}],"wp:attachment":[{"href":"https:\/\/vapingnet.de\/fr\/wp-json\/wp\/v2\/media?parent=5086"}],"wp:term":[{"taxonomy":"brand","embeddable":true,"href":"https:\/\/vapingnet.de\/fr\/wp-json\/wp\/v2\/etheme_brands?post=5086"},{"taxonomy":"product_brand","embeddable":true,"href":"https:\/\/vapingnet.de\/fr\/wp-json\/wp\/v2\/product_brand?post=5086"},{"taxonomy":"product_cat","embeddable":true,"href":"https:\/\/vapingnet.de\/fr\/wp-json\/wp\/v2\/product_cat?post=5086"},{"taxonomy":"product_tag","embeddable":true,"href":"https:\/\/vapingnet.de\/fr\/wp-json\/wp\/v2\/product_tag?post=5086"}],"curies":[{"name":"wp","href":"https:\/\/api.w.org\/{rel}","templated":true}]}}