{"id":5089,"date":"2025-12-12T03:19:08","date_gmt":"2025-12-12T03:19:08","guid":{"rendered":"https:\/\/vapingnet.de\/?post_type=product&#038;p=5089"},"modified":"2025-12-13T02:44:00","modified_gmt":"2025-12-13T02:44:00","slug":"bang-king-digital-15000-puffs-peach-mango-der-perfekte-begleiter-fuer-ihre-freizeit","status":"publish","type":"product","link":"https:\/\/vapingnet.de\/fr\/vape\/bang-king-digital-15000-puffs-peach-mango-der-perfekte-begleiter-fuer-ihre-freizeit\/","title":{"rendered":"Bang King Digital 15000 Puffs Peach Mango Le compagnon parfait pour vos loisirs"},"content":{"rendered":"<h2 data-start=\"0\" data-end=\"86\">Bang King Digital 15000 Puffs \u2013 D\u00e9passer les limites, surpasser les attentes<\/h2>\n<p data-start=\"88\" data-end=\"489\">\u00cates-vous \u00e0 la recherche d'une cigarette \u00e9lectronique durable, \u00e9l\u00e9gante et innovante ? <a href=\"https:\/\/vapingnet.de\/fr\/bang-king-digital-15000-puffs\/\" target=\"_blank\" rel=\"noopener\"><strong>Bang King Num\u00e9rique 15000 Bouff\u00e9es<\/strong><\/a> est le choix parfait pour vous. Avec une dur\u00e9e de vie de 15 000 bouff\u00e9es, cette cigarette \u00e9lectronique vous offre une exp\u00e9rience de vapotage ininterrompue et unique. Que vous pr\u00e9f\u00e9riez un go\u00fbt intense ou une performance efficace, ce vaporisateur vous offre l'\u00e9quilibre parfait.<\/p>\n<h4 data-start=\"496\" data-end=\"518\">Caract\u00e9ristiques principales :<\/h4>\n<ul>\n<li data-start=\"520\" data-end=\"582\">15000 bouff\u00e9es, un plaisir durable sans interruption<br \/>\nLe Bang King Digital 15000 Puffs vous garantit, gr\u00e2ce \u00e0 son extr\u00eame grande capacit\u00e9, une exp\u00e9rience de fumage continue de plus de 15 000 bouff\u00e9es. Vous pouvez profiter de la cigarette \u00e9lectronique sans avoir \u00e0 constamment la remplir ou \u00e0 changer d'appareil, ce qui en fait un choix id\u00e9al pour un usage quotidien. Pour tous ceux qui recherchent une solution pratique et durable, c'est l'option parfaite.<\/li>\n<li data-start=\"980\" data-end=\"1031\">Go\u00fbt p\u00eache mangue, fra\u00eecheur estivale<br \/>\nQue vous soyez dans votre quotidien professionnel tr\u00e9pidant ou dans vos loisirs d\u00e9tendus, le go\u00fbt p\u00eache mangue vous procure un plaisir rafra\u00eechissant. La combinaison parfaite de la p\u00eache et de la mangue apporte un go\u00fbt de fruit tropical sucr\u00e9 qui conf\u00e8re \u00e0 chaque inhalation une fra\u00eecheur et une douceur naturelles \u2013 comme un s\u00e9jour dans un verger tropical.<\/li>\n<li data-start=\"1413\" data-end=\"1494\">Effets de lumi\u00e8re LED RGB, l'interaction parfaite du design et de l'exp\u00e9rience<br \/>\nIl s'agit de la <a href=\"https:\/\/vapingnet.de\/fr\/Brands\/bang-king-vape\/\" target=\"_blank\" rel=\"noopener\"><strong>Bang King vape<\/strong><\/a> pas seulement du go\u00fbt, mais aussi de l'impression visuelle. Les effets de lumi\u00e8re LED RGB garantissent que la cigarette \u00e9lectronique brille d'une lumi\u00e8re \u00e9l\u00e9gante \u00e0 chaque utilisation. Elle attire tous les regards et devient une d\u00e9claration de mode cool. Chaque inhalation est accompagn\u00e9e d'un effet de lumi\u00e8re fascinant \u2013 une cigarette \u00e9lectronique qui est plus qu'un simple produit.<\/li>\n<li data-start=\"1938\" data-end=\"2014\">Batterie rechargeable, dur\u00e9e de vie plus longue et respectueuse de l'environnement<br \/>\nAvec la batterie rechargeable int\u00e9gr\u00e9e de 650 mAh et le port Type-C pratique, le Bang King Digital 15000 Puffs offre une vitesse de charge rapide. En tr\u00e8s peu de temps, la cigarette \u00e9lectronique est de nouveau pr\u00eate \u00e0 l'emploi. Vous n'avez pas \u00e0 vous soucier des batteries constamment vides \u2013 respectueux de l'environnement et pratique !<\/li>\n<li data-start=\"2354\" data-end=\"2414\">Grande capacit\u00e9 d'e-liquide pour un plaisir durable<br \/>\nAvec 25 ml d'e-liquide, vous n'avez pas \u00e0 vous soucier constamment du remplissage ou du changement d'appareil. Chaque inhalation reste riche et savoureuse. Vous pouvez choisir entre 0%, 2%, 3% ou 5% de nicotine, selon vos pr\u00e9f\u00e9rences. La grande capacit\u00e9 d'e-liquide vous permet de profiter plus longtemps sans avoir \u00e0 recharger constamment.<\/li>\n<\/ul>\n<h3>Pourquoi devriez-vous choisir le Bang King Digital 15000 Puffs ?<\/h3>\n<ul data-start=\"3208\" data-end=\"3623\">\n<li data-start=\"3208\" data-end=\"3272\">Longue dur\u00e9e de vie : 15 000 bouff\u00e9es pour un plaisir durable.<\/li>\n<li data-start=\"3273\" data-end=\"3348\">Go\u00fbt excellent : P\u00eache Mangue pour une exp\u00e9rience fruit\u00e9e tropicale.<\/li>\n<li data-start=\"3349\" data-end=\"3417\">Effets de lumi\u00e8re RGB \u00e9l\u00e9gants : Votre vaporisateur attire tous les regards.<\/li>\n<li data-start=\"3418\" data-end=\"3490\">Grande capacit\u00e9 d'e-liquide : 25 ml pour une utilisation longue dur\u00e9e sans remplissage.<\/li>\n<li data-start=\"3491\" data-end=\"3570\">Aucun frais de douane : Aucun co\u00fbt cach\u00e9 \u2013 le prix est transparent.<\/li>\n<\/ul>\n<p data-start=\"3630\" data-end=\"3940\" data-is-last-node=\"\" data-is-only-node=\"\">Visitez maintenant <a href=\"https:\/\/vapingnet.de\/fr\/\" target=\"_new\" rel=\"noopener\" data-start=\"3646\" data-end=\"3683\">vapingnet.de<\/a> et commande ton Bang King Digital 15000 Puffs ! Plonge dans l'exp\u00e9rience ultime de vapotage et d\u00e9couvre la cigarette \u00e9lectronique qui est \u00e0 la fois puissante et \u00e9l\u00e9gante. Obtiens ta cigarette \u00e9lectronique et commence ton exp\u00e9rience de vapotage unique d\u00e8s maintenant !<\/p>","protected":false},"excerpt":{"rendered":"<p>Bang King Digital 15000 Puffs \u2013 Repousser les limites, d\u00e9passer les attentes. Es-tu \u00e0 la recherche d'une cigarette \u00e9lectronique durable, \u00e9l\u00e9gante et innovante ? Bang King Digital...<\/p>","protected":false},"featured_media":5090,"template":"","meta":[],"etheme_brands":[],"product_brand":[101],"product_cat":[53,49,61],"product_tag":[],"class_list":{"0":"post-5089","1":"product","2":"type-product","3":"status-publish","4":"has-post-thumbnail","6":"product_brand-bang-king-vape","7":"product_cat-vape-15000-zuege","8":"product_cat-einweg-e-zigarette","9":"product_cat-f","11":"first","12":"instock","13":"shipping-taxable","14":"purchasable","15":"product-type-simple"},"yoast_head":"<!-- This site is optimized with the Yoast SEO plugin v26.5 - https:\/\/yoast.com\/wordpress\/plugins\/seo\/ -->\n<title>Bang King Digital 15000 Puffs Peach Mango Der perfekte Begleiter f\u00fcr Ihre Freizeit | Vapingnet.de<\/title>\n<meta name=\"description\" content=\"Entdecke Bang King Digital 15000 Puffs Peach Mango Der perfekte Begleiter f\u00fcr Ihre Freizeit bei vapingnet.de, \u25ba Gro\u00dfe Auswahl an Geschmacksrichtungen &amp; super g\u00fcnstig!\" \/>\n<meta name=\"robots\" content=\"index, follow, max-snippet:-1, max-image-preview:large, max-video-preview:-1\" \/>\n<link rel=\"canonical\" href=\"https:\/\/vapingnet.de\/fr\/vape\/bang-king-digital-15000-puffs-peach-mango-der-perfekte-begleiter-fuer-ihre-freizeit\/\" \/>\n<meta property=\"og:locale\" content=\"fr_FR\" \/>\n<meta property=\"og:type\" content=\"article\" \/>\n<meta property=\"og:title\" content=\"Bang King Digital 15000 Puffs Peach Mango Der perfekte Begleiter f\u00fcr Ihre Freizeit | Vapingnet.de\" \/>\n<meta property=\"og:description\" content=\"Entdecke Bang King Digital 15000 Puffs Peach Mango Der perfekte Begleiter f\u00fcr Ihre Freizeit bei vapingnet.de, \u25ba Gro\u00dfe Auswahl an Geschmacksrichtungen &amp; super g\u00fcnstig!\" \/>\n<meta property=\"og:url\" content=\"https:\/\/vapingnet.de\/fr\/vape\/bang-king-digital-15000-puffs-peach-mango-der-perfekte-begleiter-fuer-ihre-freizeit\/\" \/>\n<meta property=\"og:site_name\" content=\"Vapingnet.de\" \/>\n<meta property=\"article:publisher\" content=\"https:\/\/www.facebook.com\/vapingnetde\/\" \/>\n<meta property=\"article:modified_time\" content=\"2025-12-13T02:44:00+00:00\" \/>\n<meta property=\"og:image\" content=\"https:\/\/vapingnet.de\/wp-content\/uploads\/2025\/03\/Peach-Mango.png\" \/>\n\t<meta property=\"og:image:width\" content=\"900\" \/>\n\t<meta property=\"og:image:height\" content=\"600\" \/>\n\t<meta property=\"og:image:type\" content=\"image\/png\" \/>\n<meta name=\"twitter:card\" content=\"summary_large_image\" \/>\n<meta name=\"twitter:label1\" content=\"Dur\u00e9e de lecture estim\u00e9e\" \/>\n\t<meta name=\"twitter:data1\" content=\"3 minutes\" \/>\n<script type=\"application\/ld+json\" class=\"yoast-schema-graph\">{\"@context\":\"https:\/\/schema.org\",\"@graph\":[{\"@type\":\"WebPage\",\"@id\":\"https:\/\/vapingnet.de\/vape\/bang-king-digital-15000-puffs-peach-mango-der-perfekte-begleiter-fuer-ihre-freizeit\/\",\"url\":\"https:\/\/vapingnet.de\/vape\/bang-king-digital-15000-puffs-peach-mango-der-perfekte-begleiter-fuer-ihre-freizeit\/\",\"name\":\"Bang King Digital 15000 Puffs Peach Mango Der perfekte Begleiter f\u00fcr Ihre Freizeit | Vapingnet.de\",\"isPartOf\":{\"@id\":\"https:\/\/vapingnet.de\/#website\"},\"primaryImageOfPage\":{\"@id\":\"https:\/\/vapingnet.de\/vape\/bang-king-digital-15000-puffs-peach-mango-der-perfekte-begleiter-fuer-ihre-freizeit\/#primaryimage\"},\"image\":{\"@id\":\"https:\/\/vapingnet.de\/vape\/bang-king-digital-15000-puffs-peach-mango-der-perfekte-begleiter-fuer-ihre-freizeit\/#primaryimage\"},\"thumbnailUrl\":\"https:\/\/vapingnet.de\/wp-content\/uploads\/2025\/03\/Peach-Mango.png\",\"datePublished\":\"2025-12-12T03:19:08+00:00\",\"dateModified\":\"2025-12-13T02:44:00+00:00\",\"description\":\"Entdecke Bang King Digital 15000 Puffs Peach Mango Der perfekte Begleiter f\u00fcr Ihre Freizeit bei vapingnet.de, \u25ba Gro\u00dfe Auswahl an Geschmacksrichtungen & super g\u00fcnstig!\",\"breadcrumb\":{\"@id\":\"https:\/\/vapingnet.de\/vape\/bang-king-digital-15000-puffs-peach-mango-der-perfekte-begleiter-fuer-ihre-freizeit\/#breadcrumb\"},\"inLanguage\":\"fr-FR\",\"potentialAction\":[{\"@type\":\"ReadAction\",\"target\":[\"https:\/\/vapingnet.de\/vape\/bang-king-digital-15000-puffs-peach-mango-der-perfekte-begleiter-fuer-ihre-freizeit\/\"]}]},{\"@type\":\"ImageObject\",\"inLanguage\":\"fr-FR\",\"@id\":\"https:\/\/vapingnet.de\/vape\/bang-king-digital-15000-puffs-peach-mango-der-perfekte-begleiter-fuer-ihre-freizeit\/#primaryimage\",\"url\":\"https:\/\/vapingnet.de\/wp-content\/uploads\/2025\/03\/Peach-Mango.png\",\"contentUrl\":\"https:\/\/vapingnet.de\/wp-content\/uploads\/2025\/03\/Peach-Mango.png\",\"width\":900,\"height\":600,\"caption\":\"Peach Mango\"},{\"@type\":\"BreadcrumbList\",\"@id\":\"https:\/\/vapingnet.de\/vape\/bang-king-digital-15000-puffs-peach-mango-der-perfekte-begleiter-fuer-ihre-freizeit\/#breadcrumb\",\"itemListElement\":[{\"@type\":\"ListItem\",\"position\":1,\"name\":\"Home\",\"item\":\"https:\/\/vapingnet.de\/\"},{\"@type\":\"ListItem\",\"position\":2,\"name\":\"Shop\",\"item\":\"https:\/\/vapingnet.de\/vape\/\"},{\"@type\":\"ListItem\",\"position\":3,\"name\":\"Bang King Digital 15000 Puffs Peach Mango Der perfekte Begleiter f\u00fcr Ihre Freizeit\"}]},{\"@type\":\"WebSite\",\"@id\":\"https:\/\/vapingnet.de\/#website\",\"url\":\"https:\/\/vapingnet.de\/\",\"name\":\"Vapingnet.de\",\"description\":\"\",\"publisher\":{\"@id\":\"https:\/\/vapingnet.de\/#organization\"},\"potentialAction\":[{\"@type\":\"SearchAction\",\"target\":{\"@type\":\"EntryPoint\",\"urlTemplate\":\"https:\/\/vapingnet.de\/?s={search_term_string}\"},\"query-input\":{\"@type\":\"PropertyValueSpecification\",\"valueRequired\":true,\"valueName\":\"search_term_string\"}}],\"inLanguage\":\"fr-FR\"},{\"@type\":\"Organization\",\"@id\":\"https:\/\/vapingnet.de\/#organization\",\"name\":\"Vapingnet.de\",\"url\":\"https:\/\/vapingnet.de\/\",\"logo\":{\"@type\":\"ImageObject\",\"inLanguage\":\"fr-FR\",\"@id\":\"https:\/\/vapingnet.de\/#\/schema\/logo\/image\/\",\"url\":\"https:\/\/vapingnet.de\/wp-content\/uploads\/2025\/03\/cropped-vapingnet.de_.jpg\",\"contentUrl\":\"https:\/\/vapingnet.de\/wp-content\/uploads\/2025\/03\/cropped-vapingnet.de_.jpg\",\"width\":512,\"height\":512,\"caption\":\"Vapingnet.de\"},\"image\":{\"@id\":\"https:\/\/vapingnet.de\/#\/schema\/logo\/image\/\"},\"sameAs\":[\"https:\/\/www.facebook.com\/vapingnetde\/\"]}]}<\/script>\n<!-- \/ Yoast SEO plugin. -->","yoast_head_json":{"title":"Bang King Digital 15000 Puffs Peach Mango Der perfekte Begleiter f\u00fcr Ihre Freizeit | Vapingnet.de","description":"Entdecke Bang King Digital 15000 Puffs Peach Mango Der perfekte Begleiter f\u00fcr Ihre Freizeit bei vapingnet.de, \u25ba Gro\u00dfe Auswahl an Geschmacksrichtungen & super g\u00fcnstig!","robots":{"index":"index","follow":"follow","max-snippet":"max-snippet:-1","max-image-preview":"max-image-preview:large","max-video-preview":"max-video-preview:-1"},"canonical":"https:\/\/vapingnet.de\/fr\/vape\/bang-king-digital-15000-puffs-peach-mango-der-perfekte-begleiter-fuer-ihre-freizeit\/","og_locale":"fr_FR","og_type":"article","og_title":"Bang King Digital 15000 Puffs Peach Mango Der perfekte Begleiter f\u00fcr Ihre Freizeit | Vapingnet.de","og_description":"Entdecke Bang King Digital 15000 Puffs Peach Mango Der perfekte Begleiter f\u00fcr Ihre Freizeit bei vapingnet.de, \u25ba Gro\u00dfe Auswahl an Geschmacksrichtungen & super g\u00fcnstig!","og_url":"https:\/\/vapingnet.de\/fr\/vape\/bang-king-digital-15000-puffs-peach-mango-der-perfekte-begleiter-fuer-ihre-freizeit\/","og_site_name":"Vapingnet.de","article_publisher":"https:\/\/www.facebook.com\/vapingnetde\/","article_modified_time":"2025-12-13T02:44:00+00:00","og_image":[{"width":900,"height":600,"url":"https:\/\/vapingnet.de\/wp-content\/uploads\/2025\/03\/Peach-Mango.png","type":"image\/png"}],"twitter_card":"summary_large_image","twitter_misc":{"Dur\u00e9e de lecture estim\u00e9e":"3 minutes"},"schema":{"@context":"https:\/\/schema.org","@graph":[{"@type":"WebPage","@id":"https:\/\/vapingnet.de\/vape\/bang-king-digital-15000-puffs-peach-mango-der-perfekte-begleiter-fuer-ihre-freizeit\/","url":"https:\/\/vapingnet.de\/vape\/bang-king-digital-15000-puffs-peach-mango-der-perfekte-begleiter-fuer-ihre-freizeit\/","name":"Bang King Digital 15000 Puffs Peach Mango Der perfekte Begleiter f\u00fcr Ihre Freizeit | Vapingnet.de","isPartOf":{"@id":"https:\/\/vapingnet.de\/#website"},"primaryImageOfPage":{"@id":"https:\/\/vapingnet.de\/vape\/bang-king-digital-15000-puffs-peach-mango-der-perfekte-begleiter-fuer-ihre-freizeit\/#primaryimage"},"image":{"@id":"https:\/\/vapingnet.de\/vape\/bang-king-digital-15000-puffs-peach-mango-der-perfekte-begleiter-fuer-ihre-freizeit\/#primaryimage"},"thumbnailUrl":"https:\/\/vapingnet.de\/wp-content\/uploads\/2025\/03\/Peach-Mango.png","datePublished":"2025-12-12T03:19:08+00:00","dateModified":"2025-12-13T02:44:00+00:00","description":"Entdecke Bang King Digital 15000 Puffs Peach Mango Der perfekte Begleiter f\u00fcr Ihre Freizeit bei vapingnet.de, \u25ba Gro\u00dfe Auswahl an Geschmacksrichtungen & super g\u00fcnstig!","breadcrumb":{"@id":"https:\/\/vapingnet.de\/vape\/bang-king-digital-15000-puffs-peach-mango-der-perfekte-begleiter-fuer-ihre-freizeit\/#breadcrumb"},"inLanguage":"fr-FR","potentialAction":[{"@type":"ReadAction","target":["https:\/\/vapingnet.de\/vape\/bang-king-digital-15000-puffs-peach-mango-der-perfekte-begleiter-fuer-ihre-freizeit\/"]}]},{"@type":"ImageObject","inLanguage":"fr-FR","@id":"https:\/\/vapingnet.de\/vape\/bang-king-digital-15000-puffs-peach-mango-der-perfekte-begleiter-fuer-ihre-freizeit\/#primaryimage","url":"https:\/\/vapingnet.de\/wp-content\/uploads\/2025\/03\/Peach-Mango.png","contentUrl":"https:\/\/vapingnet.de\/wp-content\/uploads\/2025\/03\/Peach-Mango.png","width":900,"height":600,"caption":"Peach Mango"},{"@type":"BreadcrumbList","@id":"https:\/\/vapingnet.de\/vape\/bang-king-digital-15000-puffs-peach-mango-der-perfekte-begleiter-fuer-ihre-freizeit\/#breadcrumb","itemListElement":[{"@type":"ListItem","position":1,"name":"Home","item":"https:\/\/vapingnet.de\/"},{"@type":"ListItem","position":2,"name":"Shop","item":"https:\/\/vapingnet.de\/vape\/"},{"@type":"ListItem","position":3,"name":"Bang King Digital 15000 Puffs Peach Mango Der perfekte Begleiter f\u00fcr Ihre Freizeit"}]},{"@type":"WebSite","@id":"https:\/\/vapingnet.de\/#website","url":"https:\/\/vapingnet.de\/","name":"Vapingnet.de","description":"","publisher":{"@id":"https:\/\/vapingnet.de\/#organization"},"potentialAction":[{"@type":"SearchAction","target":{"@type":"EntryPoint","urlTemplate":"https:\/\/vapingnet.de\/?s={search_term_string}"},"query-input":{"@type":"PropertyValueSpecification","valueRequired":true,"valueName":"search_term_string"}}],"inLanguage":"fr-FR"},{"@type":"Organization","@id":"https:\/\/vapingnet.de\/#organization","name":"Vapingnet.de","url":"https:\/\/vapingnet.de\/","logo":{"@type":"ImageObject","inLanguage":"fr-FR","@id":"https:\/\/vapingnet.de\/#\/schema\/logo\/image\/","url":"https:\/\/vapingnet.de\/wp-content\/uploads\/2025\/03\/cropped-vapingnet.de_.jpg","contentUrl":"https:\/\/vapingnet.de\/wp-content\/uploads\/2025\/03\/cropped-vapingnet.de_.jpg","width":512,"height":512,"caption":"Vapingnet.de"},"image":{"@id":"https:\/\/vapingnet.de\/#\/schema\/logo\/image\/"},"sameAs":["https:\/\/www.facebook.com\/vapingnetde\/"]}]}},"tiered_pricing_type":"fixed","tiered_pricing_fixed_rules":{"10":"6.83","60":"6.15","110":"5.46","200":"4.78"},"tiered_pricing_product_settings":{"layout":"default","base_unit_name":{"singular":null,"plural":null},"default_variation":null},"tiered_pricing_minimum_quantity":null,"tiered_pricing_roles_data":[],"tiered_pricing_percentage_rules":[],"_links":{"self":[{"href":"https:\/\/vapingnet.de\/fr\/wp-json\/wp\/v2\/product\/5089","targetHints":{"allow":["GET"]}}],"collection":[{"href":"https:\/\/vapingnet.de\/fr\/wp-json\/wp\/v2\/product"}],"about":[{"href":"https:\/\/vapingnet.de\/fr\/wp-json\/wp\/v2\/types\/product"}],"version-history":[{"count":4,"href":"https:\/\/vapingnet.de\/fr\/wp-json\/wp\/v2\/product\/5089\/revisions"}],"predecessor-version":[{"id":7313,"href":"https:\/\/vapingnet.de\/fr\/wp-json\/wp\/v2\/product\/5089\/revisions\/7313"}],"wp:featuredmedia":[{"embeddable":true,"href":"https:\/\/vapingnet.de\/fr\/wp-json\/wp\/v2\/media\/5090"}],"wp:attachment":[{"href":"https:\/\/vapingnet.de\/fr\/wp-json\/wp\/v2\/media?parent=5089"}],"wp:term":[{"taxonomy":"brand","embeddable":true,"href":"https:\/\/vapingnet.de\/fr\/wp-json\/wp\/v2\/etheme_brands?post=5089"},{"taxonomy":"product_brand","embeddable":true,"href":"https:\/\/vapingnet.de\/fr\/wp-json\/wp\/v2\/product_brand?post=5089"},{"taxonomy":"product_cat","embeddable":true,"href":"https:\/\/vapingnet.de\/fr\/wp-json\/wp\/v2\/product_cat?post=5089"},{"taxonomy":"product_tag","embeddable":true,"href":"https:\/\/vapingnet.de\/fr\/wp-json\/wp\/v2\/product_tag?post=5089"}],"curies":[{"name":"wp","href":"https:\/\/api.w.org\/{rel}","templated":true}]}}