{"id":5093,"date":"2025-12-12T03:26:35","date_gmt":"2025-12-12T03:26:35","guid":{"rendered":"https:\/\/vapingnet.de\/?post_type=product&#038;p=5093"},"modified":"2025-12-13T02:42:44","modified_gmt":"2025-12-13T02:42:44","slug":"pink-lemonade-bei-bang-king-digital-15000-puffs-ein-traum-fuer-ihren-geschmack-ohne-zollkosten","status":"publish","type":"product","link":"https:\/\/vapingnet.de\/fr\/vape\/pink-lemonade-bei-bang-king-digital-15000-puffs-ein-traum-fuer-ihren-geschmack-ohne-zollkosten\/","title":{"rendered":"Pink Lemonade chez Bang King Digital 15000 Puffs Un r\u00eave pour votre go\u00fbt sans frais de douane"},"content":{"rendered":"<h2 data-start=\"0\" data-end=\"98\">Bang King Digital 15000 Puffs : Profitez d'exp\u00e9riences de premi\u00e8re classe et d'un plaisir sans limite<\/h2>\n<p data-start=\"100\" data-end=\"505\">Vous recherchez une cigarette \u00e9lectronique qui allie performance et design, offrant une dur\u00e9e d'utilisation extr\u00eamement longue ainsi qu'une exp\u00e9rience in\u00e9gal\u00e9e ? Alors, la Bang King Digital 15000 Puffs est le choix parfait pour vous. Cette cigarette \u00e9lectronique jetable n'est pas seulement un mod\u00e8le haut de gamme, elle vous apporte \u00e9galement go\u00fbt, puissance et style \u00e0 un niveau sup\u00e9rieur.<\/p>\n<h4 data-start=\"512\" data-end=\"535\">Caract\u00e9ristiques principales :<\/h4>\n<ol data-start=\"537\" data-end=\"2525\">\n<li data-start=\"537\" data-end=\"944\">\n<p data-start=\"540\" data-end=\"611\">Dur\u00e9e d'utilisation extr\u00eamement longue : 15 000 bouff\u00e9es pour un plaisir ininterrompu<\/p>\n<ul data-start=\"615\" data-end=\"944\">\n<li data-start=\"615\" data-end=\"817\">Cette cigarette \u00e9lectronique est \u00e9quip\u00e9e de 25 ml de liquide et d'une batterie rechargeable de 650 mAh, offrant jusqu'\u00e0 15 000 bouff\u00e9es, r\u00e9pondant facilement \u00e0 vos besoins de vapotage \u00e0 long terme.<\/li>\n<li data-start=\"821\" data-end=\"944\">Aucun remplissage ou chargement constant n\u00e9cessaire, la Bang King Digital vous permet de profiter chaque jour.<\/li>\n<\/ul>\n<\/li>\n<li data-start=\"946\" data-end=\"1268\">\n<p data-start=\"949\" data-end=\"997\">Go\u00fbt Lemonade Rose : rafra\u00eechissant et sucr\u00e9<\/p>\n<ul data-start=\"1001\" data-end=\"1268\">\n<li data-start=\"1001\" data-end=\"1268\">Le go\u00fbt Lemonade Rose combine parfaitement la note d'agrumes fra\u00eeche et la douceur fruit\u00e9e. C'est comme si l'on d\u00e9gustait un verre de limonade rafra\u00eechissante lors d'une chaude journ\u00e9e d'\u00e9t\u00e9 \u2013 une exp\u00e9rience gustative rafra\u00eechissante avec une douceur durable.<\/li>\n<\/ul>\n<\/li>\n<li data-start=\"1270\" data-end=\"1545\">\n<p data-start=\"1273\" data-end=\"1328\">\u00c9clairage RGB cool : chaque bouff\u00e9e devient un moment fort<\/p>\n<ul data-start=\"1332\" data-end=\"1545\">\n<li data-start=\"1332\" data-end=\"1545\">\u00c0 chaque bouff\u00e9e, la <a href=\"https:\/\/vapingnet.de\/fr\/Brands\/bang-king-vape\/\" target=\"_blank\" rel=\"noopener\"><strong>Bang King Vape<\/strong><\/a> est illumin\u00e9e d'un \u00e9clairage RGB \u00e9poustouflant, qui enrichit votre exp\u00e9rience de vapotage avec des couleurs vives tout en soulignant votre style personnel.<\/li>\n<\/ul>\n<\/li>\n<li data-start=\"1547\" data-end=\"1862\">\n<p data-start=\"1550\" data-end=\"1602\">Diff\u00e9rentes intensit\u00e9s de nicotine : pour tous les besoins<\/p>\n<ul data-start=\"1606\" data-end=\"1862\">\n<li data-start=\"1606\" data-end=\"1862\">Choisissez parmi quatre niveaux de nicotine : 0%, 2%, 3%, 5%. Cette diversit\u00e9 garantit que vous obtenez exactement ce dont vous avez besoin. La nicotine 0% et 3% n'est disponible qu'en gros, id\u00e9ale pour ceux qui recherchent des options sp\u00e9cifiques.<\/li>\n<\/ul>\n<\/li>\n<li data-start=\"1864\" data-end=\"2172\">\n<p data-start=\"1867\" data-end=\"1921\">Chargement rapide : toujours pr\u00eat pour la prochaine bouff\u00e9e<\/p>\n<ul data-start=\"1925\" data-end=\"2172\">\n<li data-start=\"1925\" data-end=\"2172\">Avec la connectivit\u00e9 Type-C et la batterie rechargeable de 650 mAh, la recharge rapide ne pose aucun probl\u00e8me. D\u00e8s que la batterie est pleine, vous pouvez continuer \u00e0 vapoter imm\u00e9diatement \u2013 pour une utilisation sans interruption, partout et \u00e0 tout moment.<\/li>\n<\/ul>\n<\/li>\n<li data-start=\"2174\" data-end=\"2525\">\n<p data-start=\"2177\" data-end=\"2222\">Frais de douane inexistants et livraison rapide<\/p>\n<ul data-start=\"2226\" data-end=\"2525\">\n<li data-start=\"2226\" data-end=\"2525\">Lors de l'achat de la Bang King Digital 15000 Puffs, vous n'avez pas \u00e0 vous soucier de frais de douane suppl\u00e9mentaires, car elle est livr\u00e9e sans droits de douane.<\/li>\n<\/ul>\n<\/li>\n<\/ol>\n<h3 data-start=\"2532\" data-end=\"2596\">Pour qui la Bang King Digital 15000 Puffs est-elle adapt\u00e9e ?<\/h3>\n<ul data-start=\"2598\" data-end=\"3282\">\n<li data-start=\"2598\" data-end=\"2793\">Si vous souhaitez vapoter longtemps avec un seul appareil, la Bang King Digital offre jusqu'\u00e0 <a href=\"https:\/\/vapingnet.de\/fr\/k\/vape-15000-zuege\/\" target=\"_blank\" rel=\"noopener\"><strong>15 000 bouff\u00e9es<\/strong><\/a>, ce qui vous \u00e9vite de changer constamment d'appareil ou de remplir le liquide.<\/li>\n<li data-start=\"2794\" data-end=\"2971\">Si vous pr\u00e9f\u00e9rez un go\u00fbt rafra\u00eechissant, le go\u00fbt Lemonade Rose vous offrira un \u00e9quilibre parfait entre fra\u00eecheur et douceur, pour ravir votre palais.<\/li>\n<li data-start=\"2972\" data-end=\"3125\">Si vous accordez de l'importance au design, l'\u00e9clairage RGB enrichira visuellement votre exp\u00e9rience de vapotage et soulignera votre style personnel.<\/li>\n<li data-start=\"3126\" data-end=\"3282\">Si vous avez besoin de diff\u00e9rentes concentrations de nicotine, nous proposons un large choix avec 0%, 2%, 3% et 5% pour r\u00e9pondre \u00e0 vos besoins sp\u00e9cifiques.<\/li>\n<\/ul>\n<p>Achetez maintenant et d\u00e9couvrez le monde unique des cigarettes \u00e9lectroniques !<\/p>\n<p data-start=\"3364\" data-end=\"3758\" data-is-last-node=\"\" data-is-only-node=\"\">Visitez d\u00e8s aujourd'hui <a href=\"https:\/\/vapingnet.de\/fr\/\" target=\"_new\" rel=\"noopener\" data-start=\"3388\" data-end=\"3425\">vapingnet.de<\/a> et commandez votre Bang King Digital 15000 Puffs. Livraison rapide, sans taxes et sans d\u00e9lai d'attente \u2013 profitez d'une cigarette \u00e9lectronique de haute qualit\u00e9, puissante et styl\u00e9e en un rien de temps. Faites de chaque inhalation un moment unique et d\u00e9couvrez les possibilit\u00e9s infinies du Bang King Digital !<\/p>","protected":false},"excerpt":{"rendered":"<p>Bang King Digital 15000 Puffs: Genie\u00dfen Sie erstklassige Erfahrungen und grenzenlosen Spa\u00df Sind Sie auf der Suche nach einer E-Zigarette, die sowohl Leistung als auch&#8230;<\/p>","protected":false},"featured_media":5094,"template":"","meta":[],"etheme_brands":[],"product_brand":[101],"product_cat":[53,49,61],"product_tag":[],"class_list":{"0":"post-5093","1":"product","2":"type-product","3":"status-publish","4":"has-post-thumbnail","6":"product_brand-bang-king-vape","7":"product_cat-vape-15000-zuege","8":"product_cat-einweg-e-zigarette","9":"product_cat-f","11":"first","12":"instock","13":"shipping-taxable","14":"purchasable","15":"product-type-simple"},"yoast_head":"<!-- This site is optimized with the Yoast SEO plugin v26.5 - https:\/\/yoast.com\/wordpress\/plugins\/seo\/ -->\n<title>Pink Lemonade bei Bang King Digital 15000 Puffs Ein Traum f\u00fcr Ihren Geschmack ohne Zollkosten | Vapingnet.de<\/title>\n<meta name=\"description\" content=\"Entdecke Pink Lemonade bei Bang King Digital 15000 Puffs Ein Traum f\u00fcr Ihren Geschmack ohne Zollkosten bei vapingnet.de, \u25ba Gro\u00dfe Auswahl an Geschmacksrichtungen &amp; super g\u00fcnstig!\" \/>\n<meta name=\"robots\" content=\"index, follow, max-snippet:-1, max-image-preview:large, max-video-preview:-1\" \/>\n<link rel=\"canonical\" href=\"https:\/\/vapingnet.de\/fr\/vape\/pink-lemonade-bei-bang-king-digital-15000-puffs-ein-traum-fuer-ihren-geschmack-ohne-zollkosten\/\" \/>\n<meta property=\"og:locale\" content=\"fr_FR\" \/>\n<meta property=\"og:type\" content=\"article\" \/>\n<meta property=\"og:title\" content=\"Pink Lemonade bei Bang King Digital 15000 Puffs Ein Traum f\u00fcr Ihren Geschmack ohne Zollkosten | Vapingnet.de\" \/>\n<meta property=\"og:description\" content=\"Entdecke Pink Lemonade bei Bang King Digital 15000 Puffs Ein Traum f\u00fcr Ihren Geschmack ohne Zollkosten bei vapingnet.de, \u25ba Gro\u00dfe Auswahl an Geschmacksrichtungen &amp; super g\u00fcnstig!\" \/>\n<meta property=\"og:url\" content=\"https:\/\/vapingnet.de\/fr\/vape\/pink-lemonade-bei-bang-king-digital-15000-puffs-ein-traum-fuer-ihren-geschmack-ohne-zollkosten\/\" \/>\n<meta property=\"og:site_name\" content=\"Vapingnet.de\" \/>\n<meta property=\"article:publisher\" content=\"https:\/\/www.facebook.com\/vapingnetde\/\" \/>\n<meta property=\"article:modified_time\" content=\"2025-12-13T02:42:44+00:00\" \/>\n<meta property=\"og:image\" content=\"https:\/\/vapingnet.de\/wp-content\/uploads\/2025\/03\/Pink-Lemonade.png\" \/>\n\t<meta property=\"og:image:width\" content=\"900\" \/>\n\t<meta property=\"og:image:height\" content=\"600\" \/>\n\t<meta property=\"og:image:type\" content=\"image\/png\" \/>\n<meta name=\"twitter:card\" content=\"summary_large_image\" \/>\n<meta name=\"twitter:label1\" content=\"Dur\u00e9e de lecture estim\u00e9e\" \/>\n\t<meta name=\"twitter:data1\" content=\"3 minutes\" \/>\n<script type=\"application\/ld+json\" class=\"yoast-schema-graph\">{\"@context\":\"https:\/\/schema.org\",\"@graph\":[{\"@type\":\"WebPage\",\"@id\":\"https:\/\/vapingnet.de\/vape\/pink-lemonade-bei-bang-king-digital-15000-puffs-ein-traum-fuer-ihren-geschmack-ohne-zollkosten\/\",\"url\":\"https:\/\/vapingnet.de\/vape\/pink-lemonade-bei-bang-king-digital-15000-puffs-ein-traum-fuer-ihren-geschmack-ohne-zollkosten\/\",\"name\":\"Pink Lemonade bei Bang King Digital 15000 Puffs Ein Traum f\u00fcr Ihren Geschmack ohne Zollkosten | Vapingnet.de\",\"isPartOf\":{\"@id\":\"https:\/\/vapingnet.de\/#website\"},\"primaryImageOfPage\":{\"@id\":\"https:\/\/vapingnet.de\/vape\/pink-lemonade-bei-bang-king-digital-15000-puffs-ein-traum-fuer-ihren-geschmack-ohne-zollkosten\/#primaryimage\"},\"image\":{\"@id\":\"https:\/\/vapingnet.de\/vape\/pink-lemonade-bei-bang-king-digital-15000-puffs-ein-traum-fuer-ihren-geschmack-ohne-zollkosten\/#primaryimage\"},\"thumbnailUrl\":\"https:\/\/vapingnet.de\/wp-content\/uploads\/2025\/03\/Pink-Lemonade.png\",\"datePublished\":\"2025-12-12T03:26:35+00:00\",\"dateModified\":\"2025-12-13T02:42:44+00:00\",\"description\":\"Entdecke Pink Lemonade bei Bang King Digital 15000 Puffs Ein Traum f\u00fcr Ihren Geschmack ohne Zollkosten bei vapingnet.de, \u25ba Gro\u00dfe Auswahl an Geschmacksrichtungen & super g\u00fcnstig!\",\"breadcrumb\":{\"@id\":\"https:\/\/vapingnet.de\/vape\/pink-lemonade-bei-bang-king-digital-15000-puffs-ein-traum-fuer-ihren-geschmack-ohne-zollkosten\/#breadcrumb\"},\"inLanguage\":\"fr-FR\",\"potentialAction\":[{\"@type\":\"ReadAction\",\"target\":[\"https:\/\/vapingnet.de\/vape\/pink-lemonade-bei-bang-king-digital-15000-puffs-ein-traum-fuer-ihren-geschmack-ohne-zollkosten\/\"]}]},{\"@type\":\"ImageObject\",\"inLanguage\":\"fr-FR\",\"@id\":\"https:\/\/vapingnet.de\/vape\/pink-lemonade-bei-bang-king-digital-15000-puffs-ein-traum-fuer-ihren-geschmack-ohne-zollkosten\/#primaryimage\",\"url\":\"https:\/\/vapingnet.de\/wp-content\/uploads\/2025\/03\/Pink-Lemonade.png\",\"contentUrl\":\"https:\/\/vapingnet.de\/wp-content\/uploads\/2025\/03\/Pink-Lemonade.png\",\"width\":900,\"height\":600,\"caption\":\"Pink Lemonade\"},{\"@type\":\"BreadcrumbList\",\"@id\":\"https:\/\/vapingnet.de\/vape\/pink-lemonade-bei-bang-king-digital-15000-puffs-ein-traum-fuer-ihren-geschmack-ohne-zollkosten\/#breadcrumb\",\"itemListElement\":[{\"@type\":\"ListItem\",\"position\":1,\"name\":\"Home\",\"item\":\"https:\/\/vapingnet.de\/\"},{\"@type\":\"ListItem\",\"position\":2,\"name\":\"Shop\",\"item\":\"https:\/\/vapingnet.de\/vape\/\"},{\"@type\":\"ListItem\",\"position\":3,\"name\":\"Pink Lemonade bei Bang King Digital 15000 Puffs Ein Traum f\u00fcr Ihren Geschmack ohne Zollkosten\"}]},{\"@type\":\"WebSite\",\"@id\":\"https:\/\/vapingnet.de\/#website\",\"url\":\"https:\/\/vapingnet.de\/\",\"name\":\"Vapingnet.de\",\"description\":\"\",\"publisher\":{\"@id\":\"https:\/\/vapingnet.de\/#organization\"},\"potentialAction\":[{\"@type\":\"SearchAction\",\"target\":{\"@type\":\"EntryPoint\",\"urlTemplate\":\"https:\/\/vapingnet.de\/?s={search_term_string}\"},\"query-input\":{\"@type\":\"PropertyValueSpecification\",\"valueRequired\":true,\"valueName\":\"search_term_string\"}}],\"inLanguage\":\"fr-FR\"},{\"@type\":\"Organization\",\"@id\":\"https:\/\/vapingnet.de\/#organization\",\"name\":\"Vapingnet.de\",\"url\":\"https:\/\/vapingnet.de\/\",\"logo\":{\"@type\":\"ImageObject\",\"inLanguage\":\"fr-FR\",\"@id\":\"https:\/\/vapingnet.de\/#\/schema\/logo\/image\/\",\"url\":\"https:\/\/vapingnet.de\/wp-content\/uploads\/2025\/03\/cropped-vapingnet.de_.jpg\",\"contentUrl\":\"https:\/\/vapingnet.de\/wp-content\/uploads\/2025\/03\/cropped-vapingnet.de_.jpg\",\"width\":512,\"height\":512,\"caption\":\"Vapingnet.de\"},\"image\":{\"@id\":\"https:\/\/vapingnet.de\/#\/schema\/logo\/image\/\"},\"sameAs\":[\"https:\/\/www.facebook.com\/vapingnetde\/\"]}]}<\/script>\n<!-- \/ Yoast SEO plugin. -->","yoast_head_json":{"title":"Pink Lemonade bei Bang King Digital 15000 Puffs Ein Traum f\u00fcr Ihren Geschmack ohne Zollkosten | Vapingnet.de","description":"Entdecke Pink Lemonade bei Bang King Digital 15000 Puffs Ein Traum f\u00fcr Ihren Geschmack ohne Zollkosten bei vapingnet.de, \u25ba Gro\u00dfe Auswahl an Geschmacksrichtungen & super g\u00fcnstig!","robots":{"index":"index","follow":"follow","max-snippet":"max-snippet:-1","max-image-preview":"max-image-preview:large","max-video-preview":"max-video-preview:-1"},"canonical":"https:\/\/vapingnet.de\/fr\/vape\/pink-lemonade-bei-bang-king-digital-15000-puffs-ein-traum-fuer-ihren-geschmack-ohne-zollkosten\/","og_locale":"fr_FR","og_type":"article","og_title":"Pink Lemonade bei Bang King Digital 15000 Puffs Ein Traum f\u00fcr Ihren Geschmack ohne Zollkosten | Vapingnet.de","og_description":"Entdecke Pink Lemonade bei Bang King Digital 15000 Puffs Ein Traum f\u00fcr Ihren Geschmack ohne Zollkosten bei vapingnet.de, \u25ba Gro\u00dfe Auswahl an Geschmacksrichtungen & super g\u00fcnstig!","og_url":"https:\/\/vapingnet.de\/fr\/vape\/pink-lemonade-bei-bang-king-digital-15000-puffs-ein-traum-fuer-ihren-geschmack-ohne-zollkosten\/","og_site_name":"Vapingnet.de","article_publisher":"https:\/\/www.facebook.com\/vapingnetde\/","article_modified_time":"2025-12-13T02:42:44+00:00","og_image":[{"width":900,"height":600,"url":"https:\/\/vapingnet.de\/wp-content\/uploads\/2025\/03\/Pink-Lemonade.png","type":"image\/png"}],"twitter_card":"summary_large_image","twitter_misc":{"Dur\u00e9e de lecture estim\u00e9e":"3 minutes"},"schema":{"@context":"https:\/\/schema.org","@graph":[{"@type":"WebPage","@id":"https:\/\/vapingnet.de\/vape\/pink-lemonade-bei-bang-king-digital-15000-puffs-ein-traum-fuer-ihren-geschmack-ohne-zollkosten\/","url":"https:\/\/vapingnet.de\/vape\/pink-lemonade-bei-bang-king-digital-15000-puffs-ein-traum-fuer-ihren-geschmack-ohne-zollkosten\/","name":"Pink Lemonade bei Bang King Digital 15000 Puffs Ein Traum f\u00fcr Ihren Geschmack ohne Zollkosten | Vapingnet.de","isPartOf":{"@id":"https:\/\/vapingnet.de\/#website"},"primaryImageOfPage":{"@id":"https:\/\/vapingnet.de\/vape\/pink-lemonade-bei-bang-king-digital-15000-puffs-ein-traum-fuer-ihren-geschmack-ohne-zollkosten\/#primaryimage"},"image":{"@id":"https:\/\/vapingnet.de\/vape\/pink-lemonade-bei-bang-king-digital-15000-puffs-ein-traum-fuer-ihren-geschmack-ohne-zollkosten\/#primaryimage"},"thumbnailUrl":"https:\/\/vapingnet.de\/wp-content\/uploads\/2025\/03\/Pink-Lemonade.png","datePublished":"2025-12-12T03:26:35+00:00","dateModified":"2025-12-13T02:42:44+00:00","description":"Entdecke Pink Lemonade bei Bang King Digital 15000 Puffs Ein Traum f\u00fcr Ihren Geschmack ohne Zollkosten bei vapingnet.de, \u25ba Gro\u00dfe Auswahl an Geschmacksrichtungen & super g\u00fcnstig!","breadcrumb":{"@id":"https:\/\/vapingnet.de\/vape\/pink-lemonade-bei-bang-king-digital-15000-puffs-ein-traum-fuer-ihren-geschmack-ohne-zollkosten\/#breadcrumb"},"inLanguage":"fr-FR","potentialAction":[{"@type":"ReadAction","target":["https:\/\/vapingnet.de\/vape\/pink-lemonade-bei-bang-king-digital-15000-puffs-ein-traum-fuer-ihren-geschmack-ohne-zollkosten\/"]}]},{"@type":"ImageObject","inLanguage":"fr-FR","@id":"https:\/\/vapingnet.de\/vape\/pink-lemonade-bei-bang-king-digital-15000-puffs-ein-traum-fuer-ihren-geschmack-ohne-zollkosten\/#primaryimage","url":"https:\/\/vapingnet.de\/wp-content\/uploads\/2025\/03\/Pink-Lemonade.png","contentUrl":"https:\/\/vapingnet.de\/wp-content\/uploads\/2025\/03\/Pink-Lemonade.png","width":900,"height":600,"caption":"Pink Lemonade"},{"@type":"BreadcrumbList","@id":"https:\/\/vapingnet.de\/vape\/pink-lemonade-bei-bang-king-digital-15000-puffs-ein-traum-fuer-ihren-geschmack-ohne-zollkosten\/#breadcrumb","itemListElement":[{"@type":"ListItem","position":1,"name":"Home","item":"https:\/\/vapingnet.de\/"},{"@type":"ListItem","position":2,"name":"Shop","item":"https:\/\/vapingnet.de\/vape\/"},{"@type":"ListItem","position":3,"name":"Pink Lemonade bei Bang King Digital 15000 Puffs Ein Traum f\u00fcr Ihren Geschmack ohne Zollkosten"}]},{"@type":"WebSite","@id":"https:\/\/vapingnet.de\/#website","url":"https:\/\/vapingnet.de\/","name":"Vapingnet.de","description":"","publisher":{"@id":"https:\/\/vapingnet.de\/#organization"},"potentialAction":[{"@type":"SearchAction","target":{"@type":"EntryPoint","urlTemplate":"https:\/\/vapingnet.de\/?s={search_term_string}"},"query-input":{"@type":"PropertyValueSpecification","valueRequired":true,"valueName":"search_term_string"}}],"inLanguage":"fr-FR"},{"@type":"Organization","@id":"https:\/\/vapingnet.de\/#organization","name":"Vapingnet.de","url":"https:\/\/vapingnet.de\/","logo":{"@type":"ImageObject","inLanguage":"fr-FR","@id":"https:\/\/vapingnet.de\/#\/schema\/logo\/image\/","url":"https:\/\/vapingnet.de\/wp-content\/uploads\/2025\/03\/cropped-vapingnet.de_.jpg","contentUrl":"https:\/\/vapingnet.de\/wp-content\/uploads\/2025\/03\/cropped-vapingnet.de_.jpg","width":512,"height":512,"caption":"Vapingnet.de"},"image":{"@id":"https:\/\/vapingnet.de\/#\/schema\/logo\/image\/"},"sameAs":["https:\/\/www.facebook.com\/vapingnetde\/"]}]}},"tiered_pricing_type":"fixed","tiered_pricing_fixed_rules":{"10":"6.83","60":"6.15","110":"5.46","200":"4.78"},"tiered_pricing_product_settings":{"layout":"default","base_unit_name":{"singular":null,"plural":null},"default_variation":null},"tiered_pricing_minimum_quantity":null,"tiered_pricing_roles_data":[],"tiered_pricing_percentage_rules":[],"_links":{"self":[{"href":"https:\/\/vapingnet.de\/fr\/wp-json\/wp\/v2\/product\/5093","targetHints":{"allow":["GET"]}}],"collection":[{"href":"https:\/\/vapingnet.de\/fr\/wp-json\/wp\/v2\/product"}],"about":[{"href":"https:\/\/vapingnet.de\/fr\/wp-json\/wp\/v2\/types\/product"}],"version-history":[{"count":3,"href":"https:\/\/vapingnet.de\/fr\/wp-json\/wp\/v2\/product\/5093\/revisions"}],"predecessor-version":[{"id":7309,"href":"https:\/\/vapingnet.de\/fr\/wp-json\/wp\/v2\/product\/5093\/revisions\/7309"}],"wp:featuredmedia":[{"embeddable":true,"href":"https:\/\/vapingnet.de\/fr\/wp-json\/wp\/v2\/media\/5094"}],"wp:attachment":[{"href":"https:\/\/vapingnet.de\/fr\/wp-json\/wp\/v2\/media?parent=5093"}],"wp:term":[{"taxonomy":"brand","embeddable":true,"href":"https:\/\/vapingnet.de\/fr\/wp-json\/wp\/v2\/etheme_brands?post=5093"},{"taxonomy":"product_brand","embeddable":true,"href":"https:\/\/vapingnet.de\/fr\/wp-json\/wp\/v2\/product_brand?post=5093"},{"taxonomy":"product_cat","embeddable":true,"href":"https:\/\/vapingnet.de\/fr\/wp-json\/wp\/v2\/product_cat?post=5093"},{"taxonomy":"product_tag","embeddable":true,"href":"https:\/\/vapingnet.de\/fr\/wp-json\/wp\/v2\/product_tag?post=5093"}],"curies":[{"name":"wp","href":"https:\/\/api.w.org\/{rel}","templated":true}]}}