{"id":5096,"date":"2025-03-12T03:31:27","date_gmt":"2025-03-12T03:31:27","guid":{"rendered":"https:\/\/vapingnet.de\/?post_type=product&#038;p=5096"},"modified":"2025-06-19T03:42:03","modified_gmt":"2025-06-19T03:42:03","slug":"bang-king-digital-15000-puffs-triple-fruit-ein-traum-fuer-alle-fruchtfans","status":"publish","type":"product","link":"https:\/\/vapingnet.de\/fr\/vape\/bang-king-digital-15000-puffs-triple-fruit-ein-traum-fuer-alle-fruchtfans\/","title":{"rendered":"Bang King Digital 15000 Puffs Triple Fruit Un r\u00eave pour tous les amateurs de fruits"},"content":{"rendered":"<h2 data-start=\"0\" data-end=\"110\">Bang King Digital 15000 Puffs : L'exp\u00e9rience ultime de vapotage jetable qui d\u00e9passe vos attentes<\/h2>\n<p data-start=\"112\" data-end=\"492\">Si vous recherchez un mod\u00e8le de cigarette \u00e9lectronique qui offre non seulement une longue dur\u00e9e d'utilisation, mais aussi une saveur riche et un design unique, alors le <a href=\"https:\/\/vapingnet.de\/fr\/bang-king-digital-15000-puffs\/\" target=\"_blank\" rel=\"noopener\"><strong>Bang King Num\u00e9rique 15000 Bouff\u00e9es<\/strong><\/a> est le choix id\u00e9al pour vous ! Avec sa technologie avanc\u00e9e et ses fonctionnalit\u00e9s attrayantes, il r\u00e9pond \u00e0 toutes vos exigences pour une cigarette \u00e9lectronique de haute qualit\u00e9.<\/p>\n<h4 data-start=\"494\" data-end=\"534\">Les principaux avantages en r\u00e9sum\u00e9 :<\/h4>\n<ul data-start=\"536\" data-end=\"1865\">\n<li data-start=\"536\" data-end=\"762\">\n<p data-start=\"538\" data-end=\"762\">Dur\u00e9e d'utilisation extr\u00eamement longue : 15 000 bouff\u00e9es, combin\u00e9es \u00e0 25 ml de e-liquide et une batterie rechargeable de 650 mAh, vous permettent d'oublier le changement et la recharge constants \u2013 pour une exp\u00e9rience durable.<\/p>\n<\/li>\n<li data-start=\"764\" data-end=\"1026\">\n<p data-start=\"766\" data-end=\"1026\">Large choix de saveurs : La saveur Triple Fruit combine parfaitement des ar\u00f4mes de fruits frais et une douceur naturelle, offrant \u00e0 chaque bouff\u00e9e une exp\u00e9rience gustative vivante et multidimensionnelle, id\u00e9ale pour ceux qui recherchent de la vari\u00e9t\u00e9.<\/p>\n<\/li>\n<li data-start=\"1028\" data-end=\"1276\">\n<p data-start=\"1030\" data-end=\"1276\">Effets lumineux RGB : \u00c0 chaque bouff\u00e9e, la lumi\u00e8re RGB s'illumine, impressionnant non seulement visuellement mais aussi soulignant votre personnalit\u00e9. Elle ajoute une touche moderne et cool \u00e0 votre exp\u00e9rience de vapotage, adapt\u00e9e \u00e0 toutes les occasions.<\/p>\n<\/li>\n<li data-start=\"1278\" data-end=\"1463\">\n<p data-start=\"1280\" data-end=\"1463\">Prise de charge rapide Type-C : Avec la connexion Type-C, la recharge est rapide et efficace, vous permettant de continuer votre exp\u00e9rience de vapotage \u00e0 tout moment et en tout lieu.<\/p>\n<\/li>\n<li data-start=\"1465\" data-end=\"1686\">\n<p data-start=\"1467\" data-end=\"1686\">Diff\u00e9rentes concentrations de nicotine : Choisissez entre 0%, 2%, 3% ou 5% de nicotine pour r\u00e9pondre \u00e0 vos besoins. Les variantes 0% et 3% peuvent \u00eatre command\u00e9es en gros.<\/p>\n<\/li>\n<li data-start=\"1688\" data-end=\"1865\">\n<p data-start=\"1690\" data-end=\"1865\">Pas de frais de douane : Peu importe o\u00f9 vous vous trouvez, l'achat de cette cigarette \u00e9lectronique est totalement <a href=\"https:\/\/vapingnet.de\/fr\/k\/f\/\" target=\"_blank\" rel=\"noopener\"><strong>sans douane<\/strong><\/a>, afin que vous puissiez profiter de tous les avantages d'un achat sans souci.<\/p>\n<\/li>\n<\/ul>\n<h3 data-start=\"1872\" data-end=\"1917\">Pour qui ce produit est-il adapt\u00e9 ?<\/h3>\n<ul data-start=\"1919\" data-end=\"2714\">\n<li data-start=\"1919\" data-end=\"2128\">\n<p data-start=\"1921\" data-end=\"2128\">Utilisateurs r\u00e9guliers : Si vous ne souhaitez pas changer ou remplir fr\u00e9quemment, le Bang King Digital 15000 Puffs offre avec ses <a href=\"https:\/\/vapingnet.de\/fr\/k\/vape-15000-zuege\/\" target=\"_blank\" rel=\"noopener\"><strong>15 000 bouff\u00e9es <\/strong><\/a>une solution durable pour votre usage quotidien.<\/p>\n<\/li>\n<li data-start=\"2132\" data-end=\"2328\">\n<p data-start=\"2134\" data-end=\"2328\">Amateurs de saveurs : Si vous avez des exigences \u00e9lev\u00e9es en mati\u00e8re de go\u00fbt et souhaitez d\u00e9couvrir un m\u00e9lange de fruits frais et sucr\u00e9s, la saveur Triple Fruit d\u00e9passera vos attentes.<\/p>\n<\/li>\n<li data-start=\"2330\" data-end=\"2523\">\n<p data-start=\"2332\" data-end=\"2523\">Vapeurs soucieux de la mode : Les effets lumineux RGB font de la cigarette \u00e9lectronique non seulement un appareil pratique, mais aussi une d\u00e9claration de mode. Vous attirerez tous les regards en toute situation.<\/p>\n<\/li>\n<li data-start=\"2525\" data-end=\"2714\">\n<p data-start=\"2527\" data-end=\"2714\">Choix flexible de nicotine : Que vous souhaitiez totalement arr\u00eater la nicotine ou pr\u00e9f\u00e9rer une concentration moyenne \u00e0 \u00e9lev\u00e9e, le Bang King Digital vous offre la s\u00e9lection parfaite.<\/p>\n<\/li>\n<\/ul>\n<h3 data-start=\"2721\" data-end=\"2751\">Pourquoi acheter chez nous ?<\/h3>\n<ul data-start=\"2753\" data-end=\"3279\">\n<li data-start=\"2936\" data-end=\"3071\">\n<p data-start=\"2938\" data-end=\"3071\">Pas de frais de douane : Nous vous proposons une exp\u00e9rience d'achat sans droits de douane, vous n'avez donc pas \u00e0 vous soucier de co\u00fbts suppl\u00e9mentaires.<\/p>\n<\/li>\n<li data-start=\"3073\" data-end=\"3279\">\n<p data-start=\"3075\" data-end=\"3279\">Qualit\u00e9 de marque fiable : En tant que l'une des marques leaders sur le march\u00e9, Bang King a acquis une excellente r\u00e9putation pour son design innovant et sa qualit\u00e9 de premier ordre.<\/p>\n<\/li>\n<\/ul>\n<p>Acc\u00e9dez maintenant !<\/p>\n<p data-start=\"3313\" data-end=\"3622\" data-is-last-node=\"\" data-is-only-node=\"\">Visitez d\u00e8s aujourd'hui le site vapingnet.fr pour commander la fantastique Bang King Digital 15000 Puffs ! Sans douane, livraison rapide et longue dur\u00e9e d'utilisation \u2013 cette cigarette \u00e9lectronique portera votre exp\u00e9rience de vapotage \u00e0 un niveau sup\u00e9rieur. Commandez d\u00e8s maintenant et commencez votre nouvelle exp\u00e9rience !<\/p>","protected":false},"excerpt":{"rendered":"<p>Bang King Digital 15000 Puffs: Das ultimative Einweg-Vaping-Erlebnis, das deine Erwartungen \u00fcbertrifft Wenn du auf der Suche nach einem E-Zigaretten-Modell bist, das nicht nur lange&#8230;<\/p>","protected":false},"featured_media":5097,"template":"","meta":[],"etheme_brands":[],"product_brand":[101],"product_cat":[53,49,61],"product_tag":[],"class_list":{"0":"post-5096","1":"product","2":"type-product","3":"status-publish","4":"has-post-thumbnail","6":"product_brand-bang-king-vape","7":"product_cat-vape-15000-zuege","8":"product_cat-einweg-e-zigarette","9":"product_cat-f","11":"first","12":"instock","13":"shipping-taxable","14":"purchasable","15":"product-type-simple"},"yoast_head":"<!-- This site is optimized with the Yoast SEO plugin v26.5 - https:\/\/yoast.com\/wordpress\/plugins\/seo\/ -->\n<title>Bang King Digital 15000 Puffs Triple Fruit Ein Traum f\u00fcr alle Fruchtfans | Vapingnet.de<\/title>\n<meta name=\"description\" content=\"Entdecke Bang King Digital 15000 Puffs Triple Fruit Ein Traum f\u00fcr alle Fruchtfans bei vapingnet.de, \u25ba Gro\u00dfe Auswahl an Geschmacksrichtungen &amp; super g\u00fcnstig!\" \/>\n<meta name=\"robots\" content=\"index, follow, max-snippet:-1, max-image-preview:large, max-video-preview:-1\" \/>\n<link rel=\"canonical\" href=\"https:\/\/vapingnet.de\/fr\/vape\/bang-king-digital-15000-puffs-triple-fruit-ein-traum-fuer-alle-fruchtfans\/\" \/>\n<meta property=\"og:locale\" content=\"fr_FR\" \/>\n<meta property=\"og:type\" content=\"article\" \/>\n<meta property=\"og:title\" content=\"Bang King Digital 15000 Puffs Triple Fruit Ein Traum f\u00fcr alle Fruchtfans | Vapingnet.de\" \/>\n<meta property=\"og:description\" content=\"Entdecke Bang King Digital 15000 Puffs Triple Fruit Ein Traum f\u00fcr alle Fruchtfans bei vapingnet.de, \u25ba Gro\u00dfe Auswahl an Geschmacksrichtungen &amp; super g\u00fcnstig!\" \/>\n<meta property=\"og:url\" content=\"https:\/\/vapingnet.de\/fr\/vape\/bang-king-digital-15000-puffs-triple-fruit-ein-traum-fuer-alle-fruchtfans\/\" \/>\n<meta property=\"og:site_name\" content=\"Vapingnet.de\" \/>\n<meta property=\"article:publisher\" content=\"https:\/\/www.facebook.com\/vapingnetde\/\" \/>\n<meta property=\"article:modified_time\" content=\"2025-06-19T03:42:03+00:00\" \/>\n<meta property=\"og:image\" content=\"https:\/\/vapingnet.de\/wp-content\/uploads\/2025\/03\/Triple-FAUIT.png\" \/>\n\t<meta property=\"og:image:width\" content=\"900\" \/>\n\t<meta property=\"og:image:height\" content=\"600\" \/>\n\t<meta property=\"og:image:type\" content=\"image\/png\" \/>\n<meta name=\"twitter:card\" content=\"summary_large_image\" \/>\n<meta name=\"twitter:label1\" content=\"Dur\u00e9e de lecture estim\u00e9e\" \/>\n\t<meta name=\"twitter:data1\" content=\"3 minutes\" \/>\n<script type=\"application\/ld+json\" class=\"yoast-schema-graph\">{\"@context\":\"https:\/\/schema.org\",\"@graph\":[{\"@type\":\"WebPage\",\"@id\":\"https:\/\/vapingnet.de\/vape\/bang-king-digital-15000-puffs-triple-fruit-ein-traum-fuer-alle-fruchtfans\/\",\"url\":\"https:\/\/vapingnet.de\/vape\/bang-king-digital-15000-puffs-triple-fruit-ein-traum-fuer-alle-fruchtfans\/\",\"name\":\"Bang King Digital 15000 Puffs Triple Fruit Ein Traum f\u00fcr alle Fruchtfans | Vapingnet.de\",\"isPartOf\":{\"@id\":\"https:\/\/vapingnet.de\/#website\"},\"primaryImageOfPage\":{\"@id\":\"https:\/\/vapingnet.de\/vape\/bang-king-digital-15000-puffs-triple-fruit-ein-traum-fuer-alle-fruchtfans\/#primaryimage\"},\"image\":{\"@id\":\"https:\/\/vapingnet.de\/vape\/bang-king-digital-15000-puffs-triple-fruit-ein-traum-fuer-alle-fruchtfans\/#primaryimage\"},\"thumbnailUrl\":\"https:\/\/vapingnet.de\/wp-content\/uploads\/2025\/03\/Triple-FAUIT.png\",\"datePublished\":\"2025-03-12T03:31:27+00:00\",\"dateModified\":\"2025-06-19T03:42:03+00:00\",\"description\":\"Entdecke Bang King Digital 15000 Puffs Triple Fruit Ein Traum f\u00fcr alle Fruchtfans bei vapingnet.de, \u25ba Gro\u00dfe Auswahl an Geschmacksrichtungen & super g\u00fcnstig!\",\"breadcrumb\":{\"@id\":\"https:\/\/vapingnet.de\/vape\/bang-king-digital-15000-puffs-triple-fruit-ein-traum-fuer-alle-fruchtfans\/#breadcrumb\"},\"inLanguage\":\"fr-FR\",\"potentialAction\":[{\"@type\":\"ReadAction\",\"target\":[\"https:\/\/vapingnet.de\/vape\/bang-king-digital-15000-puffs-triple-fruit-ein-traum-fuer-alle-fruchtfans\/\"]}]},{\"@type\":\"ImageObject\",\"inLanguage\":\"fr-FR\",\"@id\":\"https:\/\/vapingnet.de\/vape\/bang-king-digital-15000-puffs-triple-fruit-ein-traum-fuer-alle-fruchtfans\/#primaryimage\",\"url\":\"https:\/\/vapingnet.de\/wp-content\/uploads\/2025\/03\/Triple-FAUIT.png\",\"contentUrl\":\"https:\/\/vapingnet.de\/wp-content\/uploads\/2025\/03\/Triple-FAUIT.png\",\"width\":900,\"height\":600,\"caption\":\"Triple FAUIT\"},{\"@type\":\"BreadcrumbList\",\"@id\":\"https:\/\/vapingnet.de\/vape\/bang-king-digital-15000-puffs-triple-fruit-ein-traum-fuer-alle-fruchtfans\/#breadcrumb\",\"itemListElement\":[{\"@type\":\"ListItem\",\"position\":1,\"name\":\"Home\",\"item\":\"https:\/\/vapingnet.de\/\"},{\"@type\":\"ListItem\",\"position\":2,\"name\":\"Shop\",\"item\":\"https:\/\/vapingnet.de\/vape\/\"},{\"@type\":\"ListItem\",\"position\":3,\"name\":\"Bang King Digital 15000 Puffs Triple Fruit Ein Traum f\u00fcr alle Fruchtfans\"}]},{\"@type\":\"WebSite\",\"@id\":\"https:\/\/vapingnet.de\/#website\",\"url\":\"https:\/\/vapingnet.de\/\",\"name\":\"Vapingnet.de\",\"description\":\"\",\"publisher\":{\"@id\":\"https:\/\/vapingnet.de\/#organization\"},\"potentialAction\":[{\"@type\":\"SearchAction\",\"target\":{\"@type\":\"EntryPoint\",\"urlTemplate\":\"https:\/\/vapingnet.de\/?s={search_term_string}\"},\"query-input\":{\"@type\":\"PropertyValueSpecification\",\"valueRequired\":true,\"valueName\":\"search_term_string\"}}],\"inLanguage\":\"fr-FR\"},{\"@type\":\"Organization\",\"@id\":\"https:\/\/vapingnet.de\/#organization\",\"name\":\"Vapingnet.de\",\"url\":\"https:\/\/vapingnet.de\/\",\"logo\":{\"@type\":\"ImageObject\",\"inLanguage\":\"fr-FR\",\"@id\":\"https:\/\/vapingnet.de\/#\/schema\/logo\/image\/\",\"url\":\"https:\/\/vapingnet.de\/wp-content\/uploads\/2025\/03\/cropped-vapingnet.de_.jpg\",\"contentUrl\":\"https:\/\/vapingnet.de\/wp-content\/uploads\/2025\/03\/cropped-vapingnet.de_.jpg\",\"width\":512,\"height\":512,\"caption\":\"Vapingnet.de\"},\"image\":{\"@id\":\"https:\/\/vapingnet.de\/#\/schema\/logo\/image\/\"},\"sameAs\":[\"https:\/\/www.facebook.com\/vapingnetde\/\"]}]}<\/script>\n<!-- \/ Yoast SEO plugin. -->","yoast_head_json":{"title":"Bang King Digital 15000 Puffs Triple Fruit Ein Traum f\u00fcr alle Fruchtfans | Vapingnet.de","description":"Entdecke Bang King Digital 15000 Puffs Triple Fruit Ein Traum f\u00fcr alle Fruchtfans bei vapingnet.de, \u25ba Gro\u00dfe Auswahl an Geschmacksrichtungen & super g\u00fcnstig!","robots":{"index":"index","follow":"follow","max-snippet":"max-snippet:-1","max-image-preview":"max-image-preview:large","max-video-preview":"max-video-preview:-1"},"canonical":"https:\/\/vapingnet.de\/fr\/vape\/bang-king-digital-15000-puffs-triple-fruit-ein-traum-fuer-alle-fruchtfans\/","og_locale":"fr_FR","og_type":"article","og_title":"Bang King Digital 15000 Puffs Triple Fruit Ein Traum f\u00fcr alle Fruchtfans | Vapingnet.de","og_description":"Entdecke Bang King Digital 15000 Puffs Triple Fruit Ein Traum f\u00fcr alle Fruchtfans bei vapingnet.de, \u25ba Gro\u00dfe Auswahl an Geschmacksrichtungen & super g\u00fcnstig!","og_url":"https:\/\/vapingnet.de\/fr\/vape\/bang-king-digital-15000-puffs-triple-fruit-ein-traum-fuer-alle-fruchtfans\/","og_site_name":"Vapingnet.de","article_publisher":"https:\/\/www.facebook.com\/vapingnetde\/","article_modified_time":"2025-06-19T03:42:03+00:00","og_image":[{"width":900,"height":600,"url":"https:\/\/vapingnet.de\/wp-content\/uploads\/2025\/03\/Triple-FAUIT.png","type":"image\/png"}],"twitter_card":"summary_large_image","twitter_misc":{"Dur\u00e9e de lecture estim\u00e9e":"3 minutes"},"schema":{"@context":"https:\/\/schema.org","@graph":[{"@type":"WebPage","@id":"https:\/\/vapingnet.de\/vape\/bang-king-digital-15000-puffs-triple-fruit-ein-traum-fuer-alle-fruchtfans\/","url":"https:\/\/vapingnet.de\/vape\/bang-king-digital-15000-puffs-triple-fruit-ein-traum-fuer-alle-fruchtfans\/","name":"Bang King Digital 15000 Puffs Triple Fruit Ein Traum f\u00fcr alle Fruchtfans | Vapingnet.de","isPartOf":{"@id":"https:\/\/vapingnet.de\/#website"},"primaryImageOfPage":{"@id":"https:\/\/vapingnet.de\/vape\/bang-king-digital-15000-puffs-triple-fruit-ein-traum-fuer-alle-fruchtfans\/#primaryimage"},"image":{"@id":"https:\/\/vapingnet.de\/vape\/bang-king-digital-15000-puffs-triple-fruit-ein-traum-fuer-alle-fruchtfans\/#primaryimage"},"thumbnailUrl":"https:\/\/vapingnet.de\/wp-content\/uploads\/2025\/03\/Triple-FAUIT.png","datePublished":"2025-03-12T03:31:27+00:00","dateModified":"2025-06-19T03:42:03+00:00","description":"Entdecke Bang King Digital 15000 Puffs Triple Fruit Ein Traum f\u00fcr alle Fruchtfans bei vapingnet.de, \u25ba Gro\u00dfe Auswahl an Geschmacksrichtungen & super g\u00fcnstig!","breadcrumb":{"@id":"https:\/\/vapingnet.de\/vape\/bang-king-digital-15000-puffs-triple-fruit-ein-traum-fuer-alle-fruchtfans\/#breadcrumb"},"inLanguage":"fr-FR","potentialAction":[{"@type":"ReadAction","target":["https:\/\/vapingnet.de\/vape\/bang-king-digital-15000-puffs-triple-fruit-ein-traum-fuer-alle-fruchtfans\/"]}]},{"@type":"ImageObject","inLanguage":"fr-FR","@id":"https:\/\/vapingnet.de\/vape\/bang-king-digital-15000-puffs-triple-fruit-ein-traum-fuer-alle-fruchtfans\/#primaryimage","url":"https:\/\/vapingnet.de\/wp-content\/uploads\/2025\/03\/Triple-FAUIT.png","contentUrl":"https:\/\/vapingnet.de\/wp-content\/uploads\/2025\/03\/Triple-FAUIT.png","width":900,"height":600,"caption":"Triple FAUIT"},{"@type":"BreadcrumbList","@id":"https:\/\/vapingnet.de\/vape\/bang-king-digital-15000-puffs-triple-fruit-ein-traum-fuer-alle-fruchtfans\/#breadcrumb","itemListElement":[{"@type":"ListItem","position":1,"name":"Home","item":"https:\/\/vapingnet.de\/"},{"@type":"ListItem","position":2,"name":"Shop","item":"https:\/\/vapingnet.de\/vape\/"},{"@type":"ListItem","position":3,"name":"Bang King Digital 15000 Puffs Triple Fruit Ein Traum f\u00fcr alle Fruchtfans"}]},{"@type":"WebSite","@id":"https:\/\/vapingnet.de\/#website","url":"https:\/\/vapingnet.de\/","name":"Vapingnet.de","description":"","publisher":{"@id":"https:\/\/vapingnet.de\/#organization"},"potentialAction":[{"@type":"SearchAction","target":{"@type":"EntryPoint","urlTemplate":"https:\/\/vapingnet.de\/?s={search_term_string}"},"query-input":{"@type":"PropertyValueSpecification","valueRequired":true,"valueName":"search_term_string"}}],"inLanguage":"fr-FR"},{"@type":"Organization","@id":"https:\/\/vapingnet.de\/#organization","name":"Vapingnet.de","url":"https:\/\/vapingnet.de\/","logo":{"@type":"ImageObject","inLanguage":"fr-FR","@id":"https:\/\/vapingnet.de\/#\/schema\/logo\/image\/","url":"https:\/\/vapingnet.de\/wp-content\/uploads\/2025\/03\/cropped-vapingnet.de_.jpg","contentUrl":"https:\/\/vapingnet.de\/wp-content\/uploads\/2025\/03\/cropped-vapingnet.de_.jpg","width":512,"height":512,"caption":"Vapingnet.de"},"image":{"@id":"https:\/\/vapingnet.de\/#\/schema\/logo\/image\/"},"sameAs":["https:\/\/www.facebook.com\/vapingnetde\/"]}]}},"tiered_pricing_type":"fixed","tiered_pricing_fixed_rules":{"10":"6.83","60":"6.15","110":"5.46","200":"4.78"},"tiered_pricing_product_settings":{"layout":"default","base_unit_name":{"singular":null,"plural":null},"default_variation":null},"tiered_pricing_minimum_quantity":null,"tiered_pricing_roles_data":[],"tiered_pricing_percentage_rules":[],"_links":{"self":[{"href":"https:\/\/vapingnet.de\/fr\/wp-json\/wp\/v2\/product\/5096","targetHints":{"allow":["GET"]}}],"collection":[{"href":"https:\/\/vapingnet.de\/fr\/wp-json\/wp\/v2\/product"}],"about":[{"href":"https:\/\/vapingnet.de\/fr\/wp-json\/wp\/v2\/types\/product"}],"version-history":[{"count":3,"href":"https:\/\/vapingnet.de\/fr\/wp-json\/wp\/v2\/product\/5096\/revisions"}],"predecessor-version":[{"id":6312,"href":"https:\/\/vapingnet.de\/fr\/wp-json\/wp\/v2\/product\/5096\/revisions\/6312"}],"wp:featuredmedia":[{"embeddable":true,"href":"https:\/\/vapingnet.de\/fr\/wp-json\/wp\/v2\/media\/5097"}],"wp:attachment":[{"href":"https:\/\/vapingnet.de\/fr\/wp-json\/wp\/v2\/media?parent=5096"}],"wp:term":[{"taxonomy":"brand","embeddable":true,"href":"https:\/\/vapingnet.de\/fr\/wp-json\/wp\/v2\/etheme_brands?post=5096"},{"taxonomy":"product_brand","embeddable":true,"href":"https:\/\/vapingnet.de\/fr\/wp-json\/wp\/v2\/product_brand?post=5096"},{"taxonomy":"product_cat","embeddable":true,"href":"https:\/\/vapingnet.de\/fr\/wp-json\/wp\/v2\/product_cat?post=5096"},{"taxonomy":"product_tag","embeddable":true,"href":"https:\/\/vapingnet.de\/fr\/wp-json\/wp\/v2\/product_tag?post=5096"}],"curies":[{"name":"wp","href":"https:\/\/api.w.org\/{rel}","templated":true}]}}