{"id":5109,"date":"2025-03-12T06:03:18","date_gmt":"2025-03-12T06:03:18","guid":{"rendered":"https:\/\/vapingnet.de\/?post_type=product&#038;p=5109"},"modified":"2025-06-19T03:42:02","modified_gmt":"2025-06-19T03:42:02","slug":"bang-blaze-20000-puffs-mixed-berries-fruchtig-intensiv-langanhaltend","status":"publish","type":"product","link":"https:\/\/vapingnet.de\/fr\/vape\/bang-blaze-20000-puffs-mixed-berries-fruchtig-intensiv-langanhaltend\/","title":{"rendered":"Bang Blaze 20000 Puffs Baies M\u00e9lang\u00e9es, fruit\u00e9, intense, longue dur\u00e9e"},"content":{"rendered":"<h2 data-start=\"0\" data-end=\"89\">Bang Blaze 20000 Bouff\u00e9es : Dur\u00e9e de vie extr\u00eamement longue, exp\u00e9rience de vapotage ultime ! \ud83d\udd25<\/h2>\n<p data-start=\"91\" data-end=\"448\">Vous cherchez un mod\u00e8le de cigarette \u00e9lectronique jetable avec une durabilit\u00e9 extr\u00eame et une saveur intense ? Alors c'est <a href=\"https:\/\/vapingnet.de\/fr\/bang-blaze-20000-puffs\/\" target=\"_blank\" rel=\"noopener\"><strong>Bang Blaze 20000 Bouff\u00e9es<\/strong><\/a> exactement ce qu'il vous faut ! Gr\u00e2ce \u00e0 la technologie de coil Dul Mesh 1.0\u03a9, vous vivez une vapeur douce et dense, transformant chaque inhalation en plaisir \u2013 parfait pour les d\u00e9butants et les vapoteurs exp\u00e9riment\u00e9s !<\/p>\n<p data-start=\"455\" data-end=\"499\">\ud83d\udca8 20 000 bouff\u00e9es \u2013 Utilisation maximale<\/p>\n<p data-start=\"500\" data-end=\"775\">Compar\u00e9 aux vapoteuses jetables classiques avec 3 000\u20136 000 bouff\u00e9es, la Bang Blaze 20000 Puffs vous offre jusqu'\u00e0<a href=\"https:\/\/vapingnet.de\/fr\/k\/vape-20000-zuege\/\" target=\"_blank\" rel=\"noopener\"><strong> 20 000 bouff\u00e9es<\/strong><\/a> \u2013 ce qui correspond \u00e0 une dur\u00e9e de vie 3 \u00e0 5 fois sup\u00e9rieure \u00e0 celle d'une vapoteuse standard ! Plus besoin de racheter constamment \u2013 profitez plus longtemps et \u00e9conomisez de l'argent !<\/p>\n<p data-start=\"777\" data-end=\"824\">\ud83d\udd0b Batterie rechargeable de 1000mAh<\/p>\n<p data-start=\"825\" data-end=\"991\">Gr\u00e2ce \u00e0 la batterie de 1000mAh avec charge rapide Type-C, vous pouvez recharger votre appareil \u00e0 tout moment en toute simplicit\u00e9. Plus de stress li\u00e9 \u00e0 la batterie \u2013 vapotez quand et o\u00f9 vous voulez !<\/p>\n<p data-start=\"993\" data-end=\"1043\">\ud83c\udf47 Saveur explosive \u2013 Baies m\u00e9lang\u00e9es<\/p>\n<p data-start=\"1044\" data-end=\"1212\">Un m\u00e9lange parfait de diff\u00e9rentes baies offrant une note fruit\u00e9e, sucr\u00e9e et l\u00e9g\u00e8rement acidul\u00e9e. Chaque inhalation est comme une gorg\u00e9e de jus de fruits rafra\u00eechissant !<\/p>\n<p data-start=\"1214\" data-end=\"1249\">\ud83d\udcfa \u00c9cran intelligent<\/p>\n<p data-start=\"1250\" data-end=\"1359\">Gardez toujours un \u0153il sur le niveau de batterie et la quantit\u00e9 de liquide \u2013 plus de surprises d\u00e9sagr\u00e9ables !<\/p>\n<p data-start=\"1361\" data-end=\"1402\">\ud83d\udca7 Grande capacit\u00e9 de liquide \u2013 26ml<\/p>\n<p data-start=\"1403\" data-end=\"1676\">Avec 26ml de e-liquide, vous avez le choix entre 0% \/ 2% \/ 3% \/ 5% de concentration de nicotine (<em data-start=\"1495\" data-end=\"1539\">0% &amp; 3% disponibles uniquement pour les commandes en gros<\/em>). Que vous vapotiez sans nicotine ou que vous pr\u00e9f\u00e9riez une intensit\u00e9 plus forte \u2013 Bang Blaze 20000 Puffs a de quoi satisfaire tout le monde !<\/p>\n<h3>\ud83d\udcaf Pourquoi choisir Bang Blaze 20000 Puffs ?<\/h3>\n<p data-start=\"1726\" data-end=\"1996\">\u2705 Livraison directement depuis la France : entrep\u00f4t en France \u2013 livraison en 2\u20134 jours<br data-start=\"1812\" data-end=\"1815\" \/>\u2705 Sans douane : pas de frais suppl\u00e9mentaires !<br data-start=\"1863\" data-end=\"1866\" \/>\u2705 Qualit\u00e9 premium : coil en mesh, \u00e9cran intelligent et design rechargeable \u2013 une raret\u00e9 parmi les vapoteuses jetables !<\/p>\n<p data-start=\"1998\" data-end=\"2169\" data-is-last-node=\"\" data-is-only-node=\"\">\ud83d\udd25 Quantit\u00e9s limit\u00e9es disponibles \u2013 agissez maintenant ! \ud83d\udd25<br data-start=\"2063\" data-end=\"2066\" \/>\ud83d\udc49 Commandez maintenant sur <a href=\"https:\/\/vapingnet.de\/fr\/\" target=\"_new\" rel=\"noopener\" data-start=\"2090\" data-end=\"2126\">vapingnet.de<\/a> et vivez l'exp\u00e9rience de vapotage ultime !<\/p>","protected":false},"excerpt":{"rendered":"<p>Bang Blaze 20000 Puffs : Dur\u00e9e de vie extr\u00eamement longue, exp\u00e9rience de vapotage ultime ! \ud83d\udd25 Vous cherchez un mod\u00e8le de cigarette \u00e9lectronique jetable avec une durabilit\u00e9 extr\u00eame et une saveur intense ? Alors, le...<\/p>","protected":false},"featured_media":6851,"template":"","meta":[],"etheme_brands":[],"product_brand":[101],"product_cat":[54,49,61],"product_tag":[],"class_list":{"0":"post-5109","1":"product","2":"type-product","3":"status-publish","4":"has-post-thumbnail","6":"product_brand-bang-king-vape","7":"product_cat-vape-20000-zuege","8":"product_cat-einweg-e-zigarette","9":"product_cat-f","11":"first","12":"instock","13":"shipping-taxable","14":"purchasable","15":"product-type-simple"},"yoast_head":"<!-- This site is optimized with the Yoast SEO plugin v26.5 - https:\/\/yoast.com\/wordpress\/plugins\/seo\/ -->\n<title>Bang Blaze 20000 Puffs Mixed Berries Fruchtig intensiv langanhaltend | Vapingnet.de<\/title>\n<meta name=\"description\" content=\"Entdecke Bang Blaze 20000 Puffs Mixed Berries Fruchtig intensiv langanhaltend bei vapingnet.de, \u25ba Gro\u00dfe Auswahl an Geschmacksrichtungen &amp; super g\u00fcnstig!\" \/>\n<meta name=\"robots\" content=\"index, follow, max-snippet:-1, max-image-preview:large, max-video-preview:-1\" \/>\n<link rel=\"canonical\" href=\"https:\/\/vapingnet.de\/fr\/vape\/bang-blaze-20000-puffs-mixed-berries-fruchtig-intensiv-langanhaltend\/\" \/>\n<meta property=\"og:locale\" content=\"fr_FR\" \/>\n<meta property=\"og:type\" content=\"article\" \/>\n<meta property=\"og:title\" content=\"Bang Blaze 20000 Puffs Mixed Berries Fruchtig intensiv langanhaltend | Vapingnet.de\" \/>\n<meta property=\"og:description\" content=\"Entdecke Bang Blaze 20000 Puffs Mixed Berries Fruchtig intensiv langanhaltend bei vapingnet.de, \u25ba Gro\u00dfe Auswahl an Geschmacksrichtungen &amp; super g\u00fcnstig!\" \/>\n<meta property=\"og:url\" content=\"https:\/\/vapingnet.de\/fr\/vape\/bang-blaze-20000-puffs-mixed-berries-fruchtig-intensiv-langanhaltend\/\" \/>\n<meta property=\"og:site_name\" content=\"Vapingnet.de\" \/>\n<meta property=\"article:publisher\" content=\"https:\/\/www.facebook.com\/vapingnetde\/\" \/>\n<meta property=\"article:modified_time\" content=\"2025-06-19T03:42:02+00:00\" \/>\n<meta property=\"og:image\" content=\"https:\/\/vapingnet.de\/wp-content\/uploads\/2025\/03\/bang-mixed-berries.png\" \/>\n\t<meta property=\"og:image:width\" content=\"1000\" \/>\n\t<meta property=\"og:image:height\" content=\"1000\" \/>\n\t<meta property=\"og:image:type\" content=\"image\/png\" \/>\n<meta name=\"twitter:card\" content=\"summary_large_image\" \/>\n<meta name=\"twitter:label1\" content=\"Dur\u00e9e de lecture estim\u00e9e\" \/>\n\t<meta name=\"twitter:data1\" content=\"2 minutes\" \/>\n<script type=\"application\/ld+json\" class=\"yoast-schema-graph\">{\"@context\":\"https:\/\/schema.org\",\"@graph\":[{\"@type\":\"WebPage\",\"@id\":\"https:\/\/vapingnet.de\/vape\/bang-blaze-20000-puffs-mixed-berries-fruchtig-intensiv-langanhaltend\/\",\"url\":\"https:\/\/vapingnet.de\/vape\/bang-blaze-20000-puffs-mixed-berries-fruchtig-intensiv-langanhaltend\/\",\"name\":\"Bang Blaze 20000 Puffs Mixed Berries Fruchtig intensiv langanhaltend | Vapingnet.de\",\"isPartOf\":{\"@id\":\"https:\/\/vapingnet.de\/#website\"},\"primaryImageOfPage\":{\"@id\":\"https:\/\/vapingnet.de\/vape\/bang-blaze-20000-puffs-mixed-berries-fruchtig-intensiv-langanhaltend\/#primaryimage\"},\"image\":{\"@id\":\"https:\/\/vapingnet.de\/vape\/bang-blaze-20000-puffs-mixed-berries-fruchtig-intensiv-langanhaltend\/#primaryimage\"},\"thumbnailUrl\":\"https:\/\/vapingnet.de\/wp-content\/uploads\/2025\/03\/bang-mixed-berries.png\",\"datePublished\":\"2025-03-12T06:03:18+00:00\",\"dateModified\":\"2025-06-19T03:42:02+00:00\",\"description\":\"Entdecke Bang Blaze 20000 Puffs Mixed Berries Fruchtig intensiv langanhaltend bei vapingnet.de, \u25ba Gro\u00dfe Auswahl an Geschmacksrichtungen & super g\u00fcnstig!\",\"breadcrumb\":{\"@id\":\"https:\/\/vapingnet.de\/vape\/bang-blaze-20000-puffs-mixed-berries-fruchtig-intensiv-langanhaltend\/#breadcrumb\"},\"inLanguage\":\"fr-FR\",\"potentialAction\":[{\"@type\":\"ReadAction\",\"target\":[\"https:\/\/vapingnet.de\/vape\/bang-blaze-20000-puffs-mixed-berries-fruchtig-intensiv-langanhaltend\/\"]}]},{\"@type\":\"ImageObject\",\"inLanguage\":\"fr-FR\",\"@id\":\"https:\/\/vapingnet.de\/vape\/bang-blaze-20000-puffs-mixed-berries-fruchtig-intensiv-langanhaltend\/#primaryimage\",\"url\":\"https:\/\/vapingnet.de\/wp-content\/uploads\/2025\/03\/bang-mixed-berries.png\",\"contentUrl\":\"https:\/\/vapingnet.de\/wp-content\/uploads\/2025\/03\/bang-mixed-berries.png\",\"width\":1000,\"height\":1000},{\"@type\":\"BreadcrumbList\",\"@id\":\"https:\/\/vapingnet.de\/vape\/bang-blaze-20000-puffs-mixed-berries-fruchtig-intensiv-langanhaltend\/#breadcrumb\",\"itemListElement\":[{\"@type\":\"ListItem\",\"position\":1,\"name\":\"Home\",\"item\":\"https:\/\/vapingnet.de\/\"},{\"@type\":\"ListItem\",\"position\":2,\"name\":\"Shop\",\"item\":\"https:\/\/vapingnet.de\/vape\/\"},{\"@type\":\"ListItem\",\"position\":3,\"name\":\"Bang Blaze 20000 Puffs Mixed Berries Fruchtig intensiv langanhaltend\"}]},{\"@type\":\"WebSite\",\"@id\":\"https:\/\/vapingnet.de\/#website\",\"url\":\"https:\/\/vapingnet.de\/\",\"name\":\"Vapingnet.de\",\"description\":\"\",\"publisher\":{\"@id\":\"https:\/\/vapingnet.de\/#organization\"},\"potentialAction\":[{\"@type\":\"SearchAction\",\"target\":{\"@type\":\"EntryPoint\",\"urlTemplate\":\"https:\/\/vapingnet.de\/?s={search_term_string}\"},\"query-input\":{\"@type\":\"PropertyValueSpecification\",\"valueRequired\":true,\"valueName\":\"search_term_string\"}}],\"inLanguage\":\"fr-FR\"},{\"@type\":\"Organization\",\"@id\":\"https:\/\/vapingnet.de\/#organization\",\"name\":\"Vapingnet.de\",\"url\":\"https:\/\/vapingnet.de\/\",\"logo\":{\"@type\":\"ImageObject\",\"inLanguage\":\"fr-FR\",\"@id\":\"https:\/\/vapingnet.de\/#\/schema\/logo\/image\/\",\"url\":\"https:\/\/vapingnet.de\/wp-content\/uploads\/2025\/03\/cropped-vapingnet.de_.jpg\",\"contentUrl\":\"https:\/\/vapingnet.de\/wp-content\/uploads\/2025\/03\/cropped-vapingnet.de_.jpg\",\"width\":512,\"height\":512,\"caption\":\"Vapingnet.de\"},\"image\":{\"@id\":\"https:\/\/vapingnet.de\/#\/schema\/logo\/image\/\"},\"sameAs\":[\"https:\/\/www.facebook.com\/vapingnetde\/\"]}]}<\/script>\n<!-- \/ Yoast SEO plugin. -->","yoast_head_json":{"title":"Bang Blaze 20000 Puffs Mixed Berries Fruchtig intensiv langanhaltend | Vapingnet.de","description":"Entdecke Bang Blaze 20000 Puffs Mixed Berries Fruchtig intensiv langanhaltend bei vapingnet.de, \u25ba Gro\u00dfe Auswahl an Geschmacksrichtungen & super g\u00fcnstig!","robots":{"index":"index","follow":"follow","max-snippet":"max-snippet:-1","max-image-preview":"max-image-preview:large","max-video-preview":"max-video-preview:-1"},"canonical":"https:\/\/vapingnet.de\/fr\/vape\/bang-blaze-20000-puffs-mixed-berries-fruchtig-intensiv-langanhaltend\/","og_locale":"fr_FR","og_type":"article","og_title":"Bang Blaze 20000 Puffs Mixed Berries Fruchtig intensiv langanhaltend | Vapingnet.de","og_description":"Entdecke Bang Blaze 20000 Puffs Mixed Berries Fruchtig intensiv langanhaltend bei vapingnet.de, \u25ba Gro\u00dfe Auswahl an Geschmacksrichtungen & super g\u00fcnstig!","og_url":"https:\/\/vapingnet.de\/fr\/vape\/bang-blaze-20000-puffs-mixed-berries-fruchtig-intensiv-langanhaltend\/","og_site_name":"Vapingnet.de","article_publisher":"https:\/\/www.facebook.com\/vapingnetde\/","article_modified_time":"2025-06-19T03:42:02+00:00","og_image":[{"width":1000,"height":1000,"url":"https:\/\/vapingnet.de\/wp-content\/uploads\/2025\/03\/bang-mixed-berries.png","type":"image\/png"}],"twitter_card":"summary_large_image","twitter_misc":{"Dur\u00e9e de lecture estim\u00e9e":"2 minutes"},"schema":{"@context":"https:\/\/schema.org","@graph":[{"@type":"WebPage","@id":"https:\/\/vapingnet.de\/vape\/bang-blaze-20000-puffs-mixed-berries-fruchtig-intensiv-langanhaltend\/","url":"https:\/\/vapingnet.de\/vape\/bang-blaze-20000-puffs-mixed-berries-fruchtig-intensiv-langanhaltend\/","name":"Bang Blaze 20000 Puffs Mixed Berries Fruchtig intensiv langanhaltend | Vapingnet.de","isPartOf":{"@id":"https:\/\/vapingnet.de\/#website"},"primaryImageOfPage":{"@id":"https:\/\/vapingnet.de\/vape\/bang-blaze-20000-puffs-mixed-berries-fruchtig-intensiv-langanhaltend\/#primaryimage"},"image":{"@id":"https:\/\/vapingnet.de\/vape\/bang-blaze-20000-puffs-mixed-berries-fruchtig-intensiv-langanhaltend\/#primaryimage"},"thumbnailUrl":"https:\/\/vapingnet.de\/wp-content\/uploads\/2025\/03\/bang-mixed-berries.png","datePublished":"2025-03-12T06:03:18+00:00","dateModified":"2025-06-19T03:42:02+00:00","description":"Entdecke Bang Blaze 20000 Puffs Mixed Berries Fruchtig intensiv langanhaltend bei vapingnet.de, \u25ba Gro\u00dfe Auswahl an Geschmacksrichtungen & super g\u00fcnstig!","breadcrumb":{"@id":"https:\/\/vapingnet.de\/vape\/bang-blaze-20000-puffs-mixed-berries-fruchtig-intensiv-langanhaltend\/#breadcrumb"},"inLanguage":"fr-FR","potentialAction":[{"@type":"ReadAction","target":["https:\/\/vapingnet.de\/vape\/bang-blaze-20000-puffs-mixed-berries-fruchtig-intensiv-langanhaltend\/"]}]},{"@type":"ImageObject","inLanguage":"fr-FR","@id":"https:\/\/vapingnet.de\/vape\/bang-blaze-20000-puffs-mixed-berries-fruchtig-intensiv-langanhaltend\/#primaryimage","url":"https:\/\/vapingnet.de\/wp-content\/uploads\/2025\/03\/bang-mixed-berries.png","contentUrl":"https:\/\/vapingnet.de\/wp-content\/uploads\/2025\/03\/bang-mixed-berries.png","width":1000,"height":1000},{"@type":"BreadcrumbList","@id":"https:\/\/vapingnet.de\/vape\/bang-blaze-20000-puffs-mixed-berries-fruchtig-intensiv-langanhaltend\/#breadcrumb","itemListElement":[{"@type":"ListItem","position":1,"name":"Home","item":"https:\/\/vapingnet.de\/"},{"@type":"ListItem","position":2,"name":"Shop","item":"https:\/\/vapingnet.de\/vape\/"},{"@type":"ListItem","position":3,"name":"Bang Blaze 20000 Puffs Mixed Berries Fruchtig intensiv langanhaltend"}]},{"@type":"WebSite","@id":"https:\/\/vapingnet.de\/#website","url":"https:\/\/vapingnet.de\/","name":"Vapingnet.de","description":"","publisher":{"@id":"https:\/\/vapingnet.de\/#organization"},"potentialAction":[{"@type":"SearchAction","target":{"@type":"EntryPoint","urlTemplate":"https:\/\/vapingnet.de\/?s={search_term_string}"},"query-input":{"@type":"PropertyValueSpecification","valueRequired":true,"valueName":"search_term_string"}}],"inLanguage":"fr-FR"},{"@type":"Organization","@id":"https:\/\/vapingnet.de\/#organization","name":"Vapingnet.de","url":"https:\/\/vapingnet.de\/","logo":{"@type":"ImageObject","inLanguage":"fr-FR","@id":"https:\/\/vapingnet.de\/#\/schema\/logo\/image\/","url":"https:\/\/vapingnet.de\/wp-content\/uploads\/2025\/03\/cropped-vapingnet.de_.jpg","contentUrl":"https:\/\/vapingnet.de\/wp-content\/uploads\/2025\/03\/cropped-vapingnet.de_.jpg","width":512,"height":512,"caption":"Vapingnet.de"},"image":{"@id":"https:\/\/vapingnet.de\/#\/schema\/logo\/image\/"},"sameAs":["https:\/\/www.facebook.com\/vapingnetde\/"]}]}},"tiered_pricing_type":"fixed","tiered_pricing_fixed_rules":{"10":"7.59","60":"6.83","110":"6.07","200":"5.31"},"tiered_pricing_product_settings":{"layout":"default","base_unit_name":{"singular":null,"plural":null},"default_variation":null},"tiered_pricing_minimum_quantity":null,"tiered_pricing_roles_data":[],"tiered_pricing_percentage_rules":[],"_links":{"self":[{"href":"https:\/\/vapingnet.de\/fr\/wp-json\/wp\/v2\/product\/5109","targetHints":{"allow":["GET"]}}],"collection":[{"href":"https:\/\/vapingnet.de\/fr\/wp-json\/wp\/v2\/product"}],"about":[{"href":"https:\/\/vapingnet.de\/fr\/wp-json\/wp\/v2\/types\/product"}],"version-history":[{"count":4,"href":"https:\/\/vapingnet.de\/fr\/wp-json\/wp\/v2\/product\/5109\/revisions"}],"predecessor-version":[{"id":6218,"href":"https:\/\/vapingnet.de\/fr\/wp-json\/wp\/v2\/product\/5109\/revisions\/6218"}],"wp:featuredmedia":[{"embeddable":true,"href":"https:\/\/vapingnet.de\/fr\/wp-json\/wp\/v2\/media\/6851"}],"wp:attachment":[{"href":"https:\/\/vapingnet.de\/fr\/wp-json\/wp\/v2\/media?parent=5109"}],"wp:term":[{"taxonomy":"brand","embeddable":true,"href":"https:\/\/vapingnet.de\/fr\/wp-json\/wp\/v2\/etheme_brands?post=5109"},{"taxonomy":"product_brand","embeddable":true,"href":"https:\/\/vapingnet.de\/fr\/wp-json\/wp\/v2\/product_brand?post=5109"},{"taxonomy":"product_cat","embeddable":true,"href":"https:\/\/vapingnet.de\/fr\/wp-json\/wp\/v2\/product_cat?post=5109"},{"taxonomy":"product_tag","embeddable":true,"href":"https:\/\/vapingnet.de\/fr\/wp-json\/wp\/v2\/product_tag?post=5109"}],"curies":[{"name":"wp","href":"https:\/\/api.w.org\/{rel}","templated":true}]}}