{"id":5131,"date":"2025-12-13T07:41:03","date_gmt":"2025-12-13T07:41:03","guid":{"rendered":"https:\/\/vapingnet.de\/?post_type=product&#038;p=5131"},"modified":"2026-01-28T08:37:03","modified_gmt":"2026-01-28T08:37:03","slug":"erlebe-20000-zuege-mit-bang-blaze-mango-peach-watermelon","status":"publish","type":"product","link":"https:\/\/vapingnet.de\/fr\/vape\/erlebe-20000-zuege-mit-bang-blaze-mango-peach-watermelon\/","title":{"rendered":"Vivez 20000 coups avec Bang Blaze Mango Peach Watermelon"},"content":{"rendered":"<h2 data-start=\"0\" data-end=\"129\">Bang Blaze 20000 Bouff\u00e9es \u2013 L'exp\u00e9rience de saveur parfaite \u00e0 la mangue, p\u00eache et past\u00e8que pour une exp\u00e9rience de vapotage longue dur\u00e9e !<\/h2>\n<p data-start=\"131\" data-end=\"567\">Sur le march\u00e9 des cigarettes \u00e9lectroniques, le Bang Blaze 20000 Bouff\u00e9es s'est impos\u00e9 comme un produit exceptionnel. Il offre non seulement une performance remarquable, mais aussi une exp\u00e9rience gustative unique, qui reste fra\u00eeche \u00e0 chaque inhalation. Que vous soyez d\u00e9butant ou vapoteur exp\u00e9riment\u00e9, le <a href=\"https:\/\/vapingnet.de\/fr\/Brands\/bang-king-vape\/\" target=\"_blank\" rel=\"noopener\"><strong>Bang<\/strong> <\/a>r\u00e9pond \u00e0 vos attentes \u00e9lev\u00e9es en mati\u00e8re de go\u00fbt et de performance. D\u00e9couvrons ensemble les points forts de cette cigarette \u00e9lectronique !<\/p>\n<h4 data-start=\"569\" data-end=\"591\">Principaux avantages :<\/h4>\n<ol data-start=\"593\" data-end=\"2277\">\n<li data-start=\"593\" data-end=\"921\">\n<p data-start=\"596\" data-end=\"630\">Longue dur\u00e9e de vapotage \u2013 20 000 inhalations<\/p>\n<ul data-start=\"634\" data-end=\"921\">\n<li data-start=\"634\" data-end=\"921\">Le Bang Blaze 20000 Bouff\u00e9es offre une dur\u00e9e de vapotage incroyable allant jusqu'\u00e0 20 000 inhalations, vous \u00e9vitant de changer d'appareil constamment. Que vous l'utilisiez pour une utilisation quotidienne ou pour des sessions de vapotage prolong\u00e9es, cet appareil vous garantit une utilisation durable.<\/li>\n<\/ul>\n<\/li>\n<li data-start=\"923\" data-end=\"1260\">\n<p data-start=\"926\" data-end=\"994\">Dul Mesh Coil \u2013 Chauffage efficace pour une saveur douce<\/p>\n<ul data-start=\"998\" data-end=\"1260\">\n<li data-start=\"998\" data-end=\"1260\">Gr\u00e2ce \u00e0 la r\u00e9sistance Dul Mesh Coil avanc\u00e9e (1.0\u03a9), le Bang Blaze assure un chauffage uniforme et rapide, procurant une vapeur douce et riche en saveur. Chaque inhalation reste stable et lisse, pour une exp\u00e9rience de vapotage constamment agr\u00e9able.<\/li>\n<\/ul>\n<\/li>\n<li data-start=\"1262\" data-end=\"1606\">\n<p data-start=\"1265\" data-end=\"1334\">Mangue, p\u00eache, past\u00e8que \u2013 Le m\u00e9lange fruit\u00e9 parfait pour l'\u00e9t\u00e9<\/p>\n<ul data-start=\"1338\" data-end=\"1606\">\n<li data-start=\"1338\" data-end=\"1606\">La combinaison de mangue, p\u00eache et past\u00e8que offre une saveur rafra\u00eechissante, sucr\u00e9e et fruit\u00e9e. Chaque inhalation donne l'impression d'\u00eatre dans un verger, tandis que vos papilles sont ravies par la richesse des saveurs fruit\u00e9es.<\/li>\n<\/ul>\n<\/li>\n<li data-start=\"1608\" data-end=\"1996\">\n<p data-start=\"1611\" data-end=\"1682\">Diff\u00e9rentes concentrations de nicotine \u2013 Le choix adapt\u00e9 \u00e0 chaque go\u00fbt<\/p>\n<ul data-start=\"1686\" data-end=\"1996\">\n<li data-start=\"1686\" data-end=\"1996\">Le Bang Blaze 20000 Bouff\u00e9es propose plusieurs niveaux de nicotine : 0%, 2%, 3% et 5%. Que vous pr\u00e9f\u00e9riez un go\u00fbt doux ou plus fort, vous trouverez la force id\u00e9ale pour vous. Les concentrations 0% et 3% peuvent \u00e9galement \u00eatre command\u00e9es en grande quantit\u00e9, pour plus de confort.<\/li>\n<\/ul>\n<\/li>\n<li data-start=\"1998\" data-end=\"2277\">\n<p data-start=\"2001\" data-end=\"2055\">Connecteur Type-C \u2013 Recharge rapide, toujours pr\u00eat<\/p>\n<ul data-start=\"2059\" data-end=\"2277\">\n<li data-start=\"2059\" data-end=\"2277\">Le connecteur Type-C permet une recharge rapide, pour que vous puissiez vapoter \u00e0 nouveau en un rien de temps. Que vous soyez en d\u00e9placement ou \u00e0 la maison, le Bang Blaze est toujours pr\u00eat \u00e0 vous offrir une exp\u00e9rience de vapotage exceptionnelle.<\/li>\n<\/ul>\n<\/li>\n<\/ol>\n<h4 data-start=\"2279\" data-end=\"2332\">Livraison rapide et achat sans souci<\/h4>\n<ul data-start=\"2334\" data-end=\"2932\">\n<li data-start=\"2334\" data-end=\"2619\">\n<p data-start=\"2336\" data-end=\"2384\">Exp\u00e9dition directe depuis la r\u00e9gion de France, sans frais de douane<\/p>\n<ul data-start=\"2388\" data-end=\"2619\">\n<li data-start=\"2388\" data-end=\"2619\">Le Bang Blaze 20000 Bouff\u00e9es est exp\u00e9di\u00e9 directement depuis notre entrep\u00f4t en France, vous n'avez donc pas \u00e0 vous soucier des frais de douane. La livraison s'effectue en 2-4 jours \u2013 une exp\u00e9rience d'achat fluide garantie.<\/li>\n<\/ul>\n<\/li>\n<li data-start=\"2621\" data-end=\"2932\">\n<p data-start=\"2623\" data-end=\"2666\">Compact et portable, \u00e0 savourer \u00e0 tout moment<\/p>\n<ul data-start=\"2670\" data-end=\"2932\">\n<li data-start=\"2670\" data-end=\"2932\">Malgr\u00e9 sa grande capacit\u00e9, le Bang Blaze ne p\u00e8se que 85g, ce qui le rend l\u00e9ger et facile \u00e0 transporter. Vous pouvez le ranger sans probl\u00e8me dans votre poche ou votre sac \u00e0 dos et en profiter \u00e0 tout moment \u2013 en voyage, au travail ou lors de rencontres entre amis.<\/li>\n<\/ul>\n<\/li>\n<\/ul>\n<p>Pourquoi choisir le Bang Blaze 20000 Bouff\u00e9es ?<\/p>\n<ul data-start=\"2996\" data-end=\"3440\">\n<li data-start=\"2996\" data-end=\"3070\">Dur\u00e9e de vapeur prolong\u00e9e :<a href=\"https:\/\/vapingnet.de\/fr\/k\/vape-20000-zuege\/\" target=\"_blank\" rel=\"noopener\"><strong> 20 000 bouff\u00e9es<\/strong><\/a> pour une exp\u00e9rience de vapotage longue dur\u00e9e.<\/li>\n<li data-start=\"3071\" data-end=\"3190\">Go\u00fbt exceptionnel : mangue, p\u00eache et past\u00e8que offrent un m\u00e9lange fruit\u00e9 unique et rafra\u00eechissant.<\/li>\n<li data-start=\"3191\" data-end=\"3284\">Recharge rapide : connecteur Type-C pour une recharge rapide et une disponibilit\u00e9 imm\u00e9diate.<\/li>\n<li data-start=\"3285\" data-end=\"3369\">Exp\u00e9dition directe depuis la France : livraison en 2-4 jours sans frais de douane.<\/li>\n<li data-start=\"3370\" data-end=\"3440\">L\u00e9ger et portable : seulement 85g, l\u00e9ger et pratique pour voyager.<\/li>\n<\/ul>\n<h4 data-start=\"3442\" data-end=\"3505\">Achetez maintenant et profitez de l'exp\u00e9rience de vapotage ultime !<\/h4>\n<p data-start=\"3507\" data-end=\"3923\" data-is-last-node=\"\" data-is-only-node=\"\">Si vous recherchez une cigarette \u00e9lectronique puissante, au go\u00fbt unique et portable, le Bang Blaze 20000 Puffs est le choix parfait. Visitez maintenant <a href=\"https:\/\/vapingnet.de\/fr\/\" target=\"_new\" rel=\"noopener\" data-start=\"3670\" data-end=\"3706\">vapingnet.de<\/a> et commandez directement sur notre site web. Profitez d'une livraison rapide et d'une exp\u00e9rience de vapotage exceptionnelle offerte par le Bang Blaze 20000 Puffs ! Commandez maintenant et d\u00e9couvrez la performance exceptionnelle de cette cigarette \u00e9lectronique !<\/p>","protected":false},"excerpt":{"rendered":"<p>Bang Blaze 20000 Puffs &#8211; Das perfekte Mango-Pfirsich-Wassermelonen-Geschmackserlebnis f\u00fcr eine langanhaltende Dampferfahrung! Auf dem E-Zigarettenmarkt hat sich der Bang Blaze 20000 Puffs als ein herausragendes&#8230;<\/p>","protected":false},"featured_media":6844,"template":"","meta":[],"etheme_brands":[],"product_brand":[101],"product_cat":[54,49,61],"product_tag":[],"class_list":{"0":"post-5131","1":"product","2":"type-product","3":"status-publish","4":"has-post-thumbnail","6":"product_brand-bang-king-vape","7":"product_cat-vape-20000-zuege","8":"product_cat-einweg-e-zigarette","9":"product_cat-f","11":"first","12":"instock","13":"shipping-taxable","14":"purchasable","15":"product-type-simple"},"yoast_head":"<!-- This site is optimized with the Yoast SEO plugin v26.5 - https:\/\/yoast.com\/wordpress\/plugins\/seo\/ -->\n<title>Erlebe 20000 Z\u00fcge mit Bang Blaze Mango Peach Watermelon | Vapingnet.de<\/title>\n<meta name=\"description\" content=\"Entdecke Erlebe 20000 Z\u00fcge mit Bang Blaze Mango Peach Watermelon bei vapingnet.de, \u25ba Gro\u00dfe Auswahl an Geschmacksrichtungen &amp; super g\u00fcnstig!\" \/>\n<meta name=\"robots\" content=\"index, follow, max-snippet:-1, max-image-preview:large, max-video-preview:-1\" \/>\n<link rel=\"canonical\" href=\"https:\/\/vapingnet.de\/fr\/vape\/erlebe-20000-zuege-mit-bang-blaze-mango-peach-watermelon\/\" \/>\n<meta property=\"og:locale\" content=\"fr_FR\" \/>\n<meta property=\"og:type\" content=\"article\" \/>\n<meta property=\"og:title\" content=\"Erlebe 20000 Z\u00fcge mit Bang Blaze Mango Peach Watermelon | Vapingnet.de\" \/>\n<meta property=\"og:description\" content=\"Entdecke Erlebe 20000 Z\u00fcge mit Bang Blaze Mango Peach Watermelon bei vapingnet.de, \u25ba Gro\u00dfe Auswahl an Geschmacksrichtungen &amp; super g\u00fcnstig!\" \/>\n<meta property=\"og:url\" content=\"https:\/\/vapingnet.de\/fr\/vape\/erlebe-20000-zuege-mit-bang-blaze-mango-peach-watermelon\/\" \/>\n<meta property=\"og:site_name\" content=\"Vapingnet.de\" \/>\n<meta property=\"article:publisher\" content=\"https:\/\/www.facebook.com\/vapingnetde\/\" \/>\n<meta property=\"article:modified_time\" content=\"2026-01-28T08:37:03+00:00\" \/>\n<meta property=\"og:image\" content=\"https:\/\/vapingnet.de\/wp-content\/uploads\/2025\/03\/bang-blaze.jpg\" \/>\n\t<meta property=\"og:image:width\" content=\"1000\" \/>\n\t<meta property=\"og:image:height\" content=\"1000\" \/>\n\t<meta property=\"og:image:type\" content=\"image\/jpeg\" \/>\n<meta name=\"twitter:card\" content=\"summary_large_image\" \/>\n<meta name=\"twitter:label1\" content=\"Dur\u00e9e de lecture estim\u00e9e\" \/>\n\t<meta name=\"twitter:data1\" content=\"4 minutes\" \/>\n<script type=\"application\/ld+json\" class=\"yoast-schema-graph\">{\"@context\":\"https:\/\/schema.org\",\"@graph\":[{\"@type\":\"WebPage\",\"@id\":\"https:\/\/vapingnet.de\/vape\/erlebe-20000-zuege-mit-bang-blaze-mango-peach-watermelon\/\",\"url\":\"https:\/\/vapingnet.de\/vape\/erlebe-20000-zuege-mit-bang-blaze-mango-peach-watermelon\/\",\"name\":\"Erlebe 20000 Z\u00fcge mit Bang Blaze Mango Peach Watermelon | Vapingnet.de\",\"isPartOf\":{\"@id\":\"https:\/\/vapingnet.de\/#website\"},\"primaryImageOfPage\":{\"@id\":\"https:\/\/vapingnet.de\/vape\/erlebe-20000-zuege-mit-bang-blaze-mango-peach-watermelon\/#primaryimage\"},\"image\":{\"@id\":\"https:\/\/vapingnet.de\/vape\/erlebe-20000-zuege-mit-bang-blaze-mango-peach-watermelon\/#primaryimage\"},\"thumbnailUrl\":\"https:\/\/vapingnet.de\/wp-content\/uploads\/2025\/03\/bang-blaze.jpg\",\"datePublished\":\"2025-12-13T07:41:03+00:00\",\"dateModified\":\"2026-01-28T08:37:03+00:00\",\"description\":\"Entdecke Erlebe 20000 Z\u00fcge mit Bang Blaze Mango Peach Watermelon bei vapingnet.de, \u25ba Gro\u00dfe Auswahl an Geschmacksrichtungen & super g\u00fcnstig!\",\"breadcrumb\":{\"@id\":\"https:\/\/vapingnet.de\/vape\/erlebe-20000-zuege-mit-bang-blaze-mango-peach-watermelon\/#breadcrumb\"},\"inLanguage\":\"fr-FR\",\"potentialAction\":[{\"@type\":\"ReadAction\",\"target\":[\"https:\/\/vapingnet.de\/vape\/erlebe-20000-zuege-mit-bang-blaze-mango-peach-watermelon\/\"]}]},{\"@type\":\"ImageObject\",\"inLanguage\":\"fr-FR\",\"@id\":\"https:\/\/vapingnet.de\/vape\/erlebe-20000-zuege-mit-bang-blaze-mango-peach-watermelon\/#primaryimage\",\"url\":\"https:\/\/vapingnet.de\/wp-content\/uploads\/2025\/03\/bang-blaze.jpg\",\"contentUrl\":\"https:\/\/vapingnet.de\/wp-content\/uploads\/2025\/03\/bang-blaze.jpg\",\"width\":1000,\"height\":1000},{\"@type\":\"BreadcrumbList\",\"@id\":\"https:\/\/vapingnet.de\/vape\/erlebe-20000-zuege-mit-bang-blaze-mango-peach-watermelon\/#breadcrumb\",\"itemListElement\":[{\"@type\":\"ListItem\",\"position\":1,\"name\":\"Home\",\"item\":\"https:\/\/vapingnet.de\/\"},{\"@type\":\"ListItem\",\"position\":2,\"name\":\"Shop\",\"item\":\"https:\/\/vapingnet.de\/vape\/\"},{\"@type\":\"ListItem\",\"position\":3,\"name\":\"Erlebe 20000 Z\u00fcge mit Bang Blaze Mango Peach Watermelon\"}]},{\"@type\":\"WebSite\",\"@id\":\"https:\/\/vapingnet.de\/#website\",\"url\":\"https:\/\/vapingnet.de\/\",\"name\":\"Vapingnet.de\",\"description\":\"\",\"publisher\":{\"@id\":\"https:\/\/vapingnet.de\/#organization\"},\"potentialAction\":[{\"@type\":\"SearchAction\",\"target\":{\"@type\":\"EntryPoint\",\"urlTemplate\":\"https:\/\/vapingnet.de\/?s={search_term_string}\"},\"query-input\":{\"@type\":\"PropertyValueSpecification\",\"valueRequired\":true,\"valueName\":\"search_term_string\"}}],\"inLanguage\":\"fr-FR\"},{\"@type\":\"Organization\",\"@id\":\"https:\/\/vapingnet.de\/#organization\",\"name\":\"Vapingnet.de\",\"url\":\"https:\/\/vapingnet.de\/\",\"logo\":{\"@type\":\"ImageObject\",\"inLanguage\":\"fr-FR\",\"@id\":\"https:\/\/vapingnet.de\/#\/schema\/logo\/image\/\",\"url\":\"https:\/\/vapingnet.de\/wp-content\/uploads\/2025\/03\/cropped-vapingnet.de_.jpg\",\"contentUrl\":\"https:\/\/vapingnet.de\/wp-content\/uploads\/2025\/03\/cropped-vapingnet.de_.jpg\",\"width\":512,\"height\":512,\"caption\":\"Vapingnet.de\"},\"image\":{\"@id\":\"https:\/\/vapingnet.de\/#\/schema\/logo\/image\/\"},\"sameAs\":[\"https:\/\/www.facebook.com\/vapingnetde\/\"]}]}<\/script>\n<!-- \/ Yoast SEO plugin. -->","yoast_head_json":{"title":"Erlebe 20000 Z\u00fcge mit Bang Blaze Mango Peach Watermelon | Vapingnet.de","description":"Entdecke Erlebe 20000 Z\u00fcge mit Bang Blaze Mango Peach Watermelon bei vapingnet.de, \u25ba Gro\u00dfe Auswahl an Geschmacksrichtungen & super g\u00fcnstig!","robots":{"index":"index","follow":"follow","max-snippet":"max-snippet:-1","max-image-preview":"max-image-preview:large","max-video-preview":"max-video-preview:-1"},"canonical":"https:\/\/vapingnet.de\/fr\/vape\/erlebe-20000-zuege-mit-bang-blaze-mango-peach-watermelon\/","og_locale":"fr_FR","og_type":"article","og_title":"Erlebe 20000 Z\u00fcge mit Bang Blaze Mango Peach Watermelon | Vapingnet.de","og_description":"Entdecke Erlebe 20000 Z\u00fcge mit Bang Blaze Mango Peach Watermelon bei vapingnet.de, \u25ba Gro\u00dfe Auswahl an Geschmacksrichtungen & super g\u00fcnstig!","og_url":"https:\/\/vapingnet.de\/fr\/vape\/erlebe-20000-zuege-mit-bang-blaze-mango-peach-watermelon\/","og_site_name":"Vapingnet.de","article_publisher":"https:\/\/www.facebook.com\/vapingnetde\/","article_modified_time":"2026-01-28T08:37:03+00:00","og_image":[{"width":1000,"height":1000,"url":"https:\/\/vapingnet.de\/wp-content\/uploads\/2025\/03\/bang-blaze.jpg","type":"image\/jpeg"}],"twitter_card":"summary_large_image","twitter_misc":{"Dur\u00e9e de lecture estim\u00e9e":"4 minutes"},"schema":{"@context":"https:\/\/schema.org","@graph":[{"@type":"WebPage","@id":"https:\/\/vapingnet.de\/vape\/erlebe-20000-zuege-mit-bang-blaze-mango-peach-watermelon\/","url":"https:\/\/vapingnet.de\/vape\/erlebe-20000-zuege-mit-bang-blaze-mango-peach-watermelon\/","name":"Erlebe 20000 Z\u00fcge mit Bang Blaze Mango Peach Watermelon | Vapingnet.de","isPartOf":{"@id":"https:\/\/vapingnet.de\/#website"},"primaryImageOfPage":{"@id":"https:\/\/vapingnet.de\/vape\/erlebe-20000-zuege-mit-bang-blaze-mango-peach-watermelon\/#primaryimage"},"image":{"@id":"https:\/\/vapingnet.de\/vape\/erlebe-20000-zuege-mit-bang-blaze-mango-peach-watermelon\/#primaryimage"},"thumbnailUrl":"https:\/\/vapingnet.de\/wp-content\/uploads\/2025\/03\/bang-blaze.jpg","datePublished":"2025-12-13T07:41:03+00:00","dateModified":"2026-01-28T08:37:03+00:00","description":"Entdecke Erlebe 20000 Z\u00fcge mit Bang Blaze Mango Peach Watermelon bei vapingnet.de, \u25ba Gro\u00dfe Auswahl an Geschmacksrichtungen & super g\u00fcnstig!","breadcrumb":{"@id":"https:\/\/vapingnet.de\/vape\/erlebe-20000-zuege-mit-bang-blaze-mango-peach-watermelon\/#breadcrumb"},"inLanguage":"fr-FR","potentialAction":[{"@type":"ReadAction","target":["https:\/\/vapingnet.de\/vape\/erlebe-20000-zuege-mit-bang-blaze-mango-peach-watermelon\/"]}]},{"@type":"ImageObject","inLanguage":"fr-FR","@id":"https:\/\/vapingnet.de\/vape\/erlebe-20000-zuege-mit-bang-blaze-mango-peach-watermelon\/#primaryimage","url":"https:\/\/vapingnet.de\/wp-content\/uploads\/2025\/03\/bang-blaze.jpg","contentUrl":"https:\/\/vapingnet.de\/wp-content\/uploads\/2025\/03\/bang-blaze.jpg","width":1000,"height":1000},{"@type":"BreadcrumbList","@id":"https:\/\/vapingnet.de\/vape\/erlebe-20000-zuege-mit-bang-blaze-mango-peach-watermelon\/#breadcrumb","itemListElement":[{"@type":"ListItem","position":1,"name":"Home","item":"https:\/\/vapingnet.de\/"},{"@type":"ListItem","position":2,"name":"Shop","item":"https:\/\/vapingnet.de\/vape\/"},{"@type":"ListItem","position":3,"name":"Erlebe 20000 Z\u00fcge mit Bang Blaze Mango Peach Watermelon"}]},{"@type":"WebSite","@id":"https:\/\/vapingnet.de\/#website","url":"https:\/\/vapingnet.de\/","name":"Vapingnet.de","description":"","publisher":{"@id":"https:\/\/vapingnet.de\/#organization"},"potentialAction":[{"@type":"SearchAction","target":{"@type":"EntryPoint","urlTemplate":"https:\/\/vapingnet.de\/?s={search_term_string}"},"query-input":{"@type":"PropertyValueSpecification","valueRequired":true,"valueName":"search_term_string"}}],"inLanguage":"fr-FR"},{"@type":"Organization","@id":"https:\/\/vapingnet.de\/#organization","name":"Vapingnet.de","url":"https:\/\/vapingnet.de\/","logo":{"@type":"ImageObject","inLanguage":"fr-FR","@id":"https:\/\/vapingnet.de\/#\/schema\/logo\/image\/","url":"https:\/\/vapingnet.de\/wp-content\/uploads\/2025\/03\/cropped-vapingnet.de_.jpg","contentUrl":"https:\/\/vapingnet.de\/wp-content\/uploads\/2025\/03\/cropped-vapingnet.de_.jpg","width":512,"height":512,"caption":"Vapingnet.de"},"image":{"@id":"https:\/\/vapingnet.de\/#\/schema\/logo\/image\/"},"sameAs":["https:\/\/www.facebook.com\/vapingnetde\/"]}]}},"tiered_pricing_type":"fixed","tiered_pricing_fixed_rules":{"10":"7.59","60":"6.83","110":"6.07","200":"5.31"},"tiered_pricing_product_settings":{"layout":"default","base_unit_name":{"singular":null,"plural":null},"default_variation":null},"tiered_pricing_minimum_quantity":null,"tiered_pricing_roles_data":[],"tiered_pricing_percentage_rules":[],"_links":{"self":[{"href":"https:\/\/vapingnet.de\/fr\/wp-json\/wp\/v2\/product\/5131","targetHints":{"allow":["GET"]}}],"collection":[{"href":"https:\/\/vapingnet.de\/fr\/wp-json\/wp\/v2\/product"}],"about":[{"href":"https:\/\/vapingnet.de\/fr\/wp-json\/wp\/v2\/types\/product"}],"version-history":[{"count":4,"href":"https:\/\/vapingnet.de\/fr\/wp-json\/wp\/v2\/product\/5131\/revisions"}],"predecessor-version":[{"id":7304,"href":"https:\/\/vapingnet.de\/fr\/wp-json\/wp\/v2\/product\/5131\/revisions\/7304"}],"wp:featuredmedia":[{"embeddable":true,"href":"https:\/\/vapingnet.de\/fr\/wp-json\/wp\/v2\/media\/6844"}],"wp:attachment":[{"href":"https:\/\/vapingnet.de\/fr\/wp-json\/wp\/v2\/media?parent=5131"}],"wp:term":[{"taxonomy":"brand","embeddable":true,"href":"https:\/\/vapingnet.de\/fr\/wp-json\/wp\/v2\/etheme_brands?post=5131"},{"taxonomy":"product_brand","embeddable":true,"href":"https:\/\/vapingnet.de\/fr\/wp-json\/wp\/v2\/product_brand?post=5131"},{"taxonomy":"product_cat","embeddable":true,"href":"https:\/\/vapingnet.de\/fr\/wp-json\/wp\/v2\/product_cat?post=5131"},{"taxonomy":"product_tag","embeddable":true,"href":"https:\/\/vapingnet.de\/fr\/wp-json\/wp\/v2\/product_tag?post=5131"}],"curies":[{"name":"wp","href":"https:\/\/api.w.org\/{rel}","templated":true}]}}