{"id":5161,"date":"2025-03-12T08:44:05","date_gmt":"2025-03-12T08:44:05","guid":{"rendered":"https:\/\/vapingnet.de\/?post_type=product&#038;p=5161"},"modified":"2025-06-19T03:41:34","modified_gmt":"2025-06-19T03:41:34","slug":"erlebe-bang-15000-puffs-blue-razz-ice-mit-eiskaltem-kick","status":"publish","type":"product","link":"https:\/\/vapingnet.de\/fr\/vape\/erlebe-bang-15000-puffs-blue-razz-ice-mit-eiskaltem-kick\/","title":{"rendered":"D\u00e9couvrez Bang 15000 Puffs Blue Razz Ice avec une touche glac\u00e9e"},"content":{"rendered":"<h2 data-start=\"0\" data-end=\"89\" data-immersive-translate-walked=\"f973a1c5-5d4f-4088-9585-cd2fc30583a6\">Bang15000 Bouff\u00e9es Rechargeable Jetable Pod : L'avenir de l'exp\u00e9rience de cigarette \u00e9lectronique<\/h2>\n<p data-start=\"91\" data-end=\"696\" data-immersive-translate-walked=\"f973a1c5-5d4f-4088-9585-cd2fc30583a6\">Avec la croissance rapide du march\u00e9 de la cigarette \u00e9lectronique, les cigarettes \u00e9lectroniques jetables sont devenues un favori parmi les consommateurs en raison de leur facilit\u00e9 d'utilisation, de la diversit\u00e9 des saveurs et de leur maniement pratique. Dans cette tendance, le <a href=\"https:\/\/vapingnet.de\/fr\/bang-15000-puffs\/\" target=\"_blank\" rel=\"noopener\"><strong>Bang15000 Bouff\u00e9es Rechargeable Jetable Pod<\/strong><\/a> avec ses performances exceptionnelles et sa technologie innovante, se place en t\u00eate et devient l'un des produits les plus demand\u00e9s sur le march\u00e9. Dans cet article, vous d\u00e9couvrirez tout sur les caract\u00e9ristiques uniques de ce produit et comment il offre une exp\u00e9rience de vapotage in\u00e9gal\u00e9e.<\/p>\n<h4>Les nouvelles tendances sur le march\u00e9 de la cigarette \u00e9lectronique<\/h4>\n<p data-start=\"747\" data-end=\"1225\">Au cours des derni\u00e8res ann\u00e9es, la cigarette \u00e9lectronique s'est impos\u00e9e comme une alternative moderne au tabac traditionnel dans le monde entier. Les consommateurs n'attendent plus seulement une simple absorption de nicotine, mais recherchent des fonctionnalit\u00e9s am\u00e9lior\u00e9es, des exp\u00e9riences gustatives plus intenses et une utilisation plus confortable. Le Bang15000 Bouff\u00e9es Rechargeable Jetable Pod ne r\u00e9pond pas seulement \u00e0 ces exigences, mais \u00e9tablit de nouvelles normes pour les cigarettes \u00e9lectroniques jetables gr\u00e2ce \u00e0 ses innovations techniques.<\/p>\n<h4 data-start=\"1227\" data-end=\"1301\">Points forts du produit : Symbiose parfaite entre technologie et design<\/h4>\n<p data-start=\"1302\" data-end=\"1462\">Le Bang15000 Bouff\u00e9es Rechargeable Jetable Pod combine une technologie de pointe avec un design convivial. Voici ses caract\u00e9ristiques remarquables :<\/p>\n<p data-start=\"1464\" data-end=\"1658\">\u2705 R\u00e9sistance Dul Mesh 1.1\u03a9<br data-start=\"1488\" data-end=\"1491\" \/>La technologie avanc\u00e9e de r\u00e9sistance Dul Mesh assure une production de vapeur uniforme et une exp\u00e9rience gustative intense avec une sensation de tirage douce et velout\u00e9e.<\/p>\n<p data-start=\"1660\" data-end=\"1942\">\u2705 Batterie rechargeable de 650mAh &amp; connecteur Type-C<br data-start=\"1713\" data-end=\"1716\" \/>La batterie int\u00e9gr\u00e9e de 650mAh permet une utilisation prolong\u00e9e, tandis que le connecteur de charge rapide Type-C garantit une recharge efficace \u2013 fini la mentalit\u00e9 de \u00ab jetable \u00bb des cigarettes \u00e9lectroniques classiques !<\/p>\n<p data-start=\"1944\" data-end=\"2154\">\u2705 15000 Bouff\u00e9es \u2013 dur\u00e9e de vie exceptionnellement longue<br data-start=\"1997\" data-end=\"2000\" \/>Avec jusqu'\u00e0 <a href=\"https:\/\/vapingnet.de\/fr\/k\/vape-15000-zuege\/\" target=\"_blank\" rel=\"noopener\"><strong>15000 bouff\u00e9es<\/strong><\/a> ce mod\u00e8le fait partie des cigarettes \u00e9lectroniques jetables les plus durables sur le march\u00e9 et r\u00e9duit la fr\u00e9quence de remplacement des appareils.<\/p>\n<p data-start=\"2156\" data-end=\"2331\">\u2705 Grand r\u00e9servoir de liquide de 23mL<br data-start=\"2185\" data-end=\"2188\" \/>Le volume de liquide extra-large assure un plaisir durable, sans que vous ayez \u00e0 vous soucier d'une consommation rapide.<\/p>\n<p data-start=\"2333\" data-end=\"2567\">\u2705 Quatre niveaux de nicotine au choix<br data-start=\"2370\" data-end=\"2373\" \/>La flexibilit\u00e9 est primordiale : choisissez entre 0, %, 2, %, 3, % ou 5, % de nicotine \u2013 parfait pour tous les vapoteurs (Remarque : 0, % et 3, % disponibles uniquement sur demande en quantit\u00e9s plus importantes).<\/p>\n<h4 data-start=\"2569\" data-end=\"2644\">Exp\u00e9rience gustative : La tentation rafra\u00eechissante du Blue Razz Ice<\/h4>\n<p data-start=\"2645\" data-end=\"3068\">Un point fort particulier est la saveur Blue Razz Ice. Cette combinaison de myrtilles sucr\u00e9es et de framboises l\u00e9g\u00e8rement acidul\u00e9es est compl\u00e9t\u00e9e par une agr\u00e9able fra\u00eecheur \u2013 une exp\u00e9rience gustative qui d\u00e9ploie une saveur rafra\u00eechissante \u00e0 chaque inhalation. Qu'il fasse chaud ou que ce soit un moment de d\u00e9tente, cette saveur offre un \u00e9quilibre parfait entre fra\u00eecheur et fruit\u00e9.<\/p>\n<h4 data-start=\"3070\" data-end=\"3144\">Exp\u00e9rience utilisateur : Portable, durable, facile \u00e0 manipuler<\/h4>\n<p data-start=\"3145\" data-end=\"3293\">Au-del\u00e0 de la technologie impressionnante, le Bang15000 Puffs Rechargeable Disposable Pod se distingue \u00e9galement par son exp\u00e9rience utilisateur r\u00e9fl\u00e9chie :<\/p>\n<p data-start=\"3295\" data-end=\"3603\">\ud83d\udd39 Construction compacte et \u00e9l\u00e9gante \u2013 Parfait pour la mobilit\u00e9, il tient facilement dans la poche.<br data-start=\"3385\" data-end=\"3388\" \/>\ud83d\udd39 Facilit\u00e9 d'utilisation \u2013 Pas de configuration compliqu\u00e9e ni d'entretien \u2013 il suffit de le sortir de l'emballage et de profiter.<br data-start=\"3488\" data-end=\"3491\" \/>\ud83d\udd39 Plaisir durable \u2013 15000 bouff\u00e9es combin\u00e9es \u00e0 un r\u00e9servoir de 23 mL offrent un paquet complet de vapeur puissante.<\/p>\n<h4 data-start=\"3605\" data-end=\"3650\">Durabilit\u00e9 &amp; \u00c9conomie<\/h4>\n<p data-start=\"3651\" data-end=\"4072\">\u00c0 une \u00e9poque o\u00f9 la conscience \u00e9cologique devient de plus en plus importante, le Bang15000 Puffs Rechargeable Disposable Pod se d\u00e9marque par sa fonction rechargeable. Par rapport aux mod\u00e8les jetables traditionnels, la batterie int\u00e9gr\u00e9e r\u00e9duit les d\u00e9chets \u00e9lectriques et prot\u00e8ge l'environnement. En m\u00eame temps, les utilisateurs \u00e9conomisent \u00e0 long terme, car moins d'appareils doivent \u00eatre achet\u00e9s \u2013 une situation gagnant-gagnant pour les vapoteurs et la nature !<\/p>\n<h3>Pourquoi choisir le Bang15000 Puffs ?<\/h3>\n<p data-start=\"4118\" data-end=\"4438\">Que vous recherchiez une exp\u00e9rience gustative intense ou que vous privil\u00e9giez l'\u00e9cologie et la facilit\u00e9 d'utilisation, le Bang15000 Puffs Rechargeable Disposable Pod est le choix parfait. Cette cigarette \u00e9lectronique est plus qu'un simple appareil \u2013 elle incarne un mode de vie moderne, flexible et durable.<\/p>\n<h4 data-start=\"4440\" data-end=\"4493\">Lancez votre nouvelle exp\u00e9rience de vapotage !<\/h4>\n<p data-start=\"4494\" data-end=\"4928\" data-is-last-node=\"\" data-is-only-node=\"\">Avec ses fonctionnalit\u00e9s innovantes, sa grande capacit\u00e9 et son go\u00fbt unique, le Bang15000 Puffs Rechargeable Disposable Pod red\u00e9finit le monde de la <a href=\"https:\/\/vapingnet.de\/fr\/k\/einweg-e-zigarette\/\" target=\"_blank\" rel=\"noopener\"><strong>cigarettes \u00e9lectroniques jetables<\/strong> <\/a>nouveau. Si vous recherchez une cigarette \u00e9lectronique de haute qualit\u00e9, durable et savoureuse, vous devriez absolument l'essayer ! Visitez d\u00e8s maintenant vapingnet.fr pour en savoir plus ou commander directement et commencer votre aventure de vapotage personnelle.<\/p>","protected":false},"excerpt":{"rendered":"<p>Bang15000 Puffs Rechargeable Disposable Pod : L\u2019avenir de l\u2019exp\u00e9rience de la cigarette \u00e9lectronique. Avec la croissance rapide du march\u00e9 des e-cigarettes, les e-cigarettes jetables sont devenues populaires gr\u00e2ce \u00e0 leur facilit\u00e9 d\u2019utilisation et \u00e0 la vari\u00e9t\u00e9 des saveurs...<\/p>","protected":false},"featured_media":5162,"template":"","meta":[],"etheme_brands":[],"product_brand":[101],"product_cat":[53,49,61],"product_tag":[],"class_list":{"0":"post-5161","1":"product","2":"type-product","3":"status-publish","4":"has-post-thumbnail","6":"product_brand-bang-king-vape","7":"product_cat-vape-15000-zuege","8":"product_cat-einweg-e-zigarette","9":"product_cat-f","11":"first","12":"instock","13":"shipping-taxable","14":"purchasable","15":"product-type-simple"},"yoast_head":"<!-- This site is optimized with the Yoast SEO plugin v26.5 - https:\/\/yoast.com\/wordpress\/plugins\/seo\/ -->\n<title>Erlebe Bang 15000 Puffs Blue Razz Ice mit eiskaltem Kick | Vapingnet.de<\/title>\n<meta name=\"description\" content=\"Entdecke Erlebe Bang 15000 Puffs Blue Razz Ice mit eiskaltem Kick bei vapingnet.de, \u25ba Gro\u00dfe Auswahl an Geschmacksrichtungen &amp; super g\u00fcnstig!\" \/>\n<meta name=\"robots\" content=\"index, follow, max-snippet:-1, max-image-preview:large, max-video-preview:-1\" \/>\n<link rel=\"canonical\" href=\"https:\/\/vapingnet.de\/fr\/vape\/erlebe-bang-15000-puffs-blue-razz-ice-mit-eiskaltem-kick\/\" \/>\n<meta property=\"og:locale\" content=\"fr_FR\" \/>\n<meta property=\"og:type\" content=\"article\" \/>\n<meta property=\"og:title\" content=\"Erlebe Bang 15000 Puffs Blue Razz Ice mit eiskaltem Kick | Vapingnet.de\" \/>\n<meta property=\"og:description\" content=\"Entdecke Erlebe Bang 15000 Puffs Blue Razz Ice mit eiskaltem Kick bei vapingnet.de, \u25ba Gro\u00dfe Auswahl an Geschmacksrichtungen &amp; super g\u00fcnstig!\" \/>\n<meta property=\"og:url\" content=\"https:\/\/vapingnet.de\/fr\/vape\/erlebe-bang-15000-puffs-blue-razz-ice-mit-eiskaltem-kick\/\" \/>\n<meta property=\"og:site_name\" content=\"Vapingnet.de\" \/>\n<meta property=\"article:publisher\" content=\"https:\/\/www.facebook.com\/vapingnetde\/\" \/>\n<meta property=\"article:modified_time\" content=\"2025-06-19T03:41:34+00:00\" \/>\n<meta property=\"og:image\" content=\"https:\/\/vapingnet.de\/wp-content\/uploads\/2025\/03\/Blue-Razz-Ice.png\" \/>\n\t<meta property=\"og:image:width\" content=\"900\" \/>\n\t<meta property=\"og:image:height\" content=\"600\" \/>\n\t<meta property=\"og:image:type\" content=\"image\/png\" \/>\n<meta name=\"twitter:card\" content=\"summary_large_image\" \/>\n<meta name=\"twitter:label1\" content=\"Dur\u00e9e de lecture estim\u00e9e\" \/>\n\t<meta name=\"twitter:data1\" content=\"4 minutes\" \/>\n<script type=\"application\/ld+json\" class=\"yoast-schema-graph\">{\"@context\":\"https:\/\/schema.org\",\"@graph\":[{\"@type\":\"WebPage\",\"@id\":\"https:\/\/vapingnet.de\/vape\/erlebe-bang-15000-puffs-blue-razz-ice-mit-eiskaltem-kick\/\",\"url\":\"https:\/\/vapingnet.de\/vape\/erlebe-bang-15000-puffs-blue-razz-ice-mit-eiskaltem-kick\/\",\"name\":\"Erlebe Bang 15000 Puffs Blue Razz Ice mit eiskaltem Kick | Vapingnet.de\",\"isPartOf\":{\"@id\":\"https:\/\/vapingnet.de\/#website\"},\"primaryImageOfPage\":{\"@id\":\"https:\/\/vapingnet.de\/vape\/erlebe-bang-15000-puffs-blue-razz-ice-mit-eiskaltem-kick\/#primaryimage\"},\"image\":{\"@id\":\"https:\/\/vapingnet.de\/vape\/erlebe-bang-15000-puffs-blue-razz-ice-mit-eiskaltem-kick\/#primaryimage\"},\"thumbnailUrl\":\"https:\/\/vapingnet.de\/wp-content\/uploads\/2025\/03\/Blue-Razz-Ice.png\",\"datePublished\":\"2025-03-12T08:44:05+00:00\",\"dateModified\":\"2025-06-19T03:41:34+00:00\",\"description\":\"Entdecke Erlebe Bang 15000 Puffs Blue Razz Ice mit eiskaltem Kick bei vapingnet.de, \u25ba Gro\u00dfe Auswahl an Geschmacksrichtungen & super g\u00fcnstig!\",\"breadcrumb\":{\"@id\":\"https:\/\/vapingnet.de\/vape\/erlebe-bang-15000-puffs-blue-razz-ice-mit-eiskaltem-kick\/#breadcrumb\"},\"inLanguage\":\"fr-FR\",\"potentialAction\":[{\"@type\":\"ReadAction\",\"target\":[\"https:\/\/vapingnet.de\/vape\/erlebe-bang-15000-puffs-blue-razz-ice-mit-eiskaltem-kick\/\"]}]},{\"@type\":\"ImageObject\",\"inLanguage\":\"fr-FR\",\"@id\":\"https:\/\/vapingnet.de\/vape\/erlebe-bang-15000-puffs-blue-razz-ice-mit-eiskaltem-kick\/#primaryimage\",\"url\":\"https:\/\/vapingnet.de\/wp-content\/uploads\/2025\/03\/Blue-Razz-Ice.png\",\"contentUrl\":\"https:\/\/vapingnet.de\/wp-content\/uploads\/2025\/03\/Blue-Razz-Ice.png\",\"width\":900,\"height\":600,\"caption\":\"Blue Razz Ice\"},{\"@type\":\"BreadcrumbList\",\"@id\":\"https:\/\/vapingnet.de\/vape\/erlebe-bang-15000-puffs-blue-razz-ice-mit-eiskaltem-kick\/#breadcrumb\",\"itemListElement\":[{\"@type\":\"ListItem\",\"position\":1,\"name\":\"Home\",\"item\":\"https:\/\/vapingnet.de\/\"},{\"@type\":\"ListItem\",\"position\":2,\"name\":\"Shop\",\"item\":\"https:\/\/vapingnet.de\/vape\/\"},{\"@type\":\"ListItem\",\"position\":3,\"name\":\"Erlebe Bang 15000 Puffs Blue Razz Ice mit eiskaltem Kick\"}]},{\"@type\":\"WebSite\",\"@id\":\"https:\/\/vapingnet.de\/#website\",\"url\":\"https:\/\/vapingnet.de\/\",\"name\":\"Vapingnet.de\",\"description\":\"\",\"publisher\":{\"@id\":\"https:\/\/vapingnet.de\/#organization\"},\"potentialAction\":[{\"@type\":\"SearchAction\",\"target\":{\"@type\":\"EntryPoint\",\"urlTemplate\":\"https:\/\/vapingnet.de\/?s={search_term_string}\"},\"query-input\":{\"@type\":\"PropertyValueSpecification\",\"valueRequired\":true,\"valueName\":\"search_term_string\"}}],\"inLanguage\":\"fr-FR\"},{\"@type\":\"Organization\",\"@id\":\"https:\/\/vapingnet.de\/#organization\",\"name\":\"Vapingnet.de\",\"url\":\"https:\/\/vapingnet.de\/\",\"logo\":{\"@type\":\"ImageObject\",\"inLanguage\":\"fr-FR\",\"@id\":\"https:\/\/vapingnet.de\/#\/schema\/logo\/image\/\",\"url\":\"https:\/\/vapingnet.de\/wp-content\/uploads\/2025\/03\/cropped-vapingnet.de_.jpg\",\"contentUrl\":\"https:\/\/vapingnet.de\/wp-content\/uploads\/2025\/03\/cropped-vapingnet.de_.jpg\",\"width\":512,\"height\":512,\"caption\":\"Vapingnet.de\"},\"image\":{\"@id\":\"https:\/\/vapingnet.de\/#\/schema\/logo\/image\/\"},\"sameAs\":[\"https:\/\/www.facebook.com\/vapingnetde\/\"]}]}<\/script>\n<!-- \/ Yoast SEO plugin. -->","yoast_head_json":{"title":"Erlebe Bang 15000 Puffs Blue Razz Ice mit eiskaltem Kick | Vapingnet.de","description":"Entdecke Erlebe Bang 15000 Puffs Blue Razz Ice mit eiskaltem Kick bei vapingnet.de, \u25ba Gro\u00dfe Auswahl an Geschmacksrichtungen & super g\u00fcnstig!","robots":{"index":"index","follow":"follow","max-snippet":"max-snippet:-1","max-image-preview":"max-image-preview:large","max-video-preview":"max-video-preview:-1"},"canonical":"https:\/\/vapingnet.de\/fr\/vape\/erlebe-bang-15000-puffs-blue-razz-ice-mit-eiskaltem-kick\/","og_locale":"fr_FR","og_type":"article","og_title":"Erlebe Bang 15000 Puffs Blue Razz Ice mit eiskaltem Kick | Vapingnet.de","og_description":"Entdecke Erlebe Bang 15000 Puffs Blue Razz Ice mit eiskaltem Kick bei vapingnet.de, \u25ba Gro\u00dfe Auswahl an Geschmacksrichtungen & super g\u00fcnstig!","og_url":"https:\/\/vapingnet.de\/fr\/vape\/erlebe-bang-15000-puffs-blue-razz-ice-mit-eiskaltem-kick\/","og_site_name":"Vapingnet.de","article_publisher":"https:\/\/www.facebook.com\/vapingnetde\/","article_modified_time":"2025-06-19T03:41:34+00:00","og_image":[{"width":900,"height":600,"url":"https:\/\/vapingnet.de\/wp-content\/uploads\/2025\/03\/Blue-Razz-Ice.png","type":"image\/png"}],"twitter_card":"summary_large_image","twitter_misc":{"Dur\u00e9e de lecture estim\u00e9e":"4 minutes"},"schema":{"@context":"https:\/\/schema.org","@graph":[{"@type":"WebPage","@id":"https:\/\/vapingnet.de\/vape\/erlebe-bang-15000-puffs-blue-razz-ice-mit-eiskaltem-kick\/","url":"https:\/\/vapingnet.de\/vape\/erlebe-bang-15000-puffs-blue-razz-ice-mit-eiskaltem-kick\/","name":"Erlebe Bang 15000 Puffs Blue Razz Ice mit eiskaltem Kick | Vapingnet.de","isPartOf":{"@id":"https:\/\/vapingnet.de\/#website"},"primaryImageOfPage":{"@id":"https:\/\/vapingnet.de\/vape\/erlebe-bang-15000-puffs-blue-razz-ice-mit-eiskaltem-kick\/#primaryimage"},"image":{"@id":"https:\/\/vapingnet.de\/vape\/erlebe-bang-15000-puffs-blue-razz-ice-mit-eiskaltem-kick\/#primaryimage"},"thumbnailUrl":"https:\/\/vapingnet.de\/wp-content\/uploads\/2025\/03\/Blue-Razz-Ice.png","datePublished":"2025-03-12T08:44:05+00:00","dateModified":"2025-06-19T03:41:34+00:00","description":"Entdecke Erlebe Bang 15000 Puffs Blue Razz Ice mit eiskaltem Kick bei vapingnet.de, \u25ba Gro\u00dfe Auswahl an Geschmacksrichtungen & super g\u00fcnstig!","breadcrumb":{"@id":"https:\/\/vapingnet.de\/vape\/erlebe-bang-15000-puffs-blue-razz-ice-mit-eiskaltem-kick\/#breadcrumb"},"inLanguage":"fr-FR","potentialAction":[{"@type":"ReadAction","target":["https:\/\/vapingnet.de\/vape\/erlebe-bang-15000-puffs-blue-razz-ice-mit-eiskaltem-kick\/"]}]},{"@type":"ImageObject","inLanguage":"fr-FR","@id":"https:\/\/vapingnet.de\/vape\/erlebe-bang-15000-puffs-blue-razz-ice-mit-eiskaltem-kick\/#primaryimage","url":"https:\/\/vapingnet.de\/wp-content\/uploads\/2025\/03\/Blue-Razz-Ice.png","contentUrl":"https:\/\/vapingnet.de\/wp-content\/uploads\/2025\/03\/Blue-Razz-Ice.png","width":900,"height":600,"caption":"Blue Razz Ice"},{"@type":"BreadcrumbList","@id":"https:\/\/vapingnet.de\/vape\/erlebe-bang-15000-puffs-blue-razz-ice-mit-eiskaltem-kick\/#breadcrumb","itemListElement":[{"@type":"ListItem","position":1,"name":"Home","item":"https:\/\/vapingnet.de\/"},{"@type":"ListItem","position":2,"name":"Shop","item":"https:\/\/vapingnet.de\/vape\/"},{"@type":"ListItem","position":3,"name":"Erlebe Bang 15000 Puffs Blue Razz Ice mit eiskaltem Kick"}]},{"@type":"WebSite","@id":"https:\/\/vapingnet.de\/#website","url":"https:\/\/vapingnet.de\/","name":"Vapingnet.de","description":"","publisher":{"@id":"https:\/\/vapingnet.de\/#organization"},"potentialAction":[{"@type":"SearchAction","target":{"@type":"EntryPoint","urlTemplate":"https:\/\/vapingnet.de\/?s={search_term_string}"},"query-input":{"@type":"PropertyValueSpecification","valueRequired":true,"valueName":"search_term_string"}}],"inLanguage":"fr-FR"},{"@type":"Organization","@id":"https:\/\/vapingnet.de\/#organization","name":"Vapingnet.de","url":"https:\/\/vapingnet.de\/","logo":{"@type":"ImageObject","inLanguage":"fr-FR","@id":"https:\/\/vapingnet.de\/#\/schema\/logo\/image\/","url":"https:\/\/vapingnet.de\/wp-content\/uploads\/2025\/03\/cropped-vapingnet.de_.jpg","contentUrl":"https:\/\/vapingnet.de\/wp-content\/uploads\/2025\/03\/cropped-vapingnet.de_.jpg","width":512,"height":512,"caption":"Vapingnet.de"},"image":{"@id":"https:\/\/vapingnet.de\/#\/schema\/logo\/image\/"},"sameAs":["https:\/\/www.facebook.com\/vapingnetde\/"]}]}},"tiered_pricing_type":"fixed","tiered_pricing_fixed_rules":{"10":"7.31","60":"6.58","110":"5.85","200":"5.12"},"tiered_pricing_product_settings":{"layout":"default","base_unit_name":{"singular":null,"plural":null},"default_variation":null},"tiered_pricing_minimum_quantity":null,"tiered_pricing_roles_data":[],"tiered_pricing_percentage_rules":[],"_links":{"self":[{"href":"https:\/\/vapingnet.de\/fr\/wp-json\/wp\/v2\/product\/5161","targetHints":{"allow":["GET"]}}],"collection":[{"href":"https:\/\/vapingnet.de\/fr\/wp-json\/wp\/v2\/product"}],"about":[{"href":"https:\/\/vapingnet.de\/fr\/wp-json\/wp\/v2\/types\/product"}],"version-history":[{"count":1,"href":"https:\/\/vapingnet.de\/fr\/wp-json\/wp\/v2\/product\/5161\/revisions"}],"predecessor-version":[{"id":5163,"href":"https:\/\/vapingnet.de\/fr\/wp-json\/wp\/v2\/product\/5161\/revisions\/5163"}],"wp:featuredmedia":[{"embeddable":true,"href":"https:\/\/vapingnet.de\/fr\/wp-json\/wp\/v2\/media\/5162"}],"wp:attachment":[{"href":"https:\/\/vapingnet.de\/fr\/wp-json\/wp\/v2\/media?parent=5161"}],"wp:term":[{"taxonomy":"brand","embeddable":true,"href":"https:\/\/vapingnet.de\/fr\/wp-json\/wp\/v2\/etheme_brands?post=5161"},{"taxonomy":"product_brand","embeddable":true,"href":"https:\/\/vapingnet.de\/fr\/wp-json\/wp\/v2\/product_brand?post=5161"},{"taxonomy":"product_cat","embeddable":true,"href":"https:\/\/vapingnet.de\/fr\/wp-json\/wp\/v2\/product_cat?post=5161"},{"taxonomy":"product_tag","embeddable":true,"href":"https:\/\/vapingnet.de\/fr\/wp-json\/wp\/v2\/product_tag?post=5161"}],"curies":[{"name":"wp","href":"https:\/\/api.w.org\/{rel}","templated":true}]}}