{"id":5164,"date":"2025-03-12T09:13:18","date_gmt":"2025-03-12T09:13:18","guid":{"rendered":"https:\/\/vapingnet.de\/?post_type=product&#038;p=5164"},"modified":"2025-06-19T03:41:34","modified_gmt":"2025-06-19T03:41:34","slug":"geniessen-sie-die-unvergleichliche-frische-von-bang-15000-puffs-im-cool-mint-geschmack","status":"publish","type":"product","link":"https:\/\/vapingnet.de\/fr\/vape\/geniessen-sie-die-unvergleichliche-frische-von-bang-15000-puffs-im-cool-mint-geschmack\/","title":{"rendered":"Profitez de la fra\u00eecheur in\u00e9gal\u00e9e du Bang 15000 Puffs au go\u00fbt Cool Mint"},"content":{"rendered":"<h2 data-start=\"0\" data-end=\"84\">Bang15000 Bouff\u00e9es Rechargeable Jetable Pod \u2013 La r\u00e9volution de la vape !<\/h2>\n<p data-start=\"86\" data-end=\"584\">Le march\u00e9 des cigarettes \u00e9lectroniques \u00e9volue rapidement, et les attentes des consommateurs augmentent. Ils ne recherchent plus seulement de la nicotine, mais aussi des exp\u00e9riences gustatives plus intenses, une dur\u00e9e d'utilisation plus longue et une convivialit\u00e9 maximale. C'est pr\u00e9cis\u00e9ment ici que la Bang15000 Bouff\u00e9es Rechargeable Jetable Pod intervient \u2013 avec une technologie innovante, des performances exceptionnelles et un go\u00fbt frais de menthe cool. Jetons un \u0153il plus pr\u00e9cis \u00e0 ce mod\u00e8le r\u00e9volutionnaire !<\/p>\n<h4 data-start=\"593\" data-end=\"668\">Vape jetable red\u00e9finie : longue dur\u00e9e et performance ultime<\/h4>\n<p data-start=\"669\" data-end=\"954\">En avez-vous assez de devoir constamment remplacer votre <a href=\"https:\/\/vapingnet.de\/fr\/k\/einweg-e-zigarette\/\" target=\"_blank\" rel=\"noopener\"><strong>Vapes jetables<\/strong><\/a> batterie ? Cela vous ennuie-t-il que la batterie se vide trop rapidement ? Alors la Bang15000 Bouff\u00e9es est faite pour vous ! Avec jusqu'\u00e0 15 000 bouff\u00e9es, ce mod\u00e8le \u00e9tablit de nouvelles normes et d\u00e9passe largement les appareils jetables traditionnels.<\/p>\n<h4 data-start=\"961\" data-end=\"1039\">Une technologie qui impressionne \u2013 pour une exp\u00e9rience de vapotage in\u00e9gal\u00e9e<\/h4>\n<p data-start=\"1041\" data-end=\"1114\">\u2705 R\u00e9sistance Dul Mesh 1.1\u03a9 \u2013 Saveur plus intense &amp; nuages plus denses<\/p>\n<p data-start=\"1115\" data-end=\"1331\">La technologie innovante de la r\u00e9sistance Dul Mesh assure une vaporisation uniforme du liquide, rendant l'ar\u00f4me plus intense et la vapeur particuli\u00e8rement douce. Une exp\u00e9rience de vapotage parfaite pour d\u00e9butants et experts !<\/p>\n<p data-start=\"1333\" data-end=\"1409\">\ud83d\udd0b Batterie de 650mAh &amp; Charge rapide Type-C \u2013 Endurance maximale &amp; confort<\/p>\n<p data-start=\"1410\" data-end=\"1701\">Gr\u00e2ce \u00e0 la batterie puissante de 650mAh, vous pouvez utiliser l'appareil pendant une longue p\u00e9riode sans vous soucier de l'autonomie. Avec la charge rapide Type-C, votre vape est pr\u00eate en un rien de temps \u2013 pour une exp\u00e9rience de vapotage sans interruption.<\/p>\n<p data-start=\"1703\" data-end=\"1763\">\ud83d\udd25 15 000 bouff\u00e9es \u2013 Dur\u00e9e d'utilisation impressionnante<\/p>\n<p data-start=\"1764\" data-end=\"1989\">La Bang15000 Bouff\u00e9es offre un nombre incroyable de 15 000 bouff\u00e9es, ce qui repr\u00e9sente plusieurs fois la capacit\u00e9 des vapoteuses jetables classiques. Plus besoin d'achats fr\u00e9quents \u2013 cette cigarette \u00e9lectronique vous accompagne longtemps.<\/p>\n<p data-start=\"1991\" data-end=\"2048\">\ud83d\udca6 Capacit\u00e9 de liquide de 23mL \u2013 Plus besoin de recharger<\/p>\n<p data-start=\"2049\" data-end=\"2190\">Avec 23mL de liquide pr\u00e9-rempli, cette cigarette \u00e9lectronique dure extr\u00eamement longtemps. Plus de recharges fastidieuses, pas de compromis \u2013 profitez simplement !<\/p>\n<h4 data-start=\"2197\" data-end=\"2234\"><img fetchpriority=\"high\" decoding=\"async\" class=\"size-full wp-image-6907 aligncenter\" src=\"https:\/\/vapingnet.de\/wp-content\/uploads\/2025\/03\/VAPE-2.jpg\" alt=\"\" width=\"1166\" height=\"1080\" srcset=\"https:\/\/vapingnet.de\/wp-content\/uploads\/2025\/03\/VAPE-2.jpg 1166w, https:\/\/vapingnet.de\/wp-content\/uploads\/2025\/03\/VAPE-2-300x278.jpg 300w, https:\/\/vapingnet.de\/wp-content\/uploads\/2025\/03\/VAPE-2-1024x948.jpg 1024w, https:\/\/vapingnet.de\/wp-content\/uploads\/2025\/03\/VAPE-2-768x711.jpg 768w, https:\/\/vapingnet.de\/wp-content\/uploads\/2025\/03\/VAPE-2-600x556.jpg 600w, https:\/\/vapingnet.de\/wp-content\/uploads\/2025\/03\/VAPE-2-1x1.jpg 1w, https:\/\/vapingnet.de\/wp-content\/uploads\/2025\/03\/VAPE-2-10x10.jpg 10w\" sizes=\"(max-width: 1166px) 100vw, 1166px\" \/><\/h4>\n<h4 data-start=\"2197\" data-end=\"2234\">Menthe Cool \u2013 Fra\u00eecheur pure !<\/h4>\n<p data-start=\"2235\" data-end=\"2531\">Parmi les points forts, le go\u00fbt Menthe Cool \u2013 un m\u00e9lange parfait de menthe fra\u00eeche et de l\u00e9g\u00e8ret\u00e9 rafra\u00eechissante. Chaque bouff\u00e9e procure une sensation glac\u00e9e agr\u00e9able et offre une saveur claire et vivifiante. Id\u00e9al pour les journ\u00e9es chaudes d'\u00e9t\u00e9 ou comme coup de fra\u00eecheur quotidien !<\/p>\n<h4>Diff\u00e9rentes concentrations de nicotine \u2013 Parfait pour chaque vapoteur<\/h4>\n<p data-start=\"2603\" data-end=\"2681\">La Bang15000 Bouff\u00e9es est disponible en quatre concentrations de nicotine diff\u00e9rentes :<\/p>\n<p data-start=\"2683\" data-end=\"2888\">\ud83d\udd39 0% &amp; 3% (disponible uniquement pour les commandes en gros) \u2013 Pour les vapoteurs qui souhaitent r\u00e9duire ou \u00e9viter la nicotine.<br data-start=\"2814\" data-end=\"2817\" \/>\ud83d\udd39 2% &amp; 5% \u2013 Pour ceux qui recherchent une exp\u00e9rience de vapotage plus intense.<\/p>\n<p data-start=\"2890\" data-end=\"2992\">Que vous soyez d\u00e9butant ou vapoteur exp\u00e9riment\u00e9 \u2013 ici, vous trouverez forc\u00e9ment la bonne force de nicotine !<\/p>\n<h3 data-start=\"2999\" data-end=\"3030\">Pourquoi Bang15000 Puffs ?<\/h3>\n<p data-start=\"3031\" data-end=\"3524\">\u2705 Dur\u00e9e de vie extr\u00eamement longue \u2013 <a href=\"https:\/\/vapingnet.de\/fr\/k\/vape-15000-zuege\/\" target=\"_blank\" rel=\"noopener\"><strong>15 000 bouff\u00e9es<\/strong><\/a>, un appareil pour plusieurs semaines.<br data-start=\"3104\" data-end=\"3107\" \/>\u2705 Batterie rechargeable \u2013 capacit\u00e9 de 650mAh avec charge rapide USB-C.<br data-start=\"3179\" data-end=\"3182\" \/>\u2705 Grand r\u00e9servoir de liquide \u2013 23mL de liquide pour une utilisation maximale.<br data-start=\"3247\" data-end=\"3250\" \/>\u2705 Exp\u00e9rience gustative intense \u2013 Dul Mesh-Coil pour une vapeur douce et aromatique.<br data-start=\"3334\" data-end=\"3337\" \/>\u2705 Quatre niveaux de nicotine \u2013 Pour r\u00e9pondre \u00e0 tous les besoins.<br data-start=\"3394\" data-end=\"3397\" \/>\u2705 Saveur Menthe Fra\u00eeche \u2013 Rafra\u00eechissante et revigorante.<br data-start=\"3450\" data-end=\"3453\" \/>\u2705 Compact &amp; \u00e9l\u00e9gant \u2013 Se glisse dans toutes les poches, id\u00e9al pour la mobilit\u00e9.<\/p>\n<h4 data-start=\"3531\" data-end=\"3594\">Essayez d\u00e8s maintenant et d\u00e9couvrez l'avenir du vapotage !<\/h4>\n<p data-start=\"3595\" data-end=\"3775\">Le pod jetable rechargeable Bang15000 Puffs offre une combinaison de durabilit\u00e9, de technologie de pointe et de saveur intense \u2013 une cigarette \u00e9lectronique qui fixe de nouvelles normes !<\/p>\n<p data-start=\"3777\" data-end=\"3893\" data-is-last-node=\"\" data-is-only-node=\"\">\ud83d\udd25 Commandez d\u00e8s maintenant sur <a href=\"https:\/\/vapingnet.de\/fr\/\" target=\"_new\" rel=\"noopener\" data-start=\"3792\" data-end=\"3828\">vapingnet.de<\/a> Commandez et profitez de l'exp\u00e9rience de vapotage Cool-Mint ultime !<\/p>","protected":false},"excerpt":{"rendered":"<p>Bang15000 Puffs Rechargeable Disposable Pod \u2013 Die Revolution des Dampfens! Der Markt f\u00fcr E-Zigaretten entwickelt sich rasant weiter, und die Anspr\u00fcche der Konsumenten steigen. Sie&#8230;<\/p>","protected":false},"featured_media":5165,"template":"","meta":[],"etheme_brands":[],"product_brand":[101],"product_cat":[53,49,61],"product_tag":[],"class_list":{"0":"post-5164","1":"product","2":"type-product","3":"status-publish","4":"has-post-thumbnail","6":"product_brand-bang-king-vape","7":"product_cat-vape-15000-zuege","8":"product_cat-einweg-e-zigarette","9":"product_cat-f","11":"first","12":"instock","13":"shipping-taxable","14":"purchasable","15":"product-type-simple"},"yoast_head":"<!-- This site is optimized with the Yoast SEO plugin v26.5 - https:\/\/yoast.com\/wordpress\/plugins\/seo\/ -->\n<title>Genie\u00dfen Sie die unvergleichliche Frische von Bang 15000 Puffs im Cool Mint Geschmack | Vapingnet.de<\/title>\n<meta name=\"description\" content=\"Entdecke Genie\u00dfen Sie die unvergleichliche Frische von Bang 15000 Puffs im Cool Mint Geschmack bei vapingnet.de, \u25ba Gro\u00dfe Auswahl an Geschmacksrichtungen &amp; super g\u00fcnstig!\" \/>\n<meta name=\"robots\" content=\"index, follow, max-snippet:-1, max-image-preview:large, max-video-preview:-1\" \/>\n<link rel=\"canonical\" href=\"https:\/\/vapingnet.de\/fr\/vape\/geniessen-sie-die-unvergleichliche-frische-von-bang-15000-puffs-im-cool-mint-geschmack\/\" \/>\n<meta property=\"og:locale\" content=\"fr_FR\" \/>\n<meta property=\"og:type\" content=\"article\" \/>\n<meta property=\"og:title\" content=\"Genie\u00dfen Sie die unvergleichliche Frische von Bang 15000 Puffs im Cool Mint Geschmack | Vapingnet.de\" \/>\n<meta property=\"og:description\" content=\"Entdecke Genie\u00dfen Sie die unvergleichliche Frische von Bang 15000 Puffs im Cool Mint Geschmack bei vapingnet.de, \u25ba Gro\u00dfe Auswahl an Geschmacksrichtungen &amp; super g\u00fcnstig!\" \/>\n<meta property=\"og:url\" content=\"https:\/\/vapingnet.de\/fr\/vape\/geniessen-sie-die-unvergleichliche-frische-von-bang-15000-puffs-im-cool-mint-geschmack\/\" \/>\n<meta property=\"og:site_name\" content=\"Vapingnet.de\" \/>\n<meta property=\"article:publisher\" content=\"https:\/\/www.facebook.com\/vapingnetde\/\" \/>\n<meta property=\"article:modified_time\" content=\"2025-06-19T03:41:34+00:00\" \/>\n<meta property=\"og:image\" content=\"https:\/\/vapingnet.de\/wp-content\/uploads\/2025\/03\/Cool-Mint.png\" \/>\n\t<meta property=\"og:image:width\" content=\"900\" \/>\n\t<meta property=\"og:image:height\" content=\"600\" \/>\n\t<meta property=\"og:image:type\" content=\"image\/png\" \/>\n<meta name=\"twitter:card\" content=\"summary_large_image\" \/>\n<meta name=\"twitter:label1\" content=\"Dur\u00e9e de lecture estim\u00e9e\" \/>\n\t<meta name=\"twitter:data1\" content=\"3 minutes\" \/>\n<script type=\"application\/ld+json\" class=\"yoast-schema-graph\">{\"@context\":\"https:\/\/schema.org\",\"@graph\":[{\"@type\":\"WebPage\",\"@id\":\"https:\/\/vapingnet.de\/vape\/geniessen-sie-die-unvergleichliche-frische-von-bang-15000-puffs-im-cool-mint-geschmack\/\",\"url\":\"https:\/\/vapingnet.de\/vape\/geniessen-sie-die-unvergleichliche-frische-von-bang-15000-puffs-im-cool-mint-geschmack\/\",\"name\":\"Genie\u00dfen Sie die unvergleichliche Frische von Bang 15000 Puffs im Cool Mint Geschmack | Vapingnet.de\",\"isPartOf\":{\"@id\":\"https:\/\/vapingnet.de\/#website\"},\"primaryImageOfPage\":{\"@id\":\"https:\/\/vapingnet.de\/vape\/geniessen-sie-die-unvergleichliche-frische-von-bang-15000-puffs-im-cool-mint-geschmack\/#primaryimage\"},\"image\":{\"@id\":\"https:\/\/vapingnet.de\/vape\/geniessen-sie-die-unvergleichliche-frische-von-bang-15000-puffs-im-cool-mint-geschmack\/#primaryimage\"},\"thumbnailUrl\":\"https:\/\/vapingnet.de\/wp-content\/uploads\/2025\/03\/Cool-Mint.png\",\"datePublished\":\"2025-03-12T09:13:18+00:00\",\"dateModified\":\"2025-06-19T03:41:34+00:00\",\"description\":\"Entdecke Genie\u00dfen Sie die unvergleichliche Frische von Bang 15000 Puffs im Cool Mint Geschmack bei vapingnet.de, \u25ba Gro\u00dfe Auswahl an Geschmacksrichtungen & super g\u00fcnstig!\",\"breadcrumb\":{\"@id\":\"https:\/\/vapingnet.de\/vape\/geniessen-sie-die-unvergleichliche-frische-von-bang-15000-puffs-im-cool-mint-geschmack\/#breadcrumb\"},\"inLanguage\":\"fr-FR\",\"potentialAction\":[{\"@type\":\"ReadAction\",\"target\":[\"https:\/\/vapingnet.de\/vape\/geniessen-sie-die-unvergleichliche-frische-von-bang-15000-puffs-im-cool-mint-geschmack\/\"]}]},{\"@type\":\"ImageObject\",\"inLanguage\":\"fr-FR\",\"@id\":\"https:\/\/vapingnet.de\/vape\/geniessen-sie-die-unvergleichliche-frische-von-bang-15000-puffs-im-cool-mint-geschmack\/#primaryimage\",\"url\":\"https:\/\/vapingnet.de\/wp-content\/uploads\/2025\/03\/Cool-Mint.png\",\"contentUrl\":\"https:\/\/vapingnet.de\/wp-content\/uploads\/2025\/03\/Cool-Mint.png\",\"width\":900,\"height\":600,\"caption\":\"Cool Mint\"},{\"@type\":\"BreadcrumbList\",\"@id\":\"https:\/\/vapingnet.de\/vape\/geniessen-sie-die-unvergleichliche-frische-von-bang-15000-puffs-im-cool-mint-geschmack\/#breadcrumb\",\"itemListElement\":[{\"@type\":\"ListItem\",\"position\":1,\"name\":\"Home\",\"item\":\"https:\/\/vapingnet.de\/\"},{\"@type\":\"ListItem\",\"position\":2,\"name\":\"Shop\",\"item\":\"https:\/\/vapingnet.de\/vape\/\"},{\"@type\":\"ListItem\",\"position\":3,\"name\":\"Genie\u00dfen Sie die unvergleichliche Frische von Bang 15000 Puffs im Cool Mint Geschmack\"}]},{\"@type\":\"WebSite\",\"@id\":\"https:\/\/vapingnet.de\/#website\",\"url\":\"https:\/\/vapingnet.de\/\",\"name\":\"Vapingnet.de\",\"description\":\"\",\"publisher\":{\"@id\":\"https:\/\/vapingnet.de\/#organization\"},\"potentialAction\":[{\"@type\":\"SearchAction\",\"target\":{\"@type\":\"EntryPoint\",\"urlTemplate\":\"https:\/\/vapingnet.de\/?s={search_term_string}\"},\"query-input\":{\"@type\":\"PropertyValueSpecification\",\"valueRequired\":true,\"valueName\":\"search_term_string\"}}],\"inLanguage\":\"fr-FR\"},{\"@type\":\"Organization\",\"@id\":\"https:\/\/vapingnet.de\/#organization\",\"name\":\"Vapingnet.de\",\"url\":\"https:\/\/vapingnet.de\/\",\"logo\":{\"@type\":\"ImageObject\",\"inLanguage\":\"fr-FR\",\"@id\":\"https:\/\/vapingnet.de\/#\/schema\/logo\/image\/\",\"url\":\"https:\/\/vapingnet.de\/wp-content\/uploads\/2025\/03\/cropped-vapingnet.de_.jpg\",\"contentUrl\":\"https:\/\/vapingnet.de\/wp-content\/uploads\/2025\/03\/cropped-vapingnet.de_.jpg\",\"width\":512,\"height\":512,\"caption\":\"Vapingnet.de\"},\"image\":{\"@id\":\"https:\/\/vapingnet.de\/#\/schema\/logo\/image\/\"},\"sameAs\":[\"https:\/\/www.facebook.com\/vapingnetde\/\"]}]}<\/script>\n<!-- \/ Yoast SEO plugin. -->","yoast_head_json":{"title":"Genie\u00dfen Sie die unvergleichliche Frische von Bang 15000 Puffs im Cool Mint Geschmack | Vapingnet.de","description":"Entdecke Genie\u00dfen Sie die unvergleichliche Frische von Bang 15000 Puffs im Cool Mint Geschmack bei vapingnet.de, \u25ba Gro\u00dfe Auswahl an Geschmacksrichtungen & super g\u00fcnstig!","robots":{"index":"index","follow":"follow","max-snippet":"max-snippet:-1","max-image-preview":"max-image-preview:large","max-video-preview":"max-video-preview:-1"},"canonical":"https:\/\/vapingnet.de\/fr\/vape\/geniessen-sie-die-unvergleichliche-frische-von-bang-15000-puffs-im-cool-mint-geschmack\/","og_locale":"fr_FR","og_type":"article","og_title":"Genie\u00dfen Sie die unvergleichliche Frische von Bang 15000 Puffs im Cool Mint Geschmack | Vapingnet.de","og_description":"Entdecke Genie\u00dfen Sie die unvergleichliche Frische von Bang 15000 Puffs im Cool Mint Geschmack bei vapingnet.de, \u25ba Gro\u00dfe Auswahl an Geschmacksrichtungen & super g\u00fcnstig!","og_url":"https:\/\/vapingnet.de\/fr\/vape\/geniessen-sie-die-unvergleichliche-frische-von-bang-15000-puffs-im-cool-mint-geschmack\/","og_site_name":"Vapingnet.de","article_publisher":"https:\/\/www.facebook.com\/vapingnetde\/","article_modified_time":"2025-06-19T03:41:34+00:00","og_image":[{"width":900,"height":600,"url":"https:\/\/vapingnet.de\/wp-content\/uploads\/2025\/03\/Cool-Mint.png","type":"image\/png"}],"twitter_card":"summary_large_image","twitter_misc":{"Dur\u00e9e de lecture estim\u00e9e":"3 minutes"},"schema":{"@context":"https:\/\/schema.org","@graph":[{"@type":"WebPage","@id":"https:\/\/vapingnet.de\/vape\/geniessen-sie-die-unvergleichliche-frische-von-bang-15000-puffs-im-cool-mint-geschmack\/","url":"https:\/\/vapingnet.de\/vape\/geniessen-sie-die-unvergleichliche-frische-von-bang-15000-puffs-im-cool-mint-geschmack\/","name":"Genie\u00dfen Sie die unvergleichliche Frische von Bang 15000 Puffs im Cool Mint Geschmack | Vapingnet.de","isPartOf":{"@id":"https:\/\/vapingnet.de\/#website"},"primaryImageOfPage":{"@id":"https:\/\/vapingnet.de\/vape\/geniessen-sie-die-unvergleichliche-frische-von-bang-15000-puffs-im-cool-mint-geschmack\/#primaryimage"},"image":{"@id":"https:\/\/vapingnet.de\/vape\/geniessen-sie-die-unvergleichliche-frische-von-bang-15000-puffs-im-cool-mint-geschmack\/#primaryimage"},"thumbnailUrl":"https:\/\/vapingnet.de\/wp-content\/uploads\/2025\/03\/Cool-Mint.png","datePublished":"2025-03-12T09:13:18+00:00","dateModified":"2025-06-19T03:41:34+00:00","description":"Entdecke Genie\u00dfen Sie die unvergleichliche Frische von Bang 15000 Puffs im Cool Mint Geschmack bei vapingnet.de, \u25ba Gro\u00dfe Auswahl an Geschmacksrichtungen & super g\u00fcnstig!","breadcrumb":{"@id":"https:\/\/vapingnet.de\/vape\/geniessen-sie-die-unvergleichliche-frische-von-bang-15000-puffs-im-cool-mint-geschmack\/#breadcrumb"},"inLanguage":"fr-FR","potentialAction":[{"@type":"ReadAction","target":["https:\/\/vapingnet.de\/vape\/geniessen-sie-die-unvergleichliche-frische-von-bang-15000-puffs-im-cool-mint-geschmack\/"]}]},{"@type":"ImageObject","inLanguage":"fr-FR","@id":"https:\/\/vapingnet.de\/vape\/geniessen-sie-die-unvergleichliche-frische-von-bang-15000-puffs-im-cool-mint-geschmack\/#primaryimage","url":"https:\/\/vapingnet.de\/wp-content\/uploads\/2025\/03\/Cool-Mint.png","contentUrl":"https:\/\/vapingnet.de\/wp-content\/uploads\/2025\/03\/Cool-Mint.png","width":900,"height":600,"caption":"Cool Mint"},{"@type":"BreadcrumbList","@id":"https:\/\/vapingnet.de\/vape\/geniessen-sie-die-unvergleichliche-frische-von-bang-15000-puffs-im-cool-mint-geschmack\/#breadcrumb","itemListElement":[{"@type":"ListItem","position":1,"name":"Home","item":"https:\/\/vapingnet.de\/"},{"@type":"ListItem","position":2,"name":"Shop","item":"https:\/\/vapingnet.de\/vape\/"},{"@type":"ListItem","position":3,"name":"Genie\u00dfen Sie die unvergleichliche Frische von Bang 15000 Puffs im Cool Mint Geschmack"}]},{"@type":"WebSite","@id":"https:\/\/vapingnet.de\/#website","url":"https:\/\/vapingnet.de\/","name":"Vapingnet.de","description":"","publisher":{"@id":"https:\/\/vapingnet.de\/#organization"},"potentialAction":[{"@type":"SearchAction","target":{"@type":"EntryPoint","urlTemplate":"https:\/\/vapingnet.de\/?s={search_term_string}"},"query-input":{"@type":"PropertyValueSpecification","valueRequired":true,"valueName":"search_term_string"}}],"inLanguage":"fr-FR"},{"@type":"Organization","@id":"https:\/\/vapingnet.de\/#organization","name":"Vapingnet.de","url":"https:\/\/vapingnet.de\/","logo":{"@type":"ImageObject","inLanguage":"fr-FR","@id":"https:\/\/vapingnet.de\/#\/schema\/logo\/image\/","url":"https:\/\/vapingnet.de\/wp-content\/uploads\/2025\/03\/cropped-vapingnet.de_.jpg","contentUrl":"https:\/\/vapingnet.de\/wp-content\/uploads\/2025\/03\/cropped-vapingnet.de_.jpg","width":512,"height":512,"caption":"Vapingnet.de"},"image":{"@id":"https:\/\/vapingnet.de\/#\/schema\/logo\/image\/"},"sameAs":["https:\/\/www.facebook.com\/vapingnetde\/"]}]}},"tiered_pricing_type":"fixed","tiered_pricing_fixed_rules":{"10":"7.31","60":"6.58","110":"5.85","200":"5.12"},"tiered_pricing_product_settings":{"layout":"default","base_unit_name":{"singular":null,"plural":null},"default_variation":null},"tiered_pricing_minimum_quantity":null,"tiered_pricing_roles_data":[],"tiered_pricing_percentage_rules":[],"_links":{"self":[{"href":"https:\/\/vapingnet.de\/fr\/wp-json\/wp\/v2\/product\/5164","targetHints":{"allow":["GET"]}}],"collection":[{"href":"https:\/\/vapingnet.de\/fr\/wp-json\/wp\/v2\/product"}],"about":[{"href":"https:\/\/vapingnet.de\/fr\/wp-json\/wp\/v2\/types\/product"}],"version-history":[{"count":2,"href":"https:\/\/vapingnet.de\/fr\/wp-json\/wp\/v2\/product\/5164\/revisions"}],"predecessor-version":[{"id":6918,"href":"https:\/\/vapingnet.de\/fr\/wp-json\/wp\/v2\/product\/5164\/revisions\/6918"}],"wp:featuredmedia":[{"embeddable":true,"href":"https:\/\/vapingnet.de\/fr\/wp-json\/wp\/v2\/media\/5165"}],"wp:attachment":[{"href":"https:\/\/vapingnet.de\/fr\/wp-json\/wp\/v2\/media?parent=5164"}],"wp:term":[{"taxonomy":"brand","embeddable":true,"href":"https:\/\/vapingnet.de\/fr\/wp-json\/wp\/v2\/etheme_brands?post=5164"},{"taxonomy":"product_brand","embeddable":true,"href":"https:\/\/vapingnet.de\/fr\/wp-json\/wp\/v2\/product_brand?post=5164"},{"taxonomy":"product_cat","embeddable":true,"href":"https:\/\/vapingnet.de\/fr\/wp-json\/wp\/v2\/product_cat?post=5164"},{"taxonomy":"product_tag","embeddable":true,"href":"https:\/\/vapingnet.de\/fr\/wp-json\/wp\/v2\/product_tag?post=5164"}],"curies":[{"name":"wp","href":"https:\/\/api.w.org\/{rel}","templated":true}]}}