{"id":5167,"date":"2025-03-12T09:18:53","date_gmt":"2025-03-12T09:18:53","guid":{"rendered":"https:\/\/vapingnet.de\/?post_type=product&#038;p=5167"},"modified":"2025-06-19T03:41:34","modified_gmt":"2025-06-19T03:41:34","slug":"geniessen-sie-die-unvergleichliche-fruchtfrische-von-bang-15000-puffs-im-double-apple-geschmack","status":"publish","type":"product","link":"https:\/\/vapingnet.de\/fr\/vape\/geniessen-sie-die-unvergleichliche-fruchtfrische-von-bang-15000-puffs-im-double-apple-geschmack\/","title":{"rendered":"Appr\u00e9ciez la fra\u00eecheur incomparable du Bang 15000 Puffs au go\u00fbt Double Apple"},"content":{"rendered":"<h2 data-start=\"0\" data-end=\"102\">Bang15000 Bouff\u00e9es Rechargeable Pod Jetable \u2013 L'exp\u00e9rience de vapotage ultime avec Double Pomme !<\/h2>\n<p data-start=\"158\" data-end=\"368\">Avec le d\u00e9veloppement rapide du march\u00e9 des cigarettes \u00e9lectroniques, les attentes des consommateurs augmentent \u00e9galement. Une durabilit\u00e9 plus longue, des saveurs plus intenses et une utilisation encore plus pratique sont aujourd'hui plus importantes que jamais.<\/p>\n<p data-start=\"370\" data-end=\"572\">Le Bang15000 Bouff\u00e9es Rechargeable Pod Jetable \u00e9tablit de nouvelles normes avec <a href=\"https:\/\/vapingnet.de\/fr\/k\/vape-15000-zuege\/\" target=\"_blank\" rel=\"noopener\"><strong>15000 bouff\u00e9es<\/strong><\/a>, un design rechargeable et le d\u00e9licieux go\u00fbt Double Pomme, dans le monde des cigarettes \u00e9lectroniques jetables.<\/p>\n<p data-start=\"574\" data-end=\"653\">Que vous soyez vapoteur exp\u00e9riment\u00e9 ou d\u00e9butant \u2013 cet appareil va vous enthousiasmer !<\/p>\n<h4 data-start=\"660\" data-end=\"726\">\ud83d\udd25 Technologie r\u00e9volutionnaire pour la meilleure exp\u00e9rience de vapotage !<\/h4>\n<p data-start=\"728\" data-end=\"791\">\ud83d\udca1 R\u00e9sistance Dul Mesh 1.1\u03a9 \u2013 Extraction parfaite des saveurs<\/p>\n<p data-start=\"792\" data-end=\"1010\">La technologie innovante Dul Mesh 1.1\u03a9 assure une vaporisation uniforme du liquide, vous permettant de profiter pleinement de l'ar\u00f4me de Double Pomme \u00e0 chaque inhalation \u2013 doux, intense et incroyablement aromatique.<\/p>\n<p data-start=\"1012\" data-end=\"1095\">\ud83d\udd0b Batterie rechargeable de 650mAh \u2013 Utilisation prolong\u00e9e, moins de gaspillage<\/p>\n<p data-start=\"1096\" data-end=\"1323\">La batterie puissante de 650mAh met fin \u00e0 la mentalit\u00e9 jetable ! Gr\u00e2ce au port de charge rapide USB-C, l'appareil se recharge en un \u00e9clair, vous permettant d'\u00eatre toujours pr\u00eat pour votre exp\u00e9rience de vapotage.<\/p>\n<p data-start=\"1325\" data-end=\"1385\">\ud83d\ude80 15000 bouff\u00e9es \u2013 Profitez plus longtemps, changez moins souvent<\/p>\n<p data-start=\"1386\" data-end=\"1565\">La plupart des cigarettes \u00e9lectroniques jetables offrent seulement 3000-5000 bouff\u00e9es. Le Bang15000 Bouff\u00e9es, quant \u00e0 lui, dure impressionnantes 15000 bouff\u00e9es, vous \u00e9vitant d'acheter constamment de nouveaux appareils.<\/p>\n<p data-start=\"1567\" data-end=\"1639\">\ud83d\udca6 23mL de liquide \u2013 Capacit\u00e9 maximale pour un plaisir durable<\/p>\n<p data-start=\"1640\" data-end=\"1812\">Beaucoup de cigarettes \u00e9lectroniques ne contiennent que 10mL de liquide \u2013 le Bang15000 Bouff\u00e9es double cette quantit\u00e9 avec 23mL, pour que vous puissiez profiter de votre exp\u00e9rience de vapotage sans interruption.<\/p>\n<h4 data-start=\"1819\" data-end=\"1891\">\ud83c\udf4f Double Pomme \u2013 La combinaison parfaite de douceur et de fra\u00eecheur<\/h4>\n<p data-start=\"1892\" data-end=\"1978\">Si vous aimez les saveurs fruit\u00e9es, vous serez enchant\u00e9 par Double Pomme !<\/p>\n<p data-start=\"1980\" data-end=\"2063\">\ud83d\udc9a Pomme verte \u2013 croquante et acidul\u00e9e<br data-start=\"2023\" data-end=\"2026\" \/>\u2764\ufe0f Pomme rouge \u2013 douce et juteuse<\/p>\n<p data-start=\"2065\" data-end=\"2270\">En combinaison avec la technologie de la r\u00e9sistance Dul Mesh, une exp\u00e9rience gustative intense se d\u00e9ploie, rehauss\u00e9e d'une l\u00e9g\u00e8re fra\u00eecheur \u2013 comme si vous mordiez dans une pomme parfaitement m\u00fbre !<\/p>\n<h4 data-start=\"2277\" data-end=\"2358\">\ud83c\udfaf Choisissez le taux de nicotine adapt\u00e9 \u00e0 votre exp\u00e9rience de vapotage individuelle<\/h4>\n<p data-start=\"2359\" data-end=\"2475\">Chaque vapoteur a ses pr\u00e9f\u00e9rences \u2013 c'est pourquoi il existe le Bang15000 Puffs en quatre niveaux de nicotine diff\u00e9rents :<\/p>\n<p data-start=\"2477\" data-end=\"2874\">\u2705 0% (sans nicotine) \u2013 Id\u00e9al pour les vapoteurs qui veulent simplement profiter du go\u00fbt. <em data-start=\"2561\" data-end=\"2599\">(Disponible uniquement pour les commandes en gros)<\/em><br data-start=\"2599\" data-end=\"2602\" \/>\u2705 2% (faible teneur en nicotine) \u2013 Parfait pour ceux qui passent des cigarettes traditionnelles.<br data-start=\"2688\" data-end=\"2691\" \/>\u2705 3% (teneur moyenne en nicotine) \u2013 Pour une exp\u00e9rience de vapotage \u00e9quilibr\u00e9e. <em data-start=\"2763\" data-end=\"2801\">(Disponible uniquement pour les commandes en gros)<\/em><br data-start=\"2801\" data-end=\"2804\" \/>\u2705 5% (forte teneur en nicotine) \u2013 Pour une sensation de gorge intense.<\/p>\n<p data-start=\"2876\" data-end=\"2934\">Flexible, personnalis\u00e9 et parfaitement adapt\u00e9 \u00e0 vous !<\/p>\n<h3 data-start=\"2941\" data-end=\"2975\">\ud83c\udf96 Pourquoi choisir Bang15000 Puffs ?<\/h3>\n<p data-start=\"2976\" data-end=\"3346\">\ud83d\udc8e Dur\u00e9e d'utilisation extr\u00eamement longue avec 15000 bouff\u00e9es !<br data-start=\"3026\" data-end=\"3029\" \/>\u26a1 Dul Mesh Coil pour un go\u00fbt intense et une vapeur douce !<br data-start=\"3092\" data-end=\"3095\" \/>\ud83d\udd0b Batterie rechargeable de 650mAh avec charge rapide Type-C !<br data-start=\"3156\" data-end=\"3159\" \/>\ud83d\udca6 Capacit\u00e9 de liquide de 23mL \u2013 moins de recharges n\u00e9cessaires !<br data-start=\"3214\" data-end=\"3217\" \/>\ud83c\udf4f Saveur Double Apple \u2013 douce, rafra\u00eechissante et fruit\u00e9e !<br data-start=\"3279\" data-end=\"3282\" \/>\ud83c\udfaf Quatre niveaux de nicotine pour un plaisir individuel maximal !<\/p>\n<h4 data-start=\"3353\" data-end=\"3434\">\ud83d\udca5 Commandez maintenant et faites passer votre exp\u00e9rience de vapotage au niveau sup\u00e9rieur !<\/h4>\n<p data-start=\"3435\" data-end=\"3572\">D\u00e9couvrez la combinaison unique de performance, de go\u00fbt et d'innovation avec le pod jetable rechargeable Bang15000 Puffs !<\/p>\n<p data-start=\"3574\" data-end=\"3664\">\ud83d\udc49 Visitez maintenant <a href=\"https:\/\/vapingnet.de\/fr\/\" target=\"_new\" rel=\"noopener\" data-start=\"3593\" data-end=\"3629\">vapingnet.de<\/a> et assurez-vous votre exemplaire !<\/p>\n<p data-start=\"3666\" data-end=\"3732\" data-is-last-node=\"\" data-is-only-node=\"\">\ud83d\udd25 Vapoter n'a jamais \u00e9t\u00e9 aussi intense, pratique et agr\u00e9able !<\/p>","protected":false},"excerpt":{"rendered":"<p>Bang15000 Puffs Rechargeable Disposable Pod \u2013 L\u2019exp\u00e9rience de vape ultime avec Double Apple ! Avec le d\u00e9veloppement rapide du march\u00e9 des e-cigarettes, les attentes des consommateurs augmentent \u00e9galement. Des sessions plus longues...<\/p>","protected":false},"featured_media":5169,"template":"","meta":[],"etheme_brands":[],"product_brand":[101],"product_cat":[53,49,61],"product_tag":[],"class_list":{"0":"post-5167","1":"product","2":"type-product","3":"status-publish","4":"has-post-thumbnail","6":"product_brand-bang-king-vape","7":"product_cat-vape-15000-zuege","8":"product_cat-einweg-e-zigarette","9":"product_cat-f","11":"first","12":"instock","13":"shipping-taxable","14":"purchasable","15":"product-type-simple"},"yoast_head":"<!-- This site is optimized with the Yoast SEO plugin v26.5 - https:\/\/yoast.com\/wordpress\/plugins\/seo\/ -->\n<title>Genie\u00dfen Sie die unvergleichliche Fruchtfrische von Bang 15000 Puffs im Double Apple Geschmack | Vapingnet.de<\/title>\n<meta name=\"description\" content=\"Entdecke Genie\u00dfen Sie die unvergleichliche Fruchtfrische von Bang 15000 Puffs im Double Apple Geschmack bei vapingnet.de, \u25ba Gro\u00dfe Auswahl an Geschmacksrichtungen &amp; super g\u00fcnstig!\" \/>\n<meta name=\"robots\" content=\"index, follow, max-snippet:-1, max-image-preview:large, max-video-preview:-1\" \/>\n<link rel=\"canonical\" href=\"https:\/\/vapingnet.de\/fr\/vape\/geniessen-sie-die-unvergleichliche-fruchtfrische-von-bang-15000-puffs-im-double-apple-geschmack\/\" \/>\n<meta property=\"og:locale\" content=\"fr_FR\" \/>\n<meta property=\"og:type\" content=\"article\" \/>\n<meta property=\"og:title\" content=\"Genie\u00dfen Sie die unvergleichliche Fruchtfrische von Bang 15000 Puffs im Double Apple Geschmack | Vapingnet.de\" \/>\n<meta property=\"og:description\" content=\"Entdecke Genie\u00dfen Sie die unvergleichliche Fruchtfrische von Bang 15000 Puffs im Double Apple Geschmack bei vapingnet.de, \u25ba Gro\u00dfe Auswahl an Geschmacksrichtungen &amp; super g\u00fcnstig!\" \/>\n<meta property=\"og:url\" content=\"https:\/\/vapingnet.de\/fr\/vape\/geniessen-sie-die-unvergleichliche-fruchtfrische-von-bang-15000-puffs-im-double-apple-geschmack\/\" \/>\n<meta property=\"og:site_name\" content=\"Vapingnet.de\" \/>\n<meta property=\"article:publisher\" content=\"https:\/\/www.facebook.com\/vapingnetde\/\" \/>\n<meta property=\"article:modified_time\" content=\"2025-06-19T03:41:34+00:00\" \/>\n<meta property=\"og:image\" content=\"https:\/\/vapingnet.de\/wp-content\/uploads\/2025\/03\/Double-Apple-1.png\" \/>\n\t<meta property=\"og:image:width\" content=\"900\" \/>\n\t<meta property=\"og:image:height\" content=\"600\" \/>\n\t<meta property=\"og:image:type\" content=\"image\/png\" \/>\n<meta name=\"twitter:card\" content=\"summary_large_image\" \/>\n<meta name=\"twitter:label1\" content=\"Dur\u00e9e de lecture estim\u00e9e\" \/>\n\t<meta name=\"twitter:data1\" content=\"3 minutes\" \/>\n<script type=\"application\/ld+json\" class=\"yoast-schema-graph\">{\"@context\":\"https:\/\/schema.org\",\"@graph\":[{\"@type\":\"WebPage\",\"@id\":\"https:\/\/vapingnet.de\/vape\/geniessen-sie-die-unvergleichliche-fruchtfrische-von-bang-15000-puffs-im-double-apple-geschmack\/\",\"url\":\"https:\/\/vapingnet.de\/vape\/geniessen-sie-die-unvergleichliche-fruchtfrische-von-bang-15000-puffs-im-double-apple-geschmack\/\",\"name\":\"Genie\u00dfen Sie die unvergleichliche Fruchtfrische von Bang 15000 Puffs im Double Apple Geschmack | Vapingnet.de\",\"isPartOf\":{\"@id\":\"https:\/\/vapingnet.de\/#website\"},\"primaryImageOfPage\":{\"@id\":\"https:\/\/vapingnet.de\/vape\/geniessen-sie-die-unvergleichliche-fruchtfrische-von-bang-15000-puffs-im-double-apple-geschmack\/#primaryimage\"},\"image\":{\"@id\":\"https:\/\/vapingnet.de\/vape\/geniessen-sie-die-unvergleichliche-fruchtfrische-von-bang-15000-puffs-im-double-apple-geschmack\/#primaryimage\"},\"thumbnailUrl\":\"https:\/\/vapingnet.de\/wp-content\/uploads\/2025\/03\/Double-Apple-1.png\",\"datePublished\":\"2025-03-12T09:18:53+00:00\",\"dateModified\":\"2025-06-19T03:41:34+00:00\",\"description\":\"Entdecke Genie\u00dfen Sie die unvergleichliche Fruchtfrische von Bang 15000 Puffs im Double Apple Geschmack bei vapingnet.de, \u25ba Gro\u00dfe Auswahl an Geschmacksrichtungen & super g\u00fcnstig!\",\"breadcrumb\":{\"@id\":\"https:\/\/vapingnet.de\/vape\/geniessen-sie-die-unvergleichliche-fruchtfrische-von-bang-15000-puffs-im-double-apple-geschmack\/#breadcrumb\"},\"inLanguage\":\"fr-FR\",\"potentialAction\":[{\"@type\":\"ReadAction\",\"target\":[\"https:\/\/vapingnet.de\/vape\/geniessen-sie-die-unvergleichliche-fruchtfrische-von-bang-15000-puffs-im-double-apple-geschmack\/\"]}]},{\"@type\":\"ImageObject\",\"inLanguage\":\"fr-FR\",\"@id\":\"https:\/\/vapingnet.de\/vape\/geniessen-sie-die-unvergleichliche-fruchtfrische-von-bang-15000-puffs-im-double-apple-geschmack\/#primaryimage\",\"url\":\"https:\/\/vapingnet.de\/wp-content\/uploads\/2025\/03\/Double-Apple-1.png\",\"contentUrl\":\"https:\/\/vapingnet.de\/wp-content\/uploads\/2025\/03\/Double-Apple-1.png\",\"width\":900,\"height\":600,\"caption\":\"Double Apple\"},{\"@type\":\"BreadcrumbList\",\"@id\":\"https:\/\/vapingnet.de\/vape\/geniessen-sie-die-unvergleichliche-fruchtfrische-von-bang-15000-puffs-im-double-apple-geschmack\/#breadcrumb\",\"itemListElement\":[{\"@type\":\"ListItem\",\"position\":1,\"name\":\"Home\",\"item\":\"https:\/\/vapingnet.de\/\"},{\"@type\":\"ListItem\",\"position\":2,\"name\":\"Shop\",\"item\":\"https:\/\/vapingnet.de\/vape\/\"},{\"@type\":\"ListItem\",\"position\":3,\"name\":\"Genie\u00dfen Sie die unvergleichliche Fruchtfrische von Bang 15000 Puffs im Double Apple Geschmack\"}]},{\"@type\":\"WebSite\",\"@id\":\"https:\/\/vapingnet.de\/#website\",\"url\":\"https:\/\/vapingnet.de\/\",\"name\":\"Vapingnet.de\",\"description\":\"\",\"publisher\":{\"@id\":\"https:\/\/vapingnet.de\/#organization\"},\"potentialAction\":[{\"@type\":\"SearchAction\",\"target\":{\"@type\":\"EntryPoint\",\"urlTemplate\":\"https:\/\/vapingnet.de\/?s={search_term_string}\"},\"query-input\":{\"@type\":\"PropertyValueSpecification\",\"valueRequired\":true,\"valueName\":\"search_term_string\"}}],\"inLanguage\":\"fr-FR\"},{\"@type\":\"Organization\",\"@id\":\"https:\/\/vapingnet.de\/#organization\",\"name\":\"Vapingnet.de\",\"url\":\"https:\/\/vapingnet.de\/\",\"logo\":{\"@type\":\"ImageObject\",\"inLanguage\":\"fr-FR\",\"@id\":\"https:\/\/vapingnet.de\/#\/schema\/logo\/image\/\",\"url\":\"https:\/\/vapingnet.de\/wp-content\/uploads\/2025\/03\/cropped-vapingnet.de_.jpg\",\"contentUrl\":\"https:\/\/vapingnet.de\/wp-content\/uploads\/2025\/03\/cropped-vapingnet.de_.jpg\",\"width\":512,\"height\":512,\"caption\":\"Vapingnet.de\"},\"image\":{\"@id\":\"https:\/\/vapingnet.de\/#\/schema\/logo\/image\/\"},\"sameAs\":[\"https:\/\/www.facebook.com\/vapingnetde\/\"]}]}<\/script>\n<!-- \/ Yoast SEO plugin. -->","yoast_head_json":{"title":"Genie\u00dfen Sie die unvergleichliche Fruchtfrische von Bang 15000 Puffs im Double Apple Geschmack | Vapingnet.de","description":"Entdecke Genie\u00dfen Sie die unvergleichliche Fruchtfrische von Bang 15000 Puffs im Double Apple Geschmack bei vapingnet.de, \u25ba Gro\u00dfe Auswahl an Geschmacksrichtungen & super g\u00fcnstig!","robots":{"index":"index","follow":"follow","max-snippet":"max-snippet:-1","max-image-preview":"max-image-preview:large","max-video-preview":"max-video-preview:-1"},"canonical":"https:\/\/vapingnet.de\/fr\/vape\/geniessen-sie-die-unvergleichliche-fruchtfrische-von-bang-15000-puffs-im-double-apple-geschmack\/","og_locale":"fr_FR","og_type":"article","og_title":"Genie\u00dfen Sie die unvergleichliche Fruchtfrische von Bang 15000 Puffs im Double Apple Geschmack | Vapingnet.de","og_description":"Entdecke Genie\u00dfen Sie die unvergleichliche Fruchtfrische von Bang 15000 Puffs im Double Apple Geschmack bei vapingnet.de, \u25ba Gro\u00dfe Auswahl an Geschmacksrichtungen & super g\u00fcnstig!","og_url":"https:\/\/vapingnet.de\/fr\/vape\/geniessen-sie-die-unvergleichliche-fruchtfrische-von-bang-15000-puffs-im-double-apple-geschmack\/","og_site_name":"Vapingnet.de","article_publisher":"https:\/\/www.facebook.com\/vapingnetde\/","article_modified_time":"2025-06-19T03:41:34+00:00","og_image":[{"width":900,"height":600,"url":"https:\/\/vapingnet.de\/wp-content\/uploads\/2025\/03\/Double-Apple-1.png","type":"image\/png"}],"twitter_card":"summary_large_image","twitter_misc":{"Dur\u00e9e de lecture estim\u00e9e":"3 minutes"},"schema":{"@context":"https:\/\/schema.org","@graph":[{"@type":"WebPage","@id":"https:\/\/vapingnet.de\/vape\/geniessen-sie-die-unvergleichliche-fruchtfrische-von-bang-15000-puffs-im-double-apple-geschmack\/","url":"https:\/\/vapingnet.de\/vape\/geniessen-sie-die-unvergleichliche-fruchtfrische-von-bang-15000-puffs-im-double-apple-geschmack\/","name":"Genie\u00dfen Sie die unvergleichliche Fruchtfrische von Bang 15000 Puffs im Double Apple Geschmack | Vapingnet.de","isPartOf":{"@id":"https:\/\/vapingnet.de\/#website"},"primaryImageOfPage":{"@id":"https:\/\/vapingnet.de\/vape\/geniessen-sie-die-unvergleichliche-fruchtfrische-von-bang-15000-puffs-im-double-apple-geschmack\/#primaryimage"},"image":{"@id":"https:\/\/vapingnet.de\/vape\/geniessen-sie-die-unvergleichliche-fruchtfrische-von-bang-15000-puffs-im-double-apple-geschmack\/#primaryimage"},"thumbnailUrl":"https:\/\/vapingnet.de\/wp-content\/uploads\/2025\/03\/Double-Apple-1.png","datePublished":"2025-03-12T09:18:53+00:00","dateModified":"2025-06-19T03:41:34+00:00","description":"Entdecke Genie\u00dfen Sie die unvergleichliche Fruchtfrische von Bang 15000 Puffs im Double Apple Geschmack bei vapingnet.de, \u25ba Gro\u00dfe Auswahl an Geschmacksrichtungen & super g\u00fcnstig!","breadcrumb":{"@id":"https:\/\/vapingnet.de\/vape\/geniessen-sie-die-unvergleichliche-fruchtfrische-von-bang-15000-puffs-im-double-apple-geschmack\/#breadcrumb"},"inLanguage":"fr-FR","potentialAction":[{"@type":"ReadAction","target":["https:\/\/vapingnet.de\/vape\/geniessen-sie-die-unvergleichliche-fruchtfrische-von-bang-15000-puffs-im-double-apple-geschmack\/"]}]},{"@type":"ImageObject","inLanguage":"fr-FR","@id":"https:\/\/vapingnet.de\/vape\/geniessen-sie-die-unvergleichliche-fruchtfrische-von-bang-15000-puffs-im-double-apple-geschmack\/#primaryimage","url":"https:\/\/vapingnet.de\/wp-content\/uploads\/2025\/03\/Double-Apple-1.png","contentUrl":"https:\/\/vapingnet.de\/wp-content\/uploads\/2025\/03\/Double-Apple-1.png","width":900,"height":600,"caption":"Double Apple"},{"@type":"BreadcrumbList","@id":"https:\/\/vapingnet.de\/vape\/geniessen-sie-die-unvergleichliche-fruchtfrische-von-bang-15000-puffs-im-double-apple-geschmack\/#breadcrumb","itemListElement":[{"@type":"ListItem","position":1,"name":"Home","item":"https:\/\/vapingnet.de\/"},{"@type":"ListItem","position":2,"name":"Shop","item":"https:\/\/vapingnet.de\/vape\/"},{"@type":"ListItem","position":3,"name":"Genie\u00dfen Sie die unvergleichliche Fruchtfrische von Bang 15000 Puffs im Double Apple Geschmack"}]},{"@type":"WebSite","@id":"https:\/\/vapingnet.de\/#website","url":"https:\/\/vapingnet.de\/","name":"Vapingnet.de","description":"","publisher":{"@id":"https:\/\/vapingnet.de\/#organization"},"potentialAction":[{"@type":"SearchAction","target":{"@type":"EntryPoint","urlTemplate":"https:\/\/vapingnet.de\/?s={search_term_string}"},"query-input":{"@type":"PropertyValueSpecification","valueRequired":true,"valueName":"search_term_string"}}],"inLanguage":"fr-FR"},{"@type":"Organization","@id":"https:\/\/vapingnet.de\/#organization","name":"Vapingnet.de","url":"https:\/\/vapingnet.de\/","logo":{"@type":"ImageObject","inLanguage":"fr-FR","@id":"https:\/\/vapingnet.de\/#\/schema\/logo\/image\/","url":"https:\/\/vapingnet.de\/wp-content\/uploads\/2025\/03\/cropped-vapingnet.de_.jpg","contentUrl":"https:\/\/vapingnet.de\/wp-content\/uploads\/2025\/03\/cropped-vapingnet.de_.jpg","width":512,"height":512,"caption":"Vapingnet.de"},"image":{"@id":"https:\/\/vapingnet.de\/#\/schema\/logo\/image\/"},"sameAs":["https:\/\/www.facebook.com\/vapingnetde\/"]}]}},"tiered_pricing_type":"fixed","tiered_pricing_fixed_rules":{"10":"7.31","60":"6.58","110":"5.85","200":"5.12"},"tiered_pricing_product_settings":{"layout":"default","base_unit_name":{"singular":null,"plural":null},"default_variation":null},"tiered_pricing_minimum_quantity":null,"tiered_pricing_roles_data":[],"tiered_pricing_percentage_rules":[],"_links":{"self":[{"href":"https:\/\/vapingnet.de\/fr\/wp-json\/wp\/v2\/product\/5167","targetHints":{"allow":["GET"]}}],"collection":[{"href":"https:\/\/vapingnet.de\/fr\/wp-json\/wp\/v2\/product"}],"about":[{"href":"https:\/\/vapingnet.de\/fr\/wp-json\/wp\/v2\/types\/product"}],"version-history":[{"count":2,"href":"https:\/\/vapingnet.de\/fr\/wp-json\/wp\/v2\/product\/5167\/revisions"}],"predecessor-version":[{"id":5170,"href":"https:\/\/vapingnet.de\/fr\/wp-json\/wp\/v2\/product\/5167\/revisions\/5170"}],"wp:featuredmedia":[{"embeddable":true,"href":"https:\/\/vapingnet.de\/fr\/wp-json\/wp\/v2\/media\/5169"}],"wp:attachment":[{"href":"https:\/\/vapingnet.de\/fr\/wp-json\/wp\/v2\/media?parent=5167"}],"wp:term":[{"taxonomy":"brand","embeddable":true,"href":"https:\/\/vapingnet.de\/fr\/wp-json\/wp\/v2\/etheme_brands?post=5167"},{"taxonomy":"product_brand","embeddable":true,"href":"https:\/\/vapingnet.de\/fr\/wp-json\/wp\/v2\/product_brand?post=5167"},{"taxonomy":"product_cat","embeddable":true,"href":"https:\/\/vapingnet.de\/fr\/wp-json\/wp\/v2\/product_cat?post=5167"},{"taxonomy":"product_tag","embeddable":true,"href":"https:\/\/vapingnet.de\/fr\/wp-json\/wp\/v2\/product_tag?post=5167"}],"curies":[{"name":"wp","href":"https:\/\/api.w.org\/{rel}","templated":true}]}}