{"id":5171,"date":"2025-03-12T09:24:31","date_gmt":"2025-03-12T09:24:31","guid":{"rendered":"https:\/\/vapingnet.de\/?post_type=product&#038;p=5171"},"modified":"2025-06-19T03:41:33","modified_gmt":"2025-06-19T03:41:33","slug":"geniessen-sie-die-langanhaltende-freude-und-den-intensiven-love-66-geschmack-der-bang-15000-puffs","status":"publish","type":"product","link":"https:\/\/vapingnet.de\/fr\/vape\/geniessen-sie-die-langanhaltende-freude-und-den-intensiven-love-66-geschmack-der-bang-15000-puffs\/","title":{"rendered":"Profitez de la joie durable et du go\u00fbt intense de Love 66 des Bang 15000 Puffs"},"content":{"rendered":"<h2 data-pm-slice=\"1 1 []\">Bang15000 Puff Rechargeable Jetable Pod \u2013 Exp\u00e9rience de vapotage maximale \u00e0 chaque inhalation !<\/h2>\n<p>Sur le march\u00e9 des cigarettes \u00e9lectroniques, il n'est pas facile de trouver un produit combinant une grande capacit\u00e9, une performance durable et une saveur fluide. Pourtant, le <a href=\"https:\/\/vapingnet.de\/fr\/bang-15000-puffs\/\" target=\"_blank\" rel=\"noopener\"><strong>Bang15000 Bouff\u00e9es Rechargeable Jetable Pod<\/strong><\/a> offre exactement cela \u2013 une exp\u00e9rience de premi\u00e8re classe avec des performances exceptionnelles, transformant chaque inhalation en plaisir.<\/p>\n<h3>Pourquoi choisir le Bang15000 ?<\/h3>\n<p>\ud83d\udd39 Dur\u00e9e de vie extr\u00eamement longue \u2013 <a href=\"https:\/\/vapingnet.de\/fr\/k\/vape-15000-zuege\/\" target=\"_blank\" rel=\"noopener\"><strong>15000 bouff\u00e9es<\/strong><\/a> La plupart des cigarettes \u00e9lectroniques jetables offrent entre 5000 et 10000 inhalations. Le Bang15000 \u00e9tablit de nouvelles normes avec ses incroyables 15000 bouff\u00e9es ! Que ce soit pour une utilisation quotidienne ou de longues excursions \u2013 une seule unit\u00e9 vous accompagne bien plus longtemps.<\/p>\n<p>\ud83d\udd39 Design rechargeable pour un plaisir continu Avec une batterie rechargeable de 650mAh et une connexion Type-C pratique, vous pouvez recharger \u00e0 tout moment et garantir une exp\u00e9rience de vapotage r\u00e9guli\u00e8re et intense \u2013 plus de liquide inutilis\u00e9 \u00e0 cause de batteries vides.<\/p>\n<p>\ud83d\udd39 R\u00e9sistance Dul Mesh (1,1\u03a9) pour une saveur intense Gr\u00e2ce \u00e0 la technologie de double bobine Dul Mesh, le liquide est vaporis\u00e9 uniform\u00e9ment, offrant une exp\u00e9rience de vapotage fluide et riche en saveur. Chaque inhalation d\u00e9livre une vapeur dense et soyeuse.<\/p>\n<p>\ud83d\udd39 Grande capacit\u00e9 de liquide pour un plaisir prolong\u00e9 Avec 23mL de liquide, vous n'avez pas \u00e0 vous soucier de changer fr\u00e9quemment \u2013 il suffit de profiter et de se d\u00e9tendre.<\/p>\n<p>\ud83d\udd39 Diff\u00e9rentes concentrations de nicotine au choix Choisissez la concentration de nicotine qui vous convient : 0%, 2%, 3%, 5%. (0% et 3% sont disponibles uniquement pour les commandes en gros.)<\/p>\n<p>\ud83d\udd39 Ar\u00f4me exclusif \u2013 Love 66 Love 66 est l'une des saveurs les plus populaires, avec une combinaison rafra\u00eechissante de past\u00e8que juteuse, de melon doux et de menthe fra\u00eeche. Chaque inhalation est une v\u00e9ritable explosion de saveurs !<\/p>\n<h3>Pour qui le Bang15000 est-il id\u00e9al ?<\/h3>\n<p>\u2705 Pour tous ceux qui recherchent une cigarette \u00e9lectronique durable \u2013 Avec 15000 bouff\u00e9es, vous n'avez pas \u00e0 vous soucier de la remplacer fr\u00e9quemment.<br \/>\n\u2705 Pour les amateurs de vapeur dense et de saveur intense \u2013 Gr\u00e2ce \u00e0 la technologie de r\u00e9sistance en mesh, un v\u00e9ritable point fort.<br \/>\n\u2705 Pour les acheteurs soucieux du budget \u2013 Cigarette \u00e9lectronique jetable avec batterie rechargeable pour une utilisation prolong\u00e9e.<br \/>\n\u2705 Pour les grossistes et revendeurs \u2013 La teneur en nicotine de 0% et 3% est uniquement disponible pour les commandes en gros, id\u00e9ale pour un usage professionnel.<\/p>\n<h4>Commandez maintenant !<\/h4>\n<p>Le Bang15000 Puff Rechargeable Jetable Pod est d\u00e9sormais disponible sur <a href=\"https:\/\/vapingnet.de\/fr\/\">vapingnet.de<\/a> \u2013 assurez-vous votre mod\u00e8le et vivez la combinaison parfaite entre durabilit\u00e9 et saveur intense !<\/p>","protected":false},"excerpt":{"rendered":"<p>Bang15000 Puffs Rechargeable Disposable Pod \u2013 Maximales Dampferlebnis bei jedem Zug! Auf dem Markt f\u00fcr E-Zigaretten ist es nicht einfach, ein Produkt zu finden, das&#8230;<\/p>","protected":false},"featured_media":5172,"template":"","meta":[],"etheme_brands":[],"product_brand":[101],"product_cat":[53,49,61],"product_tag":[],"class_list":{"0":"post-5171","1":"product","2":"type-product","3":"status-publish","4":"has-post-thumbnail","6":"product_brand-bang-king-vape","7":"product_cat-vape-15000-zuege","8":"product_cat-einweg-e-zigarette","9":"product_cat-f","11":"first","12":"instock","13":"shipping-taxable","14":"purchasable","15":"product-type-simple"},"yoast_head":"<!-- This site is optimized with the Yoast SEO plugin v26.5 - https:\/\/yoast.com\/wordpress\/plugins\/seo\/ -->\n<title>Genie\u00dfen Sie die langanhaltende Freude und den intensiven Love 66 Geschmack der Bang 15000 Puffs | Vapingnet.de<\/title>\n<meta name=\"description\" content=\"Entdecke Genie\u00dfen Sie die langanhaltende Freude und den intensiven Love 66 Geschmack der Bang 15000 Puffs bei vapingnet.de, \u25ba Gro\u00dfe Auswahl an Geschmacksrichtungen &amp; super g\u00fcnstig!\" \/>\n<meta name=\"robots\" content=\"index, follow, max-snippet:-1, max-image-preview:large, max-video-preview:-1\" \/>\n<link rel=\"canonical\" href=\"https:\/\/vapingnet.de\/fr\/vape\/geniessen-sie-die-langanhaltende-freude-und-den-intensiven-love-66-geschmack-der-bang-15000-puffs\/\" \/>\n<meta property=\"og:locale\" content=\"fr_FR\" \/>\n<meta property=\"og:type\" content=\"article\" \/>\n<meta property=\"og:title\" content=\"Genie\u00dfen Sie die langanhaltende Freude und den intensiven Love 66 Geschmack der Bang 15000 Puffs | Vapingnet.de\" \/>\n<meta property=\"og:description\" content=\"Entdecke Genie\u00dfen Sie die langanhaltende Freude und den intensiven Love 66 Geschmack der Bang 15000 Puffs bei vapingnet.de, \u25ba Gro\u00dfe Auswahl an Geschmacksrichtungen &amp; super g\u00fcnstig!\" \/>\n<meta property=\"og:url\" content=\"https:\/\/vapingnet.de\/fr\/vape\/geniessen-sie-die-langanhaltende-freude-und-den-intensiven-love-66-geschmack-der-bang-15000-puffs\/\" \/>\n<meta property=\"og:site_name\" content=\"Vapingnet.de\" \/>\n<meta property=\"article:publisher\" content=\"https:\/\/www.facebook.com\/vapingnetde\/\" \/>\n<meta property=\"article:modified_time\" content=\"2025-06-19T03:41:33+00:00\" \/>\n<meta property=\"og:image\" content=\"https:\/\/vapingnet.de\/wp-content\/uploads\/2025\/03\/Love-66.png\" \/>\n\t<meta property=\"og:image:width\" content=\"900\" \/>\n\t<meta property=\"og:image:height\" content=\"600\" \/>\n\t<meta property=\"og:image:type\" content=\"image\/png\" \/>\n<meta name=\"twitter:card\" content=\"summary_large_image\" \/>\n<meta name=\"twitter:label1\" content=\"Dur\u00e9e de lecture estim\u00e9e\" \/>\n\t<meta name=\"twitter:data1\" content=\"3 minutes\" \/>\n<script type=\"application\/ld+json\" class=\"yoast-schema-graph\">{\"@context\":\"https:\/\/schema.org\",\"@graph\":[{\"@type\":\"WebPage\",\"@id\":\"https:\/\/vapingnet.de\/vape\/geniessen-sie-die-langanhaltende-freude-und-den-intensiven-love-66-geschmack-der-bang-15000-puffs\/\",\"url\":\"https:\/\/vapingnet.de\/vape\/geniessen-sie-die-langanhaltende-freude-und-den-intensiven-love-66-geschmack-der-bang-15000-puffs\/\",\"name\":\"Genie\u00dfen Sie die langanhaltende Freude und den intensiven Love 66 Geschmack der Bang 15000 Puffs | Vapingnet.de\",\"isPartOf\":{\"@id\":\"https:\/\/vapingnet.de\/#website\"},\"primaryImageOfPage\":{\"@id\":\"https:\/\/vapingnet.de\/vape\/geniessen-sie-die-langanhaltende-freude-und-den-intensiven-love-66-geschmack-der-bang-15000-puffs\/#primaryimage\"},\"image\":{\"@id\":\"https:\/\/vapingnet.de\/vape\/geniessen-sie-die-langanhaltende-freude-und-den-intensiven-love-66-geschmack-der-bang-15000-puffs\/#primaryimage\"},\"thumbnailUrl\":\"https:\/\/vapingnet.de\/wp-content\/uploads\/2025\/03\/Love-66.png\",\"datePublished\":\"2025-03-12T09:24:31+00:00\",\"dateModified\":\"2025-06-19T03:41:33+00:00\",\"description\":\"Entdecke Genie\u00dfen Sie die langanhaltende Freude und den intensiven Love 66 Geschmack der Bang 15000 Puffs bei vapingnet.de, \u25ba Gro\u00dfe Auswahl an Geschmacksrichtungen & super g\u00fcnstig!\",\"breadcrumb\":{\"@id\":\"https:\/\/vapingnet.de\/vape\/geniessen-sie-die-langanhaltende-freude-und-den-intensiven-love-66-geschmack-der-bang-15000-puffs\/#breadcrumb\"},\"inLanguage\":\"fr-FR\",\"potentialAction\":[{\"@type\":\"ReadAction\",\"target\":[\"https:\/\/vapingnet.de\/vape\/geniessen-sie-die-langanhaltende-freude-und-den-intensiven-love-66-geschmack-der-bang-15000-puffs\/\"]}]},{\"@type\":\"ImageObject\",\"inLanguage\":\"fr-FR\",\"@id\":\"https:\/\/vapingnet.de\/vape\/geniessen-sie-die-langanhaltende-freude-und-den-intensiven-love-66-geschmack-der-bang-15000-puffs\/#primaryimage\",\"url\":\"https:\/\/vapingnet.de\/wp-content\/uploads\/2025\/03\/Love-66.png\",\"contentUrl\":\"https:\/\/vapingnet.de\/wp-content\/uploads\/2025\/03\/Love-66.png\",\"width\":900,\"height\":600,\"caption\":\"Love 66\"},{\"@type\":\"BreadcrumbList\",\"@id\":\"https:\/\/vapingnet.de\/vape\/geniessen-sie-die-langanhaltende-freude-und-den-intensiven-love-66-geschmack-der-bang-15000-puffs\/#breadcrumb\",\"itemListElement\":[{\"@type\":\"ListItem\",\"position\":1,\"name\":\"Home\",\"item\":\"https:\/\/vapingnet.de\/\"},{\"@type\":\"ListItem\",\"position\":2,\"name\":\"Shop\",\"item\":\"https:\/\/vapingnet.de\/vape\/\"},{\"@type\":\"ListItem\",\"position\":3,\"name\":\"Genie\u00dfen Sie die langanhaltende Freude und den intensiven Love 66 Geschmack der Bang 15000 Puffs\"}]},{\"@type\":\"WebSite\",\"@id\":\"https:\/\/vapingnet.de\/#website\",\"url\":\"https:\/\/vapingnet.de\/\",\"name\":\"Vapingnet.de\",\"description\":\"\",\"publisher\":{\"@id\":\"https:\/\/vapingnet.de\/#organization\"},\"potentialAction\":[{\"@type\":\"SearchAction\",\"target\":{\"@type\":\"EntryPoint\",\"urlTemplate\":\"https:\/\/vapingnet.de\/?s={search_term_string}\"},\"query-input\":{\"@type\":\"PropertyValueSpecification\",\"valueRequired\":true,\"valueName\":\"search_term_string\"}}],\"inLanguage\":\"fr-FR\"},{\"@type\":\"Organization\",\"@id\":\"https:\/\/vapingnet.de\/#organization\",\"name\":\"Vapingnet.de\",\"url\":\"https:\/\/vapingnet.de\/\",\"logo\":{\"@type\":\"ImageObject\",\"inLanguage\":\"fr-FR\",\"@id\":\"https:\/\/vapingnet.de\/#\/schema\/logo\/image\/\",\"url\":\"https:\/\/vapingnet.de\/wp-content\/uploads\/2025\/03\/cropped-vapingnet.de_.jpg\",\"contentUrl\":\"https:\/\/vapingnet.de\/wp-content\/uploads\/2025\/03\/cropped-vapingnet.de_.jpg\",\"width\":512,\"height\":512,\"caption\":\"Vapingnet.de\"},\"image\":{\"@id\":\"https:\/\/vapingnet.de\/#\/schema\/logo\/image\/\"},\"sameAs\":[\"https:\/\/www.facebook.com\/vapingnetde\/\"]}]}<\/script>\n<!-- \/ Yoast SEO plugin. -->","yoast_head_json":{"title":"Genie\u00dfen Sie die langanhaltende Freude und den intensiven Love 66 Geschmack der Bang 15000 Puffs | Vapingnet.de","description":"Entdecke Genie\u00dfen Sie die langanhaltende Freude und den intensiven Love 66 Geschmack der Bang 15000 Puffs bei vapingnet.de, \u25ba Gro\u00dfe Auswahl an Geschmacksrichtungen & super g\u00fcnstig!","robots":{"index":"index","follow":"follow","max-snippet":"max-snippet:-1","max-image-preview":"max-image-preview:large","max-video-preview":"max-video-preview:-1"},"canonical":"https:\/\/vapingnet.de\/fr\/vape\/geniessen-sie-die-langanhaltende-freude-und-den-intensiven-love-66-geschmack-der-bang-15000-puffs\/","og_locale":"fr_FR","og_type":"article","og_title":"Genie\u00dfen Sie die langanhaltende Freude und den intensiven Love 66 Geschmack der Bang 15000 Puffs | Vapingnet.de","og_description":"Entdecke Genie\u00dfen Sie die langanhaltende Freude und den intensiven Love 66 Geschmack der Bang 15000 Puffs bei vapingnet.de, \u25ba Gro\u00dfe Auswahl an Geschmacksrichtungen & super g\u00fcnstig!","og_url":"https:\/\/vapingnet.de\/fr\/vape\/geniessen-sie-die-langanhaltende-freude-und-den-intensiven-love-66-geschmack-der-bang-15000-puffs\/","og_site_name":"Vapingnet.de","article_publisher":"https:\/\/www.facebook.com\/vapingnetde\/","article_modified_time":"2025-06-19T03:41:33+00:00","og_image":[{"width":900,"height":600,"url":"https:\/\/vapingnet.de\/wp-content\/uploads\/2025\/03\/Love-66.png","type":"image\/png"}],"twitter_card":"summary_large_image","twitter_misc":{"Dur\u00e9e de lecture estim\u00e9e":"3 minutes"},"schema":{"@context":"https:\/\/schema.org","@graph":[{"@type":"WebPage","@id":"https:\/\/vapingnet.de\/vape\/geniessen-sie-die-langanhaltende-freude-und-den-intensiven-love-66-geschmack-der-bang-15000-puffs\/","url":"https:\/\/vapingnet.de\/vape\/geniessen-sie-die-langanhaltende-freude-und-den-intensiven-love-66-geschmack-der-bang-15000-puffs\/","name":"Genie\u00dfen Sie die langanhaltende Freude und den intensiven Love 66 Geschmack der Bang 15000 Puffs | Vapingnet.de","isPartOf":{"@id":"https:\/\/vapingnet.de\/#website"},"primaryImageOfPage":{"@id":"https:\/\/vapingnet.de\/vape\/geniessen-sie-die-langanhaltende-freude-und-den-intensiven-love-66-geschmack-der-bang-15000-puffs\/#primaryimage"},"image":{"@id":"https:\/\/vapingnet.de\/vape\/geniessen-sie-die-langanhaltende-freude-und-den-intensiven-love-66-geschmack-der-bang-15000-puffs\/#primaryimage"},"thumbnailUrl":"https:\/\/vapingnet.de\/wp-content\/uploads\/2025\/03\/Love-66.png","datePublished":"2025-03-12T09:24:31+00:00","dateModified":"2025-06-19T03:41:33+00:00","description":"Entdecke Genie\u00dfen Sie die langanhaltende Freude und den intensiven Love 66 Geschmack der Bang 15000 Puffs bei vapingnet.de, \u25ba Gro\u00dfe Auswahl an Geschmacksrichtungen & super g\u00fcnstig!","breadcrumb":{"@id":"https:\/\/vapingnet.de\/vape\/geniessen-sie-die-langanhaltende-freude-und-den-intensiven-love-66-geschmack-der-bang-15000-puffs\/#breadcrumb"},"inLanguage":"fr-FR","potentialAction":[{"@type":"ReadAction","target":["https:\/\/vapingnet.de\/vape\/geniessen-sie-die-langanhaltende-freude-und-den-intensiven-love-66-geschmack-der-bang-15000-puffs\/"]}]},{"@type":"ImageObject","inLanguage":"fr-FR","@id":"https:\/\/vapingnet.de\/vape\/geniessen-sie-die-langanhaltende-freude-und-den-intensiven-love-66-geschmack-der-bang-15000-puffs\/#primaryimage","url":"https:\/\/vapingnet.de\/wp-content\/uploads\/2025\/03\/Love-66.png","contentUrl":"https:\/\/vapingnet.de\/wp-content\/uploads\/2025\/03\/Love-66.png","width":900,"height":600,"caption":"Love 66"},{"@type":"BreadcrumbList","@id":"https:\/\/vapingnet.de\/vape\/geniessen-sie-die-langanhaltende-freude-und-den-intensiven-love-66-geschmack-der-bang-15000-puffs\/#breadcrumb","itemListElement":[{"@type":"ListItem","position":1,"name":"Home","item":"https:\/\/vapingnet.de\/"},{"@type":"ListItem","position":2,"name":"Shop","item":"https:\/\/vapingnet.de\/vape\/"},{"@type":"ListItem","position":3,"name":"Genie\u00dfen Sie die langanhaltende Freude und den intensiven Love 66 Geschmack der Bang 15000 Puffs"}]},{"@type":"WebSite","@id":"https:\/\/vapingnet.de\/#website","url":"https:\/\/vapingnet.de\/","name":"Vapingnet.de","description":"","publisher":{"@id":"https:\/\/vapingnet.de\/#organization"},"potentialAction":[{"@type":"SearchAction","target":{"@type":"EntryPoint","urlTemplate":"https:\/\/vapingnet.de\/?s={search_term_string}"},"query-input":{"@type":"PropertyValueSpecification","valueRequired":true,"valueName":"search_term_string"}}],"inLanguage":"fr-FR"},{"@type":"Organization","@id":"https:\/\/vapingnet.de\/#organization","name":"Vapingnet.de","url":"https:\/\/vapingnet.de\/","logo":{"@type":"ImageObject","inLanguage":"fr-FR","@id":"https:\/\/vapingnet.de\/#\/schema\/logo\/image\/","url":"https:\/\/vapingnet.de\/wp-content\/uploads\/2025\/03\/cropped-vapingnet.de_.jpg","contentUrl":"https:\/\/vapingnet.de\/wp-content\/uploads\/2025\/03\/cropped-vapingnet.de_.jpg","width":512,"height":512,"caption":"Vapingnet.de"},"image":{"@id":"https:\/\/vapingnet.de\/#\/schema\/logo\/image\/"},"sameAs":["https:\/\/www.facebook.com\/vapingnetde\/"]}]}},"tiered_pricing_type":"fixed","tiered_pricing_fixed_rules":{"10":"7.31","60":"6.58","110":"5.85","200":"5.12"},"tiered_pricing_product_settings":{"layout":"default","base_unit_name":{"singular":null,"plural":null},"default_variation":null},"tiered_pricing_minimum_quantity":null,"tiered_pricing_roles_data":[],"tiered_pricing_percentage_rules":[],"_links":{"self":[{"href":"https:\/\/vapingnet.de\/fr\/wp-json\/wp\/v2\/product\/5171","targetHints":{"allow":["GET"]}}],"collection":[{"href":"https:\/\/vapingnet.de\/fr\/wp-json\/wp\/v2\/product"}],"about":[{"href":"https:\/\/vapingnet.de\/fr\/wp-json\/wp\/v2\/types\/product"}],"version-history":[{"count":1,"href":"https:\/\/vapingnet.de\/fr\/wp-json\/wp\/v2\/product\/5171\/revisions"}],"predecessor-version":[{"id":5173,"href":"https:\/\/vapingnet.de\/fr\/wp-json\/wp\/v2\/product\/5171\/revisions\/5173"}],"wp:featuredmedia":[{"embeddable":true,"href":"https:\/\/vapingnet.de\/fr\/wp-json\/wp\/v2\/media\/5172"}],"wp:attachment":[{"href":"https:\/\/vapingnet.de\/fr\/wp-json\/wp\/v2\/media?parent=5171"}],"wp:term":[{"taxonomy":"brand","embeddable":true,"href":"https:\/\/vapingnet.de\/fr\/wp-json\/wp\/v2\/etheme_brands?post=5171"},{"taxonomy":"product_brand","embeddable":true,"href":"https:\/\/vapingnet.de\/fr\/wp-json\/wp\/v2\/product_brand?post=5171"},{"taxonomy":"product_cat","embeddable":true,"href":"https:\/\/vapingnet.de\/fr\/wp-json\/wp\/v2\/product_cat?post=5171"},{"taxonomy":"product_tag","embeddable":true,"href":"https:\/\/vapingnet.de\/fr\/wp-json\/wp\/v2\/product_tag?post=5171"}],"curies":[{"name":"wp","href":"https:\/\/api.w.org\/{rel}","templated":true}]}}