{"id":5183,"date":"2025-03-12T09:49:29","date_gmt":"2025-03-12T09:49:29","guid":{"rendered":"https:\/\/vapingnet.de\/?post_type=product&#038;p=5183"},"modified":"2025-06-19T03:41:32","modified_gmt":"2025-06-19T03:41:32","slug":"entzuecken-sie-ihren-gaumen-mit-den-bang15000-puffs-im-himmlischen-peach-berry-geschmack","status":"publish","type":"product","link":"https:\/\/vapingnet.de\/fr\/vape\/entzuecken-sie-ihren-gaumen-mit-den-bang15000-puffs-im-himmlischen-peach-berry-geschmack\/","title":{"rendered":"R\u00e9galez votre palais avec les Bang15000 Puff au go\u00fbt c\u00e9leste de P\u00eache Baie"},"content":{"rendered":"<h2 data-start=\"0\" data-end=\"117\">Bang15000 Bouff\u00e9es Rechargeable Jetable Pod \u2013 Profitez du go\u00fbt ultime et d'une exp\u00e9rience longue dur\u00e9e<\/h2>\n<p data-start=\"173\" data-end=\"652\">Le Bang15000 Bouff\u00e9es Rechargeable Jetable Pod vous offre une exp\u00e9rience in\u00e9gal\u00e9e avec une utilisation prolong\u00e9e. \u00c9quip\u00e9 d'une batterie rechargeable de 650mAh, chaque unit\u00e9 fournit jusqu'\u00e0<a href=\"https:\/\/vapingnet.de\/fr\/k\/vape-15000-zuege\/\" target=\"_blank\" rel=\"noopener\"><strong> 15000 bouff\u00e9es<\/strong><\/a>, ce qui signifie que vous pouvez en profiter longtemps sans avoir \u00e0 changer fr\u00e9quemment d'appareil. Que ce soit pour une utilisation quotidienne ou en voyage, cet appareil vous offre une compagnie durable, vous n'avez pas \u00e0 vous soucier de la batterie.<\/p>\n<p data-start=\"654\" data-end=\"901\">L'appareil utilise \u00e9galement le port Type-C, permettant une charge rapide. En quelques minutes seulement, l'appareil est \u00e0 nouveau compl\u00e8tement charg\u00e9, minimisant ainsi le temps d'attente pour que vous puissiez continuer \u00e0 tout moment et partout.<\/p>\n<p data-start=\"654\" data-end=\"901\"><img fetchpriority=\"high\" decoding=\"async\" class=\"size-full wp-image-6909 aligncenter\" src=\"https:\/\/vapingnet.de\/wp-content\/uploads\/2025\/03\/VAPE-1.jpg\" alt=\"\" width=\"1296\" height=\"1080\" srcset=\"https:\/\/vapingnet.de\/wp-content\/uploads\/2025\/03\/VAPE-1.jpg 1296w, https:\/\/vapingnet.de\/wp-content\/uploads\/2025\/03\/VAPE-1-300x250.jpg 300w, https:\/\/vapingnet.de\/wp-content\/uploads\/2025\/03\/VAPE-1-1024x853.jpg 1024w, https:\/\/vapingnet.de\/wp-content\/uploads\/2025\/03\/VAPE-1-768x640.jpg 768w, https:\/\/vapingnet.de\/wp-content\/uploads\/2025\/03\/VAPE-1-600x500.jpg 600w, https:\/\/vapingnet.de\/wp-content\/uploads\/2025\/03\/VAPE-1-1x1.jpg 1w, https:\/\/vapingnet.de\/wp-content\/uploads\/2025\/03\/VAPE-1-10x8.jpg 10w\" sizes=\"(max-width: 1296px) 100vw, 1296px\" \/><\/p>\n<h4 data-start=\"903\" data-end=\"978\">Go\u00fbt P\u00eache Framboise \u2013 Un m\u00e9lange parfait de fra\u00eecheur et de douceur<\/h4>\n<p data-start=\"980\" data-end=\"1486\">Le go\u00fbt est l'un des facteurs les plus importants lors du choix d'un produit de cigarette \u00e9lectronique. Le Bang15000 Bouff\u00e9es Rechargeable Jetable Pod offre un go\u00fbt unique de P\u00eache Framboise. Il combine la douce p\u00eache avec la fra\u00eecheur de la baie, offrant une exp\u00e9rience gustative excitante, sucr\u00e9e et rafra\u00eechissante \u00e0 chaque inhalation. Que vous soyez d\u00e9butant ou vapoteur exp\u00e9riment\u00e9, ce go\u00fbt ravira \u00e0 coup s\u00fbr vos papilles.<\/p>\n<h4 data-start=\"1488\" data-end=\"1545\">Choix flexible \u2013 Exp\u00e9rience de vapotage personnalis\u00e9e<\/h4>\n<p data-start=\"1547\" data-end=\"1939\">Pour r\u00e9pondre \u00e0 diff\u00e9rents besoins, le Bang15000 Bouff\u00e9es Rechargeable Jetable Pod propose quatre niveaux de nicotine : 0%, 2%, 3% et 5%. Vous pouvez ainsi choisir le taux de nicotine qui correspond le mieux \u00e0 vos pr\u00e9f\u00e9rences et besoins. Que vous recherchiez une exp\u00e9rience sans nicotine ou une nicotine plus forte \u2013 il y en a pour tous les go\u00fbts.<\/p>\n<p data-start=\"1941\" data-end=\"2116\">Pour les commandes en gros, nous proposons \u00e9galement la possibilit\u00e9 de commander du nicotine 0% et 3%, afin que vos commandes en grande quantit\u00e9 puissent \u00eatre satisfaites de mani\u00e8re flexible.<\/p>\n<h4 data-start=\"2118\" data-end=\"2151\">Design pratique \u00e0 usage unique<\/h4>\n<p data-start=\"2153\" data-end=\"2484\">Contrairement aux cigarettes \u00e9lectroniques traditionnelles avec pods interchangeables, le Bang15000 Bouff\u00e9es offre un <a href=\"https:\/\/vapingnet.de\/fr\/k\/einweg-e-zigarette\/\" target=\"_blank\" rel=\"noopener\"><strong>Design jetable<\/strong><\/a>, qui simplifie non seulement le nettoyage et l'entretien, mais rend \u00e9galement l'utilisation plus pratique dans l'ensemble. Il suffit de le recharger et de continuer. Lorsque l'appareil est \u00e9puis\u00e9, vous pouvez le jeter sans probl\u00e8me.<\/p>\n<p data-start=\"2486\" data-end=\"2660\">Gr\u00e2ce \u00e0 sa taille compacte, il est \u00e9galement facile \u00e0 transporter. Vous pouvez le ranger facilement dans votre poche ou votre sac \u00e0 dos et en profiter \u00e0 tout moment et partout.<\/p>\n<h4 data-start=\"2662\" data-end=\"2712\">Commande simple et livraison rapide<\/h4>\n<p data-start=\"2714\" data-end=\"3030\">Visitez d\u00e8s maintenant notre site vapingnet.fr pour commander facilement le Bang15000 Bouff\u00e9es Rechargeable Jetable Pod. Que ce soit pour un usage personnel ou des commandes en gros, nous vous proposons une livraison rapide et fiable pour recevoir votre produit dans les plus brefs d\u00e9lais.<\/p>\n<h3>Pourquoi choisir le Bang15000 Bouff\u00e9es Rechargeable Jetable Pod ?<\/h3>\n<p data-start=\"3115\" data-end=\"3550\" data-is-last-node=\"\" data-is-only-node=\"\">Le Bang15000 Bouff\u00e9es Rechargeable Jetable Pod offre non seulement une utilisation longue dur\u00e9e et une vari\u00e9t\u00e9 de go\u00fbts, mais aussi une charge rapide et un design pratique. Avec cet appareil, vivez une exp\u00e9rience de vapotage meilleure, plus confortable et plus durable. Visitez d\u00e8s aujourd'hui <a href=\"https:\/\/vapingnet.de\/fr\/\" target=\"_new\" rel=\"noopener\" data-start=\"3442\" data-end=\"3478\">vapingnet.de<\/a> et commencez votre voyage avec cette cigarette \u00e9lectronique exceptionnelle !<\/p>","protected":false},"excerpt":{"rendered":"<p>Bang15000 Puffs Rechargeable Disposable Pod \u2013 Genie\u00dfen Sie den ultimativen Geschmack und langanhaltendes Erlebnis Der Bang15000 Puffs Rechargeable Disposable Pod bietet Ihnen ein unvergleichliches Erlebnis&#8230;<\/p>","protected":false},"featured_media":5184,"template":"","meta":[],"etheme_brands":[],"product_brand":[101],"product_cat":[53,49,61],"product_tag":[],"class_list":{"0":"post-5183","1":"product","2":"type-product","3":"status-publish","4":"has-post-thumbnail","6":"product_brand-bang-king-vape","7":"product_cat-vape-15000-zuege","8":"product_cat-einweg-e-zigarette","9":"product_cat-f","11":"first","12":"instock","13":"shipping-taxable","14":"purchasable","15":"product-type-simple"},"yoast_head":"<!-- This site is optimized with the Yoast SEO plugin v26.5 - https:\/\/yoast.com\/wordpress\/plugins\/seo\/ -->\n<title>Entz\u00fccken Sie Ihren Gaumen mit den Bang15000 Puffs im himmlischen Peach Berry Geschmack | Vapingnet.de<\/title>\n<meta name=\"description\" content=\"Entdecke Entz\u00fccken Sie Ihren Gaumen mit den Bang15000 Puffs im himmlischen Peach Berry Geschmack bei vapingnet.de, \u25ba Gro\u00dfe Auswahl an Geschmacksrichtungen &amp; super g\u00fcnstig!\" \/>\n<meta name=\"robots\" content=\"index, follow, max-snippet:-1, max-image-preview:large, max-video-preview:-1\" \/>\n<link rel=\"canonical\" href=\"https:\/\/vapingnet.de\/fr\/vape\/entzuecken-sie-ihren-gaumen-mit-den-bang15000-puffs-im-himmlischen-peach-berry-geschmack\/\" \/>\n<meta property=\"og:locale\" content=\"fr_FR\" \/>\n<meta property=\"og:type\" content=\"article\" \/>\n<meta property=\"og:title\" content=\"Entz\u00fccken Sie Ihren Gaumen mit den Bang15000 Puffs im himmlischen Peach Berry Geschmack | Vapingnet.de\" \/>\n<meta property=\"og:description\" content=\"Entdecke Entz\u00fccken Sie Ihren Gaumen mit den Bang15000 Puffs im himmlischen Peach Berry Geschmack bei vapingnet.de, \u25ba Gro\u00dfe Auswahl an Geschmacksrichtungen &amp; super g\u00fcnstig!\" \/>\n<meta property=\"og:url\" content=\"https:\/\/vapingnet.de\/fr\/vape\/entzuecken-sie-ihren-gaumen-mit-den-bang15000-puffs-im-himmlischen-peach-berry-geschmack\/\" \/>\n<meta property=\"og:site_name\" content=\"Vapingnet.de\" \/>\n<meta property=\"article:publisher\" content=\"https:\/\/www.facebook.com\/vapingnetde\/\" \/>\n<meta property=\"article:modified_time\" content=\"2025-06-19T03:41:32+00:00\" \/>\n<meta property=\"og:image\" content=\"https:\/\/vapingnet.de\/wp-content\/uploads\/2025\/03\/Peach-Berry.png\" \/>\n\t<meta property=\"og:image:width\" content=\"900\" \/>\n\t<meta property=\"og:image:height\" content=\"600\" \/>\n\t<meta property=\"og:image:type\" content=\"image\/png\" \/>\n<meta name=\"twitter:card\" content=\"summary_large_image\" \/>\n<meta name=\"twitter:label1\" content=\"Dur\u00e9e de lecture estim\u00e9e\" \/>\n\t<meta name=\"twitter:data1\" content=\"3 minutes\" \/>\n<script type=\"application\/ld+json\" class=\"yoast-schema-graph\">{\"@context\":\"https:\/\/schema.org\",\"@graph\":[{\"@type\":\"WebPage\",\"@id\":\"https:\/\/vapingnet.de\/vape\/entzuecken-sie-ihren-gaumen-mit-den-bang15000-puffs-im-himmlischen-peach-berry-geschmack\/\",\"url\":\"https:\/\/vapingnet.de\/vape\/entzuecken-sie-ihren-gaumen-mit-den-bang15000-puffs-im-himmlischen-peach-berry-geschmack\/\",\"name\":\"Entz\u00fccken Sie Ihren Gaumen mit den Bang15000 Puffs im himmlischen Peach Berry Geschmack | Vapingnet.de\",\"isPartOf\":{\"@id\":\"https:\/\/vapingnet.de\/#website\"},\"primaryImageOfPage\":{\"@id\":\"https:\/\/vapingnet.de\/vape\/entzuecken-sie-ihren-gaumen-mit-den-bang15000-puffs-im-himmlischen-peach-berry-geschmack\/#primaryimage\"},\"image\":{\"@id\":\"https:\/\/vapingnet.de\/vape\/entzuecken-sie-ihren-gaumen-mit-den-bang15000-puffs-im-himmlischen-peach-berry-geschmack\/#primaryimage\"},\"thumbnailUrl\":\"https:\/\/vapingnet.de\/wp-content\/uploads\/2025\/03\/Peach-Berry.png\",\"datePublished\":\"2025-03-12T09:49:29+00:00\",\"dateModified\":\"2025-06-19T03:41:32+00:00\",\"description\":\"Entdecke Entz\u00fccken Sie Ihren Gaumen mit den Bang15000 Puffs im himmlischen Peach Berry Geschmack bei vapingnet.de, \u25ba Gro\u00dfe Auswahl an Geschmacksrichtungen & super g\u00fcnstig!\",\"breadcrumb\":{\"@id\":\"https:\/\/vapingnet.de\/vape\/entzuecken-sie-ihren-gaumen-mit-den-bang15000-puffs-im-himmlischen-peach-berry-geschmack\/#breadcrumb\"},\"inLanguage\":\"fr-FR\",\"potentialAction\":[{\"@type\":\"ReadAction\",\"target\":[\"https:\/\/vapingnet.de\/vape\/entzuecken-sie-ihren-gaumen-mit-den-bang15000-puffs-im-himmlischen-peach-berry-geschmack\/\"]}]},{\"@type\":\"ImageObject\",\"inLanguage\":\"fr-FR\",\"@id\":\"https:\/\/vapingnet.de\/vape\/entzuecken-sie-ihren-gaumen-mit-den-bang15000-puffs-im-himmlischen-peach-berry-geschmack\/#primaryimage\",\"url\":\"https:\/\/vapingnet.de\/wp-content\/uploads\/2025\/03\/Peach-Berry.png\",\"contentUrl\":\"https:\/\/vapingnet.de\/wp-content\/uploads\/2025\/03\/Peach-Berry.png\",\"width\":900,\"height\":600,\"caption\":\"Peach Berry\"},{\"@type\":\"BreadcrumbList\",\"@id\":\"https:\/\/vapingnet.de\/vape\/entzuecken-sie-ihren-gaumen-mit-den-bang15000-puffs-im-himmlischen-peach-berry-geschmack\/#breadcrumb\",\"itemListElement\":[{\"@type\":\"ListItem\",\"position\":1,\"name\":\"Home\",\"item\":\"https:\/\/vapingnet.de\/\"},{\"@type\":\"ListItem\",\"position\":2,\"name\":\"Shop\",\"item\":\"https:\/\/vapingnet.de\/vape\/\"},{\"@type\":\"ListItem\",\"position\":3,\"name\":\"Entz\u00fccken Sie Ihren Gaumen mit den Bang15000 Puffs im himmlischen Peach Berry Geschmack\"}]},{\"@type\":\"WebSite\",\"@id\":\"https:\/\/vapingnet.de\/#website\",\"url\":\"https:\/\/vapingnet.de\/\",\"name\":\"Vapingnet.de\",\"description\":\"\",\"publisher\":{\"@id\":\"https:\/\/vapingnet.de\/#organization\"},\"potentialAction\":[{\"@type\":\"SearchAction\",\"target\":{\"@type\":\"EntryPoint\",\"urlTemplate\":\"https:\/\/vapingnet.de\/?s={search_term_string}\"},\"query-input\":{\"@type\":\"PropertyValueSpecification\",\"valueRequired\":true,\"valueName\":\"search_term_string\"}}],\"inLanguage\":\"fr-FR\"},{\"@type\":\"Organization\",\"@id\":\"https:\/\/vapingnet.de\/#organization\",\"name\":\"Vapingnet.de\",\"url\":\"https:\/\/vapingnet.de\/\",\"logo\":{\"@type\":\"ImageObject\",\"inLanguage\":\"fr-FR\",\"@id\":\"https:\/\/vapingnet.de\/#\/schema\/logo\/image\/\",\"url\":\"https:\/\/vapingnet.de\/wp-content\/uploads\/2025\/03\/cropped-vapingnet.de_.jpg\",\"contentUrl\":\"https:\/\/vapingnet.de\/wp-content\/uploads\/2025\/03\/cropped-vapingnet.de_.jpg\",\"width\":512,\"height\":512,\"caption\":\"Vapingnet.de\"},\"image\":{\"@id\":\"https:\/\/vapingnet.de\/#\/schema\/logo\/image\/\"},\"sameAs\":[\"https:\/\/www.facebook.com\/vapingnetde\/\"]}]}<\/script>\n<!-- \/ Yoast SEO plugin. -->","yoast_head_json":{"title":"Entz\u00fccken Sie Ihren Gaumen mit den Bang15000 Puffs im himmlischen Peach Berry Geschmack | Vapingnet.de","description":"Entdecke Entz\u00fccken Sie Ihren Gaumen mit den Bang15000 Puffs im himmlischen Peach Berry Geschmack bei vapingnet.de, \u25ba Gro\u00dfe Auswahl an Geschmacksrichtungen & super g\u00fcnstig!","robots":{"index":"index","follow":"follow","max-snippet":"max-snippet:-1","max-image-preview":"max-image-preview:large","max-video-preview":"max-video-preview:-1"},"canonical":"https:\/\/vapingnet.de\/fr\/vape\/entzuecken-sie-ihren-gaumen-mit-den-bang15000-puffs-im-himmlischen-peach-berry-geschmack\/","og_locale":"fr_FR","og_type":"article","og_title":"Entz\u00fccken Sie Ihren Gaumen mit den Bang15000 Puffs im himmlischen Peach Berry Geschmack | Vapingnet.de","og_description":"Entdecke Entz\u00fccken Sie Ihren Gaumen mit den Bang15000 Puffs im himmlischen Peach Berry Geschmack bei vapingnet.de, \u25ba Gro\u00dfe Auswahl an Geschmacksrichtungen & super g\u00fcnstig!","og_url":"https:\/\/vapingnet.de\/fr\/vape\/entzuecken-sie-ihren-gaumen-mit-den-bang15000-puffs-im-himmlischen-peach-berry-geschmack\/","og_site_name":"Vapingnet.de","article_publisher":"https:\/\/www.facebook.com\/vapingnetde\/","article_modified_time":"2025-06-19T03:41:32+00:00","og_image":[{"width":900,"height":600,"url":"https:\/\/vapingnet.de\/wp-content\/uploads\/2025\/03\/Peach-Berry.png","type":"image\/png"}],"twitter_card":"summary_large_image","twitter_misc":{"Dur\u00e9e de lecture estim\u00e9e":"3 minutes"},"schema":{"@context":"https:\/\/schema.org","@graph":[{"@type":"WebPage","@id":"https:\/\/vapingnet.de\/vape\/entzuecken-sie-ihren-gaumen-mit-den-bang15000-puffs-im-himmlischen-peach-berry-geschmack\/","url":"https:\/\/vapingnet.de\/vape\/entzuecken-sie-ihren-gaumen-mit-den-bang15000-puffs-im-himmlischen-peach-berry-geschmack\/","name":"Entz\u00fccken Sie Ihren Gaumen mit den Bang15000 Puffs im himmlischen Peach Berry Geschmack | Vapingnet.de","isPartOf":{"@id":"https:\/\/vapingnet.de\/#website"},"primaryImageOfPage":{"@id":"https:\/\/vapingnet.de\/vape\/entzuecken-sie-ihren-gaumen-mit-den-bang15000-puffs-im-himmlischen-peach-berry-geschmack\/#primaryimage"},"image":{"@id":"https:\/\/vapingnet.de\/vape\/entzuecken-sie-ihren-gaumen-mit-den-bang15000-puffs-im-himmlischen-peach-berry-geschmack\/#primaryimage"},"thumbnailUrl":"https:\/\/vapingnet.de\/wp-content\/uploads\/2025\/03\/Peach-Berry.png","datePublished":"2025-03-12T09:49:29+00:00","dateModified":"2025-06-19T03:41:32+00:00","description":"Entdecke Entz\u00fccken Sie Ihren Gaumen mit den Bang15000 Puffs im himmlischen Peach Berry Geschmack bei vapingnet.de, \u25ba Gro\u00dfe Auswahl an Geschmacksrichtungen & super g\u00fcnstig!","breadcrumb":{"@id":"https:\/\/vapingnet.de\/vape\/entzuecken-sie-ihren-gaumen-mit-den-bang15000-puffs-im-himmlischen-peach-berry-geschmack\/#breadcrumb"},"inLanguage":"fr-FR","potentialAction":[{"@type":"ReadAction","target":["https:\/\/vapingnet.de\/vape\/entzuecken-sie-ihren-gaumen-mit-den-bang15000-puffs-im-himmlischen-peach-berry-geschmack\/"]}]},{"@type":"ImageObject","inLanguage":"fr-FR","@id":"https:\/\/vapingnet.de\/vape\/entzuecken-sie-ihren-gaumen-mit-den-bang15000-puffs-im-himmlischen-peach-berry-geschmack\/#primaryimage","url":"https:\/\/vapingnet.de\/wp-content\/uploads\/2025\/03\/Peach-Berry.png","contentUrl":"https:\/\/vapingnet.de\/wp-content\/uploads\/2025\/03\/Peach-Berry.png","width":900,"height":600,"caption":"Peach Berry"},{"@type":"BreadcrumbList","@id":"https:\/\/vapingnet.de\/vape\/entzuecken-sie-ihren-gaumen-mit-den-bang15000-puffs-im-himmlischen-peach-berry-geschmack\/#breadcrumb","itemListElement":[{"@type":"ListItem","position":1,"name":"Home","item":"https:\/\/vapingnet.de\/"},{"@type":"ListItem","position":2,"name":"Shop","item":"https:\/\/vapingnet.de\/vape\/"},{"@type":"ListItem","position":3,"name":"Entz\u00fccken Sie Ihren Gaumen mit den Bang15000 Puffs im himmlischen Peach Berry Geschmack"}]},{"@type":"WebSite","@id":"https:\/\/vapingnet.de\/#website","url":"https:\/\/vapingnet.de\/","name":"Vapingnet.de","description":"","publisher":{"@id":"https:\/\/vapingnet.de\/#organization"},"potentialAction":[{"@type":"SearchAction","target":{"@type":"EntryPoint","urlTemplate":"https:\/\/vapingnet.de\/?s={search_term_string}"},"query-input":{"@type":"PropertyValueSpecification","valueRequired":true,"valueName":"search_term_string"}}],"inLanguage":"fr-FR"},{"@type":"Organization","@id":"https:\/\/vapingnet.de\/#organization","name":"Vapingnet.de","url":"https:\/\/vapingnet.de\/","logo":{"@type":"ImageObject","inLanguage":"fr-FR","@id":"https:\/\/vapingnet.de\/#\/schema\/logo\/image\/","url":"https:\/\/vapingnet.de\/wp-content\/uploads\/2025\/03\/cropped-vapingnet.de_.jpg","contentUrl":"https:\/\/vapingnet.de\/wp-content\/uploads\/2025\/03\/cropped-vapingnet.de_.jpg","width":512,"height":512,"caption":"Vapingnet.de"},"image":{"@id":"https:\/\/vapingnet.de\/#\/schema\/logo\/image\/"},"sameAs":["https:\/\/www.facebook.com\/vapingnetde\/"]}]}},"tiered_pricing_type":"fixed","tiered_pricing_fixed_rules":{"10":"7.31","60":"6.58","110":"5.85","200":"5.12"},"tiered_pricing_product_settings":{"layout":"default","base_unit_name":{"singular":null,"plural":null},"default_variation":null},"tiered_pricing_minimum_quantity":null,"tiered_pricing_roles_data":[],"tiered_pricing_percentage_rules":[],"_links":{"self":[{"href":"https:\/\/vapingnet.de\/fr\/wp-json\/wp\/v2\/product\/5183","targetHints":{"allow":["GET"]}}],"collection":[{"href":"https:\/\/vapingnet.de\/fr\/wp-json\/wp\/v2\/product"}],"about":[{"href":"https:\/\/vapingnet.de\/fr\/wp-json\/wp\/v2\/types\/product"}],"version-history":[{"count":3,"href":"https:\/\/vapingnet.de\/fr\/wp-json\/wp\/v2\/product\/5183\/revisions"}],"predecessor-version":[{"id":6917,"href":"https:\/\/vapingnet.de\/fr\/wp-json\/wp\/v2\/product\/5183\/revisions\/6917"}],"wp:featuredmedia":[{"embeddable":true,"href":"https:\/\/vapingnet.de\/fr\/wp-json\/wp\/v2\/media\/5184"}],"wp:attachment":[{"href":"https:\/\/vapingnet.de\/fr\/wp-json\/wp\/v2\/media?parent=5183"}],"wp:term":[{"taxonomy":"brand","embeddable":true,"href":"https:\/\/vapingnet.de\/fr\/wp-json\/wp\/v2\/etheme_brands?post=5183"},{"taxonomy":"product_brand","embeddable":true,"href":"https:\/\/vapingnet.de\/fr\/wp-json\/wp\/v2\/product_brand?post=5183"},{"taxonomy":"product_cat","embeddable":true,"href":"https:\/\/vapingnet.de\/fr\/wp-json\/wp\/v2\/product_cat?post=5183"},{"taxonomy":"product_tag","embeddable":true,"href":"https:\/\/vapingnet.de\/fr\/wp-json\/wp\/v2\/product_tag?post=5183"}],"curies":[{"name":"wp","href":"https:\/\/api.w.org\/{rel}","templated":true}]}}