{"id":5189,"date":"2025-03-13T02:30:52","date_gmt":"2025-03-13T02:30:52","guid":{"rendered":"https:\/\/vapingnet.de\/?post_type=product&#038;p=5189"},"modified":"2025-06-19T03:41:31","modified_gmt":"2025-06-19T03:41:31","slug":"bang15000-puffs-peach-mango-sale-nicht-verpassen","status":"publish","type":"product","link":"https:\/\/vapingnet.de\/fr\/vape\/bang15000-puffs-peach-mango-sale-nicht-verpassen\/","title":{"rendered":"Bang15000 Puff P\u00eache Mangue Promotion \u00e0 ne pas manquer"},"content":{"rendered":"<h2 data-pm-slice=\"1 1 []\">Bang 15000 Bouff\u00e9es : L'exp\u00e9rience ultime de cigarette \u00e9lectronique jetable !<\/h2>\n<p>Dans le monde des cigarettes \u00e9lectroniques, il existe toujours des mod\u00e8les qui cr\u00e9ent des tendances et d\u00e9finissent de nouvelles normes. Aujourd'hui, nous vous pr\u00e9sentons le Bang 15000 Bouff\u00e9es Rechargeable Jetable \u2013 une combinaison r\u00e9volutionnaire d'une durabilit\u00e9 exceptionnelle, d'une saveur de premier ordre et d'une recharge pratique !<\/p>\n<ul>\n<li>15000 bouff\u00e9es \u2013 une nouvelle dimension d'endurance !<br \/>\nAlors que la plupart des cigarettes \u00e9lectroniques jetables offrent entre 6000 et 10000 bouff\u00e9es, le Bang 15000 \u00e9tablit de nouvelles normes avec<a href=\"https:\/\/vapingnet.de\/fr\/k\/vape-15000-zuege\/\" target=\"_blank\" rel=\"noopener\"><strong> 15000 bouff\u00e9es<\/strong><\/a>. Dites adieu aux achats constants \u2013 un Bang 15000 dure incroyablement longtemps !<\/li>\n<li>Batterie rechargeable de 650mAh \u2013 pour encore plus de plaisir<br \/>\nPour que vous puissiez vraiment profiter des 15000 bouff\u00e9es, le Bang 15000 est \u00e9quip\u00e9 d'une batterie de 650mAh, facilement rechargeable via une charge rapide Type-C. Aucun liquide de vapeur n'est gaspill\u00e9 \u2013 efficacit\u00e9 maximale pour un plaisir de vapeur maximal !<\/li>\n<li>R\u00e9sistance Dul Mesh 1,1\u03a9 \u2013 saveur plus intense \u00e0 chaque bouff\u00e9e<br \/>\nUne exp\u00e9rience de vapotage in\u00e9gal\u00e9e ne d\u00e9pend pas seulement de la puissance de la batterie, mais aussi de la qualit\u00e9 de l'atomiseur. La double r\u00e9sistance Dul Mesh (1,1\u03a9) assure une vaporisation douce, riche en saveur et uniforme, mettant en valeur chaque ar\u00f4me de mani\u00e8re optimale.<\/li>\n<li>Capacit\u00e9 de liquide de 23mL \u2013 quatre niveaux de nicotine au choix<br \/>\nLe Bang 15000 offre une \u00e9norme capacit\u00e9 de liquide de 23mL, garantissant une utilisation prolong\u00e9e. Choisissez entre 0,%, 2,%, 3,% ou 5,% de nicotine \u2013 avec 0,% et 3,% disponibles uniquement pour les commandes en gros. Parfait pour les clients individuels ayant des besoins plus \u00e9lev\u00e9s ou pour les revendeurs.<\/li>\n<li>P\u00eache Mangue \u2013 un plaisir fruit\u00e9 tropical<br \/>\nActuellement, le Bang 15000 est disponible en version P\u00eache Mangue. La douce, juteuse p\u00eache rencontre l'acidit\u00e9 rafra\u00eechissante de la mangue tropicale \u2013 pour une exp\u00e9rience de vapotage fruit\u00e9e qui \u00e9voque l'\u00e9t\u00e9 en bouche !<\/li>\n<\/ul>\n<h3><img fetchpriority=\"high\" decoding=\"async\" class=\"size-full wp-image-6911 aligncenter\" src=\"https:\/\/vapingnet.de\/wp-content\/uploads\/2025\/03\/2-scaled.jpg\" alt=\"\" width=\"2560\" height=\"1438\" srcset=\"https:\/\/vapingnet.de\/wp-content\/uploads\/2025\/03\/2-scaled.jpg 2560w, https:\/\/vapingnet.de\/wp-content\/uploads\/2025\/03\/2-300x169.jpg 300w, https:\/\/vapingnet.de\/wp-content\/uploads\/2025\/03\/2-1024x575.jpg 1024w, https:\/\/vapingnet.de\/wp-content\/uploads\/2025\/03\/2-768x431.jpg 768w, https:\/\/vapingnet.de\/wp-content\/uploads\/2025\/03\/2-1536x863.jpg 1536w, https:\/\/vapingnet.de\/wp-content\/uploads\/2025\/03\/2-2048x1150.jpg 2048w, https:\/\/vapingnet.de\/wp-content\/uploads\/2025\/03\/2-600x337.jpg 600w, https:\/\/vapingnet.de\/wp-content\/uploads\/2025\/03\/2-1x1.jpg 1w, https:\/\/vapingnet.de\/wp-content\/uploads\/2025\/03\/2-10x6.jpg 10w\" sizes=\"(max-width: 2560px) 100vw, 2560px\" \/><\/h3>\n<h3>Pourquoi choisir Bang 15000 ?<\/h3>\n<p>\u2705 15000 bouff\u00e9es \u2013 durabilit\u00e9 extr\u00eame<br \/>\n\u2705 Batterie rechargeable de 650mAh \u2013 pour un plaisir ininterrompu<br \/>\n\u2705 Double bobine Dul Mesh \u2013 pour une saveur intense<br \/>\n\u2705 Capacit\u00e9 de liquide de 23mL \u2013 pour une utilisation prolong\u00e9e<br \/>\n\u2705 Quatre niveaux de nicotine \u2013 adapt\u00e9s \u00e0 toutes les pr\u00e9f\u00e9rences<\/p>\n<p>Visitez maintenant <a href=\"https:\/\/vapingnet.de\/fr\/\">Vapingnet.de<\/a> et assurez-vous d'obtenir le Bang 15000 Bouff\u00e9es \u2013 pour une exp\u00e9rience de vapotage longue, intense et in\u00e9gal\u00e9e ! Acc\u00e9dez rapidement avant qu'il ne soit \u00e9puis\u00e9 !<\/p>","protected":false},"excerpt":{"rendered":"<p>Bang 15000 Puffs : L'exp\u00e9rience ultime de la cigarette \u00e9lectronique jetable ! Dans le monde des cigarettes \u00e9lectroniques, il existe toujours des mod\u00e8les qui lancent des tendances et d\u00e9finissent de nouveaux standards. Aujourd'hui, nous souhaitons...<\/p>","protected":false},"featured_media":5190,"template":"","meta":[],"etheme_brands":[],"product_brand":[101],"product_cat":[53,49,61],"product_tag":[],"class_list":{"0":"post-5189","1":"product","2":"type-product","3":"status-publish","4":"has-post-thumbnail","6":"product_brand-bang-king-vape","7":"product_cat-vape-15000-zuege","8":"product_cat-einweg-e-zigarette","9":"product_cat-f","11":"first","12":"instock","13":"shipping-taxable","14":"purchasable","15":"product-type-simple"},"yoast_head":"<!-- This site is optimized with the Yoast SEO plugin v26.5 - https:\/\/yoast.com\/wordpress\/plugins\/seo\/ -->\n<title>Bang15000 Puffs Peach Mango Sale nicht verpassen | Vapingnet.de<\/title>\n<meta name=\"description\" content=\"Entdecke Bang15000 Puffs Peach Mango Sale nicht verpassen bei vapingnet.de, \u25ba Gro\u00dfe Auswahl an Geschmacksrichtungen &amp; super g\u00fcnstig!\" \/>\n<meta name=\"robots\" content=\"index, follow, max-snippet:-1, max-image-preview:large, max-video-preview:-1\" \/>\n<link rel=\"canonical\" href=\"https:\/\/vapingnet.de\/fr\/vape\/bang15000-puffs-peach-mango-sale-nicht-verpassen\/\" \/>\n<meta property=\"og:locale\" content=\"fr_FR\" \/>\n<meta property=\"og:type\" content=\"article\" \/>\n<meta property=\"og:title\" content=\"Bang15000 Puffs Peach Mango Sale nicht verpassen | Vapingnet.de\" \/>\n<meta property=\"og:description\" content=\"Entdecke Bang15000 Puffs Peach Mango Sale nicht verpassen bei vapingnet.de, \u25ba Gro\u00dfe Auswahl an Geschmacksrichtungen &amp; super g\u00fcnstig!\" \/>\n<meta property=\"og:url\" content=\"https:\/\/vapingnet.de\/fr\/vape\/bang15000-puffs-peach-mango-sale-nicht-verpassen\/\" \/>\n<meta property=\"og:site_name\" content=\"Vapingnet.de\" \/>\n<meta property=\"article:publisher\" content=\"https:\/\/www.facebook.com\/vapingnetde\/\" \/>\n<meta property=\"article:modified_time\" content=\"2025-06-19T03:41:31+00:00\" \/>\n<meta property=\"og:image\" content=\"https:\/\/vapingnet.de\/wp-content\/uploads\/2025\/03\/Peach-Mango-1.png\" \/>\n\t<meta property=\"og:image:width\" content=\"900\" \/>\n\t<meta property=\"og:image:height\" content=\"600\" \/>\n\t<meta property=\"og:image:type\" content=\"image\/png\" \/>\n<meta name=\"twitter:card\" content=\"summary_large_image\" \/>\n<meta name=\"twitter:label1\" content=\"Dur\u00e9e de lecture estim\u00e9e\" \/>\n\t<meta name=\"twitter:data1\" content=\"3 minutes\" \/>\n<script type=\"application\/ld+json\" class=\"yoast-schema-graph\">{\"@context\":\"https:\/\/schema.org\",\"@graph\":[{\"@type\":\"WebPage\",\"@id\":\"https:\/\/vapingnet.de\/vape\/bang15000-puffs-peach-mango-sale-nicht-verpassen\/\",\"url\":\"https:\/\/vapingnet.de\/vape\/bang15000-puffs-peach-mango-sale-nicht-verpassen\/\",\"name\":\"Bang15000 Puffs Peach Mango Sale nicht verpassen | Vapingnet.de\",\"isPartOf\":{\"@id\":\"https:\/\/vapingnet.de\/#website\"},\"primaryImageOfPage\":{\"@id\":\"https:\/\/vapingnet.de\/vape\/bang15000-puffs-peach-mango-sale-nicht-verpassen\/#primaryimage\"},\"image\":{\"@id\":\"https:\/\/vapingnet.de\/vape\/bang15000-puffs-peach-mango-sale-nicht-verpassen\/#primaryimage\"},\"thumbnailUrl\":\"https:\/\/vapingnet.de\/wp-content\/uploads\/2025\/03\/Peach-Mango-1.png\",\"datePublished\":\"2025-03-13T02:30:52+00:00\",\"dateModified\":\"2025-06-19T03:41:31+00:00\",\"description\":\"Entdecke Bang15000 Puffs Peach Mango Sale nicht verpassen bei vapingnet.de, \u25ba Gro\u00dfe Auswahl an Geschmacksrichtungen & super g\u00fcnstig!\",\"breadcrumb\":{\"@id\":\"https:\/\/vapingnet.de\/vape\/bang15000-puffs-peach-mango-sale-nicht-verpassen\/#breadcrumb\"},\"inLanguage\":\"fr-FR\",\"potentialAction\":[{\"@type\":\"ReadAction\",\"target\":[\"https:\/\/vapingnet.de\/vape\/bang15000-puffs-peach-mango-sale-nicht-verpassen\/\"]}]},{\"@type\":\"ImageObject\",\"inLanguage\":\"fr-FR\",\"@id\":\"https:\/\/vapingnet.de\/vape\/bang15000-puffs-peach-mango-sale-nicht-verpassen\/#primaryimage\",\"url\":\"https:\/\/vapingnet.de\/wp-content\/uploads\/2025\/03\/Peach-Mango-1.png\",\"contentUrl\":\"https:\/\/vapingnet.de\/wp-content\/uploads\/2025\/03\/Peach-Mango-1.png\",\"width\":900,\"height\":600,\"caption\":\"Peach Mango\"},{\"@type\":\"BreadcrumbList\",\"@id\":\"https:\/\/vapingnet.de\/vape\/bang15000-puffs-peach-mango-sale-nicht-verpassen\/#breadcrumb\",\"itemListElement\":[{\"@type\":\"ListItem\",\"position\":1,\"name\":\"Home\",\"item\":\"https:\/\/vapingnet.de\/\"},{\"@type\":\"ListItem\",\"position\":2,\"name\":\"Shop\",\"item\":\"https:\/\/vapingnet.de\/vape\/\"},{\"@type\":\"ListItem\",\"position\":3,\"name\":\"Bang15000 Puffs Peach Mango Sale nicht verpassen\"}]},{\"@type\":\"WebSite\",\"@id\":\"https:\/\/vapingnet.de\/#website\",\"url\":\"https:\/\/vapingnet.de\/\",\"name\":\"Vapingnet.de\",\"description\":\"\",\"publisher\":{\"@id\":\"https:\/\/vapingnet.de\/#organization\"},\"potentialAction\":[{\"@type\":\"SearchAction\",\"target\":{\"@type\":\"EntryPoint\",\"urlTemplate\":\"https:\/\/vapingnet.de\/?s={search_term_string}\"},\"query-input\":{\"@type\":\"PropertyValueSpecification\",\"valueRequired\":true,\"valueName\":\"search_term_string\"}}],\"inLanguage\":\"fr-FR\"},{\"@type\":\"Organization\",\"@id\":\"https:\/\/vapingnet.de\/#organization\",\"name\":\"Vapingnet.de\",\"url\":\"https:\/\/vapingnet.de\/\",\"logo\":{\"@type\":\"ImageObject\",\"inLanguage\":\"fr-FR\",\"@id\":\"https:\/\/vapingnet.de\/#\/schema\/logo\/image\/\",\"url\":\"https:\/\/vapingnet.de\/wp-content\/uploads\/2025\/03\/cropped-vapingnet.de_.jpg\",\"contentUrl\":\"https:\/\/vapingnet.de\/wp-content\/uploads\/2025\/03\/cropped-vapingnet.de_.jpg\",\"width\":512,\"height\":512,\"caption\":\"Vapingnet.de\"},\"image\":{\"@id\":\"https:\/\/vapingnet.de\/#\/schema\/logo\/image\/\"},\"sameAs\":[\"https:\/\/www.facebook.com\/vapingnetde\/\"]}]}<\/script>\n<!-- \/ Yoast SEO plugin. -->","yoast_head_json":{"title":"Bang15000 Puffs Peach Mango Sale nicht verpassen | Vapingnet.de","description":"Entdecke Bang15000 Puffs Peach Mango Sale nicht verpassen bei vapingnet.de, \u25ba Gro\u00dfe Auswahl an Geschmacksrichtungen & super g\u00fcnstig!","robots":{"index":"index","follow":"follow","max-snippet":"max-snippet:-1","max-image-preview":"max-image-preview:large","max-video-preview":"max-video-preview:-1"},"canonical":"https:\/\/vapingnet.de\/fr\/vape\/bang15000-puffs-peach-mango-sale-nicht-verpassen\/","og_locale":"fr_FR","og_type":"article","og_title":"Bang15000 Puffs Peach Mango Sale nicht verpassen | Vapingnet.de","og_description":"Entdecke Bang15000 Puffs Peach Mango Sale nicht verpassen bei vapingnet.de, \u25ba Gro\u00dfe Auswahl an Geschmacksrichtungen & super g\u00fcnstig!","og_url":"https:\/\/vapingnet.de\/fr\/vape\/bang15000-puffs-peach-mango-sale-nicht-verpassen\/","og_site_name":"Vapingnet.de","article_publisher":"https:\/\/www.facebook.com\/vapingnetde\/","article_modified_time":"2025-06-19T03:41:31+00:00","og_image":[{"width":900,"height":600,"url":"https:\/\/vapingnet.de\/wp-content\/uploads\/2025\/03\/Peach-Mango-1.png","type":"image\/png"}],"twitter_card":"summary_large_image","twitter_misc":{"Dur\u00e9e de lecture estim\u00e9e":"3 minutes"},"schema":{"@context":"https:\/\/schema.org","@graph":[{"@type":"WebPage","@id":"https:\/\/vapingnet.de\/vape\/bang15000-puffs-peach-mango-sale-nicht-verpassen\/","url":"https:\/\/vapingnet.de\/vape\/bang15000-puffs-peach-mango-sale-nicht-verpassen\/","name":"Bang15000 Puffs Peach Mango Sale nicht verpassen | Vapingnet.de","isPartOf":{"@id":"https:\/\/vapingnet.de\/#website"},"primaryImageOfPage":{"@id":"https:\/\/vapingnet.de\/vape\/bang15000-puffs-peach-mango-sale-nicht-verpassen\/#primaryimage"},"image":{"@id":"https:\/\/vapingnet.de\/vape\/bang15000-puffs-peach-mango-sale-nicht-verpassen\/#primaryimage"},"thumbnailUrl":"https:\/\/vapingnet.de\/wp-content\/uploads\/2025\/03\/Peach-Mango-1.png","datePublished":"2025-03-13T02:30:52+00:00","dateModified":"2025-06-19T03:41:31+00:00","description":"Entdecke Bang15000 Puffs Peach Mango Sale nicht verpassen bei vapingnet.de, \u25ba Gro\u00dfe Auswahl an Geschmacksrichtungen & super g\u00fcnstig!","breadcrumb":{"@id":"https:\/\/vapingnet.de\/vape\/bang15000-puffs-peach-mango-sale-nicht-verpassen\/#breadcrumb"},"inLanguage":"fr-FR","potentialAction":[{"@type":"ReadAction","target":["https:\/\/vapingnet.de\/vape\/bang15000-puffs-peach-mango-sale-nicht-verpassen\/"]}]},{"@type":"ImageObject","inLanguage":"fr-FR","@id":"https:\/\/vapingnet.de\/vape\/bang15000-puffs-peach-mango-sale-nicht-verpassen\/#primaryimage","url":"https:\/\/vapingnet.de\/wp-content\/uploads\/2025\/03\/Peach-Mango-1.png","contentUrl":"https:\/\/vapingnet.de\/wp-content\/uploads\/2025\/03\/Peach-Mango-1.png","width":900,"height":600,"caption":"Peach Mango"},{"@type":"BreadcrumbList","@id":"https:\/\/vapingnet.de\/vape\/bang15000-puffs-peach-mango-sale-nicht-verpassen\/#breadcrumb","itemListElement":[{"@type":"ListItem","position":1,"name":"Home","item":"https:\/\/vapingnet.de\/"},{"@type":"ListItem","position":2,"name":"Shop","item":"https:\/\/vapingnet.de\/vape\/"},{"@type":"ListItem","position":3,"name":"Bang15000 Puffs Peach Mango Sale nicht verpassen"}]},{"@type":"WebSite","@id":"https:\/\/vapingnet.de\/#website","url":"https:\/\/vapingnet.de\/","name":"Vapingnet.de","description":"","publisher":{"@id":"https:\/\/vapingnet.de\/#organization"},"potentialAction":[{"@type":"SearchAction","target":{"@type":"EntryPoint","urlTemplate":"https:\/\/vapingnet.de\/?s={search_term_string}"},"query-input":{"@type":"PropertyValueSpecification","valueRequired":true,"valueName":"search_term_string"}}],"inLanguage":"fr-FR"},{"@type":"Organization","@id":"https:\/\/vapingnet.de\/#organization","name":"Vapingnet.de","url":"https:\/\/vapingnet.de\/","logo":{"@type":"ImageObject","inLanguage":"fr-FR","@id":"https:\/\/vapingnet.de\/#\/schema\/logo\/image\/","url":"https:\/\/vapingnet.de\/wp-content\/uploads\/2025\/03\/cropped-vapingnet.de_.jpg","contentUrl":"https:\/\/vapingnet.de\/wp-content\/uploads\/2025\/03\/cropped-vapingnet.de_.jpg","width":512,"height":512,"caption":"Vapingnet.de"},"image":{"@id":"https:\/\/vapingnet.de\/#\/schema\/logo\/image\/"},"sameAs":["https:\/\/www.facebook.com\/vapingnetde\/"]}]}},"tiered_pricing_type":"fixed","tiered_pricing_fixed_rules":{"10":"7.31","60":"6.58","110":"5.85","200":"5.12"},"tiered_pricing_product_settings":{"layout":"default","base_unit_name":{"singular":null,"plural":null},"default_variation":null},"tiered_pricing_minimum_quantity":null,"tiered_pricing_roles_data":[],"tiered_pricing_percentage_rules":[],"_links":{"self":[{"href":"https:\/\/vapingnet.de\/fr\/wp-json\/wp\/v2\/product\/5189","targetHints":{"allow":["GET"]}}],"collection":[{"href":"https:\/\/vapingnet.de\/fr\/wp-json\/wp\/v2\/product"}],"about":[{"href":"https:\/\/vapingnet.de\/fr\/wp-json\/wp\/v2\/types\/product"}],"version-history":[{"count":3,"href":"https:\/\/vapingnet.de\/fr\/wp-json\/wp\/v2\/product\/5189\/revisions"}],"predecessor-version":[{"id":6915,"href":"https:\/\/vapingnet.de\/fr\/wp-json\/wp\/v2\/product\/5189\/revisions\/6915"}],"wp:featuredmedia":[{"embeddable":true,"href":"https:\/\/vapingnet.de\/fr\/wp-json\/wp\/v2\/media\/5190"}],"wp:attachment":[{"href":"https:\/\/vapingnet.de\/fr\/wp-json\/wp\/v2\/media?parent=5189"}],"wp:term":[{"taxonomy":"brand","embeddable":true,"href":"https:\/\/vapingnet.de\/fr\/wp-json\/wp\/v2\/etheme_brands?post=5189"},{"taxonomy":"product_brand","embeddable":true,"href":"https:\/\/vapingnet.de\/fr\/wp-json\/wp\/v2\/product_brand?post=5189"},{"taxonomy":"product_cat","embeddable":true,"href":"https:\/\/vapingnet.de\/fr\/wp-json\/wp\/v2\/product_cat?post=5189"},{"taxonomy":"product_tag","embeddable":true,"href":"https:\/\/vapingnet.de\/fr\/wp-json\/wp\/v2\/product_tag?post=5189"}],"curies":[{"name":"wp","href":"https:\/\/api.w.org\/{rel}","templated":true}]}}