{"id":5215,"date":"2025-03-13T05:46:38","date_gmt":"2025-03-13T05:46:38","guid":{"rendered":"https:\/\/vapingnet.de\/?post_type=product&#038;p=5215"},"modified":"2025-06-19T03:41:28","modified_gmt":"2025-06-19T03:41:28","slug":"bang15000-puffs-strawberry-watermelon-dein-fruchtgenuss-fuer-tage","status":"publish","type":"product","link":"https:\/\/vapingnet.de\/fr\/vape\/bang15000-puffs-strawberry-watermelon-dein-fruchtgenuss-fuer-tage\/","title":{"rendered":"Bang15000 Puff Fraise Past\u00e8que Votre plaisir fruit\u00e9 pour des jours"},"content":{"rendered":"<h2 data-start=\"0\" data-end=\"89\">Bang15000 Bouff\u00e9es Cigarette \u00c9lectronique Jetable Rechargeable Saveur Fraise Past\u00e8que<\/h2>\n<p data-start=\"91\" data-end=\"513\">Si vous recherchez une cigarette \u00e9lectronique qui offre un go\u00fbt intense, une longue dur\u00e9e d'utilisation et une fonction de chargement pratique, la Bang15000 Bouff\u00e9es Rechargeable est le choix parfait pour vous ! Elle offre non seulement le go\u00fbt rafra\u00eechissant de Fraise Past\u00e8que, mais aussi une dur\u00e9e d'utilisation incroyablement longue, r\u00e9pondant \u00e0 toutes vos exigences pour une cigarette \u00e9lectronique de haute qualit\u00e9.<a href=\"https:\/\/vapingnet.de\/fr\/k\/einweg-e-zigarette\/\" target=\"_blank\" rel=\"noopener\"><strong> cigarette \u00e9lectronique jetable<\/strong><\/a> Elle offre non seulement le go\u00fbt rafra\u00eechissant de Fraise Past\u00e8que, mais aussi une dur\u00e9e d'utilisation incroyablement longue, r\u00e9pondant \u00e0 toutes vos exigences pour une cigarette \u00e9lectronique de haute qualit\u00e9.<\/p>\n<h4 data-start=\"520\" data-end=\"547\">Points forts du produit :<\/h4>\n<ul data-start=\"549\" data-end=\"1551\">\n<li data-start=\"549\" data-end=\"824\">\n<p data-start=\"551\" data-end=\"824\">15000 bouff\u00e9es pour un plaisir durable<br data-start=\"592\" data-end=\"595\" \/>Chaque cigarette \u00e9lectronique Bang15000 Bouff\u00e9es offre jusqu'\u00e0 15000 bouff\u00e9es, ce qui \u00e9limine la n\u00e9cessit\u00e9 de changer fr\u00e9quemment d'appareils. Vous n'avez pas \u00e0 vous soucier de la batterie qui se vide rapidement \u2013 profitez d'une exp\u00e9rience de vapotage prolong\u00e9e.<\/p>\n<\/li>\n<li data-start=\"826\" data-end=\"1084\">\n<p data-start=\"828\" data-end=\"1084\">Go\u00fbt rafra\u00eechissant de Fraise Past\u00e8que<br data-start=\"877\" data-end=\"880\" \/>Le go\u00fbt sucr\u00e9 des fraises combin\u00e9 \u00e0 la fra\u00eecheur de la past\u00e8que offre une exp\u00e9rience gustative exceptionnelle. Chaque bouff\u00e9e \u00e9voque un \u00e9t\u00e9 rafra\u00eechissant qui stimule vos sens.<\/p>\n<\/li>\n<li data-start=\"1086\" data-end=\"1350\">\n<p data-start=\"1088\" data-end=\"1350\">Prise en charge rapide Type-C<br data-start=\"1119\" data-end=\"1122\" \/>Avec une prise de charge Type-C pour une charge plus rapide et des temps de chargement plus courts. La capacit\u00e9 de la batterie de 650mAh assure une longue dur\u00e9e d'utilisation et se recharge en quelques minutes, pour que vous soyez toujours pr\u00eat pour votre prochaine bouff\u00e9e.<\/p>\n<\/li>\n<li data-start=\"1352\" data-end=\"1551\">\n<p data-start=\"1354\" data-end=\"1551\">Pas de frais de douane<br data-start=\"1376\" data-end=\"1379\" \/>Aucun frais de douane suppl\u00e9mentaire lors de l'achat, vous n'avez donc pas \u00e0 vous soucier de co\u00fbts cach\u00e9s. Votre achat sera livr\u00e9 rapidement et sans probl\u00e8me.<\/p>\n<\/li>\n<\/ul>\n<h4 data-start=\"1558\" data-end=\"1582\">D\u00e9tails du produit :<\/h4>\n<ul data-start=\"1584\" data-end=\"1928\">\n<li data-start=\"1584\" data-end=\"1651\">Mod\u00e8le : Cigarette \u00c9lectronique Jetable Rechargeable Bang15000 Bouff\u00e9es<\/li>\n<li data-start=\"1652\" data-end=\"1692\">Go\u00fbt : Fraise Past\u00e8que<\/li>\n<li data-start=\"1693\" data-end=\"1772\">Contenu en nicotine : 0%, 2%, 3%, 5% (0% et 3% n\u00e9cessitent une commande en gros)<\/li>\n<li data-start=\"1773\" data-end=\"1796\">Capacit\u00e9 de remplissage : 23ml<\/li>\n<li data-start=\"1797\" data-end=\"1848\">Capacit\u00e9 de la batterie : 650mAh (rechargeable)<\/li>\n<li data-start=\"1849\" data-end=\"1873\">Bouff\u00e9es : 15000 bouff\u00e9es<\/li>\n<li data-start=\"1874\" data-end=\"1899\">Connexion : Type-C<\/li>\n<li data-start=\"1900\" data-end=\"1928\">Frais de douane : Oui<\/li>\n<\/ul>\n<h3>Pourquoi choisir Bang15000 Bouff\u00e9es ?<\/h3>\n<ul data-start=\"1974\" data-end=\"2559\">\n<li data-start=\"1974\" data-end=\"2085\">Longue dur\u00e9e d'utilisation : Avec 15000 bouff\u00e9es, vous n'avez plus \u00e0 vous soucier du remplacement fr\u00e9quent.<\/li>\n<li data-start=\"2086\" data-end=\"2212\">Go\u00fbt unique : La saveur rafra\u00eechissante Fraise Past\u00e8que offre une exp\u00e9rience fruit\u00e9e inimitable.<\/li>\n<li data-start=\"2213\" data-end=\"2353\">Charge rapide : La batterie de 650mAh avec connecteur Type-C assure une charge efficace, pour que vous puissiez vapoter \u00e0 nouveau rapidement.<\/li>\n<li data-start=\"2354\" data-end=\"2466\">Teneur en nicotine flexible : Choisissez parmi 0%, 2%, 3% et 5% de nicotine \u2013 parfait pour diff\u00e9rents besoins.<\/li>\n<li data-start=\"2467\" data-end=\"2559\">Pas de frais de douane : Profitez d'une exp\u00e9rience d'achat sans souci, sans co\u00fbts suppl\u00e9mentaires.<\/li>\n<\/ul>\n<h4 data-start=\"2566\" data-end=\"2632\">Saveur Fraise Past\u00e8que \u2013 Rafra\u00eechissante et fruit\u00e9e<\/h4>\n<p data-start=\"2634\" data-end=\"2883\">La saveur Fraise Past\u00e8que est une combinaison parfaite de la douceur des fraises et de la fra\u00eecheur de la past\u00e8que \u2013 id\u00e9ale pour l'\u00e9t\u00e9. Chaque bouff\u00e9e procure un plaisir fruit\u00e9 et rafra\u00eechissant qui vous accompagnera toute la journ\u00e9e.<\/p>\n<h4 data-start=\"2890\" data-end=\"2911\">Comment acheter<\/h4>\n<p data-start=\"2913\" data-end=\"3165\">Visitez notre site web vapingnet.fr pour acheter la cigarette \u00e9lectronique Bang15000 bouff\u00e9es Fraise Past\u00e8que. Que ce soit pour un usage personnel ou pour une commande en gros, nous vous offrons une exp\u00e9rience d'achat simple et pratique.<\/p>\n<p data-start=\"3172\" data-end=\"3328\" data-is-last-node=\"\" data-is-only-node=\"\">Bang15000 bouff\u00e9es \u2013 le choix id\u00e9al pour un plaisir longue dur\u00e9e et un go\u00fbt rafra\u00eechissant. Obtenez votre cigarette \u00e9lectronique Fraise Past\u00e8que et profitez de chaque bouff\u00e9e !<\/p>","protected":false},"excerpt":{"rendered":"<p>Bang15000 Puffs Wiederaufladbare Einweg-E-Zigarette Strawberry Watermelon Geschmack Wenn du auf der Suche nach einer E-Zigarette bist, die dir intensiven Geschmack, lange Nutzungsdauer und eine bequeme&#8230;<\/p>","protected":false},"featured_media":5220,"template":"","meta":[],"etheme_brands":[],"product_brand":[101],"product_cat":[53,49,61],"product_tag":[],"class_list":{"0":"post-5215","1":"product","2":"type-product","3":"status-publish","4":"has-post-thumbnail","6":"product_brand-bang-king-vape","7":"product_cat-vape-15000-zuege","8":"product_cat-einweg-e-zigarette","9":"product_cat-f","11":"first","12":"instock","13":"shipping-taxable","14":"purchasable","15":"product-type-simple"},"yoast_head":"<!-- This site is optimized with the Yoast SEO plugin v26.5 - https:\/\/yoast.com\/wordpress\/plugins\/seo\/ -->\n<title>Bang15000 Puffs Strawberry Watermelon Dein Fruchtgenuss f\u00fcr Tage | Vapingnet.de<\/title>\n<meta name=\"description\" content=\"Entdecke Bang15000 Puffs Strawberry Watermelon Dein Fruchtgenuss f\u00fcr Tage bei vapingnet.de, \u25ba Gro\u00dfe Auswahl an Geschmacksrichtungen &amp; super g\u00fcnstig!\" \/>\n<meta name=\"robots\" content=\"index, follow, max-snippet:-1, max-image-preview:large, max-video-preview:-1\" \/>\n<link rel=\"canonical\" href=\"https:\/\/vapingnet.de\/fr\/vape\/bang15000-puffs-strawberry-watermelon-dein-fruchtgenuss-fuer-tage\/\" \/>\n<meta property=\"og:locale\" content=\"fr_FR\" \/>\n<meta property=\"og:type\" content=\"article\" \/>\n<meta property=\"og:title\" content=\"Bang15000 Puffs Strawberry Watermelon Dein Fruchtgenuss f\u00fcr Tage | Vapingnet.de\" \/>\n<meta property=\"og:description\" content=\"Entdecke Bang15000 Puffs Strawberry Watermelon Dein Fruchtgenuss f\u00fcr Tage bei vapingnet.de, \u25ba Gro\u00dfe Auswahl an Geschmacksrichtungen &amp; super g\u00fcnstig!\" \/>\n<meta property=\"og:url\" content=\"https:\/\/vapingnet.de\/fr\/vape\/bang15000-puffs-strawberry-watermelon-dein-fruchtgenuss-fuer-tage\/\" \/>\n<meta property=\"og:site_name\" content=\"Vapingnet.de\" \/>\n<meta property=\"article:publisher\" content=\"https:\/\/www.facebook.com\/vapingnetde\/\" \/>\n<meta property=\"article:modified_time\" content=\"2025-06-19T03:41:28+00:00\" \/>\n<meta property=\"og:image\" content=\"https:\/\/vapingnet.de\/wp-content\/uploads\/2025\/03\/Strawberry-Watermelon.png\" \/>\n\t<meta property=\"og:image:width\" content=\"900\" \/>\n\t<meta property=\"og:image:height\" content=\"600\" \/>\n\t<meta property=\"og:image:type\" content=\"image\/png\" \/>\n<meta name=\"twitter:card\" content=\"summary_large_image\" \/>\n<meta name=\"twitter:label1\" content=\"Dur\u00e9e de lecture estim\u00e9e\" \/>\n\t<meta name=\"twitter:data1\" content=\"3 minutes\" \/>\n<script type=\"application\/ld+json\" class=\"yoast-schema-graph\">{\"@context\":\"https:\/\/schema.org\",\"@graph\":[{\"@type\":\"WebPage\",\"@id\":\"https:\/\/vapingnet.de\/vape\/bang15000-puffs-strawberry-watermelon-dein-fruchtgenuss-fuer-tage\/\",\"url\":\"https:\/\/vapingnet.de\/vape\/bang15000-puffs-strawberry-watermelon-dein-fruchtgenuss-fuer-tage\/\",\"name\":\"Bang15000 Puffs Strawberry Watermelon Dein Fruchtgenuss f\u00fcr Tage | Vapingnet.de\",\"isPartOf\":{\"@id\":\"https:\/\/vapingnet.de\/#website\"},\"primaryImageOfPage\":{\"@id\":\"https:\/\/vapingnet.de\/vape\/bang15000-puffs-strawberry-watermelon-dein-fruchtgenuss-fuer-tage\/#primaryimage\"},\"image\":{\"@id\":\"https:\/\/vapingnet.de\/vape\/bang15000-puffs-strawberry-watermelon-dein-fruchtgenuss-fuer-tage\/#primaryimage\"},\"thumbnailUrl\":\"https:\/\/vapingnet.de\/wp-content\/uploads\/2025\/03\/Strawberry-Watermelon.png\",\"datePublished\":\"2025-03-13T05:46:38+00:00\",\"dateModified\":\"2025-06-19T03:41:28+00:00\",\"description\":\"Entdecke Bang15000 Puffs Strawberry Watermelon Dein Fruchtgenuss f\u00fcr Tage bei vapingnet.de, \u25ba Gro\u00dfe Auswahl an Geschmacksrichtungen & super g\u00fcnstig!\",\"breadcrumb\":{\"@id\":\"https:\/\/vapingnet.de\/vape\/bang15000-puffs-strawberry-watermelon-dein-fruchtgenuss-fuer-tage\/#breadcrumb\"},\"inLanguage\":\"fr-FR\",\"potentialAction\":[{\"@type\":\"ReadAction\",\"target\":[\"https:\/\/vapingnet.de\/vape\/bang15000-puffs-strawberry-watermelon-dein-fruchtgenuss-fuer-tage\/\"]}]},{\"@type\":\"ImageObject\",\"inLanguage\":\"fr-FR\",\"@id\":\"https:\/\/vapingnet.de\/vape\/bang15000-puffs-strawberry-watermelon-dein-fruchtgenuss-fuer-tage\/#primaryimage\",\"url\":\"https:\/\/vapingnet.de\/wp-content\/uploads\/2025\/03\/Strawberry-Watermelon.png\",\"contentUrl\":\"https:\/\/vapingnet.de\/wp-content\/uploads\/2025\/03\/Strawberry-Watermelon.png\",\"width\":900,\"height\":600,\"caption\":\"Strawberry Watermelon\"},{\"@type\":\"BreadcrumbList\",\"@id\":\"https:\/\/vapingnet.de\/vape\/bang15000-puffs-strawberry-watermelon-dein-fruchtgenuss-fuer-tage\/#breadcrumb\",\"itemListElement\":[{\"@type\":\"ListItem\",\"position\":1,\"name\":\"Home\",\"item\":\"https:\/\/vapingnet.de\/\"},{\"@type\":\"ListItem\",\"position\":2,\"name\":\"Shop\",\"item\":\"https:\/\/vapingnet.de\/vape\/\"},{\"@type\":\"ListItem\",\"position\":3,\"name\":\"Bang15000 Puffs Strawberry Watermelon Dein Fruchtgenuss f\u00fcr Tage\"}]},{\"@type\":\"WebSite\",\"@id\":\"https:\/\/vapingnet.de\/#website\",\"url\":\"https:\/\/vapingnet.de\/\",\"name\":\"Vapingnet.de\",\"description\":\"\",\"publisher\":{\"@id\":\"https:\/\/vapingnet.de\/#organization\"},\"potentialAction\":[{\"@type\":\"SearchAction\",\"target\":{\"@type\":\"EntryPoint\",\"urlTemplate\":\"https:\/\/vapingnet.de\/?s={search_term_string}\"},\"query-input\":{\"@type\":\"PropertyValueSpecification\",\"valueRequired\":true,\"valueName\":\"search_term_string\"}}],\"inLanguage\":\"fr-FR\"},{\"@type\":\"Organization\",\"@id\":\"https:\/\/vapingnet.de\/#organization\",\"name\":\"Vapingnet.de\",\"url\":\"https:\/\/vapingnet.de\/\",\"logo\":{\"@type\":\"ImageObject\",\"inLanguage\":\"fr-FR\",\"@id\":\"https:\/\/vapingnet.de\/#\/schema\/logo\/image\/\",\"url\":\"https:\/\/vapingnet.de\/wp-content\/uploads\/2025\/03\/cropped-vapingnet.de_.jpg\",\"contentUrl\":\"https:\/\/vapingnet.de\/wp-content\/uploads\/2025\/03\/cropped-vapingnet.de_.jpg\",\"width\":512,\"height\":512,\"caption\":\"Vapingnet.de\"},\"image\":{\"@id\":\"https:\/\/vapingnet.de\/#\/schema\/logo\/image\/\"},\"sameAs\":[\"https:\/\/www.facebook.com\/vapingnetde\/\"]}]}<\/script>\n<!-- \/ Yoast SEO plugin. -->","yoast_head_json":{"title":"Bang15000 Puffs Strawberry Watermelon Dein Fruchtgenuss f\u00fcr Tage | Vapingnet.de","description":"Entdecke Bang15000 Puffs Strawberry Watermelon Dein Fruchtgenuss f\u00fcr Tage bei vapingnet.de, \u25ba Gro\u00dfe Auswahl an Geschmacksrichtungen & super g\u00fcnstig!","robots":{"index":"index","follow":"follow","max-snippet":"max-snippet:-1","max-image-preview":"max-image-preview:large","max-video-preview":"max-video-preview:-1"},"canonical":"https:\/\/vapingnet.de\/fr\/vape\/bang15000-puffs-strawberry-watermelon-dein-fruchtgenuss-fuer-tage\/","og_locale":"fr_FR","og_type":"article","og_title":"Bang15000 Puffs Strawberry Watermelon Dein Fruchtgenuss f\u00fcr Tage | Vapingnet.de","og_description":"Entdecke Bang15000 Puffs Strawberry Watermelon Dein Fruchtgenuss f\u00fcr Tage bei vapingnet.de, \u25ba Gro\u00dfe Auswahl an Geschmacksrichtungen & super g\u00fcnstig!","og_url":"https:\/\/vapingnet.de\/fr\/vape\/bang15000-puffs-strawberry-watermelon-dein-fruchtgenuss-fuer-tage\/","og_site_name":"Vapingnet.de","article_publisher":"https:\/\/www.facebook.com\/vapingnetde\/","article_modified_time":"2025-06-19T03:41:28+00:00","og_image":[{"width":900,"height":600,"url":"https:\/\/vapingnet.de\/wp-content\/uploads\/2025\/03\/Strawberry-Watermelon.png","type":"image\/png"}],"twitter_card":"summary_large_image","twitter_misc":{"Dur\u00e9e de lecture estim\u00e9e":"3 minutes"},"schema":{"@context":"https:\/\/schema.org","@graph":[{"@type":"WebPage","@id":"https:\/\/vapingnet.de\/vape\/bang15000-puffs-strawberry-watermelon-dein-fruchtgenuss-fuer-tage\/","url":"https:\/\/vapingnet.de\/vape\/bang15000-puffs-strawberry-watermelon-dein-fruchtgenuss-fuer-tage\/","name":"Bang15000 Puffs Strawberry Watermelon Dein Fruchtgenuss f\u00fcr Tage | Vapingnet.de","isPartOf":{"@id":"https:\/\/vapingnet.de\/#website"},"primaryImageOfPage":{"@id":"https:\/\/vapingnet.de\/vape\/bang15000-puffs-strawberry-watermelon-dein-fruchtgenuss-fuer-tage\/#primaryimage"},"image":{"@id":"https:\/\/vapingnet.de\/vape\/bang15000-puffs-strawberry-watermelon-dein-fruchtgenuss-fuer-tage\/#primaryimage"},"thumbnailUrl":"https:\/\/vapingnet.de\/wp-content\/uploads\/2025\/03\/Strawberry-Watermelon.png","datePublished":"2025-03-13T05:46:38+00:00","dateModified":"2025-06-19T03:41:28+00:00","description":"Entdecke Bang15000 Puffs Strawberry Watermelon Dein Fruchtgenuss f\u00fcr Tage bei vapingnet.de, \u25ba Gro\u00dfe Auswahl an Geschmacksrichtungen & super g\u00fcnstig!","breadcrumb":{"@id":"https:\/\/vapingnet.de\/vape\/bang15000-puffs-strawberry-watermelon-dein-fruchtgenuss-fuer-tage\/#breadcrumb"},"inLanguage":"fr-FR","potentialAction":[{"@type":"ReadAction","target":["https:\/\/vapingnet.de\/vape\/bang15000-puffs-strawberry-watermelon-dein-fruchtgenuss-fuer-tage\/"]}]},{"@type":"ImageObject","inLanguage":"fr-FR","@id":"https:\/\/vapingnet.de\/vape\/bang15000-puffs-strawberry-watermelon-dein-fruchtgenuss-fuer-tage\/#primaryimage","url":"https:\/\/vapingnet.de\/wp-content\/uploads\/2025\/03\/Strawberry-Watermelon.png","contentUrl":"https:\/\/vapingnet.de\/wp-content\/uploads\/2025\/03\/Strawberry-Watermelon.png","width":900,"height":600,"caption":"Strawberry Watermelon"},{"@type":"BreadcrumbList","@id":"https:\/\/vapingnet.de\/vape\/bang15000-puffs-strawberry-watermelon-dein-fruchtgenuss-fuer-tage\/#breadcrumb","itemListElement":[{"@type":"ListItem","position":1,"name":"Home","item":"https:\/\/vapingnet.de\/"},{"@type":"ListItem","position":2,"name":"Shop","item":"https:\/\/vapingnet.de\/vape\/"},{"@type":"ListItem","position":3,"name":"Bang15000 Puffs Strawberry Watermelon Dein Fruchtgenuss f\u00fcr Tage"}]},{"@type":"WebSite","@id":"https:\/\/vapingnet.de\/#website","url":"https:\/\/vapingnet.de\/","name":"Vapingnet.de","description":"","publisher":{"@id":"https:\/\/vapingnet.de\/#organization"},"potentialAction":[{"@type":"SearchAction","target":{"@type":"EntryPoint","urlTemplate":"https:\/\/vapingnet.de\/?s={search_term_string}"},"query-input":{"@type":"PropertyValueSpecification","valueRequired":true,"valueName":"search_term_string"}}],"inLanguage":"fr-FR"},{"@type":"Organization","@id":"https:\/\/vapingnet.de\/#organization","name":"Vapingnet.de","url":"https:\/\/vapingnet.de\/","logo":{"@type":"ImageObject","inLanguage":"fr-FR","@id":"https:\/\/vapingnet.de\/#\/schema\/logo\/image\/","url":"https:\/\/vapingnet.de\/wp-content\/uploads\/2025\/03\/cropped-vapingnet.de_.jpg","contentUrl":"https:\/\/vapingnet.de\/wp-content\/uploads\/2025\/03\/cropped-vapingnet.de_.jpg","width":512,"height":512,"caption":"Vapingnet.de"},"image":{"@id":"https:\/\/vapingnet.de\/#\/schema\/logo\/image\/"},"sameAs":["https:\/\/www.facebook.com\/vapingnetde\/"]}]}},"tiered_pricing_type":"fixed","tiered_pricing_fixed_rules":{"10":"7.31","60":"6.58","110":"5.85","200":"5.12"},"tiered_pricing_product_settings":{"layout":"default","base_unit_name":{"singular":null,"plural":null},"default_variation":null},"tiered_pricing_minimum_quantity":null,"tiered_pricing_roles_data":[],"tiered_pricing_percentage_rules":[],"_links":{"self":[{"href":"https:\/\/vapingnet.de\/fr\/wp-json\/wp\/v2\/product\/5215","targetHints":{"allow":["GET"]}}],"collection":[{"href":"https:\/\/vapingnet.de\/fr\/wp-json\/wp\/v2\/product"}],"about":[{"href":"https:\/\/vapingnet.de\/fr\/wp-json\/wp\/v2\/types\/product"}],"version-history":[{"count":2,"href":"https:\/\/vapingnet.de\/fr\/wp-json\/wp\/v2\/product\/5215\/revisions"}],"predecessor-version":[{"id":5221,"href":"https:\/\/vapingnet.de\/fr\/wp-json\/wp\/v2\/product\/5215\/revisions\/5221"}],"wp:featuredmedia":[{"embeddable":true,"href":"https:\/\/vapingnet.de\/fr\/wp-json\/wp\/v2\/media\/5220"}],"wp:attachment":[{"href":"https:\/\/vapingnet.de\/fr\/wp-json\/wp\/v2\/media?parent=5215"}],"wp:term":[{"taxonomy":"brand","embeddable":true,"href":"https:\/\/vapingnet.de\/fr\/wp-json\/wp\/v2\/etheme_brands?post=5215"},{"taxonomy":"product_brand","embeddable":true,"href":"https:\/\/vapingnet.de\/fr\/wp-json\/wp\/v2\/product_brand?post=5215"},{"taxonomy":"product_cat","embeddable":true,"href":"https:\/\/vapingnet.de\/fr\/wp-json\/wp\/v2\/product_cat?post=5215"},{"taxonomy":"product_tag","embeddable":true,"href":"https:\/\/vapingnet.de\/fr\/wp-json\/wp\/v2\/product_tag?post=5215"}],"curies":[{"name":"wp","href":"https:\/\/api.w.org\/{rel}","templated":true}]}}