{"id":5233,"date":"2025-03-13T06:37:35","date_gmt":"2025-03-13T06:37:35","guid":{"rendered":"https:\/\/vapingnet.de\/?post_type=product&#038;p=5233"},"modified":"2025-06-19T03:41:26","modified_gmt":"2025-06-19T03:41:26","slug":"bang15000-puffs-strawberry-mango-der-ideale-begleiter-fuer-jedes-abenteuer","status":"publish","type":"product","link":"https:\/\/vapingnet.de\/fr\/vape\/bang15000-puffs-strawberry-mango-der-ideale-begleiter-fuer-jedes-abenteuer\/","title":{"rendered":"Bang15000 Puff Fraise Mangue Le compagnon id\u00e9al pour chaque aventure"},"content":{"rendered":"<h2>Bang15000 Puffs Rechargeable Disposable Pod \u2013 D\u00e9couvrez une exp\u00e9rience de vapotage ultra-longue !<\/h2>\n<p data-start=\"89\" data-end=\"574\">Vous cherchez une cigarette \u00e9lectronique avec une durabilit\u00e9 extr\u00eame et une saveur riche ? Alors, <a href=\"https:\/\/vapingnet.de\/fr\/bang-15000-puffs\/\" target=\"_blank\" rel=\"noopener\"><strong>Bang15000 Bouff\u00e9es Rechargeable Jetable Pod<\/strong><\/a> le choix parfait pour vous ! Cette cigarette \u00e9lectronique offre non seulement une dur\u00e9e de vie allant jusqu'\u00e0 15000 bouff\u00e9es, mais elle est aussi rechargeable, vous permettant de laisser derri\u00e8re vous l'usage unique et de profiter d'une exp\u00e9rience de vapotage prolong\u00e9e. Voyons en d\u00e9tail les avantages uniques de ce produit.<\/p>\n<h4>Caract\u00e9ristiques du produit<\/h4>\n<p data-start=\"597\" data-end=\"991\">1. 15000 bouff\u00e9es \u2013 Dur\u00e9e de vie ultra-longue<br data-start=\"640\" data-end=\"643\" \/>Le Bang15000 Puffs Rechargeable Disposable Pod offre, comme son nom l'indique, jusqu'\u00e0 15000 bouff\u00e9es, couvrant ainsi vos besoins pour une exp\u00e9rience de vapotage durable. Vous n'avez pas besoin de changer constamment d'appareil, ce qui en fait un compagnon id\u00e9al pour le quotidien ou les voyages. Ainsi, vous pouvez profiter du vapotage sur une p\u00e9riode prolong\u00e9e.<\/p>\n<p data-start=\"993\" data-end=\"1340\">R\u00e9sistance Dul Mesh Coil 1.1\u03a9<br data-start=\"1018\" data-end=\"1021\" \/>Le Bang15000 est \u00e9quip\u00e9 d'une r\u00e9sistance Dul Mesh Coil de 1,1\u03a9, permettant un chauffage uniforme. Cela garantit une exp\u00e9rience gustative pure et riche \u00e0 chaque bouff\u00e9e. Que ce soit pour des saveurs fruit\u00e9es ou autres ar\u00f4mes, vous appr\u00e9cierez la vapeur intense et douce \u00e0 chaque inhalation.<\/p>\n<p data-start=\"1342\" data-end=\"1658\">3. Batterie rechargeable de 650mAh<br data-start=\"1378\" data-end=\"1381\" \/>\u00c9quip\u00e9 d'une batterie rechargeable de 650mAh, vous n'avez pas besoin de remplacer constamment la cigarette \u00e9lectronique. La connexion Type-C assure une recharge rapide et pratique. Vous pouvez ainsi recharger votre appareil \u00e0 tout moment et continuer \u00e0 profiter pleinement de votre exp\u00e9rience.<\/p>\n<p data-start=\"1660\" data-end=\"2070\">4. 23mL de grande capacit\u00e9 de liquide<br data-start=\"1692\" data-end=\"1695\" \/>Le Bang15000 Puffs dispose d'une grande capacit\u00e9 de liquide de 23mL, permettant une utilisation prolong\u00e9e et une production de vapeur abondante. Chaque utilisation vous r\u00e9compense par un nuage de vapeur intense tout en savourant le go\u00fbt complet. Que vous pr\u00e9f\u00e9riez des ar\u00f4mes fruit\u00e9s ou autres saveurs, le Bang15000 vous plaira.<\/p>\n<p data-start=\"2072\" data-end=\"2364\">5. Niveaux de nicotine variables<br data-start=\"2102\" data-end=\"2105\" \/>Choisissez selon vos pr\u00e9f\u00e9rences personnelles parmi diff\u00e9rents niveaux de nicotine : 0%, 2%, 3% et 5%. Veuillez noter que 0% et 3% ne sont disponibles que pour les commandes en gros, vous permettant de b\u00e9n\u00e9ficier d'une livraison plus pratique pour de grandes quantit\u00e9s.<\/p>\n<p data-start=\"2366\" data-end=\"2696\">6. Pas de taxes douani\u00e8res \u2013 Achat facile<br data-start=\"2411\" data-end=\"2414\" \/>Avec le Bang15000 Puffs Rechargeable Disposable Pod, vous pouvez acheter confortablement et \u00e9viter les taxes douani\u00e8res. Peu importe o\u00f9 vous vous trouvez, vous pouvez commander votre produit simplement et rapidement sans frais de douane suppl\u00e9mentaires et profiter pleinement de votre exp\u00e9rience de vapotage.<\/p>\n<h3 data-start=\"2698\" data-end=\"2741\"><img fetchpriority=\"high\" decoding=\"async\" class=\"size-full wp-image-6907 aligncenter\" src=\"https:\/\/vapingnet.de\/wp-content\/uploads\/2025\/03\/VAPE-2.jpg\" alt=\"\" width=\"1166\" height=\"1080\" srcset=\"https:\/\/vapingnet.de\/wp-content\/uploads\/2025\/03\/VAPE-2.jpg 1166w, https:\/\/vapingnet.de\/wp-content\/uploads\/2025\/03\/VAPE-2-300x278.jpg 300w, https:\/\/vapingnet.de\/wp-content\/uploads\/2025\/03\/VAPE-2-1024x948.jpg 1024w, https:\/\/vapingnet.de\/wp-content\/uploads\/2025\/03\/VAPE-2-768x711.jpg 768w, https:\/\/vapingnet.de\/wp-content\/uploads\/2025\/03\/VAPE-2-600x556.jpg 600w, https:\/\/vapingnet.de\/wp-content\/uploads\/2025\/03\/VAPE-2-1x1.jpg 1w, https:\/\/vapingnet.de\/wp-content\/uploads\/2025\/03\/VAPE-2-10x10.jpg 10w\" sizes=\"(max-width: 1166px) 100vw, 1166px\" \/><\/h3>\n<h3 data-start=\"2698\" data-end=\"2741\">Saveur recommand\u00e9e : Fraise Mangue<\/h3>\n<p data-start=\"2743\" data-end=\"3086\">La combinaison parfaite entre la fraise et la mangue offre un ar\u00f4me fruit\u00e9 intense \u00e0 chaque bouff\u00e9e. La saveur fra\u00eeche de la fraise est douce et rafra\u00eechissante, tandis que la mangue tropicale ajoute une touche exotique suppl\u00e9mentaire. Ce go\u00fbt est id\u00e9al pour tous ceux qui aiment les m\u00e9langes fruit\u00e9s, et c'est un incontournable pour les mois d'\u00e9t\u00e9 !<\/p>\n<h3>Pourquoi choisir le Bang15000 Puffs Rechargeable Disposable Pod ?<\/h3>\n<ul data-start=\"3167\" data-end=\"3622\">\n<li data-start=\"3167\" data-end=\"3290\">Dur\u00e9e de vie extr\u00eamement longue : 15000 bouff\u00e9es pour une exp\u00e9rience de vapotage prolong\u00e9e \u2013 pas besoin de renouvellement constant.<\/li>\n<li data-start=\"3291\" data-end=\"3415\">Saveur de haute qualit\u00e9 : La Dul Mesh Coil et la grande capacit\u00e9 de liquide garantissent une vapeur douce et pleine de saveur.<\/li>\n<li data-start=\"3416\" data-end=\"3525\">Charge pratique : la batterie de 650mAh avec connecteur Type-C permet une recharge rapide et facile.<\/li>\n<li data-start=\"3526\" data-end=\"3622\">Pas de frais de douane : achetez simplement et confortablement, sans frais de douane suppl\u00e9mentaires en Europe.<\/li>\n<\/ul>\n<h4 data-start=\"3624\" data-end=\"3672\">Achetez rapidement et profitez des remises !<\/h4>\n<p data-start=\"3674\" data-end=\"3909\" data-is-last-node=\"\" data-is-only-node=\"\">N'h\u00e9sitez pas et visitez notre site Web d\u00e8s aujourd'hui <a href=\"https:\/\/vapingnet.de\/fr\/\" target=\"_new\" rel=\"noopener\" data-start=\"3725\" data-end=\"3761\">vapingnet.de<\/a>, pour commander le pod rechargeable jetable Bang15000 Puffs. D\u00e9couvrez la qualit\u00e9 premium des cigarettes \u00e9lectroniques et trouvez votre saveur pr\u00e9f\u00e9r\u00e9e !<\/p>","protected":false},"excerpt":{"rendered":"<p>Bang15000 Puffs Rechargeable Disposable Pod &#8211; Erlebe ein ultra-langes Dampferlebnis! Bist du auf der Suche nach einer E-Zigarette mit extrem langer Haltbarkeit und reichhaltigem Geschmack?&#8230;<\/p>","protected":false},"featured_media":5216,"template":"","meta":[],"etheme_brands":[],"product_brand":[101],"product_cat":[53,49,61],"product_tag":[],"class_list":{"0":"post-5233","1":"product","2":"type-product","3":"status-publish","4":"has-post-thumbnail","6":"product_brand-bang-king-vape","7":"product_cat-vape-15000-zuege","8":"product_cat-einweg-e-zigarette","9":"product_cat-f","11":"first","12":"instock","13":"shipping-taxable","14":"purchasable","15":"product-type-simple"},"yoast_head":"<!-- This site is optimized with the Yoast SEO plugin v26.5 - https:\/\/yoast.com\/wordpress\/plugins\/seo\/ -->\n<title>Bang15000 Puffs Strawberry Mango Der ideale Begleiter f\u00fcr jedes Abenteuer | Vapingnet.de<\/title>\n<meta name=\"description\" content=\"Entdecke Bang15000 Puffs Strawberry Mango Der ideale Begleiter f\u00fcr jedes Abenteuer bei vapingnet.de, \u25ba Gro\u00dfe Auswahl an Geschmacksrichtungen &amp; super g\u00fcnstig!\" \/>\n<meta name=\"robots\" content=\"index, follow, max-snippet:-1, max-image-preview:large, max-video-preview:-1\" \/>\n<link rel=\"canonical\" href=\"https:\/\/vapingnet.de\/fr\/vape\/bang15000-puffs-strawberry-mango-der-ideale-begleiter-fuer-jedes-abenteuer\/\" \/>\n<meta property=\"og:locale\" content=\"fr_FR\" \/>\n<meta property=\"og:type\" content=\"article\" \/>\n<meta property=\"og:title\" content=\"Bang15000 Puffs Strawberry Mango Der ideale Begleiter f\u00fcr jedes Abenteuer | Vapingnet.de\" \/>\n<meta property=\"og:description\" content=\"Entdecke Bang15000 Puffs Strawberry Mango Der ideale Begleiter f\u00fcr jedes Abenteuer bei vapingnet.de, \u25ba Gro\u00dfe Auswahl an Geschmacksrichtungen &amp; super g\u00fcnstig!\" \/>\n<meta property=\"og:url\" content=\"https:\/\/vapingnet.de\/fr\/vape\/bang15000-puffs-strawberry-mango-der-ideale-begleiter-fuer-jedes-abenteuer\/\" \/>\n<meta property=\"og:site_name\" content=\"Vapingnet.de\" \/>\n<meta property=\"article:publisher\" content=\"https:\/\/www.facebook.com\/vapingnetde\/\" \/>\n<meta property=\"article:modified_time\" content=\"2025-06-19T03:41:26+00:00\" \/>\n<meta property=\"og:image\" content=\"https:\/\/vapingnet.de\/wp-content\/uploads\/2025\/03\/Strawberry-Mango.png\" \/>\n\t<meta property=\"og:image:width\" content=\"900\" \/>\n\t<meta property=\"og:image:height\" content=\"600\" \/>\n\t<meta property=\"og:image:type\" content=\"image\/png\" \/>\n<meta name=\"twitter:card\" content=\"summary_large_image\" \/>\n<meta name=\"twitter:label1\" content=\"Dur\u00e9e de lecture estim\u00e9e\" \/>\n\t<meta name=\"twitter:data1\" content=\"4 minutes\" \/>\n<script type=\"application\/ld+json\" class=\"yoast-schema-graph\">{\"@context\":\"https:\/\/schema.org\",\"@graph\":[{\"@type\":\"WebPage\",\"@id\":\"https:\/\/vapingnet.de\/vape\/bang15000-puffs-strawberry-mango-der-ideale-begleiter-fuer-jedes-abenteuer\/\",\"url\":\"https:\/\/vapingnet.de\/vape\/bang15000-puffs-strawberry-mango-der-ideale-begleiter-fuer-jedes-abenteuer\/\",\"name\":\"Bang15000 Puffs Strawberry Mango Der ideale Begleiter f\u00fcr jedes Abenteuer | Vapingnet.de\",\"isPartOf\":{\"@id\":\"https:\/\/vapingnet.de\/#website\"},\"primaryImageOfPage\":{\"@id\":\"https:\/\/vapingnet.de\/vape\/bang15000-puffs-strawberry-mango-der-ideale-begleiter-fuer-jedes-abenteuer\/#primaryimage\"},\"image\":{\"@id\":\"https:\/\/vapingnet.de\/vape\/bang15000-puffs-strawberry-mango-der-ideale-begleiter-fuer-jedes-abenteuer\/#primaryimage\"},\"thumbnailUrl\":\"https:\/\/vapingnet.de\/wp-content\/uploads\/2025\/03\/Strawberry-Mango.png\",\"datePublished\":\"2025-03-13T06:37:35+00:00\",\"dateModified\":\"2025-06-19T03:41:26+00:00\",\"description\":\"Entdecke Bang15000 Puffs Strawberry Mango Der ideale Begleiter f\u00fcr jedes Abenteuer bei vapingnet.de, \u25ba Gro\u00dfe Auswahl an Geschmacksrichtungen & super g\u00fcnstig!\",\"breadcrumb\":{\"@id\":\"https:\/\/vapingnet.de\/vape\/bang15000-puffs-strawberry-mango-der-ideale-begleiter-fuer-jedes-abenteuer\/#breadcrumb\"},\"inLanguage\":\"fr-FR\",\"potentialAction\":[{\"@type\":\"ReadAction\",\"target\":[\"https:\/\/vapingnet.de\/vape\/bang15000-puffs-strawberry-mango-der-ideale-begleiter-fuer-jedes-abenteuer\/\"]}]},{\"@type\":\"ImageObject\",\"inLanguage\":\"fr-FR\",\"@id\":\"https:\/\/vapingnet.de\/vape\/bang15000-puffs-strawberry-mango-der-ideale-begleiter-fuer-jedes-abenteuer\/#primaryimage\",\"url\":\"https:\/\/vapingnet.de\/wp-content\/uploads\/2025\/03\/Strawberry-Mango.png\",\"contentUrl\":\"https:\/\/vapingnet.de\/wp-content\/uploads\/2025\/03\/Strawberry-Mango.png\",\"width\":900,\"height\":600,\"caption\":\"Strawberry Mango\"},{\"@type\":\"BreadcrumbList\",\"@id\":\"https:\/\/vapingnet.de\/vape\/bang15000-puffs-strawberry-mango-der-ideale-begleiter-fuer-jedes-abenteuer\/#breadcrumb\",\"itemListElement\":[{\"@type\":\"ListItem\",\"position\":1,\"name\":\"Home\",\"item\":\"https:\/\/vapingnet.de\/\"},{\"@type\":\"ListItem\",\"position\":2,\"name\":\"Shop\",\"item\":\"https:\/\/vapingnet.de\/vape\/\"},{\"@type\":\"ListItem\",\"position\":3,\"name\":\"Bang15000 Puffs Strawberry Mango Der ideale Begleiter f\u00fcr jedes Abenteuer\"}]},{\"@type\":\"WebSite\",\"@id\":\"https:\/\/vapingnet.de\/#website\",\"url\":\"https:\/\/vapingnet.de\/\",\"name\":\"Vapingnet.de\",\"description\":\"\",\"publisher\":{\"@id\":\"https:\/\/vapingnet.de\/#organization\"},\"potentialAction\":[{\"@type\":\"SearchAction\",\"target\":{\"@type\":\"EntryPoint\",\"urlTemplate\":\"https:\/\/vapingnet.de\/?s={search_term_string}\"},\"query-input\":{\"@type\":\"PropertyValueSpecification\",\"valueRequired\":true,\"valueName\":\"search_term_string\"}}],\"inLanguage\":\"fr-FR\"},{\"@type\":\"Organization\",\"@id\":\"https:\/\/vapingnet.de\/#organization\",\"name\":\"Vapingnet.de\",\"url\":\"https:\/\/vapingnet.de\/\",\"logo\":{\"@type\":\"ImageObject\",\"inLanguage\":\"fr-FR\",\"@id\":\"https:\/\/vapingnet.de\/#\/schema\/logo\/image\/\",\"url\":\"https:\/\/vapingnet.de\/wp-content\/uploads\/2025\/03\/cropped-vapingnet.de_.jpg\",\"contentUrl\":\"https:\/\/vapingnet.de\/wp-content\/uploads\/2025\/03\/cropped-vapingnet.de_.jpg\",\"width\":512,\"height\":512,\"caption\":\"Vapingnet.de\"},\"image\":{\"@id\":\"https:\/\/vapingnet.de\/#\/schema\/logo\/image\/\"},\"sameAs\":[\"https:\/\/www.facebook.com\/vapingnetde\/\"]}]}<\/script>\n<!-- \/ Yoast SEO plugin. -->","yoast_head_json":{"title":"Bang15000 Puffs Strawberry Mango Der ideale Begleiter f\u00fcr jedes Abenteuer | Vapingnet.de","description":"Entdecke Bang15000 Puffs Strawberry Mango Der ideale Begleiter f\u00fcr jedes Abenteuer bei vapingnet.de, \u25ba Gro\u00dfe Auswahl an Geschmacksrichtungen & super g\u00fcnstig!","robots":{"index":"index","follow":"follow","max-snippet":"max-snippet:-1","max-image-preview":"max-image-preview:large","max-video-preview":"max-video-preview:-1"},"canonical":"https:\/\/vapingnet.de\/fr\/vape\/bang15000-puffs-strawberry-mango-der-ideale-begleiter-fuer-jedes-abenteuer\/","og_locale":"fr_FR","og_type":"article","og_title":"Bang15000 Puffs Strawberry Mango Der ideale Begleiter f\u00fcr jedes Abenteuer | Vapingnet.de","og_description":"Entdecke Bang15000 Puffs Strawberry Mango Der ideale Begleiter f\u00fcr jedes Abenteuer bei vapingnet.de, \u25ba Gro\u00dfe Auswahl an Geschmacksrichtungen & super g\u00fcnstig!","og_url":"https:\/\/vapingnet.de\/fr\/vape\/bang15000-puffs-strawberry-mango-der-ideale-begleiter-fuer-jedes-abenteuer\/","og_site_name":"Vapingnet.de","article_publisher":"https:\/\/www.facebook.com\/vapingnetde\/","article_modified_time":"2025-06-19T03:41:26+00:00","og_image":[{"width":900,"height":600,"url":"https:\/\/vapingnet.de\/wp-content\/uploads\/2025\/03\/Strawberry-Mango.png","type":"image\/png"}],"twitter_card":"summary_large_image","twitter_misc":{"Dur\u00e9e de lecture estim\u00e9e":"4 minutes"},"schema":{"@context":"https:\/\/schema.org","@graph":[{"@type":"WebPage","@id":"https:\/\/vapingnet.de\/vape\/bang15000-puffs-strawberry-mango-der-ideale-begleiter-fuer-jedes-abenteuer\/","url":"https:\/\/vapingnet.de\/vape\/bang15000-puffs-strawberry-mango-der-ideale-begleiter-fuer-jedes-abenteuer\/","name":"Bang15000 Puffs Strawberry Mango Der ideale Begleiter f\u00fcr jedes Abenteuer | Vapingnet.de","isPartOf":{"@id":"https:\/\/vapingnet.de\/#website"},"primaryImageOfPage":{"@id":"https:\/\/vapingnet.de\/vape\/bang15000-puffs-strawberry-mango-der-ideale-begleiter-fuer-jedes-abenteuer\/#primaryimage"},"image":{"@id":"https:\/\/vapingnet.de\/vape\/bang15000-puffs-strawberry-mango-der-ideale-begleiter-fuer-jedes-abenteuer\/#primaryimage"},"thumbnailUrl":"https:\/\/vapingnet.de\/wp-content\/uploads\/2025\/03\/Strawberry-Mango.png","datePublished":"2025-03-13T06:37:35+00:00","dateModified":"2025-06-19T03:41:26+00:00","description":"Entdecke Bang15000 Puffs Strawberry Mango Der ideale Begleiter f\u00fcr jedes Abenteuer bei vapingnet.de, \u25ba Gro\u00dfe Auswahl an Geschmacksrichtungen & super g\u00fcnstig!","breadcrumb":{"@id":"https:\/\/vapingnet.de\/vape\/bang15000-puffs-strawberry-mango-der-ideale-begleiter-fuer-jedes-abenteuer\/#breadcrumb"},"inLanguage":"fr-FR","potentialAction":[{"@type":"ReadAction","target":["https:\/\/vapingnet.de\/vape\/bang15000-puffs-strawberry-mango-der-ideale-begleiter-fuer-jedes-abenteuer\/"]}]},{"@type":"ImageObject","inLanguage":"fr-FR","@id":"https:\/\/vapingnet.de\/vape\/bang15000-puffs-strawberry-mango-der-ideale-begleiter-fuer-jedes-abenteuer\/#primaryimage","url":"https:\/\/vapingnet.de\/wp-content\/uploads\/2025\/03\/Strawberry-Mango.png","contentUrl":"https:\/\/vapingnet.de\/wp-content\/uploads\/2025\/03\/Strawberry-Mango.png","width":900,"height":600,"caption":"Strawberry Mango"},{"@type":"BreadcrumbList","@id":"https:\/\/vapingnet.de\/vape\/bang15000-puffs-strawberry-mango-der-ideale-begleiter-fuer-jedes-abenteuer\/#breadcrumb","itemListElement":[{"@type":"ListItem","position":1,"name":"Home","item":"https:\/\/vapingnet.de\/"},{"@type":"ListItem","position":2,"name":"Shop","item":"https:\/\/vapingnet.de\/vape\/"},{"@type":"ListItem","position":3,"name":"Bang15000 Puffs Strawberry Mango Der ideale Begleiter f\u00fcr jedes Abenteuer"}]},{"@type":"WebSite","@id":"https:\/\/vapingnet.de\/#website","url":"https:\/\/vapingnet.de\/","name":"Vapingnet.de","description":"","publisher":{"@id":"https:\/\/vapingnet.de\/#organization"},"potentialAction":[{"@type":"SearchAction","target":{"@type":"EntryPoint","urlTemplate":"https:\/\/vapingnet.de\/?s={search_term_string}"},"query-input":{"@type":"PropertyValueSpecification","valueRequired":true,"valueName":"search_term_string"}}],"inLanguage":"fr-FR"},{"@type":"Organization","@id":"https:\/\/vapingnet.de\/#organization","name":"Vapingnet.de","url":"https:\/\/vapingnet.de\/","logo":{"@type":"ImageObject","inLanguage":"fr-FR","@id":"https:\/\/vapingnet.de\/#\/schema\/logo\/image\/","url":"https:\/\/vapingnet.de\/wp-content\/uploads\/2025\/03\/cropped-vapingnet.de_.jpg","contentUrl":"https:\/\/vapingnet.de\/wp-content\/uploads\/2025\/03\/cropped-vapingnet.de_.jpg","width":512,"height":512,"caption":"Vapingnet.de"},"image":{"@id":"https:\/\/vapingnet.de\/#\/schema\/logo\/image\/"},"sameAs":["https:\/\/www.facebook.com\/vapingnetde\/"]}]}},"tiered_pricing_type":"fixed","tiered_pricing_fixed_rules":{"10":"7.31","60":"6.58","110":"5.85","200":"5.12"},"tiered_pricing_product_settings":{"layout":"default","base_unit_name":{"singular":null,"plural":null},"default_variation":null},"tiered_pricing_minimum_quantity":null,"tiered_pricing_roles_data":[],"tiered_pricing_percentage_rules":[],"_links":{"self":[{"href":"https:\/\/vapingnet.de\/fr\/wp-json\/wp\/v2\/product\/5233","targetHints":{"allow":["GET"]}}],"collection":[{"href":"https:\/\/vapingnet.de\/fr\/wp-json\/wp\/v2\/product"}],"about":[{"href":"https:\/\/vapingnet.de\/fr\/wp-json\/wp\/v2\/types\/product"}],"version-history":[{"count":2,"href":"https:\/\/vapingnet.de\/fr\/wp-json\/wp\/v2\/product\/5233\/revisions"}],"predecessor-version":[{"id":6908,"href":"https:\/\/vapingnet.de\/fr\/wp-json\/wp\/v2\/product\/5233\/revisions\/6908"}],"wp:featuredmedia":[{"embeddable":true,"href":"https:\/\/vapingnet.de\/fr\/wp-json\/wp\/v2\/media\/5216"}],"wp:attachment":[{"href":"https:\/\/vapingnet.de\/fr\/wp-json\/wp\/v2\/media?parent=5233"}],"wp:term":[{"taxonomy":"brand","embeddable":true,"href":"https:\/\/vapingnet.de\/fr\/wp-json\/wp\/v2\/etheme_brands?post=5233"},{"taxonomy":"product_brand","embeddable":true,"href":"https:\/\/vapingnet.de\/fr\/wp-json\/wp\/v2\/product_brand?post=5233"},{"taxonomy":"product_cat","embeddable":true,"href":"https:\/\/vapingnet.de\/fr\/wp-json\/wp\/v2\/product_cat?post=5233"},{"taxonomy":"product_tag","embeddable":true,"href":"https:\/\/vapingnet.de\/fr\/wp-json\/wp\/v2\/product_tag?post=5233"}],"curies":[{"name":"wp","href":"https:\/\/api.w.org\/{rel}","templated":true}]}}