{"id":5249,"date":"2025-03-13T08:29:55","date_gmt":"2025-03-13T08:29:55","guid":{"rendered":"https:\/\/vapingnet.de\/?post_type=product&#038;p=5249"},"modified":"2025-06-19T03:41:25","modified_gmt":"2025-06-19T03:41:25","slug":"bang-30000-puffs-einweg-vape-duty-free-strawberry-kimi-und-sour-apple-raspberry-fuer-langanhaltenden-dampf","status":"publish","type":"product","link":"https:\/\/vapingnet.de\/fr\/vape\/bang-30000-puffs-einweg-vape-duty-free-strawberry-kimi-und-sour-apple-raspberry-fuer-langanhaltenden-dampf\/","title":{"rendered":"Bang 30000 Puffs Vape Jetable Duty-free Fraise Kimi et Pomme Acidul\u00e9e Framboise pour une vapeur longue dur\u00e9e"},"content":{"rendered":"<h2 data-start=\"0\" data-end=\"128\">Bang King 30000 Bouff\u00e9es Jetable Double Saveur : Exp\u00e9rience ultime, Double plaisir gustatif, Utilisation longue dur\u00e9e<\/h2>\n<p data-start=\"157\" data-end=\"602\">La Bang King 30000 Bouff\u00e9es Jetable Double Saveur est une cigarette \u00e9lectronique innovante, combinant une durabilit\u00e9 extr\u00eame de 30 000 bouff\u00e9es, double plaisir gustatif, affichage intelligent et flux d'air r\u00e9glable. Elle a \u00e9t\u00e9 sp\u00e9cialement con\u00e7ue pour les utilisateurs recherchant une haute qualit\u00e9 et une utilisation prolong\u00e9e. Que vous soyez d\u00e9butant ou vapoteur exp\u00e9riment\u00e9, ce produit vous offre une exp\u00e9rience de vapotage totalement nouvelle.<\/p>\n<h3 data-start=\"609\" data-end=\"636\">Points forts du produit :<\/h3>\n<h4 data-start=\"638\" data-end=\"681\">1. Double plaisir gustatif<\/h4>\n<ul data-start=\"682\" data-end=\"1076\">\n<li data-start=\"682\" data-end=\"850\">Strawberry Kimi : Un go\u00fbt de fraise sucr\u00e9, qui ravit avec un ar\u00f4me fruit\u00e9 intense et vous fait ressentir la fra\u00eecheur d'une fraise fra\u00eeche.<\/li>\n<li data-start=\"851\" data-end=\"1076\">Sour Apple Raspberry : Une combinaison unique de pomme acidul\u00e9e et de framboise sucr\u00e9e, offrant une exp\u00e9rience gustative rafra\u00eechissante et vous surprenant avec chaque inhalation revitalisante.<\/li>\n<\/ul>\n<h4 data-start=\"1078\" data-end=\"1116\">2. Dur\u00e9e de vie extr\u00eamement longue<\/h4>\n<p data-start=\"1117\" data-end=\"1372\">Avec <a href=\"https:\/\/vapingnet.de\/fr\/k\/vape-30000-zuege\/\" target=\"_blank\" rel=\"noopener\"><strong>30 000 bouff\u00e9es<\/strong><\/a> vous pouvez profiter d'une exp\u00e9rience de vapotage extr\u00eamement longue sans avoir \u00e0 changer constamment d'appareil. Cette cigarette \u00e9lectronique avec une grande capacit\u00e9 vous permet de profiter plus longtemps sans vous soucier de la recharge.<\/p>\n<h4 data-start=\"1374\" data-end=\"1418\">3. Technologie de chauffage Mesh Coil 1.0\u03a9<\/h4>\n<p data-start=\"1419\" data-end=\"1655\">La coil Mesh 1.0\u03a9 assure une vaporisation uniforme et garantit \u00e0 chaque inhalation une exp\u00e9rience gustative douce et intense. Que vous pr\u00e9f\u00e9riez des ar\u00f4mes puissants ou doux \u2013 cet appareil vous offre les deux parfaitement.<\/p>\n<h4 data-start=\"1657\" data-end=\"1694\">4. Flux d'air r\u00e9glable<\/h4>\n<p data-start=\"1695\" data-end=\"1981\">La fonction de flux d'air r\u00e9glable vous permet d'ajuster la r\u00e9sistance de votre inhalation selon vos pr\u00e9f\u00e9rences personnelles. Que vous pr\u00e9f\u00e9riez une aspiration l\u00e9g\u00e8re et agr\u00e9able ou un go\u00fbt plus intense \u2013 vous pouvez trouver le r\u00e9glage parfait pour vous.<\/p>\n<h4 data-start=\"1983\" data-end=\"2026\">5. Batterie rechargeable de 550mAh<\/h4>\n<p data-start=\"2027\" data-end=\"2271\">Avec une batterie de 550mAh, vous pouvez utiliser l'appareil pendant une longue p\u00e9riode sans avoir \u00e0 le recharger constamment. La connexion de charge rapide Type-C permet un temps de charge efficace et rapide, pour que vous soyez toujours pr\u00eat pour votre exp\u00e9rience de vapotage.<\/p>\n<h4 data-start=\"2273\" data-end=\"2314\">6. Capacit\u00e9 de liquide de 36ml<\/h4>\n<p data-start=\"2315\" data-end=\"2481\">Avec une capacit\u00e9 de 36ml, vous n'avez pas besoin de remplir le liquide constamment, ce qui vous fait gagner du temps et vous permet une utilisation prolong\u00e9e sans interruptions fr\u00e9quentes.<\/p>\n<h4 data-start=\"2483\" data-end=\"2515\">7. Affichage num\u00e9rique LED<\/h4>\n<p data-start=\"2516\" data-end=\"2740\">L'affichage num\u00e9rique LED vous indique \u00e0 tout moment le niveau de la batterie et le r\u00e9glage de saveur actuel. Ainsi, vous avez toujours une vue d'ensemble et pouvez vous assurer de ne jamais vapoter sans \u00e9nergie ou avec un go\u00fbt incorrect.<\/p>\n<h4 data-start=\"2742\" data-end=\"2783\">8. Diff\u00e9rentes concentrations de nicotine<\/h4>\n<p data-start=\"2784\" data-end=\"2982\">Choisissez entre les concentrations de nicotine 0%, 2%, 3% ou 5%, selon la concentration qui correspond \u00e0 vos besoins. (La nicotine 0% et 3% n'est disponible qu'en commandes en gros)<\/p>\n<h3>Pourquoi devriez-vous choisir le Bang King 30000 ?<\/h3>\n<ul data-start=\"3044\" data-end=\"3826\">\n<li data-start=\"3044\" data-end=\"3190\">Exp\u00e9rience de vapotage longue dur\u00e9e : Avec 30 000 bouff\u00e9es, profitez d'une exp\u00e9rience de vapotage prolong\u00e9e sans avoir \u00e0 changer fr\u00e9quemment l'appareil.<\/li>\n<li data-start=\"3191\" data-end=\"3374\">Exp\u00e9riences gustatives vari\u00e9es : Les deux saveurs d\u00e9licieuses Strawberry Kimi et Sour Apple Raspberry vous offrent \u00e0 tout moment une nouvelle exp\u00e9rience gustative rafra\u00eechissante.<\/li>\n<li data-start=\"3375\" data-end=\"3505\">Technologie de vaporisation efficace : La mesh coil 1.0\u03a9 assure une vaporisation uniforme et un go\u00fbt intense.<\/li>\n<li data-start=\"3506\" data-end=\"3655\">Utilisation simple avec charge rapide : La prise de charge rapide Type-C garantit un temps de charge court, pour que vous soyez toujours pr\u00eat.<\/li>\n<li data-start=\"3656\" data-end=\"3826\">Affichage intelligent : Avec l'\u00e9cran LED num\u00e9rique, vous gardez toujours un \u0153il sur le niveau de batterie et le go\u00fbt, pour rendre le vapotage encore plus agr\u00e9able.<\/li>\n<\/ul>\n<p data-start=\"3833\" data-end=\"3998\">Achetez d\u00e8s maintenant le Bang King 30000 Puffs Dual Flavor Disposable et vivez l'exp\u00e9rience de vapotage ultime !<br data-start=\"3938\" data-end=\"3941\" \/>\ud83d\udc49 Acheter maintenant : <a href=\"https:\/\/vapingnet.de\/fr\/\" target=\"_new\" rel=\"noopener\" data-start=\"3962\" data-end=\"3998\">vapingnet.de<\/a><\/p>\n<p data-start=\"4000\" data-end=\"4098\" data-is-last-node=\"\" data-is-only-node=\"\">Bang King 30000 Puffs Dual Flavor Disposable \u2013 Chaque bouff\u00e9e devient un plaisir, dans votre main !<\/p>","protected":false},"excerpt":{"rendered":"<p>Bang King 30000 Bouff\u00e9es Dispositif Jetable Double Saveur : Exp\u00e9rience ultime, double exp\u00e9rience gustative, utilisation prolong\u00e9e La Bang King 30000 Bouff\u00e9es Dispositif Jetable est une cigarette \u00e9lectronique innovante,...<\/p>","protected":false},"featured_media":5255,"template":"","meta":[],"etheme_brands":[],"product_brand":[101],"product_cat":[56,49,61],"product_tag":[],"class_list":{"0":"post-5249","1":"product","2":"type-product","3":"status-publish","4":"has-post-thumbnail","6":"product_brand-bang-king-vape","7":"product_cat-vape-30000-zuege","8":"product_cat-einweg-e-zigarette","9":"product_cat-f","11":"first","12":"instock","13":"shipping-taxable","14":"purchasable","15":"product-type-simple"},"yoast_head":"<!-- This site is optimized with the Yoast SEO plugin v26.5 - https:\/\/yoast.com\/wordpress\/plugins\/seo\/ -->\n<title>Bang 30000 Puffs Einweg Vape Duty-free Strawberry Kimi und Sour Apple Raspberry f\u00fcr langanhaltenden Dampf | Vapingnet.de<\/title>\n<meta name=\"description\" content=\"Entdecke Bang 30000 Puffs Einweg Vape Duty-free Strawberry Kimi und Sour Apple Raspberry f\u00fcr langanhaltenden Dampf bei vapingnet.de, \u25ba Gro\u00dfe Auswahl an Geschmacksrichtungen &amp; super g\u00fcnstig!\" \/>\n<meta name=\"robots\" content=\"index, follow, max-snippet:-1, max-image-preview:large, max-video-preview:-1\" \/>\n<link rel=\"canonical\" href=\"https:\/\/vapingnet.de\/fr\/vape\/bang-30000-puffs-einweg-vape-duty-free-strawberry-kimi-und-sour-apple-raspberry-fuer-langanhaltenden-dampf\/\" \/>\n<meta property=\"og:locale\" content=\"fr_FR\" \/>\n<meta property=\"og:type\" content=\"article\" \/>\n<meta property=\"og:title\" content=\"Bang 30000 Puffs Einweg Vape Duty-free Strawberry Kimi und Sour Apple Raspberry f\u00fcr langanhaltenden Dampf | Vapingnet.de\" \/>\n<meta property=\"og:description\" content=\"Entdecke Bang 30000 Puffs Einweg Vape Duty-free Strawberry Kimi und Sour Apple Raspberry f\u00fcr langanhaltenden Dampf bei vapingnet.de, \u25ba Gro\u00dfe Auswahl an Geschmacksrichtungen &amp; super g\u00fcnstig!\" \/>\n<meta property=\"og:url\" content=\"https:\/\/vapingnet.de\/fr\/vape\/bang-30000-puffs-einweg-vape-duty-free-strawberry-kimi-und-sour-apple-raspberry-fuer-langanhaltenden-dampf\/\" \/>\n<meta property=\"og:site_name\" content=\"Vapingnet.de\" \/>\n<meta property=\"article:publisher\" content=\"https:\/\/www.facebook.com\/vapingnetde\/\" \/>\n<meta property=\"article:modified_time\" content=\"2025-06-19T03:41:25+00:00\" \/>\n<meta property=\"og:image\" content=\"https:\/\/vapingnet.de\/wp-content\/uploads\/2025\/03\/Strawberry-Kimi-und-Sour-Apple-Raspberry.png\" \/>\n\t<meta property=\"og:image:width\" content=\"900\" \/>\n\t<meta property=\"og:image:height\" content=\"600\" \/>\n\t<meta property=\"og:image:type\" content=\"image\/png\" \/>\n<meta name=\"twitter:card\" content=\"summary_large_image\" \/>\n<meta name=\"twitter:label1\" content=\"Dur\u00e9e de lecture estim\u00e9e\" \/>\n\t<meta name=\"twitter:data1\" content=\"4 minutes\" \/>\n<script type=\"application\/ld+json\" class=\"yoast-schema-graph\">{\"@context\":\"https:\/\/schema.org\",\"@graph\":[{\"@type\":\"WebPage\",\"@id\":\"https:\/\/vapingnet.de\/vape\/bang-30000-puffs-einweg-vape-duty-free-strawberry-kimi-und-sour-apple-raspberry-fuer-langanhaltenden-dampf\/\",\"url\":\"https:\/\/vapingnet.de\/vape\/bang-30000-puffs-einweg-vape-duty-free-strawberry-kimi-und-sour-apple-raspberry-fuer-langanhaltenden-dampf\/\",\"name\":\"Bang 30000 Puffs Einweg Vape Duty-free Strawberry Kimi und Sour Apple Raspberry f\u00fcr langanhaltenden Dampf | Vapingnet.de\",\"isPartOf\":{\"@id\":\"https:\/\/vapingnet.de\/#website\"},\"primaryImageOfPage\":{\"@id\":\"https:\/\/vapingnet.de\/vape\/bang-30000-puffs-einweg-vape-duty-free-strawberry-kimi-und-sour-apple-raspberry-fuer-langanhaltenden-dampf\/#primaryimage\"},\"image\":{\"@id\":\"https:\/\/vapingnet.de\/vape\/bang-30000-puffs-einweg-vape-duty-free-strawberry-kimi-und-sour-apple-raspberry-fuer-langanhaltenden-dampf\/#primaryimage\"},\"thumbnailUrl\":\"https:\/\/vapingnet.de\/wp-content\/uploads\/2025\/03\/Strawberry-Kimi-und-Sour-Apple-Raspberry.png\",\"datePublished\":\"2025-03-13T08:29:55+00:00\",\"dateModified\":\"2025-06-19T03:41:25+00:00\",\"description\":\"Entdecke Bang 30000 Puffs Einweg Vape Duty-free Strawberry Kimi und Sour Apple Raspberry f\u00fcr langanhaltenden Dampf bei vapingnet.de, \u25ba Gro\u00dfe Auswahl an Geschmacksrichtungen & super g\u00fcnstig!\",\"breadcrumb\":{\"@id\":\"https:\/\/vapingnet.de\/vape\/bang-30000-puffs-einweg-vape-duty-free-strawberry-kimi-und-sour-apple-raspberry-fuer-langanhaltenden-dampf\/#breadcrumb\"},\"inLanguage\":\"fr-FR\",\"potentialAction\":[{\"@type\":\"ReadAction\",\"target\":[\"https:\/\/vapingnet.de\/vape\/bang-30000-puffs-einweg-vape-duty-free-strawberry-kimi-und-sour-apple-raspberry-fuer-langanhaltenden-dampf\/\"]}]},{\"@type\":\"ImageObject\",\"inLanguage\":\"fr-FR\",\"@id\":\"https:\/\/vapingnet.de\/vape\/bang-30000-puffs-einweg-vape-duty-free-strawberry-kimi-und-sour-apple-raspberry-fuer-langanhaltenden-dampf\/#primaryimage\",\"url\":\"https:\/\/vapingnet.de\/wp-content\/uploads\/2025\/03\/Strawberry-Kimi-und-Sour-Apple-Raspberry.png\",\"contentUrl\":\"https:\/\/vapingnet.de\/wp-content\/uploads\/2025\/03\/Strawberry-Kimi-und-Sour-Apple-Raspberry.png\",\"width\":900,\"height\":600,\"caption\":\"Strawberry Kimi und Sour Apple Raspberry\"},{\"@type\":\"BreadcrumbList\",\"@id\":\"https:\/\/vapingnet.de\/vape\/bang-30000-puffs-einweg-vape-duty-free-strawberry-kimi-und-sour-apple-raspberry-fuer-langanhaltenden-dampf\/#breadcrumb\",\"itemListElement\":[{\"@type\":\"ListItem\",\"position\":1,\"name\":\"Home\",\"item\":\"https:\/\/vapingnet.de\/\"},{\"@type\":\"ListItem\",\"position\":2,\"name\":\"Shop\",\"item\":\"https:\/\/vapingnet.de\/vape\/\"},{\"@type\":\"ListItem\",\"position\":3,\"name\":\"Bang 30000 Puffs Einweg Vape Duty-free Strawberry Kimi und Sour Apple Raspberry f\u00fcr langanhaltenden Dampf\"}]},{\"@type\":\"WebSite\",\"@id\":\"https:\/\/vapingnet.de\/#website\",\"url\":\"https:\/\/vapingnet.de\/\",\"name\":\"Vapingnet.de\",\"description\":\"\",\"publisher\":{\"@id\":\"https:\/\/vapingnet.de\/#organization\"},\"potentialAction\":[{\"@type\":\"SearchAction\",\"target\":{\"@type\":\"EntryPoint\",\"urlTemplate\":\"https:\/\/vapingnet.de\/?s={search_term_string}\"},\"query-input\":{\"@type\":\"PropertyValueSpecification\",\"valueRequired\":true,\"valueName\":\"search_term_string\"}}],\"inLanguage\":\"fr-FR\"},{\"@type\":\"Organization\",\"@id\":\"https:\/\/vapingnet.de\/#organization\",\"name\":\"Vapingnet.de\",\"url\":\"https:\/\/vapingnet.de\/\",\"logo\":{\"@type\":\"ImageObject\",\"inLanguage\":\"fr-FR\",\"@id\":\"https:\/\/vapingnet.de\/#\/schema\/logo\/image\/\",\"url\":\"https:\/\/vapingnet.de\/wp-content\/uploads\/2025\/03\/cropped-vapingnet.de_.jpg\",\"contentUrl\":\"https:\/\/vapingnet.de\/wp-content\/uploads\/2025\/03\/cropped-vapingnet.de_.jpg\",\"width\":512,\"height\":512,\"caption\":\"Vapingnet.de\"},\"image\":{\"@id\":\"https:\/\/vapingnet.de\/#\/schema\/logo\/image\/\"},\"sameAs\":[\"https:\/\/www.facebook.com\/vapingnetde\/\"]}]}<\/script>\n<!-- \/ Yoast SEO plugin. -->","yoast_head_json":{"title":"Bang 30000 Puffs Einweg Vape Duty-free Strawberry Kimi und Sour Apple Raspberry f\u00fcr langanhaltenden Dampf | Vapingnet.de","description":"Entdecke Bang 30000 Puffs Einweg Vape Duty-free Strawberry Kimi und Sour Apple Raspberry f\u00fcr langanhaltenden Dampf bei vapingnet.de, \u25ba Gro\u00dfe Auswahl an Geschmacksrichtungen & super g\u00fcnstig!","robots":{"index":"index","follow":"follow","max-snippet":"max-snippet:-1","max-image-preview":"max-image-preview:large","max-video-preview":"max-video-preview:-1"},"canonical":"https:\/\/vapingnet.de\/fr\/vape\/bang-30000-puffs-einweg-vape-duty-free-strawberry-kimi-und-sour-apple-raspberry-fuer-langanhaltenden-dampf\/","og_locale":"fr_FR","og_type":"article","og_title":"Bang 30000 Puffs Einweg Vape Duty-free Strawberry Kimi und Sour Apple Raspberry f\u00fcr langanhaltenden Dampf | Vapingnet.de","og_description":"Entdecke Bang 30000 Puffs Einweg Vape Duty-free Strawberry Kimi und Sour Apple Raspberry f\u00fcr langanhaltenden Dampf bei vapingnet.de, \u25ba Gro\u00dfe Auswahl an Geschmacksrichtungen & super g\u00fcnstig!","og_url":"https:\/\/vapingnet.de\/fr\/vape\/bang-30000-puffs-einweg-vape-duty-free-strawberry-kimi-und-sour-apple-raspberry-fuer-langanhaltenden-dampf\/","og_site_name":"Vapingnet.de","article_publisher":"https:\/\/www.facebook.com\/vapingnetde\/","article_modified_time":"2025-06-19T03:41:25+00:00","og_image":[{"width":900,"height":600,"url":"https:\/\/vapingnet.de\/wp-content\/uploads\/2025\/03\/Strawberry-Kimi-und-Sour-Apple-Raspberry.png","type":"image\/png"}],"twitter_card":"summary_large_image","twitter_misc":{"Dur\u00e9e de lecture estim\u00e9e":"4 minutes"},"schema":{"@context":"https:\/\/schema.org","@graph":[{"@type":"WebPage","@id":"https:\/\/vapingnet.de\/vape\/bang-30000-puffs-einweg-vape-duty-free-strawberry-kimi-und-sour-apple-raspberry-fuer-langanhaltenden-dampf\/","url":"https:\/\/vapingnet.de\/vape\/bang-30000-puffs-einweg-vape-duty-free-strawberry-kimi-und-sour-apple-raspberry-fuer-langanhaltenden-dampf\/","name":"Bang 30000 Puffs Einweg Vape Duty-free Strawberry Kimi und Sour Apple Raspberry f\u00fcr langanhaltenden Dampf | Vapingnet.de","isPartOf":{"@id":"https:\/\/vapingnet.de\/#website"},"primaryImageOfPage":{"@id":"https:\/\/vapingnet.de\/vape\/bang-30000-puffs-einweg-vape-duty-free-strawberry-kimi-und-sour-apple-raspberry-fuer-langanhaltenden-dampf\/#primaryimage"},"image":{"@id":"https:\/\/vapingnet.de\/vape\/bang-30000-puffs-einweg-vape-duty-free-strawberry-kimi-und-sour-apple-raspberry-fuer-langanhaltenden-dampf\/#primaryimage"},"thumbnailUrl":"https:\/\/vapingnet.de\/wp-content\/uploads\/2025\/03\/Strawberry-Kimi-und-Sour-Apple-Raspberry.png","datePublished":"2025-03-13T08:29:55+00:00","dateModified":"2025-06-19T03:41:25+00:00","description":"Entdecke Bang 30000 Puffs Einweg Vape Duty-free Strawberry Kimi und Sour Apple Raspberry f\u00fcr langanhaltenden Dampf bei vapingnet.de, \u25ba Gro\u00dfe Auswahl an Geschmacksrichtungen & super g\u00fcnstig!","breadcrumb":{"@id":"https:\/\/vapingnet.de\/vape\/bang-30000-puffs-einweg-vape-duty-free-strawberry-kimi-und-sour-apple-raspberry-fuer-langanhaltenden-dampf\/#breadcrumb"},"inLanguage":"fr-FR","potentialAction":[{"@type":"ReadAction","target":["https:\/\/vapingnet.de\/vape\/bang-30000-puffs-einweg-vape-duty-free-strawberry-kimi-und-sour-apple-raspberry-fuer-langanhaltenden-dampf\/"]}]},{"@type":"ImageObject","inLanguage":"fr-FR","@id":"https:\/\/vapingnet.de\/vape\/bang-30000-puffs-einweg-vape-duty-free-strawberry-kimi-und-sour-apple-raspberry-fuer-langanhaltenden-dampf\/#primaryimage","url":"https:\/\/vapingnet.de\/wp-content\/uploads\/2025\/03\/Strawberry-Kimi-und-Sour-Apple-Raspberry.png","contentUrl":"https:\/\/vapingnet.de\/wp-content\/uploads\/2025\/03\/Strawberry-Kimi-und-Sour-Apple-Raspberry.png","width":900,"height":600,"caption":"Strawberry Kimi und Sour Apple Raspberry"},{"@type":"BreadcrumbList","@id":"https:\/\/vapingnet.de\/vape\/bang-30000-puffs-einweg-vape-duty-free-strawberry-kimi-und-sour-apple-raspberry-fuer-langanhaltenden-dampf\/#breadcrumb","itemListElement":[{"@type":"ListItem","position":1,"name":"Home","item":"https:\/\/vapingnet.de\/"},{"@type":"ListItem","position":2,"name":"Shop","item":"https:\/\/vapingnet.de\/vape\/"},{"@type":"ListItem","position":3,"name":"Bang 30000 Puffs Einweg Vape Duty-free Strawberry Kimi und Sour Apple Raspberry f\u00fcr langanhaltenden Dampf"}]},{"@type":"WebSite","@id":"https:\/\/vapingnet.de\/#website","url":"https:\/\/vapingnet.de\/","name":"Vapingnet.de","description":"","publisher":{"@id":"https:\/\/vapingnet.de\/#organization"},"potentialAction":[{"@type":"SearchAction","target":{"@type":"EntryPoint","urlTemplate":"https:\/\/vapingnet.de\/?s={search_term_string}"},"query-input":{"@type":"PropertyValueSpecification","valueRequired":true,"valueName":"search_term_string"}}],"inLanguage":"fr-FR"},{"@type":"Organization","@id":"https:\/\/vapingnet.de\/#organization","name":"Vapingnet.de","url":"https:\/\/vapingnet.de\/","logo":{"@type":"ImageObject","inLanguage":"fr-FR","@id":"https:\/\/vapingnet.de\/#\/schema\/logo\/image\/","url":"https:\/\/vapingnet.de\/wp-content\/uploads\/2025\/03\/cropped-vapingnet.de_.jpg","contentUrl":"https:\/\/vapingnet.de\/wp-content\/uploads\/2025\/03\/cropped-vapingnet.de_.jpg","width":512,"height":512,"caption":"Vapingnet.de"},"image":{"@id":"https:\/\/vapingnet.de\/#\/schema\/logo\/image\/"},"sameAs":["https:\/\/www.facebook.com\/vapingnetde\/"]}]}},"tiered_pricing_type":"fixed","tiered_pricing_fixed_rules":{"10":"9.49","60":"8.54","110":"7.59","200":"6.64"},"tiered_pricing_product_settings":{"layout":"default","base_unit_name":{"singular":null,"plural":null},"default_variation":null},"tiered_pricing_minimum_quantity":null,"tiered_pricing_roles_data":[],"tiered_pricing_percentage_rules":[],"_links":{"self":[{"href":"https:\/\/vapingnet.de\/fr\/wp-json\/wp\/v2\/product\/5249","targetHints":{"allow":["GET"]}}],"collection":[{"href":"https:\/\/vapingnet.de\/fr\/wp-json\/wp\/v2\/product"}],"about":[{"href":"https:\/\/vapingnet.de\/fr\/wp-json\/wp\/v2\/types\/product"}],"version-history":[{"count":4,"href":"https:\/\/vapingnet.de\/fr\/wp-json\/wp\/v2\/product\/5249\/revisions"}],"predecessor-version":[{"id":5256,"href":"https:\/\/vapingnet.de\/fr\/wp-json\/wp\/v2\/product\/5249\/revisions\/5256"}],"wp:featuredmedia":[{"embeddable":true,"href":"https:\/\/vapingnet.de\/fr\/wp-json\/wp\/v2\/media\/5255"}],"wp:attachment":[{"href":"https:\/\/vapingnet.de\/fr\/wp-json\/wp\/v2\/media?parent=5249"}],"wp:term":[{"taxonomy":"brand","embeddable":true,"href":"https:\/\/vapingnet.de\/fr\/wp-json\/wp\/v2\/etheme_brands?post=5249"},{"taxonomy":"product_brand","embeddable":true,"href":"https:\/\/vapingnet.de\/fr\/wp-json\/wp\/v2\/product_brand?post=5249"},{"taxonomy":"product_cat","embeddable":true,"href":"https:\/\/vapingnet.de\/fr\/wp-json\/wp\/v2\/product_cat?post=5249"},{"taxonomy":"product_tag","embeddable":true,"href":"https:\/\/vapingnet.de\/fr\/wp-json\/wp\/v2\/product_tag?post=5249"}],"curies":[{"name":"wp","href":"https:\/\/api.w.org\/{rel}","templated":true}]}}