{"id":5257,"date":"2025-03-13T08:47:48","date_gmt":"2025-03-13T08:47:48","guid":{"rendered":"https:\/\/vapingnet.de\/?post_type=product&#038;p=5257"},"modified":"2025-06-19T03:41:24","modified_gmt":"2025-06-19T03:41:24","slug":"bang-30000-puffs-einweg-e-zigarette-blueberry-raspberry-und-peach-mango-watermelon-jetzt-zum-grosshandelspreis","status":"publish","type":"product","link":"https:\/\/vapingnet.de\/fr\/vape\/bang-30000-puffs-einweg-e-zigarette-blueberry-raspberry-und-peach-mango-watermelon-jetzt-zum-grosshandelspreis\/","title":{"rendered":"Bang 30000 Bouff\u00e9es Cigarette \u00c9lectronique Jetable Myrtille Framboise et P\u00eache Mangue Past\u00e8que maintenant au prix de gros"},"content":{"rendered":"<h2 data-start=\"0\" data-end=\"107\">Bang King 30000 Bouff\u00e9es Dispositif Jetable Double Saveur \u2013 Double vari\u00e9t\u00e9 de saveurs, plaisir durable<\/h2>\n<p data-start=\"136\" data-end=\"541\">Les <a href=\"https:\/\/vapingnet.de\/fr\/bang-king-30000-puffs\/\" target=\"_blank\" rel=\"noopener\"><strong>Bang King 30000 Bouff\u00e9es Dispositif Jetable Double Saveur <\/strong><\/a>est une cigarette \u00e9lectronique innovante avec une durabilit\u00e9 exceptionnelle et une saveur de haute qualit\u00e9. Avec 30 000 bouff\u00e9es et un r\u00e9servoir de liquide de 36 ml, elle offre une exp\u00e9rience d'utilisation in\u00e9gal\u00e9e. Gr\u00e2ce \u00e0 la technologie Double Saveur, vous pouvez passer entre deux saveurs et personnaliser votre exp\u00e9rience de vapotage.<\/p>\n<h4 data-start=\"543\" data-end=\"566\">Caract\u00e9ristiques principales<\/h4>\n<ul data-start=\"567\" data-end=\"2073\">\n<li data-start=\"567\" data-end=\"930\">\n<p data-start=\"569\" data-end=\"603\">Double vari\u00e9t\u00e9 de saveurs :<\/p>\n<ol data-start=\"606\" data-end=\"930\">\n<li data-start=\"606\" data-end=\"767\">Myrtille Framboise \u2013 Le m\u00e9lange parfait de myrtilles sucr\u00e9es et de framboises l\u00e9g\u00e8rement acidul\u00e9es pour une fra\u00eecheur fruit\u00e9e.<\/li>\n<li data-start=\"770\" data-end=\"930\">P\u00eache Mangue Past\u00e8que \u2013 Une combinaison d\u00e9licieuse de p\u00eache m\u00fbre, mangue exotique et past\u00e8que rafra\u00eechissante.<\/li>\n<\/ol>\n<\/li>\n<li data-start=\"932\" data-end=\"1173\">\n<p data-start=\"934\" data-end=\"1173\">Dur\u00e9e de vie extr\u00eamement longue :<br data-start=\"963\" data-end=\"966\" \/>Avec 30 000 bouff\u00e9es, la Bang King offre une exp\u00e9rience de vapotage bien plus longue que les cigarettes \u00e9lectroniques classiques. Id\u00e9al pour ceux qui recherchent un plaisir durable sans avoir \u00e0 remplir ou changer fr\u00e9quemment.<\/p>\n<\/li>\n<li data-start=\"1175\" data-end=\"1383\">\n<p data-start=\"1177\" data-end=\"1383\">Technologie Mesh Coil 1.0\u03a9 :<br data-start=\"1208\" data-end=\"1211\" \/>La technologie Mesh Coil 1.0\u03a9 assure une vaporisation uniforme et une saveur intense. R\u00e9sultat : une vapeur dense et une sensation de tirage particuli\u00e8rement agr\u00e9able.<\/p>\n<\/li>\n<li data-start=\"1385\" data-end=\"1551\">\n<p data-start=\"1387\" data-end=\"1551\">Flux d'air r\u00e9glable :<br data-start=\"1415\" data-end=\"1418\" \/>Gr\u00e2ce \u00e0 l'airflow r\u00e9glable, vous pouvez ajuster la r\u00e9sistance \u00e0 l'inhalation selon vos pr\u00e9f\u00e9rences \u2013 pour une exp\u00e9rience de vapotage parfaitement adapt\u00e9e.<\/p>\n<\/li>\n<li data-start=\"1553\" data-end=\"1754\">\n<p data-start=\"1555\" data-end=\"1754\">Batterie rechargeable de 550mAh :<br data-start=\"1589\" data-end=\"1592\" \/>La batterie puissante de 550mAh se recharge rapidement via le port Type-C, pour que vous soyez toujours pr\u00eat pour votre prochaine s\u00e9ance de vapotage.<\/p>\n<\/li>\n<li data-start=\"1756\" data-end=\"1891\">\n<p data-start=\"1758\" data-end=\"1891\">R\u00e9servoir de liquide de 36 ml :<br data-start=\"1779\" data-end=\"1782\" \/>Avec un r\u00e9servoir de 36 ml, profitez d'une vapeur longue dur\u00e9e sans avoir \u00e0 remplir constamment.<\/p>\n<\/li>\n<li data-start=\"1893\" data-end=\"2073\">\n<p data-start=\"1895\" data-end=\"2073\">Affichage num\u00e9rique LED :<br data-start=\"1918\" data-end=\"1921\" \/>L'affichage LED intelligent vous indique le niveau de batterie actuel et la saveur s\u00e9lectionn\u00e9e, pour toujours avoir une vue d'ensemble parfaite.<\/p>\n<\/li>\n<\/ul>\n<h4 data-start=\"2075\" data-end=\"2110\">Pour qui est-elle adapt\u00e9e ?<\/h4>\n<p data-start=\"2111\" data-end=\"2530\">\u2714 Amateurs de cigarettes \u00e9lectroniques : Que vous soyez d\u00e9butant ou vapoteur exp\u00e9riment\u00e9 \u2013 la Bang King vous offre une exp\u00e9rience de premi\u00e8re classe, durable.<br data-start=\"2251\" data-end=\"2254\" \/>\u2714 D\u00e9couvreurs de saveurs : Gr\u00e2ce \u00e0 la technologie Double Saveur, vous pouvez profiter de deux ar\u00f4mes diff\u00e9rents et changer \u00e0 tout moment.<br data-start=\"2382\" data-end=\"2385\" \/>\u2714 Connaisseurs pratiques : Avec la batterie rechargeable, grand r\u00e9servoir de liquide et utilisation facile, cette cigarette \u00e9lectronique est id\u00e9ale pour la route.<\/p>\n<h4 data-start=\"2532\" data-end=\"2565\">Niveaux de nicotine s\u00e9lectionnables<\/h4>\n<p data-start=\"2566\" data-end=\"2648\">Selon votre pr\u00e9f\u00e9rence, vous pouvez choisir parmi diff\u00e9rentes concentrations de nicotine :<\/p>\n<ul data-start=\"2649\" data-end=\"2871\">\n<li data-start=\"2649\" data-end=\"2708\">0% \u2013 Sans nicotine pour une exp\u00e9rience de go\u00fbt pure.<\/li>\n<li data-start=\"2709\" data-end=\"2871\">2%, 3% et 5% \u2013 Niveaux de nicotine personnalis\u00e9s pour chaque type de vapoteur.<br data-start=\"2788\" data-end=\"2791\" \/>(Veuillez noter : 0% et 3% Nicotine ne sont disponibles que pour les commandes en gros.)<\/li>\n<\/ul>\n<h3>Pourquoi Bang King 30000 Puffs Dual Flavor Jetable ?<\/h3>\n<p data-start=\"2935\" data-end=\"3391\">\u2705 Utilisation exceptionnellement longue : Jusqu'\u00e0 30 000 bouff\u00e9es pour une exp\u00e9rience de vapotage durable.<br data-start=\"3026\" data-end=\"3029\" \/>\u2705 Deux saveurs dans un seul appareil : Parfait pour la vari\u00e9t\u00e9 et le plaisir personnalis\u00e9.<br data-start=\"3126\" data-end=\"3129\" \/>\u2705 Technologie premium : La r\u00e9sistance en mesh assure une vapeur riche et aromatique.<br data-start=\"3207\" data-end=\"3210\" \/>\u2705 Confort et efficacit\u00e9 : Recharge rapide via Type-C et flux d'air r\u00e9glable.<br data-start=\"3302\" data-end=\"3305\" \/>\u2705 Affichage LED clair : Toujours avoir le contr\u00f4le total sur la batterie et le go\u00fbt.<\/p>\n<h4 data-start=\"3393\" data-end=\"3419\">Commandez maintenant !<\/h4>\n<p data-start=\"3420\" data-end=\"3578\">Visitez <a href=\"https:\/\/vapingnet.de\/fr\/\" target=\"_new\" rel=\"noopener\" data-start=\"3430\" data-end=\"3466\">vapingnet.de<\/a> et obtenez votre Bang King 30000 Puffs Dual Flavor Jetable pour une exp\u00e9rience de vapotage in\u00e9gal\u00e9e !<\/p>\n<p data-start=\"3580\" data-end=\"3673\" data-is-last-node=\"\" data-is-only-node=\"\">\ud83d\udd25 Bang King 30000 Puffs Jetable Dual Flavor \u2013 Performance maximale, plaisir maximal ! \ud83d\udd25<\/p>\n<p>&nbsp;<\/p>","protected":false},"excerpt":{"rendered":"<p>Bang King 30000 Puffs Dual Flavor Disposable \u2013 Doppelte Geschmacksvielfalt, langanhaltender Genuss Die Bang King 30000 Puffs Dual Flavor Disposable ist eine innovative E-Zigarette mit&#8230;<\/p>","protected":false},"featured_media":5259,"template":"","meta":[],"etheme_brands":[],"product_brand":[101],"product_cat":[56,49,61],"product_tag":[],"class_list":{"0":"post-5257","1":"product","2":"type-product","3":"status-publish","4":"has-post-thumbnail","6":"product_brand-bang-king-vape","7":"product_cat-vape-30000-zuege","8":"product_cat-einweg-e-zigarette","9":"product_cat-f","11":"first","12":"instock","13":"shipping-taxable","14":"purchasable","15":"product-type-simple"},"yoast_head":"<!-- This site is optimized with the Yoast SEO plugin v26.5 - https:\/\/yoast.com\/wordpress\/plugins\/seo\/ -->\n<title>Bang 30000 Puffs Einweg E-Zigarette Blueberry Raspberry und Peach Mango Watermelon jetzt zum Gro\u00dfhandelspreis | Vapingnet.de<\/title>\n<meta name=\"description\" content=\"Entdecke Bang 30000 Puffs Einweg E-Zigarette Blueberry Raspberry und Peach Mango Watermelon jetzt zum Gro\u00dfhandelspreis bei vapingnet.de, \u25ba Gro\u00dfe Auswahl an Geschmacksrichtungen &amp; super g\u00fcnstig!\" \/>\n<meta name=\"robots\" content=\"index, follow, max-snippet:-1, max-image-preview:large, max-video-preview:-1\" \/>\n<link rel=\"canonical\" href=\"https:\/\/vapingnet.de\/fr\/vape\/bang-30000-puffs-einweg-e-zigarette-blueberry-raspberry-und-peach-mango-watermelon-jetzt-zum-grosshandelspreis\/\" \/>\n<meta property=\"og:locale\" content=\"fr_FR\" \/>\n<meta property=\"og:type\" content=\"article\" \/>\n<meta property=\"og:title\" content=\"Bang 30000 Puffs Einweg E-Zigarette Blueberry Raspberry und Peach Mango Watermelon jetzt zum Gro\u00dfhandelspreis | Vapingnet.de\" \/>\n<meta property=\"og:description\" content=\"Entdecke Bang 30000 Puffs Einweg E-Zigarette Blueberry Raspberry und Peach Mango Watermelon jetzt zum Gro\u00dfhandelspreis bei vapingnet.de, \u25ba Gro\u00dfe Auswahl an Geschmacksrichtungen &amp; super g\u00fcnstig!\" \/>\n<meta property=\"og:url\" content=\"https:\/\/vapingnet.de\/fr\/vape\/bang-30000-puffs-einweg-e-zigarette-blueberry-raspberry-und-peach-mango-watermelon-jetzt-zum-grosshandelspreis\/\" \/>\n<meta property=\"og:site_name\" content=\"Vapingnet.de\" \/>\n<meta property=\"article:publisher\" content=\"https:\/\/www.facebook.com\/vapingnetde\/\" \/>\n<meta property=\"article:modified_time\" content=\"2025-06-19T03:41:24+00:00\" \/>\n<meta property=\"og:image\" content=\"https:\/\/vapingnet.de\/wp-content\/uploads\/2025\/03\/Blueberry-Raspberry-und-Peach-Mango-Watermelon.png\" \/>\n\t<meta property=\"og:image:width\" content=\"900\" \/>\n\t<meta property=\"og:image:height\" content=\"600\" \/>\n\t<meta property=\"og:image:type\" content=\"image\/png\" \/>\n<meta name=\"twitter:card\" content=\"summary_large_image\" \/>\n<meta name=\"twitter:label1\" content=\"Dur\u00e9e de lecture estim\u00e9e\" \/>\n\t<meta name=\"twitter:data1\" content=\"3 minutes\" \/>\n<script type=\"application\/ld+json\" class=\"yoast-schema-graph\">{\"@context\":\"https:\/\/schema.org\",\"@graph\":[{\"@type\":\"WebPage\",\"@id\":\"https:\/\/vapingnet.de\/vape\/bang-30000-puffs-einweg-e-zigarette-blueberry-raspberry-und-peach-mango-watermelon-jetzt-zum-grosshandelspreis\/\",\"url\":\"https:\/\/vapingnet.de\/vape\/bang-30000-puffs-einweg-e-zigarette-blueberry-raspberry-und-peach-mango-watermelon-jetzt-zum-grosshandelspreis\/\",\"name\":\"Bang 30000 Puffs Einweg E-Zigarette Blueberry Raspberry und Peach Mango Watermelon jetzt zum Gro\u00dfhandelspreis | Vapingnet.de\",\"isPartOf\":{\"@id\":\"https:\/\/vapingnet.de\/#website\"},\"primaryImageOfPage\":{\"@id\":\"https:\/\/vapingnet.de\/vape\/bang-30000-puffs-einweg-e-zigarette-blueberry-raspberry-und-peach-mango-watermelon-jetzt-zum-grosshandelspreis\/#primaryimage\"},\"image\":{\"@id\":\"https:\/\/vapingnet.de\/vape\/bang-30000-puffs-einweg-e-zigarette-blueberry-raspberry-und-peach-mango-watermelon-jetzt-zum-grosshandelspreis\/#primaryimage\"},\"thumbnailUrl\":\"https:\/\/vapingnet.de\/wp-content\/uploads\/2025\/03\/Blueberry-Raspberry-und-Peach-Mango-Watermelon.png\",\"datePublished\":\"2025-03-13T08:47:48+00:00\",\"dateModified\":\"2025-06-19T03:41:24+00:00\",\"description\":\"Entdecke Bang 30000 Puffs Einweg E-Zigarette Blueberry Raspberry und Peach Mango Watermelon jetzt zum Gro\u00dfhandelspreis bei vapingnet.de, \u25ba Gro\u00dfe Auswahl an Geschmacksrichtungen & super g\u00fcnstig!\",\"breadcrumb\":{\"@id\":\"https:\/\/vapingnet.de\/vape\/bang-30000-puffs-einweg-e-zigarette-blueberry-raspberry-und-peach-mango-watermelon-jetzt-zum-grosshandelspreis\/#breadcrumb\"},\"inLanguage\":\"fr-FR\",\"potentialAction\":[{\"@type\":\"ReadAction\",\"target\":[\"https:\/\/vapingnet.de\/vape\/bang-30000-puffs-einweg-e-zigarette-blueberry-raspberry-und-peach-mango-watermelon-jetzt-zum-grosshandelspreis\/\"]}]},{\"@type\":\"ImageObject\",\"inLanguage\":\"fr-FR\",\"@id\":\"https:\/\/vapingnet.de\/vape\/bang-30000-puffs-einweg-e-zigarette-blueberry-raspberry-und-peach-mango-watermelon-jetzt-zum-grosshandelspreis\/#primaryimage\",\"url\":\"https:\/\/vapingnet.de\/wp-content\/uploads\/2025\/03\/Blueberry-Raspberry-und-Peach-Mango-Watermelon.png\",\"contentUrl\":\"https:\/\/vapingnet.de\/wp-content\/uploads\/2025\/03\/Blueberry-Raspberry-und-Peach-Mango-Watermelon.png\",\"width\":900,\"height\":600,\"caption\":\"Blueberry Raspberry und Peach Mango Watermelon\"},{\"@type\":\"BreadcrumbList\",\"@id\":\"https:\/\/vapingnet.de\/vape\/bang-30000-puffs-einweg-e-zigarette-blueberry-raspberry-und-peach-mango-watermelon-jetzt-zum-grosshandelspreis\/#breadcrumb\",\"itemListElement\":[{\"@type\":\"ListItem\",\"position\":1,\"name\":\"Home\",\"item\":\"https:\/\/vapingnet.de\/\"},{\"@type\":\"ListItem\",\"position\":2,\"name\":\"Shop\",\"item\":\"https:\/\/vapingnet.de\/vape\/\"},{\"@type\":\"ListItem\",\"position\":3,\"name\":\"Bang 30000 Puffs Einweg E-Zigarette Blueberry Raspberry und Peach Mango Watermelon jetzt zum Gro\u00dfhandelspreis\"}]},{\"@type\":\"WebSite\",\"@id\":\"https:\/\/vapingnet.de\/#website\",\"url\":\"https:\/\/vapingnet.de\/\",\"name\":\"Vapingnet.de\",\"description\":\"\",\"publisher\":{\"@id\":\"https:\/\/vapingnet.de\/#organization\"},\"potentialAction\":[{\"@type\":\"SearchAction\",\"target\":{\"@type\":\"EntryPoint\",\"urlTemplate\":\"https:\/\/vapingnet.de\/?s={search_term_string}\"},\"query-input\":{\"@type\":\"PropertyValueSpecification\",\"valueRequired\":true,\"valueName\":\"search_term_string\"}}],\"inLanguage\":\"fr-FR\"},{\"@type\":\"Organization\",\"@id\":\"https:\/\/vapingnet.de\/#organization\",\"name\":\"Vapingnet.de\",\"url\":\"https:\/\/vapingnet.de\/\",\"logo\":{\"@type\":\"ImageObject\",\"inLanguage\":\"fr-FR\",\"@id\":\"https:\/\/vapingnet.de\/#\/schema\/logo\/image\/\",\"url\":\"https:\/\/vapingnet.de\/wp-content\/uploads\/2025\/03\/cropped-vapingnet.de_.jpg\",\"contentUrl\":\"https:\/\/vapingnet.de\/wp-content\/uploads\/2025\/03\/cropped-vapingnet.de_.jpg\",\"width\":512,\"height\":512,\"caption\":\"Vapingnet.de\"},\"image\":{\"@id\":\"https:\/\/vapingnet.de\/#\/schema\/logo\/image\/\"},\"sameAs\":[\"https:\/\/www.facebook.com\/vapingnetde\/\"]}]}<\/script>\n<!-- \/ Yoast SEO plugin. -->","yoast_head_json":{"title":"Bang 30000 Puffs Einweg E-Zigarette Blueberry Raspberry und Peach Mango Watermelon jetzt zum Gro\u00dfhandelspreis | Vapingnet.de","description":"Entdecke Bang 30000 Puffs Einweg E-Zigarette Blueberry Raspberry und Peach Mango Watermelon jetzt zum Gro\u00dfhandelspreis bei vapingnet.de, \u25ba Gro\u00dfe Auswahl an Geschmacksrichtungen & super g\u00fcnstig!","robots":{"index":"index","follow":"follow","max-snippet":"max-snippet:-1","max-image-preview":"max-image-preview:large","max-video-preview":"max-video-preview:-1"},"canonical":"https:\/\/vapingnet.de\/fr\/vape\/bang-30000-puffs-einweg-e-zigarette-blueberry-raspberry-und-peach-mango-watermelon-jetzt-zum-grosshandelspreis\/","og_locale":"fr_FR","og_type":"article","og_title":"Bang 30000 Puffs Einweg E-Zigarette Blueberry Raspberry und Peach Mango Watermelon jetzt zum Gro\u00dfhandelspreis | Vapingnet.de","og_description":"Entdecke Bang 30000 Puffs Einweg E-Zigarette Blueberry Raspberry und Peach Mango Watermelon jetzt zum Gro\u00dfhandelspreis bei vapingnet.de, \u25ba Gro\u00dfe Auswahl an Geschmacksrichtungen & super g\u00fcnstig!","og_url":"https:\/\/vapingnet.de\/fr\/vape\/bang-30000-puffs-einweg-e-zigarette-blueberry-raspberry-und-peach-mango-watermelon-jetzt-zum-grosshandelspreis\/","og_site_name":"Vapingnet.de","article_publisher":"https:\/\/www.facebook.com\/vapingnetde\/","article_modified_time":"2025-06-19T03:41:24+00:00","og_image":[{"width":900,"height":600,"url":"https:\/\/vapingnet.de\/wp-content\/uploads\/2025\/03\/Blueberry-Raspberry-und-Peach-Mango-Watermelon.png","type":"image\/png"}],"twitter_card":"summary_large_image","twitter_misc":{"Dur\u00e9e de lecture estim\u00e9e":"3 minutes"},"schema":{"@context":"https:\/\/schema.org","@graph":[{"@type":"WebPage","@id":"https:\/\/vapingnet.de\/vape\/bang-30000-puffs-einweg-e-zigarette-blueberry-raspberry-und-peach-mango-watermelon-jetzt-zum-grosshandelspreis\/","url":"https:\/\/vapingnet.de\/vape\/bang-30000-puffs-einweg-e-zigarette-blueberry-raspberry-und-peach-mango-watermelon-jetzt-zum-grosshandelspreis\/","name":"Bang 30000 Puffs Einweg E-Zigarette Blueberry Raspberry und Peach Mango Watermelon jetzt zum Gro\u00dfhandelspreis | Vapingnet.de","isPartOf":{"@id":"https:\/\/vapingnet.de\/#website"},"primaryImageOfPage":{"@id":"https:\/\/vapingnet.de\/vape\/bang-30000-puffs-einweg-e-zigarette-blueberry-raspberry-und-peach-mango-watermelon-jetzt-zum-grosshandelspreis\/#primaryimage"},"image":{"@id":"https:\/\/vapingnet.de\/vape\/bang-30000-puffs-einweg-e-zigarette-blueberry-raspberry-und-peach-mango-watermelon-jetzt-zum-grosshandelspreis\/#primaryimage"},"thumbnailUrl":"https:\/\/vapingnet.de\/wp-content\/uploads\/2025\/03\/Blueberry-Raspberry-und-Peach-Mango-Watermelon.png","datePublished":"2025-03-13T08:47:48+00:00","dateModified":"2025-06-19T03:41:24+00:00","description":"Entdecke Bang 30000 Puffs Einweg E-Zigarette Blueberry Raspberry und Peach Mango Watermelon jetzt zum Gro\u00dfhandelspreis bei vapingnet.de, \u25ba Gro\u00dfe Auswahl an Geschmacksrichtungen & super g\u00fcnstig!","breadcrumb":{"@id":"https:\/\/vapingnet.de\/vape\/bang-30000-puffs-einweg-e-zigarette-blueberry-raspberry-und-peach-mango-watermelon-jetzt-zum-grosshandelspreis\/#breadcrumb"},"inLanguage":"fr-FR","potentialAction":[{"@type":"ReadAction","target":["https:\/\/vapingnet.de\/vape\/bang-30000-puffs-einweg-e-zigarette-blueberry-raspberry-und-peach-mango-watermelon-jetzt-zum-grosshandelspreis\/"]}]},{"@type":"ImageObject","inLanguage":"fr-FR","@id":"https:\/\/vapingnet.de\/vape\/bang-30000-puffs-einweg-e-zigarette-blueberry-raspberry-und-peach-mango-watermelon-jetzt-zum-grosshandelspreis\/#primaryimage","url":"https:\/\/vapingnet.de\/wp-content\/uploads\/2025\/03\/Blueberry-Raspberry-und-Peach-Mango-Watermelon.png","contentUrl":"https:\/\/vapingnet.de\/wp-content\/uploads\/2025\/03\/Blueberry-Raspberry-und-Peach-Mango-Watermelon.png","width":900,"height":600,"caption":"Blueberry Raspberry und Peach Mango Watermelon"},{"@type":"BreadcrumbList","@id":"https:\/\/vapingnet.de\/vape\/bang-30000-puffs-einweg-e-zigarette-blueberry-raspberry-und-peach-mango-watermelon-jetzt-zum-grosshandelspreis\/#breadcrumb","itemListElement":[{"@type":"ListItem","position":1,"name":"Home","item":"https:\/\/vapingnet.de\/"},{"@type":"ListItem","position":2,"name":"Shop","item":"https:\/\/vapingnet.de\/vape\/"},{"@type":"ListItem","position":3,"name":"Bang 30000 Puffs Einweg E-Zigarette Blueberry Raspberry und Peach Mango Watermelon jetzt zum Gro\u00dfhandelspreis"}]},{"@type":"WebSite","@id":"https:\/\/vapingnet.de\/#website","url":"https:\/\/vapingnet.de\/","name":"Vapingnet.de","description":"","publisher":{"@id":"https:\/\/vapingnet.de\/#organization"},"potentialAction":[{"@type":"SearchAction","target":{"@type":"EntryPoint","urlTemplate":"https:\/\/vapingnet.de\/?s={search_term_string}"},"query-input":{"@type":"PropertyValueSpecification","valueRequired":true,"valueName":"search_term_string"}}],"inLanguage":"fr-FR"},{"@type":"Organization","@id":"https:\/\/vapingnet.de\/#organization","name":"Vapingnet.de","url":"https:\/\/vapingnet.de\/","logo":{"@type":"ImageObject","inLanguage":"fr-FR","@id":"https:\/\/vapingnet.de\/#\/schema\/logo\/image\/","url":"https:\/\/vapingnet.de\/wp-content\/uploads\/2025\/03\/cropped-vapingnet.de_.jpg","contentUrl":"https:\/\/vapingnet.de\/wp-content\/uploads\/2025\/03\/cropped-vapingnet.de_.jpg","width":512,"height":512,"caption":"Vapingnet.de"},"image":{"@id":"https:\/\/vapingnet.de\/#\/schema\/logo\/image\/"},"sameAs":["https:\/\/www.facebook.com\/vapingnetde\/"]}]}},"tiered_pricing_type":"fixed","tiered_pricing_fixed_rules":{"10":"9.49","60":"8.54","110":"7.59","200":"6.64"},"tiered_pricing_product_settings":{"layout":"default","base_unit_name":{"singular":null,"plural":null},"default_variation":null},"tiered_pricing_minimum_quantity":null,"tiered_pricing_roles_data":[],"tiered_pricing_percentage_rules":[],"_links":{"self":[{"href":"https:\/\/vapingnet.de\/fr\/wp-json\/wp\/v2\/product\/5257","targetHints":{"allow":["GET"]}}],"collection":[{"href":"https:\/\/vapingnet.de\/fr\/wp-json\/wp\/v2\/product"}],"about":[{"href":"https:\/\/vapingnet.de\/fr\/wp-json\/wp\/v2\/types\/product"}],"version-history":[{"count":2,"href":"https:\/\/vapingnet.de\/fr\/wp-json\/wp\/v2\/product\/5257\/revisions"}],"predecessor-version":[{"id":5260,"href":"https:\/\/vapingnet.de\/fr\/wp-json\/wp\/v2\/product\/5257\/revisions\/5260"}],"wp:featuredmedia":[{"embeddable":true,"href":"https:\/\/vapingnet.de\/fr\/wp-json\/wp\/v2\/media\/5259"}],"wp:attachment":[{"href":"https:\/\/vapingnet.de\/fr\/wp-json\/wp\/v2\/media?parent=5257"}],"wp:term":[{"taxonomy":"brand","embeddable":true,"href":"https:\/\/vapingnet.de\/fr\/wp-json\/wp\/v2\/etheme_brands?post=5257"},{"taxonomy":"product_brand","embeddable":true,"href":"https:\/\/vapingnet.de\/fr\/wp-json\/wp\/v2\/product_brand?post=5257"},{"taxonomy":"product_cat","embeddable":true,"href":"https:\/\/vapingnet.de\/fr\/wp-json\/wp\/v2\/product_cat?post=5257"},{"taxonomy":"product_tag","embeddable":true,"href":"https:\/\/vapingnet.de\/fr\/wp-json\/wp\/v2\/product_tag?post=5257"}],"curies":[{"name":"wp","href":"https:\/\/api.w.org\/{rel}","templated":true}]}}