{"id":5261,"date":"2025-03-13T08:53:49","date_gmt":"2025-03-13T08:53:49","guid":{"rendered":"https:\/\/vapingnet.de\/?post_type=product&#038;p=5261"},"modified":"2025-06-19T03:41:24","modified_gmt":"2025-06-19T03:41:24","slug":"bang-30000-puffs-disposable-watermelon-ice-und-blueberry-mint-kuehle-frische-fuer-den-besten-geschmack","status":"publish","type":"product","link":"https:\/\/vapingnet.de\/fr\/vape\/bang-30000-puffs-disposable-watermelon-ice-und-blueberry-mint-kuehle-frische-fuer-den-besten-geschmack\/","title":{"rendered":"Bang 30000 Puffs Jetable Past\u00e8que Glac\u00e9e et Myrtille Menthe, fra\u00eecheur rafra\u00eechissante pour un go\u00fbt optimal"},"content":{"rendered":"<h2 data-start=\"0\" data-end=\"68\">Bang King 30000 Bouff\u00e9es \u2013 Une exp\u00e9rience de vapotage de classe mondiale !<\/h2>\n<p data-start=\"70\" data-end=\"415\">Vous cherchez une cigarette \u00e9lectronique durable, riche en saveurs et technologiquement avanc\u00e9e ? Alors la Bang King 30000 Bouff\u00e9es Dual Flavor Jetable est faite pour vous ! Avec ses incroyables 30 000 bouff\u00e9es, deux saveurs et un \u00e9cran LED intelligent, elle offre une exp\u00e9rience de vapotage in\u00e9gal\u00e9e.<\/p>\n<h4 data-start=\"422\" data-end=\"470\">\ud83d\udca8 Points forts \u2013 Plaisir \u00e0 chaque bouff\u00e9e \ud83d\udca8<\/h4>\n<p data-start=\"472\" data-end=\"528\">\u2714 Deux saveurs \u2013 pour plus de vari\u00e9t\u00e9<\/p>\n<ul data-start=\"529\" data-end=\"813\">\n<li data-start=\"529\" data-end=\"676\">Watermelon Ice \u2013 La douceur juteuse de la past\u00e8que rencontre la fra\u00eecheur glac\u00e9e \u2013 pour une exp\u00e9rience de vapotage incroyablement rafra\u00eechissante !<\/li>\n<li data-start=\"677\" data-end=\"813\">Blueberry Mint \u2013 La myrtille fruit\u00e9e associ\u00e9e \u00e0 la menthe fra\u00eeche \u2013 le m\u00e9lange parfait de douceur et de fra\u00eecheur !<\/li>\n<\/ul>\n<p data-start=\"815\" data-end=\"1011\">\u2714 Dur\u00e9e de vie extr\u00eamement longue \u2013 30 000 bouff\u00e9es<br data-start=\"859\" data-end=\"862\" \/>Plus besoin de changer constamment de cigarette \u00e9lectronique \u2013 la Bang King 30000 Bouff\u00e9es vous accompagne longtemps et garantit un plaisir de vapotage ininterrompu !<\/p>\n<p data-start=\"1013\" data-end=\"1197\">\u2714 Technologie de coil en mesh de pointe (1.0\u03a9)<br data-start=\"1057\" data-end=\"1060\" \/>Le coil en mesh 1.0\u03a9 garantit une vaporisation uniforme et une exp\u00e9rience gustative intense avec des nuages denses.<\/p>\n<p data-start=\"1199\" data-end=\"1345\">\u2714 Flux d'air r\u00e9glable individuellement<br data-start=\"1240\" data-end=\"1243\" \/>Ajustez la r\u00e9sistance \u00e0 l'inhalation selon vos pr\u00e9f\u00e9rences \u2013 douce et a\u00e9rienne ou forte et intense !<\/p>\n<p data-start=\"1347\" data-end=\"1575\">Batterie rechargeable de 550mAh + Charge rapide Type-C<br data-start=\"1405\" data-end=\"1408\" \/>Gr\u00e2ce \u00e0 la batterie de 550mAh, profitez d'une longue exp\u00e9rience de vapotage. Et avec la charge rapide Type-C, vous \u00eates rapidement pr\u00eat \u00e0 vapoter \u00e0 nouveau !<\/p>\n<p data-start=\"1577\" data-end=\"1626\">\u2714 Affichage num\u00e9rique LED \u2013 Tout sous contr\u00f4le<\/p>\n<ul data-start=\"1627\" data-end=\"1801\">\n<li data-start=\"1627\" data-end=\"1691\">Indicateur de niveau de batterie \u2013 Plus jamais de coupures de courant inattendues !<\/li>\n<li data-start=\"1692\" data-end=\"1801\">Indicateur de choix de saveur \u2013 Passez d'une saveur \u00e0 l'autre et trouvez votre pr\u00e9f\u00e9r\u00e9e !<\/li>\n<\/ul>\n<p data-start=\"1803\" data-end=\"2033\">\u2714 Grand r\u00e9servoir de 36 ml de liquide + quatre niveaux de nicotine<br data-start=\"1854\" data-end=\"1857\" \/>Disponible avec 0%, 2%, 3% ou 5% de nicotine, pour r\u00e9pondre \u00e0 diff\u00e9rents besoins.<br data-start=\"1948\" data-end=\"1951\" \/>(Veuillez noter : 0% et 3% Nicotine ne sont disponibles que pour les commandes en gros.)<\/p>\n<p data-start=\"2035\" data-end=\"2184\">\u2714 Cigarette \u00e9lectronique jetable \u2013 Pas de taxes douani\u00e8res !<br data-start=\"2081\" data-end=\"2084\" \/>Commandez simplement, profitez imm\u00e9diatement \u2013 sans souci de d\u00e9douanement ou d'enregistrement compliqu\u00e9 !<\/p>\n<h3>\ud83d\udd25 Pourquoi Bang King 30000 Bouff\u00e9es ? \ud83d\udd25<\/h3>\n<p data-start=\"2236\" data-end=\"2708\">\ud83d\udc8e Saveur intense \u2013 Gr\u00e2ce \u00e0 la technologie Mesh Coil et au syst\u00e8me Dual-Flavor pour une exp\u00e9rience de vapeur unique !<br data-start=\"2346\" data-end=\"2349\" \/>\ud83d\udc8e Autonomie exceptionnelle \u2013 Jusqu'\u00e0 30 000 bouff\u00e9es pour une exp\u00e9rience prolong\u00e9e !<br data-start=\"2436\" data-end=\"2439\" \/>\ud83d\udc8e Contr\u00f4le maximal \u2013 \u00c9cran LED et flux d'air r\u00e9glable pour une exp\u00e9rience de vapotage personnalis\u00e9e !<br data-start=\"2543\" data-end=\"2546\" \/>\ud83d\udc8e Grandes nuages de vapeur \u2013 Puissant et riche en saveur !<br data-start=\"2611\" data-end=\"2614\" \/>\ud83d\udc8e Aucun entretien n\u00e9cessaire \u2013 Design jetable sans nettoyage ni changement de r\u00e9sistances !<\/p>\n<h4 data-start=\"2715\" data-end=\"2787\">\u26a1 Commandez maintenant et profitez de l'exp\u00e9rience de vapotage ultime ! \u26a1<\/h4>\n<p data-start=\"2788\" data-end=\"2944\">\ud83d\udd17 Visitez <a href=\"https:\/\/vapingnet.de\/fr\/\" target=\"_new\" rel=\"noopener\" data-start=\"2801\" data-end=\"2837\">vapingnet.de<\/a> et assurez-vous votre Bang King 30000 Bouff\u00e9es Dual Flavor Jetable \u2013 pour un plaisir in\u00e9gal\u00e9 !<\/p>\n<p data-start=\"2946\" data-end=\"3037\" data-is-last-node=\"\" data-is-only-node=\"\">\ud83d\ude80 Performance maximale, go\u00fbt maximal \u2013 une cigarette \u00e9lectronique qui fixe les standards ! \ud83d\ude80<\/p>","protected":false},"excerpt":{"rendered":"<p>Bang King 30000 Puffs \u2013 Une exp\u00e9rience de vapotage d'exception ! Vous cherchez une cigarette \u00e9lectronique durable, riche en saveurs et technologiquement avanc\u00e9e ? Alors, la Bang King 30000 Puffs...<\/p>","protected":false},"featured_media":5262,"template":"","meta":[],"etheme_brands":[],"product_brand":[101],"product_cat":[56,49,61],"product_tag":[],"class_list":{"0":"post-5261","1":"product","2":"type-product","3":"status-publish","4":"has-post-thumbnail","6":"product_brand-bang-king-vape","7":"product_cat-vape-30000-zuege","8":"product_cat-einweg-e-zigarette","9":"product_cat-f","11":"first","12":"instock","13":"shipping-taxable","14":"purchasable","15":"product-type-simple"},"yoast_head":"<!-- This site is optimized with the Yoast SEO plugin v26.5 - https:\/\/yoast.com\/wordpress\/plugins\/seo\/ -->\n<title>Bang 30000 Puffs Disposable Watermelon Ice und Blueberry Mint k\u00fchle Frische f\u00fcr den besten Geschmack | Vapingnet.de<\/title>\n<meta name=\"description\" content=\"Entdecke Bang 30000 Puffs Disposable Watermelon Ice und Blueberry Mint k\u00fchle Frische f\u00fcr den besten Geschmack bei vapingnet.de, \u25ba Gro\u00dfe Auswahl an Geschmacksrichtungen &amp; super g\u00fcnstig!\" \/>\n<meta name=\"robots\" content=\"index, follow, max-snippet:-1, max-image-preview:large, max-video-preview:-1\" \/>\n<link rel=\"canonical\" href=\"https:\/\/vapingnet.de\/fr\/vape\/bang-30000-puffs-disposable-watermelon-ice-und-blueberry-mint-kuehle-frische-fuer-den-besten-geschmack\/\" \/>\n<meta property=\"og:locale\" content=\"fr_FR\" \/>\n<meta property=\"og:type\" content=\"article\" \/>\n<meta property=\"og:title\" content=\"Bang 30000 Puffs Disposable Watermelon Ice und Blueberry Mint k\u00fchle Frische f\u00fcr den besten Geschmack | Vapingnet.de\" \/>\n<meta property=\"og:description\" content=\"Entdecke Bang 30000 Puffs Disposable Watermelon Ice und Blueberry Mint k\u00fchle Frische f\u00fcr den besten Geschmack bei vapingnet.de, \u25ba Gro\u00dfe Auswahl an Geschmacksrichtungen &amp; super g\u00fcnstig!\" \/>\n<meta property=\"og:url\" content=\"https:\/\/vapingnet.de\/fr\/vape\/bang-30000-puffs-disposable-watermelon-ice-und-blueberry-mint-kuehle-frische-fuer-den-besten-geschmack\/\" \/>\n<meta property=\"og:site_name\" content=\"Vapingnet.de\" \/>\n<meta property=\"article:publisher\" content=\"https:\/\/www.facebook.com\/vapingnetde\/\" \/>\n<meta property=\"article:modified_time\" content=\"2025-06-19T03:41:24+00:00\" \/>\n<meta property=\"og:image\" content=\"https:\/\/vapingnet.de\/wp-content\/uploads\/2025\/03\/Watermelon-Ice-und-Blueberry-Mint.png\" \/>\n\t<meta property=\"og:image:width\" content=\"900\" \/>\n\t<meta property=\"og:image:height\" content=\"600\" \/>\n\t<meta property=\"og:image:type\" content=\"image\/png\" \/>\n<meta name=\"twitter:card\" content=\"summary_large_image\" \/>\n<meta name=\"twitter:label1\" content=\"Dur\u00e9e de lecture estim\u00e9e\" \/>\n\t<meta name=\"twitter:data1\" content=\"3 minutes\" \/>\n<script type=\"application\/ld+json\" class=\"yoast-schema-graph\">{\"@context\":\"https:\/\/schema.org\",\"@graph\":[{\"@type\":\"WebPage\",\"@id\":\"https:\/\/vapingnet.de\/vape\/bang-30000-puffs-disposable-watermelon-ice-und-blueberry-mint-kuehle-frische-fuer-den-besten-geschmack\/\",\"url\":\"https:\/\/vapingnet.de\/vape\/bang-30000-puffs-disposable-watermelon-ice-und-blueberry-mint-kuehle-frische-fuer-den-besten-geschmack\/\",\"name\":\"Bang 30000 Puffs Disposable Watermelon Ice und Blueberry Mint k\u00fchle Frische f\u00fcr den besten Geschmack | Vapingnet.de\",\"isPartOf\":{\"@id\":\"https:\/\/vapingnet.de\/#website\"},\"primaryImageOfPage\":{\"@id\":\"https:\/\/vapingnet.de\/vape\/bang-30000-puffs-disposable-watermelon-ice-und-blueberry-mint-kuehle-frische-fuer-den-besten-geschmack\/#primaryimage\"},\"image\":{\"@id\":\"https:\/\/vapingnet.de\/vape\/bang-30000-puffs-disposable-watermelon-ice-und-blueberry-mint-kuehle-frische-fuer-den-besten-geschmack\/#primaryimage\"},\"thumbnailUrl\":\"https:\/\/vapingnet.de\/wp-content\/uploads\/2025\/03\/Watermelon-Ice-und-Blueberry-Mint.png\",\"datePublished\":\"2025-03-13T08:53:49+00:00\",\"dateModified\":\"2025-06-19T03:41:24+00:00\",\"description\":\"Entdecke Bang 30000 Puffs Disposable Watermelon Ice und Blueberry Mint k\u00fchle Frische f\u00fcr den besten Geschmack bei vapingnet.de, \u25ba Gro\u00dfe Auswahl an Geschmacksrichtungen & super g\u00fcnstig!\",\"breadcrumb\":{\"@id\":\"https:\/\/vapingnet.de\/vape\/bang-30000-puffs-disposable-watermelon-ice-und-blueberry-mint-kuehle-frische-fuer-den-besten-geschmack\/#breadcrumb\"},\"inLanguage\":\"fr-FR\",\"potentialAction\":[{\"@type\":\"ReadAction\",\"target\":[\"https:\/\/vapingnet.de\/vape\/bang-30000-puffs-disposable-watermelon-ice-und-blueberry-mint-kuehle-frische-fuer-den-besten-geschmack\/\"]}]},{\"@type\":\"ImageObject\",\"inLanguage\":\"fr-FR\",\"@id\":\"https:\/\/vapingnet.de\/vape\/bang-30000-puffs-disposable-watermelon-ice-und-blueberry-mint-kuehle-frische-fuer-den-besten-geschmack\/#primaryimage\",\"url\":\"https:\/\/vapingnet.de\/wp-content\/uploads\/2025\/03\/Watermelon-Ice-und-Blueberry-Mint.png\",\"contentUrl\":\"https:\/\/vapingnet.de\/wp-content\/uploads\/2025\/03\/Watermelon-Ice-und-Blueberry-Mint.png\",\"width\":900,\"height\":600,\"caption\":\"Watermelon Ice und Blueberry Mint\"},{\"@type\":\"BreadcrumbList\",\"@id\":\"https:\/\/vapingnet.de\/vape\/bang-30000-puffs-disposable-watermelon-ice-und-blueberry-mint-kuehle-frische-fuer-den-besten-geschmack\/#breadcrumb\",\"itemListElement\":[{\"@type\":\"ListItem\",\"position\":1,\"name\":\"Home\",\"item\":\"https:\/\/vapingnet.de\/\"},{\"@type\":\"ListItem\",\"position\":2,\"name\":\"Shop\",\"item\":\"https:\/\/vapingnet.de\/vape\/\"},{\"@type\":\"ListItem\",\"position\":3,\"name\":\"Bang 30000 Puffs Disposable Watermelon Ice und Blueberry Mint k\u00fchle Frische f\u00fcr den besten Geschmack\"}]},{\"@type\":\"WebSite\",\"@id\":\"https:\/\/vapingnet.de\/#website\",\"url\":\"https:\/\/vapingnet.de\/\",\"name\":\"Vapingnet.de\",\"description\":\"\",\"publisher\":{\"@id\":\"https:\/\/vapingnet.de\/#organization\"},\"potentialAction\":[{\"@type\":\"SearchAction\",\"target\":{\"@type\":\"EntryPoint\",\"urlTemplate\":\"https:\/\/vapingnet.de\/?s={search_term_string}\"},\"query-input\":{\"@type\":\"PropertyValueSpecification\",\"valueRequired\":true,\"valueName\":\"search_term_string\"}}],\"inLanguage\":\"fr-FR\"},{\"@type\":\"Organization\",\"@id\":\"https:\/\/vapingnet.de\/#organization\",\"name\":\"Vapingnet.de\",\"url\":\"https:\/\/vapingnet.de\/\",\"logo\":{\"@type\":\"ImageObject\",\"inLanguage\":\"fr-FR\",\"@id\":\"https:\/\/vapingnet.de\/#\/schema\/logo\/image\/\",\"url\":\"https:\/\/vapingnet.de\/wp-content\/uploads\/2025\/03\/cropped-vapingnet.de_.jpg\",\"contentUrl\":\"https:\/\/vapingnet.de\/wp-content\/uploads\/2025\/03\/cropped-vapingnet.de_.jpg\",\"width\":512,\"height\":512,\"caption\":\"Vapingnet.de\"},\"image\":{\"@id\":\"https:\/\/vapingnet.de\/#\/schema\/logo\/image\/\"},\"sameAs\":[\"https:\/\/www.facebook.com\/vapingnetde\/\"]}]}<\/script>\n<!-- \/ Yoast SEO plugin. -->","yoast_head_json":{"title":"Bang 30000 Puffs Disposable Watermelon Ice und Blueberry Mint k\u00fchle Frische f\u00fcr den besten Geschmack | Vapingnet.de","description":"Entdecke Bang 30000 Puffs Disposable Watermelon Ice und Blueberry Mint k\u00fchle Frische f\u00fcr den besten Geschmack bei vapingnet.de, \u25ba Gro\u00dfe Auswahl an Geschmacksrichtungen & super g\u00fcnstig!","robots":{"index":"index","follow":"follow","max-snippet":"max-snippet:-1","max-image-preview":"max-image-preview:large","max-video-preview":"max-video-preview:-1"},"canonical":"https:\/\/vapingnet.de\/fr\/vape\/bang-30000-puffs-disposable-watermelon-ice-und-blueberry-mint-kuehle-frische-fuer-den-besten-geschmack\/","og_locale":"fr_FR","og_type":"article","og_title":"Bang 30000 Puffs Disposable Watermelon Ice und Blueberry Mint k\u00fchle Frische f\u00fcr den besten Geschmack | Vapingnet.de","og_description":"Entdecke Bang 30000 Puffs Disposable Watermelon Ice und Blueberry Mint k\u00fchle Frische f\u00fcr den besten Geschmack bei vapingnet.de, \u25ba Gro\u00dfe Auswahl an Geschmacksrichtungen & super g\u00fcnstig!","og_url":"https:\/\/vapingnet.de\/fr\/vape\/bang-30000-puffs-disposable-watermelon-ice-und-blueberry-mint-kuehle-frische-fuer-den-besten-geschmack\/","og_site_name":"Vapingnet.de","article_publisher":"https:\/\/www.facebook.com\/vapingnetde\/","article_modified_time":"2025-06-19T03:41:24+00:00","og_image":[{"width":900,"height":600,"url":"https:\/\/vapingnet.de\/wp-content\/uploads\/2025\/03\/Watermelon-Ice-und-Blueberry-Mint.png","type":"image\/png"}],"twitter_card":"summary_large_image","twitter_misc":{"Dur\u00e9e de lecture estim\u00e9e":"3 minutes"},"schema":{"@context":"https:\/\/schema.org","@graph":[{"@type":"WebPage","@id":"https:\/\/vapingnet.de\/vape\/bang-30000-puffs-disposable-watermelon-ice-und-blueberry-mint-kuehle-frische-fuer-den-besten-geschmack\/","url":"https:\/\/vapingnet.de\/vape\/bang-30000-puffs-disposable-watermelon-ice-und-blueberry-mint-kuehle-frische-fuer-den-besten-geschmack\/","name":"Bang 30000 Puffs Disposable Watermelon Ice und Blueberry Mint k\u00fchle Frische f\u00fcr den besten Geschmack | Vapingnet.de","isPartOf":{"@id":"https:\/\/vapingnet.de\/#website"},"primaryImageOfPage":{"@id":"https:\/\/vapingnet.de\/vape\/bang-30000-puffs-disposable-watermelon-ice-und-blueberry-mint-kuehle-frische-fuer-den-besten-geschmack\/#primaryimage"},"image":{"@id":"https:\/\/vapingnet.de\/vape\/bang-30000-puffs-disposable-watermelon-ice-und-blueberry-mint-kuehle-frische-fuer-den-besten-geschmack\/#primaryimage"},"thumbnailUrl":"https:\/\/vapingnet.de\/wp-content\/uploads\/2025\/03\/Watermelon-Ice-und-Blueberry-Mint.png","datePublished":"2025-03-13T08:53:49+00:00","dateModified":"2025-06-19T03:41:24+00:00","description":"Entdecke Bang 30000 Puffs Disposable Watermelon Ice und Blueberry Mint k\u00fchle Frische f\u00fcr den besten Geschmack bei vapingnet.de, \u25ba Gro\u00dfe Auswahl an Geschmacksrichtungen & super g\u00fcnstig!","breadcrumb":{"@id":"https:\/\/vapingnet.de\/vape\/bang-30000-puffs-disposable-watermelon-ice-und-blueberry-mint-kuehle-frische-fuer-den-besten-geschmack\/#breadcrumb"},"inLanguage":"fr-FR","potentialAction":[{"@type":"ReadAction","target":["https:\/\/vapingnet.de\/vape\/bang-30000-puffs-disposable-watermelon-ice-und-blueberry-mint-kuehle-frische-fuer-den-besten-geschmack\/"]}]},{"@type":"ImageObject","inLanguage":"fr-FR","@id":"https:\/\/vapingnet.de\/vape\/bang-30000-puffs-disposable-watermelon-ice-und-blueberry-mint-kuehle-frische-fuer-den-besten-geschmack\/#primaryimage","url":"https:\/\/vapingnet.de\/wp-content\/uploads\/2025\/03\/Watermelon-Ice-und-Blueberry-Mint.png","contentUrl":"https:\/\/vapingnet.de\/wp-content\/uploads\/2025\/03\/Watermelon-Ice-und-Blueberry-Mint.png","width":900,"height":600,"caption":"Watermelon Ice und Blueberry Mint"},{"@type":"BreadcrumbList","@id":"https:\/\/vapingnet.de\/vape\/bang-30000-puffs-disposable-watermelon-ice-und-blueberry-mint-kuehle-frische-fuer-den-besten-geschmack\/#breadcrumb","itemListElement":[{"@type":"ListItem","position":1,"name":"Home","item":"https:\/\/vapingnet.de\/"},{"@type":"ListItem","position":2,"name":"Shop","item":"https:\/\/vapingnet.de\/vape\/"},{"@type":"ListItem","position":3,"name":"Bang 30000 Puffs Disposable Watermelon Ice und Blueberry Mint k\u00fchle Frische f\u00fcr den besten Geschmack"}]},{"@type":"WebSite","@id":"https:\/\/vapingnet.de\/#website","url":"https:\/\/vapingnet.de\/","name":"Vapingnet.de","description":"","publisher":{"@id":"https:\/\/vapingnet.de\/#organization"},"potentialAction":[{"@type":"SearchAction","target":{"@type":"EntryPoint","urlTemplate":"https:\/\/vapingnet.de\/?s={search_term_string}"},"query-input":{"@type":"PropertyValueSpecification","valueRequired":true,"valueName":"search_term_string"}}],"inLanguage":"fr-FR"},{"@type":"Organization","@id":"https:\/\/vapingnet.de\/#organization","name":"Vapingnet.de","url":"https:\/\/vapingnet.de\/","logo":{"@type":"ImageObject","inLanguage":"fr-FR","@id":"https:\/\/vapingnet.de\/#\/schema\/logo\/image\/","url":"https:\/\/vapingnet.de\/wp-content\/uploads\/2025\/03\/cropped-vapingnet.de_.jpg","contentUrl":"https:\/\/vapingnet.de\/wp-content\/uploads\/2025\/03\/cropped-vapingnet.de_.jpg","width":512,"height":512,"caption":"Vapingnet.de"},"image":{"@id":"https:\/\/vapingnet.de\/#\/schema\/logo\/image\/"},"sameAs":["https:\/\/www.facebook.com\/vapingnetde\/"]}]}},"tiered_pricing_type":"fixed","tiered_pricing_fixed_rules":{"10":"9.49","60":"8.54","110":"7.59","200":"6.64"},"tiered_pricing_product_settings":{"layout":"default","base_unit_name":{"singular":null,"plural":null},"default_variation":null},"tiered_pricing_minimum_quantity":null,"tiered_pricing_roles_data":[],"tiered_pricing_percentage_rules":[],"_links":{"self":[{"href":"https:\/\/vapingnet.de\/fr\/wp-json\/wp\/v2\/product\/5261","targetHints":{"allow":["GET"]}}],"collection":[{"href":"https:\/\/vapingnet.de\/fr\/wp-json\/wp\/v2\/product"}],"about":[{"href":"https:\/\/vapingnet.de\/fr\/wp-json\/wp\/v2\/types\/product"}],"version-history":[{"count":1,"href":"https:\/\/vapingnet.de\/fr\/wp-json\/wp\/v2\/product\/5261\/revisions"}],"predecessor-version":[{"id":5263,"href":"https:\/\/vapingnet.de\/fr\/wp-json\/wp\/v2\/product\/5261\/revisions\/5263"}],"wp:featuredmedia":[{"embeddable":true,"href":"https:\/\/vapingnet.de\/fr\/wp-json\/wp\/v2\/media\/5262"}],"wp:attachment":[{"href":"https:\/\/vapingnet.de\/fr\/wp-json\/wp\/v2\/media?parent=5261"}],"wp:term":[{"taxonomy":"brand","embeddable":true,"href":"https:\/\/vapingnet.de\/fr\/wp-json\/wp\/v2\/etheme_brands?post=5261"},{"taxonomy":"product_brand","embeddable":true,"href":"https:\/\/vapingnet.de\/fr\/wp-json\/wp\/v2\/product_brand?post=5261"},{"taxonomy":"product_cat","embeddable":true,"href":"https:\/\/vapingnet.de\/fr\/wp-json\/wp\/v2\/product_cat?post=5261"},{"taxonomy":"product_tag","embeddable":true,"href":"https:\/\/vapingnet.de\/fr\/wp-json\/wp\/v2\/product_tag?post=5261"}],"curies":[{"name":"wp","href":"https:\/\/api.w.org\/{rel}","templated":true}]}}