{"id":5267,"date":"2025-12-13T09:04:10","date_gmt":"2025-12-13T09:04:10","guid":{"rendered":"https:\/\/vapingnet.de\/?post_type=product&#038;p=5267"},"modified":"2026-01-28T08:36:47","modified_gmt":"2026-01-28T08:36:47","slug":"bang-30000-puffs-strawberry-watermelon-und-kiwi-passion-fruit-guava-intensiver-fruchtmix","status":"publish","type":"product","link":"https:\/\/vapingnet.de\/fr\/vape\/bang-30000-puffs-strawberry-watermelon-und-kiwi-passion-fruit-guava-intensiver-fruchtmix\/","title":{"rendered":"Bang 30000 Puffs Fraise Past\u00e8que et Kiwi Fruit de la Passion, un m\u00e9lange de fruits plus intense"},"content":{"rendered":"<h2 data-start=\"0\" data-end=\"89\">Bang King 30000 Bouff\u00e9es Dispositif Jetable Double Saveur \u2013 Votre exp\u00e9rience de vapotage ultime<\/h2>\n<p data-start=\"91\" data-end=\"358\">En avez-vous assez de changer constamment de cigarettes \u00e9lectroniques ? Aspirez-vous \u00e0 une exp\u00e9rience de vapotage plus durable et plus intense ? Le Bang King 30000 Bouff\u00e9es Dispositif Jetable Double Saveur est la solution parfaite pour tous vos besoins et vous offre une sensation de vapotage ultime !<\/p>\n<p data-start=\"360\" data-end=\"749\">Ce vapoteur jetable innovant offre non seulement une dur\u00e9e d'utilisation extr\u00eamement longue (jusqu'\u00e0 30 000 bouff\u00e9es), mais aussi un double choix de saveurs, vous permettant de savourer \u00e0 chaque bouff\u00e9e une nouvelle saveur excitante. Que vous soyez d\u00e9butant ou vapoteur exp\u00e9riment\u00e9, le <a href=\"https:\/\/vapingnet.de\/fr\/Brands\/bang-king-vape\/\" target=\"_blank\" rel=\"noopener\"><strong>Bang King<\/strong><\/a> \u00e9levra votre go\u00fbt, la vapeur et la dur\u00e9e de vie de la batterie \u00e0 un tout autre niveau.<\/p>\n<h4 data-start=\"756\" data-end=\"779\">Caract\u00e9ristiques du produit :<\/h4>\n<h5 data-start=\"781\" data-end=\"839\">Double choix de saveurs \u2013 Changez selon vos envies<\/h5>\n<ul data-start=\"840\" data-end=\"1233\">\n<li data-start=\"840\" data-end=\"1058\">Fraise Past\u00e8que : La saveur sucr\u00e9e des fraises et la fra\u00eecheur de la past\u00e8que se combinent pour une exp\u00e9rience estivale parfaite. Chaque bouff\u00e9e ressemble \u00e0 une bouch\u00e9e fra\u00eeche de la past\u00e8que la plus juteuse.<\/li>\n<li data-start=\"1059\" data-end=\"1233\">Kiwi Fruit de la Passion Goyave : Un m\u00e9lange exotique de kiwi acidul\u00e9, de fruit de la passion sucr\u00e9 et de goyave tropicale \u2013 une saveur qui s\u00e9duira votre palais \u00e0 chaque bouff\u00e9e.<\/li>\n<\/ul>\n<h5 data-start=\"1235\" data-end=\"1288\">Dur\u00e9e d'utilisation extr\u00eamement longue \u2013 Vapotez sans fin<\/h5>\n<p data-start=\"1289\" data-end=\"1471\">Avec une dur\u00e9e d'utilisation de 30 000 bouff\u00e9es, ce vapoteur jetable d\u00e9passe tous les appareils courants. Vous n'avez pas besoin de le changer constamment, profitez-en longtemps et sans interruption.<\/p>\n<h5 data-start=\"1473\" data-end=\"1509\">Mesh-Coil innovant (1.0\u03a9)<\/h5>\n<p data-start=\"1510\" data-end=\"1697\">Le Mesh-Coil 1.0\u03a9 garantit une vaporisation uniforme du e-liquide, ce qui donne des vapeurs riches et une saveur intense. Ainsi, chaque bouff\u00e9e devient encore plus agr\u00e9able.<\/p>\n<h5 data-start=\"1699\" data-end=\"1755\">Flux d'air r\u00e9glable \u2013 Parfait pour tous les vapoteurs<\/h5>\n<p data-start=\"1756\" data-end=\"1979\">Ajustez facilement les r\u00e9glages du flux d'air pour contr\u00f4ler votre r\u00e9sistance \u00e0 l'inhalation. Que vous pr\u00e9f\u00e9riez une inhalation douce ou plus puissante, vous pouvez trouver votre style id\u00e9al ici.<\/p>\n<h5 data-start=\"1981\" data-end=\"2041\">Batterie rechargeable de 550mAh + Charge rapide Type-C<\/h5>\n<p data-start=\"2042\" data-end=\"2212\">Avec une batterie puissante et une connexion de charge rapide Type-C, il est facile de recharger le Bang King en un rien de temps, pour ne jamais manquer de vapeur.<\/p>\n<h5 data-start=\"2214\" data-end=\"2240\">Affichage num\u00e9rique LED<\/h5>\n<p data-start=\"2241\" data-end=\"2434\">L'appareil est \u00e9quip\u00e9 d'un affichage num\u00e9rique LED qui indique en permanence l'\u00e9tat de charge actuel et la saveur en cours. Vous gardez ainsi un contr\u00f4le total.<\/p>\n<h5 data-start=\"2436\" data-end=\"2464\">E-liquide de 36ml<\/h5>\n<p data-start=\"2465\" data-end=\"2684\">Avec 36ml de liquide dans chaque vapoteur, vous pouvez profiter longtemps sans recharger. Choisissez parmi diff\u00e9rentes options de teneur en nicotine : 0%, 2%, 3%, 5%. (Pour la nicotine 0% et 3%, une commande en gros est requise.)<\/p>\n<h5 data-start=\"2686\" data-end=\"2729\">Aucun frais de douane \u2013 Achat simple<\/h5>\n<p data-start=\"2730\" data-end=\"2867\">Achetez cette cigarette \u00e9lectronique sans souci de frais de douane suppl\u00e9mentaires, pas de frais de douane ! Ainsi, votre achat sera sans stress et confortable.<\/p>\n<h3 data-start=\"2874\" data-end=\"2932\">Pourquoi devriez-vous choisir le Bang King 30000 Puffs ?<\/h3>\n<ul data-start=\"2933\" data-end=\"3495\">\n<li data-start=\"2933\" data-end=\"3007\">Longue dur\u00e9e de vie : <a href=\"https:\/\/vapingnet.de\/fr\/k\/vape-30000-zuege\/\" target=\"_blank\" rel=\"noopener\"><strong>30 000 bouff\u00e9es<\/strong> <\/a>\u2013 plus besoin de changer d'appareil constamment.<\/li>\n<li data-start=\"3008\" data-end=\"3113\">Options de saveur doubles : changez selon votre humeur entre deux saveurs fantastiques.<\/li>\n<li data-start=\"3114\" data-end=\"3250\">Facile \u00e0 utiliser : batterie rechargeable, connexion de charge rapide et affichage num\u00e9rique pour une exp\u00e9rience de vapotage intelligente.<\/li>\n<li data-start=\"3251\" data-end=\"3338\">Flux d'air r\u00e9glable individuellement : ajustez la r\u00e9sistance selon vos pr\u00e9f\u00e9rences.<\/li>\n<li data-start=\"3339\" data-end=\"3414\">Grande capacit\u00e9 de e-liquide : 36 ml de e-liquide pour une vaporation prolong\u00e9e.<\/li>\n<li data-start=\"3415\" data-end=\"3495\">Pas de frais de douane : achetez sans souci et recevez votre commande directement.<\/li>\n<\/ul>\n<h4 data-start=\"3502\" data-end=\"3555\">Vivez imm\u00e9diatement l'exp\u00e9rience de vapotage ultime !<\/h4>\n<p data-start=\"3556\" data-end=\"3840\" data-is-last-node=\"\" data-is-only-node=\"\">Visitez vapingnet.fr, choisissez votre saveur pr\u00e9f\u00e9r\u00e9e et commencez votre nouvelle aventure de vapotage !<br data-start=\"3673\" data-end=\"3676\" \/>Bang King 30000 Puffs Dual Flavor Jetable \u2013 pour une exp\u00e9rience gustative intense et une vaporation durable, le vape \u00e0 ne pas manquer !<\/p>","protected":false},"excerpt":{"rendered":"<p>Bang King 30000 Puffs Dual Flavor Disposable \u2013 Dein ultimatives Vaping-Erlebnis Bist du es leid, st\u00e4ndig E-Zigaretten zu wechseln? Sehnst du dich nach einem langlebigeren...<\/p>","protected":false},"featured_media":5268,"template":"","meta":[],"etheme_brands":[],"product_brand":[101],"product_cat":[56,49,61],"product_tag":[],"class_list":{"0":"post-5267","1":"product","2":"type-product","3":"status-publish","4":"has-post-thumbnail","6":"product_brand-bang-king-vape","7":"product_cat-vape-30000-zuege","8":"product_cat-einweg-e-zigarette","9":"product_cat-f","11":"first","12":"instock","13":"shipping-taxable","14":"purchasable","15":"product-type-simple"},"yoast_head":"<!-- This site is optimized with the Yoast SEO plugin v26.5 - https:\/\/yoast.com\/wordpress\/plugins\/seo\/ -->\n<title>Bang 30000 Puffs Strawberry Watermelon und Kiwi Passion Fruit Guava intensiver Fruchtmix | Vapingnet.de<\/title>\n<meta name=\"description\" content=\"Entdecke Bang 30000 Puffs Strawberry Watermelon und Kiwi Passion Fruit Guava intensiver Fruchtmix bei vapingnet.de, \u25ba Gro\u00dfe Auswahl an Geschmacksrichtungen &amp; super g\u00fcnstig!\" \/>\n<meta name=\"robots\" content=\"index, follow, max-snippet:-1, max-image-preview:large, max-video-preview:-1\" \/>\n<link rel=\"canonical\" href=\"https:\/\/vapingnet.de\/fr\/vape\/bang-30000-puffs-strawberry-watermelon-und-kiwi-passion-fruit-guava-intensiver-fruchtmix\/\" \/>\n<meta property=\"og:locale\" content=\"fr_FR\" \/>\n<meta property=\"og:type\" content=\"article\" \/>\n<meta property=\"og:title\" content=\"Bang 30000 Puffs Strawberry Watermelon und Kiwi Passion Fruit Guava intensiver Fruchtmix | Vapingnet.de\" \/>\n<meta property=\"og:description\" content=\"Entdecke Bang 30000 Puffs Strawberry Watermelon und Kiwi Passion Fruit Guava intensiver Fruchtmix bei vapingnet.de, \u25ba Gro\u00dfe Auswahl an Geschmacksrichtungen &amp; super g\u00fcnstig!\" \/>\n<meta property=\"og:url\" content=\"https:\/\/vapingnet.de\/fr\/vape\/bang-30000-puffs-strawberry-watermelon-und-kiwi-passion-fruit-guava-intensiver-fruchtmix\/\" \/>\n<meta property=\"og:site_name\" content=\"Vapingnet.de\" \/>\n<meta property=\"article:publisher\" content=\"https:\/\/www.facebook.com\/vapingnetde\/\" \/>\n<meta property=\"article:modified_time\" content=\"2026-01-28T08:36:47+00:00\" \/>\n<meta property=\"og:image\" content=\"https:\/\/vapingnet.de\/wp-content\/uploads\/2025\/03\/Strawberry-Watermelon-und-Kiwi-Passion-Fruit-Guava.png\" \/>\n\t<meta property=\"og:image:width\" content=\"900\" \/>\n\t<meta property=\"og:image:height\" content=\"600\" \/>\n\t<meta property=\"og:image:type\" content=\"image\/png\" \/>\n<meta name=\"twitter:card\" content=\"summary_large_image\" \/>\n<meta name=\"twitter:label1\" content=\"Dur\u00e9e de lecture estim\u00e9e\" \/>\n\t<meta name=\"twitter:data1\" content=\"3 minutes\" \/>\n<script type=\"application\/ld+json\" class=\"yoast-schema-graph\">{\"@context\":\"https:\/\/schema.org\",\"@graph\":[{\"@type\":\"WebPage\",\"@id\":\"https:\/\/vapingnet.de\/vape\/bang-30000-puffs-strawberry-watermelon-und-kiwi-passion-fruit-guava-intensiver-fruchtmix\/\",\"url\":\"https:\/\/vapingnet.de\/vape\/bang-30000-puffs-strawberry-watermelon-und-kiwi-passion-fruit-guava-intensiver-fruchtmix\/\",\"name\":\"Bang 30000 Puffs Strawberry Watermelon und Kiwi Passion Fruit Guava intensiver Fruchtmix | Vapingnet.de\",\"isPartOf\":{\"@id\":\"https:\/\/vapingnet.de\/#website\"},\"primaryImageOfPage\":{\"@id\":\"https:\/\/vapingnet.de\/vape\/bang-30000-puffs-strawberry-watermelon-und-kiwi-passion-fruit-guava-intensiver-fruchtmix\/#primaryimage\"},\"image\":{\"@id\":\"https:\/\/vapingnet.de\/vape\/bang-30000-puffs-strawberry-watermelon-und-kiwi-passion-fruit-guava-intensiver-fruchtmix\/#primaryimage\"},\"thumbnailUrl\":\"https:\/\/vapingnet.de\/wp-content\/uploads\/2025\/03\/Strawberry-Watermelon-und-Kiwi-Passion-Fruit-Guava.png\",\"datePublished\":\"2025-12-13T09:04:10+00:00\",\"dateModified\":\"2026-01-28T08:36:47+00:00\",\"description\":\"Entdecke Bang 30000 Puffs Strawberry Watermelon und Kiwi Passion Fruit Guava intensiver Fruchtmix bei vapingnet.de, \u25ba Gro\u00dfe Auswahl an Geschmacksrichtungen & super g\u00fcnstig!\",\"breadcrumb\":{\"@id\":\"https:\/\/vapingnet.de\/vape\/bang-30000-puffs-strawberry-watermelon-und-kiwi-passion-fruit-guava-intensiver-fruchtmix\/#breadcrumb\"},\"inLanguage\":\"fr-FR\",\"potentialAction\":[{\"@type\":\"ReadAction\",\"target\":[\"https:\/\/vapingnet.de\/vape\/bang-30000-puffs-strawberry-watermelon-und-kiwi-passion-fruit-guava-intensiver-fruchtmix\/\"]}]},{\"@type\":\"ImageObject\",\"inLanguage\":\"fr-FR\",\"@id\":\"https:\/\/vapingnet.de\/vape\/bang-30000-puffs-strawberry-watermelon-und-kiwi-passion-fruit-guava-intensiver-fruchtmix\/#primaryimage\",\"url\":\"https:\/\/vapingnet.de\/wp-content\/uploads\/2025\/03\/Strawberry-Watermelon-und-Kiwi-Passion-Fruit-Guava.png\",\"contentUrl\":\"https:\/\/vapingnet.de\/wp-content\/uploads\/2025\/03\/Strawberry-Watermelon-und-Kiwi-Passion-Fruit-Guava.png\",\"width\":900,\"height\":600,\"caption\":\"Strawberry Watermelon und Kiwi Passion Fruit Guava\"},{\"@type\":\"BreadcrumbList\",\"@id\":\"https:\/\/vapingnet.de\/vape\/bang-30000-puffs-strawberry-watermelon-und-kiwi-passion-fruit-guava-intensiver-fruchtmix\/#breadcrumb\",\"itemListElement\":[{\"@type\":\"ListItem\",\"position\":1,\"name\":\"Home\",\"item\":\"https:\/\/vapingnet.de\/\"},{\"@type\":\"ListItem\",\"position\":2,\"name\":\"Shop\",\"item\":\"https:\/\/vapingnet.de\/vape\/\"},{\"@type\":\"ListItem\",\"position\":3,\"name\":\"Bang 30000 Puffs Strawberry Watermelon und Kiwi Passion Fruit Guava intensiver Fruchtmix\"}]},{\"@type\":\"WebSite\",\"@id\":\"https:\/\/vapingnet.de\/#website\",\"url\":\"https:\/\/vapingnet.de\/\",\"name\":\"Vapingnet.de\",\"description\":\"\",\"publisher\":{\"@id\":\"https:\/\/vapingnet.de\/#organization\"},\"potentialAction\":[{\"@type\":\"SearchAction\",\"target\":{\"@type\":\"EntryPoint\",\"urlTemplate\":\"https:\/\/vapingnet.de\/?s={search_term_string}\"},\"query-input\":{\"@type\":\"PropertyValueSpecification\",\"valueRequired\":true,\"valueName\":\"search_term_string\"}}],\"inLanguage\":\"fr-FR\"},{\"@type\":\"Organization\",\"@id\":\"https:\/\/vapingnet.de\/#organization\",\"name\":\"Vapingnet.de\",\"url\":\"https:\/\/vapingnet.de\/\",\"logo\":{\"@type\":\"ImageObject\",\"inLanguage\":\"fr-FR\",\"@id\":\"https:\/\/vapingnet.de\/#\/schema\/logo\/image\/\",\"url\":\"https:\/\/vapingnet.de\/wp-content\/uploads\/2025\/03\/cropped-vapingnet.de_.jpg\",\"contentUrl\":\"https:\/\/vapingnet.de\/wp-content\/uploads\/2025\/03\/cropped-vapingnet.de_.jpg\",\"width\":512,\"height\":512,\"caption\":\"Vapingnet.de\"},\"image\":{\"@id\":\"https:\/\/vapingnet.de\/#\/schema\/logo\/image\/\"},\"sameAs\":[\"https:\/\/www.facebook.com\/vapingnetde\/\"]}]}<\/script>\n<!-- \/ Yoast SEO plugin. -->","yoast_head_json":{"title":"Bang 30000 Puffs Strawberry Watermelon und Kiwi Passion Fruit Guava intensiver Fruchtmix | Vapingnet.de","description":"Entdecke Bang 30000 Puffs Strawberry Watermelon und Kiwi Passion Fruit Guava intensiver Fruchtmix bei vapingnet.de, \u25ba Gro\u00dfe Auswahl an Geschmacksrichtungen & super g\u00fcnstig!","robots":{"index":"index","follow":"follow","max-snippet":"max-snippet:-1","max-image-preview":"max-image-preview:large","max-video-preview":"max-video-preview:-1"},"canonical":"https:\/\/vapingnet.de\/fr\/vape\/bang-30000-puffs-strawberry-watermelon-und-kiwi-passion-fruit-guava-intensiver-fruchtmix\/","og_locale":"fr_FR","og_type":"article","og_title":"Bang 30000 Puffs Strawberry Watermelon und Kiwi Passion Fruit Guava intensiver Fruchtmix | Vapingnet.de","og_description":"Entdecke Bang 30000 Puffs Strawberry Watermelon und Kiwi Passion Fruit Guava intensiver Fruchtmix bei vapingnet.de, \u25ba Gro\u00dfe Auswahl an Geschmacksrichtungen & super g\u00fcnstig!","og_url":"https:\/\/vapingnet.de\/fr\/vape\/bang-30000-puffs-strawberry-watermelon-und-kiwi-passion-fruit-guava-intensiver-fruchtmix\/","og_site_name":"Vapingnet.de","article_publisher":"https:\/\/www.facebook.com\/vapingnetde\/","article_modified_time":"2026-01-28T08:36:47+00:00","og_image":[{"width":900,"height":600,"url":"https:\/\/vapingnet.de\/wp-content\/uploads\/2025\/03\/Strawberry-Watermelon-und-Kiwi-Passion-Fruit-Guava.png","type":"image\/png"}],"twitter_card":"summary_large_image","twitter_misc":{"Dur\u00e9e de lecture estim\u00e9e":"3 minutes"},"schema":{"@context":"https:\/\/schema.org","@graph":[{"@type":"WebPage","@id":"https:\/\/vapingnet.de\/vape\/bang-30000-puffs-strawberry-watermelon-und-kiwi-passion-fruit-guava-intensiver-fruchtmix\/","url":"https:\/\/vapingnet.de\/vape\/bang-30000-puffs-strawberry-watermelon-und-kiwi-passion-fruit-guava-intensiver-fruchtmix\/","name":"Bang 30000 Puffs Strawberry Watermelon und Kiwi Passion Fruit Guava intensiver Fruchtmix | Vapingnet.de","isPartOf":{"@id":"https:\/\/vapingnet.de\/#website"},"primaryImageOfPage":{"@id":"https:\/\/vapingnet.de\/vape\/bang-30000-puffs-strawberry-watermelon-und-kiwi-passion-fruit-guava-intensiver-fruchtmix\/#primaryimage"},"image":{"@id":"https:\/\/vapingnet.de\/vape\/bang-30000-puffs-strawberry-watermelon-und-kiwi-passion-fruit-guava-intensiver-fruchtmix\/#primaryimage"},"thumbnailUrl":"https:\/\/vapingnet.de\/wp-content\/uploads\/2025\/03\/Strawberry-Watermelon-und-Kiwi-Passion-Fruit-Guava.png","datePublished":"2025-12-13T09:04:10+00:00","dateModified":"2026-01-28T08:36:47+00:00","description":"Entdecke Bang 30000 Puffs Strawberry Watermelon und Kiwi Passion Fruit Guava intensiver Fruchtmix bei vapingnet.de, \u25ba Gro\u00dfe Auswahl an Geschmacksrichtungen & super g\u00fcnstig!","breadcrumb":{"@id":"https:\/\/vapingnet.de\/vape\/bang-30000-puffs-strawberry-watermelon-und-kiwi-passion-fruit-guava-intensiver-fruchtmix\/#breadcrumb"},"inLanguage":"fr-FR","potentialAction":[{"@type":"ReadAction","target":["https:\/\/vapingnet.de\/vape\/bang-30000-puffs-strawberry-watermelon-und-kiwi-passion-fruit-guava-intensiver-fruchtmix\/"]}]},{"@type":"ImageObject","inLanguage":"fr-FR","@id":"https:\/\/vapingnet.de\/vape\/bang-30000-puffs-strawberry-watermelon-und-kiwi-passion-fruit-guava-intensiver-fruchtmix\/#primaryimage","url":"https:\/\/vapingnet.de\/wp-content\/uploads\/2025\/03\/Strawberry-Watermelon-und-Kiwi-Passion-Fruit-Guava.png","contentUrl":"https:\/\/vapingnet.de\/wp-content\/uploads\/2025\/03\/Strawberry-Watermelon-und-Kiwi-Passion-Fruit-Guava.png","width":900,"height":600,"caption":"Strawberry Watermelon und Kiwi Passion Fruit Guava"},{"@type":"BreadcrumbList","@id":"https:\/\/vapingnet.de\/vape\/bang-30000-puffs-strawberry-watermelon-und-kiwi-passion-fruit-guava-intensiver-fruchtmix\/#breadcrumb","itemListElement":[{"@type":"ListItem","position":1,"name":"Home","item":"https:\/\/vapingnet.de\/"},{"@type":"ListItem","position":2,"name":"Shop","item":"https:\/\/vapingnet.de\/vape\/"},{"@type":"ListItem","position":3,"name":"Bang 30000 Puffs Strawberry Watermelon und Kiwi Passion Fruit Guava intensiver Fruchtmix"}]},{"@type":"WebSite","@id":"https:\/\/vapingnet.de\/#website","url":"https:\/\/vapingnet.de\/","name":"Vapingnet.de","description":"","publisher":{"@id":"https:\/\/vapingnet.de\/#organization"},"potentialAction":[{"@type":"SearchAction","target":{"@type":"EntryPoint","urlTemplate":"https:\/\/vapingnet.de\/?s={search_term_string}"},"query-input":{"@type":"PropertyValueSpecification","valueRequired":true,"valueName":"search_term_string"}}],"inLanguage":"fr-FR"},{"@type":"Organization","@id":"https:\/\/vapingnet.de\/#organization","name":"Vapingnet.de","url":"https:\/\/vapingnet.de\/","logo":{"@type":"ImageObject","inLanguage":"fr-FR","@id":"https:\/\/vapingnet.de\/#\/schema\/logo\/image\/","url":"https:\/\/vapingnet.de\/wp-content\/uploads\/2025\/03\/cropped-vapingnet.de_.jpg","contentUrl":"https:\/\/vapingnet.de\/wp-content\/uploads\/2025\/03\/cropped-vapingnet.de_.jpg","width":512,"height":512,"caption":"Vapingnet.de"},"image":{"@id":"https:\/\/vapingnet.de\/#\/schema\/logo\/image\/"},"sameAs":["https:\/\/www.facebook.com\/vapingnetde\/"]}]}},"tiered_pricing_type":"fixed","tiered_pricing_fixed_rules":{"10":"9.49","60":"8.54","110":"7.59","200":"6.64"},"tiered_pricing_product_settings":{"layout":"default","base_unit_name":{"singular":null,"plural":null},"default_variation":null},"tiered_pricing_minimum_quantity":null,"tiered_pricing_roles_data":[],"tiered_pricing_percentage_rules":[],"_links":{"self":[{"href":"https:\/\/vapingnet.de\/fr\/wp-json\/wp\/v2\/product\/5267","targetHints":{"allow":["GET"]}}],"collection":[{"href":"https:\/\/vapingnet.de\/fr\/wp-json\/wp\/v2\/product"}],"about":[{"href":"https:\/\/vapingnet.de\/fr\/wp-json\/wp\/v2\/types\/product"}],"version-history":[{"count":2,"href":"https:\/\/vapingnet.de\/fr\/wp-json\/wp\/v2\/product\/5267\/revisions"}],"predecessor-version":[{"id":7307,"href":"https:\/\/vapingnet.de\/fr\/wp-json\/wp\/v2\/product\/5267\/revisions\/7307"}],"wp:featuredmedia":[{"embeddable":true,"href":"https:\/\/vapingnet.de\/fr\/wp-json\/wp\/v2\/media\/5268"}],"wp:attachment":[{"href":"https:\/\/vapingnet.de\/fr\/wp-json\/wp\/v2\/media?parent=5267"}],"wp:term":[{"taxonomy":"brand","embeddable":true,"href":"https:\/\/vapingnet.de\/fr\/wp-json\/wp\/v2\/etheme_brands?post=5267"},{"taxonomy":"product_brand","embeddable":true,"href":"https:\/\/vapingnet.de\/fr\/wp-json\/wp\/v2\/product_brand?post=5267"},{"taxonomy":"product_cat","embeddable":true,"href":"https:\/\/vapingnet.de\/fr\/wp-json\/wp\/v2\/product_cat?post=5267"},{"taxonomy":"product_tag","embeddable":true,"href":"https:\/\/vapingnet.de\/fr\/wp-json\/wp\/v2\/product_tag?post=5267"}],"curies":[{"name":"wp","href":"https:\/\/api.w.org\/{rel}","templated":true}]}}