{"id":5270,"date":"2025-03-13T09:11:26","date_gmt":"2025-03-13T09:11:26","guid":{"rendered":"https:\/\/vapingnet.de\/?post_type=product&#038;p=5270"},"modified":"2025-06-19T03:41:23","modified_gmt":"2025-06-19T03:41:23","slug":"bang-30000-puffs-dual-flavor-strawberry-and-watermelon-und-grape-ice-fuer-einen-einzigartigen-vape","status":"publish","type":"product","link":"https:\/\/vapingnet.de\/fr\/vape\/bang-30000-puffs-dual-flavor-strawberry-and-watermelon-und-grape-ice-fuer-einen-einzigartigen-vape\/","title":{"rendered":"Bang 30000 Puff Dual Flavor Strawberry and Watermelon et Grape Ice pour une vape unique"},"content":{"rendered":"<h2 data-start=\"0\" data-end=\"86\">Bang King 30000 Bouff\u00e9es Cigarette \u00c9lectronique Jetable Double Saveur \u2013 Pour chaque tirage, un plaisir<\/h2>\n<p data-start=\"88\" data-end=\"398\"><a href=\"https:\/\/vapingnet.de\/fr\/bang-king-30000-puffs\/\" target=\"_blank\" rel=\"noopener\"><strong>Bang King 30000 Bouff\u00e9es<\/strong><\/a> est le choix id\u00e9al pour tous ceux qui recherchent une exp\u00e9rience de vapotage longue dur\u00e9e et unique. Que vous cherchiez une utilisation prolong\u00e9e ou une exp\u00e9rience gustative particuli\u00e8re, cet appareil r\u00e9pond \u00e0 toutes vos exigences. D\u00e9couvrons ensemble les points forts de cette cigarette \u00e9lectronique !<\/p>\n<h4 data-start=\"405\" data-end=\"427\">Caract\u00e9ristiques principales<\/h4>\n<ul data-start=\"429\" data-end=\"1667\">\n<li data-start=\"429\" data-end=\"624\">Dur\u00e9e de vie extr\u00eamement longue : La dur\u00e9e d'utilisation de 30000 bouff\u00e9es \u00e9vite les changements fr\u00e9quents et assure une utilisation durable qui couvre facilement vos besoins quotidiens.<\/li>\n<li data-start=\"625\" data-end=\"898\">Double exp\u00e9rience gustative : Avec les deux saveurs rafra\u00eechissantes Fraise et Past\u00e8que et Givre de Raisin<br \/>\ncette cigarette \u00e9lectronique offre une exp\u00e9rience gustative vari\u00e9e. Envie de changement ? Il suffit de basculer et de changer de saveur !<\/li>\n<li data-start=\"899\" data-end=\"1154\">R\u00e9sistance en mesh de haute qualit\u00e9 : La r\u00e9sistance en mesh 1.0\u03a9 assure un chauffage uniforme du liquide et conf\u00e8re \u00e0 la vapeur une texture particuli\u00e8rement fine. Que vous pr\u00e9f\u00e9riez une exp\u00e9rience de vapotage intense ou douce, cette r\u00e9sistance s\u2019adapte parfaitement.<\/li>\n<li data-start=\"1155\" data-end=\"1331\">Fonction d\u2019airflow r\u00e9glable : Vous pouvez ajuster l\u2019arriv\u00e9e d\u2019air selon vos pr\u00e9f\u00e9rences et trouver la force de tirage parfaite pour vous. Personnalisez votre exp\u00e9rience de vapotage !<\/li>\n<li data-start=\"1332\" data-end=\"1533\">Batterie rechargeable de 550mAh : La batterie durable avec connecteur de charge rapide Type-C garantit que votre cigarette \u00e9lectronique est toujours pr\u00eate \u00e0 l\u2019emploi \u2013 plus besoin de vous soucier d\u2019une puissance insuffisante !<\/li>\n<li data-start=\"1534\" data-end=\"1667\">Grand volume de liquide : Avec 36 ml de liquide, vous n\u2019avez pas \u00e0 vous soucier de remplir fr\u00e9quemment et pouvez profiter plus longtemps.<\/li>\n<\/ul>\n<h4 data-start=\"1674\" data-end=\"1699\">Caract\u00e9ristiques du produit :<\/h4>\n<ul data-start=\"1701\" data-end=\"2717\">\n<li data-start=\"1701\" data-end=\"1938\">\n<p data-start=\"1703\" data-end=\"1938\">Double choix de saveurs : La combinaison Fraise-Past\u00e8que et Raisin Givre offre une exp\u00e9rience de vapotage rafra\u00eechissante. Vous n\u2019\u00eates plus limit\u00e9 \u00e0 une seule saveur, vous pouvez changer selon votre humeur.<\/p>\n<\/li>\n<li data-start=\"1942\" data-end=\"2116\">\n<p data-start=\"1944\" data-end=\"2116\">Dur\u00e9e de vie de 30000 bouff\u00e9es : Avec une dur\u00e9e d\u2019utilisation allant jusqu\u2019\u00e0 30000 bouff\u00e9es, vous \u00e9vitez de changer d\u2019appareil constamment et profitez plus longtemps de votre cigarette \u00e9lectronique.<\/p>\n<\/li>\n<li data-start=\"2118\" data-end=\"2255\">\n<p data-start=\"2120\" data-end=\"2255\">R\u00e9sistance en mesh pour une vapeur uniforme : La r\u00e9sistance en mesh assure un chauffage homog\u00e8ne et garantit une vapeur douce et pleine de saveur.<\/p>\n<\/li>\n<li data-start=\"2257\" data-end=\"2380\">\n<p data-start=\"2259\" data-end=\"2380\">Airflow r\u00e9glable : Ajustez l\u2019arriv\u00e9e d\u2019air selon vos pr\u00e9f\u00e9rences \u2013 vapotage plus intense ou plus doux, c\u2019est vous qui d\u00e9cidez !<\/p>\n<\/li>\n<li data-start=\"2382\" data-end=\"2542\">\n<p data-start=\"2384\" data-end=\"2542\">Charge rapide : La batterie de 550mAh et le connecteur de charge Type-C offrent une recharge rapide pour que votre cigarette \u00e9lectronique reste toujours en forme.<\/p>\n<\/li>\n<li data-start=\"2544\" data-end=\"2717\">\n<p data-start=\"2546\" data-end=\"2717\">Pas de frais de douane : Commandez simplement via vapingnet.fr et profitez de l\u2019absence de frais de douane ainsi que d\u2019une livraison rapide \u2013 acheter n\u2019a jamais \u00e9t\u00e9 aussi simple !<\/p>\n<\/li>\n<\/ul>\n<h3 data-start=\"2724\" data-end=\"2750\">Pour qui est-il adapt\u00e9 ?<\/h3>\n<p data-start=\"2752\" data-end=\"3069\">Que vous soyez un d\u00e9butant dans le monde des cigarettes \u00e9lectroniques ou un vapoteur exp\u00e9riment\u00e9, la Bang King 30000 Bouff\u00e9es Double Saveur vous offre une exp\u00e9rience de vapotage unique. La double s\u00e9lection de saveurs, la longue dur\u00e9e d\u2019utilisation et la fonction d\u2019airflow r\u00e9glable font de cette cigarette \u00e9lectronique votre compagnon id\u00e9al.<\/p>\n<h4>D\u00e9couvrez maintenant<\/h4>\n<p data-start=\"3100\" data-end=\"3340\">Pr\u00eat \u00e0 profiter de l\u2019exp\u00e9rience de vapotage ultime ? Visitez <a href=\"https:\/\/vapingnet.de\/fr\/\" target=\"_new\" rel=\"noopener\" data-start=\"3160\" data-end=\"3196\">vapingnet.de<\/a> et procurez-vous votre cigarette \u00e9lectronique jetable Bang King 30000 Bouff\u00e9es Double Saveur, pour savourer chaque tirage \u2013 \u00e0 tout moment et partout !<\/p>\n<p data-start=\"3347\" data-end=\"3549\" data-is-last-node=\"\" data-is-only-node=\"\">Mots-cl\u00e9s : cigarette \u00e9lectronique Bang King, cigarette \u00e9lectronique Double Saveur, longue dur\u00e9e de vie, Fraise Past\u00e8que, Raisin Givre, airflow r\u00e9glable, r\u00e9sistance en mesh, charge rapide, 36ml de liquide, pas de frais de douane<\/p>","protected":false},"excerpt":{"rendered":"<p>Bang King 30000 Puffs Dual Flavor Einweg E-Zigarette \u2013 F\u00fcr jedes Ziehen ein Genuss Bang King 30000 Puffs ist die ideale Wahl f\u00fcr alle, die&#8230;<\/p>","protected":false},"featured_media":5271,"template":"","meta":[],"etheme_brands":[],"product_brand":[101],"product_cat":[56,49,61],"product_tag":[],"class_list":{"0":"post-5270","1":"product","2":"type-product","3":"status-publish","4":"has-post-thumbnail","6":"product_brand-bang-king-vape","7":"product_cat-vape-30000-zuege","8":"product_cat-einweg-e-zigarette","9":"product_cat-f","11":"first","12":"instock","13":"shipping-taxable","14":"purchasable","15":"product-type-simple"},"yoast_head":"<!-- This site is optimized with the Yoast SEO plugin v26.5 - https:\/\/yoast.com\/wordpress\/plugins\/seo\/ -->\n<title>Bang 30000 Puffs Dual Flavor Strawberry and Watermelon und Grape Ice f\u00fcr einen einzigartigen Vape | Vapingnet.de<\/title>\n<meta name=\"description\" content=\"Entdecke Bang 30000 Puffs Dual Flavor Strawberry and Watermelon und Grape Ice f\u00fcr einen einzigartigen Vape bei vapingnet.de, \u25ba Gro\u00dfe Auswahl an Geschmacksrichtungen &amp; super g\u00fcnstig!\" \/>\n<meta name=\"robots\" content=\"index, follow, max-snippet:-1, max-image-preview:large, max-video-preview:-1\" \/>\n<link rel=\"canonical\" href=\"https:\/\/vapingnet.de\/fr\/vape\/bang-30000-puffs-dual-flavor-strawberry-and-watermelon-und-grape-ice-fuer-einen-einzigartigen-vape\/\" \/>\n<meta property=\"og:locale\" content=\"fr_FR\" \/>\n<meta property=\"og:type\" content=\"article\" \/>\n<meta property=\"og:title\" content=\"Bang 30000 Puffs Dual Flavor Strawberry and Watermelon und Grape Ice f\u00fcr einen einzigartigen Vape | Vapingnet.de\" \/>\n<meta property=\"og:description\" content=\"Entdecke Bang 30000 Puffs Dual Flavor Strawberry and Watermelon und Grape Ice f\u00fcr einen einzigartigen Vape bei vapingnet.de, \u25ba Gro\u00dfe Auswahl an Geschmacksrichtungen &amp; super g\u00fcnstig!\" \/>\n<meta property=\"og:url\" content=\"https:\/\/vapingnet.de\/fr\/vape\/bang-30000-puffs-dual-flavor-strawberry-and-watermelon-und-grape-ice-fuer-einen-einzigartigen-vape\/\" \/>\n<meta property=\"og:site_name\" content=\"Vapingnet.de\" \/>\n<meta property=\"article:publisher\" content=\"https:\/\/www.facebook.com\/vapingnetde\/\" \/>\n<meta property=\"article:modified_time\" content=\"2025-06-19T03:41:23+00:00\" \/>\n<meta property=\"og:image\" content=\"https:\/\/vapingnet.de\/wp-content\/uploads\/2025\/03\/Strawberry-and-Watermelon-und-Grape-Ice.png\" \/>\n\t<meta property=\"og:image:width\" content=\"900\" \/>\n\t<meta property=\"og:image:height\" content=\"600\" \/>\n\t<meta property=\"og:image:type\" content=\"image\/png\" \/>\n<meta name=\"twitter:card\" content=\"summary_large_image\" \/>\n<meta name=\"twitter:label1\" content=\"Dur\u00e9e de lecture estim\u00e9e\" \/>\n\t<meta name=\"twitter:data1\" content=\"3 minutes\" \/>\n<script type=\"application\/ld+json\" class=\"yoast-schema-graph\">{\"@context\":\"https:\/\/schema.org\",\"@graph\":[{\"@type\":\"WebPage\",\"@id\":\"https:\/\/vapingnet.de\/vape\/bang-30000-puffs-dual-flavor-strawberry-and-watermelon-und-grape-ice-fuer-einen-einzigartigen-vape\/\",\"url\":\"https:\/\/vapingnet.de\/vape\/bang-30000-puffs-dual-flavor-strawberry-and-watermelon-und-grape-ice-fuer-einen-einzigartigen-vape\/\",\"name\":\"Bang 30000 Puffs Dual Flavor Strawberry and Watermelon und Grape Ice f\u00fcr einen einzigartigen Vape | Vapingnet.de\",\"isPartOf\":{\"@id\":\"https:\/\/vapingnet.de\/#website\"},\"primaryImageOfPage\":{\"@id\":\"https:\/\/vapingnet.de\/vape\/bang-30000-puffs-dual-flavor-strawberry-and-watermelon-und-grape-ice-fuer-einen-einzigartigen-vape\/#primaryimage\"},\"image\":{\"@id\":\"https:\/\/vapingnet.de\/vape\/bang-30000-puffs-dual-flavor-strawberry-and-watermelon-und-grape-ice-fuer-einen-einzigartigen-vape\/#primaryimage\"},\"thumbnailUrl\":\"https:\/\/vapingnet.de\/wp-content\/uploads\/2025\/03\/Strawberry-and-Watermelon-und-Grape-Ice.png\",\"datePublished\":\"2025-03-13T09:11:26+00:00\",\"dateModified\":\"2025-06-19T03:41:23+00:00\",\"description\":\"Entdecke Bang 30000 Puffs Dual Flavor Strawberry and Watermelon und Grape Ice f\u00fcr einen einzigartigen Vape bei vapingnet.de, \u25ba Gro\u00dfe Auswahl an Geschmacksrichtungen & super g\u00fcnstig!\",\"breadcrumb\":{\"@id\":\"https:\/\/vapingnet.de\/vape\/bang-30000-puffs-dual-flavor-strawberry-and-watermelon-und-grape-ice-fuer-einen-einzigartigen-vape\/#breadcrumb\"},\"inLanguage\":\"fr-FR\",\"potentialAction\":[{\"@type\":\"ReadAction\",\"target\":[\"https:\/\/vapingnet.de\/vape\/bang-30000-puffs-dual-flavor-strawberry-and-watermelon-und-grape-ice-fuer-einen-einzigartigen-vape\/\"]}]},{\"@type\":\"ImageObject\",\"inLanguage\":\"fr-FR\",\"@id\":\"https:\/\/vapingnet.de\/vape\/bang-30000-puffs-dual-flavor-strawberry-and-watermelon-und-grape-ice-fuer-einen-einzigartigen-vape\/#primaryimage\",\"url\":\"https:\/\/vapingnet.de\/wp-content\/uploads\/2025\/03\/Strawberry-and-Watermelon-und-Grape-Ice.png\",\"contentUrl\":\"https:\/\/vapingnet.de\/wp-content\/uploads\/2025\/03\/Strawberry-and-Watermelon-und-Grape-Ice.png\",\"width\":900,\"height\":600,\"caption\":\"Strawberry and Watermelon und Grape Ice\"},{\"@type\":\"BreadcrumbList\",\"@id\":\"https:\/\/vapingnet.de\/vape\/bang-30000-puffs-dual-flavor-strawberry-and-watermelon-und-grape-ice-fuer-einen-einzigartigen-vape\/#breadcrumb\",\"itemListElement\":[{\"@type\":\"ListItem\",\"position\":1,\"name\":\"Home\",\"item\":\"https:\/\/vapingnet.de\/\"},{\"@type\":\"ListItem\",\"position\":2,\"name\":\"Shop\",\"item\":\"https:\/\/vapingnet.de\/vape\/\"},{\"@type\":\"ListItem\",\"position\":3,\"name\":\"Bang 30000 Puffs Dual Flavor Strawberry and Watermelon und Grape Ice f\u00fcr einen einzigartigen Vape\"}]},{\"@type\":\"WebSite\",\"@id\":\"https:\/\/vapingnet.de\/#website\",\"url\":\"https:\/\/vapingnet.de\/\",\"name\":\"Vapingnet.de\",\"description\":\"\",\"publisher\":{\"@id\":\"https:\/\/vapingnet.de\/#organization\"},\"potentialAction\":[{\"@type\":\"SearchAction\",\"target\":{\"@type\":\"EntryPoint\",\"urlTemplate\":\"https:\/\/vapingnet.de\/?s={search_term_string}\"},\"query-input\":{\"@type\":\"PropertyValueSpecification\",\"valueRequired\":true,\"valueName\":\"search_term_string\"}}],\"inLanguage\":\"fr-FR\"},{\"@type\":\"Organization\",\"@id\":\"https:\/\/vapingnet.de\/#organization\",\"name\":\"Vapingnet.de\",\"url\":\"https:\/\/vapingnet.de\/\",\"logo\":{\"@type\":\"ImageObject\",\"inLanguage\":\"fr-FR\",\"@id\":\"https:\/\/vapingnet.de\/#\/schema\/logo\/image\/\",\"url\":\"https:\/\/vapingnet.de\/wp-content\/uploads\/2025\/03\/cropped-vapingnet.de_.jpg\",\"contentUrl\":\"https:\/\/vapingnet.de\/wp-content\/uploads\/2025\/03\/cropped-vapingnet.de_.jpg\",\"width\":512,\"height\":512,\"caption\":\"Vapingnet.de\"},\"image\":{\"@id\":\"https:\/\/vapingnet.de\/#\/schema\/logo\/image\/\"},\"sameAs\":[\"https:\/\/www.facebook.com\/vapingnetde\/\"]}]}<\/script>\n<!-- \/ Yoast SEO plugin. -->","yoast_head_json":{"title":"Bang 30000 Puffs Dual Flavor Strawberry and Watermelon und Grape Ice f\u00fcr einen einzigartigen Vape | Vapingnet.de","description":"Entdecke Bang 30000 Puffs Dual Flavor Strawberry and Watermelon und Grape Ice f\u00fcr einen einzigartigen Vape bei vapingnet.de, \u25ba Gro\u00dfe Auswahl an Geschmacksrichtungen & super g\u00fcnstig!","robots":{"index":"index","follow":"follow","max-snippet":"max-snippet:-1","max-image-preview":"max-image-preview:large","max-video-preview":"max-video-preview:-1"},"canonical":"https:\/\/vapingnet.de\/fr\/vape\/bang-30000-puffs-dual-flavor-strawberry-and-watermelon-und-grape-ice-fuer-einen-einzigartigen-vape\/","og_locale":"fr_FR","og_type":"article","og_title":"Bang 30000 Puffs Dual Flavor Strawberry and Watermelon und Grape Ice f\u00fcr einen einzigartigen Vape | Vapingnet.de","og_description":"Entdecke Bang 30000 Puffs Dual Flavor Strawberry and Watermelon und Grape Ice f\u00fcr einen einzigartigen Vape bei vapingnet.de, \u25ba Gro\u00dfe Auswahl an Geschmacksrichtungen & super g\u00fcnstig!","og_url":"https:\/\/vapingnet.de\/fr\/vape\/bang-30000-puffs-dual-flavor-strawberry-and-watermelon-und-grape-ice-fuer-einen-einzigartigen-vape\/","og_site_name":"Vapingnet.de","article_publisher":"https:\/\/www.facebook.com\/vapingnetde\/","article_modified_time":"2025-06-19T03:41:23+00:00","og_image":[{"width":900,"height":600,"url":"https:\/\/vapingnet.de\/wp-content\/uploads\/2025\/03\/Strawberry-and-Watermelon-und-Grape-Ice.png","type":"image\/png"}],"twitter_card":"summary_large_image","twitter_misc":{"Dur\u00e9e de lecture estim\u00e9e":"3 minutes"},"schema":{"@context":"https:\/\/schema.org","@graph":[{"@type":"WebPage","@id":"https:\/\/vapingnet.de\/vape\/bang-30000-puffs-dual-flavor-strawberry-and-watermelon-und-grape-ice-fuer-einen-einzigartigen-vape\/","url":"https:\/\/vapingnet.de\/vape\/bang-30000-puffs-dual-flavor-strawberry-and-watermelon-und-grape-ice-fuer-einen-einzigartigen-vape\/","name":"Bang 30000 Puffs Dual Flavor Strawberry and Watermelon und Grape Ice f\u00fcr einen einzigartigen Vape | Vapingnet.de","isPartOf":{"@id":"https:\/\/vapingnet.de\/#website"},"primaryImageOfPage":{"@id":"https:\/\/vapingnet.de\/vape\/bang-30000-puffs-dual-flavor-strawberry-and-watermelon-und-grape-ice-fuer-einen-einzigartigen-vape\/#primaryimage"},"image":{"@id":"https:\/\/vapingnet.de\/vape\/bang-30000-puffs-dual-flavor-strawberry-and-watermelon-und-grape-ice-fuer-einen-einzigartigen-vape\/#primaryimage"},"thumbnailUrl":"https:\/\/vapingnet.de\/wp-content\/uploads\/2025\/03\/Strawberry-and-Watermelon-und-Grape-Ice.png","datePublished":"2025-03-13T09:11:26+00:00","dateModified":"2025-06-19T03:41:23+00:00","description":"Entdecke Bang 30000 Puffs Dual Flavor Strawberry and Watermelon und Grape Ice f\u00fcr einen einzigartigen Vape bei vapingnet.de, \u25ba Gro\u00dfe Auswahl an Geschmacksrichtungen & super g\u00fcnstig!","breadcrumb":{"@id":"https:\/\/vapingnet.de\/vape\/bang-30000-puffs-dual-flavor-strawberry-and-watermelon-und-grape-ice-fuer-einen-einzigartigen-vape\/#breadcrumb"},"inLanguage":"fr-FR","potentialAction":[{"@type":"ReadAction","target":["https:\/\/vapingnet.de\/vape\/bang-30000-puffs-dual-flavor-strawberry-and-watermelon-und-grape-ice-fuer-einen-einzigartigen-vape\/"]}]},{"@type":"ImageObject","inLanguage":"fr-FR","@id":"https:\/\/vapingnet.de\/vape\/bang-30000-puffs-dual-flavor-strawberry-and-watermelon-und-grape-ice-fuer-einen-einzigartigen-vape\/#primaryimage","url":"https:\/\/vapingnet.de\/wp-content\/uploads\/2025\/03\/Strawberry-and-Watermelon-und-Grape-Ice.png","contentUrl":"https:\/\/vapingnet.de\/wp-content\/uploads\/2025\/03\/Strawberry-and-Watermelon-und-Grape-Ice.png","width":900,"height":600,"caption":"Strawberry and Watermelon und Grape Ice"},{"@type":"BreadcrumbList","@id":"https:\/\/vapingnet.de\/vape\/bang-30000-puffs-dual-flavor-strawberry-and-watermelon-und-grape-ice-fuer-einen-einzigartigen-vape\/#breadcrumb","itemListElement":[{"@type":"ListItem","position":1,"name":"Home","item":"https:\/\/vapingnet.de\/"},{"@type":"ListItem","position":2,"name":"Shop","item":"https:\/\/vapingnet.de\/vape\/"},{"@type":"ListItem","position":3,"name":"Bang 30000 Puffs Dual Flavor Strawberry and Watermelon und Grape Ice f\u00fcr einen einzigartigen Vape"}]},{"@type":"WebSite","@id":"https:\/\/vapingnet.de\/#website","url":"https:\/\/vapingnet.de\/","name":"Vapingnet.de","description":"","publisher":{"@id":"https:\/\/vapingnet.de\/#organization"},"potentialAction":[{"@type":"SearchAction","target":{"@type":"EntryPoint","urlTemplate":"https:\/\/vapingnet.de\/?s={search_term_string}"},"query-input":{"@type":"PropertyValueSpecification","valueRequired":true,"valueName":"search_term_string"}}],"inLanguage":"fr-FR"},{"@type":"Organization","@id":"https:\/\/vapingnet.de\/#organization","name":"Vapingnet.de","url":"https:\/\/vapingnet.de\/","logo":{"@type":"ImageObject","inLanguage":"fr-FR","@id":"https:\/\/vapingnet.de\/#\/schema\/logo\/image\/","url":"https:\/\/vapingnet.de\/wp-content\/uploads\/2025\/03\/cropped-vapingnet.de_.jpg","contentUrl":"https:\/\/vapingnet.de\/wp-content\/uploads\/2025\/03\/cropped-vapingnet.de_.jpg","width":512,"height":512,"caption":"Vapingnet.de"},"image":{"@id":"https:\/\/vapingnet.de\/#\/schema\/logo\/image\/"},"sameAs":["https:\/\/www.facebook.com\/vapingnetde\/"]}]}},"tiered_pricing_type":"fixed","tiered_pricing_fixed_rules":{"10":"9.49","60":"8.54","110":"7.59","200":"6.64"},"tiered_pricing_product_settings":{"layout":"default","base_unit_name":{"singular":null,"plural":null},"default_variation":null},"tiered_pricing_minimum_quantity":null,"tiered_pricing_roles_data":[],"tiered_pricing_percentage_rules":[],"_links":{"self":[{"href":"https:\/\/vapingnet.de\/fr\/wp-json\/wp\/v2\/product\/5270","targetHints":{"allow":["GET"]}}],"collection":[{"href":"https:\/\/vapingnet.de\/fr\/wp-json\/wp\/v2\/product"}],"about":[{"href":"https:\/\/vapingnet.de\/fr\/wp-json\/wp\/v2\/types\/product"}],"version-history":[{"count":1,"href":"https:\/\/vapingnet.de\/fr\/wp-json\/wp\/v2\/product\/5270\/revisions"}],"predecessor-version":[{"id":5272,"href":"https:\/\/vapingnet.de\/fr\/wp-json\/wp\/v2\/product\/5270\/revisions\/5272"}],"wp:featuredmedia":[{"embeddable":true,"href":"https:\/\/vapingnet.de\/fr\/wp-json\/wp\/v2\/media\/5271"}],"wp:attachment":[{"href":"https:\/\/vapingnet.de\/fr\/wp-json\/wp\/v2\/media?parent=5270"}],"wp:term":[{"taxonomy":"brand","embeddable":true,"href":"https:\/\/vapingnet.de\/fr\/wp-json\/wp\/v2\/etheme_brands?post=5270"},{"taxonomy":"product_brand","embeddable":true,"href":"https:\/\/vapingnet.de\/fr\/wp-json\/wp\/v2\/product_brand?post=5270"},{"taxonomy":"product_cat","embeddable":true,"href":"https:\/\/vapingnet.de\/fr\/wp-json\/wp\/v2\/product_cat?post=5270"},{"taxonomy":"product_tag","embeddable":true,"href":"https:\/\/vapingnet.de\/fr\/wp-json\/wp\/v2\/product_tag?post=5270"}],"curies":[{"name":"wp","href":"https:\/\/api.w.org\/{rel}","templated":true}]}}