{"id":5292,"date":"2025-03-14T03:40:16","date_gmt":"2025-03-14T03:40:16","guid":{"rendered":"https:\/\/vapingnet.de\/?post_type=product&#038;p=5292"},"modified":"2025-06-19T03:41:20","modified_gmt":"2025-06-19T03:41:20","slug":"weltweit-meistverkauft-bang-36000-puffs-mesh-coil-mint-ice-direktverkauf-ab-werk","status":"publish","type":"product","link":"https:\/\/vapingnet.de\/fr\/vape\/weltweit-meistverkauft-bang-36000-puffs-mesh-coil-mint-ice-direktverkauf-ab-werk\/","title":{"rendered":"Vendu dans le monde entier, Bang 36000 bouff\u00e9es, mesh coil, menthe glac\u00e9e, vente directe \u00e0 l'usine"},"content":{"rendered":"<h2 data-start=\"0\" data-end=\"93\">Bang King 36000 Bouff\u00e9es Mesh Coil \u2013 Ultra-longue dur\u00e9e, l'exp\u00e9rience de glace ultime !<\/h2>\n<p data-start=\"95\" data-end=\"483\">Vous cherchez une cigarette \u00e9lectronique puissante, au go\u00fbt intense et \u00e0 longue dur\u00e9e ? La <a href=\"https:\/\/vapingnet.de\/fr\/bang-36000-puffs-mesh-coil\/\" target=\"_blank\" rel=\"noopener\"><strong>Bang King 36000 Bouff\u00e9es Mesh Coil <\/strong><\/a>est d\u00e9finitivement le choix parfait pour vous ! Que vous soyez d\u00e9butant ou vapoteur exp\u00e9riment\u00e9, ce mod\u00e8le vous offrira une exp\u00e9rience de vapotage in\u00e9gal\u00e9e. D\u00e9couvrons maintenant les caract\u00e9ristiques uniques de cette cigarette \u00e9lectronique !<\/p>\n<h4 data-start=\"490\" data-end=\"515\">\ud83d\udd25 Caract\u00e9ristiques du produit<\/h4>\n<h5 data-start=\"517\" data-end=\"570\">Ultra-longue dur\u00e9e, plaisir \u00e0 chaque inhalation<\/h5>\n<ul data-start=\"571\" data-end=\"806\">\n<li data-start=\"571\" data-end=\"678\"><a href=\"https:\/\/vapingnet.de\/fr\/k\/vape-36000-zuege\/\" target=\"_blank\" rel=\"noopener\"><strong>36000 bouff\u00e9es<\/strong><\/a> \u2013 Oubliez le changement constant de cigarettes \u00e9lectroniques et profitez d'un plaisir durable !<\/li>\n<li data-start=\"679\" data-end=\"806\">E-liquide pr\u00e9-rempli de 40 ml \u2013 Grande capacit\u00e9, longue dur\u00e9e, pour ne pas avoir \u00e0 vous soucier du rechargement.<\/li>\n<\/ul>\n<h5 data-start=\"808\" data-end=\"852\">Performance puissante, temps de charge rapide<\/h5>\n<ul data-start=\"853\" data-end=\"1124\">\n<li data-start=\"853\" data-end=\"994\">\u00c9quip\u00e9 d'une batterie rechargeable de 650mAh, qui permet une utilisation prolong\u00e9e sans avoir besoin de recharger constamment.<\/li>\n<li data-start=\"995\" data-end=\"1124\">Prise de charge rapide Type-C \u2013 Rechargez votre appareil en un rien de temps et soyez pr\u00eat pour la prochaine inhalation plus rapidement.<\/li>\n<\/ul>\n<h5 data-start=\"1126\" data-end=\"1176\">Vaporisation efficace, forte sensation en gorge<\/h5>\n<ul data-start=\"1177\" data-end=\"1457\">\n<li data-start=\"1177\" data-end=\"1303\">Mesh Coil Sub-Ohm 0,6\u03a9 \u2013 La conception en mesh coil assure une vapeur plus intense et un go\u00fbt plus riche \u00e0 chaque inhalation.<\/li>\n<li data-start=\"1304\" data-end=\"1457\">Design Direct-to-Lung (DTL) \u2013 Pour les vapoteurs qui aiment produire de gros nuages de vapeur et une sensation en gorge puissante, ce mod\u00e8le offre la solution parfaite.<\/li>\n<\/ul>\n<h5 data-start=\"1459\" data-end=\"1506\">Diff\u00e9rentes concentrations de nicotine au choix<\/h5>\n<ul data-start=\"1507\" data-end=\"1621\">\n<li data-start=\"1507\" data-end=\"1621\">Choisissez entre 0\/2\/3\/5% de nicotine pour trouver la force parfaite selon votre go\u00fbt et votre besoin.<\/li>\n<\/ul>\n<h5 data-start=\"1623\" data-end=\"1653\">Effets lumineux LED cool<\/h5>\n<ul data-start=\"1654\" data-end=\"1822\">\n<li data-start=\"1654\" data-end=\"1822\">Lumi\u00e8res LED \u2013 Chaque fois que vous inhalez, une LED cool s\u2019allume, rendant l\u2019exp\u00e9rience de vapotage encore plus immersive et rendant votre utilisation plus excitante.<\/li>\n<\/ul>\n<h4 data-start=\"1829\" data-end=\"1876\">\ud83c\udf43 Saveur populaire : Menthe Glac\u00e9e<\/h4>\n<p data-start=\"1878\" data-end=\"2194\">La saveur Menthe Ice combine la fra\u00eecheur de la menthe avec une fra\u00eecheur glaciale. Chaque bouff\u00e9e ressemble \u00e0 un s\u00e9jour rafra\u00eechissant dans un monde glac\u00e9 \u2013 frais, revigorant et imm\u00e9diatement stimulant. Parfait pour les journ\u00e9es chaudes d'\u00e9t\u00e9 ou lorsque vous avez simplement besoin de quelque chose de rafra\u00eechissant, Mint Ice est toujours le bon choix !<\/p>\n<h3 data-start=\"2201\" data-end=\"2246\">\ud83d\ude80 Pourquoi choisir Bang King 36000 Puffs ?<\/h3>\n<ul data-start=\"2248\" data-end=\"2612\">\n<li data-start=\"2248\" data-end=\"2353\">Pas de frais de douane \u2013 Achetez sans co\u00fbts cach\u00e9s et profitez d'une exp\u00e9rience d'achat sans souci.<\/li>\n<li data-start=\"2354\" data-end=\"2449\">Design jetable \u2013 Pas de maintenance ou de nettoyage, utilisez simplement et profitez.<\/li>\n<li data-start=\"2450\" data-end=\"2612\">12 saveurs diff\u00e9rentes au choix \u2013 Que vous pr\u00e9f\u00e9riez des saveurs fruit\u00e9es, glaciales ou sucr\u00e9es, Bang King a quelque chose pour tout le monde.<\/li>\n<\/ul>\n<p data-start=\"2614\" data-end=\"2797\" data-is-only-node=\"\" data-is-last-node=\"\">Visitez d\u00e8s maintenant notre site web et d\u00e9couvrez cette cigarette \u00e9lectronique r\u00e9volutionnaire avec une durabilit\u00e9 ultra-longue et un go\u00fbt glac\u00e9 !<br data-start=\"2737\" data-end=\"2740\" \/>\ud83d\udd17 Acheter maintenant : <a href=\"https:\/\/vapingnet.de\/fr\/\" target=\"_new\" rel=\"noopener\" data-start=\"2759\" data-end=\"2795\">vapingnet.de<\/a><\/p>","protected":false},"excerpt":{"rendered":"<p>Bang King 36000 Puffs Mesh Coil \u2013 Ultra-lange Haltbarkeit, das ultimative Eis-Erlebnis! Bist du auf der Suche nach einer leistungsstarken, geschmacklich intensiven und langanhaltenden E-Zigarette?&#8230;<\/p>","protected":false},"featured_media":5293,"template":"","meta":[],"etheme_brands":[],"product_brand":[101],"product_cat":[57,49,61],"product_tag":[],"class_list":{"0":"post-5292","1":"product","2":"type-product","3":"status-publish","4":"has-post-thumbnail","6":"product_brand-bang-king-vape","7":"product_cat-vape-36000-zuege","8":"product_cat-einweg-e-zigarette","9":"product_cat-f","11":"first","12":"instock","13":"shipping-taxable","14":"purchasable","15":"product-type-simple"},"yoast_head":"<!-- This site is optimized with the Yoast SEO plugin v26.5 - https:\/\/yoast.com\/wordpress\/plugins\/seo\/ -->\n<title>Weltweit meistverkauft Bang 36000 Puffs Mesh Coil Mint Ice Direktverkauf ab Werk | vapingnet.de<\/title>\n<meta name=\"description\" content=\"Weltweit meistverkauft Bang 36000 Puffs Mesh Coil Mint Ice Direktverkauf ab Werk \u25ba Viele Geschmacksrichtungen &amp; g\u00fcnstig bei vapingnet.de f\u00fcr E-Zigaretten-Liebhaber\" \/>\n<meta name=\"robots\" content=\"index, follow, max-snippet:-1, max-image-preview:large, max-video-preview:-1\" \/>\n<link rel=\"canonical\" href=\"https:\/\/vapingnet.de\/fr\/vape\/weltweit-meistverkauft-bang-36000-puffs-mesh-coil-mint-ice-direktverkauf-ab-werk\/\" \/>\n<meta property=\"og:locale\" content=\"fr_FR\" \/>\n<meta property=\"og:type\" content=\"article\" \/>\n<meta property=\"og:title\" content=\"Weltweit meistverkauft Bang 36000 Puffs Mesh Coil Mint Ice Direktverkauf ab Werk | vapingnet.de\" \/>\n<meta property=\"og:description\" content=\"Weltweit meistverkauft Bang 36000 Puffs Mesh Coil Mint Ice Direktverkauf ab Werk \u25ba Viele Geschmacksrichtungen &amp; g\u00fcnstig bei vapingnet.de f\u00fcr E-Zigaretten-Liebhaber\" \/>\n<meta property=\"og:url\" content=\"https:\/\/vapingnet.de\/fr\/vape\/weltweit-meistverkauft-bang-36000-puffs-mesh-coil-mint-ice-direktverkauf-ab-werk\/\" \/>\n<meta property=\"og:site_name\" content=\"Vapingnet.de\" \/>\n<meta property=\"article:publisher\" content=\"https:\/\/www.facebook.com\/vapingnetde\/\" \/>\n<meta property=\"article:modified_time\" content=\"2025-06-19T03:41:20+00:00\" \/>\n<meta property=\"og:image\" content=\"https:\/\/vapingnet.de\/wp-content\/uploads\/2025\/03\/Mint-Ice.png\" \/>\n\t<meta property=\"og:image:width\" content=\"900\" \/>\n\t<meta property=\"og:image:height\" content=\"600\" \/>\n\t<meta property=\"og:image:type\" content=\"image\/png\" \/>\n<meta name=\"twitter:card\" content=\"summary_large_image\" \/>\n<meta name=\"twitter:label1\" content=\"Dur\u00e9e de lecture estim\u00e9e\" \/>\n\t<meta name=\"twitter:data1\" content=\"3 minutes\" \/>\n<script type=\"application\/ld+json\" class=\"yoast-schema-graph\">{\"@context\":\"https:\/\/schema.org\",\"@graph\":[{\"@type\":\"WebPage\",\"@id\":\"https:\/\/vapingnet.de\/vape\/weltweit-meistverkauft-bang-36000-puffs-mesh-coil-mint-ice-direktverkauf-ab-werk\/\",\"url\":\"https:\/\/vapingnet.de\/vape\/weltweit-meistverkauft-bang-36000-puffs-mesh-coil-mint-ice-direktverkauf-ab-werk\/\",\"name\":\"Weltweit meistverkauft Bang 36000 Puffs Mesh Coil Mint Ice Direktverkauf ab Werk | vapingnet.de\",\"isPartOf\":{\"@id\":\"https:\/\/vapingnet.de\/#website\"},\"primaryImageOfPage\":{\"@id\":\"https:\/\/vapingnet.de\/vape\/weltweit-meistverkauft-bang-36000-puffs-mesh-coil-mint-ice-direktverkauf-ab-werk\/#primaryimage\"},\"image\":{\"@id\":\"https:\/\/vapingnet.de\/vape\/weltweit-meistverkauft-bang-36000-puffs-mesh-coil-mint-ice-direktverkauf-ab-werk\/#primaryimage\"},\"thumbnailUrl\":\"https:\/\/vapingnet.de\/wp-content\/uploads\/2025\/03\/Mint-Ice.png\",\"datePublished\":\"2025-03-14T03:40:16+00:00\",\"dateModified\":\"2025-06-19T03:41:20+00:00\",\"description\":\"Weltweit meistverkauft Bang 36000 Puffs Mesh Coil Mint Ice Direktverkauf ab Werk \u25ba Viele Geschmacksrichtungen & g\u00fcnstig bei vapingnet.de f\u00fcr E-Zigaretten-Liebhaber\",\"breadcrumb\":{\"@id\":\"https:\/\/vapingnet.de\/vape\/weltweit-meistverkauft-bang-36000-puffs-mesh-coil-mint-ice-direktverkauf-ab-werk\/#breadcrumb\"},\"inLanguage\":\"fr-FR\",\"potentialAction\":[{\"@type\":\"ReadAction\",\"target\":[\"https:\/\/vapingnet.de\/vape\/weltweit-meistverkauft-bang-36000-puffs-mesh-coil-mint-ice-direktverkauf-ab-werk\/\"]}]},{\"@type\":\"ImageObject\",\"inLanguage\":\"fr-FR\",\"@id\":\"https:\/\/vapingnet.de\/vape\/weltweit-meistverkauft-bang-36000-puffs-mesh-coil-mint-ice-direktverkauf-ab-werk\/#primaryimage\",\"url\":\"https:\/\/vapingnet.de\/wp-content\/uploads\/2025\/03\/Mint-Ice.png\",\"contentUrl\":\"https:\/\/vapingnet.de\/wp-content\/uploads\/2025\/03\/Mint-Ice.png\",\"width\":900,\"height\":600,\"caption\":\"Mint Ice\"},{\"@type\":\"BreadcrumbList\",\"@id\":\"https:\/\/vapingnet.de\/vape\/weltweit-meistverkauft-bang-36000-puffs-mesh-coil-mint-ice-direktverkauf-ab-werk\/#breadcrumb\",\"itemListElement\":[{\"@type\":\"ListItem\",\"position\":1,\"name\":\"Home\",\"item\":\"https:\/\/vapingnet.de\/\"},{\"@type\":\"ListItem\",\"position\":2,\"name\":\"Shop\",\"item\":\"https:\/\/vapingnet.de\/vape\/\"},{\"@type\":\"ListItem\",\"position\":3,\"name\":\"Weltweit meistverkauft Bang 36000 Puffs Mesh Coil Mint Ice Direktverkauf ab Werk\"}]},{\"@type\":\"WebSite\",\"@id\":\"https:\/\/vapingnet.de\/#website\",\"url\":\"https:\/\/vapingnet.de\/\",\"name\":\"Vapingnet.de\",\"description\":\"\",\"publisher\":{\"@id\":\"https:\/\/vapingnet.de\/#organization\"},\"potentialAction\":[{\"@type\":\"SearchAction\",\"target\":{\"@type\":\"EntryPoint\",\"urlTemplate\":\"https:\/\/vapingnet.de\/?s={search_term_string}\"},\"query-input\":{\"@type\":\"PropertyValueSpecification\",\"valueRequired\":true,\"valueName\":\"search_term_string\"}}],\"inLanguage\":\"fr-FR\"},{\"@type\":\"Organization\",\"@id\":\"https:\/\/vapingnet.de\/#organization\",\"name\":\"Vapingnet.de\",\"url\":\"https:\/\/vapingnet.de\/\",\"logo\":{\"@type\":\"ImageObject\",\"inLanguage\":\"fr-FR\",\"@id\":\"https:\/\/vapingnet.de\/#\/schema\/logo\/image\/\",\"url\":\"https:\/\/vapingnet.de\/wp-content\/uploads\/2025\/03\/cropped-vapingnet.de_.jpg\",\"contentUrl\":\"https:\/\/vapingnet.de\/wp-content\/uploads\/2025\/03\/cropped-vapingnet.de_.jpg\",\"width\":512,\"height\":512,\"caption\":\"Vapingnet.de\"},\"image\":{\"@id\":\"https:\/\/vapingnet.de\/#\/schema\/logo\/image\/\"},\"sameAs\":[\"https:\/\/www.facebook.com\/vapingnetde\/\"]}]}<\/script>\n<!-- \/ Yoast SEO plugin. -->","yoast_head_json":{"title":"Weltweit meistverkauft Bang 36000 Puffs Mesh Coil Mint Ice Direktverkauf ab Werk | vapingnet.de","description":"Weltweit meistverkauft Bang 36000 Puffs Mesh Coil Mint Ice Direktverkauf ab Werk \u25ba Viele Geschmacksrichtungen & g\u00fcnstig bei vapingnet.de f\u00fcr E-Zigaretten-Liebhaber","robots":{"index":"index","follow":"follow","max-snippet":"max-snippet:-1","max-image-preview":"max-image-preview:large","max-video-preview":"max-video-preview:-1"},"canonical":"https:\/\/vapingnet.de\/fr\/vape\/weltweit-meistverkauft-bang-36000-puffs-mesh-coil-mint-ice-direktverkauf-ab-werk\/","og_locale":"fr_FR","og_type":"article","og_title":"Weltweit meistverkauft Bang 36000 Puffs Mesh Coil Mint Ice Direktverkauf ab Werk | vapingnet.de","og_description":"Weltweit meistverkauft Bang 36000 Puffs Mesh Coil Mint Ice Direktverkauf ab Werk \u25ba Viele Geschmacksrichtungen & g\u00fcnstig bei vapingnet.de f\u00fcr E-Zigaretten-Liebhaber","og_url":"https:\/\/vapingnet.de\/fr\/vape\/weltweit-meistverkauft-bang-36000-puffs-mesh-coil-mint-ice-direktverkauf-ab-werk\/","og_site_name":"Vapingnet.de","article_publisher":"https:\/\/www.facebook.com\/vapingnetde\/","article_modified_time":"2025-06-19T03:41:20+00:00","og_image":[{"width":900,"height":600,"url":"https:\/\/vapingnet.de\/wp-content\/uploads\/2025\/03\/Mint-Ice.png","type":"image\/png"}],"twitter_card":"summary_large_image","twitter_misc":{"Dur\u00e9e de lecture estim\u00e9e":"3 minutes"},"schema":{"@context":"https:\/\/schema.org","@graph":[{"@type":"WebPage","@id":"https:\/\/vapingnet.de\/vape\/weltweit-meistverkauft-bang-36000-puffs-mesh-coil-mint-ice-direktverkauf-ab-werk\/","url":"https:\/\/vapingnet.de\/vape\/weltweit-meistverkauft-bang-36000-puffs-mesh-coil-mint-ice-direktverkauf-ab-werk\/","name":"Weltweit meistverkauft Bang 36000 Puffs Mesh Coil Mint Ice Direktverkauf ab Werk | vapingnet.de","isPartOf":{"@id":"https:\/\/vapingnet.de\/#website"},"primaryImageOfPage":{"@id":"https:\/\/vapingnet.de\/vape\/weltweit-meistverkauft-bang-36000-puffs-mesh-coil-mint-ice-direktverkauf-ab-werk\/#primaryimage"},"image":{"@id":"https:\/\/vapingnet.de\/vape\/weltweit-meistverkauft-bang-36000-puffs-mesh-coil-mint-ice-direktverkauf-ab-werk\/#primaryimage"},"thumbnailUrl":"https:\/\/vapingnet.de\/wp-content\/uploads\/2025\/03\/Mint-Ice.png","datePublished":"2025-03-14T03:40:16+00:00","dateModified":"2025-06-19T03:41:20+00:00","description":"Weltweit meistverkauft Bang 36000 Puffs Mesh Coil Mint Ice Direktverkauf ab Werk \u25ba Viele Geschmacksrichtungen & g\u00fcnstig bei vapingnet.de f\u00fcr E-Zigaretten-Liebhaber","breadcrumb":{"@id":"https:\/\/vapingnet.de\/vape\/weltweit-meistverkauft-bang-36000-puffs-mesh-coil-mint-ice-direktverkauf-ab-werk\/#breadcrumb"},"inLanguage":"fr-FR","potentialAction":[{"@type":"ReadAction","target":["https:\/\/vapingnet.de\/vape\/weltweit-meistverkauft-bang-36000-puffs-mesh-coil-mint-ice-direktverkauf-ab-werk\/"]}]},{"@type":"ImageObject","inLanguage":"fr-FR","@id":"https:\/\/vapingnet.de\/vape\/weltweit-meistverkauft-bang-36000-puffs-mesh-coil-mint-ice-direktverkauf-ab-werk\/#primaryimage","url":"https:\/\/vapingnet.de\/wp-content\/uploads\/2025\/03\/Mint-Ice.png","contentUrl":"https:\/\/vapingnet.de\/wp-content\/uploads\/2025\/03\/Mint-Ice.png","width":900,"height":600,"caption":"Mint Ice"},{"@type":"BreadcrumbList","@id":"https:\/\/vapingnet.de\/vape\/weltweit-meistverkauft-bang-36000-puffs-mesh-coil-mint-ice-direktverkauf-ab-werk\/#breadcrumb","itemListElement":[{"@type":"ListItem","position":1,"name":"Home","item":"https:\/\/vapingnet.de\/"},{"@type":"ListItem","position":2,"name":"Shop","item":"https:\/\/vapingnet.de\/vape\/"},{"@type":"ListItem","position":3,"name":"Weltweit meistverkauft Bang 36000 Puffs Mesh Coil Mint Ice Direktverkauf ab Werk"}]},{"@type":"WebSite","@id":"https:\/\/vapingnet.de\/#website","url":"https:\/\/vapingnet.de\/","name":"Vapingnet.de","description":"","publisher":{"@id":"https:\/\/vapingnet.de\/#organization"},"potentialAction":[{"@type":"SearchAction","target":{"@type":"EntryPoint","urlTemplate":"https:\/\/vapingnet.de\/?s={search_term_string}"},"query-input":{"@type":"PropertyValueSpecification","valueRequired":true,"valueName":"search_term_string"}}],"inLanguage":"fr-FR"},{"@type":"Organization","@id":"https:\/\/vapingnet.de\/#organization","name":"Vapingnet.de","url":"https:\/\/vapingnet.de\/","logo":{"@type":"ImageObject","inLanguage":"fr-FR","@id":"https:\/\/vapingnet.de\/#\/schema\/logo\/image\/","url":"https:\/\/vapingnet.de\/wp-content\/uploads\/2025\/03\/cropped-vapingnet.de_.jpg","contentUrl":"https:\/\/vapingnet.de\/wp-content\/uploads\/2025\/03\/cropped-vapingnet.de_.jpg","width":512,"height":512,"caption":"Vapingnet.de"},"image":{"@id":"https:\/\/vapingnet.de\/#\/schema\/logo\/image\/"},"sameAs":["https:\/\/www.facebook.com\/vapingnetde\/"]}]}},"tiered_pricing_type":"fixed","tiered_pricing_fixed_rules":{"8":"10.44","60":"9.40","110":"8.35","200":"7.31"},"tiered_pricing_product_settings":{"layout":"default","base_unit_name":{"singular":null,"plural":null},"default_variation":null},"tiered_pricing_minimum_quantity":null,"tiered_pricing_roles_data":[],"tiered_pricing_percentage_rules":[],"_links":{"self":[{"href":"https:\/\/vapingnet.de\/fr\/wp-json\/wp\/v2\/product\/5292","targetHints":{"allow":["GET"]}}],"collection":[{"href":"https:\/\/vapingnet.de\/fr\/wp-json\/wp\/v2\/product"}],"about":[{"href":"https:\/\/vapingnet.de\/fr\/wp-json\/wp\/v2\/types\/product"}],"version-history":[{"count":1,"href":"https:\/\/vapingnet.de\/fr\/wp-json\/wp\/v2\/product\/5292\/revisions"}],"predecessor-version":[{"id":5294,"href":"https:\/\/vapingnet.de\/fr\/wp-json\/wp\/v2\/product\/5292\/revisions\/5294"}],"wp:featuredmedia":[{"embeddable":true,"href":"https:\/\/vapingnet.de\/fr\/wp-json\/wp\/v2\/media\/5293"}],"wp:attachment":[{"href":"https:\/\/vapingnet.de\/fr\/wp-json\/wp\/v2\/media?parent=5292"}],"wp:term":[{"taxonomy":"brand","embeddable":true,"href":"https:\/\/vapingnet.de\/fr\/wp-json\/wp\/v2\/etheme_brands?post=5292"},{"taxonomy":"product_brand","embeddable":true,"href":"https:\/\/vapingnet.de\/fr\/wp-json\/wp\/v2\/product_brand?post=5292"},{"taxonomy":"product_cat","embeddable":true,"href":"https:\/\/vapingnet.de\/fr\/wp-json\/wp\/v2\/product_cat?post=5292"},{"taxonomy":"product_tag","embeddable":true,"href":"https:\/\/vapingnet.de\/fr\/wp-json\/wp\/v2\/product_tag?post=5292"}],"curies":[{"name":"wp","href":"https:\/\/api.w.org\/{rel}","templated":true}]}}