{"id":5297,"date":"2025-03-14T05:32:50","date_gmt":"2025-03-14T05:32:50","guid":{"rendered":"https:\/\/vapingnet.de\/?post_type=product&#038;p=5297"},"modified":"2025-06-19T03:41:20","modified_gmt":"2025-06-19T03:41:20","slug":"weltweit-meistverkauft-bang-36000-puffs-mesh-coil-mango-peach-direktverkauf-ab-werk","status":"publish","type":"product","link":"https:\/\/vapingnet.de\/fr\/vape\/weltweit-meistverkauft-bang-36000-puffs-mesh-coil-mango-peach-direktverkauf-ab-werk\/","title":{"rendered":"Vendu dans le monde entier, Bang 36000 Puffs Mesh Coil Mango Peach, vente directe \u00e0 l'usine"},"content":{"rendered":"<h2 data-start=\"0\" data-end=\"100\">Bang King 36000 Puffs Mesh Coil : Profitez de vapeur longue dur\u00e9e et de saveurs intenses<\/h2>\n<p data-start=\"102\" data-end=\"498\">Si vous \u00eates un vapoteur passionn\u00e9 et que vous recherchez l'exp\u00e9rience de vapotage ultime, alors le Bang King 36000 Puffs Mesh Coil est fait pour vous ! Avec un design innovant, une durabilit\u00e9 extr\u00eame et une vari\u00e9t\u00e9 de saveurs d\u00e9licieuses, cet appareil offre une exp\u00e9rience de vapotage in\u00e9gal\u00e9e. Jetons un coup d'\u0153il plus pr\u00e9cis \u00e0 ses caract\u00e9ristiques exceptionnelles !<\/p>\n<h4 data-start=\"505\" data-end=\"535\">\ud83d\udd39 Caract\u00e9ristiques importantes<\/h4>\n<ol data-start=\"537\" data-end=\"1665\">\n<li data-start=\"537\" data-end=\"846\">\n<p data-start=\"540\" data-end=\"846\">Dur\u00e9e de vie extr\u00eamement longue &amp; grande capacit\u00e9<br data-start=\"586\" data-end=\"589\" \/>Le Bang King 36000 Puffs Mesh Coil est \u00e9quip\u00e9 d'un grand r\u00e9servoir de e-liquide pr\u00e9-rempli de 40 ml et d'une batterie rechargeable de 650 mAh, vous n'avez donc pas \u00e0 vous soucier de remplir fr\u00e9quemment ou de recharger constamment.<\/p>\n<\/li>\n<li data-start=\"848\" data-end=\"1142\">\n<p data-start=\"851\" data-end=\"1142\">Technologie innovante de coil en mesh<br data-start=\"887\" data-end=\"890\" \/>Gr\u00e2ce au coil en mesh sub-ohm de 0,6\u03a9, vous profitez d'une vapeur dense et aromatique avec un go\u00fbt plus intense. Le design Direct-to-Lung (DTL) offre une sensation de tirage puissante et une production de vapeur impressionnante \u2013 parfait pour les v\u00e9ritables amateurs de clouds !<\/p>\n<\/li>\n<li data-start=\"1144\" data-end=\"1311\">\n<p data-start=\"1147\" data-end=\"1311\">Niveaux de nicotine flexibles<br data-start=\"1174\" data-end=\"1177\" \/>Choisissez entre 0%, 2%, 3% ou 5% de nicotine pour cr\u00e9er l'exp\u00e9rience de vapotage parfaite selon vos pr\u00e9f\u00e9rences personnelles.<\/p>\n<\/li>\n<li data-start=\"1313\" data-end=\"1500\">\n<p data-start=\"1316\" data-end=\"1500\">\u00c9clairage LED styl\u00e9<br data-start=\"1345\" data-end=\"1348\" \/>Pendant le vapotage, l'appareil s'illumine avec un effet LED cool, donnant \u00e0 votre exp\u00e9rience de vapotage une touche moderne et futuriste.<\/p>\n<\/li>\n<li data-start=\"1502\" data-end=\"1665\">\n<p data-start=\"1505\" data-end=\"1665\">Pas de frais de douane<br data-start=\"1527\" data-end=\"1530\" \/>Commandez en toute tranquillit\u00e9, sans vous soucier des co\u00fbts de douane suppl\u00e9mentaires \u2013 une exp\u00e9rience d'achat fluide vous attend !<\/p>\n<\/li>\n<\/ol>\n<h4 data-start=\"1672\" data-end=\"1713\">\ud83c\udf51 Astuce saveur : Mangue P\u00eache<\/h4>\n<p data-start=\"1715\" data-end=\"2009\">La saveur Mangue P\u00eache combine l'ar\u00f4me exotique et sucr\u00e9 des mangues m\u00fbres avec le go\u00fbt juteux des p\u00eaches fra\u00eeches. Chaque inhalation r\u00e9v\u00e8le un \u00e9quilibre parfait entre fra\u00eecheur et douceur \u2013 id\u00e9al pour tous ceux qui aiment les saveurs fruit\u00e9es et recherchent un moment de plaisir tropical.<\/p>\n<h3>\ud83d\ude80 Pourquoi choisir Bang King 36000 Puffs Mesh Coil ?<\/h3>\n<p data-start=\"2069\" data-end=\"2463\">\u2705 Dur\u00e9e d'utilisation extr\u00eamement longue \u2013 Jusqu'\u00e0 <a href=\"https:\/\/vapingnet.de\/fr\/k\/vape-36000-zuege\/\" target=\"_blank\" rel=\"noopener\"><strong>36 000 bouff\u00e9es<\/strong><\/a> pour un plaisir maximal.<br data-start=\"2144\" data-end=\"2147\" \/>\u2705 Pas de remplissage ou d'attente \u2013 Design jetable pour une utilisation pratique et sans stress.<br data-start=\"2236\" data-end=\"2239\" \/>\u2705 12 saveurs d\u00e9licieuses \u2013 Du fruit\u00e9 au sucr\u00e9 en passant par rafra\u00eechissant, il y en a pour tous les go\u00fbts.<br data-start=\"2342\" data-end=\"2345\" \/>\u2705 Recharge rapide \u2013 Gr\u00e2ce au port de charge Type-C, votre appareil est pr\u00eat \u00e0 l'emploi en un rien de temps.<\/p>\n<p data-start=\"2465\" data-end=\"2658\">D\u00e9couvrez d\u00e8s maintenant la combinaison parfaite d'ar\u00f4mes intenses et d'une dur\u00e9e de vie ultralongue ! Visitez notre site Web et assurez-vous votre Bang King 36000 Puffs Mesh Coil d\u00e8s aujourd'hui.<\/p>\n<p data-start=\"2660\" data-end=\"2720\" data-is-last-node=\"\" data-is-only-node=\"\">\ud83d\udd17 Commander maintenant : <a href=\"https:\/\/vapingnet.de\/fr\/\" target=\"_new\" rel=\"noopener\" data-start=\"2682\" data-end=\"2718\">vapingnet.de<\/a><\/p>","protected":false},"excerpt":{"rendered":"<p>Bang King 36000 Puffs Mesh Coil: Genie\u00dfen Sie langanhaltenden Dampf und intensiven Geschmack Wenn Sie ein passionierter Dampfer sind und das ultimative Dampferlebnis suchen, dann&#8230;<\/p>","protected":false},"featured_media":5298,"template":"","meta":[],"etheme_brands":[],"product_brand":[101],"product_cat":[57,49,61],"product_tag":[],"class_list":{"0":"post-5297","1":"product","2":"type-product","3":"status-publish","4":"has-post-thumbnail","6":"product_brand-bang-king-vape","7":"product_cat-vape-36000-zuege","8":"product_cat-einweg-e-zigarette","9":"product_cat-f","11":"first","12":"instock","13":"shipping-taxable","14":"purchasable","15":"product-type-simple"},"yoast_head":"<!-- This site is optimized with the Yoast SEO plugin v26.5 - https:\/\/yoast.com\/wordpress\/plugins\/seo\/ -->\n<title>Weltweit meistverkauft Bang 36000 Puffs Mesh Coil Mango Peach Direktverkauf ab Werk | Vapingnet.de<\/title>\n<meta name=\"description\" content=\"Entdecke Weltweit meistverkauft Bang 36000 Puffs Mesh Coil Mango Peach Direktverkauf ab Werk bei vapingnet.de, \u25ba Gro\u00dfe Auswahl an Geschmacksrichtungen &amp; super g\u00fcnstig!\" \/>\n<meta name=\"robots\" content=\"index, follow, max-snippet:-1, max-image-preview:large, max-video-preview:-1\" \/>\n<link rel=\"canonical\" href=\"https:\/\/vapingnet.de\/fr\/vape\/weltweit-meistverkauft-bang-36000-puffs-mesh-coil-mango-peach-direktverkauf-ab-werk\/\" \/>\n<meta property=\"og:locale\" content=\"fr_FR\" \/>\n<meta property=\"og:type\" content=\"article\" \/>\n<meta property=\"og:title\" content=\"Weltweit meistverkauft Bang 36000 Puffs Mesh Coil Mango Peach Direktverkauf ab Werk | Vapingnet.de\" \/>\n<meta property=\"og:description\" content=\"Entdecke Weltweit meistverkauft Bang 36000 Puffs Mesh Coil Mango Peach Direktverkauf ab Werk bei vapingnet.de, \u25ba Gro\u00dfe Auswahl an Geschmacksrichtungen &amp; super g\u00fcnstig!\" \/>\n<meta property=\"og:url\" content=\"https:\/\/vapingnet.de\/fr\/vape\/weltweit-meistverkauft-bang-36000-puffs-mesh-coil-mango-peach-direktverkauf-ab-werk\/\" \/>\n<meta property=\"og:site_name\" content=\"Vapingnet.de\" \/>\n<meta property=\"article:publisher\" content=\"https:\/\/www.facebook.com\/vapingnetde\/\" \/>\n<meta property=\"article:modified_time\" content=\"2025-06-19T03:41:20+00:00\" \/>\n<meta property=\"og:image\" content=\"https:\/\/vapingnet.de\/wp-content\/uploads\/2025\/03\/Mango-Peach.png\" \/>\n\t<meta property=\"og:image:width\" content=\"900\" \/>\n\t<meta property=\"og:image:height\" content=\"600\" \/>\n\t<meta property=\"og:image:type\" content=\"image\/png\" \/>\n<meta name=\"twitter:card\" content=\"summary_large_image\" \/>\n<meta name=\"twitter:label1\" content=\"Dur\u00e9e de lecture estim\u00e9e\" \/>\n\t<meta name=\"twitter:data1\" content=\"3 minutes\" \/>\n<script type=\"application\/ld+json\" class=\"yoast-schema-graph\">{\"@context\":\"https:\/\/schema.org\",\"@graph\":[{\"@type\":\"WebPage\",\"@id\":\"https:\/\/vapingnet.de\/vape\/weltweit-meistverkauft-bang-36000-puffs-mesh-coil-mango-peach-direktverkauf-ab-werk\/\",\"url\":\"https:\/\/vapingnet.de\/vape\/weltweit-meistverkauft-bang-36000-puffs-mesh-coil-mango-peach-direktverkauf-ab-werk\/\",\"name\":\"Weltweit meistverkauft Bang 36000 Puffs Mesh Coil Mango Peach Direktverkauf ab Werk | Vapingnet.de\",\"isPartOf\":{\"@id\":\"https:\/\/vapingnet.de\/#website\"},\"primaryImageOfPage\":{\"@id\":\"https:\/\/vapingnet.de\/vape\/weltweit-meistverkauft-bang-36000-puffs-mesh-coil-mango-peach-direktverkauf-ab-werk\/#primaryimage\"},\"image\":{\"@id\":\"https:\/\/vapingnet.de\/vape\/weltweit-meistverkauft-bang-36000-puffs-mesh-coil-mango-peach-direktverkauf-ab-werk\/#primaryimage\"},\"thumbnailUrl\":\"https:\/\/vapingnet.de\/wp-content\/uploads\/2025\/03\/Mango-Peach.png\",\"datePublished\":\"2025-03-14T05:32:50+00:00\",\"dateModified\":\"2025-06-19T03:41:20+00:00\",\"description\":\"Entdecke Weltweit meistverkauft Bang 36000 Puffs Mesh Coil Mango Peach Direktverkauf ab Werk bei vapingnet.de, \u25ba Gro\u00dfe Auswahl an Geschmacksrichtungen & super g\u00fcnstig!\",\"breadcrumb\":{\"@id\":\"https:\/\/vapingnet.de\/vape\/weltweit-meistverkauft-bang-36000-puffs-mesh-coil-mango-peach-direktverkauf-ab-werk\/#breadcrumb\"},\"inLanguage\":\"fr-FR\",\"potentialAction\":[{\"@type\":\"ReadAction\",\"target\":[\"https:\/\/vapingnet.de\/vape\/weltweit-meistverkauft-bang-36000-puffs-mesh-coil-mango-peach-direktverkauf-ab-werk\/\"]}]},{\"@type\":\"ImageObject\",\"inLanguage\":\"fr-FR\",\"@id\":\"https:\/\/vapingnet.de\/vape\/weltweit-meistverkauft-bang-36000-puffs-mesh-coil-mango-peach-direktverkauf-ab-werk\/#primaryimage\",\"url\":\"https:\/\/vapingnet.de\/wp-content\/uploads\/2025\/03\/Mango-Peach.png\",\"contentUrl\":\"https:\/\/vapingnet.de\/wp-content\/uploads\/2025\/03\/Mango-Peach.png\",\"width\":900,\"height\":600,\"caption\":\"Mango Peach\"},{\"@type\":\"BreadcrumbList\",\"@id\":\"https:\/\/vapingnet.de\/vape\/weltweit-meistverkauft-bang-36000-puffs-mesh-coil-mango-peach-direktverkauf-ab-werk\/#breadcrumb\",\"itemListElement\":[{\"@type\":\"ListItem\",\"position\":1,\"name\":\"Home\",\"item\":\"https:\/\/vapingnet.de\/\"},{\"@type\":\"ListItem\",\"position\":2,\"name\":\"Shop\",\"item\":\"https:\/\/vapingnet.de\/vape\/\"},{\"@type\":\"ListItem\",\"position\":3,\"name\":\"Weltweit meistverkauft Bang 36000 Puffs Mesh Coil Mango Peach Direktverkauf ab Werk\"}]},{\"@type\":\"WebSite\",\"@id\":\"https:\/\/vapingnet.de\/#website\",\"url\":\"https:\/\/vapingnet.de\/\",\"name\":\"Vapingnet.de\",\"description\":\"\",\"publisher\":{\"@id\":\"https:\/\/vapingnet.de\/#organization\"},\"potentialAction\":[{\"@type\":\"SearchAction\",\"target\":{\"@type\":\"EntryPoint\",\"urlTemplate\":\"https:\/\/vapingnet.de\/?s={search_term_string}\"},\"query-input\":{\"@type\":\"PropertyValueSpecification\",\"valueRequired\":true,\"valueName\":\"search_term_string\"}}],\"inLanguage\":\"fr-FR\"},{\"@type\":\"Organization\",\"@id\":\"https:\/\/vapingnet.de\/#organization\",\"name\":\"Vapingnet.de\",\"url\":\"https:\/\/vapingnet.de\/\",\"logo\":{\"@type\":\"ImageObject\",\"inLanguage\":\"fr-FR\",\"@id\":\"https:\/\/vapingnet.de\/#\/schema\/logo\/image\/\",\"url\":\"https:\/\/vapingnet.de\/wp-content\/uploads\/2025\/03\/cropped-vapingnet.de_.jpg\",\"contentUrl\":\"https:\/\/vapingnet.de\/wp-content\/uploads\/2025\/03\/cropped-vapingnet.de_.jpg\",\"width\":512,\"height\":512,\"caption\":\"Vapingnet.de\"},\"image\":{\"@id\":\"https:\/\/vapingnet.de\/#\/schema\/logo\/image\/\"},\"sameAs\":[\"https:\/\/www.facebook.com\/vapingnetde\/\"]}]}<\/script>\n<!-- \/ Yoast SEO plugin. -->","yoast_head_json":{"title":"Weltweit meistverkauft Bang 36000 Puffs Mesh Coil Mango Peach Direktverkauf ab Werk | Vapingnet.de","description":"Entdecke Weltweit meistverkauft Bang 36000 Puffs Mesh Coil Mango Peach Direktverkauf ab Werk bei vapingnet.de, \u25ba Gro\u00dfe Auswahl an Geschmacksrichtungen & super g\u00fcnstig!","robots":{"index":"index","follow":"follow","max-snippet":"max-snippet:-1","max-image-preview":"max-image-preview:large","max-video-preview":"max-video-preview:-1"},"canonical":"https:\/\/vapingnet.de\/fr\/vape\/weltweit-meistverkauft-bang-36000-puffs-mesh-coil-mango-peach-direktverkauf-ab-werk\/","og_locale":"fr_FR","og_type":"article","og_title":"Weltweit meistverkauft Bang 36000 Puffs Mesh Coil Mango Peach Direktverkauf ab Werk | Vapingnet.de","og_description":"Entdecke Weltweit meistverkauft Bang 36000 Puffs Mesh Coil Mango Peach Direktverkauf ab Werk bei vapingnet.de, \u25ba Gro\u00dfe Auswahl an Geschmacksrichtungen & super g\u00fcnstig!","og_url":"https:\/\/vapingnet.de\/fr\/vape\/weltweit-meistverkauft-bang-36000-puffs-mesh-coil-mango-peach-direktverkauf-ab-werk\/","og_site_name":"Vapingnet.de","article_publisher":"https:\/\/www.facebook.com\/vapingnetde\/","article_modified_time":"2025-06-19T03:41:20+00:00","og_image":[{"width":900,"height":600,"url":"https:\/\/vapingnet.de\/wp-content\/uploads\/2025\/03\/Mango-Peach.png","type":"image\/png"}],"twitter_card":"summary_large_image","twitter_misc":{"Dur\u00e9e de lecture estim\u00e9e":"3 minutes"},"schema":{"@context":"https:\/\/schema.org","@graph":[{"@type":"WebPage","@id":"https:\/\/vapingnet.de\/vape\/weltweit-meistverkauft-bang-36000-puffs-mesh-coil-mango-peach-direktverkauf-ab-werk\/","url":"https:\/\/vapingnet.de\/vape\/weltweit-meistverkauft-bang-36000-puffs-mesh-coil-mango-peach-direktverkauf-ab-werk\/","name":"Weltweit meistverkauft Bang 36000 Puffs Mesh Coil Mango Peach Direktverkauf ab Werk | Vapingnet.de","isPartOf":{"@id":"https:\/\/vapingnet.de\/#website"},"primaryImageOfPage":{"@id":"https:\/\/vapingnet.de\/vape\/weltweit-meistverkauft-bang-36000-puffs-mesh-coil-mango-peach-direktverkauf-ab-werk\/#primaryimage"},"image":{"@id":"https:\/\/vapingnet.de\/vape\/weltweit-meistverkauft-bang-36000-puffs-mesh-coil-mango-peach-direktverkauf-ab-werk\/#primaryimage"},"thumbnailUrl":"https:\/\/vapingnet.de\/wp-content\/uploads\/2025\/03\/Mango-Peach.png","datePublished":"2025-03-14T05:32:50+00:00","dateModified":"2025-06-19T03:41:20+00:00","description":"Entdecke Weltweit meistverkauft Bang 36000 Puffs Mesh Coil Mango Peach Direktverkauf ab Werk bei vapingnet.de, \u25ba Gro\u00dfe Auswahl an Geschmacksrichtungen & super g\u00fcnstig!","breadcrumb":{"@id":"https:\/\/vapingnet.de\/vape\/weltweit-meistverkauft-bang-36000-puffs-mesh-coil-mango-peach-direktverkauf-ab-werk\/#breadcrumb"},"inLanguage":"fr-FR","potentialAction":[{"@type":"ReadAction","target":["https:\/\/vapingnet.de\/vape\/weltweit-meistverkauft-bang-36000-puffs-mesh-coil-mango-peach-direktverkauf-ab-werk\/"]}]},{"@type":"ImageObject","inLanguage":"fr-FR","@id":"https:\/\/vapingnet.de\/vape\/weltweit-meistverkauft-bang-36000-puffs-mesh-coil-mango-peach-direktverkauf-ab-werk\/#primaryimage","url":"https:\/\/vapingnet.de\/wp-content\/uploads\/2025\/03\/Mango-Peach.png","contentUrl":"https:\/\/vapingnet.de\/wp-content\/uploads\/2025\/03\/Mango-Peach.png","width":900,"height":600,"caption":"Mango Peach"},{"@type":"BreadcrumbList","@id":"https:\/\/vapingnet.de\/vape\/weltweit-meistverkauft-bang-36000-puffs-mesh-coil-mango-peach-direktverkauf-ab-werk\/#breadcrumb","itemListElement":[{"@type":"ListItem","position":1,"name":"Home","item":"https:\/\/vapingnet.de\/"},{"@type":"ListItem","position":2,"name":"Shop","item":"https:\/\/vapingnet.de\/vape\/"},{"@type":"ListItem","position":3,"name":"Weltweit meistverkauft Bang 36000 Puffs Mesh Coil Mango Peach Direktverkauf ab Werk"}]},{"@type":"WebSite","@id":"https:\/\/vapingnet.de\/#website","url":"https:\/\/vapingnet.de\/","name":"Vapingnet.de","description":"","publisher":{"@id":"https:\/\/vapingnet.de\/#organization"},"potentialAction":[{"@type":"SearchAction","target":{"@type":"EntryPoint","urlTemplate":"https:\/\/vapingnet.de\/?s={search_term_string}"},"query-input":{"@type":"PropertyValueSpecification","valueRequired":true,"valueName":"search_term_string"}}],"inLanguage":"fr-FR"},{"@type":"Organization","@id":"https:\/\/vapingnet.de\/#organization","name":"Vapingnet.de","url":"https:\/\/vapingnet.de\/","logo":{"@type":"ImageObject","inLanguage":"fr-FR","@id":"https:\/\/vapingnet.de\/#\/schema\/logo\/image\/","url":"https:\/\/vapingnet.de\/wp-content\/uploads\/2025\/03\/cropped-vapingnet.de_.jpg","contentUrl":"https:\/\/vapingnet.de\/wp-content\/uploads\/2025\/03\/cropped-vapingnet.de_.jpg","width":512,"height":512,"caption":"Vapingnet.de"},"image":{"@id":"https:\/\/vapingnet.de\/#\/schema\/logo\/image\/"},"sameAs":["https:\/\/www.facebook.com\/vapingnetde\/"]}]}},"tiered_pricing_type":"fixed","tiered_pricing_fixed_rules":{"8":"10.44","60":"9.40","110":"8.35","200":"7.31"},"tiered_pricing_product_settings":{"layout":"default","base_unit_name":{"singular":null,"plural":null},"default_variation":null},"tiered_pricing_minimum_quantity":null,"tiered_pricing_roles_data":[],"tiered_pricing_percentage_rules":[],"_links":{"self":[{"href":"https:\/\/vapingnet.de\/fr\/wp-json\/wp\/v2\/product\/5297","targetHints":{"allow":["GET"]}}],"collection":[{"href":"https:\/\/vapingnet.de\/fr\/wp-json\/wp\/v2\/product"}],"about":[{"href":"https:\/\/vapingnet.de\/fr\/wp-json\/wp\/v2\/types\/product"}],"version-history":[{"count":1,"href":"https:\/\/vapingnet.de\/fr\/wp-json\/wp\/v2\/product\/5297\/revisions"}],"predecessor-version":[{"id":5299,"href":"https:\/\/vapingnet.de\/fr\/wp-json\/wp\/v2\/product\/5297\/revisions\/5299"}],"wp:featuredmedia":[{"embeddable":true,"href":"https:\/\/vapingnet.de\/fr\/wp-json\/wp\/v2\/media\/5298"}],"wp:attachment":[{"href":"https:\/\/vapingnet.de\/fr\/wp-json\/wp\/v2\/media?parent=5297"}],"wp:term":[{"taxonomy":"brand","embeddable":true,"href":"https:\/\/vapingnet.de\/fr\/wp-json\/wp\/v2\/etheme_brands?post=5297"},{"taxonomy":"product_brand","embeddable":true,"href":"https:\/\/vapingnet.de\/fr\/wp-json\/wp\/v2\/product_brand?post=5297"},{"taxonomy":"product_cat","embeddable":true,"href":"https:\/\/vapingnet.de\/fr\/wp-json\/wp\/v2\/product_cat?post=5297"},{"taxonomy":"product_tag","embeddable":true,"href":"https:\/\/vapingnet.de\/fr\/wp-json\/wp\/v2\/product_tag?post=5297"}],"curies":[{"name":"wp","href":"https:\/\/api.w.org\/{rel}","templated":true}]}}