{"id":5310,"date":"2025-03-14T07:11:29","date_gmt":"2025-03-14T07:11:29","guid":{"rendered":"https:\/\/vapingnet.de\/?post_type=product&#038;p=5310"},"modified":"2025-06-19T03:41:18","modified_gmt":"2025-06-19T03:41:18","slug":"blueberry-ice-bang-36000-puffs-mesh-coil-einweg-e-zigarette-fuer-puren-genuss","status":"publish","type":"product","link":"https:\/\/vapingnet.de\/fr\/vape\/blueberry-ice-bang-36000-puffs-mesh-coil-einweg-e-zigarette-fuer-puren-genuss\/","title":{"rendered":"Blueberry Ice Bang 36000 Bouff\u00e9es Mesh Coil cigarette \u00e9lectronique jetable pour un plaisir pur"},"content":{"rendered":"<h2 data-start=\"0\" data-end=\"112\">Bang King 36000 Bouff\u00e9es Mesh Coil \u2013 Durable, Intense, Styl\u00e9 \u2013 Vivez une exp\u00e9rience de vapotage exceptionnelle<\/h2>\n<p data-start=\"114\" data-end=\"474\">Vous cherchez une cigarette \u00e9lectronique qui offre non seulement une longue autonomie de batterie, mais aussi une saveur exceptionnelle ? La Bang King 36000 Bouff\u00e9es Mesh Coil r\u00e9pond \u00e0 toutes vos attentes ! Que vous recherchiez une utilisation prolong\u00e9e ou une saveur intense, cet appareil vous garantira la meilleure exp\u00e9rience de vapotage.<\/p>\n<ul>\n<li data-start=\"481\" data-end=\"544\">Longue autonomie de batterie, exp\u00e9rience d'utilisation exceptionnelle<br \/>\nLa Bang King 36000 Bouff\u00e9es Mesh Coil est \u00e9quip\u00e9e d\u2019un liquide pr\u00e9-rempli de 40 ml et d\u2019une batterie rechargeable de 650 mAh, qui offre jusqu\u2019\u00e0 <a href=\"https:\/\/vapingnet.de\/fr\/k\/vape-36000-zuege\/\" target=\"_blank\" rel=\"noopener\"><strong>36 000 bouff\u00e9es<\/strong><\/a> fournit. Que vous soyez en d\u00e9placement ou \u00e0 la maison, vous pouvez profiter de la batterie pleine et du liquide sans avoir \u00e0 remplir ou changer constamment.<\/li>\n<li data-start=\"876\" data-end=\"924\">Directement dans les poumons (DL), nuages denses<br \/>\nAvec la r\u00e9sistance Mesh Sub-Ohm de 0,6\u03a9, cette cigarette \u00e9lectronique offre une exp\u00e9rience Direct Lung (DL) et d\u00e9livre des vapeur encore plus intenses et pleines de saveur. Chaque inhalation est riche en go\u00fbt et en ar\u00f4mes parfaits \u2013 une exp\u00e9rience vraiment immersive.<\/li>\n<li data-start=\"1185\" data-end=\"1229\">Charge rapide avec port Type-C<br \/>\nGr\u00e2ce au port de charge Type-C, la Bang King 36000 Bouff\u00e9es Mesh Coil permet une recharge ultra-rapide. Peu d\u2019attente, vous permettant de vapoter rapidement \u00e0 tout moment et en tout lieu, sans attendre longtemps la recharge.<\/li>\n<li data-start=\"1466\" data-end=\"1490\">Lumi\u00e8re LED cool<br \/>\n\u00c0 chaque inhalation, la lumi\u00e8re LED de la cigarette \u00e9lectronique s\u2019allume et cr\u00e9e un effet visuel qui valorise toute l\u2019exp\u00e9rience de vapotage. Elle donne non seulement un look tendance \u00e0 l\u2019appareil, mais ajoute aussi une touche distinctive qui vous fera ressortir dans la rue !<\/li>\n<\/ul>\n<h4 data-start=\"1779\" data-end=\"1839\">Saveur recommand\u00e9e : Blueberry Ice<\/h4>\n<p data-start=\"1841\" data-end=\"2093\">Le go\u00fbt Blueberry Ice combine la fra\u00eecheur avec une douceur fruit\u00e9e. La douceur des myrtilles associ\u00e9e \u00e0 la fra\u00eecheur rafra\u00eechissante de la menthe offre une exp\u00e9rience de vapotage fra\u00eeche et inoubliable, qui d\u00e9salt\u00e8re et reste grav\u00e9e en m\u00e9moire.<\/p>\n<ul data-start=\"2095\" data-end=\"2346\">\n<li data-start=\"2095\" data-end=\"2175\">Myrtille : Douce et riche \u2013 une exp\u00e9rience gustative exceptionnelle.<\/li>\n<li data-start=\"2176\" data-end=\"2257\">Menthe : Une touche fra\u00eeche et glac\u00e9e qui rend chaque inhalation agr\u00e9able.<\/li>\n<li data-start=\"2258\" data-end=\"2346\">Fra\u00eecheur : L\u2019\u00e9quilibre parfait entre glace et fruit, qui vous maintient toujours frais.<\/li>\n<\/ul>\n<h3>Pourquoi choisir la Bang King 36000 Bouff\u00e9es Mesh Coil ?<\/h3>\n<ul data-start=\"2412\" data-end=\"3053\">\n<li data-start=\"2412\" data-end=\"2542\">Autonomie durable : Avec 40 ml de liquide pr\u00e9-rempli et une batterie de 650 mAh, supportant jusqu\u2019\u00e0 36 000 inhalations.<\/li>\n<li data-start=\"2543\" data-end=\"2646\">Nuages de vapeur intenses : La r\u00e9sistance Mesh Sub-Ohm de 0,6\u03a9 fournit une vapeur douce et une saveur intense.<\/li>\n<li data-start=\"2647\" data-end=\"2737\">Charge rapide : La connexion Type-C permet une recharge quasi instantan\u00e9e.<\/li>\n<li data-start=\"2738\" data-end=\"2859\">Aucuns frais de douane : Lors de l'achat de la cigarette \u00e9lectronique, vous pouvez \u00eatre s\u00fbr qu'aucuns frais suppl\u00e9mentaires ne seront appliqu\u00e9s.<\/li>\n<li data-start=\"2860\" data-end=\"2974\">Options de saveurs polyvalentes : 12 saveurs diff\u00e9rentes pour r\u00e9pondre \u00e0 tous les besoins.<\/li>\n<li data-start=\"2975\" data-end=\"3053\">Utilisation simple : <a href=\"https:\/\/vapingnet.de\/fr\/k\/einweg-e-zigarette\/\" target=\"_blank\" rel=\"noopener\"><strong>cigarette \u00e9lectronique jetable<\/strong><\/a> sans entretien \u2013 profitez simplement.<\/li>\n<\/ul>\n<p data-start=\"3060\" data-end=\"3295\">D\u00e9couvrez d\u00e8s maintenant la Bang King 36000 Puffs Mesh Coil et profitez d'une saveur intense et durable ! Visitez notre site d\u00e8s aujourd'hui pour choisir la cigarette \u00e9lectronique parfaite pour vous et vivre une exp\u00e9rience de vapotage inoubliable !<\/p>\n<p data-start=\"3297\" data-end=\"3354\" data-is-last-node=\"\" data-is-only-node=\"\">\ud83d\udd17 Acheter maintenant : <a href=\"https:\/\/vapingnet.de\/fr\/\" target=\"_new\" rel=\"noopener\" data-start=\"3316\" data-end=\"3352\">vapingnet.de<\/a><\/p>","protected":false},"excerpt":{"rendered":"<p>Bang King 36 000 Puffs Mesh Coil \u2013 Durable, Intense, Styl\u00e9 \u2013 Vis une exp\u00e9rience de vapotage exceptionnelle Tu cherches une cigarette \u00e9lectronique qui ne...<\/p>","protected":false},"featured_media":5311,"template":"","meta":[],"etheme_brands":[],"product_brand":[101],"product_cat":[57,49,61],"product_tag":[],"class_list":{"0":"post-5310","1":"product","2":"type-product","3":"status-publish","4":"has-post-thumbnail","6":"product_brand-bang-king-vape","7":"product_cat-vape-36000-zuege","8":"product_cat-einweg-e-zigarette","9":"product_cat-f","11":"first","12":"instock","13":"shipping-taxable","14":"purchasable","15":"product-type-simple"},"yoast_head":"<!-- This site is optimized with the Yoast SEO plugin v26.5 - https:\/\/yoast.com\/wordpress\/plugins\/seo\/ -->\n<title>Blueberry Ice Bang 36000 Puffs Mesh Coil Einweg E-Zigarette f\u00fcr puren Genuss | Vapingnet.de<\/title>\n<meta name=\"description\" content=\"Wir verkaufen Blueberry Ice Bang 36000 Puffs Mesh Coil Einweg E-Zigarette f\u00fcr puren Genuss , \u2713 Hohe Puffs-Zahl \u2713 Einfach zu verwenden \u2713 Vielseitige Aromen \u2713\u27a4 Jetzt kaufen!\" \/>\n<meta name=\"robots\" content=\"index, follow, max-snippet:-1, max-image-preview:large, max-video-preview:-1\" \/>\n<link rel=\"canonical\" href=\"https:\/\/vapingnet.de\/fr\/vape\/blueberry-ice-bang-36000-puffs-mesh-coil-einweg-e-zigarette-fuer-puren-genuss\/\" \/>\n<meta property=\"og:locale\" content=\"fr_FR\" \/>\n<meta property=\"og:type\" content=\"article\" \/>\n<meta property=\"og:title\" content=\"Blueberry Ice Bang 36000 Puffs Mesh Coil Einweg E-Zigarette f\u00fcr puren Genuss | Vapingnet.de\" \/>\n<meta property=\"og:description\" content=\"Wir verkaufen Blueberry Ice Bang 36000 Puffs Mesh Coil Einweg E-Zigarette f\u00fcr puren Genuss , \u2713 Hohe Puffs-Zahl \u2713 Einfach zu verwenden \u2713 Vielseitige Aromen \u2713\u27a4 Jetzt kaufen!\" \/>\n<meta property=\"og:url\" content=\"https:\/\/vapingnet.de\/fr\/vape\/blueberry-ice-bang-36000-puffs-mesh-coil-einweg-e-zigarette-fuer-puren-genuss\/\" \/>\n<meta property=\"og:site_name\" content=\"Vapingnet.de\" \/>\n<meta property=\"article:publisher\" content=\"https:\/\/www.facebook.com\/vapingnetde\/\" \/>\n<meta property=\"article:modified_time\" content=\"2025-06-19T03:41:18+00:00\" \/>\n<meta property=\"og:image\" content=\"https:\/\/vapingnet.de\/wp-content\/uploads\/2025\/03\/Blueberry-Ice.png\" \/>\n\t<meta property=\"og:image:width\" content=\"900\" \/>\n\t<meta property=\"og:image:height\" content=\"600\" \/>\n\t<meta property=\"og:image:type\" content=\"image\/png\" \/>\n<meta name=\"twitter:card\" content=\"summary_large_image\" \/>\n<meta name=\"twitter:label1\" content=\"Dur\u00e9e de lecture estim\u00e9e\" \/>\n\t<meta name=\"twitter:data1\" content=\"3 minutes\" \/>\n<script type=\"application\/ld+json\" class=\"yoast-schema-graph\">{\"@context\":\"https:\/\/schema.org\",\"@graph\":[{\"@type\":\"WebPage\",\"@id\":\"https:\/\/vapingnet.de\/vape\/blueberry-ice-bang-36000-puffs-mesh-coil-einweg-e-zigarette-fuer-puren-genuss\/\",\"url\":\"https:\/\/vapingnet.de\/vape\/blueberry-ice-bang-36000-puffs-mesh-coil-einweg-e-zigarette-fuer-puren-genuss\/\",\"name\":\"Blueberry Ice Bang 36000 Puffs Mesh Coil Einweg E-Zigarette f\u00fcr puren Genuss | Vapingnet.de\",\"isPartOf\":{\"@id\":\"https:\/\/vapingnet.de\/#website\"},\"primaryImageOfPage\":{\"@id\":\"https:\/\/vapingnet.de\/vape\/blueberry-ice-bang-36000-puffs-mesh-coil-einweg-e-zigarette-fuer-puren-genuss\/#primaryimage\"},\"image\":{\"@id\":\"https:\/\/vapingnet.de\/vape\/blueberry-ice-bang-36000-puffs-mesh-coil-einweg-e-zigarette-fuer-puren-genuss\/#primaryimage\"},\"thumbnailUrl\":\"https:\/\/vapingnet.de\/wp-content\/uploads\/2025\/03\/Blueberry-Ice.png\",\"datePublished\":\"2025-03-14T07:11:29+00:00\",\"dateModified\":\"2025-06-19T03:41:18+00:00\",\"description\":\"Wir verkaufen Blueberry Ice Bang 36000 Puffs Mesh Coil Einweg E-Zigarette f\u00fcr puren Genuss , \u2713 Hohe Puffs-Zahl \u2713 Einfach zu verwenden \u2713 Vielseitige Aromen \u2713\u27a4 Jetzt kaufen!\",\"breadcrumb\":{\"@id\":\"https:\/\/vapingnet.de\/vape\/blueberry-ice-bang-36000-puffs-mesh-coil-einweg-e-zigarette-fuer-puren-genuss\/#breadcrumb\"},\"inLanguage\":\"fr-FR\",\"potentialAction\":[{\"@type\":\"ReadAction\",\"target\":[\"https:\/\/vapingnet.de\/vape\/blueberry-ice-bang-36000-puffs-mesh-coil-einweg-e-zigarette-fuer-puren-genuss\/\"]}]},{\"@type\":\"ImageObject\",\"inLanguage\":\"fr-FR\",\"@id\":\"https:\/\/vapingnet.de\/vape\/blueberry-ice-bang-36000-puffs-mesh-coil-einweg-e-zigarette-fuer-puren-genuss\/#primaryimage\",\"url\":\"https:\/\/vapingnet.de\/wp-content\/uploads\/2025\/03\/Blueberry-Ice.png\",\"contentUrl\":\"https:\/\/vapingnet.de\/wp-content\/uploads\/2025\/03\/Blueberry-Ice.png\",\"width\":900,\"height\":600,\"caption\":\"Blueberry Ice\"},{\"@type\":\"BreadcrumbList\",\"@id\":\"https:\/\/vapingnet.de\/vape\/blueberry-ice-bang-36000-puffs-mesh-coil-einweg-e-zigarette-fuer-puren-genuss\/#breadcrumb\",\"itemListElement\":[{\"@type\":\"ListItem\",\"position\":1,\"name\":\"Home\",\"item\":\"https:\/\/vapingnet.de\/\"},{\"@type\":\"ListItem\",\"position\":2,\"name\":\"Shop\",\"item\":\"https:\/\/vapingnet.de\/vape\/\"},{\"@type\":\"ListItem\",\"position\":3,\"name\":\"Blueberry Ice Bang 36000 Puffs Mesh Coil Einweg E-Zigarette f\u00fcr puren Genuss\"}]},{\"@type\":\"WebSite\",\"@id\":\"https:\/\/vapingnet.de\/#website\",\"url\":\"https:\/\/vapingnet.de\/\",\"name\":\"Vapingnet.de\",\"description\":\"\",\"publisher\":{\"@id\":\"https:\/\/vapingnet.de\/#organization\"},\"potentialAction\":[{\"@type\":\"SearchAction\",\"target\":{\"@type\":\"EntryPoint\",\"urlTemplate\":\"https:\/\/vapingnet.de\/?s={search_term_string}\"},\"query-input\":{\"@type\":\"PropertyValueSpecification\",\"valueRequired\":true,\"valueName\":\"search_term_string\"}}],\"inLanguage\":\"fr-FR\"},{\"@type\":\"Organization\",\"@id\":\"https:\/\/vapingnet.de\/#organization\",\"name\":\"Vapingnet.de\",\"url\":\"https:\/\/vapingnet.de\/\",\"logo\":{\"@type\":\"ImageObject\",\"inLanguage\":\"fr-FR\",\"@id\":\"https:\/\/vapingnet.de\/#\/schema\/logo\/image\/\",\"url\":\"https:\/\/vapingnet.de\/wp-content\/uploads\/2025\/03\/cropped-vapingnet.de_.jpg\",\"contentUrl\":\"https:\/\/vapingnet.de\/wp-content\/uploads\/2025\/03\/cropped-vapingnet.de_.jpg\",\"width\":512,\"height\":512,\"caption\":\"Vapingnet.de\"},\"image\":{\"@id\":\"https:\/\/vapingnet.de\/#\/schema\/logo\/image\/\"},\"sameAs\":[\"https:\/\/www.facebook.com\/vapingnetde\/\"]}]}<\/script>\n<!-- \/ Yoast SEO plugin. -->","yoast_head_json":{"title":"Blueberry Ice Bang 36000 Puffs Mesh Coil Einweg E-Zigarette f\u00fcr puren Genuss | Vapingnet.de","description":"Wir verkaufen Blueberry Ice Bang 36000 Puffs Mesh Coil Einweg E-Zigarette f\u00fcr puren Genuss , \u2713 Hohe Puffs-Zahl \u2713 Einfach zu verwenden \u2713 Vielseitige Aromen \u2713\u27a4 Jetzt kaufen!","robots":{"index":"index","follow":"follow","max-snippet":"max-snippet:-1","max-image-preview":"max-image-preview:large","max-video-preview":"max-video-preview:-1"},"canonical":"https:\/\/vapingnet.de\/fr\/vape\/blueberry-ice-bang-36000-puffs-mesh-coil-einweg-e-zigarette-fuer-puren-genuss\/","og_locale":"fr_FR","og_type":"article","og_title":"Blueberry Ice Bang 36000 Puffs Mesh Coil Einweg E-Zigarette f\u00fcr puren Genuss | Vapingnet.de","og_description":"Wir verkaufen Blueberry Ice Bang 36000 Puffs Mesh Coil Einweg E-Zigarette f\u00fcr puren Genuss , \u2713 Hohe Puffs-Zahl \u2713 Einfach zu verwenden \u2713 Vielseitige Aromen \u2713\u27a4 Jetzt kaufen!","og_url":"https:\/\/vapingnet.de\/fr\/vape\/blueberry-ice-bang-36000-puffs-mesh-coil-einweg-e-zigarette-fuer-puren-genuss\/","og_site_name":"Vapingnet.de","article_publisher":"https:\/\/www.facebook.com\/vapingnetde\/","article_modified_time":"2025-06-19T03:41:18+00:00","og_image":[{"width":900,"height":600,"url":"https:\/\/vapingnet.de\/wp-content\/uploads\/2025\/03\/Blueberry-Ice.png","type":"image\/png"}],"twitter_card":"summary_large_image","twitter_misc":{"Dur\u00e9e de lecture estim\u00e9e":"3 minutes"},"schema":{"@context":"https:\/\/schema.org","@graph":[{"@type":"WebPage","@id":"https:\/\/vapingnet.de\/vape\/blueberry-ice-bang-36000-puffs-mesh-coil-einweg-e-zigarette-fuer-puren-genuss\/","url":"https:\/\/vapingnet.de\/vape\/blueberry-ice-bang-36000-puffs-mesh-coil-einweg-e-zigarette-fuer-puren-genuss\/","name":"Blueberry Ice Bang 36000 Puffs Mesh Coil Einweg E-Zigarette f\u00fcr puren Genuss | Vapingnet.de","isPartOf":{"@id":"https:\/\/vapingnet.de\/#website"},"primaryImageOfPage":{"@id":"https:\/\/vapingnet.de\/vape\/blueberry-ice-bang-36000-puffs-mesh-coil-einweg-e-zigarette-fuer-puren-genuss\/#primaryimage"},"image":{"@id":"https:\/\/vapingnet.de\/vape\/blueberry-ice-bang-36000-puffs-mesh-coil-einweg-e-zigarette-fuer-puren-genuss\/#primaryimage"},"thumbnailUrl":"https:\/\/vapingnet.de\/wp-content\/uploads\/2025\/03\/Blueberry-Ice.png","datePublished":"2025-03-14T07:11:29+00:00","dateModified":"2025-06-19T03:41:18+00:00","description":"Wir verkaufen Blueberry Ice Bang 36000 Puffs Mesh Coil Einweg E-Zigarette f\u00fcr puren Genuss , \u2713 Hohe Puffs-Zahl \u2713 Einfach zu verwenden \u2713 Vielseitige Aromen \u2713\u27a4 Jetzt kaufen!","breadcrumb":{"@id":"https:\/\/vapingnet.de\/vape\/blueberry-ice-bang-36000-puffs-mesh-coil-einweg-e-zigarette-fuer-puren-genuss\/#breadcrumb"},"inLanguage":"fr-FR","potentialAction":[{"@type":"ReadAction","target":["https:\/\/vapingnet.de\/vape\/blueberry-ice-bang-36000-puffs-mesh-coil-einweg-e-zigarette-fuer-puren-genuss\/"]}]},{"@type":"ImageObject","inLanguage":"fr-FR","@id":"https:\/\/vapingnet.de\/vape\/blueberry-ice-bang-36000-puffs-mesh-coil-einweg-e-zigarette-fuer-puren-genuss\/#primaryimage","url":"https:\/\/vapingnet.de\/wp-content\/uploads\/2025\/03\/Blueberry-Ice.png","contentUrl":"https:\/\/vapingnet.de\/wp-content\/uploads\/2025\/03\/Blueberry-Ice.png","width":900,"height":600,"caption":"Blueberry Ice"},{"@type":"BreadcrumbList","@id":"https:\/\/vapingnet.de\/vape\/blueberry-ice-bang-36000-puffs-mesh-coil-einweg-e-zigarette-fuer-puren-genuss\/#breadcrumb","itemListElement":[{"@type":"ListItem","position":1,"name":"Home","item":"https:\/\/vapingnet.de\/"},{"@type":"ListItem","position":2,"name":"Shop","item":"https:\/\/vapingnet.de\/vape\/"},{"@type":"ListItem","position":3,"name":"Blueberry Ice Bang 36000 Puffs Mesh Coil Einweg E-Zigarette f\u00fcr puren Genuss"}]},{"@type":"WebSite","@id":"https:\/\/vapingnet.de\/#website","url":"https:\/\/vapingnet.de\/","name":"Vapingnet.de","description":"","publisher":{"@id":"https:\/\/vapingnet.de\/#organization"},"potentialAction":[{"@type":"SearchAction","target":{"@type":"EntryPoint","urlTemplate":"https:\/\/vapingnet.de\/?s={search_term_string}"},"query-input":{"@type":"PropertyValueSpecification","valueRequired":true,"valueName":"search_term_string"}}],"inLanguage":"fr-FR"},{"@type":"Organization","@id":"https:\/\/vapingnet.de\/#organization","name":"Vapingnet.de","url":"https:\/\/vapingnet.de\/","logo":{"@type":"ImageObject","inLanguage":"fr-FR","@id":"https:\/\/vapingnet.de\/#\/schema\/logo\/image\/","url":"https:\/\/vapingnet.de\/wp-content\/uploads\/2025\/03\/cropped-vapingnet.de_.jpg","contentUrl":"https:\/\/vapingnet.de\/wp-content\/uploads\/2025\/03\/cropped-vapingnet.de_.jpg","width":512,"height":512,"caption":"Vapingnet.de"},"image":{"@id":"https:\/\/vapingnet.de\/#\/schema\/logo\/image\/"},"sameAs":["https:\/\/www.facebook.com\/vapingnetde\/"]}]}},"tiered_pricing_type":"fixed","tiered_pricing_fixed_rules":{"8":"10.44","60":"9.40","110":"8.35","200":"7.31"},"tiered_pricing_product_settings":{"layout":"default","base_unit_name":{"singular":null,"plural":null},"default_variation":null},"tiered_pricing_minimum_quantity":null,"tiered_pricing_roles_data":[],"tiered_pricing_percentage_rules":[],"_links":{"self":[{"href":"https:\/\/vapingnet.de\/fr\/wp-json\/wp\/v2\/product\/5310","targetHints":{"allow":["GET"]}}],"collection":[{"href":"https:\/\/vapingnet.de\/fr\/wp-json\/wp\/v2\/product"}],"about":[{"href":"https:\/\/vapingnet.de\/fr\/wp-json\/wp\/v2\/types\/product"}],"version-history":[{"count":1,"href":"https:\/\/vapingnet.de\/fr\/wp-json\/wp\/v2\/product\/5310\/revisions"}],"predecessor-version":[{"id":5312,"href":"https:\/\/vapingnet.de\/fr\/wp-json\/wp\/v2\/product\/5310\/revisions\/5312"}],"wp:featuredmedia":[{"embeddable":true,"href":"https:\/\/vapingnet.de\/fr\/wp-json\/wp\/v2\/media\/5311"}],"wp:attachment":[{"href":"https:\/\/vapingnet.de\/fr\/wp-json\/wp\/v2\/media?parent=5310"}],"wp:term":[{"taxonomy":"brand","embeddable":true,"href":"https:\/\/vapingnet.de\/fr\/wp-json\/wp\/v2\/etheme_brands?post=5310"},{"taxonomy":"product_brand","embeddable":true,"href":"https:\/\/vapingnet.de\/fr\/wp-json\/wp\/v2\/product_brand?post=5310"},{"taxonomy":"product_cat","embeddable":true,"href":"https:\/\/vapingnet.de\/fr\/wp-json\/wp\/v2\/product_cat?post=5310"},{"taxonomy":"product_tag","embeddable":true,"href":"https:\/\/vapingnet.de\/fr\/wp-json\/wp\/v2\/product_tag?post=5310"}],"curies":[{"name":"wp","href":"https:\/\/api.w.org\/{rel}","templated":true}]}}