{"id":5313,"date":"2025-03-14T07:17:58","date_gmt":"2025-03-14T07:17:58","guid":{"rendered":"https:\/\/vapingnet.de\/?post_type=product&#038;p=5313"},"modified":"2025-06-19T03:41:18","modified_gmt":"2025-06-19T03:41:18","slug":"einweg-e-zigarette-bang-36000-puffs-mesh-coil-strawberry-watermelon-fruchtig-langanhaltend","status":"publish","type":"product","link":"https:\/\/vapingnet.de\/fr\/vape\/einweg-e-zigarette-bang-36000-puffs-mesh-coil-strawberry-watermelon-fruchtig-langanhaltend\/","title":{"rendered":"Cigarette \u00e9lectronique jetable Bang 36000 Bouff\u00e9es Mesh Coil Fraise Past\u00e8que, fruit\u00e9e, longue dur\u00e9e"},"content":{"rendered":"<h2 data-start=\"0\" data-end=\"87\">Bang King 36000 Bouff\u00e9es Mesh Coil \u2013 D\u00e9gustation longue dur\u00e9e, chaque inhalation une exp\u00e9rience<\/h2>\n<p data-start=\"89\" data-end=\"419\">Vous cherchez un mod\u00e8le de cigarette \u00e9lectronique puissant et durable ? Le Bang King 36000 Bouff\u00e9es Mesh Coil r\u00e9pond \u00e0 toutes vos attentes \u2013 tant en termes d'autonomie que de saveur. Que vous soyez d\u00e9butant ou utilisateur exp\u00e9riment\u00e9<em data-start=\"339\" data-end=\"349\">ou<\/em>vous \u00eates, le Bang King vous offre une exp\u00e9rience de vapotage incomparable.<\/p>\n<ul>\n<li data-start=\"421\" data-end=\"471\">Autonomie impressionnante, plaisir prolong\u00e9<br \/>\nLe Bang King 36000 Bouff\u00e9es Mesh Coil est \u00e9quip\u00e9 de 40 ml de e-liquide pr\u00e9-rempli et d'une batterie rechargeable de 650 mAh. Avec cela, vous pouvez profiter jusqu'\u00e0 <a href=\"https:\/\/vapingnet.de\/fr\/k\/vape-36000-zuege\/\" target=\"_blank\" rel=\"noopener\"><strong>36000 bouff\u00e9es<\/strong><\/a> d\u00e9guster ! Que vous soyez en d\u00e9placement ou \u00e0 la maison, vous pouvez profiter de longs moments de vapotage sans avoir \u00e0 remplir fr\u00e9quemment ou \u00e0 changer la batterie.<\/li>\n<li data-start=\"804\" data-end=\"852\">Go\u00fbt intense, chaque inhalation une exp\u00e9rience<br \/>\nGr\u00e2ce \u00e0 la r\u00e9sistance avanc\u00e9e en mesh sub-ohm de 0,6\u03a9, le Bang King 36000 Bouff\u00e9es Mesh Coil offre une inhalation directe en poumon (DTL) intense. Chaque inhalation est remplie de vapeur dense et riche en saveur, qui envo\u00fbte vos sens \u00e0 chaque respiration. Une exp\u00e9rience gustative in\u00e9gal\u00e9e qui vous enthousiasme \u00e0 chaque tirage.<\/li>\n<li data-start=\"1203\" data-end=\"1244\">Charge rapide, plaisir sans interruption<br \/>\n\u00c9quip\u00e9 d'une prise de charge Type-C, le Bang King 36000 Bouff\u00e9es Mesh Coil permet une charge ultra-rapide. Vous n'avez donc jamais \u00e0 attendre longtemps pour recharger la batterie et pouvez continuer \u00e0 vapoter imm\u00e9diatement, partout et \u00e0 tout moment. Pas de temps d'attente, toujours pr\u00eat.<\/li>\n<li data-start=\"1526\" data-end=\"1579\">Design \u00e9l\u00e9gant, \u00e9clairage LED impressionnant<br \/>\nChaque inhalation est accompagn\u00e9e d'un \u00e9clairage LED qui s'illumine lors de l'inhalation, cr\u00e9ant un effet visuel impressionnant. Ce spectacle lumineux am\u00e9liore non seulement l'exp\u00e9rience de vapotage, mais vous fait aussi devenir le centre d'attention \u2013 un v\u00e9ritable attrape-regard pour tous ceux qui aiment le style.<\/li>\n<\/ul>\n<h4 data-start=\"1854\" data-end=\"1929\">Conseil de saveur : Fraise Past\u00e8que<\/h4>\n<p data-start=\"1931\" data-end=\"2260\">Le go\u00fbt de Fraise Past\u00e8que est la combinaison parfaite de douceur et de fra\u00eecheur. La fraise apporte une douceur agr\u00e9able, tandis que la past\u00e8que offre une fra\u00eecheur rafra\u00eechissante \u2013 une explosion de saveurs rafra\u00eechissante qui revitalise les sens. Chaque inhalation donne l'impression de savourer une bouch\u00e9e d'\u00e9t\u00e9.<\/p>\n<ul data-start=\"2262\" data-end=\"2512\">\n<li data-start=\"2262\" data-end=\"2329\">Fraise : Ar\u00f4mes sucr\u00e9s et fruit\u00e9s qui enveloppent votre palais.<\/li>\n<li data-start=\"2330\" data-end=\"2405\">Past\u00e8que : Fra\u00eeche et rafra\u00eechissante, elle vous donne un coup de fra\u00eecheur revitalisant.<\/li>\n<li data-start=\"2406\" data-end=\"2512\">Saveur globale : Un \u00e9quilibre parfait entre douceur et fra\u00eecheur, id\u00e9al pour toutes les saisons.<\/li>\n<\/ul>\n<h3>Pourquoi choisir le Bang King 36000 Bouff\u00e9es Mesh Coil<\/h3>\n<ul data-start=\"2598\" data-end=\"3227\">\n<li data-start=\"2598\" data-end=\"2710\">Longue autonomie : 40 ml de e-liquide et une batterie de 650 mAh assurent 36 000 inhalations de plaisir continu.<\/li>\n<li data-start=\"2711\" data-end=\"2828\">Go\u00fbt intense : Avec la r\u00e9sistance Mesh Sub-Ohm de 0,6\u03a9 pour des nuages de vapeur denses et une exp\u00e9rience gustative compl\u00e8te.<\/li>\n<li data-start=\"2829\" data-end=\"2920\">Charge rapide : Port de charge Type-C pour une recharge ultra-rapide \u2013 pas d'attente !<\/li>\n<li data-start=\"2921\" data-end=\"3011\">Sans douane : Pas de souci avec les frais de douane \u2013 commandez confortablement et sans co\u00fbts cach\u00e9s.<\/li>\n<li data-start=\"3012\" data-end=\"3133\">Grande vari\u00e9t\u00e9 de saveurs : Avec 12 saveurs diff\u00e9rentes, vous trouverez s\u00fbrement votre pr\u00e9f\u00e9r\u00e9e.<\/li>\n<li data-start=\"3134\" data-end=\"3227\">Design pratique : Cigarette \u00e9lectronique jetable, qui ne n\u00e9cessite aucun entretien \u2013 profitez simplement.<\/li>\n<\/ul>\n<h3>D\u00e9couvrez le Bang King 36000 Puffs Mesh Coil<\/h3>\n<p data-start=\"3281\" data-end=\"3591\">Obtenez d\u00e8s maintenant le Bang King 36000 Puffs Mesh Coil et profitez d'une cigarette \u00e9lectronique qui combine tout : autonomie longue dur\u00e9e, go\u00fbt intense et design moderne. Cliquez sur le lien ci-dessous pour visiter notre site et choisir votre saveur pr\u00e9f\u00e9r\u00e9e. Plongez dans l'univers de la vape !<\/p>\n<p data-start=\"3593\" data-end=\"3626\" data-is-last-node=\"\" data-is-only-node=\"\">\ud83d\udd17 Acheter maintenant : vapingnet.fr<\/p>","protected":false},"excerpt":{"rendered":"<p>Bang King 36 000 Puffs Mesh Coil \u2013 Plaisir longue dur\u00e9e, chaque bouff\u00e9e est une exp\u00e9rience Tu cherches un mod\u00e8le de cigarette \u00e9lectronique puissant et durable ? Le Bang...<\/p>","protected":false},"featured_media":5314,"template":"","meta":[],"etheme_brands":[],"product_brand":[101],"product_cat":[57,49,61],"product_tag":[],"class_list":{"0":"post-5313","1":"product","2":"type-product","3":"status-publish","4":"has-post-thumbnail","6":"product_brand-bang-king-vape","7":"product_cat-vape-36000-zuege","8":"product_cat-einweg-e-zigarette","9":"product_cat-f","11":"first","12":"instock","13":"shipping-taxable","14":"purchasable","15":"product-type-simple"},"yoast_head":"<!-- This site is optimized with the Yoast SEO plugin v26.5 - https:\/\/yoast.com\/wordpress\/plugins\/seo\/ -->\n<title>Einweg E-Zigarette Bang 36000 Puffs Mesh Coil Strawberry Watermelon Fruchtig langanhaltend | Vapingnet.de<\/title>\n<meta name=\"description\" content=\"Wir verkaufen Einweg E-Zigarette Bang 36000 Puffs Mesh Coil Strawberry Watermelon Fruchtig langanhaltend , \u2713 Hohe Puffs-Zahl \u2713 Einfach zu verwenden \u2713 Vielseitige Aromen \u2713\u27a4 Jetzt kaufen!\" \/>\n<meta name=\"robots\" content=\"index, follow, max-snippet:-1, max-image-preview:large, max-video-preview:-1\" \/>\n<link rel=\"canonical\" href=\"https:\/\/vapingnet.de\/fr\/vape\/einweg-e-zigarette-bang-36000-puffs-mesh-coil-strawberry-watermelon-fruchtig-langanhaltend\/\" \/>\n<meta property=\"og:locale\" content=\"fr_FR\" \/>\n<meta property=\"og:type\" content=\"article\" \/>\n<meta property=\"og:title\" content=\"Einweg E-Zigarette Bang 36000 Puffs Mesh Coil Strawberry Watermelon Fruchtig langanhaltend | Vapingnet.de\" \/>\n<meta property=\"og:description\" content=\"Wir verkaufen Einweg E-Zigarette Bang 36000 Puffs Mesh Coil Strawberry Watermelon Fruchtig langanhaltend , \u2713 Hohe Puffs-Zahl \u2713 Einfach zu verwenden \u2713 Vielseitige Aromen \u2713\u27a4 Jetzt kaufen!\" \/>\n<meta property=\"og:url\" content=\"https:\/\/vapingnet.de\/fr\/vape\/einweg-e-zigarette-bang-36000-puffs-mesh-coil-strawberry-watermelon-fruchtig-langanhaltend\/\" \/>\n<meta property=\"og:site_name\" content=\"Vapingnet.de\" \/>\n<meta property=\"article:publisher\" content=\"https:\/\/www.facebook.com\/vapingnetde\/\" \/>\n<meta property=\"article:modified_time\" content=\"2025-06-19T03:41:18+00:00\" \/>\n<meta property=\"og:image\" content=\"https:\/\/vapingnet.de\/wp-content\/uploads\/2025\/03\/Strawberry-Watermelon-1.png\" \/>\n\t<meta property=\"og:image:width\" content=\"900\" \/>\n\t<meta property=\"og:image:height\" content=\"600\" \/>\n\t<meta property=\"og:image:type\" content=\"image\/png\" \/>\n<meta name=\"twitter:card\" content=\"summary_large_image\" \/>\n<meta name=\"twitter:label1\" content=\"Dur\u00e9e de lecture estim\u00e9e\" \/>\n\t<meta name=\"twitter:data1\" content=\"3 minutes\" \/>\n<script type=\"application\/ld+json\" class=\"yoast-schema-graph\">{\"@context\":\"https:\/\/schema.org\",\"@graph\":[{\"@type\":\"WebPage\",\"@id\":\"https:\/\/vapingnet.de\/vape\/einweg-e-zigarette-bang-36000-puffs-mesh-coil-strawberry-watermelon-fruchtig-langanhaltend\/\",\"url\":\"https:\/\/vapingnet.de\/vape\/einweg-e-zigarette-bang-36000-puffs-mesh-coil-strawberry-watermelon-fruchtig-langanhaltend\/\",\"name\":\"Einweg E-Zigarette Bang 36000 Puffs Mesh Coil Strawberry Watermelon Fruchtig langanhaltend | Vapingnet.de\",\"isPartOf\":{\"@id\":\"https:\/\/vapingnet.de\/#website\"},\"primaryImageOfPage\":{\"@id\":\"https:\/\/vapingnet.de\/vape\/einweg-e-zigarette-bang-36000-puffs-mesh-coil-strawberry-watermelon-fruchtig-langanhaltend\/#primaryimage\"},\"image\":{\"@id\":\"https:\/\/vapingnet.de\/vape\/einweg-e-zigarette-bang-36000-puffs-mesh-coil-strawberry-watermelon-fruchtig-langanhaltend\/#primaryimage\"},\"thumbnailUrl\":\"https:\/\/vapingnet.de\/wp-content\/uploads\/2025\/03\/Strawberry-Watermelon-1.png\",\"datePublished\":\"2025-03-14T07:17:58+00:00\",\"dateModified\":\"2025-06-19T03:41:18+00:00\",\"description\":\"Wir verkaufen Einweg E-Zigarette Bang 36000 Puffs Mesh Coil Strawberry Watermelon Fruchtig langanhaltend , \u2713 Hohe Puffs-Zahl \u2713 Einfach zu verwenden \u2713 Vielseitige Aromen \u2713\u27a4 Jetzt kaufen!\",\"breadcrumb\":{\"@id\":\"https:\/\/vapingnet.de\/vape\/einweg-e-zigarette-bang-36000-puffs-mesh-coil-strawberry-watermelon-fruchtig-langanhaltend\/#breadcrumb\"},\"inLanguage\":\"fr-FR\",\"potentialAction\":[{\"@type\":\"ReadAction\",\"target\":[\"https:\/\/vapingnet.de\/vape\/einweg-e-zigarette-bang-36000-puffs-mesh-coil-strawberry-watermelon-fruchtig-langanhaltend\/\"]}]},{\"@type\":\"ImageObject\",\"inLanguage\":\"fr-FR\",\"@id\":\"https:\/\/vapingnet.de\/vape\/einweg-e-zigarette-bang-36000-puffs-mesh-coil-strawberry-watermelon-fruchtig-langanhaltend\/#primaryimage\",\"url\":\"https:\/\/vapingnet.de\/wp-content\/uploads\/2025\/03\/Strawberry-Watermelon-1.png\",\"contentUrl\":\"https:\/\/vapingnet.de\/wp-content\/uploads\/2025\/03\/Strawberry-Watermelon-1.png\",\"width\":900,\"height\":600,\"caption\":\"Strawberry Watermelon\"},{\"@type\":\"BreadcrumbList\",\"@id\":\"https:\/\/vapingnet.de\/vape\/einweg-e-zigarette-bang-36000-puffs-mesh-coil-strawberry-watermelon-fruchtig-langanhaltend\/#breadcrumb\",\"itemListElement\":[{\"@type\":\"ListItem\",\"position\":1,\"name\":\"Home\",\"item\":\"https:\/\/vapingnet.de\/\"},{\"@type\":\"ListItem\",\"position\":2,\"name\":\"Shop\",\"item\":\"https:\/\/vapingnet.de\/vape\/\"},{\"@type\":\"ListItem\",\"position\":3,\"name\":\"Einweg E-Zigarette Bang 36000 Puffs Mesh Coil Strawberry Watermelon Fruchtig langanhaltend\"}]},{\"@type\":\"WebSite\",\"@id\":\"https:\/\/vapingnet.de\/#website\",\"url\":\"https:\/\/vapingnet.de\/\",\"name\":\"Vapingnet.de\",\"description\":\"\",\"publisher\":{\"@id\":\"https:\/\/vapingnet.de\/#organization\"},\"potentialAction\":[{\"@type\":\"SearchAction\",\"target\":{\"@type\":\"EntryPoint\",\"urlTemplate\":\"https:\/\/vapingnet.de\/?s={search_term_string}\"},\"query-input\":{\"@type\":\"PropertyValueSpecification\",\"valueRequired\":true,\"valueName\":\"search_term_string\"}}],\"inLanguage\":\"fr-FR\"},{\"@type\":\"Organization\",\"@id\":\"https:\/\/vapingnet.de\/#organization\",\"name\":\"Vapingnet.de\",\"url\":\"https:\/\/vapingnet.de\/\",\"logo\":{\"@type\":\"ImageObject\",\"inLanguage\":\"fr-FR\",\"@id\":\"https:\/\/vapingnet.de\/#\/schema\/logo\/image\/\",\"url\":\"https:\/\/vapingnet.de\/wp-content\/uploads\/2025\/03\/cropped-vapingnet.de_.jpg\",\"contentUrl\":\"https:\/\/vapingnet.de\/wp-content\/uploads\/2025\/03\/cropped-vapingnet.de_.jpg\",\"width\":512,\"height\":512,\"caption\":\"Vapingnet.de\"},\"image\":{\"@id\":\"https:\/\/vapingnet.de\/#\/schema\/logo\/image\/\"},\"sameAs\":[\"https:\/\/www.facebook.com\/vapingnetde\/\"]}]}<\/script>\n<!-- \/ Yoast SEO plugin. -->","yoast_head_json":{"title":"Einweg E-Zigarette Bang 36000 Puffs Mesh Coil Strawberry Watermelon Fruchtig langanhaltend | Vapingnet.de","description":"Wir verkaufen Einweg E-Zigarette Bang 36000 Puffs Mesh Coil Strawberry Watermelon Fruchtig langanhaltend , \u2713 Hohe Puffs-Zahl \u2713 Einfach zu verwenden \u2713 Vielseitige Aromen \u2713\u27a4 Jetzt kaufen!","robots":{"index":"index","follow":"follow","max-snippet":"max-snippet:-1","max-image-preview":"max-image-preview:large","max-video-preview":"max-video-preview:-1"},"canonical":"https:\/\/vapingnet.de\/fr\/vape\/einweg-e-zigarette-bang-36000-puffs-mesh-coil-strawberry-watermelon-fruchtig-langanhaltend\/","og_locale":"fr_FR","og_type":"article","og_title":"Einweg E-Zigarette Bang 36000 Puffs Mesh Coil Strawberry Watermelon Fruchtig langanhaltend | Vapingnet.de","og_description":"Wir verkaufen Einweg E-Zigarette Bang 36000 Puffs Mesh Coil Strawberry Watermelon Fruchtig langanhaltend , \u2713 Hohe Puffs-Zahl \u2713 Einfach zu verwenden \u2713 Vielseitige Aromen \u2713\u27a4 Jetzt kaufen!","og_url":"https:\/\/vapingnet.de\/fr\/vape\/einweg-e-zigarette-bang-36000-puffs-mesh-coil-strawberry-watermelon-fruchtig-langanhaltend\/","og_site_name":"Vapingnet.de","article_publisher":"https:\/\/www.facebook.com\/vapingnetde\/","article_modified_time":"2025-06-19T03:41:18+00:00","og_image":[{"width":900,"height":600,"url":"https:\/\/vapingnet.de\/wp-content\/uploads\/2025\/03\/Strawberry-Watermelon-1.png","type":"image\/png"}],"twitter_card":"summary_large_image","twitter_misc":{"Dur\u00e9e de lecture estim\u00e9e":"3 minutes"},"schema":{"@context":"https:\/\/schema.org","@graph":[{"@type":"WebPage","@id":"https:\/\/vapingnet.de\/vape\/einweg-e-zigarette-bang-36000-puffs-mesh-coil-strawberry-watermelon-fruchtig-langanhaltend\/","url":"https:\/\/vapingnet.de\/vape\/einweg-e-zigarette-bang-36000-puffs-mesh-coil-strawberry-watermelon-fruchtig-langanhaltend\/","name":"Einweg E-Zigarette Bang 36000 Puffs Mesh Coil Strawberry Watermelon Fruchtig langanhaltend | Vapingnet.de","isPartOf":{"@id":"https:\/\/vapingnet.de\/#website"},"primaryImageOfPage":{"@id":"https:\/\/vapingnet.de\/vape\/einweg-e-zigarette-bang-36000-puffs-mesh-coil-strawberry-watermelon-fruchtig-langanhaltend\/#primaryimage"},"image":{"@id":"https:\/\/vapingnet.de\/vape\/einweg-e-zigarette-bang-36000-puffs-mesh-coil-strawberry-watermelon-fruchtig-langanhaltend\/#primaryimage"},"thumbnailUrl":"https:\/\/vapingnet.de\/wp-content\/uploads\/2025\/03\/Strawberry-Watermelon-1.png","datePublished":"2025-03-14T07:17:58+00:00","dateModified":"2025-06-19T03:41:18+00:00","description":"Wir verkaufen Einweg E-Zigarette Bang 36000 Puffs Mesh Coil Strawberry Watermelon Fruchtig langanhaltend , \u2713 Hohe Puffs-Zahl \u2713 Einfach zu verwenden \u2713 Vielseitige Aromen \u2713\u27a4 Jetzt kaufen!","breadcrumb":{"@id":"https:\/\/vapingnet.de\/vape\/einweg-e-zigarette-bang-36000-puffs-mesh-coil-strawberry-watermelon-fruchtig-langanhaltend\/#breadcrumb"},"inLanguage":"fr-FR","potentialAction":[{"@type":"ReadAction","target":["https:\/\/vapingnet.de\/vape\/einweg-e-zigarette-bang-36000-puffs-mesh-coil-strawberry-watermelon-fruchtig-langanhaltend\/"]}]},{"@type":"ImageObject","inLanguage":"fr-FR","@id":"https:\/\/vapingnet.de\/vape\/einweg-e-zigarette-bang-36000-puffs-mesh-coil-strawberry-watermelon-fruchtig-langanhaltend\/#primaryimage","url":"https:\/\/vapingnet.de\/wp-content\/uploads\/2025\/03\/Strawberry-Watermelon-1.png","contentUrl":"https:\/\/vapingnet.de\/wp-content\/uploads\/2025\/03\/Strawberry-Watermelon-1.png","width":900,"height":600,"caption":"Strawberry Watermelon"},{"@type":"BreadcrumbList","@id":"https:\/\/vapingnet.de\/vape\/einweg-e-zigarette-bang-36000-puffs-mesh-coil-strawberry-watermelon-fruchtig-langanhaltend\/#breadcrumb","itemListElement":[{"@type":"ListItem","position":1,"name":"Home","item":"https:\/\/vapingnet.de\/"},{"@type":"ListItem","position":2,"name":"Shop","item":"https:\/\/vapingnet.de\/vape\/"},{"@type":"ListItem","position":3,"name":"Einweg E-Zigarette Bang 36000 Puffs Mesh Coil Strawberry Watermelon Fruchtig langanhaltend"}]},{"@type":"WebSite","@id":"https:\/\/vapingnet.de\/#website","url":"https:\/\/vapingnet.de\/","name":"Vapingnet.de","description":"","publisher":{"@id":"https:\/\/vapingnet.de\/#organization"},"potentialAction":[{"@type":"SearchAction","target":{"@type":"EntryPoint","urlTemplate":"https:\/\/vapingnet.de\/?s={search_term_string}"},"query-input":{"@type":"PropertyValueSpecification","valueRequired":true,"valueName":"search_term_string"}}],"inLanguage":"fr-FR"},{"@type":"Organization","@id":"https:\/\/vapingnet.de\/#organization","name":"Vapingnet.de","url":"https:\/\/vapingnet.de\/","logo":{"@type":"ImageObject","inLanguage":"fr-FR","@id":"https:\/\/vapingnet.de\/#\/schema\/logo\/image\/","url":"https:\/\/vapingnet.de\/wp-content\/uploads\/2025\/03\/cropped-vapingnet.de_.jpg","contentUrl":"https:\/\/vapingnet.de\/wp-content\/uploads\/2025\/03\/cropped-vapingnet.de_.jpg","width":512,"height":512,"caption":"Vapingnet.de"},"image":{"@id":"https:\/\/vapingnet.de\/#\/schema\/logo\/image\/"},"sameAs":["https:\/\/www.facebook.com\/vapingnetde\/"]}]}},"tiered_pricing_type":"fixed","tiered_pricing_fixed_rules":{"8":"10.44","60":"9.40","110":"8.35","200":"7.31"},"tiered_pricing_product_settings":{"layout":"default","base_unit_name":{"singular":null,"plural":null},"default_variation":null},"tiered_pricing_minimum_quantity":null,"tiered_pricing_roles_data":[],"tiered_pricing_percentage_rules":[],"_links":{"self":[{"href":"https:\/\/vapingnet.de\/fr\/wp-json\/wp\/v2\/product\/5313","targetHints":{"allow":["GET"]}}],"collection":[{"href":"https:\/\/vapingnet.de\/fr\/wp-json\/wp\/v2\/product"}],"about":[{"href":"https:\/\/vapingnet.de\/fr\/wp-json\/wp\/v2\/types\/product"}],"version-history":[{"count":1,"href":"https:\/\/vapingnet.de\/fr\/wp-json\/wp\/v2\/product\/5313\/revisions"}],"predecessor-version":[{"id":5315,"href":"https:\/\/vapingnet.de\/fr\/wp-json\/wp\/v2\/product\/5313\/revisions\/5315"}],"wp:featuredmedia":[{"embeddable":true,"href":"https:\/\/vapingnet.de\/fr\/wp-json\/wp\/v2\/media\/5314"}],"wp:attachment":[{"href":"https:\/\/vapingnet.de\/fr\/wp-json\/wp\/v2\/media?parent=5313"}],"wp:term":[{"taxonomy":"brand","embeddable":true,"href":"https:\/\/vapingnet.de\/fr\/wp-json\/wp\/v2\/etheme_brands?post=5313"},{"taxonomy":"product_brand","embeddable":true,"href":"https:\/\/vapingnet.de\/fr\/wp-json\/wp\/v2\/product_brand?post=5313"},{"taxonomy":"product_cat","embeddable":true,"href":"https:\/\/vapingnet.de\/fr\/wp-json\/wp\/v2\/product_cat?post=5313"},{"taxonomy":"product_tag","embeddable":true,"href":"https:\/\/vapingnet.de\/fr\/wp-json\/wp\/v2\/product_tag?post=5313"}],"curies":[{"name":"wp","href":"https:\/\/api.w.org\/{rel}","templated":true}]}}