{"id":5316,"date":"2025-12-12T07:27:57","date_gmt":"2025-12-12T07:27:57","guid":{"rendered":"https:\/\/vapingnet.de\/?post_type=product&#038;p=5316"},"modified":"2025-12-13T02:44:39","modified_gmt":"2025-12-13T02:44:39","slug":"einweg-e-zigarette-bang-36000-puffs-mesh-coil-strawberry-mango-jetzt-zum-grosshandelspreis-kaufen","status":"publish","type":"product","link":"https:\/\/vapingnet.de\/fr\/vape\/einweg-e-zigarette-bang-36000-puffs-mesh-coil-strawberry-mango-jetzt-zum-grosshandelspreis-kaufen\/","title":{"rendered":"Cigarette \u00e9lectronique jetable Bang 36000 Puffs Mesh Coil Strawberry Mango \u00e0 acheter au prix de gros"},"content":{"rendered":"<h2 data-start=\"29\" data-end=\"142\">Bang King 36000 Bouff\u00e9es Mesh Coil \u2013 Profitez d\u2019un plaisir ultime et d\u2019une exp\u00e9rience de vapotage incomparable !<\/h2>\n<p data-start=\"204\" data-end=\"585\">Le Bang King 36000 Bouff\u00e9es Mesh Coil offre une toute nouvelle exp\u00e9rience de vapotage. Il ne s\u2019agit pas seulement de couvrir les besoins quotidiens, mais aussi d\u2019une port\u00e9e exceptionnelle, de nuages de vapeur denses et d\u2019un design moderne qui transforme chaque inhalation en un plaisir particulier. Cet appareil r\u00e9pond \u00e0 tous les besoins de la vie moderne et est le choix id\u00e9al pour les amateurs de vapotage.<\/p>\n<h4 data-start=\"587\" data-end=\"627\">Points forts du produit en un coup d\u2019\u0153il :<\/h4>\n<ul data-start=\"629\" data-end=\"1559\">\n<li data-start=\"629\" data-end=\"886\">\n<p data-start=\"631\" data-end=\"886\">Autonomie extr\u00eame : Avec une batterie rechargeable de 650mAh et un r\u00e9servoir de e-liquide pr\u00e9-rempli de 40ml, le Bang King 36000 Bouff\u00e9es Mesh Coil offre jusqu\u2019\u00e0 <a href=\"https:\/\/vapingnet.de\/fr\/k\/vape-36000-zuege\/\" target=\"_blank\" rel=\"noopener\"><strong>36 000 bouff\u00e9es<\/strong><\/a> \u2013 pour un vapotage in\u00e9gal\u00e9ment long sans recharges ou recharges fr\u00e9quentes.<\/p>\n<\/li>\n<li data-start=\"888\" data-end=\"1127\">\n<p data-start=\"890\" data-end=\"1127\">Nuages de vapeur denses : \u00c9quip\u00e9 d\u2019une bobine Mesh sub-ohm de 0,6\u03a9, cet appareil permet une inhalation directe en poumon (DTL), garantissant des nuages de vapeur particuli\u00e8rement denses et lisses. Chaque tirage offre une exp\u00e9rience gustative intense.<\/p>\n<\/li>\n<li data-start=\"1129\" data-end=\"1328\">\n<p data-start=\"1131\" data-end=\"1328\">\u00c9clairage LED styl\u00e9 : \u00c0 chaque tirage, l\u2019\u00e9clairage LED cool de l\u2019appareil s\u2019allume, offrant non seulement un point fort visuel, mais soulignant \u00e9galement votre style personnel.<\/p>\n<\/li>\n<li data-start=\"1330\" data-end=\"1559\">\n<p data-start=\"1332\" data-end=\"1559\">Charge rapide : La connexion Type-C permet une recharge ultra-rapide de l\u2019appareil, vous permettant de le recharger presque instantan\u00e9ment. Vous pouvez le recharger rapidement partout et continuer \u00e0 vapoter sans interruption.<\/p>\n<\/li>\n<\/ul>\n<h4 data-start=\"1561\" data-end=\"1640\">12 saveurs diff\u00e9rentes \u2013 pour tous les go\u00fbts<\/h4>\n<p data-start=\"1642\" data-end=\"1940\">Que vous pr\u00e9f\u00e9riez la fra\u00eecheur fruit\u00e9e ou les ar\u00f4mes glac\u00e9s, le <a href=\"https:\/\/vapingnet.de\/fr\/Brands\/bang-king-vape\/\" target=\"_blank\" rel=\"noopener\"><strong>Bang King<\/strong><\/a> a de quoi satisfaire tous les go\u00fbts. Parmi les saveurs disponibles, on trouve notamment Strawberry Mango, Blueberry Ice et Watermelon. Profitez de la saveur unique \u00e0 chaque tirage.<\/p>\n<h3>Pourquoi le Bang King 36000 Bouff\u00e9es Mesh Coil est le bon choix pour vous :<\/h3>\n<ul data-start=\"2025\" data-end=\"2636\">\n<li data-start=\"2025\" data-end=\"2178\">Longue autonomie : Avec 40ml de e-liquide et une batterie de 650mAh, vous pouvez profiter jusqu\u2019\u00e0 36 000 tirages sans avoir \u00e0 recharger ou remplir constamment.<\/li>\n<li data-start=\"2179\" data-end=\"2305\">Nuages de vapeur intenses : La bobine Mesh sub-ohm de 0,6\u03a9 fournit une fum\u00e9e dense et douce ainsi qu\u2019une exp\u00e9rience gustative intense.<\/li>\n<li data-start=\"2306\" data-end=\"2416\">Charge rapide : La connexion Type-C vous permet de recharger rapidement, pour que vous n\u2019ayez presque pas \u00e0 attendre.<\/li>\n<li data-start=\"2417\" data-end=\"2519\">Aucun droit de douane : Lors de l\u2019achat, aucune taxe suppl\u00e9mentaire n\u2019est appliqu\u00e9e, vous n\u2019avez donc \u00e0 vous soucier de rien.<\/li>\n<li data-start=\"2520\" data-end=\"2636\">Design jetable : Le design sans entretien garantit que vous pouvez vapoter confortablement et sans effort \u00e0 tout moment.<\/li>\n<\/ul>\n<h4 data-start=\"2638\" data-end=\"2699\">Choisissez le Bang King et vivez le plaisir ultime<\/h4>\n<p data-start=\"2701\" data-end=\"2961\">Cliquez d\u00e8s maintenant sur le lien ci-dessous pour acheter le Bang King 36000 Bouff\u00e9es Mesh Coil et profiter d\u2019une exp\u00e9rience de vapotage in\u00e9gal\u00e9e. Profitez d\u2019une longue dur\u00e9e de vie, de vapeur dense et d\u2019une recharge ultra-rapide \u2013 une exp\u00e9rience de vapotage sans couture qui vous enthousiasmera.<\/p>\n<p data-start=\"2963\" data-end=\"3019\">\ud83d\udd17 Acheter maintenant : <a href=\"https:\/\/vapingnet.de\/fr\/\" target=\"_new\" rel=\"noopener\" data-start=\"2982\" data-end=\"3017\">vapingnet.de<\/a><\/p>","protected":false},"excerpt":{"rendered":"<p>Bang King 36000 Puffs Mesh Coil \u2013 Genie\u00dfen Sie ultimativen Genuss und ein unvergleichliches Dampferlebnis! Der Bang King 36000 Puffs Mesh Coil bietet ein v\u00f6llig&#8230;<\/p>","protected":false},"featured_media":5320,"template":"","meta":[],"etheme_brands":[],"product_brand":[101],"product_cat":[57,49,61],"product_tag":[],"class_list":{"0":"post-5316","1":"product","2":"type-product","3":"status-publish","4":"has-post-thumbnail","6":"product_brand-bang-king-vape","7":"product_cat-vape-36000-zuege","8":"product_cat-einweg-e-zigarette","9":"product_cat-f","11":"first","12":"instock","13":"shipping-taxable","14":"purchasable","15":"product-type-simple"},"yoast_head":"<!-- This site is optimized with the Yoast SEO plugin v26.5 - https:\/\/yoast.com\/wordpress\/plugins\/seo\/ -->\n<title>Einweg E-Zigarette Bang 36000 Puffs Mesh Coil Strawberry Mango Jetzt zum Gro\u00dfhandelspreis kaufen | vapingnet.de<\/title>\n<meta name=\"description\" content=\"Einweg E-Zigarette Bang 36000 Puffs Mesh Coil Strawberry Mango Jetzt zum Gro\u00dfhandelspreis kaufen \u25ba Viele Geschmacksrichtungen &amp; g\u00fcnstig bei vapingnet.de f\u00fcr E-Zigaretten-Liebhaber\" \/>\n<meta name=\"robots\" content=\"index, follow, max-snippet:-1, max-image-preview:large, max-video-preview:-1\" \/>\n<link rel=\"canonical\" href=\"https:\/\/vapingnet.de\/fr\/vape\/einweg-e-zigarette-bang-36000-puffs-mesh-coil-strawberry-mango-jetzt-zum-grosshandelspreis-kaufen\/\" \/>\n<meta property=\"og:locale\" content=\"fr_FR\" \/>\n<meta property=\"og:type\" content=\"article\" \/>\n<meta property=\"og:title\" content=\"Einweg E-Zigarette Bang 36000 Puffs Mesh Coil Strawberry Mango Jetzt zum Gro\u00dfhandelspreis kaufen | vapingnet.de\" \/>\n<meta property=\"og:description\" content=\"Einweg E-Zigarette Bang 36000 Puffs Mesh Coil Strawberry Mango Jetzt zum Gro\u00dfhandelspreis kaufen \u25ba Viele Geschmacksrichtungen &amp; g\u00fcnstig bei vapingnet.de f\u00fcr E-Zigaretten-Liebhaber\" \/>\n<meta property=\"og:url\" content=\"https:\/\/vapingnet.de\/fr\/vape\/einweg-e-zigarette-bang-36000-puffs-mesh-coil-strawberry-mango-jetzt-zum-grosshandelspreis-kaufen\/\" \/>\n<meta property=\"og:site_name\" content=\"Vapingnet.de\" \/>\n<meta property=\"article:publisher\" content=\"https:\/\/www.facebook.com\/vapingnetde\/\" \/>\n<meta property=\"article:modified_time\" content=\"2025-12-13T02:44:39+00:00\" \/>\n<meta property=\"og:image\" content=\"https:\/\/vapingnet.de\/wp-content\/uploads\/2025\/03\/Strawberry-Mango-1.png\" \/>\n\t<meta property=\"og:image:width\" content=\"900\" \/>\n\t<meta property=\"og:image:height\" content=\"600\" \/>\n\t<meta property=\"og:image:type\" content=\"image\/png\" \/>\n<meta name=\"twitter:card\" content=\"summary_large_image\" \/>\n<meta name=\"twitter:label1\" content=\"Dur\u00e9e de lecture estim\u00e9e\" \/>\n\t<meta name=\"twitter:data1\" content=\"3 minutes\" \/>\n<script type=\"application\/ld+json\" class=\"yoast-schema-graph\">{\"@context\":\"https:\/\/schema.org\",\"@graph\":[{\"@type\":\"WebPage\",\"@id\":\"https:\/\/vapingnet.de\/vape\/einweg-e-zigarette-bang-36000-puffs-mesh-coil-strawberry-mango-jetzt-zum-grosshandelspreis-kaufen\/\",\"url\":\"https:\/\/vapingnet.de\/vape\/einweg-e-zigarette-bang-36000-puffs-mesh-coil-strawberry-mango-jetzt-zum-grosshandelspreis-kaufen\/\",\"name\":\"Einweg E-Zigarette Bang 36000 Puffs Mesh Coil Strawberry Mango Jetzt zum Gro\u00dfhandelspreis kaufen | vapingnet.de\",\"isPartOf\":{\"@id\":\"https:\/\/vapingnet.de\/#website\"},\"primaryImageOfPage\":{\"@id\":\"https:\/\/vapingnet.de\/vape\/einweg-e-zigarette-bang-36000-puffs-mesh-coil-strawberry-mango-jetzt-zum-grosshandelspreis-kaufen\/#primaryimage\"},\"image\":{\"@id\":\"https:\/\/vapingnet.de\/vape\/einweg-e-zigarette-bang-36000-puffs-mesh-coil-strawberry-mango-jetzt-zum-grosshandelspreis-kaufen\/#primaryimage\"},\"thumbnailUrl\":\"https:\/\/vapingnet.de\/wp-content\/uploads\/2025\/03\/Strawberry-Mango-1.png\",\"datePublished\":\"2025-12-12T07:27:57+00:00\",\"dateModified\":\"2025-12-13T02:44:39+00:00\",\"description\":\"Einweg E-Zigarette Bang 36000 Puffs Mesh Coil Strawberry Mango Jetzt zum Gro\u00dfhandelspreis kaufen \u25ba Viele Geschmacksrichtungen & g\u00fcnstig bei vapingnet.de f\u00fcr E-Zigaretten-Liebhaber\",\"breadcrumb\":{\"@id\":\"https:\/\/vapingnet.de\/vape\/einweg-e-zigarette-bang-36000-puffs-mesh-coil-strawberry-mango-jetzt-zum-grosshandelspreis-kaufen\/#breadcrumb\"},\"inLanguage\":\"fr-FR\",\"potentialAction\":[{\"@type\":\"ReadAction\",\"target\":[\"https:\/\/vapingnet.de\/vape\/einweg-e-zigarette-bang-36000-puffs-mesh-coil-strawberry-mango-jetzt-zum-grosshandelspreis-kaufen\/\"]}]},{\"@type\":\"ImageObject\",\"inLanguage\":\"fr-FR\",\"@id\":\"https:\/\/vapingnet.de\/vape\/einweg-e-zigarette-bang-36000-puffs-mesh-coil-strawberry-mango-jetzt-zum-grosshandelspreis-kaufen\/#primaryimage\",\"url\":\"https:\/\/vapingnet.de\/wp-content\/uploads\/2025\/03\/Strawberry-Mango-1.png\",\"contentUrl\":\"https:\/\/vapingnet.de\/wp-content\/uploads\/2025\/03\/Strawberry-Mango-1.png\",\"width\":900,\"height\":600,\"caption\":\"Strawberry Mango\"},{\"@type\":\"BreadcrumbList\",\"@id\":\"https:\/\/vapingnet.de\/vape\/einweg-e-zigarette-bang-36000-puffs-mesh-coil-strawberry-mango-jetzt-zum-grosshandelspreis-kaufen\/#breadcrumb\",\"itemListElement\":[{\"@type\":\"ListItem\",\"position\":1,\"name\":\"Home\",\"item\":\"https:\/\/vapingnet.de\/\"},{\"@type\":\"ListItem\",\"position\":2,\"name\":\"Shop\",\"item\":\"https:\/\/vapingnet.de\/vape\/\"},{\"@type\":\"ListItem\",\"position\":3,\"name\":\"Einweg E-Zigarette Bang 36000 Puffs Mesh Coil Strawberry Mango Jetzt zum Gro\u00dfhandelspreis kaufen\"}]},{\"@type\":\"WebSite\",\"@id\":\"https:\/\/vapingnet.de\/#website\",\"url\":\"https:\/\/vapingnet.de\/\",\"name\":\"Vapingnet.de\",\"description\":\"\",\"publisher\":{\"@id\":\"https:\/\/vapingnet.de\/#organization\"},\"potentialAction\":[{\"@type\":\"SearchAction\",\"target\":{\"@type\":\"EntryPoint\",\"urlTemplate\":\"https:\/\/vapingnet.de\/?s={search_term_string}\"},\"query-input\":{\"@type\":\"PropertyValueSpecification\",\"valueRequired\":true,\"valueName\":\"search_term_string\"}}],\"inLanguage\":\"fr-FR\"},{\"@type\":\"Organization\",\"@id\":\"https:\/\/vapingnet.de\/#organization\",\"name\":\"Vapingnet.de\",\"url\":\"https:\/\/vapingnet.de\/\",\"logo\":{\"@type\":\"ImageObject\",\"inLanguage\":\"fr-FR\",\"@id\":\"https:\/\/vapingnet.de\/#\/schema\/logo\/image\/\",\"url\":\"https:\/\/vapingnet.de\/wp-content\/uploads\/2025\/03\/cropped-vapingnet.de_.jpg\",\"contentUrl\":\"https:\/\/vapingnet.de\/wp-content\/uploads\/2025\/03\/cropped-vapingnet.de_.jpg\",\"width\":512,\"height\":512,\"caption\":\"Vapingnet.de\"},\"image\":{\"@id\":\"https:\/\/vapingnet.de\/#\/schema\/logo\/image\/\"},\"sameAs\":[\"https:\/\/www.facebook.com\/vapingnetde\/\"]}]}<\/script>\n<!-- \/ Yoast SEO plugin. -->","yoast_head_json":{"title":"Einweg E-Zigarette Bang 36000 Puffs Mesh Coil Strawberry Mango Jetzt zum Gro\u00dfhandelspreis kaufen | vapingnet.de","description":"Einweg E-Zigarette Bang 36000 Puffs Mesh Coil Strawberry Mango Jetzt zum Gro\u00dfhandelspreis kaufen \u25ba Viele Geschmacksrichtungen & g\u00fcnstig bei vapingnet.de f\u00fcr E-Zigaretten-Liebhaber","robots":{"index":"index","follow":"follow","max-snippet":"max-snippet:-1","max-image-preview":"max-image-preview:large","max-video-preview":"max-video-preview:-1"},"canonical":"https:\/\/vapingnet.de\/fr\/vape\/einweg-e-zigarette-bang-36000-puffs-mesh-coil-strawberry-mango-jetzt-zum-grosshandelspreis-kaufen\/","og_locale":"fr_FR","og_type":"article","og_title":"Einweg E-Zigarette Bang 36000 Puffs Mesh Coil Strawberry Mango Jetzt zum Gro\u00dfhandelspreis kaufen | vapingnet.de","og_description":"Einweg E-Zigarette Bang 36000 Puffs Mesh Coil Strawberry Mango Jetzt zum Gro\u00dfhandelspreis kaufen \u25ba Viele Geschmacksrichtungen & g\u00fcnstig bei vapingnet.de f\u00fcr E-Zigaretten-Liebhaber","og_url":"https:\/\/vapingnet.de\/fr\/vape\/einweg-e-zigarette-bang-36000-puffs-mesh-coil-strawberry-mango-jetzt-zum-grosshandelspreis-kaufen\/","og_site_name":"Vapingnet.de","article_publisher":"https:\/\/www.facebook.com\/vapingnetde\/","article_modified_time":"2025-12-13T02:44:39+00:00","og_image":[{"width":900,"height":600,"url":"https:\/\/vapingnet.de\/wp-content\/uploads\/2025\/03\/Strawberry-Mango-1.png","type":"image\/png"}],"twitter_card":"summary_large_image","twitter_misc":{"Dur\u00e9e de lecture estim\u00e9e":"3 minutes"},"schema":{"@context":"https:\/\/schema.org","@graph":[{"@type":"WebPage","@id":"https:\/\/vapingnet.de\/vape\/einweg-e-zigarette-bang-36000-puffs-mesh-coil-strawberry-mango-jetzt-zum-grosshandelspreis-kaufen\/","url":"https:\/\/vapingnet.de\/vape\/einweg-e-zigarette-bang-36000-puffs-mesh-coil-strawberry-mango-jetzt-zum-grosshandelspreis-kaufen\/","name":"Einweg E-Zigarette Bang 36000 Puffs Mesh Coil Strawberry Mango Jetzt zum Gro\u00dfhandelspreis kaufen | vapingnet.de","isPartOf":{"@id":"https:\/\/vapingnet.de\/#website"},"primaryImageOfPage":{"@id":"https:\/\/vapingnet.de\/vape\/einweg-e-zigarette-bang-36000-puffs-mesh-coil-strawberry-mango-jetzt-zum-grosshandelspreis-kaufen\/#primaryimage"},"image":{"@id":"https:\/\/vapingnet.de\/vape\/einweg-e-zigarette-bang-36000-puffs-mesh-coil-strawberry-mango-jetzt-zum-grosshandelspreis-kaufen\/#primaryimage"},"thumbnailUrl":"https:\/\/vapingnet.de\/wp-content\/uploads\/2025\/03\/Strawberry-Mango-1.png","datePublished":"2025-12-12T07:27:57+00:00","dateModified":"2025-12-13T02:44:39+00:00","description":"Einweg E-Zigarette Bang 36000 Puffs Mesh Coil Strawberry Mango Jetzt zum Gro\u00dfhandelspreis kaufen \u25ba Viele Geschmacksrichtungen & g\u00fcnstig bei vapingnet.de f\u00fcr E-Zigaretten-Liebhaber","breadcrumb":{"@id":"https:\/\/vapingnet.de\/vape\/einweg-e-zigarette-bang-36000-puffs-mesh-coil-strawberry-mango-jetzt-zum-grosshandelspreis-kaufen\/#breadcrumb"},"inLanguage":"fr-FR","potentialAction":[{"@type":"ReadAction","target":["https:\/\/vapingnet.de\/vape\/einweg-e-zigarette-bang-36000-puffs-mesh-coil-strawberry-mango-jetzt-zum-grosshandelspreis-kaufen\/"]}]},{"@type":"ImageObject","inLanguage":"fr-FR","@id":"https:\/\/vapingnet.de\/vape\/einweg-e-zigarette-bang-36000-puffs-mesh-coil-strawberry-mango-jetzt-zum-grosshandelspreis-kaufen\/#primaryimage","url":"https:\/\/vapingnet.de\/wp-content\/uploads\/2025\/03\/Strawberry-Mango-1.png","contentUrl":"https:\/\/vapingnet.de\/wp-content\/uploads\/2025\/03\/Strawberry-Mango-1.png","width":900,"height":600,"caption":"Strawberry Mango"},{"@type":"BreadcrumbList","@id":"https:\/\/vapingnet.de\/vape\/einweg-e-zigarette-bang-36000-puffs-mesh-coil-strawberry-mango-jetzt-zum-grosshandelspreis-kaufen\/#breadcrumb","itemListElement":[{"@type":"ListItem","position":1,"name":"Home","item":"https:\/\/vapingnet.de\/"},{"@type":"ListItem","position":2,"name":"Shop","item":"https:\/\/vapingnet.de\/vape\/"},{"@type":"ListItem","position":3,"name":"Einweg E-Zigarette Bang 36000 Puffs Mesh Coil Strawberry Mango Jetzt zum Gro\u00dfhandelspreis kaufen"}]},{"@type":"WebSite","@id":"https:\/\/vapingnet.de\/#website","url":"https:\/\/vapingnet.de\/","name":"Vapingnet.de","description":"","publisher":{"@id":"https:\/\/vapingnet.de\/#organization"},"potentialAction":[{"@type":"SearchAction","target":{"@type":"EntryPoint","urlTemplate":"https:\/\/vapingnet.de\/?s={search_term_string}"},"query-input":{"@type":"PropertyValueSpecification","valueRequired":true,"valueName":"search_term_string"}}],"inLanguage":"fr-FR"},{"@type":"Organization","@id":"https:\/\/vapingnet.de\/#organization","name":"Vapingnet.de","url":"https:\/\/vapingnet.de\/","logo":{"@type":"ImageObject","inLanguage":"fr-FR","@id":"https:\/\/vapingnet.de\/#\/schema\/logo\/image\/","url":"https:\/\/vapingnet.de\/wp-content\/uploads\/2025\/03\/cropped-vapingnet.de_.jpg","contentUrl":"https:\/\/vapingnet.de\/wp-content\/uploads\/2025\/03\/cropped-vapingnet.de_.jpg","width":512,"height":512,"caption":"Vapingnet.de"},"image":{"@id":"https:\/\/vapingnet.de\/#\/schema\/logo\/image\/"},"sameAs":["https:\/\/www.facebook.com\/vapingnetde\/"]}]}},"tiered_pricing_type":"fixed","tiered_pricing_fixed_rules":{"8":"10.44","60":"9.40","110":"8.35","200":"7.31"},"tiered_pricing_product_settings":{"layout":"default","base_unit_name":{"singular":null,"plural":null},"default_variation":null},"tiered_pricing_minimum_quantity":null,"tiered_pricing_roles_data":[],"tiered_pricing_percentage_rules":[],"_links":{"self":[{"href":"https:\/\/vapingnet.de\/fr\/wp-json\/wp\/v2\/product\/5316","targetHints":{"allow":["GET"]}}],"collection":[{"href":"https:\/\/vapingnet.de\/fr\/wp-json\/wp\/v2\/product"}],"about":[{"href":"https:\/\/vapingnet.de\/fr\/wp-json\/wp\/v2\/types\/product"}],"version-history":[{"count":4,"href":"https:\/\/vapingnet.de\/fr\/wp-json\/wp\/v2\/product\/5316\/revisions"}],"predecessor-version":[{"id":5319,"href":"https:\/\/vapingnet.de\/fr\/wp-json\/wp\/v2\/product\/5316\/revisions\/5319"}],"wp:featuredmedia":[{"embeddable":true,"href":"https:\/\/vapingnet.de\/fr\/wp-json\/wp\/v2\/media\/5320"}],"wp:attachment":[{"href":"https:\/\/vapingnet.de\/fr\/wp-json\/wp\/v2\/media?parent=5316"}],"wp:term":[{"taxonomy":"brand","embeddable":true,"href":"https:\/\/vapingnet.de\/fr\/wp-json\/wp\/v2\/etheme_brands?post=5316"},{"taxonomy":"product_brand","embeddable":true,"href":"https:\/\/vapingnet.de\/fr\/wp-json\/wp\/v2\/product_brand?post=5316"},{"taxonomy":"product_cat","embeddable":true,"href":"https:\/\/vapingnet.de\/fr\/wp-json\/wp\/v2\/product_cat?post=5316"},{"taxonomy":"product_tag","embeddable":true,"href":"https:\/\/vapingnet.de\/fr\/wp-json\/wp\/v2\/product_tag?post=5316"}],"curies":[{"name":"wp","href":"https:\/\/api.w.org\/{rel}","templated":true}]}}