{"id":5361,"date":"2025-03-15T05:34:13","date_gmt":"2025-03-15T05:34:13","guid":{"rendered":"https:\/\/vapingnet.de\/?post_type=product&#038;p=5361"},"modified":"2025-06-19T03:41:16","modified_gmt":"2025-06-19T03:41:16","slug":"bang-king-45000-puffs-geniess-drei-leckere-geschmacksrichtungen-in-einem-geraet","status":"publish","type":"product","link":"https:\/\/vapingnet.de\/fr\/vape\/bang-king-45000-puffs-geniess-drei-leckere-geschmacksrichtungen-in-einem-geraet\/","title":{"rendered":"Bang King 45000 Puffs profitez de trois saveurs d\u00e9licieuses dans un seul appareil"},"content":{"rendered":"<h2 data-start=\"0\" data-end=\"44\">Bang King 45000 Bouff\u00e9es Cigarette \u00c9lectronique Jetable<\/h2>\n<p data-start=\"69\" data-end=\"612\">La cigarette \u00e9lectronique jetable Bang King 45000 bouff\u00e9es est un appareil puissant et polyvalent en termes de saveur, \u00e9quip\u00e9 d'un design de triple coil en mesh pour garantir une exp\u00e9rience de vapotage riche et une aspiration douce. Avec une dur\u00e9e de vie de 45 000 bouff\u00e9es, cet appareil convient pour une utilisation prolong\u00e9e et r\u00e9pond aux besoins des amateurs de cigarettes \u00e9lectroniques recherchant une exp\u00e9rience de vapotage de haute qualit\u00e9. L'appareil supporte la charge Type-C et ne n\u00e9cessite que 2 heures pour une charge compl\u00e8te \u2013 rapide et pratique.<\/p>\n<h4 data-start=\"614\" data-end=\"641\">Sp\u00e9cifications du produit :<\/h4>\n<div class=\"overflow-x-auto contain-inline-size\">\n<table style=\"height: 431px;\" width=\"1560\" data-start=\"643\" data-end=\"1332\">\n<thead data-start=\"643\" data-end=\"711\">\n<tr data-start=\"643\" data-end=\"711\">\n<th data-start=\"643\" data-end=\"666\">Article<\/th>\n<th data-start=\"666\" data-end=\"711\">D\u00e9tails<\/th>\n<\/tr>\n<\/thead>\n<tbody data-start=\"780\" data-end=\"1332\">\n<tr data-start=\"780\" data-end=\"848\">\n<td>Bouff\u00e9es par appareil<\/td>\n<td>45 000 inhalations<\/td>\n<\/tr>\n<tr data-start=\"849\" data-end=\"918\">\n<td>Capacit\u00e9 de e-liquide<\/td>\n<td>15ml + 15ml + 15ml<\/td>\n<\/tr>\n<tr data-start=\"919\" data-end=\"987\">\n<td>Technologie de base<\/td>\n<td>Coil en mesh 1.0 Ohm<\/td>\n<\/tr>\n<tr data-start=\"988\" data-end=\"1056\">\n<td>Contenu en nicotine<\/td>\n<td>0%, 2%, 3%, 5%<\/td>\n<\/tr>\n<tr data-start=\"1057\" data-end=\"1125\">\n<td>Capacit\u00e9 de la batterie<\/td>\n<td>650 mAh<\/td>\n<\/tr>\n<tr data-start=\"1126\" data-end=\"1194\">\n<td>Port de charge<\/td>\n<td>Type C<\/td>\n<\/tr>\n<tr data-start=\"1195\" data-end=\"1263\">\n<td>Vari\u00e9t\u00e9 de saveurs<\/td>\n<td>12 saveurs<\/td>\n<\/tr>\n<tr data-start=\"1264\" data-end=\"1332\">\n<td>Informations sur l'emballage<\/td>\n<td>10 pi\u00e8ces\/bo\u00eete ; 20 bo\u00eetes\/carton<\/td>\n<\/tr>\n<\/tbody>\n<\/table>\n<\/div>\n<h4 data-start=\"1334\" data-end=\"1349\">Fonctions :<\/h4>\n<ul data-start=\"1351\" data-end=\"1797\">\n<li data-start=\"1351\" data-end=\"1481\">Triple coil en mesh : La conception unique de triple coil en mesh assure une meilleure production de vapeur et une saveur intense.<\/li>\n<li data-start=\"1482\" data-end=\"1618\">Diff\u00e9rentes saveurs de fruits : Une vari\u00e9t\u00e9 de saveurs fruit\u00e9es offre une exp\u00e9rience gustative intense.<\/li>\n<li data-start=\"1619\" data-end=\"1721\">Charge Type C : Supporte la charge rapide, seulement 2 heures de temps de charge, pour une utilisation pratique.<\/li>\n<li data-start=\"1722\" data-end=\"1797\">Cigarette \u00e9lectronique jetable : Avec 45 000 bouff\u00e9es pour une utilisation longue dur\u00e9e.<\/li>\n<\/ul>\n<h4 data-start=\"1799\" data-end=\"1822\">Options de saveur :<\/h4>\n<ol data-start=\"1824\" data-end=\"2397\">\n<li data-start=\"1824\" data-end=\"1865\">Watermelon et Red Bull et Strawberry Kiwi<\/li>\n<li data-start=\"1866\" data-end=\"1922\">Lemon Lime et Strawberry Watermelon et Blueberry Ice<\/li>\n<li data-start=\"1923\" data-end=\"1981\">Fraise Banane et Eau de Past\u00e8que et Citron Lime<\/li>\n<li data-start=\"1982\" data-end=\"2034\">Fraise Kiwi et Mango Acide Ananas et Red Bull<\/li>\n<li data-start=\"2035\" data-end=\"2098\">Fruits Tropicaux et Fraise Past\u00e8que et Citron P\u00eache<\/li>\n<li data-start=\"2099\" data-end=\"2148\">Ananas Coco et Fraise Banane et Blue Razz<\/li>\n<li data-start=\"2149\" data-end=\"2224\">Fraise Framboise et Triple Melon et Mangue Acide Ananas<\/li>\n<li data-start=\"2225\" data-end=\"2280\">Raspberry Watermelon et Mango Peach et Strawberry Kiwi<\/li>\n<li data-start=\"2281\" data-end=\"2342\">Coca Fraise Vanille et Blueberry Framboise et Citron Lime<\/li>\n<li data-start=\"2343\" data-end=\"2397\">Past\u00e8que et Glace \u00e0 la Fraise et Triplemelon<\/li>\n<\/ol>\n<h4 data-start=\"2399\" data-end=\"2419\">Avantages du produit :<\/h4>\n<ul data-start=\"2421\" data-end=\"2642\">\n<li data-start=\"2421\" data-end=\"2499\">Pas de droits de douane : Aucun frais de douane suppl\u00e9mentaire lors de l'achat.<\/li>\n<li data-start=\"2500\" data-end=\"2642\">Livraison rapide : Livraison en 7-15 jours ouvrables, pour que vous puissiez profiter rapidement d'une exp\u00e9rience de vapotage de haute qualit\u00e9.<\/li>\n<\/ul>\n<h3 data-start=\"2644\" data-end=\"3079\">Achetez maintenant sur vapingnet.fr :<\/h3>\n<p data-start=\"2644\" data-end=\"3079\" data-is-only-node=\"\" data-is-last-node=\"\">La cigarette \u00e9lectronique jetable BANG KING 45000 bouff\u00e9es offre non seulement une vari\u00e9t\u00e9 de saveurs d\u00e9licieuses, mais aussi une performance excellente. Gr\u00e2ce \u00e0 la temps de charge rapide et \u00e0 la longue dur\u00e9e d'utilisation, elle est le choix parfait pour les vapoteurs qui appr\u00e9cient le confort et la qualit\u00e9. Visitez maintenant vapingnet.fr et profitez des avantages de la livraison hors taxes et du d\u00e9lai d'exp\u00e9dition rapide.<\/p>","protected":false},"excerpt":{"rendered":"<p>\u2705 Nombreux trains \u2013 Jusqu'\u00e0 45 000 trains, pour un plaisir de vapeur exceptionnellement long !<br \/>\n\u2705 Pas de frais de douane &amp; livraison gratuite \u2013 Commandez simplement, sans co\u00fbts suppl\u00e9mentaires !<br \/>\n\u2705 Trois saveurs en une \u2013 Changez \u00e0 votre guise, triple plaisir !<\/p>","protected":false},"featured_media":5398,"template":"","meta":[],"etheme_brands":[],"product_brand":[101],"product_cat":[66,49,61,87],"product_tag":[],"class_list":{"0":"post-5361","1":"product","2":"type-product","3":"status-publish","4":"has-post-thumbnail","6":"product_brand-bang-king-vape","7":"product_cat-45k-vape","8":"product_cat-einweg-e-zigarette","9":"product_cat-f","10":"product_cat-v","12":"first","13":"instock","14":"shipping-taxable","15":"purchasable","16":"product-type-variable"},"yoast_head":"<!-- This site is optimized with the Yoast SEO plugin v26.5 - https:\/\/yoast.com\/wordpress\/plugins\/seo\/ -->\n<title>Bang King 45000 Puffs Genie\u00df drei leckere Geschmacksrichtungen in einem Ger\u00e4t | vapingnet.de<\/title>\n<meta name=\"description\" content=\"Bang King 45000 Puffs Genie\u00df drei leckere Geschmacksrichtungen in einem Ger\u00e4t \u25ba Viele Geschmacksrichtungen &amp; g\u00fcnstig bei vapingnet.de f\u00fcr E-Zigaretten-Liebhaber\" \/>\n<meta name=\"robots\" content=\"index, follow, max-snippet:-1, max-image-preview:large, max-video-preview:-1\" \/>\n<link rel=\"canonical\" href=\"https:\/\/vapingnet.de\/fr\/vape\/bang-king-45000-puffs-geniess-drei-leckere-geschmacksrichtungen-in-einem-geraet\/\" \/>\n<meta property=\"og:locale\" content=\"fr_FR\" \/>\n<meta property=\"og:type\" content=\"article\" \/>\n<meta property=\"og:title\" content=\"Bang King 45000 Puffs Genie\u00df drei leckere Geschmacksrichtungen in einem Ger\u00e4t | vapingnet.de\" \/>\n<meta property=\"og:description\" content=\"Bang King 45000 Puffs Genie\u00df drei leckere Geschmacksrichtungen in einem Ger\u00e4t \u25ba Viele Geschmacksrichtungen &amp; g\u00fcnstig bei vapingnet.de f\u00fcr E-Zigaretten-Liebhaber\" \/>\n<meta property=\"og:url\" content=\"https:\/\/vapingnet.de\/fr\/vape\/bang-king-45000-puffs-geniess-drei-leckere-geschmacksrichtungen-in-einem-geraet\/\" \/>\n<meta property=\"og:site_name\" content=\"Vapingnet.de\" \/>\n<meta property=\"article:publisher\" content=\"https:\/\/www.facebook.com\/vapingnetde\/\" \/>\n<meta property=\"article:modified_time\" content=\"2025-06-19T03:41:16+00:00\" \/>\n<meta property=\"og:image\" content=\"https:\/\/vapingnet.de\/wp-content\/uploads\/2025\/03\/Bang-King-45000-Puffs.png\" \/>\n\t<meta property=\"og:image:width\" content=\"1000\" \/>\n\t<meta property=\"og:image:height\" content=\"1000\" \/>\n\t<meta property=\"og:image:type\" content=\"image\/png\" \/>\n<meta name=\"twitter:card\" content=\"summary_large_image\" \/>\n<meta name=\"twitter:label1\" content=\"Dur\u00e9e de lecture estim\u00e9e\" \/>\n\t<meta name=\"twitter:data1\" content=\"3 minutes\" \/>\n<script type=\"application\/ld+json\" class=\"yoast-schema-graph\">{\"@context\":\"https:\/\/schema.org\",\"@graph\":[{\"@type\":\"WebPage\",\"@id\":\"https:\/\/vapingnet.de\/vape\/bang-king-45000-puffs-geniess-drei-leckere-geschmacksrichtungen-in-einem-geraet\/\",\"url\":\"https:\/\/vapingnet.de\/vape\/bang-king-45000-puffs-geniess-drei-leckere-geschmacksrichtungen-in-einem-geraet\/\",\"name\":\"Bang King 45000 Puffs Genie\u00df drei leckere Geschmacksrichtungen in einem Ger\u00e4t | vapingnet.de\",\"isPartOf\":{\"@id\":\"https:\/\/vapingnet.de\/#website\"},\"primaryImageOfPage\":{\"@id\":\"https:\/\/vapingnet.de\/vape\/bang-king-45000-puffs-geniess-drei-leckere-geschmacksrichtungen-in-einem-geraet\/#primaryimage\"},\"image\":{\"@id\":\"https:\/\/vapingnet.de\/vape\/bang-king-45000-puffs-geniess-drei-leckere-geschmacksrichtungen-in-einem-geraet\/#primaryimage\"},\"thumbnailUrl\":\"https:\/\/vapingnet.de\/wp-content\/uploads\/2025\/03\/Bang-King-45000-Puffs.png\",\"datePublished\":\"2025-03-15T05:34:13+00:00\",\"dateModified\":\"2025-06-19T03:41:16+00:00\",\"description\":\"Bang King 45000 Puffs Genie\u00df drei leckere Geschmacksrichtungen in einem Ger\u00e4t \u25ba Viele Geschmacksrichtungen & g\u00fcnstig bei vapingnet.de f\u00fcr E-Zigaretten-Liebhaber\",\"breadcrumb\":{\"@id\":\"https:\/\/vapingnet.de\/vape\/bang-king-45000-puffs-geniess-drei-leckere-geschmacksrichtungen-in-einem-geraet\/#breadcrumb\"},\"inLanguage\":\"fr-FR\",\"potentialAction\":[{\"@type\":\"ReadAction\",\"target\":[\"https:\/\/vapingnet.de\/vape\/bang-king-45000-puffs-geniess-drei-leckere-geschmacksrichtungen-in-einem-geraet\/\"]}]},{\"@type\":\"ImageObject\",\"inLanguage\":\"fr-FR\",\"@id\":\"https:\/\/vapingnet.de\/vape\/bang-king-45000-puffs-geniess-drei-leckere-geschmacksrichtungen-in-einem-geraet\/#primaryimage\",\"url\":\"https:\/\/vapingnet.de\/wp-content\/uploads\/2025\/03\/Bang-King-45000-Puffs.png\",\"contentUrl\":\"https:\/\/vapingnet.de\/wp-content\/uploads\/2025\/03\/Bang-King-45000-Puffs.png\",\"width\":1000,\"height\":1000,\"caption\":\"Bang-King-45000-Puffs\"},{\"@type\":\"BreadcrumbList\",\"@id\":\"https:\/\/vapingnet.de\/vape\/bang-king-45000-puffs-geniess-drei-leckere-geschmacksrichtungen-in-einem-geraet\/#breadcrumb\",\"itemListElement\":[{\"@type\":\"ListItem\",\"position\":1,\"name\":\"Home\",\"item\":\"https:\/\/vapingnet.de\/\"},{\"@type\":\"ListItem\",\"position\":2,\"name\":\"Shop\",\"item\":\"https:\/\/vapingnet.de\/vape\/\"},{\"@type\":\"ListItem\",\"position\":3,\"name\":\"Bang King 45000 Puffs Genie\u00df drei leckere Geschmacksrichtungen in einem Ger\u00e4t\"}]},{\"@type\":\"WebSite\",\"@id\":\"https:\/\/vapingnet.de\/#website\",\"url\":\"https:\/\/vapingnet.de\/\",\"name\":\"Vapingnet.de\",\"description\":\"\",\"publisher\":{\"@id\":\"https:\/\/vapingnet.de\/#organization\"},\"potentialAction\":[{\"@type\":\"SearchAction\",\"target\":{\"@type\":\"EntryPoint\",\"urlTemplate\":\"https:\/\/vapingnet.de\/?s={search_term_string}\"},\"query-input\":{\"@type\":\"PropertyValueSpecification\",\"valueRequired\":true,\"valueName\":\"search_term_string\"}}],\"inLanguage\":\"fr-FR\"},{\"@type\":\"Organization\",\"@id\":\"https:\/\/vapingnet.de\/#organization\",\"name\":\"Vapingnet.de\",\"url\":\"https:\/\/vapingnet.de\/\",\"logo\":{\"@type\":\"ImageObject\",\"inLanguage\":\"fr-FR\",\"@id\":\"https:\/\/vapingnet.de\/#\/schema\/logo\/image\/\",\"url\":\"https:\/\/vapingnet.de\/wp-content\/uploads\/2025\/03\/cropped-vapingnet.de_.jpg\",\"contentUrl\":\"https:\/\/vapingnet.de\/wp-content\/uploads\/2025\/03\/cropped-vapingnet.de_.jpg\",\"width\":512,\"height\":512,\"caption\":\"Vapingnet.de\"},\"image\":{\"@id\":\"https:\/\/vapingnet.de\/#\/schema\/logo\/image\/\"},\"sameAs\":[\"https:\/\/www.facebook.com\/vapingnetde\/\"]}]}<\/script>\n<!-- \/ Yoast SEO plugin. -->","yoast_head_json":{"title":"Bang King 45000 Puffs Genie\u00df drei leckere Geschmacksrichtungen in einem Ger\u00e4t | vapingnet.de","description":"Bang King 45000 Puffs Genie\u00df drei leckere Geschmacksrichtungen in einem Ger\u00e4t \u25ba Viele Geschmacksrichtungen & g\u00fcnstig bei vapingnet.de f\u00fcr E-Zigaretten-Liebhaber","robots":{"index":"index","follow":"follow","max-snippet":"max-snippet:-1","max-image-preview":"max-image-preview:large","max-video-preview":"max-video-preview:-1"},"canonical":"https:\/\/vapingnet.de\/fr\/vape\/bang-king-45000-puffs-geniess-drei-leckere-geschmacksrichtungen-in-einem-geraet\/","og_locale":"fr_FR","og_type":"article","og_title":"Bang King 45000 Puffs Genie\u00df drei leckere Geschmacksrichtungen in einem Ger\u00e4t | vapingnet.de","og_description":"Bang King 45000 Puffs Genie\u00df drei leckere Geschmacksrichtungen in einem Ger\u00e4t \u25ba Viele Geschmacksrichtungen & g\u00fcnstig bei vapingnet.de f\u00fcr E-Zigaretten-Liebhaber","og_url":"https:\/\/vapingnet.de\/fr\/vape\/bang-king-45000-puffs-geniess-drei-leckere-geschmacksrichtungen-in-einem-geraet\/","og_site_name":"Vapingnet.de","article_publisher":"https:\/\/www.facebook.com\/vapingnetde\/","article_modified_time":"2025-06-19T03:41:16+00:00","og_image":[{"width":1000,"height":1000,"url":"https:\/\/vapingnet.de\/wp-content\/uploads\/2025\/03\/Bang-King-45000-Puffs.png","type":"image\/png"}],"twitter_card":"summary_large_image","twitter_misc":{"Dur\u00e9e de lecture estim\u00e9e":"3 minutes"},"schema":{"@context":"https:\/\/schema.org","@graph":[{"@type":"WebPage","@id":"https:\/\/vapingnet.de\/vape\/bang-king-45000-puffs-geniess-drei-leckere-geschmacksrichtungen-in-einem-geraet\/","url":"https:\/\/vapingnet.de\/vape\/bang-king-45000-puffs-geniess-drei-leckere-geschmacksrichtungen-in-einem-geraet\/","name":"Bang King 45000 Puffs Genie\u00df drei leckere Geschmacksrichtungen in einem Ger\u00e4t | vapingnet.de","isPartOf":{"@id":"https:\/\/vapingnet.de\/#website"},"primaryImageOfPage":{"@id":"https:\/\/vapingnet.de\/vape\/bang-king-45000-puffs-geniess-drei-leckere-geschmacksrichtungen-in-einem-geraet\/#primaryimage"},"image":{"@id":"https:\/\/vapingnet.de\/vape\/bang-king-45000-puffs-geniess-drei-leckere-geschmacksrichtungen-in-einem-geraet\/#primaryimage"},"thumbnailUrl":"https:\/\/vapingnet.de\/wp-content\/uploads\/2025\/03\/Bang-King-45000-Puffs.png","datePublished":"2025-03-15T05:34:13+00:00","dateModified":"2025-06-19T03:41:16+00:00","description":"Bang King 45000 Puffs Genie\u00df drei leckere Geschmacksrichtungen in einem Ger\u00e4t \u25ba Viele Geschmacksrichtungen & g\u00fcnstig bei vapingnet.de f\u00fcr E-Zigaretten-Liebhaber","breadcrumb":{"@id":"https:\/\/vapingnet.de\/vape\/bang-king-45000-puffs-geniess-drei-leckere-geschmacksrichtungen-in-einem-geraet\/#breadcrumb"},"inLanguage":"fr-FR","potentialAction":[{"@type":"ReadAction","target":["https:\/\/vapingnet.de\/vape\/bang-king-45000-puffs-geniess-drei-leckere-geschmacksrichtungen-in-einem-geraet\/"]}]},{"@type":"ImageObject","inLanguage":"fr-FR","@id":"https:\/\/vapingnet.de\/vape\/bang-king-45000-puffs-geniess-drei-leckere-geschmacksrichtungen-in-einem-geraet\/#primaryimage","url":"https:\/\/vapingnet.de\/wp-content\/uploads\/2025\/03\/Bang-King-45000-Puffs.png","contentUrl":"https:\/\/vapingnet.de\/wp-content\/uploads\/2025\/03\/Bang-King-45000-Puffs.png","width":1000,"height":1000,"caption":"Bang-King-45000-Puffs"},{"@type":"BreadcrumbList","@id":"https:\/\/vapingnet.de\/vape\/bang-king-45000-puffs-geniess-drei-leckere-geschmacksrichtungen-in-einem-geraet\/#breadcrumb","itemListElement":[{"@type":"ListItem","position":1,"name":"Home","item":"https:\/\/vapingnet.de\/"},{"@type":"ListItem","position":2,"name":"Shop","item":"https:\/\/vapingnet.de\/vape\/"},{"@type":"ListItem","position":3,"name":"Bang King 45000 Puffs Genie\u00df drei leckere Geschmacksrichtungen in einem Ger\u00e4t"}]},{"@type":"WebSite","@id":"https:\/\/vapingnet.de\/#website","url":"https:\/\/vapingnet.de\/","name":"Vapingnet.de","description":"","publisher":{"@id":"https:\/\/vapingnet.de\/#organization"},"potentialAction":[{"@type":"SearchAction","target":{"@type":"EntryPoint","urlTemplate":"https:\/\/vapingnet.de\/?s={search_term_string}"},"query-input":{"@type":"PropertyValueSpecification","valueRequired":true,"valueName":"search_term_string"}}],"inLanguage":"fr-FR"},{"@type":"Organization","@id":"https:\/\/vapingnet.de\/#organization","name":"Vapingnet.de","url":"https:\/\/vapingnet.de\/","logo":{"@type":"ImageObject","inLanguage":"fr-FR","@id":"https:\/\/vapingnet.de\/#\/schema\/logo\/image\/","url":"https:\/\/vapingnet.de\/wp-content\/uploads\/2025\/03\/cropped-vapingnet.de_.jpg","contentUrl":"https:\/\/vapingnet.de\/wp-content\/uploads\/2025\/03\/cropped-vapingnet.de_.jpg","width":512,"height":512,"caption":"Vapingnet.de"},"image":{"@id":"https:\/\/vapingnet.de\/#\/schema\/logo\/image\/"},"sameAs":["https:\/\/www.facebook.com\/vapingnetde\/"]}]}},"tiered_pricing_type":"fixed","tiered_pricing_fixed_rules":[],"tiered_pricing_product_settings":{"layout":"default","base_unit_name":{"singular":null,"plural":null},"default_variation":null},"tiered_pricing_minimum_quantity":null,"tiered_pricing_roles_data":[],"tiered_pricing_percentage_rules":[],"_links":{"self":[{"href":"https:\/\/vapingnet.de\/fr\/wp-json\/wp\/v2\/product\/5361","targetHints":{"allow":["GET"]}}],"collection":[{"href":"https:\/\/vapingnet.de\/fr\/wp-json\/wp\/v2\/product"}],"about":[{"href":"https:\/\/vapingnet.de\/fr\/wp-json\/wp\/v2\/types\/product"}],"version-history":[{"count":4,"href":"https:\/\/vapingnet.de\/fr\/wp-json\/wp\/v2\/product\/5361\/revisions"}],"predecessor-version":[{"id":5970,"href":"https:\/\/vapingnet.de\/fr\/wp-json\/wp\/v2\/product\/5361\/revisions\/5970"}],"wp:featuredmedia":[{"embeddable":true,"href":"https:\/\/vapingnet.de\/fr\/wp-json\/wp\/v2\/media\/5398"}],"wp:attachment":[{"href":"https:\/\/vapingnet.de\/fr\/wp-json\/wp\/v2\/media?parent=5361"}],"wp:term":[{"taxonomy":"brand","embeddable":true,"href":"https:\/\/vapingnet.de\/fr\/wp-json\/wp\/v2\/etheme_brands?post=5361"},{"taxonomy":"product_brand","embeddable":true,"href":"https:\/\/vapingnet.de\/fr\/wp-json\/wp\/v2\/product_brand?post=5361"},{"taxonomy":"product_cat","embeddable":true,"href":"https:\/\/vapingnet.de\/fr\/wp-json\/wp\/v2\/product_cat?post=5361"},{"taxonomy":"product_tag","embeddable":true,"href":"https:\/\/vapingnet.de\/fr\/wp-json\/wp\/v2\/product_tag?post=5361"}],"curies":[{"name":"wp","href":"https:\/\/api.w.org\/{rel}","templated":true}]}}