{"id":5400,"date":"2025-03-15T06:42:30","date_gmt":"2025-03-15T06:42:30","guid":{"rendered":"https:\/\/vapingnet.de\/?post_type=product&#038;p=5400"},"modified":"2026-04-14T06:41:05","modified_gmt":"2026-04-14T06:41:05","slug":"die-zukunft-des-dampfens-nexa-ultra-50k-mit-3d-display","status":"publish","type":"product","link":"https:\/\/vapingnet.de\/fr\/vape\/die-zukunft-des-dampfens-nexa-ultra-50k-mit-3d-display\/","title":{"rendered":"L'avenir de la vape NEXA Ultra 50K avec \u00e9cran 3D"},"content":{"rendered":"<h2 data-start=\"0\" data-end=\"42\">Cigarette \u00c9lectronique Jetable NEXA Ultra 50K Puff<\/h2>\n<p data-start=\"85\" data-end=\"427\">La NEXA Ultra 50K Puff <a href=\"https:\/\/vapingnet.de\/fr\/k\/einweg-e-zigarette\/\" target=\"_blank\" rel=\"noopener\"><strong>cigarette \u00e9lectronique jetable<\/strong><\/a> offre avec 50 000 bouff\u00e9es et un r\u00e9servoir de liquide transparent de 20 ml une performance impressionnante. Elle est \u00e9quip\u00e9e d'une batterie de 800 mAh, qui peut \u00eatre rapidement recharg\u00e9e via USB-C, et supporte \u00e0 la fois le mode normal et le mode turbo pour r\u00e9pondre \u00e0 diff\u00e9rents besoins.<\/p>\n<h4 data-start=\"429\" data-end=\"452\">Points forts du produit :<\/h4>\n<ul data-start=\"454\" data-end=\"985\">\n<li data-start=\"454\" data-end=\"514\">50 000 bouff\u00e9es : profitez d'un go\u00fbt pur pendant longtemps.<\/li>\n<li data-start=\"515\" data-end=\"631\">Double choix de mode : mode normal avec 50K bouff\u00e9es, mode turbo avec 30K bouff\u00e9es \u2013 pour diff\u00e9rentes exigences.<\/li>\n<li data-start=\"632\" data-end=\"731\">Recharge rapide : port USB-C pour une charge rapide et une exp\u00e9rience utilisateur am\u00e9lior\u00e9e.<\/li>\n<li data-start=\"732\" data-end=\"882\">R\u00e9servoir de liquide transparent : capacit\u00e9 de 20 ml, design transparent permettant de voir \u00e0 tout moment le niveau de liquide restant.<\/li>\n<li data-start=\"883\" data-end=\"985\">15 saveurs : 15 ar\u00f4mes diff\u00e9rents couvrant un large \u00e9ventail de pr\u00e9f\u00e9rences.<\/li>\n<\/ul>\n<h3 data-start=\"987\" data-end=\"1006\">D\u00e9tails du produit :<\/h3>\n<div class=\"overflow-x-auto contain-inline-size\">\n<table data-start=\"1008\" data-end=\"1726\">\n<thead data-start=\"1008\" data-end=\"1079\">\n<tr data-start=\"1008\" data-end=\"1079\">\n<th data-start=\"1008\" data-end=\"1031\">Caract\u00e9ristique<\/th>\n<th data-start=\"1031\" data-end=\"1079\">D\u00e9tails<\/th>\n<\/tr>\n<\/thead>\n<tbody data-start=\"1151\" data-end=\"1726\">\n<tr data-start=\"1151\" data-end=\"1222\">\n<td>Contenu en nicotine<\/td>\n<td>5%<\/td>\n<\/tr>\n<tr data-start=\"1223\" data-end=\"1294\">\n<td>Capacit\u00e9 du liquide<\/td>\n<td>20 ml (design transparent)<\/td>\n<\/tr>\n<tr data-start=\"1295\" data-end=\"1366\">\n<td>Capacit\u00e9 de la batterie<\/td>\n<td>800 mAh<\/td>\n<\/tr>\n<tr data-start=\"1367\" data-end=\"1438\">\n<td>Port de charge<\/td>\n<td>USB-C (charge rapide)<\/td>\n<\/tr>\n<tr data-start=\"1439\" data-end=\"1510\">\n<td>Modes de performance<\/td>\n<td>Mode normal 50K, Mode turbo 30K<\/td>\n<\/tr>\n<tr data-start=\"1511\" data-end=\"1582\">\n<td>Affichage<\/td>\n<td>\u00c9cran incurv\u00e9 3D<\/td>\n<\/tr>\n<tr data-start=\"1583\" data-end=\"1654\">\n<td>Activation<\/td>\n<td>Activ\u00e9 par traction<\/td>\n<\/tr>\n<tr data-start=\"1655\" data-end=\"1726\">\n<td>Unit\u00e9 d'emballage<\/td>\n<td>5 pi\u00e8ces\/bo\u00eete<\/td>\n<\/tr>\n<\/tbody>\n<\/table>\n<\/div>\n<h4 data-start=\"1728\" data-end=\"1768\">15 saveurs s\u00e9lectionn\u00e9es :<\/h4>\n<ol data-start=\"1770\" data-end=\"2056\">\n<li data-start=\"1770\" data-end=\"1780\">B-Pop<\/li>\n<li data-start=\"1781\" data-end=\"1798\">Glace aux myrtilles<\/li>\n<li data-start=\"1799\" data-end=\"1825\">Past\u00e8que aux myrtilles<\/li>\n<li data-start=\"1826\" data-end=\"1842\">Bombe Cerise<\/li>\n<li data-start=\"1843\" data-end=\"1857\">Menthe Fra\u00eeche<\/li>\n<li data-start=\"1858\" data-end=\"1874\">Fucking Fab<\/li>\n<li data-start=\"1875\" data-end=\"1897\">G\u00e9orgie Peach Ice<\/li>\n<li data-start=\"1898\" data-end=\"1914\">Oasis Mangue<\/li>\n<li data-start=\"1915\" data-end=\"1930\">Menthe de Miami<\/li>\n<li data-start=\"1931\" data-end=\"1951\">Pomme Acide Glac\u00e9e<\/li>\n<li data-start=\"1952\" data-end=\"1975\">Fraise Banane<\/li>\n<li data-start=\"1976\" data-end=\"1996\">Fraise Ice<\/li>\n<li data-start=\"1997\" data-end=\"2015\">Baies Triple<\/li>\n<li data-start=\"2016\" data-end=\"2036\">Past\u00e8que Glac\u00e9e<\/li>\n<li data-start=\"2037\" data-end=\"2056\">Gomme blanche Ice<\/li>\n<\/ol>\n<h4 data-start=\"2058\" data-end=\"2078\">Avantages du produit :<\/h4>\n<ul data-start=\"2080\" data-end=\"2271\">\n<li data-start=\"2080\" data-end=\"2158\">Pas de droits de douane : Aucun frais de douane suppl\u00e9mentaire lors de l'achat.<\/li>\n<li data-start=\"2159\" data-end=\"2271\">Exp\u00e9dition rapide : Livraison en 7-15 jours ouvrables, pour que vous puissiez profiter rapidement du produit.<\/li>\n<\/ul>\n<h4 data-start=\"2273\" data-end=\"2290\">Acheter maintenant :<\/h4>\n<p data-start=\"2292\" data-end=\"2627\" data-is-last-node=\"\" data-is-only-node=\"\">La cigarette \u00e9lectronique jetable NEXA Ultra 50K Puff offre une performance puissante et une vari\u00e9t\u00e9 de saveurs pour r\u00e9pondre aux besoins diff\u00e9rents des utilisateurs. Visitez <a href=\"https:\/\/vapingnet.de\/fr\/\" target=\"_blank\" rel=\"noopener\"><strong>vapingnet.de<\/strong><\/a> pour une livraison rapide, des achats sans douane et profiter imm\u00e9diatement de la longue dur\u00e9e d'utilisation et des fonctionnalit\u00e9s pratiques.<\/p>","protected":false},"excerpt":{"rendered":"<p>NEXA Ultra 50K Puff Einweg E-Zigarette Die NEXA Ultra 50K Puff Einweg E-Zigarette bietet mit 50.000 Z\u00fcgen und einem 20 ml gro\u00dfen transparenten Liquid-Tank eine&#8230;<\/p>","protected":false},"featured_media":5431,"template":"","meta":[],"etheme_brands":[],"product_brand":[],"product_cat":[67,49,61],"product_tag":[],"class_list":{"0":"post-5400","1":"product","2":"type-product","3":"status-publish","4":"has-post-thumbnail","6":"product_cat-50k-vape","7":"product_cat-einweg-e-zigarette","8":"product_cat-f","10":"first","11":"outofstock","12":"shipping-taxable","13":"purchasable","14":"product-type-variable"},"yoast_head":"<!-- This site is optimized with the Yoast SEO plugin v26.5 - https:\/\/yoast.com\/wordpress\/plugins\/seo\/ -->\n<title>Die Zukunft des Dampfens NEXA Ultra 50K mit 3D-Display | Vapingnet.de<\/title>\n<meta name=\"description\" content=\"Wir verkaufen Die Zukunft des Dampfens NEXA Ultra 50K mit 3D-Display , \u2713 Hohe Puffs-Zahl \u2713 Einfach zu verwenden \u2713 Vielseitige Aromen \u2713\u27a4 Jetzt kaufen!\" \/>\n<meta name=\"robots\" content=\"index, follow, max-snippet:-1, max-image-preview:large, max-video-preview:-1\" \/>\n<link rel=\"canonical\" href=\"https:\/\/vapingnet.de\/fr\/vape\/die-zukunft-des-dampfens-nexa-ultra-50k-mit-3d-display\/\" \/>\n<meta property=\"og:locale\" content=\"fr_FR\" \/>\n<meta property=\"og:type\" content=\"article\" \/>\n<meta property=\"og:title\" content=\"Die Zukunft des Dampfens NEXA Ultra 50K mit 3D-Display | Vapingnet.de\" \/>\n<meta property=\"og:description\" content=\"Wir verkaufen Die Zukunft des Dampfens NEXA Ultra 50K mit 3D-Display , \u2713 Hohe Puffs-Zahl \u2713 Einfach zu verwenden \u2713 Vielseitige Aromen \u2713\u27a4 Jetzt kaufen!\" \/>\n<meta property=\"og:url\" content=\"https:\/\/vapingnet.de\/fr\/vape\/die-zukunft-des-dampfens-nexa-ultra-50k-mit-3d-display\/\" \/>\n<meta property=\"og:site_name\" content=\"Vapingnet.de\" \/>\n<meta property=\"article:publisher\" content=\"https:\/\/www.facebook.com\/vapingnetde\/\" \/>\n<meta property=\"article:modified_time\" content=\"2026-04-14T06:41:05+00:00\" \/>\n<meta property=\"og:image\" content=\"https:\/\/vapingnet.de\/wp-content\/uploads\/2025\/03\/NEXA50K.png\" \/>\n\t<meta property=\"og:image:width\" content=\"1000\" \/>\n\t<meta property=\"og:image:height\" content=\"1000\" \/>\n\t<meta property=\"og:image:type\" content=\"image\/png\" \/>\n<meta name=\"twitter:card\" content=\"summary_large_image\" \/>\n<meta name=\"twitter:label1\" content=\"Dur\u00e9e de lecture estim\u00e9e\" \/>\n\t<meta name=\"twitter:data1\" content=\"2 minutes\" \/>\n<script type=\"application\/ld+json\" class=\"yoast-schema-graph\">{\"@context\":\"https:\/\/schema.org\",\"@graph\":[{\"@type\":\"WebPage\",\"@id\":\"https:\/\/vapingnet.de\/vape\/die-zukunft-des-dampfens-nexa-ultra-50k-mit-3d-display\/\",\"url\":\"https:\/\/vapingnet.de\/vape\/die-zukunft-des-dampfens-nexa-ultra-50k-mit-3d-display\/\",\"name\":\"Die Zukunft des Dampfens NEXA Ultra 50K mit 3D-Display | Vapingnet.de\",\"isPartOf\":{\"@id\":\"https:\/\/vapingnet.de\/#website\"},\"primaryImageOfPage\":{\"@id\":\"https:\/\/vapingnet.de\/vape\/die-zukunft-des-dampfens-nexa-ultra-50k-mit-3d-display\/#primaryimage\"},\"image\":{\"@id\":\"https:\/\/vapingnet.de\/vape\/die-zukunft-des-dampfens-nexa-ultra-50k-mit-3d-display\/#primaryimage\"},\"thumbnailUrl\":\"https:\/\/vapingnet.de\/wp-content\/uploads\/2025\/03\/NEXA50K.png\",\"datePublished\":\"2025-03-15T06:42:30+00:00\",\"dateModified\":\"2026-04-14T06:41:05+00:00\",\"description\":\"Wir verkaufen Die Zukunft des Dampfens NEXA Ultra 50K mit 3D-Display , \u2713 Hohe Puffs-Zahl \u2713 Einfach zu verwenden \u2713 Vielseitige Aromen \u2713\u27a4 Jetzt kaufen!\",\"breadcrumb\":{\"@id\":\"https:\/\/vapingnet.de\/vape\/die-zukunft-des-dampfens-nexa-ultra-50k-mit-3d-display\/#breadcrumb\"},\"inLanguage\":\"fr-FR\",\"potentialAction\":[{\"@type\":\"ReadAction\",\"target\":[\"https:\/\/vapingnet.de\/vape\/die-zukunft-des-dampfens-nexa-ultra-50k-mit-3d-display\/\"]}]},{\"@type\":\"ImageObject\",\"inLanguage\":\"fr-FR\",\"@id\":\"https:\/\/vapingnet.de\/vape\/die-zukunft-des-dampfens-nexa-ultra-50k-mit-3d-display\/#primaryimage\",\"url\":\"https:\/\/vapingnet.de\/wp-content\/uploads\/2025\/03\/NEXA50K.png\",\"contentUrl\":\"https:\/\/vapingnet.de\/wp-content\/uploads\/2025\/03\/NEXA50K.png\",\"width\":1000,\"height\":1000,\"caption\":\"NEXA50K\"},{\"@type\":\"BreadcrumbList\",\"@id\":\"https:\/\/vapingnet.de\/vape\/die-zukunft-des-dampfens-nexa-ultra-50k-mit-3d-display\/#breadcrumb\",\"itemListElement\":[{\"@type\":\"ListItem\",\"position\":1,\"name\":\"Home\",\"item\":\"https:\/\/vapingnet.de\/\"},{\"@type\":\"ListItem\",\"position\":2,\"name\":\"Shop\",\"item\":\"https:\/\/vapingnet.de\/vape\/\"},{\"@type\":\"ListItem\",\"position\":3,\"name\":\"Die Zukunft des Dampfens NEXA Ultra 50K mit 3D-Display\"}]},{\"@type\":\"WebSite\",\"@id\":\"https:\/\/vapingnet.de\/#website\",\"url\":\"https:\/\/vapingnet.de\/\",\"name\":\"Vapingnet.de\",\"description\":\"\",\"publisher\":{\"@id\":\"https:\/\/vapingnet.de\/#organization\"},\"potentialAction\":[{\"@type\":\"SearchAction\",\"target\":{\"@type\":\"EntryPoint\",\"urlTemplate\":\"https:\/\/vapingnet.de\/?s={search_term_string}\"},\"query-input\":{\"@type\":\"PropertyValueSpecification\",\"valueRequired\":true,\"valueName\":\"search_term_string\"}}],\"inLanguage\":\"fr-FR\"},{\"@type\":\"Organization\",\"@id\":\"https:\/\/vapingnet.de\/#organization\",\"name\":\"Vapingnet.de\",\"url\":\"https:\/\/vapingnet.de\/\",\"logo\":{\"@type\":\"ImageObject\",\"inLanguage\":\"fr-FR\",\"@id\":\"https:\/\/vapingnet.de\/#\/schema\/logo\/image\/\",\"url\":\"https:\/\/vapingnet.de\/wp-content\/uploads\/2025\/03\/cropped-vapingnet.de_.jpg\",\"contentUrl\":\"https:\/\/vapingnet.de\/wp-content\/uploads\/2025\/03\/cropped-vapingnet.de_.jpg\",\"width\":512,\"height\":512,\"caption\":\"Vapingnet.de\"},\"image\":{\"@id\":\"https:\/\/vapingnet.de\/#\/schema\/logo\/image\/\"},\"sameAs\":[\"https:\/\/www.facebook.com\/vapingnetde\/\"]}]}<\/script>\n<!-- \/ Yoast SEO plugin. -->","yoast_head_json":{"title":"Die Zukunft des Dampfens NEXA Ultra 50K mit 3D-Display | Vapingnet.de","description":"Wir verkaufen Die Zukunft des Dampfens NEXA Ultra 50K mit 3D-Display , \u2713 Hohe Puffs-Zahl \u2713 Einfach zu verwenden \u2713 Vielseitige Aromen \u2713\u27a4 Jetzt kaufen!","robots":{"index":"index","follow":"follow","max-snippet":"max-snippet:-1","max-image-preview":"max-image-preview:large","max-video-preview":"max-video-preview:-1"},"canonical":"https:\/\/vapingnet.de\/fr\/vape\/die-zukunft-des-dampfens-nexa-ultra-50k-mit-3d-display\/","og_locale":"fr_FR","og_type":"article","og_title":"Die Zukunft des Dampfens NEXA Ultra 50K mit 3D-Display | Vapingnet.de","og_description":"Wir verkaufen Die Zukunft des Dampfens NEXA Ultra 50K mit 3D-Display , \u2713 Hohe Puffs-Zahl \u2713 Einfach zu verwenden \u2713 Vielseitige Aromen \u2713\u27a4 Jetzt kaufen!","og_url":"https:\/\/vapingnet.de\/fr\/vape\/die-zukunft-des-dampfens-nexa-ultra-50k-mit-3d-display\/","og_site_name":"Vapingnet.de","article_publisher":"https:\/\/www.facebook.com\/vapingnetde\/","article_modified_time":"2026-04-14T06:41:05+00:00","og_image":[{"width":1000,"height":1000,"url":"https:\/\/vapingnet.de\/wp-content\/uploads\/2025\/03\/NEXA50K.png","type":"image\/png"}],"twitter_card":"summary_large_image","twitter_misc":{"Dur\u00e9e de lecture estim\u00e9e":"2 minutes"},"schema":{"@context":"https:\/\/schema.org","@graph":[{"@type":"WebPage","@id":"https:\/\/vapingnet.de\/vape\/die-zukunft-des-dampfens-nexa-ultra-50k-mit-3d-display\/","url":"https:\/\/vapingnet.de\/vape\/die-zukunft-des-dampfens-nexa-ultra-50k-mit-3d-display\/","name":"Die Zukunft des Dampfens NEXA Ultra 50K mit 3D-Display | Vapingnet.de","isPartOf":{"@id":"https:\/\/vapingnet.de\/#website"},"primaryImageOfPage":{"@id":"https:\/\/vapingnet.de\/vape\/die-zukunft-des-dampfens-nexa-ultra-50k-mit-3d-display\/#primaryimage"},"image":{"@id":"https:\/\/vapingnet.de\/vape\/die-zukunft-des-dampfens-nexa-ultra-50k-mit-3d-display\/#primaryimage"},"thumbnailUrl":"https:\/\/vapingnet.de\/wp-content\/uploads\/2025\/03\/NEXA50K.png","datePublished":"2025-03-15T06:42:30+00:00","dateModified":"2026-04-14T06:41:05+00:00","description":"Wir verkaufen Die Zukunft des Dampfens NEXA Ultra 50K mit 3D-Display , \u2713 Hohe Puffs-Zahl \u2713 Einfach zu verwenden \u2713 Vielseitige Aromen \u2713\u27a4 Jetzt kaufen!","breadcrumb":{"@id":"https:\/\/vapingnet.de\/vape\/die-zukunft-des-dampfens-nexa-ultra-50k-mit-3d-display\/#breadcrumb"},"inLanguage":"fr-FR","potentialAction":[{"@type":"ReadAction","target":["https:\/\/vapingnet.de\/vape\/die-zukunft-des-dampfens-nexa-ultra-50k-mit-3d-display\/"]}]},{"@type":"ImageObject","inLanguage":"fr-FR","@id":"https:\/\/vapingnet.de\/vape\/die-zukunft-des-dampfens-nexa-ultra-50k-mit-3d-display\/#primaryimage","url":"https:\/\/vapingnet.de\/wp-content\/uploads\/2025\/03\/NEXA50K.png","contentUrl":"https:\/\/vapingnet.de\/wp-content\/uploads\/2025\/03\/NEXA50K.png","width":1000,"height":1000,"caption":"NEXA50K"},{"@type":"BreadcrumbList","@id":"https:\/\/vapingnet.de\/vape\/die-zukunft-des-dampfens-nexa-ultra-50k-mit-3d-display\/#breadcrumb","itemListElement":[{"@type":"ListItem","position":1,"name":"Home","item":"https:\/\/vapingnet.de\/"},{"@type":"ListItem","position":2,"name":"Shop","item":"https:\/\/vapingnet.de\/vape\/"},{"@type":"ListItem","position":3,"name":"Die Zukunft des Dampfens NEXA Ultra 50K mit 3D-Display"}]},{"@type":"WebSite","@id":"https:\/\/vapingnet.de\/#website","url":"https:\/\/vapingnet.de\/","name":"Vapingnet.de","description":"","publisher":{"@id":"https:\/\/vapingnet.de\/#organization"},"potentialAction":[{"@type":"SearchAction","target":{"@type":"EntryPoint","urlTemplate":"https:\/\/vapingnet.de\/?s={search_term_string}"},"query-input":{"@type":"PropertyValueSpecification","valueRequired":true,"valueName":"search_term_string"}}],"inLanguage":"fr-FR"},{"@type":"Organization","@id":"https:\/\/vapingnet.de\/#organization","name":"Vapingnet.de","url":"https:\/\/vapingnet.de\/","logo":{"@type":"ImageObject","inLanguage":"fr-FR","@id":"https:\/\/vapingnet.de\/#\/schema\/logo\/image\/","url":"https:\/\/vapingnet.de\/wp-content\/uploads\/2025\/03\/cropped-vapingnet.de_.jpg","contentUrl":"https:\/\/vapingnet.de\/wp-content\/uploads\/2025\/03\/cropped-vapingnet.de_.jpg","width":512,"height":512,"caption":"Vapingnet.de"},"image":{"@id":"https:\/\/vapingnet.de\/#\/schema\/logo\/image\/"},"sameAs":["https:\/\/www.facebook.com\/vapingnetde\/"]}]}},"tiered_pricing_type":"fixed","tiered_pricing_fixed_rules":[],"tiered_pricing_product_settings":{"layout":"default","base_unit_name":{"singular":null,"plural":null},"default_variation":null},"tiered_pricing_minimum_quantity":null,"tiered_pricing_roles_data":[],"tiered_pricing_percentage_rules":[],"_links":{"self":[{"href":"https:\/\/vapingnet.de\/fr\/wp-json\/wp\/v2\/product\/5400","targetHints":{"allow":["GET"]}}],"collection":[{"href":"https:\/\/vapingnet.de\/fr\/wp-json\/wp\/v2\/product"}],"about":[{"href":"https:\/\/vapingnet.de\/fr\/wp-json\/wp\/v2\/types\/product"}],"version-history":[{"count":1,"href":"https:\/\/vapingnet.de\/fr\/wp-json\/wp\/v2\/product\/5400\/revisions"}],"predecessor-version":[{"id":5432,"href":"https:\/\/vapingnet.de\/fr\/wp-json\/wp\/v2\/product\/5400\/revisions\/5432"}],"wp:featuredmedia":[{"embeddable":true,"href":"https:\/\/vapingnet.de\/fr\/wp-json\/wp\/v2\/media\/5431"}],"wp:attachment":[{"href":"https:\/\/vapingnet.de\/fr\/wp-json\/wp\/v2\/media?parent=5400"}],"wp:term":[{"taxonomy":"brand","embeddable":true,"href":"https:\/\/vapingnet.de\/fr\/wp-json\/wp\/v2\/etheme_brands?post=5400"},{"taxonomy":"product_brand","embeddable":true,"href":"https:\/\/vapingnet.de\/fr\/wp-json\/wp\/v2\/product_brand?post=5400"},{"taxonomy":"product_cat","embeddable":true,"href":"https:\/\/vapingnet.de\/fr\/wp-json\/wp\/v2\/product_cat?post=5400"},{"taxonomy":"product_tag","embeddable":true,"href":"https:\/\/vapingnet.de\/fr\/wp-json\/wp\/v2\/product_tag?post=5400"}],"curies":[{"name":"wp","href":"https:\/\/api.w.org\/{rel}","templated":true}]}}