{"id":5447,"date":"2025-12-12T08:14:35","date_gmt":"2025-12-12T08:14:35","guid":{"rendered":"https:\/\/vapingnet.de\/?post_type=product&#038;p=5447"},"modified":"2025-12-13T02:46:05","modified_gmt":"2025-12-13T02:46:05","slug":"exklusiv-guenstig-bang-20000puff-mint-direkt-vom-hersteller","status":"publish","type":"product","link":"https:\/\/vapingnet.de\/fr\/vape\/exklusiv-guenstig-bang-20000puff-mint-direkt-vom-hersteller\/","title":{"rendered":"Exclusif &amp; pas cher Bang 20000Puff Menthe directement du fabricant"},"content":{"rendered":"<h2 data-start=\"0\" data-end=\"74\">Bang 20000Puff Dual Mesh E-Cigarette \u2013 Une nouvelle exp\u00e9rience de vapotage pour vous<\/h2>\n<p data-start=\"76\" data-end=\"486\">La Bang 20000Puff Dual Mesh E-Cigarette utilise la technologie avanc\u00e9e de chauffage Dual-Mesh, offrant une exp\u00e9rience de vapotage douce et durable. Chaque inhalation est remplie de nuages intenses et de saveur exquise, pour r\u00e9pondre \u00e0 tous vos besoins en mati\u00e8re de cigarettes \u00e9lectroniques. Que vous soyez d\u00e9butant ou vapoteur exp\u00e9riment\u00e9, cette cigarette \u00e9lectronique vous offre une exp\u00e9rience parfaite.<\/p>\n<h4 data-start=\"488\" data-end=\"506\">Caract\u00e9ristiques principales :<\/h4>\n<ul data-start=\"508\" data-end=\"2106\">\n<li data-start=\"508\" data-end=\"850\">\n<p data-start=\"510\" data-end=\"850\">Dur\u00e9e de vie extr\u00eamement longue :<br data-start=\"539\" data-end=\"542\" \/>Avec une grande capacit\u00e9 de 28 ml de e-liquide, la Bang 20000Puff Dual Mesh E-Cigarette offre jusqu'\u00e0 <a href=\"https:\/\/vapingnet.de\/fr\/k\/vape-20000-zuege\/\" target=\"_blank\" rel=\"noopener\"><strong>20 000 bouff\u00e9es<\/strong><\/a>. Vous n'avez donc pas besoin de vous soucier constamment du remplissage. Chaque inhalation d\u00e9livre une saveur de menthe rafra\u00eechissante et reste longue, parfaite pour une utilisation \u00e0 long terme.<\/p>\n<\/li>\n<li data-start=\"852\" data-end=\"1174\">\n<p data-start=\"854\" data-end=\"1174\">Technologie de chauffage Dual-Mesh :<br data-start=\"884\" data-end=\"887\" \/>\u00c9quip\u00e9e d'une r\u00e9sistance Dual-Mesh de 1,1 Ohm, cette cigarette \u00e9lectronique assure une haute efficacit\u00e9 de chauffage, avec une vapeur fine et pleine de saveur. Le go\u00fbt devient plus intense et agr\u00e9able. Que vous pr\u00e9f\u00e9riez une saveur forte ou douce, la Bang E-Cigarette r\u00e9pond \u00e0 vos besoins.<\/p>\n<\/li>\n<li data-start=\"1176\" data-end=\"1432\">\n<p data-start=\"1178\" data-end=\"1432\">Batterie efficace et options de charge pratiques :<br data-start=\"1222\" data-end=\"1225\" \/>Avec une batterie de 650 mAh et un port de charge rapide Type-C, vous pouvez recharger rapidement la cigarette \u00e9lectronique et vous assurer qu'elle dispose toujours de suffisamment d'\u00e9nergie pour vous offrir une exp\u00e9rience compl\u00e8te \u00e0 tout moment.<\/p>\n<\/li>\n<li data-start=\"1434\" data-end=\"1720\">\n<p data-start=\"1436\" data-end=\"1720\">Diff\u00e9rentes concentrations de sels de nicotine :<br data-start=\"1481\" data-end=\"1484\" \/>Vous avez le choix entre les concentrations de nicotine sal\u00e9e 0%, 2%, 3% et 5%, selon vos pr\u00e9f\u00e9rences. Que vous souhaitiez r\u00e9duire votre apport en nicotine ou obtenir un go\u00fbt de tabac plus fort, la <a href=\"https:\/\/vapingnet.de\/fr\/Brands\/bang-king-vape\/\" target=\"_blank\" rel=\"noopener\"><strong>Bang Cigarette \u00e9lectronique<\/strong><\/a> vous propose l'option adapt\u00e9e.<\/p>\n<\/li>\n<li data-start=\"1722\" data-end=\"2106\">\n<p data-start=\"1724\" data-end=\"2106\">Design moderne avec \u00e9cran LED :<br data-start=\"1760\" data-end=\"1763\" \/>Cette cigarette \u00e9lectronique est \u00e9quip\u00e9e d'un \u00e9cran LED qui affiche en temps r\u00e9el le statut de la batterie. Vous avez ainsi une vue d'ensemble du niveau de charge \u00e0 tout moment et \u00e9vitez les d\u00e9sagr\u00e9ments d'une batterie vide. Son design \u00e9pur\u00e9 et moderne, ainsi que son poids l\u00e9ger de seulement 90g, rendent la cigarette \u00e9lectronique particuli\u00e8rement maniable et id\u00e9ale pour la mobilit\u00e9.<\/p>\n<\/li>\n<\/ul>\n<h4 data-start=\"2108\" data-end=\"2128\">Avantages du produit :<\/h4>\n<ul data-start=\"2130\" data-end=\"2542\">\n<li data-start=\"2130\" data-end=\"2341\">\n<p data-start=\"2132\" data-end=\"2341\">Sans douane :<br data-start=\"2145\" data-end=\"2148\" \/>En achetant la Bang 20000Puff Dual Mesh E-Cigarette sur notre site, vous n'avez pas \u00e0 vous soucier des frais de douane suppl\u00e9mentaires. Vos achats deviennent ainsi plus pratiques et \u00e9conomiques.<\/p>\n<\/li>\n<li data-start=\"2343\" data-end=\"2542\">\n<p data-start=\"2345\" data-end=\"2542\">Exp\u00e9dition rapide :<br data-start=\"2367\" data-end=\"2370\" \/>Nous proposons une livraison rapide par avion en 7-15 jours ouvrables, pour que vous receviez rapidement votre cigarette \u00e9lectronique et profitiez d'une exp\u00e9rience d'achat sans souci.<\/p>\n<\/li>\n<\/ul>\n<h3 data-start=\"2544\" data-end=\"2899\">Saveur de menthe parfaite et vapotage longue dur\u00e9e<\/h3>\n<p data-start=\"2544\" data-end=\"2899\">La Bang 20000Puff Dual Mesh E-Cigarette vous offre une exp\u00e9rience de vapotage incomparable gr\u00e2ce \u00e0 sa saveur de menthe unique et \u00e0 sa dur\u00e9e de vie exceptionnellement longue. Que ce soit lors d'une pause de travail anim\u00e9e ou d'un moment de d\u00e9tente, la Bang E-Cigarette procure une sensation rafra\u00eechissante.<\/p>\n<p data-start=\"2901\" data-end=\"3056\" data-is-last-node=\"\" data-is-only-node=\"\">Visitez maintenant <a href=\"https:\/\/vapingnet.de\/fr\/\" target=\"_blank\" rel=\"noopener\" data-start=\"2920\" data-end=\"2955\">vapingnet.de<\/a> et procurez-vous la Bang 20000Puff Dual Mesh E-Cigarette pour commencer votre nouvelle exp\u00e9rience de vapotage !<\/p>","protected":false},"excerpt":{"rendered":"<p>Bang 20000Puff Dual Mesh E-Zigarette \u2013 Ein neues Dampferlebnis f\u00fcr Sie Die Bang 20000Puff Dual Mesh E-Zigarette nutzt die fortschrittliche Dual-Mesh-Heiztechnologie, die ein sanftes und&#8230;<\/p>","protected":false},"featured_media":5448,"template":"","meta":[],"etheme_brands":[],"product_brand":[101],"product_cat":[54,49,61],"product_tag":[],"class_list":{"0":"post-5447","1":"product","2":"type-product","3":"status-publish","4":"has-post-thumbnail","6":"product_brand-bang-king-vape","7":"product_cat-vape-20000-zuege","8":"product_cat-einweg-e-zigarette","9":"product_cat-f","11":"first","12":"instock","13":"shipping-taxable","14":"purchasable","15":"product-type-simple"},"yoast_head":"<!-- This site is optimized with the Yoast SEO plugin v26.5 - https:\/\/yoast.com\/wordpress\/plugins\/seo\/ -->\n<title>Exklusiv &amp; g\u00fcnstig Bang 20000Puff Mint direkt vom Hersteller | Vapingnet.de<\/title>\n<meta name=\"description\" content=\"Wir verkaufen Exklusiv &amp; g\u00fcnstig Bang 20000Puff Mint direkt vom Hersteller , \u2713 Hohe Puffs-Zahl \u2713 Einfach zu verwenden \u2713 Vielseitige Aromen \u2713\u27a4 Jetzt kaufen!\" \/>\n<meta name=\"robots\" content=\"index, follow, max-snippet:-1, max-image-preview:large, max-video-preview:-1\" \/>\n<link rel=\"canonical\" href=\"https:\/\/vapingnet.de\/fr\/vape\/exklusiv-guenstig-bang-20000puff-mint-direkt-vom-hersteller\/\" \/>\n<meta property=\"og:locale\" content=\"fr_FR\" \/>\n<meta property=\"og:type\" content=\"article\" \/>\n<meta property=\"og:title\" content=\"Exklusiv &amp; g\u00fcnstig Bang 20000Puff Mint direkt vom Hersteller | Vapingnet.de\" \/>\n<meta property=\"og:description\" content=\"Wir verkaufen Exklusiv &amp; g\u00fcnstig Bang 20000Puff Mint direkt vom Hersteller , \u2713 Hohe Puffs-Zahl \u2713 Einfach zu verwenden \u2713 Vielseitige Aromen \u2713\u27a4 Jetzt kaufen!\" \/>\n<meta property=\"og:url\" content=\"https:\/\/vapingnet.de\/fr\/vape\/exklusiv-guenstig-bang-20000puff-mint-direkt-vom-hersteller\/\" \/>\n<meta property=\"og:site_name\" content=\"Vapingnet.de\" \/>\n<meta property=\"article:publisher\" content=\"https:\/\/www.facebook.com\/vapingnetde\/\" \/>\n<meta property=\"article:modified_time\" content=\"2025-12-13T02:46:05+00:00\" \/>\n<meta property=\"og:image\" content=\"https:\/\/vapingnet.de\/wp-content\/uploads\/2025\/03\/Mint.png\" \/>\n\t<meta property=\"og:image:width\" content=\"1000\" \/>\n\t<meta property=\"og:image:height\" content=\"1000\" \/>\n\t<meta property=\"og:image:type\" content=\"image\/png\" \/>\n<meta name=\"twitter:card\" content=\"summary_large_image\" \/>\n<meta name=\"twitter:label1\" content=\"Dur\u00e9e de lecture estim\u00e9e\" \/>\n\t<meta name=\"twitter:data1\" content=\"3 minutes\" \/>\n<script type=\"application\/ld+json\" class=\"yoast-schema-graph\">{\"@context\":\"https:\/\/schema.org\",\"@graph\":[{\"@type\":\"WebPage\",\"@id\":\"https:\/\/vapingnet.de\/vape\/exklusiv-guenstig-bang-20000puff-mint-direkt-vom-hersteller\/\",\"url\":\"https:\/\/vapingnet.de\/vape\/exklusiv-guenstig-bang-20000puff-mint-direkt-vom-hersteller\/\",\"name\":\"Exklusiv & g\u00fcnstig Bang 20000Puff Mint direkt vom Hersteller | Vapingnet.de\",\"isPartOf\":{\"@id\":\"https:\/\/vapingnet.de\/#website\"},\"primaryImageOfPage\":{\"@id\":\"https:\/\/vapingnet.de\/vape\/exklusiv-guenstig-bang-20000puff-mint-direkt-vom-hersteller\/#primaryimage\"},\"image\":{\"@id\":\"https:\/\/vapingnet.de\/vape\/exklusiv-guenstig-bang-20000puff-mint-direkt-vom-hersteller\/#primaryimage\"},\"thumbnailUrl\":\"https:\/\/vapingnet.de\/wp-content\/uploads\/2025\/03\/Mint.png\",\"datePublished\":\"2025-12-12T08:14:35+00:00\",\"dateModified\":\"2025-12-13T02:46:05+00:00\",\"description\":\"Wir verkaufen Exklusiv & g\u00fcnstig Bang 20000Puff Mint direkt vom Hersteller , \u2713 Hohe Puffs-Zahl \u2713 Einfach zu verwenden \u2713 Vielseitige Aromen \u2713\u27a4 Jetzt kaufen!\",\"breadcrumb\":{\"@id\":\"https:\/\/vapingnet.de\/vape\/exklusiv-guenstig-bang-20000puff-mint-direkt-vom-hersteller\/#breadcrumb\"},\"inLanguage\":\"fr-FR\",\"potentialAction\":[{\"@type\":\"ReadAction\",\"target\":[\"https:\/\/vapingnet.de\/vape\/exklusiv-guenstig-bang-20000puff-mint-direkt-vom-hersteller\/\"]}]},{\"@type\":\"ImageObject\",\"inLanguage\":\"fr-FR\",\"@id\":\"https:\/\/vapingnet.de\/vape\/exklusiv-guenstig-bang-20000puff-mint-direkt-vom-hersteller\/#primaryimage\",\"url\":\"https:\/\/vapingnet.de\/wp-content\/uploads\/2025\/03\/Mint.png\",\"contentUrl\":\"https:\/\/vapingnet.de\/wp-content\/uploads\/2025\/03\/Mint.png\",\"width\":1000,\"height\":1000,\"caption\":\"Mint\"},{\"@type\":\"BreadcrumbList\",\"@id\":\"https:\/\/vapingnet.de\/vape\/exklusiv-guenstig-bang-20000puff-mint-direkt-vom-hersteller\/#breadcrumb\",\"itemListElement\":[{\"@type\":\"ListItem\",\"position\":1,\"name\":\"Home\",\"item\":\"https:\/\/vapingnet.de\/\"},{\"@type\":\"ListItem\",\"position\":2,\"name\":\"Shop\",\"item\":\"https:\/\/vapingnet.de\/vape\/\"},{\"@type\":\"ListItem\",\"position\":3,\"name\":\"Exklusiv &#038; g\u00fcnstig Bang 20000Puff Mint direkt vom Hersteller\"}]},{\"@type\":\"WebSite\",\"@id\":\"https:\/\/vapingnet.de\/#website\",\"url\":\"https:\/\/vapingnet.de\/\",\"name\":\"Vapingnet.de\",\"description\":\"\",\"publisher\":{\"@id\":\"https:\/\/vapingnet.de\/#organization\"},\"potentialAction\":[{\"@type\":\"SearchAction\",\"target\":{\"@type\":\"EntryPoint\",\"urlTemplate\":\"https:\/\/vapingnet.de\/?s={search_term_string}\"},\"query-input\":{\"@type\":\"PropertyValueSpecification\",\"valueRequired\":true,\"valueName\":\"search_term_string\"}}],\"inLanguage\":\"fr-FR\"},{\"@type\":\"Organization\",\"@id\":\"https:\/\/vapingnet.de\/#organization\",\"name\":\"Vapingnet.de\",\"url\":\"https:\/\/vapingnet.de\/\",\"logo\":{\"@type\":\"ImageObject\",\"inLanguage\":\"fr-FR\",\"@id\":\"https:\/\/vapingnet.de\/#\/schema\/logo\/image\/\",\"url\":\"https:\/\/vapingnet.de\/wp-content\/uploads\/2025\/03\/cropped-vapingnet.de_.jpg\",\"contentUrl\":\"https:\/\/vapingnet.de\/wp-content\/uploads\/2025\/03\/cropped-vapingnet.de_.jpg\",\"width\":512,\"height\":512,\"caption\":\"Vapingnet.de\"},\"image\":{\"@id\":\"https:\/\/vapingnet.de\/#\/schema\/logo\/image\/\"},\"sameAs\":[\"https:\/\/www.facebook.com\/vapingnetde\/\"]}]}<\/script>\n<!-- \/ Yoast SEO plugin. -->","yoast_head_json":{"title":"Exklusiv & g\u00fcnstig Bang 20000Puff Mint direkt vom Hersteller | Vapingnet.de","description":"Wir verkaufen Exklusiv & g\u00fcnstig Bang 20000Puff Mint direkt vom Hersteller , \u2713 Hohe Puffs-Zahl \u2713 Einfach zu verwenden \u2713 Vielseitige Aromen \u2713\u27a4 Jetzt kaufen!","robots":{"index":"index","follow":"follow","max-snippet":"max-snippet:-1","max-image-preview":"max-image-preview:large","max-video-preview":"max-video-preview:-1"},"canonical":"https:\/\/vapingnet.de\/fr\/vape\/exklusiv-guenstig-bang-20000puff-mint-direkt-vom-hersteller\/","og_locale":"fr_FR","og_type":"article","og_title":"Exklusiv & g\u00fcnstig Bang 20000Puff Mint direkt vom Hersteller | Vapingnet.de","og_description":"Wir verkaufen Exklusiv & g\u00fcnstig Bang 20000Puff Mint direkt vom Hersteller , \u2713 Hohe Puffs-Zahl \u2713 Einfach zu verwenden \u2713 Vielseitige Aromen \u2713\u27a4 Jetzt kaufen!","og_url":"https:\/\/vapingnet.de\/fr\/vape\/exklusiv-guenstig-bang-20000puff-mint-direkt-vom-hersteller\/","og_site_name":"Vapingnet.de","article_publisher":"https:\/\/www.facebook.com\/vapingnetde\/","article_modified_time":"2025-12-13T02:46:05+00:00","og_image":[{"width":1000,"height":1000,"url":"https:\/\/vapingnet.de\/wp-content\/uploads\/2025\/03\/Mint.png","type":"image\/png"}],"twitter_card":"summary_large_image","twitter_misc":{"Dur\u00e9e de lecture estim\u00e9e":"3 minutes"},"schema":{"@context":"https:\/\/schema.org","@graph":[{"@type":"WebPage","@id":"https:\/\/vapingnet.de\/vape\/exklusiv-guenstig-bang-20000puff-mint-direkt-vom-hersteller\/","url":"https:\/\/vapingnet.de\/vape\/exklusiv-guenstig-bang-20000puff-mint-direkt-vom-hersteller\/","name":"Exklusiv & g\u00fcnstig Bang 20000Puff Mint direkt vom Hersteller | Vapingnet.de","isPartOf":{"@id":"https:\/\/vapingnet.de\/#website"},"primaryImageOfPage":{"@id":"https:\/\/vapingnet.de\/vape\/exklusiv-guenstig-bang-20000puff-mint-direkt-vom-hersteller\/#primaryimage"},"image":{"@id":"https:\/\/vapingnet.de\/vape\/exklusiv-guenstig-bang-20000puff-mint-direkt-vom-hersteller\/#primaryimage"},"thumbnailUrl":"https:\/\/vapingnet.de\/wp-content\/uploads\/2025\/03\/Mint.png","datePublished":"2025-12-12T08:14:35+00:00","dateModified":"2025-12-13T02:46:05+00:00","description":"Wir verkaufen Exklusiv & g\u00fcnstig Bang 20000Puff Mint direkt vom Hersteller , \u2713 Hohe Puffs-Zahl \u2713 Einfach zu verwenden \u2713 Vielseitige Aromen \u2713\u27a4 Jetzt kaufen!","breadcrumb":{"@id":"https:\/\/vapingnet.de\/vape\/exklusiv-guenstig-bang-20000puff-mint-direkt-vom-hersteller\/#breadcrumb"},"inLanguage":"fr-FR","potentialAction":[{"@type":"ReadAction","target":["https:\/\/vapingnet.de\/vape\/exklusiv-guenstig-bang-20000puff-mint-direkt-vom-hersteller\/"]}]},{"@type":"ImageObject","inLanguage":"fr-FR","@id":"https:\/\/vapingnet.de\/vape\/exklusiv-guenstig-bang-20000puff-mint-direkt-vom-hersteller\/#primaryimage","url":"https:\/\/vapingnet.de\/wp-content\/uploads\/2025\/03\/Mint.png","contentUrl":"https:\/\/vapingnet.de\/wp-content\/uploads\/2025\/03\/Mint.png","width":1000,"height":1000,"caption":"Mint"},{"@type":"BreadcrumbList","@id":"https:\/\/vapingnet.de\/vape\/exklusiv-guenstig-bang-20000puff-mint-direkt-vom-hersteller\/#breadcrumb","itemListElement":[{"@type":"ListItem","position":1,"name":"Home","item":"https:\/\/vapingnet.de\/"},{"@type":"ListItem","position":2,"name":"Shop","item":"https:\/\/vapingnet.de\/vape\/"},{"@type":"ListItem","position":3,"name":"Exklusiv &#038; g\u00fcnstig Bang 20000Puff Mint direkt vom Hersteller"}]},{"@type":"WebSite","@id":"https:\/\/vapingnet.de\/#website","url":"https:\/\/vapingnet.de\/","name":"Vapingnet.de","description":"","publisher":{"@id":"https:\/\/vapingnet.de\/#organization"},"potentialAction":[{"@type":"SearchAction","target":{"@type":"EntryPoint","urlTemplate":"https:\/\/vapingnet.de\/?s={search_term_string}"},"query-input":{"@type":"PropertyValueSpecification","valueRequired":true,"valueName":"search_term_string"}}],"inLanguage":"fr-FR"},{"@type":"Organization","@id":"https:\/\/vapingnet.de\/#organization","name":"Vapingnet.de","url":"https:\/\/vapingnet.de\/","logo":{"@type":"ImageObject","inLanguage":"fr-FR","@id":"https:\/\/vapingnet.de\/#\/schema\/logo\/image\/","url":"https:\/\/vapingnet.de\/wp-content\/uploads\/2025\/03\/cropped-vapingnet.de_.jpg","contentUrl":"https:\/\/vapingnet.de\/wp-content\/uploads\/2025\/03\/cropped-vapingnet.de_.jpg","width":512,"height":512,"caption":"Vapingnet.de"},"image":{"@id":"https:\/\/vapingnet.de\/#\/schema\/logo\/image\/"},"sameAs":["https:\/\/www.facebook.com\/vapingnetde\/"]}]}},"tiered_pricing_type":"fixed","tiered_pricing_fixed_rules":{"10":"8.92","60":"8.03","110":"7.14","200":"6.24"},"tiered_pricing_product_settings":{"layout":"default","base_unit_name":{"singular":null,"plural":null},"default_variation":null},"tiered_pricing_minimum_quantity":null,"tiered_pricing_roles_data":[],"tiered_pricing_percentage_rules":[],"_links":{"self":[{"href":"https:\/\/vapingnet.de\/fr\/wp-json\/wp\/v2\/product\/5447","targetHints":{"allow":["GET"]}}],"collection":[{"href":"https:\/\/vapingnet.de\/fr\/wp-json\/wp\/v2\/product"}],"about":[{"href":"https:\/\/vapingnet.de\/fr\/wp-json\/wp\/v2\/types\/product"}],"version-history":[{"count":2,"href":"https:\/\/vapingnet.de\/fr\/wp-json\/wp\/v2\/product\/5447\/revisions"}],"predecessor-version":[{"id":7316,"href":"https:\/\/vapingnet.de\/fr\/wp-json\/wp\/v2\/product\/5447\/revisions\/7316"}],"wp:featuredmedia":[{"embeddable":true,"href":"https:\/\/vapingnet.de\/fr\/wp-json\/wp\/v2\/media\/5448"}],"wp:attachment":[{"href":"https:\/\/vapingnet.de\/fr\/wp-json\/wp\/v2\/media?parent=5447"}],"wp:term":[{"taxonomy":"brand","embeddable":true,"href":"https:\/\/vapingnet.de\/fr\/wp-json\/wp\/v2\/etheme_brands?post=5447"},{"taxonomy":"product_brand","embeddable":true,"href":"https:\/\/vapingnet.de\/fr\/wp-json\/wp\/v2\/product_brand?post=5447"},{"taxonomy":"product_cat","embeddable":true,"href":"https:\/\/vapingnet.de\/fr\/wp-json\/wp\/v2\/product_cat?post=5447"},{"taxonomy":"product_tag","embeddable":true,"href":"https:\/\/vapingnet.de\/fr\/wp-json\/wp\/v2\/product_tag?post=5447"}],"curies":[{"name":"wp","href":"https:\/\/api.w.org\/{rel}","templated":true}]}}