{"id":5453,"date":"2025-03-15T08:42:36","date_gmt":"2025-03-15T08:42:36","guid":{"rendered":"https:\/\/vapingnet.de\/?post_type=product&#038;p=5453"},"modified":"2025-06-19T03:40:51","modified_gmt":"2025-06-19T03:40:51","slug":"bang-20000puff-blueberry-watermelon-top-qualitaet-fuer-langanhaltenden-genuss","status":"publish","type":"product","link":"https:\/\/vapingnet.de\/fr\/vape\/bang-20000puff-blueberry-watermelon-top-qualitaet-fuer-langanhaltenden-genuss\/","title":{"rendered":"Bang 20000Puff Blueberry Watermelon, qualit\u00e9 top pour un plaisir durable"},"content":{"rendered":"<p data-start=\"0\" data-end=\"122\"><strong data-start=\"0\" data-end=\"122\">Bang 20000Puff Dual Mesh E-Cigarette \u2013 Saveur Myrtille-Wass watermelon, la combinaison parfaite de fra\u00eecheur et de douceur<\/strong><\/p>\n<p data-start=\"124\" data-end=\"534\">Souhaitez-vous vivre une exp\u00e9rience de vapotage avec une cigarette \u00e9lectronique \u00e0 dur\u00e9e de vie extr\u00eamement longue ? La Bang 20000Puff Dual Mesh E-Cigarette vous offre une exp\u00e9rience de vapotage in\u00e9gal\u00e9e ! Avec la combinaison classique de myrtille et de past\u00e8que, chaque inhalation d\u00e9livre un go\u00fbt frais et sucr\u00e9 que vous allez adorer. Que vous soyez d\u00e9butant ou vapoteur exp\u00e9riment\u00e9, cette cigarette \u00e9lectronique r\u00e9pondra \u00e0 tous vos besoins.<\/p>\n<h3 data-start=\"536\" data-end=\"564\"><strong data-start=\"540\" data-end=\"564\">Caract\u00e9ristiques du produit<\/strong><\/h3>\n<ul data-start=\"566\" data-end=\"2182\">\n<li data-start=\"566\" data-end=\"946\">\n<p data-start=\"568\" data-end=\"946\"><strong data-start=\"568\" data-end=\"624\">Dur\u00e9e de vie extr\u00eamement longue \u2013 20 000 bouff\u00e9es de plaisir<\/strong><br data-start=\"624\" data-end=\"627\" \/>La Bang 20000Puff Dual Mesh E-Cigarette est \u00e9quip\u00e9e d\u2019un grand r\u00e9servoir de 28 ml de e-liquide, permettant jusqu\u2019\u00e0 20 000 bouff\u00e9es. Cela r\u00e9duit la n\u00e9cessit\u00e9 de remplir fr\u00e9quemment. Chaque inhalation offre le go\u00fbt fruit\u00e9 et frais de myrtille et de past\u00e8que \u2013 parfait pour une utilisation quotidienne et un plaisir durable.<\/p>\n<\/li>\n<li data-start=\"948\" data-end=\"1262\">\n<p data-start=\"950\" data-end=\"1262\"><strong data-start=\"950\" data-end=\"977\">R\u00e9sistance Dual-Mesh de 1,1 Ohm<\/strong><br data-start=\"977\" data-end=\"980\" \/>Avec la r\u00e9sistance Dual-Mesh avanc\u00e9e de 1,1 Ohm, le liquide est chauff\u00e9 efficacement et la vapeur devient plus fine et plus dense. Cette technologie garantit une exp\u00e9rience gustative plus intense, rendant votre vapotage encore meilleur. Chaque bouff\u00e9e est pleine de saveur et de satisfaction.<\/p>\n<\/li>\n<li data-start=\"1264\" data-end=\"1596\">\n<p data-start=\"1266\" data-end=\"1596\"><strong data-start=\"1266\" data-end=\"1310\">Diff\u00e9rentes concentrations de sels de nicotine<\/strong><br data-start=\"1310\" data-end=\"1313\" \/>La Bang 20000Puff Dual Mesh E-Cigarette propose quatre concentrations de sels de nicotine : 0%, 2%, 3% et 5%. Vous pouvez ainsi choisir la quantit\u00e9 de nicotine selon votre pr\u00e9f\u00e9rence. Que vous souhaitiez r\u00e9duire votre consommation de nicotine ou vivre une exp\u00e9rience de vapotage plus intense, vous trouverez ici votre choix id\u00e9al.<\/p>\n<\/li>\n<li data-start=\"1598\" data-end=\"1896\">\n<p data-start=\"1600\" data-end=\"1896\"><strong data-start=\"1600\" data-end=\"1641\">Batterie puissante et charge rapide Type-C<\/strong><br data-start=\"1641\" data-end=\"1644\" \/>\u00c9quip\u00e9e d\u2019une batterie de 650 mAh et d\u2019un port de charge rapide Type-C, cette cigarette \u00e9lectronique garantit une longue dur\u00e9e d\u2019utilisation et un temps de charge rapide. M\u00eame lors d\u2019une utilisation prolong\u00e9e, vous n\u2019avez pas \u00e0 vous soucier de la batterie, qui se recharge rapidement.<\/p>\n<\/li>\n<li data-start=\"1898\" data-end=\"2182\">\n<p data-start=\"1900\" data-end=\"2182\"><strong data-start=\"1900\" data-end=\"1933\">Design compact et \u00e9l\u00e9gant<\/strong><br data-start=\"1933\" data-end=\"1936\" \/>Pesant seulement 90 g, cette cigarette \u00e9lectronique est particuli\u00e8rement maniable et id\u00e9ale pour la mobilit\u00e9. Son design moderne et son \u00e9cran LED vous permettent de surveiller en permanence l\u2019\u00e9tat de la batterie, pour ne jamais vous retrouver \u00e0 court d\u2019\u00e9nergie.<\/p>\n<\/li>\n<\/ul>\n<h3 data-start=\"2184\" data-end=\"2246\"><strong data-start=\"2188\" data-end=\"2246\">Pourquoi choisir la Bang 20000Puff Dual Mesh E-Cigarette ?<\/strong><\/h3>\n<ul data-start=\"2248\" data-end=\"2719\">\n<li data-start=\"2248\" data-end=\"2493\">\n<p data-start=\"2250\" data-end=\"2493\"><strong data-start=\"2250\" data-end=\"2286\">Achats sans douane, sans stress<\/strong><br data-start=\"2286\" data-end=\"2289\" \/>En achetant la Bang 20000Puff Dual Mesh E-Cigarette sur notre site, vous b\u00e9n\u00e9ficiez de commandes sans douane et \u00e9conomisez des co\u00fbts suppl\u00e9mentaires. Une exp\u00e9rience d\u2019achat sans souci est garantie.<\/p>\n<\/li>\n<li data-start=\"2495\" data-end=\"2719\">\n<p data-start=\"2497\" data-end=\"2719\"><strong data-start=\"2497\" data-end=\"2544\">Exp\u00e9dition a\u00e9rienne rapide, livraison ponctuelle<\/strong><br data-start=\"2544\" data-end=\"2547\" \/>Nous proposons une exp\u00e9dition a\u00e9rienne rapide en 7-15 jours ouvrables, pour que vous receviez rapidement votre cigarette \u00e9lectronique et puissiez en profiter imm\u00e9diatement, sans attendre longtemps.<\/p>\n<\/li>\n<\/ul>\n<h3 data-start=\"2721\" data-end=\"2813\"><strong data-start=\"2725\" data-end=\"2811\">La combinaison parfaite de myrtille et de past\u00e8que \u2013 rafra\u00eechissante et d\u00e9licieuse<\/strong><\/h3>\n<p data-start=\"2814\" data-end=\"3106\">La Bang 20000Puff Dual Mesh E-Cigarette vous offre une toute nouvelle exp\u00e9rience gustative. La douceur de la myrtille combin\u00e9e \u00e0 la fra\u00eecheur de la past\u00e8que cr\u00e9e une exp\u00e9rience de vapotage fruit\u00e9e et rafra\u00eechissante qui vous transporte en \u00e9t\u00e9. Chaque inhalation est un plaisir rafra\u00eechissant.<\/p>\n<h3 data-start=\"3108\" data-end=\"3180\"><strong data-start=\"3112\" data-end=\"3178\">Achetez maintenant et d\u00e9couvrez la saveur myrtille-past\u00e8que !<\/strong><\/h3>\n<p data-start=\"3181\" data-end=\"3435\" data-is-last-node=\"\" data-is-only-node=\"\">Visitez maintenant <a href=\"https:\/\/vapingnet.de\/fr\/\" target=\"_blank\" rel=\"noopener\" data-start=\"3200\" data-end=\"3235\">vapingnet.de<\/a> et achetez la Bang 20000Puff Dual Mesh E-Cigarette pour commencer votre voyage de vapotage ! Profitez de la saveur unique de myrtille-past\u00e8que et vivez une exp\u00e9rience de vapotage ultime !<\/p>","protected":false},"excerpt":{"rendered":"<p>Bang 20000Puff Dual Mesh E-Zigarette \u2013 Blaubeere-Wassermelone-Geschmack, die perfekte Kombination aus Frische und S\u00fc\u00dfe M\u00f6chten Sie eine E-Zigarette mit einer extrem langen Lebensdauer erleben? Die&#8230;<\/p>","protected":false},"featured_media":5454,"template":"","meta":[],"etheme_brands":[],"product_brand":[101],"product_cat":[54,49,61],"product_tag":[],"class_list":{"0":"post-5453","1":"product","2":"type-product","3":"status-publish","4":"has-post-thumbnail","6":"product_brand-bang-king-vape","7":"product_cat-vape-20000-zuege","8":"product_cat-einweg-e-zigarette","9":"product_cat-f","11":"first","12":"instock","13":"shipping-taxable","14":"purchasable","15":"product-type-simple"},"yoast_head":"<!-- This site is optimized with the Yoast SEO plugin v26.5 - https:\/\/yoast.com\/wordpress\/plugins\/seo\/ -->\n<title>Bang 20000Puff Blueberry Watermelon Geschmack vapingnet.de<\/title>\n<meta name=\"description\" content=\"Erlebe den intensiven Geschmack des Bang 20000Puff mit Blueberry Watermelon. Perfekte Wahl f\u00fcr langanhaltenden Genuss! Jetzt auf vapingnet.de.\" \/>\n<meta name=\"robots\" content=\"index, follow, max-snippet:-1, max-image-preview:large, max-video-preview:-1\" \/>\n<link rel=\"canonical\" href=\"https:\/\/vapingnet.de\/fr\/vape\/bang-20000puff-blueberry-watermelon-top-qualitaet-fuer-langanhaltenden-genuss\/\" \/>\n<meta property=\"og:locale\" content=\"fr_FR\" \/>\n<meta property=\"og:type\" content=\"article\" \/>\n<meta property=\"og:title\" content=\"Bang 20000Puff Blueberry Watermelon Geschmack vapingnet.de\" \/>\n<meta property=\"og:description\" content=\"Erlebe den intensiven Geschmack des Bang 20000Puff mit Blueberry Watermelon. Perfekte Wahl f\u00fcr langanhaltenden Genuss! Jetzt auf vapingnet.de.\" \/>\n<meta property=\"og:url\" content=\"https:\/\/vapingnet.de\/fr\/vape\/bang-20000puff-blueberry-watermelon-top-qualitaet-fuer-langanhaltenden-genuss\/\" \/>\n<meta property=\"og:site_name\" content=\"Vapingnet.de\" \/>\n<meta property=\"article:publisher\" content=\"https:\/\/www.facebook.com\/vapingnetde\/\" \/>\n<meta property=\"article:modified_time\" content=\"2025-06-19T03:40:51+00:00\" \/>\n<meta property=\"og:image\" content=\"https:\/\/vapingnet.de\/wp-content\/uploads\/2025\/03\/Blueberry-Watermelon.png\" \/>\n\t<meta property=\"og:image:width\" content=\"1000\" \/>\n\t<meta property=\"og:image:height\" content=\"1000\" \/>\n\t<meta property=\"og:image:type\" content=\"image\/png\" \/>\n<meta name=\"twitter:card\" content=\"summary_large_image\" \/>\n<meta name=\"twitter:label1\" content=\"Dur\u00e9e de lecture estim\u00e9e\" \/>\n\t<meta name=\"twitter:data1\" content=\"3 minutes\" \/>\n<script type=\"application\/ld+json\" class=\"yoast-schema-graph\">{\"@context\":\"https:\/\/schema.org\",\"@graph\":[{\"@type\":\"WebPage\",\"@id\":\"https:\/\/vapingnet.de\/vape\/bang-20000puff-blueberry-watermelon-top-qualitaet-fuer-langanhaltenden-genuss\/\",\"url\":\"https:\/\/vapingnet.de\/vape\/bang-20000puff-blueberry-watermelon-top-qualitaet-fuer-langanhaltenden-genuss\/\",\"name\":\"Bang 20000Puff Blueberry Watermelon Geschmack vapingnet.de\",\"isPartOf\":{\"@id\":\"https:\/\/vapingnet.de\/#website\"},\"primaryImageOfPage\":{\"@id\":\"https:\/\/vapingnet.de\/vape\/bang-20000puff-blueberry-watermelon-top-qualitaet-fuer-langanhaltenden-genuss\/#primaryimage\"},\"image\":{\"@id\":\"https:\/\/vapingnet.de\/vape\/bang-20000puff-blueberry-watermelon-top-qualitaet-fuer-langanhaltenden-genuss\/#primaryimage\"},\"thumbnailUrl\":\"https:\/\/vapingnet.de\/wp-content\/uploads\/2025\/03\/Blueberry-Watermelon.png\",\"datePublished\":\"2025-03-15T08:42:36+00:00\",\"dateModified\":\"2025-06-19T03:40:51+00:00\",\"description\":\"Erlebe den intensiven Geschmack des Bang 20000Puff mit Blueberry Watermelon. Perfekte Wahl f\u00fcr langanhaltenden Genuss! Jetzt auf vapingnet.de.\",\"breadcrumb\":{\"@id\":\"https:\/\/vapingnet.de\/vape\/bang-20000puff-blueberry-watermelon-top-qualitaet-fuer-langanhaltenden-genuss\/#breadcrumb\"},\"inLanguage\":\"fr-FR\",\"potentialAction\":[{\"@type\":\"ReadAction\",\"target\":[\"https:\/\/vapingnet.de\/vape\/bang-20000puff-blueberry-watermelon-top-qualitaet-fuer-langanhaltenden-genuss\/\"]}]},{\"@type\":\"ImageObject\",\"inLanguage\":\"fr-FR\",\"@id\":\"https:\/\/vapingnet.de\/vape\/bang-20000puff-blueberry-watermelon-top-qualitaet-fuer-langanhaltenden-genuss\/#primaryimage\",\"url\":\"https:\/\/vapingnet.de\/wp-content\/uploads\/2025\/03\/Blueberry-Watermelon.png\",\"contentUrl\":\"https:\/\/vapingnet.de\/wp-content\/uploads\/2025\/03\/Blueberry-Watermelon.png\",\"width\":1000,\"height\":1000,\"caption\":\"Blueberry Watermelon\"},{\"@type\":\"BreadcrumbList\",\"@id\":\"https:\/\/vapingnet.de\/vape\/bang-20000puff-blueberry-watermelon-top-qualitaet-fuer-langanhaltenden-genuss\/#breadcrumb\",\"itemListElement\":[{\"@type\":\"ListItem\",\"position\":1,\"name\":\"Home\",\"item\":\"https:\/\/vapingnet.de\/\"},{\"@type\":\"ListItem\",\"position\":2,\"name\":\"Shop\",\"item\":\"https:\/\/vapingnet.de\/vape\/\"},{\"@type\":\"ListItem\",\"position\":3,\"name\":\"Bang 20000Puff Blueberry Watermelon Top-Qualit\u00e4t f\u00fcr langanhaltenden Genuss\"}]},{\"@type\":\"WebSite\",\"@id\":\"https:\/\/vapingnet.de\/#website\",\"url\":\"https:\/\/vapingnet.de\/\",\"name\":\"Vapingnet.de\",\"description\":\"\",\"publisher\":{\"@id\":\"https:\/\/vapingnet.de\/#organization\"},\"potentialAction\":[{\"@type\":\"SearchAction\",\"target\":{\"@type\":\"EntryPoint\",\"urlTemplate\":\"https:\/\/vapingnet.de\/?s={search_term_string}\"},\"query-input\":{\"@type\":\"PropertyValueSpecification\",\"valueRequired\":true,\"valueName\":\"search_term_string\"}}],\"inLanguage\":\"fr-FR\"},{\"@type\":\"Organization\",\"@id\":\"https:\/\/vapingnet.de\/#organization\",\"name\":\"Vapingnet.de\",\"url\":\"https:\/\/vapingnet.de\/\",\"logo\":{\"@type\":\"ImageObject\",\"inLanguage\":\"fr-FR\",\"@id\":\"https:\/\/vapingnet.de\/#\/schema\/logo\/image\/\",\"url\":\"https:\/\/vapingnet.de\/wp-content\/uploads\/2025\/03\/cropped-vapingnet.de_.jpg\",\"contentUrl\":\"https:\/\/vapingnet.de\/wp-content\/uploads\/2025\/03\/cropped-vapingnet.de_.jpg\",\"width\":512,\"height\":512,\"caption\":\"Vapingnet.de\"},\"image\":{\"@id\":\"https:\/\/vapingnet.de\/#\/schema\/logo\/image\/\"},\"sameAs\":[\"https:\/\/www.facebook.com\/vapingnetde\/\"]}]}<\/script>\n<!-- \/ Yoast SEO plugin. -->","yoast_head_json":{"title":"Bang 20000Puff Blueberry Watermelon Geschmack vapingnet.de","description":"Erlebe den intensiven Geschmack des Bang 20000Puff mit Blueberry Watermelon. Perfekte Wahl f\u00fcr langanhaltenden Genuss! Jetzt auf vapingnet.de.","robots":{"index":"index","follow":"follow","max-snippet":"max-snippet:-1","max-image-preview":"max-image-preview:large","max-video-preview":"max-video-preview:-1"},"canonical":"https:\/\/vapingnet.de\/fr\/vape\/bang-20000puff-blueberry-watermelon-top-qualitaet-fuer-langanhaltenden-genuss\/","og_locale":"fr_FR","og_type":"article","og_title":"Bang 20000Puff Blueberry Watermelon Geschmack vapingnet.de","og_description":"Erlebe den intensiven Geschmack des Bang 20000Puff mit Blueberry Watermelon. Perfekte Wahl f\u00fcr langanhaltenden Genuss! Jetzt auf vapingnet.de.","og_url":"https:\/\/vapingnet.de\/fr\/vape\/bang-20000puff-blueberry-watermelon-top-qualitaet-fuer-langanhaltenden-genuss\/","og_site_name":"Vapingnet.de","article_publisher":"https:\/\/www.facebook.com\/vapingnetde\/","article_modified_time":"2025-06-19T03:40:51+00:00","og_image":[{"width":1000,"height":1000,"url":"https:\/\/vapingnet.de\/wp-content\/uploads\/2025\/03\/Blueberry-Watermelon.png","type":"image\/png"}],"twitter_card":"summary_large_image","twitter_misc":{"Dur\u00e9e de lecture estim\u00e9e":"3 minutes"},"schema":{"@context":"https:\/\/schema.org","@graph":[{"@type":"WebPage","@id":"https:\/\/vapingnet.de\/vape\/bang-20000puff-blueberry-watermelon-top-qualitaet-fuer-langanhaltenden-genuss\/","url":"https:\/\/vapingnet.de\/vape\/bang-20000puff-blueberry-watermelon-top-qualitaet-fuer-langanhaltenden-genuss\/","name":"Bang 20000Puff Blueberry Watermelon Geschmack vapingnet.de","isPartOf":{"@id":"https:\/\/vapingnet.de\/#website"},"primaryImageOfPage":{"@id":"https:\/\/vapingnet.de\/vape\/bang-20000puff-blueberry-watermelon-top-qualitaet-fuer-langanhaltenden-genuss\/#primaryimage"},"image":{"@id":"https:\/\/vapingnet.de\/vape\/bang-20000puff-blueberry-watermelon-top-qualitaet-fuer-langanhaltenden-genuss\/#primaryimage"},"thumbnailUrl":"https:\/\/vapingnet.de\/wp-content\/uploads\/2025\/03\/Blueberry-Watermelon.png","datePublished":"2025-03-15T08:42:36+00:00","dateModified":"2025-06-19T03:40:51+00:00","description":"Erlebe den intensiven Geschmack des Bang 20000Puff mit Blueberry Watermelon. Perfekte Wahl f\u00fcr langanhaltenden Genuss! Jetzt auf vapingnet.de.","breadcrumb":{"@id":"https:\/\/vapingnet.de\/vape\/bang-20000puff-blueberry-watermelon-top-qualitaet-fuer-langanhaltenden-genuss\/#breadcrumb"},"inLanguage":"fr-FR","potentialAction":[{"@type":"ReadAction","target":["https:\/\/vapingnet.de\/vape\/bang-20000puff-blueberry-watermelon-top-qualitaet-fuer-langanhaltenden-genuss\/"]}]},{"@type":"ImageObject","inLanguage":"fr-FR","@id":"https:\/\/vapingnet.de\/vape\/bang-20000puff-blueberry-watermelon-top-qualitaet-fuer-langanhaltenden-genuss\/#primaryimage","url":"https:\/\/vapingnet.de\/wp-content\/uploads\/2025\/03\/Blueberry-Watermelon.png","contentUrl":"https:\/\/vapingnet.de\/wp-content\/uploads\/2025\/03\/Blueberry-Watermelon.png","width":1000,"height":1000,"caption":"Blueberry Watermelon"},{"@type":"BreadcrumbList","@id":"https:\/\/vapingnet.de\/vape\/bang-20000puff-blueberry-watermelon-top-qualitaet-fuer-langanhaltenden-genuss\/#breadcrumb","itemListElement":[{"@type":"ListItem","position":1,"name":"Home","item":"https:\/\/vapingnet.de\/"},{"@type":"ListItem","position":2,"name":"Shop","item":"https:\/\/vapingnet.de\/vape\/"},{"@type":"ListItem","position":3,"name":"Bang 20000Puff Blueberry Watermelon Top-Qualit\u00e4t f\u00fcr langanhaltenden Genuss"}]},{"@type":"WebSite","@id":"https:\/\/vapingnet.de\/#website","url":"https:\/\/vapingnet.de\/","name":"Vapingnet.de","description":"","publisher":{"@id":"https:\/\/vapingnet.de\/#organization"},"potentialAction":[{"@type":"SearchAction","target":{"@type":"EntryPoint","urlTemplate":"https:\/\/vapingnet.de\/?s={search_term_string}"},"query-input":{"@type":"PropertyValueSpecification","valueRequired":true,"valueName":"search_term_string"}}],"inLanguage":"fr-FR"},{"@type":"Organization","@id":"https:\/\/vapingnet.de\/#organization","name":"Vapingnet.de","url":"https:\/\/vapingnet.de\/","logo":{"@type":"ImageObject","inLanguage":"fr-FR","@id":"https:\/\/vapingnet.de\/#\/schema\/logo\/image\/","url":"https:\/\/vapingnet.de\/wp-content\/uploads\/2025\/03\/cropped-vapingnet.de_.jpg","contentUrl":"https:\/\/vapingnet.de\/wp-content\/uploads\/2025\/03\/cropped-vapingnet.de_.jpg","width":512,"height":512,"caption":"Vapingnet.de"},"image":{"@id":"https:\/\/vapingnet.de\/#\/schema\/logo\/image\/"},"sameAs":["https:\/\/www.facebook.com\/vapingnetde\/"]}]}},"tiered_pricing_type":"fixed","tiered_pricing_fixed_rules":{"10":"8.92","60":"8.03","110":"7.14","200":"6.24"},"tiered_pricing_product_settings":{"layout":"default","base_unit_name":{"singular":null,"plural":null},"default_variation":null},"tiered_pricing_minimum_quantity":null,"tiered_pricing_roles_data":[],"tiered_pricing_percentage_rules":[],"_links":{"self":[{"href":"https:\/\/vapingnet.de\/fr\/wp-json\/wp\/v2\/product\/5453","targetHints":{"allow":["GET"]}}],"collection":[{"href":"https:\/\/vapingnet.de\/fr\/wp-json\/wp\/v2\/product"}],"about":[{"href":"https:\/\/vapingnet.de\/fr\/wp-json\/wp\/v2\/types\/product"}],"version-history":[{"count":1,"href":"https:\/\/vapingnet.de\/fr\/wp-json\/wp\/v2\/product\/5453\/revisions"}],"predecessor-version":[{"id":5455,"href":"https:\/\/vapingnet.de\/fr\/wp-json\/wp\/v2\/product\/5453\/revisions\/5455"}],"wp:featuredmedia":[{"embeddable":true,"href":"https:\/\/vapingnet.de\/fr\/wp-json\/wp\/v2\/media\/5454"}],"wp:attachment":[{"href":"https:\/\/vapingnet.de\/fr\/wp-json\/wp\/v2\/media?parent=5453"}],"wp:term":[{"taxonomy":"brand","embeddable":true,"href":"https:\/\/vapingnet.de\/fr\/wp-json\/wp\/v2\/etheme_brands?post=5453"},{"taxonomy":"product_brand","embeddable":true,"href":"https:\/\/vapingnet.de\/fr\/wp-json\/wp\/v2\/product_brand?post=5453"},{"taxonomy":"product_cat","embeddable":true,"href":"https:\/\/vapingnet.de\/fr\/wp-json\/wp\/v2\/product_cat?post=5453"},{"taxonomy":"product_tag","embeddable":true,"href":"https:\/\/vapingnet.de\/fr\/wp-json\/wp\/v2\/product_tag?post=5453"}],"curies":[{"name":"wp","href":"https:\/\/api.w.org\/{rel}","templated":true}]}}