{"id":5462,"date":"2025-03-15T09:11:03","date_gmt":"2025-03-15T09:11:03","guid":{"rendered":"https:\/\/vapingnet.de\/?post_type=product&#038;p=5462"},"modified":"2025-06-19T03:40:50","modified_gmt":"2025-06-19T03:40:50","slug":"red-bull-bang-20000puff-langanhaltender-genuss-premium-qualitaet-garantiert","status":"publish","type":"product","link":"https:\/\/vapingnet.de\/fr\/vape\/red-bull-bang-20000puff-langanhaltender-genuss-premium-qualitaet-garantiert\/","title":{"rendered":"Red Bull Bang 20000Puff, plaisir durable, qualit\u00e9 premium garantie"},"content":{"rendered":"<h2 data-start=\"0\" data-end=\"106\">Bang 20000Puff Dual Mesh E-Cigarette \u2013 Saveur Red Bull, profitez d'une exp\u00e9rience \u00e9nergisante<\/h2>\n<p data-start=\"108\" data-end=\"480\">La Bang 20000Puff Dual Mesh E-Cigarette avec son design exceptionnel et sa saveur Red Bull excitante offre une exp\u00e9rience de vapotage unique. Si vous recherchez une exp\u00e9rience longue et intense, cette cigarette \u00e9lectronique est faite pour vous. Du design \u00e0 chaque inhalation, elle vous offre une exp\u00e9rience de vapotage totalement nouvelle et passionnante.<\/p>\n<h4 data-start=\"482\" data-end=\"505\">Caract\u00e9ristiques du produit<\/h4>\n<p data-start=\"507\" data-end=\"861\"><strong data-start=\"507\" data-end=\"551\">Vapotage \u00e0 long terme, jusqu'\u00e0 20000 bouff\u00e9es<\/strong><br data-start=\"551\" data-end=\"554\" \/>Avec une capacit\u00e9 de e-liquide de 28 ml, la Bang 20000Puff Dual Mesh E-Cigarette offre jusqu'\u00e0 <a href=\"https:\/\/vapingnet.de\/fr\/k\/vape-20000-zuege\/\" target=\"_blank\" rel=\"noopener\"><strong>20000 bouff\u00e9es<\/strong><\/a>. Vous n'avez pas \u00e0 vous soucier de remplir fr\u00e9quemment ou de changer d'appareil. Un plaisir durable est garanti, vous permettant de profiter pleinement de chaque seconde de votre exp\u00e9rience de vapotage.<\/p>\n<p data-start=\"863\" data-end=\"1283\"><strong data-start=\"863\" data-end=\"926\">Syst\u00e8me de chauffage \u00e0 double mesh innovant pour un go\u00fbt plus intense<\/strong><br data-start=\"926\" data-end=\"929\" \/>\u00c9quip\u00e9e d'un syst\u00e8me de chauffage \u00e0 double mesh de 1,1 ohm, cette cigarette \u00e9lectronique assure un chauffage rapide et uniforme du liquide. Cela conduit \u00e0 une vapeur douce et fine avec un ar\u00f4me Red Bull intense et savoureux \u00e0 chaque inhalation. La technologie de chauffage met en valeur le go\u00fbt et garantit une exp\u00e9rience de vapotage constante et de haute qualit\u00e9.<\/p>\n<p data-start=\"1285\" data-end=\"1568\"><strong data-start=\"1285\" data-end=\"1325\">Quatre niveaux de nicotine pour tous les besoins<\/strong><br data-start=\"1325\" data-end=\"1328\" \/>La Bang 20000Puff Dual Mesh E-Cigarette propose quatre niveaux de nicotine diff\u00e9rents : 0%, 2%, 3% et 5%. Que vous souhaitiez une exp\u00e9rience douce ou plus forte, vous pouvez choisir le niveau de nicotine selon votre go\u00fbt personnel.<\/p>\n<p data-start=\"1570\" data-end=\"1827\"><strong data-start=\"1570\" data-end=\"1614\">Batterie de 650mAh avec charge rapide Type-C<\/strong><br data-start=\"1614\" data-end=\"1617\" \/>La batterie de 650mAh assure une longue utilisation et permet une recharge rapide gr\u00e2ce \u00e0 l'interface Type-C. Vous pouvez ainsi vapoter rapidement \u00e0 tout moment, sans attendre de longues p\u00e9riodes de charge.<\/p>\n<p data-start=\"1829\" data-end=\"2050\"><strong data-start=\"1829\" data-end=\"1851\">L\u00e9g\u00e8re et portable<\/strong><br data-start=\"1851\" data-end=\"1854\" \/>Pesant seulement 90 g, cette cigarette \u00e9lectronique est incroyablement l\u00e9g\u00e8re et facile \u00e0 transporter. Que ce soit \u00e0 la maison ou en d\u00e9placement, elle se range facilement dans une poche et peut \u00eatre utilis\u00e9e \u00e0 tout moment.<\/p>\n<h4 data-start=\"2052\" data-end=\"2078\">Avantages lors de l'achat<\/h4>\n<ul data-start=\"2080\" data-end=\"2439\">\n<li data-start=\"2080\" data-end=\"2230\"><strong data-start=\"2082\" data-end=\"2094\">Douane gratuite<\/strong>: Lors de l'achat sur vapingnet.fr, aucune<a href=\"https:\/\/vapingnet.de\/fr\/k\/f\/\" target=\"_blank\" rel=\"noopener\"><strong> frais de douane<\/strong><\/a> frais ne sont appliqu\u00e9s, ce qui rend le processus d'achat simple et transparent.<\/li>\n<li data-start=\"2231\" data-end=\"2439\"><strong data-start=\"2233\" data-end=\"2285\">Exp\u00e9dition a\u00e9rienne rapide, livraison en 7-15 jours ouvrables<\/strong>: Nous garantissons une livraison rapide en 7-15 jours ouvrables, pour que vous receviez votre produit rapidement et puissiez commencer \u00e0 vapoter imm\u00e9diatement.<\/li>\n<\/ul>\n<h3>Saveur Red Bull pour \u00e9nergie et fra\u00eecheur<\/h3>\n<p data-start=\"2494\" data-end=\"2849\">La saveur Red Bull de la Bang 20000Puff Dual Mesh E-Cigarette offre une exp\u00e9rience de vapotage rafra\u00eechissante et \u00e9nergisante. Le go\u00fbt rappelle la boisson \u00e9nergisante bien connue et vous procure une sensation ultime de fra\u00eecheur et de vitalit\u00e9. Chaque inhalation vous met en pleine forme et vous permet de ressentir toute l'\u00e9nergie du go\u00fbt Red Bull.<\/p>\n<h4 data-start=\"2851\" data-end=\"2894\">Achetez maintenant et vivez l'exp\u00e9rience Red Bull<\/h4>\n<p data-start=\"2895\" data-end=\"3131\" data-is-last-node=\"\" data-is-only-node=\"\">Visitez <a href=\"https:\/\/vapingnet.de\/fr\/\" target=\"_new\" rel=\"noopener\" data-start=\"2908\" data-end=\"2944\">vapingnet.de<\/a>, pour acheter la Bang 20000Puff Dual Mesh E-Cigarette et profiter de la saveur rafra\u00eechissante Red Bull. Procurez-vous d\u00e8s aujourd'hui votre cigarette \u00e9lectronique et vivez toute l'\u00e9nergie!<\/p>","protected":false},"excerpt":{"rendered":"<p>Bang 20000Puff Dual Mesh E-Zigarette \u2013 Red Bull Geschmack, genie\u00dfen Sie eine energiegeladene Erfahrung Die Bang 20000Puff Dual Mesh E-Zigarette mit ihrem au\u00dfergew\u00f6hnlichen Design und&#8230;<\/p>","protected":false},"featured_media":5463,"template":"","meta":[],"etheme_brands":[],"product_brand":[101],"product_cat":[54,49,61],"product_tag":[],"class_list":{"0":"post-5462","1":"product","2":"type-product","3":"status-publish","4":"has-post-thumbnail","6":"product_brand-bang-king-vape","7":"product_cat-vape-20000-zuege","8":"product_cat-einweg-e-zigarette","9":"product_cat-f","11":"first","12":"instock","13":"shipping-taxable","14":"purchasable","15":"product-type-simple"},"yoast_head":"<!-- This site is optimized with the Yoast SEO plugin v26.5 - https:\/\/yoast.com\/wordpress\/plugins\/seo\/ -->\n<title>Entdecke Bang 20000Puff Red Bull Geschmack auf vapingnet.de<\/title>\n<meta name=\"description\" content=\"Erlebe den erfrischenden Red Bull Geschmack des Bang 20000Puff. Langanhaltender Genuss, jetzt auf vapingnet.de erh\u00e4ltlich!\" \/>\n<meta name=\"robots\" content=\"index, follow, max-snippet:-1, max-image-preview:large, max-video-preview:-1\" \/>\n<link rel=\"canonical\" href=\"https:\/\/vapingnet.de\/fr\/vape\/red-bull-bang-20000puff-langanhaltender-genuss-premium-qualitaet-garantiert\/\" \/>\n<meta property=\"og:locale\" content=\"fr_FR\" \/>\n<meta property=\"og:type\" content=\"article\" \/>\n<meta property=\"og:title\" content=\"Entdecke Bang 20000Puff Red Bull Geschmack auf vapingnet.de\" \/>\n<meta property=\"og:description\" content=\"Erlebe den erfrischenden Red Bull Geschmack des Bang 20000Puff. Langanhaltender Genuss, jetzt auf vapingnet.de erh\u00e4ltlich!\" \/>\n<meta property=\"og:url\" content=\"https:\/\/vapingnet.de\/fr\/vape\/red-bull-bang-20000puff-langanhaltender-genuss-premium-qualitaet-garantiert\/\" \/>\n<meta property=\"og:site_name\" content=\"Vapingnet.de\" \/>\n<meta property=\"article:publisher\" content=\"https:\/\/www.facebook.com\/vapingnetde\/\" \/>\n<meta property=\"article:modified_time\" content=\"2025-06-19T03:40:50+00:00\" \/>\n<meta property=\"og:image\" content=\"https:\/\/vapingnet.de\/wp-content\/uploads\/2025\/03\/Red-Bull.png\" \/>\n\t<meta property=\"og:image:width\" content=\"1000\" \/>\n\t<meta property=\"og:image:height\" content=\"1000\" \/>\n\t<meta property=\"og:image:type\" content=\"image\/png\" \/>\n<meta name=\"twitter:card\" content=\"summary_large_image\" \/>\n<meta name=\"twitter:label1\" content=\"Dur\u00e9e de lecture estim\u00e9e\" \/>\n\t<meta name=\"twitter:data1\" content=\"3 minutes\" \/>\n<script type=\"application\/ld+json\" class=\"yoast-schema-graph\">{\"@context\":\"https:\/\/schema.org\",\"@graph\":[{\"@type\":\"WebPage\",\"@id\":\"https:\/\/vapingnet.de\/vape\/red-bull-bang-20000puff-langanhaltender-genuss-premium-qualitaet-garantiert\/\",\"url\":\"https:\/\/vapingnet.de\/vape\/red-bull-bang-20000puff-langanhaltender-genuss-premium-qualitaet-garantiert\/\",\"name\":\"Entdecke Bang 20000Puff Red Bull Geschmack auf vapingnet.de\",\"isPartOf\":{\"@id\":\"https:\/\/vapingnet.de\/#website\"},\"primaryImageOfPage\":{\"@id\":\"https:\/\/vapingnet.de\/vape\/red-bull-bang-20000puff-langanhaltender-genuss-premium-qualitaet-garantiert\/#primaryimage\"},\"image\":{\"@id\":\"https:\/\/vapingnet.de\/vape\/red-bull-bang-20000puff-langanhaltender-genuss-premium-qualitaet-garantiert\/#primaryimage\"},\"thumbnailUrl\":\"https:\/\/vapingnet.de\/wp-content\/uploads\/2025\/03\/Red-Bull.png\",\"datePublished\":\"2025-03-15T09:11:03+00:00\",\"dateModified\":\"2025-06-19T03:40:50+00:00\",\"description\":\"Erlebe den erfrischenden Red Bull Geschmack des Bang 20000Puff. Langanhaltender Genuss, jetzt auf vapingnet.de erh\u00e4ltlich!\",\"breadcrumb\":{\"@id\":\"https:\/\/vapingnet.de\/vape\/red-bull-bang-20000puff-langanhaltender-genuss-premium-qualitaet-garantiert\/#breadcrumb\"},\"inLanguage\":\"fr-FR\",\"potentialAction\":[{\"@type\":\"ReadAction\",\"target\":[\"https:\/\/vapingnet.de\/vape\/red-bull-bang-20000puff-langanhaltender-genuss-premium-qualitaet-garantiert\/\"]}]},{\"@type\":\"ImageObject\",\"inLanguage\":\"fr-FR\",\"@id\":\"https:\/\/vapingnet.de\/vape\/red-bull-bang-20000puff-langanhaltender-genuss-premium-qualitaet-garantiert\/#primaryimage\",\"url\":\"https:\/\/vapingnet.de\/wp-content\/uploads\/2025\/03\/Red-Bull.png\",\"contentUrl\":\"https:\/\/vapingnet.de\/wp-content\/uploads\/2025\/03\/Red-Bull.png\",\"width\":1000,\"height\":1000,\"caption\":\"Red Bull\"},{\"@type\":\"BreadcrumbList\",\"@id\":\"https:\/\/vapingnet.de\/vape\/red-bull-bang-20000puff-langanhaltender-genuss-premium-qualitaet-garantiert\/#breadcrumb\",\"itemListElement\":[{\"@type\":\"ListItem\",\"position\":1,\"name\":\"Home\",\"item\":\"https:\/\/vapingnet.de\/\"},{\"@type\":\"ListItem\",\"position\":2,\"name\":\"Shop\",\"item\":\"https:\/\/vapingnet.de\/vape\/\"},{\"@type\":\"ListItem\",\"position\":3,\"name\":\"Red Bull Bang 20000Puff Langanhaltender Genuss Premium Qualit\u00e4t garantiert\"}]},{\"@type\":\"WebSite\",\"@id\":\"https:\/\/vapingnet.de\/#website\",\"url\":\"https:\/\/vapingnet.de\/\",\"name\":\"Vapingnet.de\",\"description\":\"\",\"publisher\":{\"@id\":\"https:\/\/vapingnet.de\/#organization\"},\"potentialAction\":[{\"@type\":\"SearchAction\",\"target\":{\"@type\":\"EntryPoint\",\"urlTemplate\":\"https:\/\/vapingnet.de\/?s={search_term_string}\"},\"query-input\":{\"@type\":\"PropertyValueSpecification\",\"valueRequired\":true,\"valueName\":\"search_term_string\"}}],\"inLanguage\":\"fr-FR\"},{\"@type\":\"Organization\",\"@id\":\"https:\/\/vapingnet.de\/#organization\",\"name\":\"Vapingnet.de\",\"url\":\"https:\/\/vapingnet.de\/\",\"logo\":{\"@type\":\"ImageObject\",\"inLanguage\":\"fr-FR\",\"@id\":\"https:\/\/vapingnet.de\/#\/schema\/logo\/image\/\",\"url\":\"https:\/\/vapingnet.de\/wp-content\/uploads\/2025\/03\/cropped-vapingnet.de_.jpg\",\"contentUrl\":\"https:\/\/vapingnet.de\/wp-content\/uploads\/2025\/03\/cropped-vapingnet.de_.jpg\",\"width\":512,\"height\":512,\"caption\":\"Vapingnet.de\"},\"image\":{\"@id\":\"https:\/\/vapingnet.de\/#\/schema\/logo\/image\/\"},\"sameAs\":[\"https:\/\/www.facebook.com\/vapingnetde\/\"]}]}<\/script>\n<!-- \/ Yoast SEO plugin. -->","yoast_head_json":{"title":"Entdecke Bang 20000Puff Red Bull Geschmack auf vapingnet.de","description":"Erlebe den erfrischenden Red Bull Geschmack des Bang 20000Puff. Langanhaltender Genuss, jetzt auf vapingnet.de erh\u00e4ltlich!","robots":{"index":"index","follow":"follow","max-snippet":"max-snippet:-1","max-image-preview":"max-image-preview:large","max-video-preview":"max-video-preview:-1"},"canonical":"https:\/\/vapingnet.de\/fr\/vape\/red-bull-bang-20000puff-langanhaltender-genuss-premium-qualitaet-garantiert\/","og_locale":"fr_FR","og_type":"article","og_title":"Entdecke Bang 20000Puff Red Bull Geschmack auf vapingnet.de","og_description":"Erlebe den erfrischenden Red Bull Geschmack des Bang 20000Puff. Langanhaltender Genuss, jetzt auf vapingnet.de erh\u00e4ltlich!","og_url":"https:\/\/vapingnet.de\/fr\/vape\/red-bull-bang-20000puff-langanhaltender-genuss-premium-qualitaet-garantiert\/","og_site_name":"Vapingnet.de","article_publisher":"https:\/\/www.facebook.com\/vapingnetde\/","article_modified_time":"2025-06-19T03:40:50+00:00","og_image":[{"width":1000,"height":1000,"url":"https:\/\/vapingnet.de\/wp-content\/uploads\/2025\/03\/Red-Bull.png","type":"image\/png"}],"twitter_card":"summary_large_image","twitter_misc":{"Dur\u00e9e de lecture estim\u00e9e":"3 minutes"},"schema":{"@context":"https:\/\/schema.org","@graph":[{"@type":"WebPage","@id":"https:\/\/vapingnet.de\/vape\/red-bull-bang-20000puff-langanhaltender-genuss-premium-qualitaet-garantiert\/","url":"https:\/\/vapingnet.de\/vape\/red-bull-bang-20000puff-langanhaltender-genuss-premium-qualitaet-garantiert\/","name":"Entdecke Bang 20000Puff Red Bull Geschmack auf vapingnet.de","isPartOf":{"@id":"https:\/\/vapingnet.de\/#website"},"primaryImageOfPage":{"@id":"https:\/\/vapingnet.de\/vape\/red-bull-bang-20000puff-langanhaltender-genuss-premium-qualitaet-garantiert\/#primaryimage"},"image":{"@id":"https:\/\/vapingnet.de\/vape\/red-bull-bang-20000puff-langanhaltender-genuss-premium-qualitaet-garantiert\/#primaryimage"},"thumbnailUrl":"https:\/\/vapingnet.de\/wp-content\/uploads\/2025\/03\/Red-Bull.png","datePublished":"2025-03-15T09:11:03+00:00","dateModified":"2025-06-19T03:40:50+00:00","description":"Erlebe den erfrischenden Red Bull Geschmack des Bang 20000Puff. Langanhaltender Genuss, jetzt auf vapingnet.de erh\u00e4ltlich!","breadcrumb":{"@id":"https:\/\/vapingnet.de\/vape\/red-bull-bang-20000puff-langanhaltender-genuss-premium-qualitaet-garantiert\/#breadcrumb"},"inLanguage":"fr-FR","potentialAction":[{"@type":"ReadAction","target":["https:\/\/vapingnet.de\/vape\/red-bull-bang-20000puff-langanhaltender-genuss-premium-qualitaet-garantiert\/"]}]},{"@type":"ImageObject","inLanguage":"fr-FR","@id":"https:\/\/vapingnet.de\/vape\/red-bull-bang-20000puff-langanhaltender-genuss-premium-qualitaet-garantiert\/#primaryimage","url":"https:\/\/vapingnet.de\/wp-content\/uploads\/2025\/03\/Red-Bull.png","contentUrl":"https:\/\/vapingnet.de\/wp-content\/uploads\/2025\/03\/Red-Bull.png","width":1000,"height":1000,"caption":"Red Bull"},{"@type":"BreadcrumbList","@id":"https:\/\/vapingnet.de\/vape\/red-bull-bang-20000puff-langanhaltender-genuss-premium-qualitaet-garantiert\/#breadcrumb","itemListElement":[{"@type":"ListItem","position":1,"name":"Home","item":"https:\/\/vapingnet.de\/"},{"@type":"ListItem","position":2,"name":"Shop","item":"https:\/\/vapingnet.de\/vape\/"},{"@type":"ListItem","position":3,"name":"Red Bull Bang 20000Puff Langanhaltender Genuss Premium Qualit\u00e4t garantiert"}]},{"@type":"WebSite","@id":"https:\/\/vapingnet.de\/#website","url":"https:\/\/vapingnet.de\/","name":"Vapingnet.de","description":"","publisher":{"@id":"https:\/\/vapingnet.de\/#organization"},"potentialAction":[{"@type":"SearchAction","target":{"@type":"EntryPoint","urlTemplate":"https:\/\/vapingnet.de\/?s={search_term_string}"},"query-input":{"@type":"PropertyValueSpecification","valueRequired":true,"valueName":"search_term_string"}}],"inLanguage":"fr-FR"},{"@type":"Organization","@id":"https:\/\/vapingnet.de\/#organization","name":"Vapingnet.de","url":"https:\/\/vapingnet.de\/","logo":{"@type":"ImageObject","inLanguage":"fr-FR","@id":"https:\/\/vapingnet.de\/#\/schema\/logo\/image\/","url":"https:\/\/vapingnet.de\/wp-content\/uploads\/2025\/03\/cropped-vapingnet.de_.jpg","contentUrl":"https:\/\/vapingnet.de\/wp-content\/uploads\/2025\/03\/cropped-vapingnet.de_.jpg","width":512,"height":512,"caption":"Vapingnet.de"},"image":{"@id":"https:\/\/vapingnet.de\/#\/schema\/logo\/image\/"},"sameAs":["https:\/\/www.facebook.com\/vapingnetde\/"]}]}},"tiered_pricing_type":"fixed","tiered_pricing_fixed_rules":{"10":"8.92","60":"8.03","110":"7.14","200":"6.24"},"tiered_pricing_product_settings":{"layout":"default","base_unit_name":{"singular":null,"plural":null},"default_variation":null},"tiered_pricing_minimum_quantity":null,"tiered_pricing_roles_data":[],"tiered_pricing_percentage_rules":[],"_links":{"self":[{"href":"https:\/\/vapingnet.de\/fr\/wp-json\/wp\/v2\/product\/5462","targetHints":{"allow":["GET"]}}],"collection":[{"href":"https:\/\/vapingnet.de\/fr\/wp-json\/wp\/v2\/product"}],"about":[{"href":"https:\/\/vapingnet.de\/fr\/wp-json\/wp\/v2\/types\/product"}],"version-history":[{"count":1,"href":"https:\/\/vapingnet.de\/fr\/wp-json\/wp\/v2\/product\/5462\/revisions"}],"predecessor-version":[{"id":5464,"href":"https:\/\/vapingnet.de\/fr\/wp-json\/wp\/v2\/product\/5462\/revisions\/5464"}],"wp:featuredmedia":[{"embeddable":true,"href":"https:\/\/vapingnet.de\/fr\/wp-json\/wp\/v2\/media\/5463"}],"wp:attachment":[{"href":"https:\/\/vapingnet.de\/fr\/wp-json\/wp\/v2\/media?parent=5462"}],"wp:term":[{"taxonomy":"brand","embeddable":true,"href":"https:\/\/vapingnet.de\/fr\/wp-json\/wp\/v2\/etheme_brands?post=5462"},{"taxonomy":"product_brand","embeddable":true,"href":"https:\/\/vapingnet.de\/fr\/wp-json\/wp\/v2\/product_brand?post=5462"},{"taxonomy":"product_cat","embeddable":true,"href":"https:\/\/vapingnet.de\/fr\/wp-json\/wp\/v2\/product_cat?post=5462"},{"taxonomy":"product_tag","embeddable":true,"href":"https:\/\/vapingnet.de\/fr\/wp-json\/wp\/v2\/product_tag?post=5462"}],"curies":[{"name":"wp","href":"https:\/\/api.w.org\/{rel}","templated":true}]}}