{"id":5468,"date":"2025-03-15T09:27:14","date_gmt":"2025-03-15T09:27:14","guid":{"rendered":"https:\/\/vapingnet.de\/?post_type=product&#038;p=5468"},"modified":"2025-06-19T03:40:50","modified_gmt":"2025-06-19T03:40:50","slug":"bang-20000puff-grape-ice-erfrischender-genuss-jetzt-werksrabatt-sichern","status":"publish","type":"product","link":"https:\/\/vapingnet.de\/fr\/vape\/bang-20000puff-grape-ice-erfrischender-genuss-jetzt-werksrabatt-sichern\/","title":{"rendered":"Bang 20000Puff Grape Ice, plaisir rafra\u00eechissant, profitez du rabais en usine maintenant"},"content":{"rendered":"<h2 data-start=\"0\" data-end=\"83\"><\/h2>\n<h2 data-start=\"90\" data-end=\"137\">Bang 20000Puff Mesh Double Jetable E-Cigarette<\/h2>\n<p data-start=\"139\" data-end=\"191\"><strong data-start=\"139\" data-end=\"191\">D\u00e9couvrez un plaisir et une saveur durables<\/strong><\/p>\n<p data-start=\"193\" data-end=\"543\">La Bang 20000Puff Dual Mesh<a href=\"https:\/\/vapingnet.de\/fr\/k\/einweg-e-zigarette\/\" target=\"_blank\" rel=\"noopener\"><strong> cigarette \u00e9lectronique jetable<\/strong><\/a> a \u00e9t\u00e9 con\u00e7ue pour les utilisateurs recherchant une performance longue dur\u00e9e et une qualit\u00e9 exceptionnelle. Cette cigarette \u00e9lectronique offre non seulement les fonctions de base, mais chaque d\u00e9tail a \u00e9t\u00e9 soigneusement \u00e9labor\u00e9 pour vous assurer de profiter de chaque bouff\u00e9e avec une vapeur et une saveur parfaites.<\/p>\n<h4 data-start=\"545\" data-end=\"569\">Points forts du produit<\/h4>\n<ol data-start=\"570\" data-end=\"2027\">\n<li data-start=\"570\" data-end=\"778\">\n<p data-start=\"573\" data-end=\"778\"><strong data-start=\"573\" data-end=\"597\">Utilisation extr\u00eamement longue<\/strong><br data-start=\"597\" data-end=\"600\" \/>La Bang 20000Puff offre 20000 bouff\u00e9es, vous n'avez donc plus \u00e0 vous soucier de la remplacer fr\u00e9quemment. Vous pouvez profiter du plaisir plus longtemps \u2013 id\u00e9ale pour les utilisateurs longue dur\u00e9e.<\/p>\n<\/li>\n<li data-start=\"780\" data-end=\"1046\">\n<p data-start=\"783\" data-end=\"1046\"><strong data-start=\"783\" data-end=\"831\">Technologie innovante de vaporisation \u00e0 double mesh<\/strong><br data-start=\"831\" data-end=\"834\" \/>La r\u00e9sistance Dual-Mesh de 1,1\u03a9 garantit une vapeur riche et savoureuse. \u00c0 chaque bouff\u00e9e, vous vivez une production de vapeur fine et uniforme, rendant l'exp\u00e9rience de vapotage exceptionnelle.<\/p>\n<\/li>\n<li data-start=\"1048\" data-end=\"1286\">\n<p data-start=\"1051\" data-end=\"1286\"><strong data-start=\"1051\" data-end=\"1079\">Grande capacit\u00e9 de e-liquide<\/strong><br data-start=\"1079\" data-end=\"1082\" \/>Avec une capacit\u00e9 de 28 ml, vous pouvez profiter de la cigarette \u00e9lectronique pendant une p\u00e9riode prolong\u00e9e sans avoir \u00e0 la remplir. La Bang 20000Puff combine une utilisation longue dur\u00e9e avec la commodit\u00e9.<\/p>\n<\/li>\n<li data-start=\"1288\" data-end=\"1537\">\n<p data-start=\"1291\" data-end=\"1537\"><strong data-start=\"1291\" data-end=\"1322\">Diff\u00e9rentes concentrations de nicotine<\/strong><br data-start=\"1322\" data-end=\"1325\" \/>La Bang 20000Puff propose quatre niveaux de nicotine : 0%, 2%, 3% et 5%. Que vous pr\u00e9f\u00e9riez un go\u00fbt frais sans nicotine ou une dose de nicotine plus forte, cette cigarette \u00e9lectronique r\u00e9pond \u00e0 vos souhaits.<\/p>\n<\/li>\n<li data-start=\"1539\" data-end=\"1791\">\n<p data-start=\"1542\" data-end=\"1791\"><strong data-start=\"1542\" data-end=\"1580\">Batterie efficace et charge rapide<\/strong><br data-start=\"1580\" data-end=\"1583\" \/>Avec une batterie de 650mAh, la Bang 20000Puff assure une utilisation prolong\u00e9e. La connexion Type-C permet une charge rapide et pratique, pour que vous soyez toujours pr\u00eat \u00e0 vapoter rapidement.<\/p>\n<\/li>\n<li data-start=\"1793\" data-end=\"2027\">\n<p data-start=\"1796\" data-end=\"2027\"><strong data-start=\"1796\" data-end=\"1832\">Design confortable et l\u00e9ger<\/strong><br data-start=\"1832\" data-end=\"1835\" \/>Pesant seulement 90 g, la Bang 20000Puff est l\u00e9g\u00e8re et facile \u00e0 transporter. Vous pouvez la ranger facilement dans votre poche ou votre sac et profiter du plaisir de vapeur \u00e0 tout moment.<\/p>\n<\/li>\n<\/ol>\n<h4 data-start=\"2029\" data-end=\"2081\">Recommandation de saveur : Grape Ice<\/h4>\n<p data-start=\"2083\" data-end=\"2353\">Le go\u00fbt de Grape Ice combine la douceur des raisins avec une note de glace rafra\u00eechissante. Chaque bouff\u00e9e procure une sensation rafra\u00eechissante et estivale. Qu'il fasse chaud ou froid, cette saveur offre une fra\u00eecheur agr\u00e9able et une exp\u00e9rience de vapotage rafra\u00eechissante.<\/p>\n<h3 data-start=\"2355\" data-end=\"2387\">Pourquoi choisir Bang 20000Puff ?<\/h3>\n<ul data-start=\"2389\" data-end=\"2780\">\n<li data-start=\"2389\" data-end=\"2501\"><strong data-start=\"2391\" data-end=\"2403\">Douane gratuite<\/strong>: Toutes les commandes b\u00e9n\u00e9ficient d'une livraison sans douane, vous permettant d'acheter en toute tranquillit\u00e9.<\/li>\n<li data-start=\"2502\" data-end=\"2624\"><strong data-start=\"2504\" data-end=\"2526\">Livraison rapide<\/strong>: Par voie a\u00e9rienne, votre commande sera livr\u00e9e rapidement et en toute s\u00e9curit\u00e9 en 7-15 jours ouvrables.<\/li>\n<li data-start=\"2625\" data-end=\"2780\"><strong data-start=\"2627\" data-end=\"2651\">Qualit\u00e9 sup\u00e9rieure<\/strong>: Nous vous proposons uniquement des produits de la plus haute qualit\u00e9, pour que chaque bouff\u00e9e de la Bang 20000Puff soit une exp\u00e9rience exceptionnelle.<\/li>\n<\/ul>\n<p data-start=\"2782\" data-end=\"3123\"><strong data-start=\"2782\" data-end=\"2846\">Achetez maintenant et profitez d'une exp\u00e9rience de vapotage incomparable<\/strong><br data-start=\"2846\" data-end=\"2849\" \/>Visitez vapingnet.de et achetez d\u00e8s aujourd'hui la cigarette \u00e9lectronique jetable Bang 20000Puff Dual Mesh. Profitez d'achats hors taxes et d'une livraison rapide. Que ce soit pour une utilisation quotidienne ou pour se d\u00e9tendre \u2013 la Bang 20000Puff r\u00e9pond \u00e0 toutes vos envies de vapotage.<\/p>\n<p data-start=\"3130\" data-end=\"3245\" data-is-last-node=\"\" data-is-only-node=\"\">J'esp\u00e8re que cette traduction correspond \u00e0 vos attentes. Faites-moi savoir si vous souhaitez que je modifie quelque chose!<\/p>","protected":false},"excerpt":{"rendered":"<p>Bang 20000Puff Dual Mesh Einweg E-Zigarette Erleben Sie langanhaltenden Genuss und Geschmack Die Bang 20000Puff Dual Mesh Einweg E-Zigarette wurde f\u00fcr Nutzer entwickelt, die langanhaltende&#8230;<\/p>","protected":false},"featured_media":5469,"template":"","meta":[],"etheme_brands":[],"product_brand":[101],"product_cat":[54,49,61],"product_tag":[],"class_list":{"0":"post-5468","1":"product","2":"type-product","3":"status-publish","4":"has-post-thumbnail","6":"product_brand-bang-king-vape","7":"product_cat-vape-20000-zuege","8":"product_cat-einweg-e-zigarette","9":"product_cat-f","11":"first","12":"instock","13":"shipping-taxable","14":"purchasable","15":"product-type-simple"},"yoast_head":"<!-- This site is optimized with the Yoast SEO plugin v26.5 - https:\/\/yoast.com\/wordpress\/plugins\/seo\/ -->\n<title>Bang 20000Puff Grape Ice Erfrischender Genuss auf vapingnet.de<\/title>\n<meta name=\"description\" content=\"Erlebe den k\u00fchlen Grape Ice Geschmack des Bang 20000Puff. Langanhaltender Genuss, jetzt auf vapingnet.de erh\u00e4ltlich!\" \/>\n<meta name=\"robots\" content=\"index, follow, max-snippet:-1, max-image-preview:large, max-video-preview:-1\" \/>\n<link rel=\"canonical\" href=\"https:\/\/vapingnet.de\/fr\/vape\/bang-20000puff-grape-ice-erfrischender-genuss-jetzt-werksrabatt-sichern\/\" \/>\n<meta property=\"og:locale\" content=\"fr_FR\" \/>\n<meta property=\"og:type\" content=\"article\" \/>\n<meta property=\"og:title\" content=\"Bang 20000Puff Grape Ice Erfrischender Genuss auf vapingnet.de\" \/>\n<meta property=\"og:description\" content=\"Erlebe den k\u00fchlen Grape Ice Geschmack des Bang 20000Puff. Langanhaltender Genuss, jetzt auf vapingnet.de erh\u00e4ltlich!\" \/>\n<meta property=\"og:url\" content=\"https:\/\/vapingnet.de\/fr\/vape\/bang-20000puff-grape-ice-erfrischender-genuss-jetzt-werksrabatt-sichern\/\" \/>\n<meta property=\"og:site_name\" content=\"Vapingnet.de\" \/>\n<meta property=\"article:publisher\" content=\"https:\/\/www.facebook.com\/vapingnetde\/\" \/>\n<meta property=\"article:modified_time\" content=\"2025-06-19T03:40:50+00:00\" \/>\n<meta property=\"og:image\" content=\"https:\/\/vapingnet.de\/wp-content\/uploads\/2025\/03\/Grape-Ice-1.png\" \/>\n\t<meta property=\"og:image:width\" content=\"1000\" \/>\n\t<meta property=\"og:image:height\" content=\"1000\" \/>\n\t<meta property=\"og:image:type\" content=\"image\/png\" \/>\n<meta name=\"twitter:card\" content=\"summary_large_image\" \/>\n<meta name=\"twitter:label1\" content=\"Dur\u00e9e de lecture estim\u00e9e\" \/>\n\t<meta name=\"twitter:data1\" content=\"3 minutes\" \/>\n<script type=\"application\/ld+json\" class=\"yoast-schema-graph\">{\"@context\":\"https:\/\/schema.org\",\"@graph\":[{\"@type\":\"WebPage\",\"@id\":\"https:\/\/vapingnet.de\/vape\/bang-20000puff-grape-ice-erfrischender-genuss-jetzt-werksrabatt-sichern\/\",\"url\":\"https:\/\/vapingnet.de\/vape\/bang-20000puff-grape-ice-erfrischender-genuss-jetzt-werksrabatt-sichern\/\",\"name\":\"Bang 20000Puff Grape Ice Erfrischender Genuss auf vapingnet.de\",\"isPartOf\":{\"@id\":\"https:\/\/vapingnet.de\/#website\"},\"primaryImageOfPage\":{\"@id\":\"https:\/\/vapingnet.de\/vape\/bang-20000puff-grape-ice-erfrischender-genuss-jetzt-werksrabatt-sichern\/#primaryimage\"},\"image\":{\"@id\":\"https:\/\/vapingnet.de\/vape\/bang-20000puff-grape-ice-erfrischender-genuss-jetzt-werksrabatt-sichern\/#primaryimage\"},\"thumbnailUrl\":\"https:\/\/vapingnet.de\/wp-content\/uploads\/2025\/03\/Grape-Ice-1.png\",\"datePublished\":\"2025-03-15T09:27:14+00:00\",\"dateModified\":\"2025-06-19T03:40:50+00:00\",\"description\":\"Erlebe den k\u00fchlen Grape Ice Geschmack des Bang 20000Puff. Langanhaltender Genuss, jetzt auf vapingnet.de erh\u00e4ltlich!\",\"breadcrumb\":{\"@id\":\"https:\/\/vapingnet.de\/vape\/bang-20000puff-grape-ice-erfrischender-genuss-jetzt-werksrabatt-sichern\/#breadcrumb\"},\"inLanguage\":\"fr-FR\",\"potentialAction\":[{\"@type\":\"ReadAction\",\"target\":[\"https:\/\/vapingnet.de\/vape\/bang-20000puff-grape-ice-erfrischender-genuss-jetzt-werksrabatt-sichern\/\"]}]},{\"@type\":\"ImageObject\",\"inLanguage\":\"fr-FR\",\"@id\":\"https:\/\/vapingnet.de\/vape\/bang-20000puff-grape-ice-erfrischender-genuss-jetzt-werksrabatt-sichern\/#primaryimage\",\"url\":\"https:\/\/vapingnet.de\/wp-content\/uploads\/2025\/03\/Grape-Ice-1.png\",\"contentUrl\":\"https:\/\/vapingnet.de\/wp-content\/uploads\/2025\/03\/Grape-Ice-1.png\",\"width\":1000,\"height\":1000,\"caption\":\"Grape Ice\"},{\"@type\":\"BreadcrumbList\",\"@id\":\"https:\/\/vapingnet.de\/vape\/bang-20000puff-grape-ice-erfrischender-genuss-jetzt-werksrabatt-sichern\/#breadcrumb\",\"itemListElement\":[{\"@type\":\"ListItem\",\"position\":1,\"name\":\"Home\",\"item\":\"https:\/\/vapingnet.de\/\"},{\"@type\":\"ListItem\",\"position\":2,\"name\":\"Shop\",\"item\":\"https:\/\/vapingnet.de\/vape\/\"},{\"@type\":\"ListItem\",\"position\":3,\"name\":\"Bang 20000Puff Grape Ice Erfrischender Genuss jetzt Werksrabatt sichern\"}]},{\"@type\":\"WebSite\",\"@id\":\"https:\/\/vapingnet.de\/#website\",\"url\":\"https:\/\/vapingnet.de\/\",\"name\":\"Vapingnet.de\",\"description\":\"\",\"publisher\":{\"@id\":\"https:\/\/vapingnet.de\/#organization\"},\"potentialAction\":[{\"@type\":\"SearchAction\",\"target\":{\"@type\":\"EntryPoint\",\"urlTemplate\":\"https:\/\/vapingnet.de\/?s={search_term_string}\"},\"query-input\":{\"@type\":\"PropertyValueSpecification\",\"valueRequired\":true,\"valueName\":\"search_term_string\"}}],\"inLanguage\":\"fr-FR\"},{\"@type\":\"Organization\",\"@id\":\"https:\/\/vapingnet.de\/#organization\",\"name\":\"Vapingnet.de\",\"url\":\"https:\/\/vapingnet.de\/\",\"logo\":{\"@type\":\"ImageObject\",\"inLanguage\":\"fr-FR\",\"@id\":\"https:\/\/vapingnet.de\/#\/schema\/logo\/image\/\",\"url\":\"https:\/\/vapingnet.de\/wp-content\/uploads\/2025\/03\/cropped-vapingnet.de_.jpg\",\"contentUrl\":\"https:\/\/vapingnet.de\/wp-content\/uploads\/2025\/03\/cropped-vapingnet.de_.jpg\",\"width\":512,\"height\":512,\"caption\":\"Vapingnet.de\"},\"image\":{\"@id\":\"https:\/\/vapingnet.de\/#\/schema\/logo\/image\/\"},\"sameAs\":[\"https:\/\/www.facebook.com\/vapingnetde\/\"]}]}<\/script>\n<!-- \/ Yoast SEO plugin. -->","yoast_head_json":{"title":"Bang 20000Puff Grape Ice Erfrischender Genuss auf vapingnet.de","description":"Erlebe den k\u00fchlen Grape Ice Geschmack des Bang 20000Puff. Langanhaltender Genuss, jetzt auf vapingnet.de erh\u00e4ltlich!","robots":{"index":"index","follow":"follow","max-snippet":"max-snippet:-1","max-image-preview":"max-image-preview:large","max-video-preview":"max-video-preview:-1"},"canonical":"https:\/\/vapingnet.de\/fr\/vape\/bang-20000puff-grape-ice-erfrischender-genuss-jetzt-werksrabatt-sichern\/","og_locale":"fr_FR","og_type":"article","og_title":"Bang 20000Puff Grape Ice Erfrischender Genuss auf vapingnet.de","og_description":"Erlebe den k\u00fchlen Grape Ice Geschmack des Bang 20000Puff. Langanhaltender Genuss, jetzt auf vapingnet.de erh\u00e4ltlich!","og_url":"https:\/\/vapingnet.de\/fr\/vape\/bang-20000puff-grape-ice-erfrischender-genuss-jetzt-werksrabatt-sichern\/","og_site_name":"Vapingnet.de","article_publisher":"https:\/\/www.facebook.com\/vapingnetde\/","article_modified_time":"2025-06-19T03:40:50+00:00","og_image":[{"width":1000,"height":1000,"url":"https:\/\/vapingnet.de\/wp-content\/uploads\/2025\/03\/Grape-Ice-1.png","type":"image\/png"}],"twitter_card":"summary_large_image","twitter_misc":{"Dur\u00e9e de lecture estim\u00e9e":"3 minutes"},"schema":{"@context":"https:\/\/schema.org","@graph":[{"@type":"WebPage","@id":"https:\/\/vapingnet.de\/vape\/bang-20000puff-grape-ice-erfrischender-genuss-jetzt-werksrabatt-sichern\/","url":"https:\/\/vapingnet.de\/vape\/bang-20000puff-grape-ice-erfrischender-genuss-jetzt-werksrabatt-sichern\/","name":"Bang 20000Puff Grape Ice Erfrischender Genuss auf vapingnet.de","isPartOf":{"@id":"https:\/\/vapingnet.de\/#website"},"primaryImageOfPage":{"@id":"https:\/\/vapingnet.de\/vape\/bang-20000puff-grape-ice-erfrischender-genuss-jetzt-werksrabatt-sichern\/#primaryimage"},"image":{"@id":"https:\/\/vapingnet.de\/vape\/bang-20000puff-grape-ice-erfrischender-genuss-jetzt-werksrabatt-sichern\/#primaryimage"},"thumbnailUrl":"https:\/\/vapingnet.de\/wp-content\/uploads\/2025\/03\/Grape-Ice-1.png","datePublished":"2025-03-15T09:27:14+00:00","dateModified":"2025-06-19T03:40:50+00:00","description":"Erlebe den k\u00fchlen Grape Ice Geschmack des Bang 20000Puff. Langanhaltender Genuss, jetzt auf vapingnet.de erh\u00e4ltlich!","breadcrumb":{"@id":"https:\/\/vapingnet.de\/vape\/bang-20000puff-grape-ice-erfrischender-genuss-jetzt-werksrabatt-sichern\/#breadcrumb"},"inLanguage":"fr-FR","potentialAction":[{"@type":"ReadAction","target":["https:\/\/vapingnet.de\/vape\/bang-20000puff-grape-ice-erfrischender-genuss-jetzt-werksrabatt-sichern\/"]}]},{"@type":"ImageObject","inLanguage":"fr-FR","@id":"https:\/\/vapingnet.de\/vape\/bang-20000puff-grape-ice-erfrischender-genuss-jetzt-werksrabatt-sichern\/#primaryimage","url":"https:\/\/vapingnet.de\/wp-content\/uploads\/2025\/03\/Grape-Ice-1.png","contentUrl":"https:\/\/vapingnet.de\/wp-content\/uploads\/2025\/03\/Grape-Ice-1.png","width":1000,"height":1000,"caption":"Grape Ice"},{"@type":"BreadcrumbList","@id":"https:\/\/vapingnet.de\/vape\/bang-20000puff-grape-ice-erfrischender-genuss-jetzt-werksrabatt-sichern\/#breadcrumb","itemListElement":[{"@type":"ListItem","position":1,"name":"Home","item":"https:\/\/vapingnet.de\/"},{"@type":"ListItem","position":2,"name":"Shop","item":"https:\/\/vapingnet.de\/vape\/"},{"@type":"ListItem","position":3,"name":"Bang 20000Puff Grape Ice Erfrischender Genuss jetzt Werksrabatt sichern"}]},{"@type":"WebSite","@id":"https:\/\/vapingnet.de\/#website","url":"https:\/\/vapingnet.de\/","name":"Vapingnet.de","description":"","publisher":{"@id":"https:\/\/vapingnet.de\/#organization"},"potentialAction":[{"@type":"SearchAction","target":{"@type":"EntryPoint","urlTemplate":"https:\/\/vapingnet.de\/?s={search_term_string}"},"query-input":{"@type":"PropertyValueSpecification","valueRequired":true,"valueName":"search_term_string"}}],"inLanguage":"fr-FR"},{"@type":"Organization","@id":"https:\/\/vapingnet.de\/#organization","name":"Vapingnet.de","url":"https:\/\/vapingnet.de\/","logo":{"@type":"ImageObject","inLanguage":"fr-FR","@id":"https:\/\/vapingnet.de\/#\/schema\/logo\/image\/","url":"https:\/\/vapingnet.de\/wp-content\/uploads\/2025\/03\/cropped-vapingnet.de_.jpg","contentUrl":"https:\/\/vapingnet.de\/wp-content\/uploads\/2025\/03\/cropped-vapingnet.de_.jpg","width":512,"height":512,"caption":"Vapingnet.de"},"image":{"@id":"https:\/\/vapingnet.de\/#\/schema\/logo\/image\/"},"sameAs":["https:\/\/www.facebook.com\/vapingnetde\/"]}]}},"tiered_pricing_type":"fixed","tiered_pricing_fixed_rules":{"10":"8.92","60":"8.03","110":"7.14","200":"6.24"},"tiered_pricing_product_settings":{"layout":"default","base_unit_name":{"singular":null,"plural":null},"default_variation":null},"tiered_pricing_minimum_quantity":null,"tiered_pricing_roles_data":[],"tiered_pricing_percentage_rules":[],"_links":{"self":[{"href":"https:\/\/vapingnet.de\/fr\/wp-json\/wp\/v2\/product\/5468","targetHints":{"allow":["GET"]}}],"collection":[{"href":"https:\/\/vapingnet.de\/fr\/wp-json\/wp\/v2\/product"}],"about":[{"href":"https:\/\/vapingnet.de\/fr\/wp-json\/wp\/v2\/types\/product"}],"version-history":[{"count":1,"href":"https:\/\/vapingnet.de\/fr\/wp-json\/wp\/v2\/product\/5468\/revisions"}],"predecessor-version":[{"id":5470,"href":"https:\/\/vapingnet.de\/fr\/wp-json\/wp\/v2\/product\/5468\/revisions\/5470"}],"wp:featuredmedia":[{"embeddable":true,"href":"https:\/\/vapingnet.de\/fr\/wp-json\/wp\/v2\/media\/5469"}],"wp:attachment":[{"href":"https:\/\/vapingnet.de\/fr\/wp-json\/wp\/v2\/media?parent=5468"}],"wp:term":[{"taxonomy":"brand","embeddable":true,"href":"https:\/\/vapingnet.de\/fr\/wp-json\/wp\/v2\/etheme_brands?post=5468"},{"taxonomy":"product_brand","embeddable":true,"href":"https:\/\/vapingnet.de\/fr\/wp-json\/wp\/v2\/product_brand?post=5468"},{"taxonomy":"product_cat","embeddable":true,"href":"https:\/\/vapingnet.de\/fr\/wp-json\/wp\/v2\/product_cat?post=5468"},{"taxonomy":"product_tag","embeddable":true,"href":"https:\/\/vapingnet.de\/fr\/wp-json\/wp\/v2\/product_tag?post=5468"}],"curies":[{"name":"wp","href":"https:\/\/api.w.org\/{rel}","templated":true}]}}