{"id":5471,"date":"2025-03-15T09:34:45","date_gmt":"2025-03-15T09:34:45","guid":{"rendered":"https:\/\/vapingnet.de\/?post_type=product&#038;p=5471"},"modified":"2025-06-19T03:40:49","modified_gmt":"2025-06-19T03:40:49","slug":"bang-20000puff-blueberry-raspberry-fruchtige-vielfalt-jetzt-zum-bestpreis-sichern","status":"publish","type":"product","link":"https:\/\/vapingnet.de\/fr\/vape\/bang-20000puff-blueberry-raspberry-fruchtige-vielfalt-jetzt-zum-bestpreis-sichern\/","title":{"rendered":"Bang 20000Puff Myrtille Framboise, diversit\u00e9 fruit\u00e9e, \u00e0 prix avantageux maintenant"},"content":{"rendered":"<h2 data-start=\"56\" data-end=\"103\">Bang 20000Puff Mesh Double Jetable E-Cigarette<\/h2>\n<p data-start=\"105\" data-end=\"178\">Offrez une mise \u00e0 niveau \u00e0 votre exp\u00e9rience de vapotage \u2013 Durable et puissant<\/p>\n<p data-start=\"180\" data-end=\"472\">La Bang 20000Puff Mesh Double Jetable E-Cigarette a \u00e9t\u00e9 sp\u00e9cialement con\u00e7ue pour les vapoteurs recherchant une exp\u00e9rience de saveur longue dur\u00e9e et intense. Que vous soyez d\u00e9butant ou vapoteur exp\u00e9riment\u00e9, elle offre des performances exceptionnelles et garantit une satisfaction prolong\u00e9e.<\/p>\n<h4 data-start=\"474\" data-end=\"496\">Points forts du produit<\/h4>\n<ol data-start=\"498\" data-end=\"2229\">\n<li data-start=\"498\" data-end=\"838\">\n<p data-start=\"501\" data-end=\"838\">Dur\u00e9e d'utilisation extr\u00eamement longue \u2013 20000 bouff\u00e9es<br data-start=\"544\" data-end=\"547\" \/>Chaque Bang 20000Puff offre jusqu'\u00e0<a href=\"https:\/\/vapingnet.de\/fr\/k\/vape-20000-zuege\/\" target=\"_blank\" rel=\"noopener\"><strong> 20000 bouff\u00e9es<\/strong><\/a>, ce qui en fait l'un des rares produits sur le march\u00e9 \u00e0 proposer une telle long\u00e9vit\u00e9. Vous n'avez plus \u00e0 vous soucier de changer ou de remplir constamment votre cigarette \u00e9lectronique \u2013 profitez d'une vape prolong\u00e9e.<\/p>\n<\/li>\n<li data-start=\"840\" data-end=\"1179\">\n<p data-start=\"843\" data-end=\"1179\">Technologie Mesh Double pour une saveur am\u00e9lior\u00e9e<br data-start=\"895\" data-end=\"898\" \/>Avec la technologie Mesh Double 1,1\u03a9, la Bang 20000Puff fournit une vapeur plus dense, plus r\u00e9guli\u00e8re et une saveur plus intense. Par rapport aux atomiseurs traditionnels, elle assure une production de vapeur plus lisse et plus \u00e9paisse, d\u00e9passant vos attentes en mati\u00e8re de go\u00fbt.<\/p>\n<\/li>\n<li data-start=\"1181\" data-end=\"1454\">\n<p data-start=\"1184\" data-end=\"1454\">Capacit\u00e9 de e-liquide de 28 ml<br data-start=\"1217\" data-end=\"1220\" \/>La capacit\u00e9 de 28 ml de e-liquide vous permet d'utiliser la Bang 20000Puff plus longtemps sans avoir besoin de la remplir. Sa grande capacit\u00e9 la rend id\u00e9ale pour une utilisation quotidienne et de longues sessions de vapotage sans interruption.<\/p>\n<\/li>\n<li data-start=\"1456\" data-end=\"1724\">\n<p data-start=\"1459\" data-end=\"1724\">Diff\u00e9rentes concentrations de nicotine au choix<br data-start=\"1502\" data-end=\"1505\" \/>Avec les options 0%, 2%, 3% et 5% de sels de nicotine, vous pouvez choisir le taux de nicotine qui vous convient. Que vous pr\u00e9f\u00e9riez une sensation de nicotine plus douce ou plus forte, la Bang 20000Puff r\u00e9pond \u00e0 vos besoins.<\/p>\n<\/li>\n<li data-start=\"1726\" data-end=\"2017\">\n<p data-start=\"1729\" data-end=\"2017\">Batterie de 650mAh et port de charge Type-C<br data-start=\"1769\" data-end=\"1772\" \/>La batterie de 650mAh assure une performance durable, et le port de charge Type-C permet une recharge rapide. Votre cigarette \u00e9lectronique sera rapidement pr\u00eate \u00e0 l'emploi, vous n'aurez pas \u00e0 attendre longtemps pour vapoter \u00e0 nouveau.<\/p>\n<\/li>\n<li data-start=\"2019\" data-end=\"2229\">\n<p data-start=\"2022\" data-end=\"2229\">L\u00e9g\u00e8re et portable, id\u00e9ale pour la mobilit\u00e9<br data-start=\"2065\" data-end=\"2068\" \/>Avec seulement 90 g, la Bang 20000Puff est l\u00e9g\u00e8re et compacte. Vous pouvez la ranger facilement dans votre poche et en profiter \u00e0 tout moment, o\u00f9 que vous soyez.<\/p>\n<\/li>\n<\/ol>\n<h4 data-start=\"2231\" data-end=\"2563\">Recommandation de saveur : Myrtille Framboise<\/h4>\n<p data-start=\"2231\" data-end=\"2563\">Le go\u00fbt Myrtille Framboise combine la douceur des myrtilles avec la fra\u00eecheur des framboises. Chaque inhalation offre un m\u00e9lange fruit\u00e9 agr\u00e9able, entre douceur et acidit\u00e9 \u2013 une explosion de saveurs rafra\u00eechissante qui dure toute la journ\u00e9e.<\/p>\n<h3 data-start=\"2565\" data-end=\"2597\">Pourquoi choisir Bang 20000Puff ?<\/h3>\n<ul data-start=\"2599\" data-end=\"3046\">\n<li data-start=\"2599\" data-end=\"2699\">Sans douane : Toutes les commandes sont livr\u00e9es sans douane, vous permettant d'acheter en toute tranquillit\u00e9.<\/li>\n<li data-start=\"2700\" data-end=\"2826\">Livraison rapide par fret a\u00e9rien : Votre commande sera livr\u00e9e rapidement et en toute s\u00e9curit\u00e9 en 7 \u00e0 15 jours ouvrables.<\/li>\n<li data-start=\"2827\" data-end=\"3046\">Durable et \u00e9conomique : Avec 20000 bouff\u00e9es et une grande capacit\u00e9 en e-liquide, la Bang 20000Puff offre un excellent rapport qualit\u00e9-prix, car vous devrez moins souvent recharger ou remplacer.<\/li>\n<\/ul>\n<p data-start=\"3048\" data-end=\"3399\">Achetez maintenant et profitez de l'exp\u00e9rience de vapotage ultime<br data-start=\"3106\" data-end=\"3109\" \/>Visitez vapingnet.fr pour acheter d\u00e8s aujourd'hui votre cigarette \u00e9lectronique jetable Bang 20000Puff Dual Mesh. Profitez d'achats hors taxes et d'une livraison rapide. Que ce soit pour une utilisation quotidienne ou pour des occasions sp\u00e9ciales \u2013 la Bang 20000Puff d\u00e9passera vos attentes en mati\u00e8re de vapotage.<\/p>","protected":false},"excerpt":{"rendered":"<p>Bang 20000Puff Dual Mesh Einweg E-Zigarette Verleihen Sie Ihrem Dampferlebnis ein Upgrade \u2013 Langlebig und kr\u00e4ftig Die Bang 20000Puff Dual Mesh Einweg E-Zigarette wurde speziell&#8230;<\/p>","protected":false},"featured_media":5472,"template":"","meta":[],"etheme_brands":[],"product_brand":[101],"product_cat":[54,49,61],"product_tag":[],"class_list":{"0":"post-5471","1":"product","2":"type-product","3":"status-publish","4":"has-post-thumbnail","6":"product_brand-bang-king-vape","7":"product_cat-vape-20000-zuege","8":"product_cat-einweg-e-zigarette","9":"product_cat-f","11":"first","12":"instock","13":"shipping-taxable","14":"purchasable","15":"product-type-simple"},"yoast_head":"<!-- This site is optimized with the Yoast SEO plugin v26.5 - https:\/\/yoast.com\/wordpress\/plugins\/seo\/ -->\n<title>Erlebe Bang 20000Puff Blueberry Raspberry auf vapingnet.de<\/title>\n<meta name=\"description\" content=\"Lass dich vom intensiven Blueberry Raspberry Geschmack des Bang 20000Puff verf\u00fchren. Langanhaltender Genuss, exklusiv auf vapingnet.de!\" \/>\n<meta name=\"robots\" content=\"index, follow, max-snippet:-1, max-image-preview:large, max-video-preview:-1\" \/>\n<link rel=\"canonical\" href=\"https:\/\/vapingnet.de\/fr\/vape\/bang-20000puff-blueberry-raspberry-fruchtige-vielfalt-jetzt-zum-bestpreis-sichern\/\" \/>\n<meta property=\"og:locale\" content=\"fr_FR\" \/>\n<meta property=\"og:type\" content=\"article\" \/>\n<meta property=\"og:title\" content=\"Erlebe Bang 20000Puff Blueberry Raspberry auf vapingnet.de\" \/>\n<meta property=\"og:description\" content=\"Lass dich vom intensiven Blueberry Raspberry Geschmack des Bang 20000Puff verf\u00fchren. Langanhaltender Genuss, exklusiv auf vapingnet.de!\" \/>\n<meta property=\"og:url\" content=\"https:\/\/vapingnet.de\/fr\/vape\/bang-20000puff-blueberry-raspberry-fruchtige-vielfalt-jetzt-zum-bestpreis-sichern\/\" \/>\n<meta property=\"og:site_name\" content=\"Vapingnet.de\" \/>\n<meta property=\"article:publisher\" content=\"https:\/\/www.facebook.com\/vapingnetde\/\" \/>\n<meta property=\"article:modified_time\" content=\"2025-06-19T03:40:49+00:00\" \/>\n<meta property=\"og:image\" content=\"https:\/\/vapingnet.de\/wp-content\/uploads\/2025\/03\/Blueberry-Raspberry-2.png\" \/>\n\t<meta property=\"og:image:width\" content=\"1000\" \/>\n\t<meta property=\"og:image:height\" content=\"1000\" \/>\n\t<meta property=\"og:image:type\" content=\"image\/png\" \/>\n<meta name=\"twitter:card\" content=\"summary_large_image\" \/>\n<meta name=\"twitter:label1\" content=\"Dur\u00e9e de lecture estim\u00e9e\" \/>\n\t<meta name=\"twitter:data1\" content=\"3 minutes\" \/>\n<script type=\"application\/ld+json\" class=\"yoast-schema-graph\">{\"@context\":\"https:\/\/schema.org\",\"@graph\":[{\"@type\":\"WebPage\",\"@id\":\"https:\/\/vapingnet.de\/vape\/bang-20000puff-blueberry-raspberry-fruchtige-vielfalt-jetzt-zum-bestpreis-sichern\/\",\"url\":\"https:\/\/vapingnet.de\/vape\/bang-20000puff-blueberry-raspberry-fruchtige-vielfalt-jetzt-zum-bestpreis-sichern\/\",\"name\":\"Erlebe Bang 20000Puff Blueberry Raspberry auf vapingnet.de\",\"isPartOf\":{\"@id\":\"https:\/\/vapingnet.de\/#website\"},\"primaryImageOfPage\":{\"@id\":\"https:\/\/vapingnet.de\/vape\/bang-20000puff-blueberry-raspberry-fruchtige-vielfalt-jetzt-zum-bestpreis-sichern\/#primaryimage\"},\"image\":{\"@id\":\"https:\/\/vapingnet.de\/vape\/bang-20000puff-blueberry-raspberry-fruchtige-vielfalt-jetzt-zum-bestpreis-sichern\/#primaryimage\"},\"thumbnailUrl\":\"https:\/\/vapingnet.de\/wp-content\/uploads\/2025\/03\/Blueberry-Raspberry-2.png\",\"datePublished\":\"2025-03-15T09:34:45+00:00\",\"dateModified\":\"2025-06-19T03:40:49+00:00\",\"description\":\"Lass dich vom intensiven Blueberry Raspberry Geschmack des Bang 20000Puff verf\u00fchren. Langanhaltender Genuss, exklusiv auf vapingnet.de!\",\"breadcrumb\":{\"@id\":\"https:\/\/vapingnet.de\/vape\/bang-20000puff-blueberry-raspberry-fruchtige-vielfalt-jetzt-zum-bestpreis-sichern\/#breadcrumb\"},\"inLanguage\":\"fr-FR\",\"potentialAction\":[{\"@type\":\"ReadAction\",\"target\":[\"https:\/\/vapingnet.de\/vape\/bang-20000puff-blueberry-raspberry-fruchtige-vielfalt-jetzt-zum-bestpreis-sichern\/\"]}]},{\"@type\":\"ImageObject\",\"inLanguage\":\"fr-FR\",\"@id\":\"https:\/\/vapingnet.de\/vape\/bang-20000puff-blueberry-raspberry-fruchtige-vielfalt-jetzt-zum-bestpreis-sichern\/#primaryimage\",\"url\":\"https:\/\/vapingnet.de\/wp-content\/uploads\/2025\/03\/Blueberry-Raspberry-2.png\",\"contentUrl\":\"https:\/\/vapingnet.de\/wp-content\/uploads\/2025\/03\/Blueberry-Raspberry-2.png\",\"width\":1000,\"height\":1000,\"caption\":\"Blueberry Raspberry\"},{\"@type\":\"BreadcrumbList\",\"@id\":\"https:\/\/vapingnet.de\/vape\/bang-20000puff-blueberry-raspberry-fruchtige-vielfalt-jetzt-zum-bestpreis-sichern\/#breadcrumb\",\"itemListElement\":[{\"@type\":\"ListItem\",\"position\":1,\"name\":\"Home\",\"item\":\"https:\/\/vapingnet.de\/\"},{\"@type\":\"ListItem\",\"position\":2,\"name\":\"Shop\",\"item\":\"https:\/\/vapingnet.de\/vape\/\"},{\"@type\":\"ListItem\",\"position\":3,\"name\":\"Bang 20000Puff Blueberry Raspberry Fruchtige Vielfalt jetzt zum Bestpreis sichern\"}]},{\"@type\":\"WebSite\",\"@id\":\"https:\/\/vapingnet.de\/#website\",\"url\":\"https:\/\/vapingnet.de\/\",\"name\":\"Vapingnet.de\",\"description\":\"\",\"publisher\":{\"@id\":\"https:\/\/vapingnet.de\/#organization\"},\"potentialAction\":[{\"@type\":\"SearchAction\",\"target\":{\"@type\":\"EntryPoint\",\"urlTemplate\":\"https:\/\/vapingnet.de\/?s={search_term_string}\"},\"query-input\":{\"@type\":\"PropertyValueSpecification\",\"valueRequired\":true,\"valueName\":\"search_term_string\"}}],\"inLanguage\":\"fr-FR\"},{\"@type\":\"Organization\",\"@id\":\"https:\/\/vapingnet.de\/#organization\",\"name\":\"Vapingnet.de\",\"url\":\"https:\/\/vapingnet.de\/\",\"logo\":{\"@type\":\"ImageObject\",\"inLanguage\":\"fr-FR\",\"@id\":\"https:\/\/vapingnet.de\/#\/schema\/logo\/image\/\",\"url\":\"https:\/\/vapingnet.de\/wp-content\/uploads\/2025\/03\/cropped-vapingnet.de_.jpg\",\"contentUrl\":\"https:\/\/vapingnet.de\/wp-content\/uploads\/2025\/03\/cropped-vapingnet.de_.jpg\",\"width\":512,\"height\":512,\"caption\":\"Vapingnet.de\"},\"image\":{\"@id\":\"https:\/\/vapingnet.de\/#\/schema\/logo\/image\/\"},\"sameAs\":[\"https:\/\/www.facebook.com\/vapingnetde\/\"]}]}<\/script>\n<!-- \/ Yoast SEO plugin. -->","yoast_head_json":{"title":"Erlebe Bang 20000Puff Blueberry Raspberry auf vapingnet.de","description":"Lass dich vom intensiven Blueberry Raspberry Geschmack des Bang 20000Puff verf\u00fchren. Langanhaltender Genuss, exklusiv auf vapingnet.de!","robots":{"index":"index","follow":"follow","max-snippet":"max-snippet:-1","max-image-preview":"max-image-preview:large","max-video-preview":"max-video-preview:-1"},"canonical":"https:\/\/vapingnet.de\/fr\/vape\/bang-20000puff-blueberry-raspberry-fruchtige-vielfalt-jetzt-zum-bestpreis-sichern\/","og_locale":"fr_FR","og_type":"article","og_title":"Erlebe Bang 20000Puff Blueberry Raspberry auf vapingnet.de","og_description":"Lass dich vom intensiven Blueberry Raspberry Geschmack des Bang 20000Puff verf\u00fchren. Langanhaltender Genuss, exklusiv auf vapingnet.de!","og_url":"https:\/\/vapingnet.de\/fr\/vape\/bang-20000puff-blueberry-raspberry-fruchtige-vielfalt-jetzt-zum-bestpreis-sichern\/","og_site_name":"Vapingnet.de","article_publisher":"https:\/\/www.facebook.com\/vapingnetde\/","article_modified_time":"2025-06-19T03:40:49+00:00","og_image":[{"width":1000,"height":1000,"url":"https:\/\/vapingnet.de\/wp-content\/uploads\/2025\/03\/Blueberry-Raspberry-2.png","type":"image\/png"}],"twitter_card":"summary_large_image","twitter_misc":{"Dur\u00e9e de lecture estim\u00e9e":"3 minutes"},"schema":{"@context":"https:\/\/schema.org","@graph":[{"@type":"WebPage","@id":"https:\/\/vapingnet.de\/vape\/bang-20000puff-blueberry-raspberry-fruchtige-vielfalt-jetzt-zum-bestpreis-sichern\/","url":"https:\/\/vapingnet.de\/vape\/bang-20000puff-blueberry-raspberry-fruchtige-vielfalt-jetzt-zum-bestpreis-sichern\/","name":"Erlebe Bang 20000Puff Blueberry Raspberry auf vapingnet.de","isPartOf":{"@id":"https:\/\/vapingnet.de\/#website"},"primaryImageOfPage":{"@id":"https:\/\/vapingnet.de\/vape\/bang-20000puff-blueberry-raspberry-fruchtige-vielfalt-jetzt-zum-bestpreis-sichern\/#primaryimage"},"image":{"@id":"https:\/\/vapingnet.de\/vape\/bang-20000puff-blueberry-raspberry-fruchtige-vielfalt-jetzt-zum-bestpreis-sichern\/#primaryimage"},"thumbnailUrl":"https:\/\/vapingnet.de\/wp-content\/uploads\/2025\/03\/Blueberry-Raspberry-2.png","datePublished":"2025-03-15T09:34:45+00:00","dateModified":"2025-06-19T03:40:49+00:00","description":"Lass dich vom intensiven Blueberry Raspberry Geschmack des Bang 20000Puff verf\u00fchren. Langanhaltender Genuss, exklusiv auf vapingnet.de!","breadcrumb":{"@id":"https:\/\/vapingnet.de\/vape\/bang-20000puff-blueberry-raspberry-fruchtige-vielfalt-jetzt-zum-bestpreis-sichern\/#breadcrumb"},"inLanguage":"fr-FR","potentialAction":[{"@type":"ReadAction","target":["https:\/\/vapingnet.de\/vape\/bang-20000puff-blueberry-raspberry-fruchtige-vielfalt-jetzt-zum-bestpreis-sichern\/"]}]},{"@type":"ImageObject","inLanguage":"fr-FR","@id":"https:\/\/vapingnet.de\/vape\/bang-20000puff-blueberry-raspberry-fruchtige-vielfalt-jetzt-zum-bestpreis-sichern\/#primaryimage","url":"https:\/\/vapingnet.de\/wp-content\/uploads\/2025\/03\/Blueberry-Raspberry-2.png","contentUrl":"https:\/\/vapingnet.de\/wp-content\/uploads\/2025\/03\/Blueberry-Raspberry-2.png","width":1000,"height":1000,"caption":"Blueberry Raspberry"},{"@type":"BreadcrumbList","@id":"https:\/\/vapingnet.de\/vape\/bang-20000puff-blueberry-raspberry-fruchtige-vielfalt-jetzt-zum-bestpreis-sichern\/#breadcrumb","itemListElement":[{"@type":"ListItem","position":1,"name":"Home","item":"https:\/\/vapingnet.de\/"},{"@type":"ListItem","position":2,"name":"Shop","item":"https:\/\/vapingnet.de\/vape\/"},{"@type":"ListItem","position":3,"name":"Bang 20000Puff Blueberry Raspberry Fruchtige Vielfalt jetzt zum Bestpreis sichern"}]},{"@type":"WebSite","@id":"https:\/\/vapingnet.de\/#website","url":"https:\/\/vapingnet.de\/","name":"Vapingnet.de","description":"","publisher":{"@id":"https:\/\/vapingnet.de\/#organization"},"potentialAction":[{"@type":"SearchAction","target":{"@type":"EntryPoint","urlTemplate":"https:\/\/vapingnet.de\/?s={search_term_string}"},"query-input":{"@type":"PropertyValueSpecification","valueRequired":true,"valueName":"search_term_string"}}],"inLanguage":"fr-FR"},{"@type":"Organization","@id":"https:\/\/vapingnet.de\/#organization","name":"Vapingnet.de","url":"https:\/\/vapingnet.de\/","logo":{"@type":"ImageObject","inLanguage":"fr-FR","@id":"https:\/\/vapingnet.de\/#\/schema\/logo\/image\/","url":"https:\/\/vapingnet.de\/wp-content\/uploads\/2025\/03\/cropped-vapingnet.de_.jpg","contentUrl":"https:\/\/vapingnet.de\/wp-content\/uploads\/2025\/03\/cropped-vapingnet.de_.jpg","width":512,"height":512,"caption":"Vapingnet.de"},"image":{"@id":"https:\/\/vapingnet.de\/#\/schema\/logo\/image\/"},"sameAs":["https:\/\/www.facebook.com\/vapingnetde\/"]}]}},"tiered_pricing_type":"fixed","tiered_pricing_fixed_rules":{"10":"8.92","60":"8.03","110":"7.14","200":"6.24"},"tiered_pricing_product_settings":{"layout":"default","base_unit_name":{"singular":null,"plural":null},"default_variation":null},"tiered_pricing_minimum_quantity":null,"tiered_pricing_roles_data":[],"tiered_pricing_percentage_rules":[],"_links":{"self":[{"href":"https:\/\/vapingnet.de\/fr\/wp-json\/wp\/v2\/product\/5471","targetHints":{"allow":["GET"]}}],"collection":[{"href":"https:\/\/vapingnet.de\/fr\/wp-json\/wp\/v2\/product"}],"about":[{"href":"https:\/\/vapingnet.de\/fr\/wp-json\/wp\/v2\/types\/product"}],"version-history":[{"count":1,"href":"https:\/\/vapingnet.de\/fr\/wp-json\/wp\/v2\/product\/5471\/revisions"}],"predecessor-version":[{"id":5473,"href":"https:\/\/vapingnet.de\/fr\/wp-json\/wp\/v2\/product\/5471\/revisions\/5473"}],"wp:featuredmedia":[{"embeddable":true,"href":"https:\/\/vapingnet.de\/fr\/wp-json\/wp\/v2\/media\/5472"}],"wp:attachment":[{"href":"https:\/\/vapingnet.de\/fr\/wp-json\/wp\/v2\/media?parent=5471"}],"wp:term":[{"taxonomy":"brand","embeddable":true,"href":"https:\/\/vapingnet.de\/fr\/wp-json\/wp\/v2\/etheme_brands?post=5471"},{"taxonomy":"product_brand","embeddable":true,"href":"https:\/\/vapingnet.de\/fr\/wp-json\/wp\/v2\/product_brand?post=5471"},{"taxonomy":"product_cat","embeddable":true,"href":"https:\/\/vapingnet.de\/fr\/wp-json\/wp\/v2\/product_cat?post=5471"},{"taxonomy":"product_tag","embeddable":true,"href":"https:\/\/vapingnet.de\/fr\/wp-json\/wp\/v2\/product_tag?post=5471"}],"curies":[{"name":"wp","href":"https:\/\/api.w.org\/{rel}","templated":true}]}}