{"id":5477,"date":"2025-03-15T09:47:27","date_gmt":"2025-03-15T09:47:27","guid":{"rendered":"https:\/\/vapingnet.de\/?post_type=product&#038;p=5477"},"modified":"2025-06-19T03:40:48","modified_gmt":"2025-06-19T03:40:48","slug":"sparen-mit-bang-20000puff-jetzt-zum-sonderpreis-und-in-bester-qualitaet","status":"publish","type":"product","link":"https:\/\/vapingnet.de\/fr\/vape\/sparen-mit-bang-20000puff-jetzt-zum-sonderpreis-und-in-bester-qualitaet\/","title":{"rendered":"\u00c9conomisez avec Bang 20000Puff, profitez du prix sp\u00e9cial et de la meilleure qualit\u00e9"},"content":{"rendered":"<h2 data-start=\"0\" data-end=\"108\">Bang 20000Puff Mesh Double Jetable E-Cigarette \u2013 D\u00e9gustation de vapeur infinie, saveur d\u00e9licate, utilisation longue dur\u00e9e<\/h2>\n<p data-start=\"110\" data-end=\"503\">La Bang 20000Puff Mesh Double Jetable E-Cigarette vous offre une exp\u00e9rience inoubliable avec 20 000 bouff\u00e9es. \u00c9quip\u00e9e de la technologie innovante Dual Mesh Coil, elle garantit une vapeur r\u00e9guli\u00e8re et intense, faisant de chaque bouff\u00e9e un plaisir. Que ce soit au quotidien ou en voyage, elle assure d'excellentes quantit\u00e9s de vapeur et une exp\u00e9rience gustative exceptionnelle.<\/p>\n<h2 data-start=\"505\" data-end=\"525\">D\u00e9tails du produit<\/h2>\n<ul data-start=\"526\" data-end=\"779\">\n<li data-start=\"526\" data-end=\"551\"><strong data-start=\"528\" data-end=\"536\">Bouff\u00e9es<\/strong>: 20 000 bouff\u00e9es<\/li>\n<li data-start=\"552\" data-end=\"590\"><strong data-start=\"554\" data-end=\"567\">R\u00e9pulseur en Mesh<\/strong>: 1,1\u03a9 Dual Mesh Coil<\/li>\n<li data-start=\"591\" data-end=\"623\"><strong data-start=\"593\" data-end=\"615\">Capacit\u00e9 du e-liquide<\/strong>: 28ml<\/li>\n<li data-start=\"624\" data-end=\"661\"><strong data-start=\"626\" data-end=\"643\">Contenu en nicotine<\/strong>: 0%, 2%, 3%, 5%<\/li>\n<li data-start=\"662\" data-end=\"695\"><strong data-start=\"664\" data-end=\"685\">Capacit\u00e9 de la batterie<\/strong>: 650mAh<\/li>\n<li data-start=\"696\" data-end=\"725\"><strong data-start=\"698\" data-end=\"715\">Port de charge<\/strong>: Type-C<\/li>\n<li data-start=\"726\" data-end=\"752\"><strong data-start=\"728\" data-end=\"739\">Poids<\/strong>: 90g\/pi\u00e8ce<\/li>\n<li data-start=\"753\" data-end=\"779\"><strong data-start=\"755\" data-end=\"766\">Affichage<\/strong>: \u00c9cran LED<\/li>\n<\/ul>\n<p data-start=\"781\" data-end=\"1067\"><strong data-start=\"781\" data-end=\"808\">Utilisation longue dur\u00e9e<\/strong><br data-start=\"808\" data-end=\"811\" \/>Avec une capacit\u00e9 de 28ml de e-liquide, la Bang 20000Puff <a href=\"https:\/\/vapingnet.de\/fr\/k\/einweg-e-zigarette\/\" target=\"_blank\" rel=\"noopener\"><strong>cigarette \u00e9lectronique jetable<\/strong><\/a> offre jusqu'\u00e0 20 000 bouff\u00e9es et permet une utilisation prolong\u00e9e sans avoir besoin de remplir ou de changer la cigarette \u00e9lectronique en permanence. Parfait pour une utilisation quotidienne ou en voyage.<\/p>\n<p data-start=\"1069\" data-end=\"1356\"><strong data-start=\"1069\" data-end=\"1094\">coil en mesh pr\u00e9cise<\/strong><br data-start=\"1094\" data-end=\"1097\" \/>Compar\u00e9e aux cigarettes \u00e9lectroniques jetables classiques, la Bang 20000Puff utilise des coils Dual Mesh qui assurent un chauffage uniforme. Cela conduit \u00e0 des quantit\u00e9s de vapeur plus intenses et \u00e0 un go\u00fbt plus lisse. Chaque bouff\u00e9e est un plaisir uniforme et complet.<\/p>\n<p data-start=\"1358\" data-end=\"1704\"><strong data-start=\"1358\" data-end=\"1392\">Options de saveurs vari\u00e9es<\/strong><br data-start=\"1392\" data-end=\"1395\" \/>La Bang 20000Puff propose une vari\u00e9t\u00e9 de saveurs, la saveur \u00ab Fraise Mangue \u00bb \u00e9tant particuli\u00e8rement populaire. La fra\u00eecheur des fraises et la douceur tropicale de la mangue offrent une exp\u00e9rience de vapotage parfaitement \u00e9quilibr\u00e9e et rafra\u00eechissante \u2013 id\u00e9ale pour des moments de d\u00e9tente.<\/p>\n<p data-start=\"1706\" data-end=\"1994\"><strong data-start=\"1706\" data-end=\"1753\">Charge rapide et performance longue dur\u00e9e<\/strong><br data-start=\"1753\" data-end=\"1756\" \/>La Bang 20000Puff est \u00e9quip\u00e9e d'une batterie de 650mAh et supporte une charge rapide via une connexion Type-C. Avec cette technologie, vous \u00eates toujours rapidement pr\u00eat \u00e0 vapoter, sans longues p\u00e9riodes de charge.<\/p>\n<p data-start=\"1996\" data-end=\"2275\"><strong data-start=\"1996\" data-end=\"2031\">Sans douane et livraison rapide<\/strong><br data-start=\"2031\" data-end=\"2034\" \/>Achetez confortablement sur vapingnet.fr et profitez de commandes hors taxes. Cela vous permet d\u2019\u00e9conomiser des co\u00fbts suppl\u00e9mentaires. De plus, nous proposons une livraison rapide en 7-15 jours ouvrables, pour que votre produit vous parvienne rapidement.<\/p>\n<p data-start=\"2277\" data-end=\"2557\" data-is-last-node=\"\" data-is-only-node=\"\"><strong data-start=\"2277\" data-end=\"2293\">Acheter maintenant<\/strong><br data-start=\"2293\" data-end=\"2296\" \/>La Bang 20000Puff Mesh Double Jetable E-Cigarette, avec sa longue dur\u00e9e d\u2019utilisation, son go\u00fbt exceptionnel et ses fonctions de charge pratiques, est un choix populaire sur le march\u00e9 des cigarettes \u00e9lectroniques. Visitez d\u00e8s maintenant vapingnet.fr et d\u00e9couvrez ce produit innovant !<\/p>","protected":false},"excerpt":{"rendered":"<p>Bang 20000Puff Dual Mesh Einweg E-Zigarette \u2013 Endloser Dampfgenuss, feiner Geschmack, langanhaltende Nutzung Die Bang 20000Puff Dual Mesh Einweg E-Zigarette bietet Ihnen ein unvergessliches Erlebnis&#8230;<\/p>","protected":false},"featured_media":5478,"template":"","meta":[],"etheme_brands":[],"product_brand":[101],"product_cat":[54,49,61],"product_tag":[],"class_list":{"0":"post-5477","1":"product","2":"type-product","3":"status-publish","4":"has-post-thumbnail","6":"product_brand-bang-king-vape","7":"product_cat-vape-20000-zuege","8":"product_cat-einweg-e-zigarette","9":"product_cat-f","11":"first","12":"instock","13":"shipping-taxable","14":"purchasable","15":"product-type-simple"},"yoast_head":"<!-- This site is optimized with the Yoast SEO plugin v26.5 - https:\/\/yoast.com\/wordpress\/plugins\/seo\/ -->\n<title>Bang 20000Puff \u2013 Strawberry Mango E-Zigaretten auf vapingnet.de<\/title>\n<meta name=\"description\" content=\"Entdecken Sie die Bang 20000Puff Strawberry Mango E-Zigarette bei vapingnet.de \u2013 Perfekte Mischung aus fruchtigem Genuss und langer Haltbarkeit!\" \/>\n<meta name=\"robots\" content=\"index, follow, max-snippet:-1, max-image-preview:large, max-video-preview:-1\" \/>\n<link rel=\"canonical\" href=\"https:\/\/vapingnet.de\/fr\/vape\/sparen-mit-bang-20000puff-jetzt-zum-sonderpreis-und-in-bester-qualitaet\/\" \/>\n<meta property=\"og:locale\" content=\"fr_FR\" \/>\n<meta property=\"og:type\" content=\"article\" \/>\n<meta property=\"og:title\" content=\"Bang 20000Puff \u2013 Strawberry Mango E-Zigaretten auf vapingnet.de\" \/>\n<meta property=\"og:description\" content=\"Entdecken Sie die Bang 20000Puff Strawberry Mango E-Zigarette bei vapingnet.de \u2013 Perfekte Mischung aus fruchtigem Genuss und langer Haltbarkeit!\" \/>\n<meta property=\"og:url\" content=\"https:\/\/vapingnet.de\/fr\/vape\/sparen-mit-bang-20000puff-jetzt-zum-sonderpreis-und-in-bester-qualitaet\/\" \/>\n<meta property=\"og:site_name\" content=\"Vapingnet.de\" \/>\n<meta property=\"article:publisher\" content=\"https:\/\/www.facebook.com\/vapingnetde\/\" \/>\n<meta property=\"article:modified_time\" content=\"2025-06-19T03:40:48+00:00\" \/>\n<meta property=\"og:image\" content=\"https:\/\/vapingnet.de\/wp-content\/uploads\/2025\/03\/Strawberry-Mango-2.png\" \/>\n\t<meta property=\"og:image:width\" content=\"1000\" \/>\n\t<meta property=\"og:image:height\" content=\"1000\" \/>\n\t<meta property=\"og:image:type\" content=\"image\/png\" \/>\n<meta name=\"twitter:card\" content=\"summary_large_image\" \/>\n<meta name=\"twitter:label1\" content=\"Dur\u00e9e de lecture estim\u00e9e\" \/>\n\t<meta name=\"twitter:data1\" content=\"2 minutes\" \/>\n<script type=\"application\/ld+json\" class=\"yoast-schema-graph\">{\"@context\":\"https:\/\/schema.org\",\"@graph\":[{\"@type\":\"WebPage\",\"@id\":\"https:\/\/vapingnet.de\/vape\/sparen-mit-bang-20000puff-jetzt-zum-sonderpreis-und-in-bester-qualitaet\/\",\"url\":\"https:\/\/vapingnet.de\/vape\/sparen-mit-bang-20000puff-jetzt-zum-sonderpreis-und-in-bester-qualitaet\/\",\"name\":\"Bang 20000Puff \u2013 Strawberry Mango E-Zigaretten auf vapingnet.de\",\"isPartOf\":{\"@id\":\"https:\/\/vapingnet.de\/#website\"},\"primaryImageOfPage\":{\"@id\":\"https:\/\/vapingnet.de\/vape\/sparen-mit-bang-20000puff-jetzt-zum-sonderpreis-und-in-bester-qualitaet\/#primaryimage\"},\"image\":{\"@id\":\"https:\/\/vapingnet.de\/vape\/sparen-mit-bang-20000puff-jetzt-zum-sonderpreis-und-in-bester-qualitaet\/#primaryimage\"},\"thumbnailUrl\":\"https:\/\/vapingnet.de\/wp-content\/uploads\/2025\/03\/Strawberry-Mango-2.png\",\"datePublished\":\"2025-03-15T09:47:27+00:00\",\"dateModified\":\"2025-06-19T03:40:48+00:00\",\"description\":\"Entdecken Sie die Bang 20000Puff Strawberry Mango E-Zigarette bei vapingnet.de \u2013 Perfekte Mischung aus fruchtigem Genuss und langer Haltbarkeit!\",\"breadcrumb\":{\"@id\":\"https:\/\/vapingnet.de\/vape\/sparen-mit-bang-20000puff-jetzt-zum-sonderpreis-und-in-bester-qualitaet\/#breadcrumb\"},\"inLanguage\":\"fr-FR\",\"potentialAction\":[{\"@type\":\"ReadAction\",\"target\":[\"https:\/\/vapingnet.de\/vape\/sparen-mit-bang-20000puff-jetzt-zum-sonderpreis-und-in-bester-qualitaet\/\"]}]},{\"@type\":\"ImageObject\",\"inLanguage\":\"fr-FR\",\"@id\":\"https:\/\/vapingnet.de\/vape\/sparen-mit-bang-20000puff-jetzt-zum-sonderpreis-und-in-bester-qualitaet\/#primaryimage\",\"url\":\"https:\/\/vapingnet.de\/wp-content\/uploads\/2025\/03\/Strawberry-Mango-2.png\",\"contentUrl\":\"https:\/\/vapingnet.de\/wp-content\/uploads\/2025\/03\/Strawberry-Mango-2.png\",\"width\":1000,\"height\":1000,\"caption\":\"Strawberry Mango\"},{\"@type\":\"BreadcrumbList\",\"@id\":\"https:\/\/vapingnet.de\/vape\/sparen-mit-bang-20000puff-jetzt-zum-sonderpreis-und-in-bester-qualitaet\/#breadcrumb\",\"itemListElement\":[{\"@type\":\"ListItem\",\"position\":1,\"name\":\"Home\",\"item\":\"https:\/\/vapingnet.de\/\"},{\"@type\":\"ListItem\",\"position\":2,\"name\":\"Shop\",\"item\":\"https:\/\/vapingnet.de\/vape\/\"},{\"@type\":\"ListItem\",\"position\":3,\"name\":\"Sparen mit Bang 20000Puff Jetzt zum Sonderpreis und in bester Qualit\u00e4t\"}]},{\"@type\":\"WebSite\",\"@id\":\"https:\/\/vapingnet.de\/#website\",\"url\":\"https:\/\/vapingnet.de\/\",\"name\":\"Vapingnet.de\",\"description\":\"\",\"publisher\":{\"@id\":\"https:\/\/vapingnet.de\/#organization\"},\"potentialAction\":[{\"@type\":\"SearchAction\",\"target\":{\"@type\":\"EntryPoint\",\"urlTemplate\":\"https:\/\/vapingnet.de\/?s={search_term_string}\"},\"query-input\":{\"@type\":\"PropertyValueSpecification\",\"valueRequired\":true,\"valueName\":\"search_term_string\"}}],\"inLanguage\":\"fr-FR\"},{\"@type\":\"Organization\",\"@id\":\"https:\/\/vapingnet.de\/#organization\",\"name\":\"Vapingnet.de\",\"url\":\"https:\/\/vapingnet.de\/\",\"logo\":{\"@type\":\"ImageObject\",\"inLanguage\":\"fr-FR\",\"@id\":\"https:\/\/vapingnet.de\/#\/schema\/logo\/image\/\",\"url\":\"https:\/\/vapingnet.de\/wp-content\/uploads\/2025\/03\/cropped-vapingnet.de_.jpg\",\"contentUrl\":\"https:\/\/vapingnet.de\/wp-content\/uploads\/2025\/03\/cropped-vapingnet.de_.jpg\",\"width\":512,\"height\":512,\"caption\":\"Vapingnet.de\"},\"image\":{\"@id\":\"https:\/\/vapingnet.de\/#\/schema\/logo\/image\/\"},\"sameAs\":[\"https:\/\/www.facebook.com\/vapingnetde\/\"]}]}<\/script>\n<!-- \/ Yoast SEO plugin. -->","yoast_head_json":{"title":"Bang 20000Puff \u2013 Strawberry Mango E-Zigaretten auf vapingnet.de","description":"Entdecken Sie die Bang 20000Puff Strawberry Mango E-Zigarette bei vapingnet.de \u2013 Perfekte Mischung aus fruchtigem Genuss und langer Haltbarkeit!","robots":{"index":"index","follow":"follow","max-snippet":"max-snippet:-1","max-image-preview":"max-image-preview:large","max-video-preview":"max-video-preview:-1"},"canonical":"https:\/\/vapingnet.de\/fr\/vape\/sparen-mit-bang-20000puff-jetzt-zum-sonderpreis-und-in-bester-qualitaet\/","og_locale":"fr_FR","og_type":"article","og_title":"Bang 20000Puff \u2013 Strawberry Mango E-Zigaretten auf vapingnet.de","og_description":"Entdecken Sie die Bang 20000Puff Strawberry Mango E-Zigarette bei vapingnet.de \u2013 Perfekte Mischung aus fruchtigem Genuss und langer Haltbarkeit!","og_url":"https:\/\/vapingnet.de\/fr\/vape\/sparen-mit-bang-20000puff-jetzt-zum-sonderpreis-und-in-bester-qualitaet\/","og_site_name":"Vapingnet.de","article_publisher":"https:\/\/www.facebook.com\/vapingnetde\/","article_modified_time":"2025-06-19T03:40:48+00:00","og_image":[{"width":1000,"height":1000,"url":"https:\/\/vapingnet.de\/wp-content\/uploads\/2025\/03\/Strawberry-Mango-2.png","type":"image\/png"}],"twitter_card":"summary_large_image","twitter_misc":{"Dur\u00e9e de lecture estim\u00e9e":"2 minutes"},"schema":{"@context":"https:\/\/schema.org","@graph":[{"@type":"WebPage","@id":"https:\/\/vapingnet.de\/vape\/sparen-mit-bang-20000puff-jetzt-zum-sonderpreis-und-in-bester-qualitaet\/","url":"https:\/\/vapingnet.de\/vape\/sparen-mit-bang-20000puff-jetzt-zum-sonderpreis-und-in-bester-qualitaet\/","name":"Bang 20000Puff \u2013 Strawberry Mango E-Zigaretten auf vapingnet.de","isPartOf":{"@id":"https:\/\/vapingnet.de\/#website"},"primaryImageOfPage":{"@id":"https:\/\/vapingnet.de\/vape\/sparen-mit-bang-20000puff-jetzt-zum-sonderpreis-und-in-bester-qualitaet\/#primaryimage"},"image":{"@id":"https:\/\/vapingnet.de\/vape\/sparen-mit-bang-20000puff-jetzt-zum-sonderpreis-und-in-bester-qualitaet\/#primaryimage"},"thumbnailUrl":"https:\/\/vapingnet.de\/wp-content\/uploads\/2025\/03\/Strawberry-Mango-2.png","datePublished":"2025-03-15T09:47:27+00:00","dateModified":"2025-06-19T03:40:48+00:00","description":"Entdecken Sie die Bang 20000Puff Strawberry Mango E-Zigarette bei vapingnet.de \u2013 Perfekte Mischung aus fruchtigem Genuss und langer Haltbarkeit!","breadcrumb":{"@id":"https:\/\/vapingnet.de\/vape\/sparen-mit-bang-20000puff-jetzt-zum-sonderpreis-und-in-bester-qualitaet\/#breadcrumb"},"inLanguage":"fr-FR","potentialAction":[{"@type":"ReadAction","target":["https:\/\/vapingnet.de\/vape\/sparen-mit-bang-20000puff-jetzt-zum-sonderpreis-und-in-bester-qualitaet\/"]}]},{"@type":"ImageObject","inLanguage":"fr-FR","@id":"https:\/\/vapingnet.de\/vape\/sparen-mit-bang-20000puff-jetzt-zum-sonderpreis-und-in-bester-qualitaet\/#primaryimage","url":"https:\/\/vapingnet.de\/wp-content\/uploads\/2025\/03\/Strawberry-Mango-2.png","contentUrl":"https:\/\/vapingnet.de\/wp-content\/uploads\/2025\/03\/Strawberry-Mango-2.png","width":1000,"height":1000,"caption":"Strawberry Mango"},{"@type":"BreadcrumbList","@id":"https:\/\/vapingnet.de\/vape\/sparen-mit-bang-20000puff-jetzt-zum-sonderpreis-und-in-bester-qualitaet\/#breadcrumb","itemListElement":[{"@type":"ListItem","position":1,"name":"Home","item":"https:\/\/vapingnet.de\/"},{"@type":"ListItem","position":2,"name":"Shop","item":"https:\/\/vapingnet.de\/vape\/"},{"@type":"ListItem","position":3,"name":"Sparen mit Bang 20000Puff Jetzt zum Sonderpreis und in bester Qualit\u00e4t"}]},{"@type":"WebSite","@id":"https:\/\/vapingnet.de\/#website","url":"https:\/\/vapingnet.de\/","name":"Vapingnet.de","description":"","publisher":{"@id":"https:\/\/vapingnet.de\/#organization"},"potentialAction":[{"@type":"SearchAction","target":{"@type":"EntryPoint","urlTemplate":"https:\/\/vapingnet.de\/?s={search_term_string}"},"query-input":{"@type":"PropertyValueSpecification","valueRequired":true,"valueName":"search_term_string"}}],"inLanguage":"fr-FR"},{"@type":"Organization","@id":"https:\/\/vapingnet.de\/#organization","name":"Vapingnet.de","url":"https:\/\/vapingnet.de\/","logo":{"@type":"ImageObject","inLanguage":"fr-FR","@id":"https:\/\/vapingnet.de\/#\/schema\/logo\/image\/","url":"https:\/\/vapingnet.de\/wp-content\/uploads\/2025\/03\/cropped-vapingnet.de_.jpg","contentUrl":"https:\/\/vapingnet.de\/wp-content\/uploads\/2025\/03\/cropped-vapingnet.de_.jpg","width":512,"height":512,"caption":"Vapingnet.de"},"image":{"@id":"https:\/\/vapingnet.de\/#\/schema\/logo\/image\/"},"sameAs":["https:\/\/www.facebook.com\/vapingnetde\/"]}]}},"tiered_pricing_type":"fixed","tiered_pricing_fixed_rules":{"10":"8.92","60":"8.03","110":"7.14","200":"6.24"},"tiered_pricing_product_settings":{"layout":"default","base_unit_name":{"singular":null,"plural":null},"default_variation":null},"tiered_pricing_minimum_quantity":null,"tiered_pricing_roles_data":[],"tiered_pricing_percentage_rules":[],"_links":{"self":[{"href":"https:\/\/vapingnet.de\/fr\/wp-json\/wp\/v2\/product\/5477","targetHints":{"allow":["GET"]}}],"collection":[{"href":"https:\/\/vapingnet.de\/fr\/wp-json\/wp\/v2\/product"}],"about":[{"href":"https:\/\/vapingnet.de\/fr\/wp-json\/wp\/v2\/types\/product"}],"version-history":[{"count":1,"href":"https:\/\/vapingnet.de\/fr\/wp-json\/wp\/v2\/product\/5477\/revisions"}],"predecessor-version":[{"id":5479,"href":"https:\/\/vapingnet.de\/fr\/wp-json\/wp\/v2\/product\/5477\/revisions\/5479"}],"wp:featuredmedia":[{"embeddable":true,"href":"https:\/\/vapingnet.de\/fr\/wp-json\/wp\/v2\/media\/5478"}],"wp:attachment":[{"href":"https:\/\/vapingnet.de\/fr\/wp-json\/wp\/v2\/media?parent=5477"}],"wp:term":[{"taxonomy":"brand","embeddable":true,"href":"https:\/\/vapingnet.de\/fr\/wp-json\/wp\/v2\/etheme_brands?post=5477"},{"taxonomy":"product_brand","embeddable":true,"href":"https:\/\/vapingnet.de\/fr\/wp-json\/wp\/v2\/product_brand?post=5477"},{"taxonomy":"product_cat","embeddable":true,"href":"https:\/\/vapingnet.de\/fr\/wp-json\/wp\/v2\/product_cat?post=5477"},{"taxonomy":"product_tag","embeddable":true,"href":"https:\/\/vapingnet.de\/fr\/wp-json\/wp\/v2\/product_tag?post=5477"}],"curies":[{"name":"wp","href":"https:\/\/api.w.org\/{rel}","templated":true}]}}