{"id":5487,"date":"2025-03-15T10:05:57","date_gmt":"2025-03-15T10:05:57","guid":{"rendered":"https:\/\/vapingnet.de\/?post_type=product&#038;p=5487"},"modified":"2025-06-19T03:40:47","modified_gmt":"2025-06-19T03:40:47","slug":"mango-peach-watermelon-und-bang-20000puff-premiumqualitaet-zu-sonderpreisen","status":"publish","type":"product","link":"https:\/\/vapingnet.de\/fr\/vape\/mango-peach-watermelon-und-bang-20000puff-premiumqualitaet-zu-sonderpreisen\/","title":{"rendered":"Mangue P\u00eache Past\u00e8que et Bang 20000Puff de qualit\u00e9 premium \u00e0 prix sp\u00e9ciaux"},"content":{"rendered":"<h2 data-start=\"27\" data-end=\"123\">D\u00e9couvrez la cigarette \u00e9lectronique jetable Bang 20000Puff Dual Mesh : Saveur intense, longue utilisation<\/h2>\n<p data-start=\"125\" data-end=\"474\">\u00c0 la recherche d'une cigarette \u00e9lectronique de haute qualit\u00e9, la <a href=\"https:\/\/vapingnet.de\/fr\/bang-20000-puff-dual-mesh\/\" target=\"_blank\" rel=\"noopener\"><strong>Bang 20000Puff Dual Mesh Cigarette \u00c9lectronique Jetable<\/strong><\/a> se distingue par son design innovant et ses performances impressionnantes. Cette cigarette \u00e9lectronique offre non seulement une utilisation prolong\u00e9e, mais aussi une exp\u00e9rience fruit\u00e9e tropicale agr\u00e9able, ce qui en fait le choix id\u00e9al pour les vapoteurs modernes.<\/p>\n<h4 data-start=\"481\" data-end=\"507\">Sp\u00e9cifications du produit<\/h4>\n<div class=\"overflow-x-auto contain-inline-size\">\n<table style=\"height: 365px;\" width=\"633\" data-start=\"509\" data-end=\"1405\">\n<thead data-start=\"509\" data-end=\"589\">\n<tr data-start=\"509\" data-end=\"589\">\n<th data-start=\"509\" data-end=\"532\">Caract\u00e9ristique<\/th>\n<th data-start=\"532\" data-end=\"589\">Description<\/th>\n<\/tr>\n<\/thead>\n<tbody data-start=\"671\" data-end=\"1405\">\n<tr data-start=\"671\" data-end=\"751\">\n<td><strong data-start=\"673\" data-end=\"687\">Type de produit<\/strong><\/td>\n<td>cigarette \u00e9lectronique jetable<\/td>\n<\/tr>\n<tr data-start=\"752\" data-end=\"832\">\n<td><strong data-start=\"754\" data-end=\"767\">Saveur<\/strong><\/td>\n<td>Mangue P\u00eache Past\u00e8que<\/td>\n<\/tr>\n<tr data-start=\"833\" data-end=\"915\">\n<td><strong data-start=\"835\" data-end=\"857\">Capacit\u00e9 de e-liquide<\/strong><\/td>\n<td>28 ml<\/td>\n<\/tr>\n<tr data-start=\"916\" data-end=\"997\">\n<td><strong data-start=\"918\" data-end=\"926\">Bouff\u00e9es<\/strong><\/td>\n<td>20000 bouff\u00e9es<\/td>\n<\/tr>\n<tr data-start=\"998\" data-end=\"1078\">\n<td><strong data-start=\"1000\" data-end=\"1020\">Technologie de coil<\/strong><\/td>\n<td>Dual Mesh Coil (1,1\u03a9)<\/td>\n<\/tr>\n<tr data-start=\"1079\" data-end=\"1159\">\n<td><strong data-start=\"1081\" data-end=\"1098\">Teneur en nicotine<\/strong><\/td>\n<td>0%, 2%, 3%, 5%<\/td>\n<\/tr>\n<tr data-start=\"1160\" data-end=\"1241\">\n<td><strong data-start=\"1162\" data-end=\"1174\">Batterie<\/strong><\/td>\n<td>650 mAh<\/td>\n<\/tr>\n<tr data-start=\"1242\" data-end=\"1323\">\n<td><strong data-start=\"1244\" data-end=\"1261\">Port de charge<\/strong><\/td>\n<td>Type-C<\/td>\n<\/tr>\n<tr data-start=\"1324\" data-end=\"1405\">\n<td><strong data-start=\"1326\" data-end=\"1337\">Poids<\/strong><\/td>\n<td>90g\/pi\u00e8ce<\/td>\n<\/tr>\n<\/tbody>\n<\/table>\n<\/div>\n<hr data-start=\"1407\" data-end=\"1410\" \/>\n<h3 data-start=\"1412\" data-end=\"1459\">Les principaux avantages du Bang 20000Puff<\/h3>\n<ul data-start=\"1461\" data-end=\"2693\">\n<li data-start=\"1461\" data-end=\"1742\">\n<p data-start=\"1463\" data-end=\"1742\"><strong data-start=\"1463\" data-end=\"1501\">20 000 bouff\u00e9es pour une utilisation prolong\u00e9e<\/strong><br data-start=\"1501\" data-end=\"1504\" \/>La cigarette \u00e9lectronique jetable Bang 20000Puff avec 28 ml de e-liquide offre jusqu'\u00e0 20 000 bouff\u00e9es, vous permettant de l'appr\u00e9cier sur une longue p\u00e9riode. Que ce soit pour voyager, en d\u00e9placement ou pour une utilisation quotidienne, elle r\u00e9pond \u00e0 tous vos besoins.<\/p>\n<\/li>\n<li data-start=\"1744\" data-end=\"1988\">\n<p data-start=\"1746\" data-end=\"1988\"><strong data-start=\"1746\" data-end=\"1800\">Technologie Dual Mesh Coil pour une vapeur uniforme<\/strong><br data-start=\"1800\" data-end=\"1803\" \/>Avec la technologie Dual Mesh Coil de 1,1\u03a9, la vapeur est chauff\u00e9e uniform\u00e9ment, ce qui conduit \u00e0 une saveur intense et douce. Chaque bouff\u00e9e garantit une exp\u00e9rience de vapotage de haute qualit\u00e9.<\/p>\n<\/li>\n<li data-start=\"1990\" data-end=\"2248\">\n<p data-start=\"1992\" data-end=\"2248\"><strong data-start=\"1992\" data-end=\"2046\">Options de nicotine pr\u00e9cises pour des pr\u00e9f\u00e9rences individuelles<\/strong><br data-start=\"2046\" data-end=\"2049\" \/>Avec les quatre niveaux de nicotine diff\u00e9rents (0%, 2%, 3%, 5%), vous pouvez choisir la saveur parfaite selon vos pr\u00e9f\u00e9rences, que vous pr\u00e9f\u00e9riez une exp\u00e9rience douce ou plus intense.<\/p>\n<\/li>\n<li data-start=\"2250\" data-end=\"2472\">\n<p data-start=\"2252\" data-end=\"2472\"><strong data-start=\"2252\" data-end=\"2292\">Charge rapide avec port Type-C<\/strong><br data-start=\"2292\" data-end=\"2295\" \/>\u00c9quip\u00e9e d'une batterie de 650mAh et d'un port Type-C, la Bang 20000Puff permet une charge rapide et garantit que votre appareil est pr\u00eat \u00e0 l'emploi \u00e0 tout moment.<\/p>\n<\/li>\n<li data-start=\"2474\" data-end=\"2693\">\n<p data-start=\"2476\" data-end=\"2693\"><strong data-start=\"2476\" data-end=\"2511\">Indicateur LED pour la surveillance de la batterie<\/strong><br data-start=\"2511\" data-end=\"2514\" \/>L'indicateur LED int\u00e9gr\u00e9 vous informe \u00e0 tout moment du niveau de batterie actuel, afin que vous puissiez recharger la batterie \u00e0 temps et \u00eatre toujours pr\u00eat pour la prochaine s\u00e9ance de vapotage.<\/p>\n<\/li>\n<\/ul>\n<h4 data-start=\"2700\" data-end=\"2754\">Saveur recommand\u00e9e : Mangue P\u00eache Past\u00e8que<\/h4>\n<p data-start=\"2756\" data-end=\"3093\">Le go\u00fbt \u00ab Mangue P\u00eache Past\u00e8que \u00bb du Bang 20000Puff combine parfaitement les fruits tropicaux. La mangue sucr\u00e9e, la note d\u00e9licate de p\u00eache et la past\u00e8que rafra\u00eechissante offrent une exp\u00e9rience de vapotage estivale et fra\u00eeche. Chaque inhalation vous transporte sous le soleil chaud et vous permet de savourer la saveur de la fra\u00eecheur tropicale.<\/p>\n<h3 data-start=\"3100\" data-end=\"3122\">Avantages lors de l'achat<\/h3>\n<ul data-start=\"3124\" data-end=\"3713\">\n<li data-start=\"3124\" data-end=\"3305\">\n<p data-start=\"3126\" data-end=\"3305\"><strong data-start=\"3126\" data-end=\"3139\">Aucun droit de douane<\/strong><br data-start=\"3139\" data-end=\"3142\" \/>En achetant sur vapingnet.fr, vous b\u00e9n\u00e9ficiez de <a href=\"https:\/\/vapingnet.de\/fr\/k\/f\/\" target=\"_blank\" rel=\"noopener\"><strong>frais de douane exempts<\/strong><\/a> achats sans vous soucier de frais suppl\u00e9mentaires. Cela rend vos achats encore plus agr\u00e9ables.<\/p>\n<\/li>\n<li data-start=\"3307\" data-end=\"3482\">\n<p data-start=\"3309\" data-end=\"3482\"><strong data-start=\"3309\" data-end=\"3361\">Livraison rapide par fret a\u00e9rien, 7-15 jours ouvrables<\/strong><br data-start=\"3361\" data-end=\"3364\" \/>Notre d\u00e9lai d'exp\u00e9dition est seulement de 7-15 jours ouvrables, vous recevez donc votre produit rapidement et n'avez pas \u00e0 attendre longtemps.<\/p>\n<\/li>\n<li data-start=\"3484\" data-end=\"3713\">\n<p data-start=\"3486\" data-end=\"3713\"><strong data-start=\"3486\" data-end=\"3545\">Achats simples, livraison directement chez vous<\/strong><br data-start=\"3545\" data-end=\"3548\" \/>Sur vapingnet.fr, vous pouvez s\u00e9lectionner et commander facilement les produits souhait\u00e9s. Nous les livrons directement chez vous \u2013 rapidement et sans complication.<\/p>\n<\/li>\n<\/ul>\n<p data-start=\"3731\" data-end=\"4247\">La cigarette \u00e9lectronique jetable Bang 20000Puff Dual Mesh offre, avec son design innovant, sa longue dur\u00e9e d'utilisation, sa production de vapeur de haute qualit\u00e9 et son go\u00fbt rafra\u00eechissant, un choix excellent pour les vapoteurs. Que vous souhaitiez une utilisation prolong\u00e9e ou profiter du go\u00fbt tropical, cette cigarette \u00e9lectronique r\u00e9pond \u00e0 tous vos besoins. Visitez d\u00e8s aujourd'hui <a href=\"https:\/\/vapingnet.de\/fr\/\" target=\"_new\" rel=\"noopener\" data-start=\"4115\" data-end=\"4152\">vapingnet.de<\/a>, pour acheter votre Bang 20000Puff Dual Mesh et profiter d'une exp\u00e9rience de vapotage exceptionnelle !<\/p>","protected":false},"excerpt":{"rendered":"<p>Erleben Sie die Bang 20000Puff Dual Mesh Einweg-E-Zigarette: Intensiver Geschmack, lange Nutzung Auf der Suche nach einer hochwertigen E-Zigarette sticht die Bang 20000Puff Dual Mesh&#8230;<\/p>","protected":false},"featured_media":5488,"template":"","meta":[],"etheme_brands":[],"product_brand":[101],"product_cat":[54,49,61],"product_tag":[],"class_list":{"0":"post-5487","1":"product","2":"type-product","3":"status-publish","4":"has-post-thumbnail","6":"product_brand-bang-king-vape","7":"product_cat-vape-20000-zuege","8":"product_cat-einweg-e-zigarette","9":"product_cat-f","11":"first","12":"instock","13":"shipping-taxable","14":"purchasable","15":"product-type-simple"},"yoast_head":"<!-- This site is optimized with the Yoast SEO plugin v26.5 - https:\/\/yoast.com\/wordpress\/plugins\/seo\/ -->\n<title>Bang 20000Puff Mango Peach Watermelon Jetzt auf vapingnet.de<\/title>\n<meta name=\"description\" content=\"Genie\u00dfen Sie die Bang 20000Puff Mango Peach Watermelon E-Zigarette auf vapingnet.de Fruchtig, erfrischend und mit einer au\u00dfergew\u00f6hnlich langen Haltbarkeit!\" \/>\n<meta name=\"robots\" content=\"index, follow, max-snippet:-1, max-image-preview:large, max-video-preview:-1\" \/>\n<link rel=\"canonical\" href=\"https:\/\/vapingnet.de\/fr\/vape\/mango-peach-watermelon-und-bang-20000puff-premiumqualitaet-zu-sonderpreisen\/\" \/>\n<meta property=\"og:locale\" content=\"fr_FR\" \/>\n<meta property=\"og:type\" content=\"article\" \/>\n<meta property=\"og:title\" content=\"Bang 20000Puff Mango Peach Watermelon Jetzt auf vapingnet.de\" \/>\n<meta property=\"og:description\" content=\"Genie\u00dfen Sie die Bang 20000Puff Mango Peach Watermelon E-Zigarette auf vapingnet.de Fruchtig, erfrischend und mit einer au\u00dfergew\u00f6hnlich langen Haltbarkeit!\" \/>\n<meta property=\"og:url\" content=\"https:\/\/vapingnet.de\/fr\/vape\/mango-peach-watermelon-und-bang-20000puff-premiumqualitaet-zu-sonderpreisen\/\" \/>\n<meta property=\"og:site_name\" content=\"Vapingnet.de\" \/>\n<meta property=\"article:publisher\" content=\"https:\/\/www.facebook.com\/vapingnetde\/\" \/>\n<meta property=\"article:modified_time\" content=\"2025-06-19T03:40:47+00:00\" \/>\n<meta property=\"og:image\" content=\"https:\/\/vapingnet.de\/wp-content\/uploads\/2025\/03\/Mango-Peach-Watermelon-1.png\" \/>\n\t<meta property=\"og:image:width\" content=\"1000\" \/>\n\t<meta property=\"og:image:height\" content=\"1000\" \/>\n\t<meta property=\"og:image:type\" content=\"image\/png\" \/>\n<meta name=\"twitter:card\" content=\"summary_large_image\" \/>\n<meta name=\"twitter:label1\" content=\"Dur\u00e9e de lecture estim\u00e9e\" \/>\n\t<meta name=\"twitter:data1\" content=\"3 minutes\" \/>\n<script type=\"application\/ld+json\" class=\"yoast-schema-graph\">{\"@context\":\"https:\/\/schema.org\",\"@graph\":[{\"@type\":\"WebPage\",\"@id\":\"https:\/\/vapingnet.de\/vape\/mango-peach-watermelon-und-bang-20000puff-premiumqualitaet-zu-sonderpreisen\/\",\"url\":\"https:\/\/vapingnet.de\/vape\/mango-peach-watermelon-und-bang-20000puff-premiumqualitaet-zu-sonderpreisen\/\",\"name\":\"Bang 20000Puff Mango Peach Watermelon Jetzt auf vapingnet.de\",\"isPartOf\":{\"@id\":\"https:\/\/vapingnet.de\/#website\"},\"primaryImageOfPage\":{\"@id\":\"https:\/\/vapingnet.de\/vape\/mango-peach-watermelon-und-bang-20000puff-premiumqualitaet-zu-sonderpreisen\/#primaryimage\"},\"image\":{\"@id\":\"https:\/\/vapingnet.de\/vape\/mango-peach-watermelon-und-bang-20000puff-premiumqualitaet-zu-sonderpreisen\/#primaryimage\"},\"thumbnailUrl\":\"https:\/\/vapingnet.de\/wp-content\/uploads\/2025\/03\/Mango-Peach-Watermelon-1.png\",\"datePublished\":\"2025-03-15T10:05:57+00:00\",\"dateModified\":\"2025-06-19T03:40:47+00:00\",\"description\":\"Genie\u00dfen Sie die Bang 20000Puff Mango Peach Watermelon E-Zigarette auf vapingnet.de Fruchtig, erfrischend und mit einer au\u00dfergew\u00f6hnlich langen Haltbarkeit!\",\"breadcrumb\":{\"@id\":\"https:\/\/vapingnet.de\/vape\/mango-peach-watermelon-und-bang-20000puff-premiumqualitaet-zu-sonderpreisen\/#breadcrumb\"},\"inLanguage\":\"fr-FR\",\"potentialAction\":[{\"@type\":\"ReadAction\",\"target\":[\"https:\/\/vapingnet.de\/vape\/mango-peach-watermelon-und-bang-20000puff-premiumqualitaet-zu-sonderpreisen\/\"]}]},{\"@type\":\"ImageObject\",\"inLanguage\":\"fr-FR\",\"@id\":\"https:\/\/vapingnet.de\/vape\/mango-peach-watermelon-und-bang-20000puff-premiumqualitaet-zu-sonderpreisen\/#primaryimage\",\"url\":\"https:\/\/vapingnet.de\/wp-content\/uploads\/2025\/03\/Mango-Peach-Watermelon-1.png\",\"contentUrl\":\"https:\/\/vapingnet.de\/wp-content\/uploads\/2025\/03\/Mango-Peach-Watermelon-1.png\",\"width\":1000,\"height\":1000,\"caption\":\"Mango Peach Watermelon\"},{\"@type\":\"BreadcrumbList\",\"@id\":\"https:\/\/vapingnet.de\/vape\/mango-peach-watermelon-und-bang-20000puff-premiumqualitaet-zu-sonderpreisen\/#breadcrumb\",\"itemListElement\":[{\"@type\":\"ListItem\",\"position\":1,\"name\":\"Home\",\"item\":\"https:\/\/vapingnet.de\/\"},{\"@type\":\"ListItem\",\"position\":2,\"name\":\"Shop\",\"item\":\"https:\/\/vapingnet.de\/vape\/\"},{\"@type\":\"ListItem\",\"position\":3,\"name\":\"Mango Peach Watermelon und Bang 20000Puff Premiumqualit\u00e4t zu Sonderpreisen\"}]},{\"@type\":\"WebSite\",\"@id\":\"https:\/\/vapingnet.de\/#website\",\"url\":\"https:\/\/vapingnet.de\/\",\"name\":\"Vapingnet.de\",\"description\":\"\",\"publisher\":{\"@id\":\"https:\/\/vapingnet.de\/#organization\"},\"potentialAction\":[{\"@type\":\"SearchAction\",\"target\":{\"@type\":\"EntryPoint\",\"urlTemplate\":\"https:\/\/vapingnet.de\/?s={search_term_string}\"},\"query-input\":{\"@type\":\"PropertyValueSpecification\",\"valueRequired\":true,\"valueName\":\"search_term_string\"}}],\"inLanguage\":\"fr-FR\"},{\"@type\":\"Organization\",\"@id\":\"https:\/\/vapingnet.de\/#organization\",\"name\":\"Vapingnet.de\",\"url\":\"https:\/\/vapingnet.de\/\",\"logo\":{\"@type\":\"ImageObject\",\"inLanguage\":\"fr-FR\",\"@id\":\"https:\/\/vapingnet.de\/#\/schema\/logo\/image\/\",\"url\":\"https:\/\/vapingnet.de\/wp-content\/uploads\/2025\/03\/cropped-vapingnet.de_.jpg\",\"contentUrl\":\"https:\/\/vapingnet.de\/wp-content\/uploads\/2025\/03\/cropped-vapingnet.de_.jpg\",\"width\":512,\"height\":512,\"caption\":\"Vapingnet.de\"},\"image\":{\"@id\":\"https:\/\/vapingnet.de\/#\/schema\/logo\/image\/\"},\"sameAs\":[\"https:\/\/www.facebook.com\/vapingnetde\/\"]}]}<\/script>\n<!-- \/ Yoast SEO plugin. -->","yoast_head_json":{"title":"Bang 20000Puff Mango Peach Watermelon Jetzt auf vapingnet.de","description":"Genie\u00dfen Sie die Bang 20000Puff Mango Peach Watermelon E-Zigarette auf vapingnet.de Fruchtig, erfrischend und mit einer au\u00dfergew\u00f6hnlich langen Haltbarkeit!","robots":{"index":"index","follow":"follow","max-snippet":"max-snippet:-1","max-image-preview":"max-image-preview:large","max-video-preview":"max-video-preview:-1"},"canonical":"https:\/\/vapingnet.de\/fr\/vape\/mango-peach-watermelon-und-bang-20000puff-premiumqualitaet-zu-sonderpreisen\/","og_locale":"fr_FR","og_type":"article","og_title":"Bang 20000Puff Mango Peach Watermelon Jetzt auf vapingnet.de","og_description":"Genie\u00dfen Sie die Bang 20000Puff Mango Peach Watermelon E-Zigarette auf vapingnet.de Fruchtig, erfrischend und mit einer au\u00dfergew\u00f6hnlich langen Haltbarkeit!","og_url":"https:\/\/vapingnet.de\/fr\/vape\/mango-peach-watermelon-und-bang-20000puff-premiumqualitaet-zu-sonderpreisen\/","og_site_name":"Vapingnet.de","article_publisher":"https:\/\/www.facebook.com\/vapingnetde\/","article_modified_time":"2025-06-19T03:40:47+00:00","og_image":[{"width":1000,"height":1000,"url":"https:\/\/vapingnet.de\/wp-content\/uploads\/2025\/03\/Mango-Peach-Watermelon-1.png","type":"image\/png"}],"twitter_card":"summary_large_image","twitter_misc":{"Dur\u00e9e de lecture estim\u00e9e":"3 minutes"},"schema":{"@context":"https:\/\/schema.org","@graph":[{"@type":"WebPage","@id":"https:\/\/vapingnet.de\/vape\/mango-peach-watermelon-und-bang-20000puff-premiumqualitaet-zu-sonderpreisen\/","url":"https:\/\/vapingnet.de\/vape\/mango-peach-watermelon-und-bang-20000puff-premiumqualitaet-zu-sonderpreisen\/","name":"Bang 20000Puff Mango Peach Watermelon Jetzt auf vapingnet.de","isPartOf":{"@id":"https:\/\/vapingnet.de\/#website"},"primaryImageOfPage":{"@id":"https:\/\/vapingnet.de\/vape\/mango-peach-watermelon-und-bang-20000puff-premiumqualitaet-zu-sonderpreisen\/#primaryimage"},"image":{"@id":"https:\/\/vapingnet.de\/vape\/mango-peach-watermelon-und-bang-20000puff-premiumqualitaet-zu-sonderpreisen\/#primaryimage"},"thumbnailUrl":"https:\/\/vapingnet.de\/wp-content\/uploads\/2025\/03\/Mango-Peach-Watermelon-1.png","datePublished":"2025-03-15T10:05:57+00:00","dateModified":"2025-06-19T03:40:47+00:00","description":"Genie\u00dfen Sie die Bang 20000Puff Mango Peach Watermelon E-Zigarette auf vapingnet.de Fruchtig, erfrischend und mit einer au\u00dfergew\u00f6hnlich langen Haltbarkeit!","breadcrumb":{"@id":"https:\/\/vapingnet.de\/vape\/mango-peach-watermelon-und-bang-20000puff-premiumqualitaet-zu-sonderpreisen\/#breadcrumb"},"inLanguage":"fr-FR","potentialAction":[{"@type":"ReadAction","target":["https:\/\/vapingnet.de\/vape\/mango-peach-watermelon-und-bang-20000puff-premiumqualitaet-zu-sonderpreisen\/"]}]},{"@type":"ImageObject","inLanguage":"fr-FR","@id":"https:\/\/vapingnet.de\/vape\/mango-peach-watermelon-und-bang-20000puff-premiumqualitaet-zu-sonderpreisen\/#primaryimage","url":"https:\/\/vapingnet.de\/wp-content\/uploads\/2025\/03\/Mango-Peach-Watermelon-1.png","contentUrl":"https:\/\/vapingnet.de\/wp-content\/uploads\/2025\/03\/Mango-Peach-Watermelon-1.png","width":1000,"height":1000,"caption":"Mango Peach Watermelon"},{"@type":"BreadcrumbList","@id":"https:\/\/vapingnet.de\/vape\/mango-peach-watermelon-und-bang-20000puff-premiumqualitaet-zu-sonderpreisen\/#breadcrumb","itemListElement":[{"@type":"ListItem","position":1,"name":"Home","item":"https:\/\/vapingnet.de\/"},{"@type":"ListItem","position":2,"name":"Shop","item":"https:\/\/vapingnet.de\/vape\/"},{"@type":"ListItem","position":3,"name":"Mango Peach Watermelon und Bang 20000Puff Premiumqualit\u00e4t zu Sonderpreisen"}]},{"@type":"WebSite","@id":"https:\/\/vapingnet.de\/#website","url":"https:\/\/vapingnet.de\/","name":"Vapingnet.de","description":"","publisher":{"@id":"https:\/\/vapingnet.de\/#organization"},"potentialAction":[{"@type":"SearchAction","target":{"@type":"EntryPoint","urlTemplate":"https:\/\/vapingnet.de\/?s={search_term_string}"},"query-input":{"@type":"PropertyValueSpecification","valueRequired":true,"valueName":"search_term_string"}}],"inLanguage":"fr-FR"},{"@type":"Organization","@id":"https:\/\/vapingnet.de\/#organization","name":"Vapingnet.de","url":"https:\/\/vapingnet.de\/","logo":{"@type":"ImageObject","inLanguage":"fr-FR","@id":"https:\/\/vapingnet.de\/#\/schema\/logo\/image\/","url":"https:\/\/vapingnet.de\/wp-content\/uploads\/2025\/03\/cropped-vapingnet.de_.jpg","contentUrl":"https:\/\/vapingnet.de\/wp-content\/uploads\/2025\/03\/cropped-vapingnet.de_.jpg","width":512,"height":512,"caption":"Vapingnet.de"},"image":{"@id":"https:\/\/vapingnet.de\/#\/schema\/logo\/image\/"},"sameAs":["https:\/\/www.facebook.com\/vapingnetde\/"]}]}},"tiered_pricing_type":"fixed","tiered_pricing_fixed_rules":{"10":"8.92","60":"8.03","110":"7.14","200":"6.24"},"tiered_pricing_product_settings":{"layout":"default","base_unit_name":{"singular":null,"plural":null},"default_variation":null},"tiered_pricing_minimum_quantity":null,"tiered_pricing_roles_data":[],"tiered_pricing_percentage_rules":[],"_links":{"self":[{"href":"https:\/\/vapingnet.de\/fr\/wp-json\/wp\/v2\/product\/5487","targetHints":{"allow":["GET"]}}],"collection":[{"href":"https:\/\/vapingnet.de\/fr\/wp-json\/wp\/v2\/product"}],"about":[{"href":"https:\/\/vapingnet.de\/fr\/wp-json\/wp\/v2\/types\/product"}],"version-history":[{"count":1,"href":"https:\/\/vapingnet.de\/fr\/wp-json\/wp\/v2\/product\/5487\/revisions"}],"predecessor-version":[{"id":5489,"href":"https:\/\/vapingnet.de\/fr\/wp-json\/wp\/v2\/product\/5487\/revisions\/5489"}],"wp:featuredmedia":[{"embeddable":true,"href":"https:\/\/vapingnet.de\/fr\/wp-json\/wp\/v2\/media\/5488"}],"wp:attachment":[{"href":"https:\/\/vapingnet.de\/fr\/wp-json\/wp\/v2\/media?parent=5487"}],"wp:term":[{"taxonomy":"brand","embeddable":true,"href":"https:\/\/vapingnet.de\/fr\/wp-json\/wp\/v2\/etheme_brands?post=5487"},{"taxonomy":"product_brand","embeddable":true,"href":"https:\/\/vapingnet.de\/fr\/wp-json\/wp\/v2\/product_brand?post=5487"},{"taxonomy":"product_cat","embeddable":true,"href":"https:\/\/vapingnet.de\/fr\/wp-json\/wp\/v2\/product_cat?post=5487"},{"taxonomy":"product_tag","embeddable":true,"href":"https:\/\/vapingnet.de\/fr\/wp-json\/wp\/v2\/product_tag?post=5487"}],"curies":[{"name":"wp","href":"https:\/\/api.w.org\/{rel}","templated":true}]}}