{"id":5524,"date":"2025-03-17T09:25:52","date_gmt":"2025-03-17T09:25:52","guid":{"rendered":"https:\/\/vapingnet.de\/?post_type=product&#038;p=5524"},"modified":"2025-06-19T03:40:47","modified_gmt":"2025-06-19T03:40:47","slug":"erlebe-den-sommer-bang-blaze-20000-puffs-watermelon","status":"publish","type":"product","link":"https:\/\/vapingnet.de\/fr\/vape\/erlebe-den-sommer-bang-blaze-20000-puffs-watermelon\/","title":{"rendered":"Vivez l'\u00e9t\u00e9 Bang Blaze 20000 Bouff\u00e9es Past\u00e8que..."},"content":{"rendered":"<h2 data-start=\"0\" data-end=\"70\">Bang Blaze 20000 Puffs \u2013 Le plaisir ultime, \u00e0 d\u00e9couvrir maintenant !<\/h2>\n<h4 data-start=\"72\" data-end=\"119\">\ud83d\udd25 Points forts du produit en un coup d'\u0153il<\/h4>\n<p data-start=\"120\" data-end=\"833\">\u2705 20 000 Puffs \u2013 Capacit\u00e9 \u00e9norme pour un vapotage de longue dur\u00e9e<br data-start=\"186\" data-end=\"189\" \/>\u2705 R\u00e9sistance Dul Mesh 1.0\u03a9, pour une exp\u00e9rience de vapotage intense et uniforme<br data-start=\"265\" data-end=\"268\" \/>\u2705 Batterie rechargeable de 1000mAh, avec port Type-C pour une charge rapide<br data-start=\"353\" data-end=\"356\" \/>\u2705 Capacit\u00e9 \u00e9norme de 26ml d'e-liquide, pour un plaisir de vapotage prolong\u00e9<br data-start=\"419\" data-end=\"422\" \/>\u2705 \u00c9cran d'affichage intelligent, pour l'affichage de l'\u00e9tat de la batterie et du niveau de liquide<br data-start=\"512\" data-end=\"515\" \/>\u2705 Options de taux de nicotine : 0%\/2%\/3%\/5% (0% et 3% disponibles uniquement pour les commandes en gros)<br data-start=\"608\" data-end=\"611\" \/>\u2705 L\u00e9ger et portable, seulement 85g, pratique pour les d\u00e9placements<br data-start=\"666\" data-end=\"669\" \/>\u2705 Go\u00fbt past\u00e8que (Watermelon), saveur fruit\u00e9e rafra\u00eechissante \u00e0 chaque inhalation<br data-start=\"763\" data-end=\"766\" \/>\u2705 Hors taxes de douane, livraison en 7-15 jours ouvrables, achat sans stress<\/p>\n<h3 data-start=\"840\" data-end=\"889\">\ud83d\udca8 Pourquoi choisir Bang Blaze 20000 Puffs ?<\/h3>\n<p data-start=\"890\" data-end=\"1826\">\ud83d\udd39 Capacit\u00e9 \u00e9norme, plaisir durable : Compar\u00e9 aux autres, <a href=\"https:\/\/vapingnet.de\/fr\/k\/einweg-e-zigarette\/\" target=\"_blank\" rel=\"noopener\"><strong>cigarettes \u00e9lectroniques jetables<\/strong> <\/a>le Bang Blaze 20000 Puffs offre une dur\u00e9e d'utilisation beaucoup plus longue, vous n'avez donc pas besoin de chercher constamment de nouveaux appareils.<br data-start=\"1100\" data-end=\"1103\" \/>\ud83d\udd39 R\u00e9sistance Dul Mesh, vapotage am\u00e9lior\u00e9 : La r\u00e9sistance Mesh de 1.0\u03a9 assure une vapeur uniforme et douce et une exp\u00e9rience gustative plus intense.<br data-start=\"1249\" data-end=\"1252\" \/>\ud83d\udd39 Affichage intelligent, facile \u00e0 utiliser : L'\u00e9cran d'affichage vous indique \u00e0 tout moment l'\u00e9tat de la batterie et le niveau du liquide, vous n'avez donc plus \u00e0 vous soucier d'une panne inattendue de la batterie ou du liquide.<br data-start=\"1485\" data-end=\"1488\" \/>\ud83d\udd39 Charge rapide, plaisir ininterrompu : Avec le port Type-C, vous pouvez charger rapidement votre appareil et \u00eatre toujours pr\u00eat pour la prochaine bouff\u00e9e.<br data-start=\"1647\" data-end=\"1650\" \/>\ud83d\udd39 Taux de nicotine vari\u00e9s, pour toutes les pr\u00e9f\u00e9rences : Que ce soit sans nicotine ou avec un taux de nicotine plus \u00e9lev\u00e9 pour plus de sensations fortes, vous trouverez le choix parfait pour votre go\u00fbt.<\/p>\n<h4 data-start=\"1833\" data-end=\"1862\">\ud83d\uded2 Commandez maintenant !<\/h4>\n<p data-start=\"1863\" data-end=\"2090\" data-is-last-node=\"\" data-is-only-node=\"\">\ud83d\udcbb Directement sur le site web : <a href=\"https:\/\/vapingnet.de\/fr\/\" target=\"_new\" rel=\"noopener\" data-start=\"1892\" data-end=\"1928\">vapingnet.de<\/a><br data-start=\"1930\" data-end=\"1933\" \/>\ud83d\ude9a Sans douane, livraison en 7-15 jours ouvrables, shopping sans stress<br data-start=\"2001\" data-end=\"2004\" \/>\ud83c\udfaf D\u00e9couvrez la saveur ultime et profitez du vapotage dans sa meilleure forme !<\/p>","protected":false},"excerpt":{"rendered":"<p>Bang Blaze 20000 Bouff\u00e9es \u2013 Le plaisir ultime, \u00e0 d\u00e9couvrir maintenant! \ud83d\udd25 Points forts du produit en un coup d\u2019\u0153il \u2705 20 000 bouff\u00e9es \u2013 Capacit\u00e9 \u00e9norme pour une vape longue dur\u00e9e \u2705 Dul...<\/p>","protected":false},"featured_media":6849,"template":"","meta":[],"etheme_brands":[],"product_brand":[101],"product_cat":[54,49,61],"product_tag":[],"class_list":{"0":"post-5524","1":"product","2":"type-product","3":"status-publish","4":"has-post-thumbnail","6":"product_brand-bang-king-vape","7":"product_cat-vape-20000-zuege","8":"product_cat-einweg-e-zigarette","9":"product_cat-f","11":"first","12":"instock","13":"shipping-taxable","14":"purchasable","15":"product-type-simple"},"yoast_head":"<!-- This site is optimized with the Yoast SEO plugin v26.5 - https:\/\/yoast.com\/wordpress\/plugins\/seo\/ -->\n<title>Erlebe den Sommer Bang Blaze 20000 Puffs Watermelon | Vapingnet.de<\/title>\n<meta name=\"description\" content=\"Entdecke Erlebe den Sommer Bang Blaze 20000 Puffs Watermelon bei vapingnet.de, \u25ba Gro\u00dfe Auswahl an Geschmacksrichtungen &amp; super g\u00fcnstig!\" \/>\n<meta name=\"robots\" content=\"index, follow, max-snippet:-1, max-image-preview:large, max-video-preview:-1\" \/>\n<link rel=\"canonical\" href=\"https:\/\/vapingnet.de\/fr\/vape\/erlebe-den-sommer-bang-blaze-20000-puffs-watermelon\/\" \/>\n<meta property=\"og:locale\" content=\"fr_FR\" \/>\n<meta property=\"og:type\" content=\"article\" \/>\n<meta property=\"og:title\" content=\"Erlebe den Sommer Bang Blaze 20000 Puffs Watermelon | Vapingnet.de\" \/>\n<meta property=\"og:description\" content=\"Entdecke Erlebe den Sommer Bang Blaze 20000 Puffs Watermelon bei vapingnet.de, \u25ba Gro\u00dfe Auswahl an Geschmacksrichtungen &amp; super g\u00fcnstig!\" \/>\n<meta property=\"og:url\" content=\"https:\/\/vapingnet.de\/fr\/vape\/erlebe-den-sommer-bang-blaze-20000-puffs-watermelon\/\" \/>\n<meta property=\"og:site_name\" content=\"Vapingnet.de\" \/>\n<meta property=\"article:publisher\" content=\"https:\/\/www.facebook.com\/vapingnetde\/\" \/>\n<meta property=\"article:modified_time\" content=\"2025-06-19T03:40:47+00:00\" \/>\n<meta property=\"og:image\" content=\"https:\/\/vapingnet.de\/wp-content\/uploads\/2025\/03\/bang-watermelon.png\" \/>\n\t<meta property=\"og:image:width\" content=\"1000\" \/>\n\t<meta property=\"og:image:height\" content=\"1000\" \/>\n\t<meta property=\"og:image:type\" content=\"image\/png\" \/>\n<meta name=\"twitter:card\" content=\"summary_large_image\" \/>\n<meta name=\"twitter:label1\" content=\"Dur\u00e9e de lecture estim\u00e9e\" \/>\n\t<meta name=\"twitter:data1\" content=\"2 minutes\" \/>\n<script type=\"application\/ld+json\" class=\"yoast-schema-graph\">{\"@context\":\"https:\/\/schema.org\",\"@graph\":[{\"@type\":\"WebPage\",\"@id\":\"https:\/\/vapingnet.de\/vape\/erlebe-den-sommer-bang-blaze-20000-puffs-watermelon\/\",\"url\":\"https:\/\/vapingnet.de\/vape\/erlebe-den-sommer-bang-blaze-20000-puffs-watermelon\/\",\"name\":\"Erlebe den Sommer Bang Blaze 20000 Puffs Watermelon | Vapingnet.de\",\"isPartOf\":{\"@id\":\"https:\/\/vapingnet.de\/#website\"},\"primaryImageOfPage\":{\"@id\":\"https:\/\/vapingnet.de\/vape\/erlebe-den-sommer-bang-blaze-20000-puffs-watermelon\/#primaryimage\"},\"image\":{\"@id\":\"https:\/\/vapingnet.de\/vape\/erlebe-den-sommer-bang-blaze-20000-puffs-watermelon\/#primaryimage\"},\"thumbnailUrl\":\"https:\/\/vapingnet.de\/wp-content\/uploads\/2025\/03\/bang-watermelon.png\",\"datePublished\":\"2025-03-17T09:25:52+00:00\",\"dateModified\":\"2025-06-19T03:40:47+00:00\",\"description\":\"Entdecke Erlebe den Sommer Bang Blaze 20000 Puffs Watermelon bei vapingnet.de, \u25ba Gro\u00dfe Auswahl an Geschmacksrichtungen & super g\u00fcnstig!\",\"breadcrumb\":{\"@id\":\"https:\/\/vapingnet.de\/vape\/erlebe-den-sommer-bang-blaze-20000-puffs-watermelon\/#breadcrumb\"},\"inLanguage\":\"fr-FR\",\"potentialAction\":[{\"@type\":\"ReadAction\",\"target\":[\"https:\/\/vapingnet.de\/vape\/erlebe-den-sommer-bang-blaze-20000-puffs-watermelon\/\"]}]},{\"@type\":\"ImageObject\",\"inLanguage\":\"fr-FR\",\"@id\":\"https:\/\/vapingnet.de\/vape\/erlebe-den-sommer-bang-blaze-20000-puffs-watermelon\/#primaryimage\",\"url\":\"https:\/\/vapingnet.de\/wp-content\/uploads\/2025\/03\/bang-watermelon.png\",\"contentUrl\":\"https:\/\/vapingnet.de\/wp-content\/uploads\/2025\/03\/bang-watermelon.png\",\"width\":1000,\"height\":1000},{\"@type\":\"BreadcrumbList\",\"@id\":\"https:\/\/vapingnet.de\/vape\/erlebe-den-sommer-bang-blaze-20000-puffs-watermelon\/#breadcrumb\",\"itemListElement\":[{\"@type\":\"ListItem\",\"position\":1,\"name\":\"Home\",\"item\":\"https:\/\/vapingnet.de\/\"},{\"@type\":\"ListItem\",\"position\":2,\"name\":\"Shop\",\"item\":\"https:\/\/vapingnet.de\/vape\/\"},{\"@type\":\"ListItem\",\"position\":3,\"name\":\"Erlebe den Sommer Bang Blaze 20000 Puffs Watermelon\"}]},{\"@type\":\"WebSite\",\"@id\":\"https:\/\/vapingnet.de\/#website\",\"url\":\"https:\/\/vapingnet.de\/\",\"name\":\"Vapingnet.de\",\"description\":\"\",\"publisher\":{\"@id\":\"https:\/\/vapingnet.de\/#organization\"},\"potentialAction\":[{\"@type\":\"SearchAction\",\"target\":{\"@type\":\"EntryPoint\",\"urlTemplate\":\"https:\/\/vapingnet.de\/?s={search_term_string}\"},\"query-input\":{\"@type\":\"PropertyValueSpecification\",\"valueRequired\":true,\"valueName\":\"search_term_string\"}}],\"inLanguage\":\"fr-FR\"},{\"@type\":\"Organization\",\"@id\":\"https:\/\/vapingnet.de\/#organization\",\"name\":\"Vapingnet.de\",\"url\":\"https:\/\/vapingnet.de\/\",\"logo\":{\"@type\":\"ImageObject\",\"inLanguage\":\"fr-FR\",\"@id\":\"https:\/\/vapingnet.de\/#\/schema\/logo\/image\/\",\"url\":\"https:\/\/vapingnet.de\/wp-content\/uploads\/2025\/03\/cropped-vapingnet.de_.jpg\",\"contentUrl\":\"https:\/\/vapingnet.de\/wp-content\/uploads\/2025\/03\/cropped-vapingnet.de_.jpg\",\"width\":512,\"height\":512,\"caption\":\"Vapingnet.de\"},\"image\":{\"@id\":\"https:\/\/vapingnet.de\/#\/schema\/logo\/image\/\"},\"sameAs\":[\"https:\/\/www.facebook.com\/vapingnetde\/\"]}]}<\/script>\n<!-- \/ Yoast SEO plugin. -->","yoast_head_json":{"title":"Erlebe den Sommer Bang Blaze 20000 Puffs Watermelon | Vapingnet.de","description":"Entdecke Erlebe den Sommer Bang Blaze 20000 Puffs Watermelon bei vapingnet.de, \u25ba Gro\u00dfe Auswahl an Geschmacksrichtungen & super g\u00fcnstig!","robots":{"index":"index","follow":"follow","max-snippet":"max-snippet:-1","max-image-preview":"max-image-preview:large","max-video-preview":"max-video-preview:-1"},"canonical":"https:\/\/vapingnet.de\/fr\/vape\/erlebe-den-sommer-bang-blaze-20000-puffs-watermelon\/","og_locale":"fr_FR","og_type":"article","og_title":"Erlebe den Sommer Bang Blaze 20000 Puffs Watermelon | Vapingnet.de","og_description":"Entdecke Erlebe den Sommer Bang Blaze 20000 Puffs Watermelon bei vapingnet.de, \u25ba Gro\u00dfe Auswahl an Geschmacksrichtungen & super g\u00fcnstig!","og_url":"https:\/\/vapingnet.de\/fr\/vape\/erlebe-den-sommer-bang-blaze-20000-puffs-watermelon\/","og_site_name":"Vapingnet.de","article_publisher":"https:\/\/www.facebook.com\/vapingnetde\/","article_modified_time":"2025-06-19T03:40:47+00:00","og_image":[{"width":1000,"height":1000,"url":"https:\/\/vapingnet.de\/wp-content\/uploads\/2025\/03\/bang-watermelon.png","type":"image\/png"}],"twitter_card":"summary_large_image","twitter_misc":{"Dur\u00e9e de lecture estim\u00e9e":"2 minutes"},"schema":{"@context":"https:\/\/schema.org","@graph":[{"@type":"WebPage","@id":"https:\/\/vapingnet.de\/vape\/erlebe-den-sommer-bang-blaze-20000-puffs-watermelon\/","url":"https:\/\/vapingnet.de\/vape\/erlebe-den-sommer-bang-blaze-20000-puffs-watermelon\/","name":"Erlebe den Sommer Bang Blaze 20000 Puffs Watermelon | Vapingnet.de","isPartOf":{"@id":"https:\/\/vapingnet.de\/#website"},"primaryImageOfPage":{"@id":"https:\/\/vapingnet.de\/vape\/erlebe-den-sommer-bang-blaze-20000-puffs-watermelon\/#primaryimage"},"image":{"@id":"https:\/\/vapingnet.de\/vape\/erlebe-den-sommer-bang-blaze-20000-puffs-watermelon\/#primaryimage"},"thumbnailUrl":"https:\/\/vapingnet.de\/wp-content\/uploads\/2025\/03\/bang-watermelon.png","datePublished":"2025-03-17T09:25:52+00:00","dateModified":"2025-06-19T03:40:47+00:00","description":"Entdecke Erlebe den Sommer Bang Blaze 20000 Puffs Watermelon bei vapingnet.de, \u25ba Gro\u00dfe Auswahl an Geschmacksrichtungen & super g\u00fcnstig!","breadcrumb":{"@id":"https:\/\/vapingnet.de\/vape\/erlebe-den-sommer-bang-blaze-20000-puffs-watermelon\/#breadcrumb"},"inLanguage":"fr-FR","potentialAction":[{"@type":"ReadAction","target":["https:\/\/vapingnet.de\/vape\/erlebe-den-sommer-bang-blaze-20000-puffs-watermelon\/"]}]},{"@type":"ImageObject","inLanguage":"fr-FR","@id":"https:\/\/vapingnet.de\/vape\/erlebe-den-sommer-bang-blaze-20000-puffs-watermelon\/#primaryimage","url":"https:\/\/vapingnet.de\/wp-content\/uploads\/2025\/03\/bang-watermelon.png","contentUrl":"https:\/\/vapingnet.de\/wp-content\/uploads\/2025\/03\/bang-watermelon.png","width":1000,"height":1000},{"@type":"BreadcrumbList","@id":"https:\/\/vapingnet.de\/vape\/erlebe-den-sommer-bang-blaze-20000-puffs-watermelon\/#breadcrumb","itemListElement":[{"@type":"ListItem","position":1,"name":"Home","item":"https:\/\/vapingnet.de\/"},{"@type":"ListItem","position":2,"name":"Shop","item":"https:\/\/vapingnet.de\/vape\/"},{"@type":"ListItem","position":3,"name":"Erlebe den Sommer Bang Blaze 20000 Puffs Watermelon"}]},{"@type":"WebSite","@id":"https:\/\/vapingnet.de\/#website","url":"https:\/\/vapingnet.de\/","name":"Vapingnet.de","description":"","publisher":{"@id":"https:\/\/vapingnet.de\/#organization"},"potentialAction":[{"@type":"SearchAction","target":{"@type":"EntryPoint","urlTemplate":"https:\/\/vapingnet.de\/?s={search_term_string}"},"query-input":{"@type":"PropertyValueSpecification","valueRequired":true,"valueName":"search_term_string"}}],"inLanguage":"fr-FR"},{"@type":"Organization","@id":"https:\/\/vapingnet.de\/#organization","name":"Vapingnet.de","url":"https:\/\/vapingnet.de\/","logo":{"@type":"ImageObject","inLanguage":"fr-FR","@id":"https:\/\/vapingnet.de\/#\/schema\/logo\/image\/","url":"https:\/\/vapingnet.de\/wp-content\/uploads\/2025\/03\/cropped-vapingnet.de_.jpg","contentUrl":"https:\/\/vapingnet.de\/wp-content\/uploads\/2025\/03\/cropped-vapingnet.de_.jpg","width":512,"height":512,"caption":"Vapingnet.de"},"image":{"@id":"https:\/\/vapingnet.de\/#\/schema\/logo\/image\/"},"sameAs":["https:\/\/www.facebook.com\/vapingnetde\/"]}]}},"tiered_pricing_type":"fixed","tiered_pricing_fixed_rules":{"10":"7.59","60":"6.83","110":"6.07","200":"5.31"},"tiered_pricing_product_settings":{"layout":"default","base_unit_name":{"singular":null,"plural":null},"default_variation":null},"tiered_pricing_minimum_quantity":null,"tiered_pricing_roles_data":[],"tiered_pricing_percentage_rules":[],"_links":{"self":[{"href":"https:\/\/vapingnet.de\/fr\/wp-json\/wp\/v2\/product\/5524","targetHints":{"allow":["GET"]}}],"collection":[{"href":"https:\/\/vapingnet.de\/fr\/wp-json\/wp\/v2\/product"}],"about":[{"href":"https:\/\/vapingnet.de\/fr\/wp-json\/wp\/v2\/types\/product"}],"version-history":[{"count":3,"href":"https:\/\/vapingnet.de\/fr\/wp-json\/wp\/v2\/product\/5524\/revisions"}],"predecessor-version":[{"id":6848,"href":"https:\/\/vapingnet.de\/fr\/wp-json\/wp\/v2\/product\/5524\/revisions\/6848"}],"wp:featuredmedia":[{"embeddable":true,"href":"https:\/\/vapingnet.de\/fr\/wp-json\/wp\/v2\/media\/6849"}],"wp:attachment":[{"href":"https:\/\/vapingnet.de\/fr\/wp-json\/wp\/v2\/media?parent=5524"}],"wp:term":[{"taxonomy":"brand","embeddable":true,"href":"https:\/\/vapingnet.de\/fr\/wp-json\/wp\/v2\/etheme_brands?post=5524"},{"taxonomy":"product_brand","embeddable":true,"href":"https:\/\/vapingnet.de\/fr\/wp-json\/wp\/v2\/product_brand?post=5524"},{"taxonomy":"product_cat","embeddable":true,"href":"https:\/\/vapingnet.de\/fr\/wp-json\/wp\/v2\/product_cat?post=5524"},{"taxonomy":"product_tag","embeddable":true,"href":"https:\/\/vapingnet.de\/fr\/wp-json\/wp\/v2\/product_tag?post=5524"}],"curies":[{"name":"wp","href":"https:\/\/api.w.org\/{rel}","templated":true}]}}