{"id":5528,"date":"2025-12-13T09:38:40","date_gmt":"2025-12-13T09:38:40","guid":{"rendered":"https:\/\/vapingnet.de\/?post_type=product&#038;p=5528"},"modified":"2026-01-28T08:35:31","modified_gmt":"2026-01-28T08:35:31","slug":"fruchtig-und-suess-bang-blaze-20000-puffs-strawberry-watermelon","status":"publish","type":"product","link":"https:\/\/vapingnet.de\/fr\/vape\/fruchtig-und-suess-bang-blaze-20000-puffs-strawberry-watermelon\/","title":{"rendered":"Fruit\u00e9e et sucr\u00e9e Bang Blaze 20000 Puffs Fraise Past\u00e8que"},"content":{"rendered":"<h2 data-start=\"0\" data-end=\"68\">Bang Blaze 20000 Bouff\u00e9es \u2013 Exp\u00e9rience ultime, longue autonomie !<\/h2>\n<p data-start=\"70\" data-end=\"358\">Bang Blaze 20000 Bouff\u00e9es vous offre une exp\u00e9rience de vapotage in\u00e9gal\u00e9e ! Avec <a href=\"https:\/\/vapingnet.de\/fr\/k\/vape-20000-zuege\/\" target=\"_blank\" rel=\"noopener\"><strong>20 000 Bouff\u00e9es<\/strong><\/a> une capacit\u00e9 \u00e9norme et la r\u00e9sistance Dul Mesh 1.0\u03a9, chaque inhalation offre une saveur douce et intense. Cette cigarette \u00e9lectronique est parfaite pour tous ceux qui recherchent une exp\u00e9rience de vapotage durable.<\/p>\n<h4 data-start=\"365\" data-end=\"395\">Caract\u00e9ristiques du produit<\/h4>\n<ul data-start=\"397\" data-end=\"1252\">\n<li data-start=\"397\" data-end=\"524\">Dur\u00e9e d'utilisation extr\u00eamement longue : 20 000 Bouff\u00e9es, bien plus que les cigarettes \u00e9lectroniques classiques \u2013 id\u00e9ale pour votre usage quotidien.<\/li>\n<li data-start=\"525\" data-end=\"612\">Batterie puissante : batterie rechargeable de 1000mAh, plus besoin de pauses de recharge fr\u00e9quentes.<\/li>\n<li data-start=\"613\" data-end=\"705\">Connecteur de charge rapide : port Type-C pour une charge rapide et une utilisation efficace.<\/li>\n<li data-start=\"706\" data-end=\"820\">Grande capacit\u00e9 de liquide : 26 ml de liquide, pour un plaisir de vapeur prolong\u00e9 sans recharger fr\u00e9quemment.<\/li>\n<li data-start=\"821\" data-end=\"912\">Teneur en nicotine au choix : 0%, 2%, 3%, 5% \u2013 pour tous les go\u00fbts et besoins.<\/li>\n<li data-start=\"913\" data-end=\"1051\">\u00c9cran intelligent : affiche en permanence le niveau de batterie et le niveau de liquide, pour une vape encore plus confortable.<\/li>\n<li data-start=\"1052\" data-end=\"1150\">Saveur Fraise Melon d'eau : rafra\u00eechissante et fruit\u00e9e, un plaisir unique \u00e0 chaque inhalation.<\/li>\n<li data-start=\"1151\" data-end=\"1252\">L\u00e9g\u00e8re et portable : avec seulement 85g, la cigarette \u00e9lectronique est tr\u00e8s maniable et id\u00e9ale pour la mobilit\u00e9.<\/li>\n<\/ul>\n<h4 data-start=\"1259\" data-end=\"1282\">Avantages du produit<\/h4>\n<ol data-start=\"1284\" data-end=\"2087\">\n<li data-start=\"1284\" data-end=\"1490\">Longue autonomie, \u00e0 tout moment : avec 20 000 Bouff\u00e9es, vous \u00eates bien \u00e9quip\u00e9, que ce soit pour le quotidien ou en voyage. Cette cigarette \u00e9lectronique vous accompagne longtemps sans besoin de recharger ou de remplir.<\/li>\n<li data-start=\"1491\" data-end=\"1664\">Go\u00fbt frais, inoubliable : la saveur Fraise Melon d'eau procure un plaisir rafra\u00eechissant et sucr\u00e9 qui vous s\u00e9duira encore et encore.<\/li>\n<li data-start=\"1665\" data-end=\"1869\">Niveaux de nicotine vari\u00e9s, pour tous les besoins : que vous souhaitiez vapoter sans nicotine ou obtenir un effet plus fort avec une teneur en nicotine plus \u00e9lev\u00e9e, <a href=\"https:\/\/vapingnet.de\/fr\/Brands\/bang-king-vape\/\" target=\"_blank\" rel=\"noopener\"><strong>Bang King<\/strong><\/a> vous avez le choix parfait.<\/li>\n<li data-start=\"1870\" data-end=\"2087\">Design l\u00e9ger et sans douane : avec seulement 85g, elle est tr\u00e8s l\u00e9g\u00e8re et facile \u00e0 transporter. De plus, nous vous proposons une livraison sans douane, pour que vous n'ayez pas \u00e0 vous soucier des co\u00fbts suppl\u00e9mentaires.<\/li>\n<\/ol>\n<h3>Achetez maintenant, vivez une exp\u00e9rience de vapotage inoubliable<\/h3>\n<p data-start=\"2149\" data-end=\"2331\" data-is-last-node=\"\" data-is-only-node=\"\">Visitez maintenant <a href=\"https:\/\/vapingnet.de\/fr\/\" target=\"_new\" rel=\"noopener\" data-start=\"2165\" data-end=\"2201\">vapingnet.de<\/a>Commandez votre Bang Blaze 20000 Bouff\u00e9es et vivez une exp\u00e9rience de vapotage ultime avec une longue autonomie et un go\u00fbt rafra\u00eechissant !<\/p>","protected":false},"excerpt":{"rendered":"<p>Bang Blaze 20000 Bouff\u00e9es \u2013 Exp\u00e9rience ultime, endurance longue! Bang Blaze 20000 Bouff\u00e9es vous offre une exp\u00e9rience de vape incomparable! Avec une capacit\u00e9 de 20 000 bouff\u00e9es et une...<\/p>","protected":false},"featured_media":6844,"template":"","meta":[],"etheme_brands":[],"product_brand":[101],"product_cat":[54,49,61],"product_tag":[],"class_list":{"0":"post-5528","1":"product","2":"type-product","3":"status-publish","4":"has-post-thumbnail","6":"product_brand-bang-king-vape","7":"product_cat-vape-20000-zuege","8":"product_cat-einweg-e-zigarette","9":"product_cat-f","11":"first","12":"instock","13":"shipping-taxable","14":"purchasable","15":"product-type-simple"},"yoast_head":"<!-- This site is optimized with the Yoast SEO plugin v26.5 - https:\/\/yoast.com\/wordpress\/plugins\/seo\/ -->\n<title>Fruchtig und s\u00fc\u00df Bang Blaze 20000 Puffs Strawberry Watermelon | Vapingnet.de<\/title>\n<meta name=\"description\" content=\"Entdecke Fruchtig und s\u00fc\u00df Bang Blaze 20000 Puffs Strawberry Watermelon bei vapingnet.de, \u25ba Gro\u00dfe Auswahl an Geschmacksrichtungen &amp; super g\u00fcnstig!\" \/>\n<meta name=\"robots\" content=\"index, follow, max-snippet:-1, max-image-preview:large, max-video-preview:-1\" \/>\n<link rel=\"canonical\" href=\"https:\/\/vapingnet.de\/fr\/vape\/fruchtig-und-suess-bang-blaze-20000-puffs-strawberry-watermelon\/\" \/>\n<meta property=\"og:locale\" content=\"fr_FR\" \/>\n<meta property=\"og:type\" content=\"article\" \/>\n<meta property=\"og:title\" content=\"Fruchtig und s\u00fc\u00df Bang Blaze 20000 Puffs Strawberry Watermelon | Vapingnet.de\" \/>\n<meta property=\"og:description\" content=\"Entdecke Fruchtig und s\u00fc\u00df Bang Blaze 20000 Puffs Strawberry Watermelon bei vapingnet.de, \u25ba Gro\u00dfe Auswahl an Geschmacksrichtungen &amp; super g\u00fcnstig!\" \/>\n<meta property=\"og:url\" content=\"https:\/\/vapingnet.de\/fr\/vape\/fruchtig-und-suess-bang-blaze-20000-puffs-strawberry-watermelon\/\" \/>\n<meta property=\"og:site_name\" content=\"Vapingnet.de\" \/>\n<meta property=\"article:publisher\" content=\"https:\/\/www.facebook.com\/vapingnetde\/\" \/>\n<meta property=\"article:modified_time\" content=\"2026-01-28T08:35:31+00:00\" \/>\n<meta property=\"og:image\" content=\"https:\/\/vapingnet.de\/wp-content\/uploads\/2025\/03\/bang-blaze.jpg\" \/>\n\t<meta property=\"og:image:width\" content=\"1000\" \/>\n\t<meta property=\"og:image:height\" content=\"1000\" \/>\n\t<meta property=\"og:image:type\" content=\"image\/jpeg\" \/>\n<meta name=\"twitter:card\" content=\"summary_large_image\" \/>\n<meta name=\"twitter:label1\" content=\"Dur\u00e9e de lecture estim\u00e9e\" \/>\n\t<meta name=\"twitter:data1\" content=\"2 minutes\" \/>\n<script type=\"application\/ld+json\" class=\"yoast-schema-graph\">{\"@context\":\"https:\/\/schema.org\",\"@graph\":[{\"@type\":\"WebPage\",\"@id\":\"https:\/\/vapingnet.de\/vape\/fruchtig-und-suess-bang-blaze-20000-puffs-strawberry-watermelon\/\",\"url\":\"https:\/\/vapingnet.de\/vape\/fruchtig-und-suess-bang-blaze-20000-puffs-strawberry-watermelon\/\",\"name\":\"Fruchtig und s\u00fc\u00df Bang Blaze 20000 Puffs Strawberry Watermelon | Vapingnet.de\",\"isPartOf\":{\"@id\":\"https:\/\/vapingnet.de\/#website\"},\"primaryImageOfPage\":{\"@id\":\"https:\/\/vapingnet.de\/vape\/fruchtig-und-suess-bang-blaze-20000-puffs-strawberry-watermelon\/#primaryimage\"},\"image\":{\"@id\":\"https:\/\/vapingnet.de\/vape\/fruchtig-und-suess-bang-blaze-20000-puffs-strawberry-watermelon\/#primaryimage\"},\"thumbnailUrl\":\"https:\/\/vapingnet.de\/wp-content\/uploads\/2025\/03\/bang-blaze.jpg\",\"datePublished\":\"2025-12-13T09:38:40+00:00\",\"dateModified\":\"2026-01-28T08:35:31+00:00\",\"description\":\"Entdecke Fruchtig und s\u00fc\u00df Bang Blaze 20000 Puffs Strawberry Watermelon bei vapingnet.de, \u25ba Gro\u00dfe Auswahl an Geschmacksrichtungen & super g\u00fcnstig!\",\"breadcrumb\":{\"@id\":\"https:\/\/vapingnet.de\/vape\/fruchtig-und-suess-bang-blaze-20000-puffs-strawberry-watermelon\/#breadcrumb\"},\"inLanguage\":\"fr-FR\",\"potentialAction\":[{\"@type\":\"ReadAction\",\"target\":[\"https:\/\/vapingnet.de\/vape\/fruchtig-und-suess-bang-blaze-20000-puffs-strawberry-watermelon\/\"]}]},{\"@type\":\"ImageObject\",\"inLanguage\":\"fr-FR\",\"@id\":\"https:\/\/vapingnet.de\/vape\/fruchtig-und-suess-bang-blaze-20000-puffs-strawberry-watermelon\/#primaryimage\",\"url\":\"https:\/\/vapingnet.de\/wp-content\/uploads\/2025\/03\/bang-blaze.jpg\",\"contentUrl\":\"https:\/\/vapingnet.de\/wp-content\/uploads\/2025\/03\/bang-blaze.jpg\",\"width\":1000,\"height\":1000},{\"@type\":\"BreadcrumbList\",\"@id\":\"https:\/\/vapingnet.de\/vape\/fruchtig-und-suess-bang-blaze-20000-puffs-strawberry-watermelon\/#breadcrumb\",\"itemListElement\":[{\"@type\":\"ListItem\",\"position\":1,\"name\":\"Home\",\"item\":\"https:\/\/vapingnet.de\/\"},{\"@type\":\"ListItem\",\"position\":2,\"name\":\"Shop\",\"item\":\"https:\/\/vapingnet.de\/vape\/\"},{\"@type\":\"ListItem\",\"position\":3,\"name\":\"Fruchtig und s\u00fc\u00df Bang Blaze 20000 Puffs Strawberry Watermelon\"}]},{\"@type\":\"WebSite\",\"@id\":\"https:\/\/vapingnet.de\/#website\",\"url\":\"https:\/\/vapingnet.de\/\",\"name\":\"Vapingnet.de\",\"description\":\"\",\"publisher\":{\"@id\":\"https:\/\/vapingnet.de\/#organization\"},\"potentialAction\":[{\"@type\":\"SearchAction\",\"target\":{\"@type\":\"EntryPoint\",\"urlTemplate\":\"https:\/\/vapingnet.de\/?s={search_term_string}\"},\"query-input\":{\"@type\":\"PropertyValueSpecification\",\"valueRequired\":true,\"valueName\":\"search_term_string\"}}],\"inLanguage\":\"fr-FR\"},{\"@type\":\"Organization\",\"@id\":\"https:\/\/vapingnet.de\/#organization\",\"name\":\"Vapingnet.de\",\"url\":\"https:\/\/vapingnet.de\/\",\"logo\":{\"@type\":\"ImageObject\",\"inLanguage\":\"fr-FR\",\"@id\":\"https:\/\/vapingnet.de\/#\/schema\/logo\/image\/\",\"url\":\"https:\/\/vapingnet.de\/wp-content\/uploads\/2025\/03\/cropped-vapingnet.de_.jpg\",\"contentUrl\":\"https:\/\/vapingnet.de\/wp-content\/uploads\/2025\/03\/cropped-vapingnet.de_.jpg\",\"width\":512,\"height\":512,\"caption\":\"Vapingnet.de\"},\"image\":{\"@id\":\"https:\/\/vapingnet.de\/#\/schema\/logo\/image\/\"},\"sameAs\":[\"https:\/\/www.facebook.com\/vapingnetde\/\"]}]}<\/script>\n<!-- \/ Yoast SEO plugin. -->","yoast_head_json":{"title":"Fruchtig und s\u00fc\u00df Bang Blaze 20000 Puffs Strawberry Watermelon | Vapingnet.de","description":"Entdecke Fruchtig und s\u00fc\u00df Bang Blaze 20000 Puffs Strawberry Watermelon bei vapingnet.de, \u25ba Gro\u00dfe Auswahl an Geschmacksrichtungen & super g\u00fcnstig!","robots":{"index":"index","follow":"follow","max-snippet":"max-snippet:-1","max-image-preview":"max-image-preview:large","max-video-preview":"max-video-preview:-1"},"canonical":"https:\/\/vapingnet.de\/fr\/vape\/fruchtig-und-suess-bang-blaze-20000-puffs-strawberry-watermelon\/","og_locale":"fr_FR","og_type":"article","og_title":"Fruchtig und s\u00fc\u00df Bang Blaze 20000 Puffs Strawberry Watermelon | Vapingnet.de","og_description":"Entdecke Fruchtig und s\u00fc\u00df Bang Blaze 20000 Puffs Strawberry Watermelon bei vapingnet.de, \u25ba Gro\u00dfe Auswahl an Geschmacksrichtungen & super g\u00fcnstig!","og_url":"https:\/\/vapingnet.de\/fr\/vape\/fruchtig-und-suess-bang-blaze-20000-puffs-strawberry-watermelon\/","og_site_name":"Vapingnet.de","article_publisher":"https:\/\/www.facebook.com\/vapingnetde\/","article_modified_time":"2026-01-28T08:35:31+00:00","og_image":[{"width":1000,"height":1000,"url":"https:\/\/vapingnet.de\/wp-content\/uploads\/2025\/03\/bang-blaze.jpg","type":"image\/jpeg"}],"twitter_card":"summary_large_image","twitter_misc":{"Dur\u00e9e de lecture estim\u00e9e":"2 minutes"},"schema":{"@context":"https:\/\/schema.org","@graph":[{"@type":"WebPage","@id":"https:\/\/vapingnet.de\/vape\/fruchtig-und-suess-bang-blaze-20000-puffs-strawberry-watermelon\/","url":"https:\/\/vapingnet.de\/vape\/fruchtig-und-suess-bang-blaze-20000-puffs-strawberry-watermelon\/","name":"Fruchtig und s\u00fc\u00df Bang Blaze 20000 Puffs Strawberry Watermelon | Vapingnet.de","isPartOf":{"@id":"https:\/\/vapingnet.de\/#website"},"primaryImageOfPage":{"@id":"https:\/\/vapingnet.de\/vape\/fruchtig-und-suess-bang-blaze-20000-puffs-strawberry-watermelon\/#primaryimage"},"image":{"@id":"https:\/\/vapingnet.de\/vape\/fruchtig-und-suess-bang-blaze-20000-puffs-strawberry-watermelon\/#primaryimage"},"thumbnailUrl":"https:\/\/vapingnet.de\/wp-content\/uploads\/2025\/03\/bang-blaze.jpg","datePublished":"2025-12-13T09:38:40+00:00","dateModified":"2026-01-28T08:35:31+00:00","description":"Entdecke Fruchtig und s\u00fc\u00df Bang Blaze 20000 Puffs Strawberry Watermelon bei vapingnet.de, \u25ba Gro\u00dfe Auswahl an Geschmacksrichtungen & super g\u00fcnstig!","breadcrumb":{"@id":"https:\/\/vapingnet.de\/vape\/fruchtig-und-suess-bang-blaze-20000-puffs-strawberry-watermelon\/#breadcrumb"},"inLanguage":"fr-FR","potentialAction":[{"@type":"ReadAction","target":["https:\/\/vapingnet.de\/vape\/fruchtig-und-suess-bang-blaze-20000-puffs-strawberry-watermelon\/"]}]},{"@type":"ImageObject","inLanguage":"fr-FR","@id":"https:\/\/vapingnet.de\/vape\/fruchtig-und-suess-bang-blaze-20000-puffs-strawberry-watermelon\/#primaryimage","url":"https:\/\/vapingnet.de\/wp-content\/uploads\/2025\/03\/bang-blaze.jpg","contentUrl":"https:\/\/vapingnet.de\/wp-content\/uploads\/2025\/03\/bang-blaze.jpg","width":1000,"height":1000},{"@type":"BreadcrumbList","@id":"https:\/\/vapingnet.de\/vape\/fruchtig-und-suess-bang-blaze-20000-puffs-strawberry-watermelon\/#breadcrumb","itemListElement":[{"@type":"ListItem","position":1,"name":"Home","item":"https:\/\/vapingnet.de\/"},{"@type":"ListItem","position":2,"name":"Shop","item":"https:\/\/vapingnet.de\/vape\/"},{"@type":"ListItem","position":3,"name":"Fruchtig und s\u00fc\u00df Bang Blaze 20000 Puffs Strawberry Watermelon"}]},{"@type":"WebSite","@id":"https:\/\/vapingnet.de\/#website","url":"https:\/\/vapingnet.de\/","name":"Vapingnet.de","description":"","publisher":{"@id":"https:\/\/vapingnet.de\/#organization"},"potentialAction":[{"@type":"SearchAction","target":{"@type":"EntryPoint","urlTemplate":"https:\/\/vapingnet.de\/?s={search_term_string}"},"query-input":{"@type":"PropertyValueSpecification","valueRequired":true,"valueName":"search_term_string"}}],"inLanguage":"fr-FR"},{"@type":"Organization","@id":"https:\/\/vapingnet.de\/#organization","name":"Vapingnet.de","url":"https:\/\/vapingnet.de\/","logo":{"@type":"ImageObject","inLanguage":"fr-FR","@id":"https:\/\/vapingnet.de\/#\/schema\/logo\/image\/","url":"https:\/\/vapingnet.de\/wp-content\/uploads\/2025\/03\/cropped-vapingnet.de_.jpg","contentUrl":"https:\/\/vapingnet.de\/wp-content\/uploads\/2025\/03\/cropped-vapingnet.de_.jpg","width":512,"height":512,"caption":"Vapingnet.de"},"image":{"@id":"https:\/\/vapingnet.de\/#\/schema\/logo\/image\/"},"sameAs":["https:\/\/www.facebook.com\/vapingnetde\/"]}]}},"tiered_pricing_type":"fixed","tiered_pricing_fixed_rules":{"60":"6.83","110":"6.07","200":"5.31"},"tiered_pricing_product_settings":{"layout":"default","base_unit_name":{"singular":null,"plural":null},"default_variation":null},"tiered_pricing_minimum_quantity":null,"tiered_pricing_roles_data":[],"tiered_pricing_percentage_rules":[],"_links":{"self":[{"href":"https:\/\/vapingnet.de\/fr\/wp-json\/wp\/v2\/product\/5528","targetHints":{"allow":["GET"]}}],"collection":[{"href":"https:\/\/vapingnet.de\/fr\/wp-json\/wp\/v2\/product"}],"about":[{"href":"https:\/\/vapingnet.de\/fr\/wp-json\/wp\/v2\/types\/product"}],"version-history":[{"count":4,"href":"https:\/\/vapingnet.de\/fr\/wp-json\/wp\/v2\/product\/5528\/revisions"}],"predecessor-version":[{"id":7308,"href":"https:\/\/vapingnet.de\/fr\/wp-json\/wp\/v2\/product\/5528\/revisions\/7308"}],"wp:featuredmedia":[{"embeddable":true,"href":"https:\/\/vapingnet.de\/fr\/wp-json\/wp\/v2\/media\/6844"}],"wp:attachment":[{"href":"https:\/\/vapingnet.de\/fr\/wp-json\/wp\/v2\/media?parent=5528"}],"wp:term":[{"taxonomy":"brand","embeddable":true,"href":"https:\/\/vapingnet.de\/fr\/wp-json\/wp\/v2\/etheme_brands?post=5528"},{"taxonomy":"product_brand","embeddable":true,"href":"https:\/\/vapingnet.de\/fr\/wp-json\/wp\/v2\/product_brand?post=5528"},{"taxonomy":"product_cat","embeddable":true,"href":"https:\/\/vapingnet.de\/fr\/wp-json\/wp\/v2\/product_cat?post=5528"},{"taxonomy":"product_tag","embeddable":true,"href":"https:\/\/vapingnet.de\/fr\/wp-json\/wp\/v2\/product_tag?post=5528"}],"curies":[{"name":"wp","href":"https:\/\/api.w.org\/{rel}","templated":true}]}}