{"id":5532,"date":"2025-03-17T09:43:57","date_gmt":"2025-03-17T09:43:57","guid":{"rendered":"https:\/\/vapingnet.de\/?post_type=product&#038;p=5532"},"modified":"2025-06-19T03:40:46","modified_gmt":"2025-06-19T03:40:46","slug":"erfrischend-und-fruchtig-bang-blaze-20000-puffs-blueberry-ice","status":"publish","type":"product","link":"https:\/\/vapingnet.de\/fr\/vape\/erfrischend-und-fruchtig-bang-blaze-20000-puffs-blueberry-ice\/","title":{"rendered":"Rafra\u00eechissant et fruit\u00e9 Bang Blaze 20000 Puffs Myrtille Glace"},"content":{"rendered":"<h2 data-start=\"0\" data-end=\"82\">Bang Blaze 20000 Bouff\u00e9es \u2013 Chaque inhalation rafra\u00eechissante, un plaisir durable !<\/h2>\n<p data-start=\"84\" data-end=\"482\">Vivez la sensation de fra\u00eecheur ultime avec la <a href=\"https:\/\/vapingnet.de\/fr\/bang-blaze-20000-puffs\/\" target=\"_blank\" rel=\"noopener\"><strong>Bang Blaze 20000 Bouff\u00e9es<\/strong><\/a>! Que ce soit pour un plaisir prolong\u00e9 ou en d\u00e9placement \u2013 cet appareil r\u00e9pond \u00e0 tous vos souhaits. Avec la bobine Dul Mesh 1.0\u03a9 et le go\u00fbt frais de Blueberry Ice, vous profiterez d'une exp\u00e9rience de vapotage in\u00e9gal\u00e9e. Obtenez d\u00e8s maintenant la saveur fra\u00eeche de myrtille pour l'hiver et laissez-vous envo\u00fbter par la fra\u00eecheur glac\u00e9e !<\/p>\n<h4 data-start=\"489\" data-end=\"518\">Points forts du produit :<\/h4>\n<ul data-start=\"520\" data-end=\"1528\">\n<li data-start=\"520\" data-end=\"664\">Capacit\u00e9 \u00e9norme, plaisir prolong\u00e9 : 20 000 bouff\u00e9es vous permettent d'utiliser l'appareil longtemps sans avoir \u00e0 le changer fr\u00e9quemment.<\/li>\n<li data-start=\"665\" data-end=\"862\">Batterie puissante, charge rapide : \u00c9quip\u00e9 d'une batterie rechargeable de 1000mAh et d'une connexion Type-C pour une charge rapide \u2013 toujours pr\u00eat pour votre prochaine inhalation.<\/li>\n<li data-start=\"863\" data-end=\"976\">Grande capacit\u00e9 de liquide, moins de recharges : 26ml de e-liquide pour un plaisir prolong\u00e9 sans recharger constamment.<\/li>\n<li data-start=\"977\" data-end=\"1108\">Go\u00fbt rafra\u00eechissant de Blueberry Ice : La combinaison de myrtilles sucr\u00e9es et de glace rafra\u00eechissante \u2013 chaque inhalation est un plaisir.<\/li>\n<li data-start=\"1109\" data-end=\"1254\">Affichage intelligent : Affiche en permanence le niveau de batterie et la quantit\u00e9 de liquide restante, pour que vous soyez toujours bien inform\u00e9.<\/li>\n<li data-start=\"1255\" data-end=\"1415\">Diff\u00e9rentes concentrations de nicotine : 0%, 2%, 3%, 5% \u2013 pour tous les go\u00fbts (veuillez noter que 0% et 3% sont disponibles uniquement en gros).<\/li>\n<li data-start=\"1416\" data-end=\"1528\">L\u00e9ger et portable : Avec seulement 85g, l'appareil est parfait pour la mobilit\u00e9 \u2013 petit, pratique et toujours avec vous.<\/li>\n<\/ul>\n<h3>Pourquoi choisir Bang Blaze 20000 Bouff\u00e9es ?<\/h3>\n<ol data-start=\"1593\" data-end=\"2387\">\n<li data-start=\"1593\" data-end=\"1773\">Longue endurance : Avec 20 000 bouff\u00e9es, vous pouvez profiter plus longtemps sans avoir \u00e0 changer ou recharger fr\u00e9quemment l'appareil. Parfait pour une utilisation quotidienne ou en voyage.<\/li>\n<li data-start=\"1774\" data-end=\"1979\">Go\u00fbt rafra\u00eechissant de Blueberry Ice : La saveur Blueberry Ice offre l'\u00e9quilibre parfait entre myrtilles sucr\u00e9es et glace rafra\u00eechissante \u2013 pour une t\u00eate claire et une fra\u00eecheur durable.<\/li>\n<li data-start=\"1980\" data-end=\"2190\">Charge rapide &amp; affichage intelligent : Gr\u00e2ce \u00e0 la connexion Type-C, la charge est rapide, et l'\u00e9cran intelligent vous indique en permanence le niveau de batterie ainsi que le niveau de liquide.<\/li>\n<li data-start=\"2191\" data-end=\"2387\">L\u00e9ger et facile \u00e0 transporter : Avec seulement 85g, il est tr\u00e8s pratique. De plus, nous proposons une livraison sans taxes, vous n'avez donc pas \u00e0 vous soucier des co\u00fbts suppl\u00e9mentaires.<\/li>\n<\/ol>\n<h4 data-start=\"2394\" data-end=\"2439\">Achetez maintenant et profitez de chaque inhalation<\/h4>\n<p data-start=\"2440\" data-end=\"2767\" data-is-last-node=\"\" data-is-only-node=\"\">Visitez <a href=\"https:\/\/vapingnet.de\/fr\/\" target=\"_new\" rel=\"noopener\" data-start=\"2450\" data-end=\"2486\">vapingnet.de<\/a> et commandez d\u00e8s maintenant votre Bang Blaze 20000 Bouff\u00e9es. D\u00e9couvrez la saveur rafra\u00eechissante de Blueberry Ice et profitez d'une vapeur longue dur\u00e9e. Commandez maintenant et b\u00e9n\u00e9ficiez d'une livraison sans taxes ainsi que d'une livraison rapide en 7-15 jours ouvrables !<\/p>","protected":false},"excerpt":{"rendered":"<p>Bang Blaze 20000 Bouff\u00e9es \u2013 Chaque bouff\u00e9e rafra\u00eechissante, plaisir longue dur\u00e9e! D\u00e9couvrez le coup de fra\u00eecheur ultime avec la Bang Blaze 20000 Bouff\u00e9es! Que ce soit pour un plaisir durable ou...<\/p>","protected":false},"featured_media":6846,"template":"","meta":[],"etheme_brands":[],"product_brand":[101],"product_cat":[54,49,61],"product_tag":[],"class_list":{"0":"post-5532","1":"product","2":"type-product","3":"status-publish","4":"has-post-thumbnail","6":"product_brand-bang-king-vape","7":"product_cat-vape-20000-zuege","8":"product_cat-einweg-e-zigarette","9":"product_cat-f","11":"first","12":"instock","13":"shipping-taxable","14":"purchasable","15":"product-type-simple"},"yoast_head":"<!-- This site is optimized with the Yoast SEO plugin v26.5 - https:\/\/yoast.com\/wordpress\/plugins\/seo\/ -->\n<title>Erfrischend und fruchtig Bang Blaze 20000 Puffs Blueberry Ice | Vapingnet.de<\/title>\n<meta name=\"description\" content=\"Entdecke Erfrischend und fruchtig Bang Blaze 20000 Puffs Blueberry Ice bei vapingnet.de, \u25ba Gro\u00dfe Auswahl an Geschmacksrichtungen &amp; super g\u00fcnstig!\" \/>\n<meta name=\"robots\" content=\"index, follow, max-snippet:-1, max-image-preview:large, max-video-preview:-1\" \/>\n<link rel=\"canonical\" href=\"https:\/\/vapingnet.de\/fr\/vape\/erfrischend-und-fruchtig-bang-blaze-20000-puffs-blueberry-ice\/\" \/>\n<meta property=\"og:locale\" content=\"fr_FR\" \/>\n<meta property=\"og:type\" content=\"article\" \/>\n<meta property=\"og:title\" content=\"Erfrischend und fruchtig Bang Blaze 20000 Puffs Blueberry Ice | Vapingnet.de\" \/>\n<meta property=\"og:description\" content=\"Entdecke Erfrischend und fruchtig Bang Blaze 20000 Puffs Blueberry Ice bei vapingnet.de, \u25ba Gro\u00dfe Auswahl an Geschmacksrichtungen &amp; super g\u00fcnstig!\" \/>\n<meta property=\"og:url\" content=\"https:\/\/vapingnet.de\/fr\/vape\/erfrischend-und-fruchtig-bang-blaze-20000-puffs-blueberry-ice\/\" \/>\n<meta property=\"og:site_name\" content=\"Vapingnet.de\" \/>\n<meta property=\"article:publisher\" content=\"https:\/\/www.facebook.com\/vapingnetde\/\" \/>\n<meta property=\"article:modified_time\" content=\"2025-06-19T03:40:46+00:00\" \/>\n<meta property=\"og:image\" content=\"https:\/\/vapingnet.de\/wp-content\/uploads\/2025\/03\/bang-blueberry-ice.png\" \/>\n\t<meta property=\"og:image:width\" content=\"1000\" \/>\n\t<meta property=\"og:image:height\" content=\"1000\" \/>\n\t<meta property=\"og:image:type\" content=\"image\/png\" \/>\n<meta name=\"twitter:card\" content=\"summary_large_image\" \/>\n<meta name=\"twitter:label1\" content=\"Dur\u00e9e de lecture estim\u00e9e\" \/>\n\t<meta name=\"twitter:data1\" content=\"3 minutes\" \/>\n<script type=\"application\/ld+json\" class=\"yoast-schema-graph\">{\"@context\":\"https:\/\/schema.org\",\"@graph\":[{\"@type\":\"WebPage\",\"@id\":\"https:\/\/vapingnet.de\/vape\/erfrischend-und-fruchtig-bang-blaze-20000-puffs-blueberry-ice\/\",\"url\":\"https:\/\/vapingnet.de\/vape\/erfrischend-und-fruchtig-bang-blaze-20000-puffs-blueberry-ice\/\",\"name\":\"Erfrischend und fruchtig Bang Blaze 20000 Puffs Blueberry Ice | Vapingnet.de\",\"isPartOf\":{\"@id\":\"https:\/\/vapingnet.de\/#website\"},\"primaryImageOfPage\":{\"@id\":\"https:\/\/vapingnet.de\/vape\/erfrischend-und-fruchtig-bang-blaze-20000-puffs-blueberry-ice\/#primaryimage\"},\"image\":{\"@id\":\"https:\/\/vapingnet.de\/vape\/erfrischend-und-fruchtig-bang-blaze-20000-puffs-blueberry-ice\/#primaryimage\"},\"thumbnailUrl\":\"https:\/\/vapingnet.de\/wp-content\/uploads\/2025\/03\/bang-blueberry-ice.png\",\"datePublished\":\"2025-03-17T09:43:57+00:00\",\"dateModified\":\"2025-06-19T03:40:46+00:00\",\"description\":\"Entdecke Erfrischend und fruchtig Bang Blaze 20000 Puffs Blueberry Ice bei vapingnet.de, \u25ba Gro\u00dfe Auswahl an Geschmacksrichtungen & super g\u00fcnstig!\",\"breadcrumb\":{\"@id\":\"https:\/\/vapingnet.de\/vape\/erfrischend-und-fruchtig-bang-blaze-20000-puffs-blueberry-ice\/#breadcrumb\"},\"inLanguage\":\"fr-FR\",\"potentialAction\":[{\"@type\":\"ReadAction\",\"target\":[\"https:\/\/vapingnet.de\/vape\/erfrischend-und-fruchtig-bang-blaze-20000-puffs-blueberry-ice\/\"]}]},{\"@type\":\"ImageObject\",\"inLanguage\":\"fr-FR\",\"@id\":\"https:\/\/vapingnet.de\/vape\/erfrischend-und-fruchtig-bang-blaze-20000-puffs-blueberry-ice\/#primaryimage\",\"url\":\"https:\/\/vapingnet.de\/wp-content\/uploads\/2025\/03\/bang-blueberry-ice.png\",\"contentUrl\":\"https:\/\/vapingnet.de\/wp-content\/uploads\/2025\/03\/bang-blueberry-ice.png\",\"width\":1000,\"height\":1000},{\"@type\":\"BreadcrumbList\",\"@id\":\"https:\/\/vapingnet.de\/vape\/erfrischend-und-fruchtig-bang-blaze-20000-puffs-blueberry-ice\/#breadcrumb\",\"itemListElement\":[{\"@type\":\"ListItem\",\"position\":1,\"name\":\"Home\",\"item\":\"https:\/\/vapingnet.de\/\"},{\"@type\":\"ListItem\",\"position\":2,\"name\":\"Shop\",\"item\":\"https:\/\/vapingnet.de\/vape\/\"},{\"@type\":\"ListItem\",\"position\":3,\"name\":\"Erfrischend und fruchtig Bang Blaze 20000 Puffs Blueberry Ice\"}]},{\"@type\":\"WebSite\",\"@id\":\"https:\/\/vapingnet.de\/#website\",\"url\":\"https:\/\/vapingnet.de\/\",\"name\":\"Vapingnet.de\",\"description\":\"\",\"publisher\":{\"@id\":\"https:\/\/vapingnet.de\/#organization\"},\"potentialAction\":[{\"@type\":\"SearchAction\",\"target\":{\"@type\":\"EntryPoint\",\"urlTemplate\":\"https:\/\/vapingnet.de\/?s={search_term_string}\"},\"query-input\":{\"@type\":\"PropertyValueSpecification\",\"valueRequired\":true,\"valueName\":\"search_term_string\"}}],\"inLanguage\":\"fr-FR\"},{\"@type\":\"Organization\",\"@id\":\"https:\/\/vapingnet.de\/#organization\",\"name\":\"Vapingnet.de\",\"url\":\"https:\/\/vapingnet.de\/\",\"logo\":{\"@type\":\"ImageObject\",\"inLanguage\":\"fr-FR\",\"@id\":\"https:\/\/vapingnet.de\/#\/schema\/logo\/image\/\",\"url\":\"https:\/\/vapingnet.de\/wp-content\/uploads\/2025\/03\/cropped-vapingnet.de_.jpg\",\"contentUrl\":\"https:\/\/vapingnet.de\/wp-content\/uploads\/2025\/03\/cropped-vapingnet.de_.jpg\",\"width\":512,\"height\":512,\"caption\":\"Vapingnet.de\"},\"image\":{\"@id\":\"https:\/\/vapingnet.de\/#\/schema\/logo\/image\/\"},\"sameAs\":[\"https:\/\/www.facebook.com\/vapingnetde\/\"]}]}<\/script>\n<!-- \/ Yoast SEO plugin. -->","yoast_head_json":{"title":"Erfrischend und fruchtig Bang Blaze 20000 Puffs Blueberry Ice | Vapingnet.de","description":"Entdecke Erfrischend und fruchtig Bang Blaze 20000 Puffs Blueberry Ice bei vapingnet.de, \u25ba Gro\u00dfe Auswahl an Geschmacksrichtungen & super g\u00fcnstig!","robots":{"index":"index","follow":"follow","max-snippet":"max-snippet:-1","max-image-preview":"max-image-preview:large","max-video-preview":"max-video-preview:-1"},"canonical":"https:\/\/vapingnet.de\/fr\/vape\/erfrischend-und-fruchtig-bang-blaze-20000-puffs-blueberry-ice\/","og_locale":"fr_FR","og_type":"article","og_title":"Erfrischend und fruchtig Bang Blaze 20000 Puffs Blueberry Ice | Vapingnet.de","og_description":"Entdecke Erfrischend und fruchtig Bang Blaze 20000 Puffs Blueberry Ice bei vapingnet.de, \u25ba Gro\u00dfe Auswahl an Geschmacksrichtungen & super g\u00fcnstig!","og_url":"https:\/\/vapingnet.de\/fr\/vape\/erfrischend-und-fruchtig-bang-blaze-20000-puffs-blueberry-ice\/","og_site_name":"Vapingnet.de","article_publisher":"https:\/\/www.facebook.com\/vapingnetde\/","article_modified_time":"2025-06-19T03:40:46+00:00","og_image":[{"width":1000,"height":1000,"url":"https:\/\/vapingnet.de\/wp-content\/uploads\/2025\/03\/bang-blueberry-ice.png","type":"image\/png"}],"twitter_card":"summary_large_image","twitter_misc":{"Dur\u00e9e de lecture estim\u00e9e":"3 minutes"},"schema":{"@context":"https:\/\/schema.org","@graph":[{"@type":"WebPage","@id":"https:\/\/vapingnet.de\/vape\/erfrischend-und-fruchtig-bang-blaze-20000-puffs-blueberry-ice\/","url":"https:\/\/vapingnet.de\/vape\/erfrischend-und-fruchtig-bang-blaze-20000-puffs-blueberry-ice\/","name":"Erfrischend und fruchtig Bang Blaze 20000 Puffs Blueberry Ice | Vapingnet.de","isPartOf":{"@id":"https:\/\/vapingnet.de\/#website"},"primaryImageOfPage":{"@id":"https:\/\/vapingnet.de\/vape\/erfrischend-und-fruchtig-bang-blaze-20000-puffs-blueberry-ice\/#primaryimage"},"image":{"@id":"https:\/\/vapingnet.de\/vape\/erfrischend-und-fruchtig-bang-blaze-20000-puffs-blueberry-ice\/#primaryimage"},"thumbnailUrl":"https:\/\/vapingnet.de\/wp-content\/uploads\/2025\/03\/bang-blueberry-ice.png","datePublished":"2025-03-17T09:43:57+00:00","dateModified":"2025-06-19T03:40:46+00:00","description":"Entdecke Erfrischend und fruchtig Bang Blaze 20000 Puffs Blueberry Ice bei vapingnet.de, \u25ba Gro\u00dfe Auswahl an Geschmacksrichtungen & super g\u00fcnstig!","breadcrumb":{"@id":"https:\/\/vapingnet.de\/vape\/erfrischend-und-fruchtig-bang-blaze-20000-puffs-blueberry-ice\/#breadcrumb"},"inLanguage":"fr-FR","potentialAction":[{"@type":"ReadAction","target":["https:\/\/vapingnet.de\/vape\/erfrischend-und-fruchtig-bang-blaze-20000-puffs-blueberry-ice\/"]}]},{"@type":"ImageObject","inLanguage":"fr-FR","@id":"https:\/\/vapingnet.de\/vape\/erfrischend-und-fruchtig-bang-blaze-20000-puffs-blueberry-ice\/#primaryimage","url":"https:\/\/vapingnet.de\/wp-content\/uploads\/2025\/03\/bang-blueberry-ice.png","contentUrl":"https:\/\/vapingnet.de\/wp-content\/uploads\/2025\/03\/bang-blueberry-ice.png","width":1000,"height":1000},{"@type":"BreadcrumbList","@id":"https:\/\/vapingnet.de\/vape\/erfrischend-und-fruchtig-bang-blaze-20000-puffs-blueberry-ice\/#breadcrumb","itemListElement":[{"@type":"ListItem","position":1,"name":"Home","item":"https:\/\/vapingnet.de\/"},{"@type":"ListItem","position":2,"name":"Shop","item":"https:\/\/vapingnet.de\/vape\/"},{"@type":"ListItem","position":3,"name":"Erfrischend und fruchtig Bang Blaze 20000 Puffs Blueberry Ice"}]},{"@type":"WebSite","@id":"https:\/\/vapingnet.de\/#website","url":"https:\/\/vapingnet.de\/","name":"Vapingnet.de","description":"","publisher":{"@id":"https:\/\/vapingnet.de\/#organization"},"potentialAction":[{"@type":"SearchAction","target":{"@type":"EntryPoint","urlTemplate":"https:\/\/vapingnet.de\/?s={search_term_string}"},"query-input":{"@type":"PropertyValueSpecification","valueRequired":true,"valueName":"search_term_string"}}],"inLanguage":"fr-FR"},{"@type":"Organization","@id":"https:\/\/vapingnet.de\/#organization","name":"Vapingnet.de","url":"https:\/\/vapingnet.de\/","logo":{"@type":"ImageObject","inLanguage":"fr-FR","@id":"https:\/\/vapingnet.de\/#\/schema\/logo\/image\/","url":"https:\/\/vapingnet.de\/wp-content\/uploads\/2025\/03\/cropped-vapingnet.de_.jpg","contentUrl":"https:\/\/vapingnet.de\/wp-content\/uploads\/2025\/03\/cropped-vapingnet.de_.jpg","width":512,"height":512,"caption":"Vapingnet.de"},"image":{"@id":"https:\/\/vapingnet.de\/#\/schema\/logo\/image\/"},"sameAs":["https:\/\/www.facebook.com\/vapingnetde\/"]}]}},"tiered_pricing_type":"fixed","tiered_pricing_fixed_rules":{"10":"7.59","60":"6.83","110":"6.07","200":"5.31"},"tiered_pricing_product_settings":{"layout":"default","base_unit_name":{"singular":null,"plural":null},"default_variation":null},"tiered_pricing_minimum_quantity":null,"tiered_pricing_roles_data":[],"tiered_pricing_percentage_rules":[],"_links":{"self":[{"href":"https:\/\/vapingnet.de\/fr\/wp-json\/wp\/v2\/product\/5532","targetHints":{"allow":["GET"]}}],"collection":[{"href":"https:\/\/vapingnet.de\/fr\/wp-json\/wp\/v2\/product"}],"about":[{"href":"https:\/\/vapingnet.de\/fr\/wp-json\/wp\/v2\/types\/product"}],"version-history":[{"count":1,"href":"https:\/\/vapingnet.de\/fr\/wp-json\/wp\/v2\/product\/5532\/revisions"}],"predecessor-version":[{"id":5534,"href":"https:\/\/vapingnet.de\/fr\/wp-json\/wp\/v2\/product\/5532\/revisions\/5534"}],"wp:featuredmedia":[{"embeddable":true,"href":"https:\/\/vapingnet.de\/fr\/wp-json\/wp\/v2\/media\/6846"}],"wp:attachment":[{"href":"https:\/\/vapingnet.de\/fr\/wp-json\/wp\/v2\/media?parent=5532"}],"wp:term":[{"taxonomy":"brand","embeddable":true,"href":"https:\/\/vapingnet.de\/fr\/wp-json\/wp\/v2\/etheme_brands?post=5532"},{"taxonomy":"product_brand","embeddable":true,"href":"https:\/\/vapingnet.de\/fr\/wp-json\/wp\/v2\/product_brand?post=5532"},{"taxonomy":"product_cat","embeddable":true,"href":"https:\/\/vapingnet.de\/fr\/wp-json\/wp\/v2\/product_cat?post=5532"},{"taxonomy":"product_tag","embeddable":true,"href":"https:\/\/vapingnet.de\/fr\/wp-json\/wp\/v2\/product_tag?post=5532"}],"curies":[{"name":"wp","href":"https:\/\/api.w.org\/{rel}","templated":true}]}}