{"id":5541,"date":"2025-03-17T10:03:40","date_gmt":"2025-03-17T10:03:40","guid":{"rendered":"https:\/\/vapingnet.de\/?post_type=product&#038;p=5541"},"modified":"2025-06-19T03:40:45","modified_gmt":"2025-06-19T03:40:45","slug":"zwei-fruechte-ein-geschmackserlebnis-bang-blaze-20000-puffs-blueberry-grape","status":"publish","type":"product","link":"https:\/\/vapingnet.de\/fr\/vape\/zwei-fruechte-ein-geschmackserlebnis-bang-blaze-20000-puffs-blueberry-grape\/","title":{"rendered":"Deux fruits, une exp\u00e9rience gustative Bang Blaze 20000 Puffs Myrtille Raisin"},"content":{"rendered":"<h2 data-start=\"0\" data-end=\"88\">D\u00e9couvrez une exp\u00e9rience de vapotage in\u00e9gal\u00e9e \u2013 Bang Blaze 20000 Puffs Myrtille Raisin<\/h2>\n<p data-start=\"90\" data-end=\"500\">Si vous \u00eates \u00e0 la recherche d'un appareil de vapotage qui vous offre un plaisir durable sans compromettre le go\u00fbt, alors le <a href=\"https:\/\/vapingnet.de\/fr\/bang-blaze-20000-puffs\/\" target=\"_blank\" rel=\"noopener\"><strong>Bang Blaze 20000 Bouff\u00e9es <\/strong><\/a>est le choix parfait. Avec une performance impressionnante et le go\u00fbt irr\u00e9sistible de Myrtille Raisin, il vous emm\u00e8ne dans une toute nouvelle exp\u00e9rience gustative ! D\u00e9couvrons ensemble les avantages uniques de cet appareil !<\/p>\n<ul>\n<li data-start=\"502\" data-end=\"545\">Longue dur\u00e9e et plaisir \u00e0 chaque bouff\u00e9e<br \/>\nLe Bang Blaze 20000 Puffs est \u00e9quip\u00e9 d'une r\u00e9sistance Dul Mesh Coil et dispose d'une r\u00e9sistance de 1.0\u03a9, qui assure un vapotage doux et agr\u00e9able. Que vous soyez un d\u00e9butant ou un vapoteur exp\u00e9riment\u00e9, vous profiterez d'une exp\u00e9rience de vapotage parfaite. Avec jusqu'\u00e0 <a href=\"https:\/\/vapingnet.de\/fr\/k\/vape-20000-zuege\/\" target=\"_blank\" rel=\"noopener\"><strong>20000 bouff\u00e9es<\/strong><\/a> cet appareil offre une dur\u00e9e d'utilisation exceptionnellement longue, vous n'avez donc pas \u00e0 vous soucier des changements d'appareil fr\u00e9quents. Chaque bouff\u00e9e est stable et riche en go\u00fbt, vous permettant de profiter pleinement du vapotage.<\/li>\n<li data-start=\"1084\" data-end=\"1129\">Recharge pratique pour votre confort<br \/>\nLe Bang Blaze 20000 Puffs est \u00e9quip\u00e9 d'une batterie de 1000mAh, qui peut \u00eatre recharg\u00e9e rapidement via un port typ-c. La recharge rapide vous assure d'avoir toujours assez d'\u00e9nergie pour la prochaine bouff\u00e9e. Vous n'avez donc pas \u00e0 vous soucier des batteries vides, que vous soyez en d\u00e9placement ou dans la vie de tous les jours. La fonction de recharge rapide vous permet de revenir rapidement au vapotage et assure une utilisation fluide.<\/li>\n<li data-start=\"1560\" data-end=\"1614\">Go\u00fbt Myrtille Raisin qui vous s\u00e9duit<br \/>\nUn autre point fort est le go\u00fbt unique. Le go\u00fbt Myrtille Raisin combine la douceur naturelle et la l\u00e9g\u00e8re acidit\u00e9 des myrtilles et des raisins pour une exp\u00e9rience de vapotage fra\u00eeche et fruit\u00e9e. Chaque bouff\u00e9e donne l'impression de d\u00e9guster des fruits frais, ce qui fait du vapotage un v\u00e9ritable plaisir.<\/li>\n<li data-start=\"1940\" data-end=\"1979\">Teneur en nicotine pour tous les besoins<br \/>\nPour tous les go\u00fbts et toutes les pr\u00e9f\u00e9rences, le Bang Blaze 20000 Puffs offre une s\u00e9lection de taux de nicotine : 0%, 2%, 3% et 5%. Que vous pr\u00e9f\u00e9riez le plaisir doux sans nicotine ou que vous recherchiez un vapotage plus intense, vous trouverez ici ce qui vous convient. Veuillez noter que 0% et 3% de nicotine ne peuvent \u00eatre command\u00e9s qu'en plus grandes quantit\u00e9s afin que nous puissions vous permettre l'exp\u00e9dition.<\/li>\n<li data-start=\"2379\" data-end=\"2420\">L\u00e9ger et compact pour les d\u00e9placements<br \/>\nLe design du Bang Blaze convainc non seulement par ses performances, mais aussi par son apparence ext\u00e9rieure. Avec un poids de seulement 85g, il est particuli\u00e8rement l\u00e9ger et peut \u00eatre emport\u00e9 partout sans probl\u00e8me. Le design fin r\u00e9pond aux exigences esth\u00e9tiques modernes et vous permet de montrer votre style m\u00eame en vapotant.<\/li>\n<li data-start=\"2767\" data-end=\"2814\">Pas de frais de douane, livraison rapide<br \/>\nLorsque vous achetez le Bang Blaze 20000 Puffs, vous pouvez \u00eatre s\u00fbr<strong><a href=\"https:\/\/vapingnet.de\/fr\/k\/f\/\" target=\"_blank\" rel=\"noopener\"> qu'il n'y a pas de frais<\/a> de douane suppl\u00e9mentaires.<\/strong>De plus, le d\u00e9lai de livraison n'est que de 7 \u00e0 15 jours ouvrables, vous permettant de profiter rapidement de ce vape de haute qualit\u00e9.<\/li>\n<\/ul>\n<h4 data-start=\"3052\" data-end=\"3103\">Fumage in\u00e9gal\u00e9 sur vapingnet.fr<\/h4>\n<p data-start=\"3105\" data-end=\"3464\">Si vous h\u00e9sitez encore, visitez-nous sur vapingnet.fr ! Nous vous proposons uniquement les meilleurs appareils de vape, et le Bang Blaze 20000 Puffs fait partie des produits de pointe soigneusement s\u00e9lectionn\u00e9s. Que vous souhaitiez essayer de nouvelles saveurs ou rechercher une exp\u00e9rience de vapotage puissante et durable, le Bang Blaze r\u00e9pondra \u00e0 vos besoins.<\/p>\n<p data-start=\"3466\" data-end=\"3558\" data-is-last-node=\"\" data-is-only-node=\"\">Vivez d\u00e8s maintenant la saveur ultime et profitez de chaque tirage de cette vape exceptionnelle !<\/p>","protected":false},"excerpt":{"rendered":"<p>Erlebe ein unvergleichliches Dampferlebnis \u2013 Bang Blaze 20000 Puffs Blueberry Grape Wenn du auf der Suche nach einem Vape-Ger\u00e4t bist, das dir langanhaltenden Genuss bietet,&#8230;<\/p>","protected":false},"featured_media":6843,"template":"","meta":[],"etheme_brands":[],"product_brand":[101],"product_cat":[54,49,61],"product_tag":[],"class_list":{"0":"post-5541","1":"product","2":"type-product","3":"status-publish","4":"has-post-thumbnail","6":"product_brand-bang-king-vape","7":"product_cat-vape-20000-zuege","8":"product_cat-einweg-e-zigarette","9":"product_cat-f","11":"first","12":"instock","13":"shipping-taxable","14":"purchasable","15":"product-type-simple"},"yoast_head":"<!-- This site is optimized with the Yoast SEO plugin v26.5 - https:\/\/yoast.com\/wordpress\/plugins\/seo\/ -->\n<title>Zwei Fr\u00fcchte ein Geschmackserlebnis Bang Blaze 20000 Puffs Blueberry Grape | Vapingnet.de<\/title>\n<meta name=\"description\" content=\"Entdecke Zwei Fr\u00fcchte ein Geschmackserlebnis Bang Blaze 20000 Puffs Blueberry Grape bei vapingnet.de, \u25ba Gro\u00dfe Auswahl an Geschmacksrichtungen &amp; super g\u00fcnstig!\" \/>\n<meta name=\"robots\" content=\"index, follow, max-snippet:-1, max-image-preview:large, max-video-preview:-1\" \/>\n<link rel=\"canonical\" href=\"https:\/\/vapingnet.de\/fr\/vape\/zwei-fruechte-ein-geschmackserlebnis-bang-blaze-20000-puffs-blueberry-grape\/\" \/>\n<meta property=\"og:locale\" content=\"fr_FR\" \/>\n<meta property=\"og:type\" content=\"article\" \/>\n<meta property=\"og:title\" content=\"Zwei Fr\u00fcchte ein Geschmackserlebnis Bang Blaze 20000 Puffs Blueberry Grape | Vapingnet.de\" \/>\n<meta property=\"og:description\" content=\"Entdecke Zwei Fr\u00fcchte ein Geschmackserlebnis Bang Blaze 20000 Puffs Blueberry Grape bei vapingnet.de, \u25ba Gro\u00dfe Auswahl an Geschmacksrichtungen &amp; super g\u00fcnstig!\" \/>\n<meta property=\"og:url\" content=\"https:\/\/vapingnet.de\/fr\/vape\/zwei-fruechte-ein-geschmackserlebnis-bang-blaze-20000-puffs-blueberry-grape\/\" \/>\n<meta property=\"og:site_name\" content=\"Vapingnet.de\" \/>\n<meta property=\"article:publisher\" content=\"https:\/\/www.facebook.com\/vapingnetde\/\" \/>\n<meta property=\"article:modified_time\" content=\"2025-06-19T03:40:45+00:00\" \/>\n<meta property=\"og:image\" content=\"https:\/\/vapingnet.de\/wp-content\/uploads\/2025\/03\/bang-blueberry-grape.png\" \/>\n\t<meta property=\"og:image:width\" content=\"1000\" \/>\n\t<meta property=\"og:image:height\" content=\"1000\" \/>\n\t<meta property=\"og:image:type\" content=\"image\/png\" \/>\n<meta name=\"twitter:card\" content=\"summary_large_image\" \/>\n<meta name=\"twitter:label1\" content=\"Dur\u00e9e de lecture estim\u00e9e\" \/>\n\t<meta name=\"twitter:data1\" content=\"4 minutes\" \/>\n<script type=\"application\/ld+json\" class=\"yoast-schema-graph\">{\"@context\":\"https:\/\/schema.org\",\"@graph\":[{\"@type\":\"WebPage\",\"@id\":\"https:\/\/vapingnet.de\/vape\/zwei-fruechte-ein-geschmackserlebnis-bang-blaze-20000-puffs-blueberry-grape\/\",\"url\":\"https:\/\/vapingnet.de\/vape\/zwei-fruechte-ein-geschmackserlebnis-bang-blaze-20000-puffs-blueberry-grape\/\",\"name\":\"Zwei Fr\u00fcchte ein Geschmackserlebnis Bang Blaze 20000 Puffs Blueberry Grape | Vapingnet.de\",\"isPartOf\":{\"@id\":\"https:\/\/vapingnet.de\/#website\"},\"primaryImageOfPage\":{\"@id\":\"https:\/\/vapingnet.de\/vape\/zwei-fruechte-ein-geschmackserlebnis-bang-blaze-20000-puffs-blueberry-grape\/#primaryimage\"},\"image\":{\"@id\":\"https:\/\/vapingnet.de\/vape\/zwei-fruechte-ein-geschmackserlebnis-bang-blaze-20000-puffs-blueberry-grape\/#primaryimage\"},\"thumbnailUrl\":\"https:\/\/vapingnet.de\/wp-content\/uploads\/2025\/03\/bang-blueberry-grape.png\",\"datePublished\":\"2025-03-17T10:03:40+00:00\",\"dateModified\":\"2025-06-19T03:40:45+00:00\",\"description\":\"Entdecke Zwei Fr\u00fcchte ein Geschmackserlebnis Bang Blaze 20000 Puffs Blueberry Grape bei vapingnet.de, \u25ba Gro\u00dfe Auswahl an Geschmacksrichtungen & super g\u00fcnstig!\",\"breadcrumb\":{\"@id\":\"https:\/\/vapingnet.de\/vape\/zwei-fruechte-ein-geschmackserlebnis-bang-blaze-20000-puffs-blueberry-grape\/#breadcrumb\"},\"inLanguage\":\"fr-FR\",\"potentialAction\":[{\"@type\":\"ReadAction\",\"target\":[\"https:\/\/vapingnet.de\/vape\/zwei-fruechte-ein-geschmackserlebnis-bang-blaze-20000-puffs-blueberry-grape\/\"]}]},{\"@type\":\"ImageObject\",\"inLanguage\":\"fr-FR\",\"@id\":\"https:\/\/vapingnet.de\/vape\/zwei-fruechte-ein-geschmackserlebnis-bang-blaze-20000-puffs-blueberry-grape\/#primaryimage\",\"url\":\"https:\/\/vapingnet.de\/wp-content\/uploads\/2025\/03\/bang-blueberry-grape.png\",\"contentUrl\":\"https:\/\/vapingnet.de\/wp-content\/uploads\/2025\/03\/bang-blueberry-grape.png\",\"width\":1000,\"height\":1000},{\"@type\":\"BreadcrumbList\",\"@id\":\"https:\/\/vapingnet.de\/vape\/zwei-fruechte-ein-geschmackserlebnis-bang-blaze-20000-puffs-blueberry-grape\/#breadcrumb\",\"itemListElement\":[{\"@type\":\"ListItem\",\"position\":1,\"name\":\"Home\",\"item\":\"https:\/\/vapingnet.de\/\"},{\"@type\":\"ListItem\",\"position\":2,\"name\":\"Shop\",\"item\":\"https:\/\/vapingnet.de\/vape\/\"},{\"@type\":\"ListItem\",\"position\":3,\"name\":\"Zwei Fr\u00fcchte ein Geschmackserlebnis Bang Blaze 20000 Puffs Blueberry Grape\"}]},{\"@type\":\"WebSite\",\"@id\":\"https:\/\/vapingnet.de\/#website\",\"url\":\"https:\/\/vapingnet.de\/\",\"name\":\"Vapingnet.de\",\"description\":\"\",\"publisher\":{\"@id\":\"https:\/\/vapingnet.de\/#organization\"},\"potentialAction\":[{\"@type\":\"SearchAction\",\"target\":{\"@type\":\"EntryPoint\",\"urlTemplate\":\"https:\/\/vapingnet.de\/?s={search_term_string}\"},\"query-input\":{\"@type\":\"PropertyValueSpecification\",\"valueRequired\":true,\"valueName\":\"search_term_string\"}}],\"inLanguage\":\"fr-FR\"},{\"@type\":\"Organization\",\"@id\":\"https:\/\/vapingnet.de\/#organization\",\"name\":\"Vapingnet.de\",\"url\":\"https:\/\/vapingnet.de\/\",\"logo\":{\"@type\":\"ImageObject\",\"inLanguage\":\"fr-FR\",\"@id\":\"https:\/\/vapingnet.de\/#\/schema\/logo\/image\/\",\"url\":\"https:\/\/vapingnet.de\/wp-content\/uploads\/2025\/03\/cropped-vapingnet.de_.jpg\",\"contentUrl\":\"https:\/\/vapingnet.de\/wp-content\/uploads\/2025\/03\/cropped-vapingnet.de_.jpg\",\"width\":512,\"height\":512,\"caption\":\"Vapingnet.de\"},\"image\":{\"@id\":\"https:\/\/vapingnet.de\/#\/schema\/logo\/image\/\"},\"sameAs\":[\"https:\/\/www.facebook.com\/vapingnetde\/\"]}]}<\/script>\n<!-- \/ Yoast SEO plugin. -->","yoast_head_json":{"title":"Zwei Fr\u00fcchte ein Geschmackserlebnis Bang Blaze 20000 Puffs Blueberry Grape | Vapingnet.de","description":"Entdecke Zwei Fr\u00fcchte ein Geschmackserlebnis Bang Blaze 20000 Puffs Blueberry Grape bei vapingnet.de, \u25ba Gro\u00dfe Auswahl an Geschmacksrichtungen & super g\u00fcnstig!","robots":{"index":"index","follow":"follow","max-snippet":"max-snippet:-1","max-image-preview":"max-image-preview:large","max-video-preview":"max-video-preview:-1"},"canonical":"https:\/\/vapingnet.de\/fr\/vape\/zwei-fruechte-ein-geschmackserlebnis-bang-blaze-20000-puffs-blueberry-grape\/","og_locale":"fr_FR","og_type":"article","og_title":"Zwei Fr\u00fcchte ein Geschmackserlebnis Bang Blaze 20000 Puffs Blueberry Grape | Vapingnet.de","og_description":"Entdecke Zwei Fr\u00fcchte ein Geschmackserlebnis Bang Blaze 20000 Puffs Blueberry Grape bei vapingnet.de, \u25ba Gro\u00dfe Auswahl an Geschmacksrichtungen & super g\u00fcnstig!","og_url":"https:\/\/vapingnet.de\/fr\/vape\/zwei-fruechte-ein-geschmackserlebnis-bang-blaze-20000-puffs-blueberry-grape\/","og_site_name":"Vapingnet.de","article_publisher":"https:\/\/www.facebook.com\/vapingnetde\/","article_modified_time":"2025-06-19T03:40:45+00:00","og_image":[{"width":1000,"height":1000,"url":"https:\/\/vapingnet.de\/wp-content\/uploads\/2025\/03\/bang-blueberry-grape.png","type":"image\/png"}],"twitter_card":"summary_large_image","twitter_misc":{"Dur\u00e9e de lecture estim\u00e9e":"4 minutes"},"schema":{"@context":"https:\/\/schema.org","@graph":[{"@type":"WebPage","@id":"https:\/\/vapingnet.de\/vape\/zwei-fruechte-ein-geschmackserlebnis-bang-blaze-20000-puffs-blueberry-grape\/","url":"https:\/\/vapingnet.de\/vape\/zwei-fruechte-ein-geschmackserlebnis-bang-blaze-20000-puffs-blueberry-grape\/","name":"Zwei Fr\u00fcchte ein Geschmackserlebnis Bang Blaze 20000 Puffs Blueberry Grape | Vapingnet.de","isPartOf":{"@id":"https:\/\/vapingnet.de\/#website"},"primaryImageOfPage":{"@id":"https:\/\/vapingnet.de\/vape\/zwei-fruechte-ein-geschmackserlebnis-bang-blaze-20000-puffs-blueberry-grape\/#primaryimage"},"image":{"@id":"https:\/\/vapingnet.de\/vape\/zwei-fruechte-ein-geschmackserlebnis-bang-blaze-20000-puffs-blueberry-grape\/#primaryimage"},"thumbnailUrl":"https:\/\/vapingnet.de\/wp-content\/uploads\/2025\/03\/bang-blueberry-grape.png","datePublished":"2025-03-17T10:03:40+00:00","dateModified":"2025-06-19T03:40:45+00:00","description":"Entdecke Zwei Fr\u00fcchte ein Geschmackserlebnis Bang Blaze 20000 Puffs Blueberry Grape bei vapingnet.de, \u25ba Gro\u00dfe Auswahl an Geschmacksrichtungen & super g\u00fcnstig!","breadcrumb":{"@id":"https:\/\/vapingnet.de\/vape\/zwei-fruechte-ein-geschmackserlebnis-bang-blaze-20000-puffs-blueberry-grape\/#breadcrumb"},"inLanguage":"fr-FR","potentialAction":[{"@type":"ReadAction","target":["https:\/\/vapingnet.de\/vape\/zwei-fruechte-ein-geschmackserlebnis-bang-blaze-20000-puffs-blueberry-grape\/"]}]},{"@type":"ImageObject","inLanguage":"fr-FR","@id":"https:\/\/vapingnet.de\/vape\/zwei-fruechte-ein-geschmackserlebnis-bang-blaze-20000-puffs-blueberry-grape\/#primaryimage","url":"https:\/\/vapingnet.de\/wp-content\/uploads\/2025\/03\/bang-blueberry-grape.png","contentUrl":"https:\/\/vapingnet.de\/wp-content\/uploads\/2025\/03\/bang-blueberry-grape.png","width":1000,"height":1000},{"@type":"BreadcrumbList","@id":"https:\/\/vapingnet.de\/vape\/zwei-fruechte-ein-geschmackserlebnis-bang-blaze-20000-puffs-blueberry-grape\/#breadcrumb","itemListElement":[{"@type":"ListItem","position":1,"name":"Home","item":"https:\/\/vapingnet.de\/"},{"@type":"ListItem","position":2,"name":"Shop","item":"https:\/\/vapingnet.de\/vape\/"},{"@type":"ListItem","position":3,"name":"Zwei Fr\u00fcchte ein Geschmackserlebnis Bang Blaze 20000 Puffs Blueberry Grape"}]},{"@type":"WebSite","@id":"https:\/\/vapingnet.de\/#website","url":"https:\/\/vapingnet.de\/","name":"Vapingnet.de","description":"","publisher":{"@id":"https:\/\/vapingnet.de\/#organization"},"potentialAction":[{"@type":"SearchAction","target":{"@type":"EntryPoint","urlTemplate":"https:\/\/vapingnet.de\/?s={search_term_string}"},"query-input":{"@type":"PropertyValueSpecification","valueRequired":true,"valueName":"search_term_string"}}],"inLanguage":"fr-FR"},{"@type":"Organization","@id":"https:\/\/vapingnet.de\/#organization","name":"Vapingnet.de","url":"https:\/\/vapingnet.de\/","logo":{"@type":"ImageObject","inLanguage":"fr-FR","@id":"https:\/\/vapingnet.de\/#\/schema\/logo\/image\/","url":"https:\/\/vapingnet.de\/wp-content\/uploads\/2025\/03\/cropped-vapingnet.de_.jpg","contentUrl":"https:\/\/vapingnet.de\/wp-content\/uploads\/2025\/03\/cropped-vapingnet.de_.jpg","width":512,"height":512,"caption":"Vapingnet.de"},"image":{"@id":"https:\/\/vapingnet.de\/#\/schema\/logo\/image\/"},"sameAs":["https:\/\/www.facebook.com\/vapingnetde\/"]}]}},"tiered_pricing_type":"fixed","tiered_pricing_fixed_rules":{"10":"7.59","60":"6.83","110":"6.07","200":"5.31"},"tiered_pricing_product_settings":{"layout":"default","base_unit_name":{"singular":null,"plural":null},"default_variation":null},"tiered_pricing_minimum_quantity":null,"tiered_pricing_roles_data":[],"tiered_pricing_percentage_rules":[],"_links":{"self":[{"href":"https:\/\/vapingnet.de\/fr\/wp-json\/wp\/v2\/product\/5541","targetHints":{"allow":["GET"]}}],"collection":[{"href":"https:\/\/vapingnet.de\/fr\/wp-json\/wp\/v2\/product"}],"about":[{"href":"https:\/\/vapingnet.de\/fr\/wp-json\/wp\/v2\/types\/product"}],"version-history":[{"count":1,"href":"https:\/\/vapingnet.de\/fr\/wp-json\/wp\/v2\/product\/5541\/revisions"}],"predecessor-version":[{"id":5543,"href":"https:\/\/vapingnet.de\/fr\/wp-json\/wp\/v2\/product\/5541\/revisions\/5543"}],"wp:featuredmedia":[{"embeddable":true,"href":"https:\/\/vapingnet.de\/fr\/wp-json\/wp\/v2\/media\/6843"}],"wp:attachment":[{"href":"https:\/\/vapingnet.de\/fr\/wp-json\/wp\/v2\/media?parent=5541"}],"wp:term":[{"taxonomy":"brand","embeddable":true,"href":"https:\/\/vapingnet.de\/fr\/wp-json\/wp\/v2\/etheme_brands?post=5541"},{"taxonomy":"product_brand","embeddable":true,"href":"https:\/\/vapingnet.de\/fr\/wp-json\/wp\/v2\/product_brand?post=5541"},{"taxonomy":"product_cat","embeddable":true,"href":"https:\/\/vapingnet.de\/fr\/wp-json\/wp\/v2\/product_cat?post=5541"},{"taxonomy":"product_tag","embeddable":true,"href":"https:\/\/vapingnet.de\/fr\/wp-json\/wp\/v2\/product_tag?post=5541"}],"curies":[{"name":"wp","href":"https:\/\/api.w.org\/{rel}","templated":true}]}}