{"id":5572,"date":"2025-12-12T02:27:13","date_gmt":"2025-12-12T02:27:13","guid":{"rendered":"https:\/\/vapingnet.de\/?post_type=product&#038;p=5572"},"modified":"2026-01-24T07:13:53","modified_gmt":"2026-01-24T07:13:53","slug":"bang-tornado-40000-puffs-blueberry-grapes-langanhaltender-fruchtgenuss-fuer-vaper","status":"publish","type":"product","link":"https:\/\/vapingnet.de\/fr\/vape\/bang-tornado-40000-puffs-blueberry-grapes-langanhaltender-fruchtgenuss-fuer-vaper\/","title":{"rendered":"Bang Tornado 40000 Puffs Myrtille Raisins, un plaisir fruit\u00e9 durable pour vapoteurs"},"content":{"rendered":"<h2 data-start=\"71\" data-end=\"162\">Cigarette \u00e9lectronique jetable Bang Tornado 40000 Puffs<\/h2>\n<p data-start=\"164\" data-end=\"452\">Si vous recherchez une cigarette \u00e9lectronique puissante et durable, le Bang Tornado 40000 Puffs est le choix id\u00e9al ! Celle-ci <a href=\"https:\/\/vapingnet.de\/fr\/k\/einweg-e-zigarette\/\" target=\"_blank\" rel=\"noopener\"><strong>cigarette \u00e9lectronique jetable<\/strong><\/a> combine une grande capacit\u00e9 de liquide, une puissance r\u00e9glable et un design innovant pour une exp\u00e9rience de vapotage intense et personnalisable.<\/p>\n<h3 data-start=\"459\" data-end=\"476\">Principaux avantages<\/h3>\n<p data-start=\"478\" data-end=\"727\">Dur\u00e9e d'utilisation ultra-longue<br data-start=\"507\" data-end=\"510\" \/>Avec jusqu'\u00e0 40 000 bouff\u00e9es, le Bang Tornado offre une dur\u00e9e d'utilisation exceptionnellement longue. Que ce soit au quotidien ou en d\u00e9placement, vous profitez d'une vape constante et fiable, sans avoir \u00e0 changer fr\u00e9quemment.<\/p>\n<p data-start=\"729\" data-end=\"894\">Grand volume de liquide<br data-start=\"754\" data-end=\"757\" \/>Le r\u00e9servoir de liquide de 40ML vous permet de vapoter longtemps sans avoir \u00e0 le remplir constamment \u2013 id\u00e9al pour un plaisir prolong\u00e9.<\/p>\n<p data-start=\"896\" data-end=\"1088\">Puissance r\u00e9glable<br data-start=\"919\" data-end=\"922\" \/>Gr\u00e2ce \u00e0 la puissance ajustable, vous pouvez r\u00e9guler la quantit\u00e9 de vapeur et l'intensit\u00e9 du go\u00fbt selon vos pr\u00e9f\u00e9rences \u2013 pour une exp\u00e9rience de vapotage vraiment personnelle.<\/p>\n<p data-start=\"1090\" data-end=\"1272\">Syst\u00e8me de coil en mesh triple<br data-start=\"1121\" data-end=\"1124\" \/>Le syst\u00e8me de coils triple mesh offre un go\u00fbt plus intense et une production de vapeur plus importante, rendant chaque bouff\u00e9e particuli\u00e8rement riche et satisfaisante.<\/p>\n<p data-start=\"1274\" data-end=\"1452\">Batterie puissante pour une utilisation toute la journ\u00e9e<br data-start=\"1313\" data-end=\"1316\" \/>La batterie de 850mAh garantit une performance stable tout au long de la journ\u00e9e. O\u00f9 que vous soyez, votre Bang Tornado est toujours pr\u00eat \u00e0 l'emploi.<\/p>\n<p data-start=\"1454\" data-end=\"1661\">Design unique<br data-start=\"1478\" data-end=\"1481\" \/>Le design compact avec r\u00e9servoir d'huile mini ne rend pas seulement la cigarette \u00e9lectronique puissante, mais aussi \u00e9l\u00e9gante \u2013 un v\u00e9ritable atout visuel alliant fonctionnalit\u00e9 et design moderne.<\/p>\n<h3 data-start=\"1668\" data-end=\"1694\">Sp\u00e9cifications du produit<\/h3>\n<ul data-start=\"1696\" data-end=\"2045\">\n<li data-start=\"1696\" data-end=\"1735\">\n<p data-start=\"1698\" data-end=\"1735\">Marque : Bang Tornado 40000 Bouff\u00e9es<\/p>\n<\/li>\n<li data-start=\"1736\" data-end=\"1757\">\n<p data-start=\"1738\" data-end=\"1757\">Batterie : 850 mAh<\/p>\n<\/li>\n<li data-start=\"1758\" data-end=\"1788\">\n<p data-start=\"1760\" data-end=\"1788\">Capacit\u00e9 de liquide : 40ML<\/p>\n<\/li>\n<li data-start=\"1789\" data-end=\"1813\">\n<p data-start=\"1791\" data-end=\"1813\">R\u00e9sistance : 1.2\u03a9<\/p>\n<\/li>\n<li data-start=\"1814\" data-end=\"1834\">\n<p data-start=\"1816\" data-end=\"1834\">Bouff\u00e9es : 40 000<\/p>\n<\/li>\n<li data-start=\"1835\" data-end=\"1867\">\n<p data-start=\"1837\" data-end=\"1867\">Coils Mesh : 3 coils mesh<\/p>\n<\/li>\n<li data-start=\"1868\" data-end=\"1897\">\n<p data-start=\"1870\" data-end=\"1897\">Puissance : R\u00e9glable<\/p>\n<\/li>\n<li data-start=\"1898\" data-end=\"1937\">\n<p data-start=\"1900\" data-end=\"1937\">Contenu de l'emballage : 8 pi\u00e8ces par bo\u00eete<\/p>\n<\/li>\n<li data-start=\"1938\" data-end=\"1960\">\n<p data-start=\"1940\" data-end=\"1960\">Poids : 130 g<\/p>\n<\/li>\n<li data-start=\"1961\" data-end=\"2009\">\n<p data-start=\"1963\" data-end=\"2009\">Concentration de nicotine : 0% \/ 2% \/ 3% \/ 5%<\/p>\n<\/li>\n<li data-start=\"2010\" data-end=\"2045\">\n<p data-start=\"2012\" data-end=\"2045\">Saveur : Myrtille Raisins<\/p>\n<\/li>\n<\/ul>\n<h3>Pourquoi choisir le Bang Tornado 40000 Puffs ?<\/h3>\n<ul data-start=\"2100\" data-end=\"2466\">\n<li data-start=\"2100\" data-end=\"2180\">\n<p data-start=\"2102\" data-end=\"2180\">Vape prolong\u00e9e : Jusqu'\u00e0 40 000 bouff\u00e9es pour une utilisation particuli\u00e8rement longue.<\/p>\n<\/li>\n<li data-start=\"2181\" data-end=\"2267\">\n<p data-start=\"2183\" data-end=\"2267\">Grand r\u00e9servoir de liquide : 40ML pour un plaisir durable sans remplissage constant.<\/p>\n<\/li>\n<li data-start=\"2268\" data-end=\"2368\">\n<p data-start=\"2270\" data-end=\"2368\">Personnalisable : Puissance r\u00e9glable pour un go\u00fbt et une intensit\u00e9 de vapeur personnels.<\/p>\n<\/li>\n<li data-start=\"2369\" data-end=\"2466\">\n<p data-start=\"2371\" data-end=\"2466\">Design \u00e9l\u00e9gant : Forme de r\u00e9servoir d'huile mini pour une d\u00e9claration moderne, compacte et tendance.<\/p>\n<\/li>\n<\/ul>\n<p data-start=\"2468\" data-end=\"2618\">D\u00e9couvrez le Bang Tornado 40000 Puffs et vivez une vape puissante combin\u00e9e \u00e0 un design \u00e9l\u00e9gant \u2013 disponible d\u00e8s maintenant sur notre site web !<\/p>","protected":false},"excerpt":{"rendered":"<p>Bang Tornado 40000 Puffs Einweg E-Zigarette Wenn du nach einer leistungsstarken, langlebigen E-Zigarette suchst, ist der Bang Tornado 40000 Puffs die ideale Wahl! Diese Einweg-E-Zigarette&#8230;<\/p>","protected":false},"featured_media":5350,"template":"","meta":[],"etheme_brands":[],"product_brand":[101],"product_cat":[65,49,61],"product_tag":[],"class_list":{"0":"post-5572","1":"product","2":"type-product","3":"status-publish","4":"has-post-thumbnail","6":"product_brand-bang-king-vape","7":"product_cat-vape-40000-zuege","8":"product_cat-einweg-e-zigarette","9":"product_cat-f","11":"first","12":"instock","13":"shipping-taxable","14":"purchasable","15":"product-type-simple"},"yoast_head":"<!-- This site is optimized with the Yoast SEO plugin v26.5 - https:\/\/yoast.com\/wordpress\/plugins\/seo\/ -->\n<title>Bang Tornado 40000 Puffs Blueberry Grapes Langanhaltender Fruchtgenuss f\u00fcr Vaper | Vapingnet.de<\/title>\n<meta name=\"description\" content=\"Entdecke Bang Tornado 40000 Puffs Blueberry Grapes Langanhaltender Fruchtgenuss f\u00fcr Vaper bei vapingnet.de, \u25ba Gro\u00dfe Auswahl an Geschmacksrichtungen &amp; super g\u00fcnstig!\" \/>\n<meta name=\"robots\" content=\"index, follow, max-snippet:-1, max-image-preview:large, max-video-preview:-1\" \/>\n<link rel=\"canonical\" href=\"https:\/\/vapingnet.de\/fr\/vape\/bang-tornado-40000-puffs-blueberry-grapes-langanhaltender-fruchtgenuss-fuer-vaper\/\" \/>\n<meta property=\"og:locale\" content=\"fr_FR\" \/>\n<meta property=\"og:type\" content=\"article\" \/>\n<meta property=\"og:title\" content=\"Bang Tornado 40000 Puffs Blueberry Grapes Langanhaltender Fruchtgenuss f\u00fcr Vaper | Vapingnet.de\" \/>\n<meta property=\"og:description\" content=\"Entdecke Bang Tornado 40000 Puffs Blueberry Grapes Langanhaltender Fruchtgenuss f\u00fcr Vaper bei vapingnet.de, \u25ba Gro\u00dfe Auswahl an Geschmacksrichtungen &amp; super g\u00fcnstig!\" \/>\n<meta property=\"og:url\" content=\"https:\/\/vapingnet.de\/fr\/vape\/bang-tornado-40000-puffs-blueberry-grapes-langanhaltender-fruchtgenuss-fuer-vaper\/\" \/>\n<meta property=\"og:site_name\" content=\"Vapingnet.de\" \/>\n<meta property=\"article:publisher\" content=\"https:\/\/www.facebook.com\/vapingnetde\/\" \/>\n<meta property=\"article:modified_time\" content=\"2026-01-24T07:13:53+00:00\" \/>\n<meta property=\"og:image\" content=\"https:\/\/vapingnet.de\/wp-content\/uploads\/2025\/03\/bang-40k-puffs-blueberry-grapes.png\" \/>\n\t<meta property=\"og:image:width\" content=\"1000\" \/>\n\t<meta property=\"og:image:height\" content=\"1000\" \/>\n\t<meta property=\"og:image:type\" content=\"image\/png\" \/>\n<meta name=\"twitter:card\" content=\"summary_large_image\" \/>\n<meta name=\"twitter:label1\" content=\"Dur\u00e9e de lecture estim\u00e9e\" \/>\n\t<meta name=\"twitter:data1\" content=\"2 minutes\" \/>\n<script type=\"application\/ld+json\" class=\"yoast-schema-graph\">{\"@context\":\"https:\/\/schema.org\",\"@graph\":[{\"@type\":\"WebPage\",\"@id\":\"https:\/\/vapingnet.de\/vape\/bang-tornado-40000-puffs-blueberry-grapes-langanhaltender-fruchtgenuss-fuer-vaper\/\",\"url\":\"https:\/\/vapingnet.de\/vape\/bang-tornado-40000-puffs-blueberry-grapes-langanhaltender-fruchtgenuss-fuer-vaper\/\",\"name\":\"Bang Tornado 40000 Puffs Blueberry Grapes Langanhaltender Fruchtgenuss f\u00fcr Vaper | Vapingnet.de\",\"isPartOf\":{\"@id\":\"https:\/\/vapingnet.de\/#website\"},\"primaryImageOfPage\":{\"@id\":\"https:\/\/vapingnet.de\/vape\/bang-tornado-40000-puffs-blueberry-grapes-langanhaltender-fruchtgenuss-fuer-vaper\/#primaryimage\"},\"image\":{\"@id\":\"https:\/\/vapingnet.de\/vape\/bang-tornado-40000-puffs-blueberry-grapes-langanhaltender-fruchtgenuss-fuer-vaper\/#primaryimage\"},\"thumbnailUrl\":\"https:\/\/vapingnet.de\/wp-content\/uploads\/2025\/03\/bang-40k-puffs-blueberry-grapes.png\",\"datePublished\":\"2025-12-12T02:27:13+00:00\",\"dateModified\":\"2026-01-24T07:13:53+00:00\",\"description\":\"Entdecke Bang Tornado 40000 Puffs Blueberry Grapes Langanhaltender Fruchtgenuss f\u00fcr Vaper bei vapingnet.de, \u25ba Gro\u00dfe Auswahl an Geschmacksrichtungen & super g\u00fcnstig!\",\"breadcrumb\":{\"@id\":\"https:\/\/vapingnet.de\/vape\/bang-tornado-40000-puffs-blueberry-grapes-langanhaltender-fruchtgenuss-fuer-vaper\/#breadcrumb\"},\"inLanguage\":\"fr-FR\",\"potentialAction\":[{\"@type\":\"ReadAction\",\"target\":[\"https:\/\/vapingnet.de\/vape\/bang-tornado-40000-puffs-blueberry-grapes-langanhaltender-fruchtgenuss-fuer-vaper\/\"]}]},{\"@type\":\"ImageObject\",\"inLanguage\":\"fr-FR\",\"@id\":\"https:\/\/vapingnet.de\/vape\/bang-tornado-40000-puffs-blueberry-grapes-langanhaltender-fruchtgenuss-fuer-vaper\/#primaryimage\",\"url\":\"https:\/\/vapingnet.de\/wp-content\/uploads\/2025\/03\/bang-40k-puffs-blueberry-grapes.png\",\"contentUrl\":\"https:\/\/vapingnet.de\/wp-content\/uploads\/2025\/03\/bang-40k-puffs-blueberry-grapes.png\",\"width\":1000,\"height\":1000,\"caption\":\"bang 40k puffs-blueberry-grapes\"},{\"@type\":\"BreadcrumbList\",\"@id\":\"https:\/\/vapingnet.de\/vape\/bang-tornado-40000-puffs-blueberry-grapes-langanhaltender-fruchtgenuss-fuer-vaper\/#breadcrumb\",\"itemListElement\":[{\"@type\":\"ListItem\",\"position\":1,\"name\":\"Home\",\"item\":\"https:\/\/vapingnet.de\/\"},{\"@type\":\"ListItem\",\"position\":2,\"name\":\"Shop\",\"item\":\"https:\/\/vapingnet.de\/vape\/\"},{\"@type\":\"ListItem\",\"position\":3,\"name\":\"Bang Tornado 40000 Puffs Blueberry Grapes Langanhaltender Fruchtgenuss f\u00fcr Vaper\"}]},{\"@type\":\"WebSite\",\"@id\":\"https:\/\/vapingnet.de\/#website\",\"url\":\"https:\/\/vapingnet.de\/\",\"name\":\"Vapingnet.de\",\"description\":\"\",\"publisher\":{\"@id\":\"https:\/\/vapingnet.de\/#organization\"},\"potentialAction\":[{\"@type\":\"SearchAction\",\"target\":{\"@type\":\"EntryPoint\",\"urlTemplate\":\"https:\/\/vapingnet.de\/?s={search_term_string}\"},\"query-input\":{\"@type\":\"PropertyValueSpecification\",\"valueRequired\":true,\"valueName\":\"search_term_string\"}}],\"inLanguage\":\"fr-FR\"},{\"@type\":\"Organization\",\"@id\":\"https:\/\/vapingnet.de\/#organization\",\"name\":\"Vapingnet.de\",\"url\":\"https:\/\/vapingnet.de\/\",\"logo\":{\"@type\":\"ImageObject\",\"inLanguage\":\"fr-FR\",\"@id\":\"https:\/\/vapingnet.de\/#\/schema\/logo\/image\/\",\"url\":\"https:\/\/vapingnet.de\/wp-content\/uploads\/2025\/03\/cropped-vapingnet.de_.jpg\",\"contentUrl\":\"https:\/\/vapingnet.de\/wp-content\/uploads\/2025\/03\/cropped-vapingnet.de_.jpg\",\"width\":512,\"height\":512,\"caption\":\"Vapingnet.de\"},\"image\":{\"@id\":\"https:\/\/vapingnet.de\/#\/schema\/logo\/image\/\"},\"sameAs\":[\"https:\/\/www.facebook.com\/vapingnetde\/\"]}]}<\/script>\n<!-- \/ Yoast SEO plugin. -->","yoast_head_json":{"title":"Bang Tornado 40000 Puffs Blueberry Grapes Langanhaltender Fruchtgenuss f\u00fcr Vaper | Vapingnet.de","description":"Entdecke Bang Tornado 40000 Puffs Blueberry Grapes Langanhaltender Fruchtgenuss f\u00fcr Vaper bei vapingnet.de, \u25ba Gro\u00dfe Auswahl an Geschmacksrichtungen & super g\u00fcnstig!","robots":{"index":"index","follow":"follow","max-snippet":"max-snippet:-1","max-image-preview":"max-image-preview:large","max-video-preview":"max-video-preview:-1"},"canonical":"https:\/\/vapingnet.de\/fr\/vape\/bang-tornado-40000-puffs-blueberry-grapes-langanhaltender-fruchtgenuss-fuer-vaper\/","og_locale":"fr_FR","og_type":"article","og_title":"Bang Tornado 40000 Puffs Blueberry Grapes Langanhaltender Fruchtgenuss f\u00fcr Vaper | Vapingnet.de","og_description":"Entdecke Bang Tornado 40000 Puffs Blueberry Grapes Langanhaltender Fruchtgenuss f\u00fcr Vaper bei vapingnet.de, \u25ba Gro\u00dfe Auswahl an Geschmacksrichtungen & super g\u00fcnstig!","og_url":"https:\/\/vapingnet.de\/fr\/vape\/bang-tornado-40000-puffs-blueberry-grapes-langanhaltender-fruchtgenuss-fuer-vaper\/","og_site_name":"Vapingnet.de","article_publisher":"https:\/\/www.facebook.com\/vapingnetde\/","article_modified_time":"2026-01-24T07:13:53+00:00","og_image":[{"width":1000,"height":1000,"url":"https:\/\/vapingnet.de\/wp-content\/uploads\/2025\/03\/bang-40k-puffs-blueberry-grapes.png","type":"image\/png"}],"twitter_card":"summary_large_image","twitter_misc":{"Dur\u00e9e de lecture estim\u00e9e":"2 minutes"},"schema":{"@context":"https:\/\/schema.org","@graph":[{"@type":"WebPage","@id":"https:\/\/vapingnet.de\/vape\/bang-tornado-40000-puffs-blueberry-grapes-langanhaltender-fruchtgenuss-fuer-vaper\/","url":"https:\/\/vapingnet.de\/vape\/bang-tornado-40000-puffs-blueberry-grapes-langanhaltender-fruchtgenuss-fuer-vaper\/","name":"Bang Tornado 40000 Puffs Blueberry Grapes Langanhaltender Fruchtgenuss f\u00fcr Vaper | Vapingnet.de","isPartOf":{"@id":"https:\/\/vapingnet.de\/#website"},"primaryImageOfPage":{"@id":"https:\/\/vapingnet.de\/vape\/bang-tornado-40000-puffs-blueberry-grapes-langanhaltender-fruchtgenuss-fuer-vaper\/#primaryimage"},"image":{"@id":"https:\/\/vapingnet.de\/vape\/bang-tornado-40000-puffs-blueberry-grapes-langanhaltender-fruchtgenuss-fuer-vaper\/#primaryimage"},"thumbnailUrl":"https:\/\/vapingnet.de\/wp-content\/uploads\/2025\/03\/bang-40k-puffs-blueberry-grapes.png","datePublished":"2025-12-12T02:27:13+00:00","dateModified":"2026-01-24T07:13:53+00:00","description":"Entdecke Bang Tornado 40000 Puffs Blueberry Grapes Langanhaltender Fruchtgenuss f\u00fcr Vaper bei vapingnet.de, \u25ba Gro\u00dfe Auswahl an Geschmacksrichtungen & super g\u00fcnstig!","breadcrumb":{"@id":"https:\/\/vapingnet.de\/vape\/bang-tornado-40000-puffs-blueberry-grapes-langanhaltender-fruchtgenuss-fuer-vaper\/#breadcrumb"},"inLanguage":"fr-FR","potentialAction":[{"@type":"ReadAction","target":["https:\/\/vapingnet.de\/vape\/bang-tornado-40000-puffs-blueberry-grapes-langanhaltender-fruchtgenuss-fuer-vaper\/"]}]},{"@type":"ImageObject","inLanguage":"fr-FR","@id":"https:\/\/vapingnet.de\/vape\/bang-tornado-40000-puffs-blueberry-grapes-langanhaltender-fruchtgenuss-fuer-vaper\/#primaryimage","url":"https:\/\/vapingnet.de\/wp-content\/uploads\/2025\/03\/bang-40k-puffs-blueberry-grapes.png","contentUrl":"https:\/\/vapingnet.de\/wp-content\/uploads\/2025\/03\/bang-40k-puffs-blueberry-grapes.png","width":1000,"height":1000,"caption":"bang 40k puffs-blueberry-grapes"},{"@type":"BreadcrumbList","@id":"https:\/\/vapingnet.de\/vape\/bang-tornado-40000-puffs-blueberry-grapes-langanhaltender-fruchtgenuss-fuer-vaper\/#breadcrumb","itemListElement":[{"@type":"ListItem","position":1,"name":"Home","item":"https:\/\/vapingnet.de\/"},{"@type":"ListItem","position":2,"name":"Shop","item":"https:\/\/vapingnet.de\/vape\/"},{"@type":"ListItem","position":3,"name":"Bang Tornado 40000 Puffs Blueberry Grapes Langanhaltender Fruchtgenuss f\u00fcr Vaper"}]},{"@type":"WebSite","@id":"https:\/\/vapingnet.de\/#website","url":"https:\/\/vapingnet.de\/","name":"Vapingnet.de","description":"","publisher":{"@id":"https:\/\/vapingnet.de\/#organization"},"potentialAction":[{"@type":"SearchAction","target":{"@type":"EntryPoint","urlTemplate":"https:\/\/vapingnet.de\/?s={search_term_string}"},"query-input":{"@type":"PropertyValueSpecification","valueRequired":true,"valueName":"search_term_string"}}],"inLanguage":"fr-FR"},{"@type":"Organization","@id":"https:\/\/vapingnet.de\/#organization","name":"Vapingnet.de","url":"https:\/\/vapingnet.de\/","logo":{"@type":"ImageObject","inLanguage":"fr-FR","@id":"https:\/\/vapingnet.de\/#\/schema\/logo\/image\/","url":"https:\/\/vapingnet.de\/wp-content\/uploads\/2025\/03\/cropped-vapingnet.de_.jpg","contentUrl":"https:\/\/vapingnet.de\/wp-content\/uploads\/2025\/03\/cropped-vapingnet.de_.jpg","width":512,"height":512,"caption":"Vapingnet.de"},"image":{"@id":"https:\/\/vapingnet.de\/#\/schema\/logo\/image\/"},"sameAs":["https:\/\/www.facebook.com\/vapingnetde\/"]}]}},"tiered_pricing_type":"fixed","tiered_pricing_fixed_rules":{"10":"12.91","60":"11.62","110":"10.33","200":"9.04"},"tiered_pricing_product_settings":{"layout":"default","base_unit_name":{"singular":null,"plural":null},"default_variation":null},"tiered_pricing_minimum_quantity":null,"tiered_pricing_roles_data":[],"tiered_pricing_percentage_rules":[],"_links":{"self":[{"href":"https:\/\/vapingnet.de\/fr\/wp-json\/wp\/v2\/product\/5572","targetHints":{"allow":["GET"]}}],"collection":[{"href":"https:\/\/vapingnet.de\/fr\/wp-json\/wp\/v2\/product"}],"about":[{"href":"https:\/\/vapingnet.de\/fr\/wp-json\/wp\/v2\/types\/product"}],"version-history":[{"count":6,"href":"https:\/\/vapingnet.de\/fr\/wp-json\/wp\/v2\/product\/5572\/revisions"}],"predecessor-version":[{"id":7496,"href":"https:\/\/vapingnet.de\/fr\/wp-json\/wp\/v2\/product\/5572\/revisions\/7496"}],"wp:featuredmedia":[{"embeddable":true,"href":"https:\/\/vapingnet.de\/fr\/wp-json\/wp\/v2\/media\/5350"}],"wp:attachment":[{"href":"https:\/\/vapingnet.de\/fr\/wp-json\/wp\/v2\/media?parent=5572"}],"wp:term":[{"taxonomy":"brand","embeddable":true,"href":"https:\/\/vapingnet.de\/fr\/wp-json\/wp\/v2\/etheme_brands?post=5572"},{"taxonomy":"product_brand","embeddable":true,"href":"https:\/\/vapingnet.de\/fr\/wp-json\/wp\/v2\/product_brand?post=5572"},{"taxonomy":"product_cat","embeddable":true,"href":"https:\/\/vapingnet.de\/fr\/wp-json\/wp\/v2\/product_cat?post=5572"},{"taxonomy":"product_tag","embeddable":true,"href":"https:\/\/vapingnet.de\/fr\/wp-json\/wp\/v2\/product_tag?post=5572"}],"curies":[{"name":"wp","href":"https:\/\/api.w.org\/{rel}","templated":true}]}}