{"id":5652,"date":"2025-03-18T08:05:17","date_gmt":"2025-03-18T08:05:17","guid":{"rendered":"https:\/\/vapingnet.de\/?post_type=product&#038;p=5652"},"modified":"2025-06-19T03:40:37","modified_gmt":"2025-06-19T03:40:37","slug":"himbeer-wassermelone-mango-pfirsich-erdbeer-kiwi-bang-king-45000-puffs-bieten-3-arten-von-genuss","status":"publish","type":"product","link":"https:\/\/vapingnet.de\/fr\/vape\/himbeer-wassermelone-mango-pfirsich-erdbeer-kiwi-bang-king-45000-puffs-bieten-3-arten-von-genuss\/","title":{"rendered":"Framboise-Watermelon Mangue-P\u00eache Fraise-Kiwi BANG KING 45000 Puffs offrent 3 types de plaisir"},"content":{"rendered":"<h3 data-start=\"0\" data-end=\"95\">BANG KING 45000 Bouff\u00e9es Framboise-Watermelon, Mangue-P\u00eache, Fraise-Kiwi Trois saveurs fruit\u00e9es intenses pour une exp\u00e9rience de vapotage ultime<\/h3>\n<p data-start=\"97\" data-end=\"460\">Le BANG KING 45000 Bouff\u00e9es \u00e9tablit de nouvelles normes dans le domaine de la <strong><a href=\"https:\/\/vapingnet.de\/fr\/k\/einweg-e-zigarette\/\">cigarettes \u00e9lectroniques jetables<\/a><\/strong>. Avec <strong><a href=\"https:\/\/vapingnet.de\/fr\/k\/45k-vape\/\">45k vapote<\/a><\/strong>, un syst\u00e8me de saveur innovant 3-en-1 et la technologie de coil en mesh haute performance, ce mod\u00e8le offre une exp\u00e9rience de vapotage de premier ordre. La batterie rechargeable de 650mAh avec charge rapide Type-C garantit une longue dur\u00e9e d'utilisation.<\/p>\n<p data-start=\"462\" data-end=\"606\">Les ar\u00f4mes Raspberry Watermelon, Mango Peach et Strawberry Kiwi offrent une d\u00e9gustation vari\u00e9e et des exp\u00e9riences gustatives intenses.<\/p>\n<h2 data-start=\"613\" data-end=\"650\">Caract\u00e9ristiques du produit en r\u00e9sum\u00e9<\/h2>\n<div class=\"overflow-x-auto contain-inline-size\">\n<table data-start=\"652\" data-end=\"1165\">\n<thead data-start=\"652\" data-end=\"696\">\n<tr data-start=\"652\" data-end=\"696\">\n<th data-start=\"652\" data-end=\"675\">Caract\u00e9ristique<\/th>\n<th data-start=\"675\" data-end=\"696\">Description<\/th>\n<\/tr>\n<\/thead>\n<tbody data-start=\"741\" data-end=\"1165\">\n<tr data-start=\"741\" data-end=\"779\">\n<td>Nombre de bouff\u00e9es<\/td>\n<td>45 000 Bouff\u00e9es<\/td>\n<\/tr>\n<tr data-start=\"780\" data-end=\"834\">\n<td>Syst\u00e8me d'ar\u00f4mes<\/td>\n<td>Technologie de saveur 3-en-1<\/td>\n<\/tr>\n<tr data-start=\"835\" data-end=\"904\">\n<td>Technologie de coil<\/td>\n<td>Coil en mesh 1,0 ohm pour un go\u00fbt intense<\/td>\n<\/tr>\n<tr data-start=\"905\" data-end=\"954\">\n<td>Capacit\u00e9 de la Batterie<\/td>\n<td>650mAh, rechargeable<\/td>\n<\/tr>\n<tr data-start=\"955\" data-end=\"1001\">\n<td>Port de charge<\/td>\n<td>Charge rapide Type-C<\/td>\n<\/tr>\n<tr data-start=\"1002\" data-end=\"1042\">\n<td>Niveaux de nicotine<\/td>\n<td>0%, 2%, 3%, 5%<\/td>\n<\/tr>\n<tr data-start=\"1043\" data-end=\"1109\">\n<td>Unit\u00e9 d'emballage<\/td>\n<td>10 pi\u00e8ces par bo\u00eete, 20 bo\u00eetes par carton<\/td>\n<\/tr>\n<tr data-start=\"1110\" data-end=\"1165\">\n<td>Dimensions de transport<\/td>\n<td>100 ou 200 pi\u00e8ces par carton<\/td>\n<\/tr>\n<\/tbody>\n<\/table>\n<\/div>\n<h2 data-start=\"1172\" data-end=\"1205\">Trois saveurs uniques<\/h2>\n<p data-start=\"1207\" data-end=\"1317\">Gr\u00e2ce \u00e0 la technologie \u00e0 3 chambres, il est possible de changer \u00e0 tout moment entre trois saveurs fruit\u00e9es de premier ordre.<\/p>\n<p data-start=\"1319\" data-end=\"1491\">Framboise Past\u00e8que<br data-start=\"1345\" data-end=\"1348\" \/>Une combinaison fruit\u00e9e de fraises sucr\u00e9es et de past\u00e8que juteuse \u2013 parfaitement \u00e9quilibr\u00e9e entre ar\u00f4me de baies et douceur rafra\u00eechissante.<\/p>\n<p data-start=\"1493\" data-end=\"1653\">Mangue P\u00eache<br data-start=\"1510\" data-end=\"1513\" \/>La mangue tropicale rencontre la p\u00eache douce \u2013 une exp\u00e9rience gustative sucr\u00e9e et juteuse avec un \u00e9quilibre agr\u00e9able entre fra\u00eecheur et douceur.<\/p>\n<p data-start=\"1655\" data-end=\"1807\">Fraise Kiwi<br data-start=\"1676\" data-end=\"1679\" \/>L'intensit\u00e9 sucr\u00e9e de la fraise se m\u00eale \u00e0 la l\u00e9g\u00e8re acidit\u00e9 du kiwi, cr\u00e9ant un ar\u00f4me p\u00e9tillant et fruit\u00e9.<\/p>\n<p data-start=\"1809\" data-end=\"1924\">Ces ar\u00f4mes restent aussi intenses jusqu'\u00e0 la derni\u00e8re bouff\u00e9e gr\u00e2ce \u00e0 la technologie de coil en mesh de haute qualit\u00e9.<\/p>\n<h2 data-start=\"1931\" data-end=\"1971\">Technologie de mesh-coil la plus avanc\u00e9e<\/h2>\n<p data-start=\"1973\" data-end=\"2075\">La mesh-coil de 1,0 ohm assure une vaporisation uniforme et maximise la profondeur de saveur.<\/p>\n<p data-start=\"2077\" data-end=\"2278\">Avantages de la mesh-coil :<br data-start=\"2107\" data-end=\"2110\" \/>Ar\u00f4mes plus intenses gr\u00e2ce \u00e0 une surface de vaporisation plus grande<br data-start=\"2163\" data-end=\"2166\" \/>Nuages de vapeur plus denses pour une exp\u00e9rience riche en saveur<br data-start=\"2218\" data-end=\"2221\" \/>R\u00e9partition uniforme de la chaleur pour un go\u00fbt constant<\/p>\n<p data-start=\"2280\" data-end=\"2385\">Gr\u00e2ce \u00e0 cette technologie, l'ar\u00f4me est conserv\u00e9 du d\u00e9but \u00e0 la fin, sans perdre en intensit\u00e9.<\/p>\n<h2 data-start=\"2392\" data-end=\"2454\">Batterie puissante de 650mAh avec charge rapide Type-C<\/h2>\n<p data-start=\"2456\" data-end=\"2675\">Avantages de la batterie rechargeable :<br data-start=\"2500\" data-end=\"2503\" \/>Connecteur de charge Type-C pour une charge rapide et efficace<br data-start=\"2565\" data-end=\"2568\" \/>Compl\u00e8tement charg\u00e9 en seulement deux heures<br data-start=\"2613\" data-end=\"2616\" \/>Dur\u00e9e d'utilisation plus longue que les vapes jetables classiques<\/p>\n<p data-start=\"2677\" data-end=\"2809\">Ces fonctionnalit\u00e9s rendent le <strong><a href=\"https:\/\/vapingnet.de\/fr\/bang-king-45000-puffs\/\">BANG KING 45000 Bouff\u00e9es<\/a><\/strong> plus \u00e9conomique et \u00e9cologique que de nombreux autres mod\u00e8les jetables.<\/p>\n<h2 data-start=\"2816\" data-end=\"2860\">Niveaux de nicotine personnalisables<\/h2>\n<div class=\"overflow-x-auto contain-inline-size\">\n<table data-start=\"2862\" data-end=\"3241\">\n<thead data-start=\"2862\" data-end=\"2902\">\n<tr data-start=\"2862\" data-end=\"2902\">\n<th data-start=\"2862\" data-end=\"2882\">Force de nicotine<\/th>\n<th data-start=\"2882\" data-end=\"2902\">Convient pour<\/th>\n<\/tr>\n<\/thead>\n<tbody data-start=\"2941\" data-end=\"3241\">\n<tr data-start=\"2941\" data-end=\"3018\">\n<td>0% (sans nicotine)<\/td>\n<td>Vapeurs qui souhaitent profiter du go\u00fbt pur<\/td>\n<\/tr>\n<tr data-start=\"3019\" data-end=\"3061\">\n<td>2% (20mg\/ml)<\/td>\n<td>Vapeurs occasionnels<\/td>\n<\/tr>\n<tr data-start=\"3062\" data-end=\"3156\">\n<td>3% (30mg\/ml)<\/td>\n<td>Utilisateurs qui pr\u00e9f\u00e8rent un \u00e9quilibre entre go\u00fbt et nicotine<\/td>\n<\/tr>\n<tr data-start=\"3157\" data-end=\"3241\">\n<td>5% (50mg\/ml)<\/td>\n<td>Vapeurs exp\u00e9riment\u00e9s n\u00e9cessitant une forte concentration de nicotine<\/td>\n<\/tr>\n<\/tbody>\n<\/table>\n<\/div>\n<p data-start=\"3243\" data-end=\"3321\">Cette s\u00e9lection permet une exp\u00e9rience de vapotage personnalis\u00e9e pour toutes les pr\u00e9f\u00e9rences.<\/p>\n<h2 data-start=\"3328\" data-end=\"3385\">Emballage et transport \u2013 Optimis\u00e9 pour les d\u00e9taillants<\/h2>\n<p data-start=\"3387\" data-end=\"3600\">10 pi\u00e8ces par bo\u00eete \u2013 Id\u00e9al pour la vente au d\u00e9tail<br data-start=\"3438\" data-end=\"3441\" \/>20 bo\u00eetes par carton \u2013 Pratique pour les grossistes<br data-start=\"3494\" data-end=\"3497\" \/>Tailles de transport : 100 ou 200 pi\u00e8ces par carton \u2013 Emballage efficace pour le stockage et l'exp\u00e9dition<\/p>\n<p data-start=\"3602\" data-end=\"3707\">Gr\u00e2ce \u00e0 l'emballage optimis\u00e9, une manipulation facile et un transport fluide sont garantis.<\/p>\n<h2 data-start=\"3714\" data-end=\"3774\">Un disposable premium pour une diversit\u00e9 maximale<\/h2>\n<p data-start=\"3776\" data-end=\"4102\">Trois chambres de saveur pour une d\u00e9gustation vari\u00e9e<br data-start=\"3835\" data-end=\"3838\" \/>Technologie de coil en mesh pour un go\u00fbt intense et des nuages de vapeur \u00e9pais<br data-start=\"3913\" data-end=\"3916\" \/>Batterie rechargeable de 650mAh avec fonction de charge rapide Type-C<br data-start=\"3982\" data-end=\"3985\" \/>Niveaux de nicotine personnalisables de 0% \u00e0 5%<br data-start=\"4040\" data-end=\"4043\" \/>Emballage optimal pour la vente au d\u00e9tail et en gros<\/p>\n<p data-start=\"4104\" data-end=\"4331\" data-is-last-node=\"\" data-is-only-node=\"\">Avec Raspberry Watermelon, Mango Peach et Strawberry Kiwi, le BANG KING 45000 Puffs offre une exp\u00e9rience de vapotage in\u00e9gal\u00e9e avec un go\u00fbt exceptionnel. Commandez maintenant et vivez la prochaine \u00e9tape du vapotage !<\/p>","protected":false},"excerpt":{"rendered":"<p>\u2705 Nombreux trains \u2013 Jusqu'\u00e0 45 000 trains, pour un plaisir de vapeur exceptionnellement long !<br \/>\n\u2705 Pas de frais de douane &amp; livraison gratuite \u2013 Commandez simplement, sans co\u00fbts suppl\u00e9mentaires !<br \/>\n\u2705 Trois saveurs en une \u2013 Changez \u00e0 votre guise, triple plaisir !<\/p>","protected":false},"featured_media":5618,"template":"","meta":[],"etheme_brands":[],"product_brand":[101],"product_cat":[66,49,61,87],"product_tag":[],"class_list":{"0":"post-5652","1":"product","2":"type-product","3":"status-publish","4":"has-post-thumbnail","6":"product_brand-bang-king-vape","7":"product_cat-45k-vape","8":"product_cat-einweg-e-zigarette","9":"product_cat-f","10":"product_cat-v","12":"first","13":"instock","14":"shipping-taxable","15":"purchasable","16":"product-type-variable"},"yoast_head":"<!-- This site is optimized with the Yoast SEO plugin v26.5 - https:\/\/yoast.com\/wordpress\/plugins\/seo\/ -->\n<title>Himbeer-Wassermelone Mango-Pfirsich Erdbeer-Kiwi BANG KING 45000 Puffs bieten 3 Arten von Genuss | vapingnet.de<\/title>\n<meta name=\"description\" content=\"W\u00e4hlen Sie BANG KING 45000 Puffs f\u00fcr einen intensiven Genuss in 3 einzigartigen Geschmacksrichtungen: Himbeer-Wassermelone, Mango-Pfirsich, Erdbeer-Kiwi.\" \/>\n<meta name=\"robots\" content=\"index, follow, max-snippet:-1, max-image-preview:large, max-video-preview:-1\" \/>\n<link rel=\"canonical\" href=\"https:\/\/vapingnet.de\/fr\/vape\/himbeer-wassermelone-mango-pfirsich-erdbeer-kiwi-bang-king-45000-puffs-bieten-3-arten-von-genuss\/\" \/>\n<meta property=\"og:locale\" content=\"fr_FR\" \/>\n<meta property=\"og:type\" content=\"article\" \/>\n<meta property=\"og:title\" content=\"Himbeer-Wassermelone Mango-Pfirsich Erdbeer-Kiwi BANG KING 45000 Puffs bieten 3 Arten von Genuss | vapingnet.de\" \/>\n<meta property=\"og:description\" content=\"W\u00e4hlen Sie BANG KING 45000 Puffs f\u00fcr einen intensiven Genuss in 3 einzigartigen Geschmacksrichtungen: Himbeer-Wassermelone, Mango-Pfirsich, Erdbeer-Kiwi.\" \/>\n<meta property=\"og:url\" content=\"https:\/\/vapingnet.de\/fr\/vape\/himbeer-wassermelone-mango-pfirsich-erdbeer-kiwi-bang-king-45000-puffs-bieten-3-arten-von-genuss\/\" \/>\n<meta property=\"og:site_name\" content=\"Vapingnet.de\" \/>\n<meta property=\"article:publisher\" content=\"https:\/\/www.facebook.com\/vapingnetde\/\" \/>\n<meta property=\"article:modified_time\" content=\"2025-06-19T03:40:37+00:00\" \/>\n<meta property=\"og:image\" content=\"https:\/\/vapingnet.de\/wp-content\/uploads\/2025\/03\/45k_Raspberry-Watermelon_Mango-Peach_Strawberry-Kiwi-1.png\" \/>\n\t<meta property=\"og:image:width\" content=\"1000\" \/>\n\t<meta property=\"og:image:height\" content=\"1000\" \/>\n\t<meta property=\"og:image:type\" content=\"image\/png\" \/>\n<meta name=\"twitter:card\" content=\"summary_large_image\" \/>\n<meta name=\"twitter:label1\" content=\"Dur\u00e9e de lecture estim\u00e9e\" \/>\n\t<meta name=\"twitter:data1\" content=\"3 minutes\" \/>\n<script type=\"application\/ld+json\" class=\"yoast-schema-graph\">{\"@context\":\"https:\/\/schema.org\",\"@graph\":[{\"@type\":\"WebPage\",\"@id\":\"https:\/\/vapingnet.de\/vape\/himbeer-wassermelone-mango-pfirsich-erdbeer-kiwi-bang-king-45000-puffs-bieten-3-arten-von-genuss\/\",\"url\":\"https:\/\/vapingnet.de\/vape\/himbeer-wassermelone-mango-pfirsich-erdbeer-kiwi-bang-king-45000-puffs-bieten-3-arten-von-genuss\/\",\"name\":\"Himbeer-Wassermelone Mango-Pfirsich Erdbeer-Kiwi BANG KING 45000 Puffs bieten 3 Arten von Genuss | vapingnet.de\",\"isPartOf\":{\"@id\":\"https:\/\/vapingnet.de\/#website\"},\"primaryImageOfPage\":{\"@id\":\"https:\/\/vapingnet.de\/vape\/himbeer-wassermelone-mango-pfirsich-erdbeer-kiwi-bang-king-45000-puffs-bieten-3-arten-von-genuss\/#primaryimage\"},\"image\":{\"@id\":\"https:\/\/vapingnet.de\/vape\/himbeer-wassermelone-mango-pfirsich-erdbeer-kiwi-bang-king-45000-puffs-bieten-3-arten-von-genuss\/#primaryimage\"},\"thumbnailUrl\":\"https:\/\/vapingnet.de\/wp-content\/uploads\/2025\/03\/45k_Raspberry-Watermelon_Mango-Peach_Strawberry-Kiwi-1.png\",\"datePublished\":\"2025-03-18T08:05:17+00:00\",\"dateModified\":\"2025-06-19T03:40:37+00:00\",\"description\":\"W\u00e4hlen Sie BANG KING 45000 Puffs f\u00fcr einen intensiven Genuss in 3 einzigartigen Geschmacksrichtungen: Himbeer-Wassermelone, Mango-Pfirsich, Erdbeer-Kiwi.\",\"breadcrumb\":{\"@id\":\"https:\/\/vapingnet.de\/vape\/himbeer-wassermelone-mango-pfirsich-erdbeer-kiwi-bang-king-45000-puffs-bieten-3-arten-von-genuss\/#breadcrumb\"},\"inLanguage\":\"fr-FR\",\"potentialAction\":[{\"@type\":\"ReadAction\",\"target\":[\"https:\/\/vapingnet.de\/vape\/himbeer-wassermelone-mango-pfirsich-erdbeer-kiwi-bang-king-45000-puffs-bieten-3-arten-von-genuss\/\"]}]},{\"@type\":\"ImageObject\",\"inLanguage\":\"fr-FR\",\"@id\":\"https:\/\/vapingnet.de\/vape\/himbeer-wassermelone-mango-pfirsich-erdbeer-kiwi-bang-king-45000-puffs-bieten-3-arten-von-genuss\/#primaryimage\",\"url\":\"https:\/\/vapingnet.de\/wp-content\/uploads\/2025\/03\/45k_Raspberry-Watermelon_Mango-Peach_Strawberry-Kiwi-1.png\",\"contentUrl\":\"https:\/\/vapingnet.de\/wp-content\/uploads\/2025\/03\/45k_Raspberry-Watermelon_Mango-Peach_Strawberry-Kiwi-1.png\",\"width\":1000,\"height\":1000},{\"@type\":\"BreadcrumbList\",\"@id\":\"https:\/\/vapingnet.de\/vape\/himbeer-wassermelone-mango-pfirsich-erdbeer-kiwi-bang-king-45000-puffs-bieten-3-arten-von-genuss\/#breadcrumb\",\"itemListElement\":[{\"@type\":\"ListItem\",\"position\":1,\"name\":\"Home\",\"item\":\"https:\/\/vapingnet.de\/\"},{\"@type\":\"ListItem\",\"position\":2,\"name\":\"Shop\",\"item\":\"https:\/\/vapingnet.de\/vape\/\"},{\"@type\":\"ListItem\",\"position\":3,\"name\":\"Himbeer-Wassermelone Mango-Pfirsich Erdbeer-Kiwi BANG KING 45000 Puffs bieten 3 Arten von Genuss\"}]},{\"@type\":\"WebSite\",\"@id\":\"https:\/\/vapingnet.de\/#website\",\"url\":\"https:\/\/vapingnet.de\/\",\"name\":\"Vapingnet.de\",\"description\":\"\",\"publisher\":{\"@id\":\"https:\/\/vapingnet.de\/#organization\"},\"potentialAction\":[{\"@type\":\"SearchAction\",\"target\":{\"@type\":\"EntryPoint\",\"urlTemplate\":\"https:\/\/vapingnet.de\/?s={search_term_string}\"},\"query-input\":{\"@type\":\"PropertyValueSpecification\",\"valueRequired\":true,\"valueName\":\"search_term_string\"}}],\"inLanguage\":\"fr-FR\"},{\"@type\":\"Organization\",\"@id\":\"https:\/\/vapingnet.de\/#organization\",\"name\":\"Vapingnet.de\",\"url\":\"https:\/\/vapingnet.de\/\",\"logo\":{\"@type\":\"ImageObject\",\"inLanguage\":\"fr-FR\",\"@id\":\"https:\/\/vapingnet.de\/#\/schema\/logo\/image\/\",\"url\":\"https:\/\/vapingnet.de\/wp-content\/uploads\/2025\/03\/cropped-vapingnet.de_.jpg\",\"contentUrl\":\"https:\/\/vapingnet.de\/wp-content\/uploads\/2025\/03\/cropped-vapingnet.de_.jpg\",\"width\":512,\"height\":512,\"caption\":\"Vapingnet.de\"},\"image\":{\"@id\":\"https:\/\/vapingnet.de\/#\/schema\/logo\/image\/\"},\"sameAs\":[\"https:\/\/www.facebook.com\/vapingnetde\/\"]}]}<\/script>\n<!-- \/ Yoast SEO plugin. -->","yoast_head_json":{"title":"Himbeer-Wassermelone Mango-Pfirsich Erdbeer-Kiwi BANG KING 45000 Puffs bieten 3 Arten von Genuss | vapingnet.de","description":"W\u00e4hlen Sie BANG KING 45000 Puffs f\u00fcr einen intensiven Genuss in 3 einzigartigen Geschmacksrichtungen: Himbeer-Wassermelone, Mango-Pfirsich, Erdbeer-Kiwi.","robots":{"index":"index","follow":"follow","max-snippet":"max-snippet:-1","max-image-preview":"max-image-preview:large","max-video-preview":"max-video-preview:-1"},"canonical":"https:\/\/vapingnet.de\/fr\/vape\/himbeer-wassermelone-mango-pfirsich-erdbeer-kiwi-bang-king-45000-puffs-bieten-3-arten-von-genuss\/","og_locale":"fr_FR","og_type":"article","og_title":"Himbeer-Wassermelone Mango-Pfirsich Erdbeer-Kiwi BANG KING 45000 Puffs bieten 3 Arten von Genuss | vapingnet.de","og_description":"W\u00e4hlen Sie BANG KING 45000 Puffs f\u00fcr einen intensiven Genuss in 3 einzigartigen Geschmacksrichtungen: Himbeer-Wassermelone, Mango-Pfirsich, Erdbeer-Kiwi.","og_url":"https:\/\/vapingnet.de\/fr\/vape\/himbeer-wassermelone-mango-pfirsich-erdbeer-kiwi-bang-king-45000-puffs-bieten-3-arten-von-genuss\/","og_site_name":"Vapingnet.de","article_publisher":"https:\/\/www.facebook.com\/vapingnetde\/","article_modified_time":"2025-06-19T03:40:37+00:00","og_image":[{"width":1000,"height":1000,"url":"https:\/\/vapingnet.de\/wp-content\/uploads\/2025\/03\/45k_Raspberry-Watermelon_Mango-Peach_Strawberry-Kiwi-1.png","type":"image\/png"}],"twitter_card":"summary_large_image","twitter_misc":{"Dur\u00e9e de lecture estim\u00e9e":"3 minutes"},"schema":{"@context":"https:\/\/schema.org","@graph":[{"@type":"WebPage","@id":"https:\/\/vapingnet.de\/vape\/himbeer-wassermelone-mango-pfirsich-erdbeer-kiwi-bang-king-45000-puffs-bieten-3-arten-von-genuss\/","url":"https:\/\/vapingnet.de\/vape\/himbeer-wassermelone-mango-pfirsich-erdbeer-kiwi-bang-king-45000-puffs-bieten-3-arten-von-genuss\/","name":"Himbeer-Wassermelone Mango-Pfirsich Erdbeer-Kiwi BANG KING 45000 Puffs bieten 3 Arten von Genuss | vapingnet.de","isPartOf":{"@id":"https:\/\/vapingnet.de\/#website"},"primaryImageOfPage":{"@id":"https:\/\/vapingnet.de\/vape\/himbeer-wassermelone-mango-pfirsich-erdbeer-kiwi-bang-king-45000-puffs-bieten-3-arten-von-genuss\/#primaryimage"},"image":{"@id":"https:\/\/vapingnet.de\/vape\/himbeer-wassermelone-mango-pfirsich-erdbeer-kiwi-bang-king-45000-puffs-bieten-3-arten-von-genuss\/#primaryimage"},"thumbnailUrl":"https:\/\/vapingnet.de\/wp-content\/uploads\/2025\/03\/45k_Raspberry-Watermelon_Mango-Peach_Strawberry-Kiwi-1.png","datePublished":"2025-03-18T08:05:17+00:00","dateModified":"2025-06-19T03:40:37+00:00","description":"W\u00e4hlen Sie BANG KING 45000 Puffs f\u00fcr einen intensiven Genuss in 3 einzigartigen Geschmacksrichtungen: Himbeer-Wassermelone, Mango-Pfirsich, Erdbeer-Kiwi.","breadcrumb":{"@id":"https:\/\/vapingnet.de\/vape\/himbeer-wassermelone-mango-pfirsich-erdbeer-kiwi-bang-king-45000-puffs-bieten-3-arten-von-genuss\/#breadcrumb"},"inLanguage":"fr-FR","potentialAction":[{"@type":"ReadAction","target":["https:\/\/vapingnet.de\/vape\/himbeer-wassermelone-mango-pfirsich-erdbeer-kiwi-bang-king-45000-puffs-bieten-3-arten-von-genuss\/"]}]},{"@type":"ImageObject","inLanguage":"fr-FR","@id":"https:\/\/vapingnet.de\/vape\/himbeer-wassermelone-mango-pfirsich-erdbeer-kiwi-bang-king-45000-puffs-bieten-3-arten-von-genuss\/#primaryimage","url":"https:\/\/vapingnet.de\/wp-content\/uploads\/2025\/03\/45k_Raspberry-Watermelon_Mango-Peach_Strawberry-Kiwi-1.png","contentUrl":"https:\/\/vapingnet.de\/wp-content\/uploads\/2025\/03\/45k_Raspberry-Watermelon_Mango-Peach_Strawberry-Kiwi-1.png","width":1000,"height":1000},{"@type":"BreadcrumbList","@id":"https:\/\/vapingnet.de\/vape\/himbeer-wassermelone-mango-pfirsich-erdbeer-kiwi-bang-king-45000-puffs-bieten-3-arten-von-genuss\/#breadcrumb","itemListElement":[{"@type":"ListItem","position":1,"name":"Home","item":"https:\/\/vapingnet.de\/"},{"@type":"ListItem","position":2,"name":"Shop","item":"https:\/\/vapingnet.de\/vape\/"},{"@type":"ListItem","position":3,"name":"Himbeer-Wassermelone Mango-Pfirsich Erdbeer-Kiwi BANG KING 45000 Puffs bieten 3 Arten von Genuss"}]},{"@type":"WebSite","@id":"https:\/\/vapingnet.de\/#website","url":"https:\/\/vapingnet.de\/","name":"Vapingnet.de","description":"","publisher":{"@id":"https:\/\/vapingnet.de\/#organization"},"potentialAction":[{"@type":"SearchAction","target":{"@type":"EntryPoint","urlTemplate":"https:\/\/vapingnet.de\/?s={search_term_string}"},"query-input":{"@type":"PropertyValueSpecification","valueRequired":true,"valueName":"search_term_string"}}],"inLanguage":"fr-FR"},{"@type":"Organization","@id":"https:\/\/vapingnet.de\/#organization","name":"Vapingnet.de","url":"https:\/\/vapingnet.de\/","logo":{"@type":"ImageObject","inLanguage":"fr-FR","@id":"https:\/\/vapingnet.de\/#\/schema\/logo\/image\/","url":"https:\/\/vapingnet.de\/wp-content\/uploads\/2025\/03\/cropped-vapingnet.de_.jpg","contentUrl":"https:\/\/vapingnet.de\/wp-content\/uploads\/2025\/03\/cropped-vapingnet.de_.jpg","width":512,"height":512,"caption":"Vapingnet.de"},"image":{"@id":"https:\/\/vapingnet.de\/#\/schema\/logo\/image\/"},"sameAs":["https:\/\/www.facebook.com\/vapingnetde\/"]}]}},"tiered_pricing_type":"fixed","tiered_pricing_fixed_rules":[],"tiered_pricing_product_settings":{"layout":"default","base_unit_name":{"singular":null,"plural":null},"default_variation":null},"tiered_pricing_minimum_quantity":null,"tiered_pricing_roles_data":[],"tiered_pricing_percentage_rules":[],"_links":{"self":[{"href":"https:\/\/vapingnet.de\/fr\/wp-json\/wp\/v2\/product\/5652","targetHints":{"allow":["GET"]}}],"collection":[{"href":"https:\/\/vapingnet.de\/fr\/wp-json\/wp\/v2\/product"}],"about":[{"href":"https:\/\/vapingnet.de\/fr\/wp-json\/wp\/v2\/types\/product"}],"version-history":[{"count":3,"href":"https:\/\/vapingnet.de\/fr\/wp-json\/wp\/v2\/product\/5652\/revisions"}],"predecessor-version":[{"id":5961,"href":"https:\/\/vapingnet.de\/fr\/wp-json\/wp\/v2\/product\/5652\/revisions\/5961"}],"wp:featuredmedia":[{"embeddable":true,"href":"https:\/\/vapingnet.de\/fr\/wp-json\/wp\/v2\/media\/5618"}],"wp:attachment":[{"href":"https:\/\/vapingnet.de\/fr\/wp-json\/wp\/v2\/media?parent=5652"}],"wp:term":[{"taxonomy":"brand","embeddable":true,"href":"https:\/\/vapingnet.de\/fr\/wp-json\/wp\/v2\/etheme_brands?post=5652"},{"taxonomy":"product_brand","embeddable":true,"href":"https:\/\/vapingnet.de\/fr\/wp-json\/wp\/v2\/product_brand?post=5652"},{"taxonomy":"product_cat","embeddable":true,"href":"https:\/\/vapingnet.de\/fr\/wp-json\/wp\/v2\/product_cat?post=5652"},{"taxonomy":"product_tag","embeddable":true,"href":"https:\/\/vapingnet.de\/fr\/wp-json\/wp\/v2\/product_tag?post=5652"}],"curies":[{"name":"wp","href":"https:\/\/api.w.org\/{rel}","templated":true}]}}