{"id":5694,"date":"2025-03-19T03:23:58","date_gmt":"2025-03-19T03:23:58","guid":{"rendered":"https:\/\/vapingnet.de\/?post_type=product&#038;p=5694"},"modified":"2026-04-14T06:41:05","modified_gmt":"2026-04-14T06:41:05","slug":"nexa-ultra-50k-50000-zuege-mit-20-ml-b-pop-liquid-premium-einweg-e-zigarette","status":"publish","type":"product","link":"https:\/\/vapingnet.de\/fr\/vape\/nexa-ultra-50k-50000-zuege-mit-20-ml-b-pop-liquid-premium-einweg-e-zigarette\/","title":{"rendered":"NEXA Ultra 50K 50 000 bouff\u00e9es avec 20 ml de liquide B-Pop, cigarette \u00e9lectronique jetable de qualit\u00e9 sup\u00e9rieure"},"content":{"rendered":"<h2 data-pm-slice=\"1 1 []\">NEXA Ultra 50K Puff Cigarette \u00c9lectronique Jetable B-Pop L'avenir des vapes jetables en France<\/h2>\n<p>Le march\u00e9 des cigarettes \u00e9lectroniques jetables \u00e9volue constamment, et avec la <strong><a href=\"https:\/\/vapingnet.de\/fr\/nexa-ultra-50000-puffs\/\">NEXA Ultra 50K Puff<\/a> <\/strong>Cigarette \u00e9lectronique jetable, l'industrie \u00e9tablit de nouvelles normes. Cet appareil r\u00e9volutionnaire combine une dur\u00e9e de vie extr\u00eamement longue avec une technologie de pointe et offre aux vapoteurs une exp\u00e9rience de premier ordre. Dans cet article, nous examinons en d\u00e9tail les fonctionnalit\u00e9s, les avantages et l'impact potentiel de cette cigarette \u00e9lectronique jetable haut de gamme sur le march\u00e9 fran\u00e7ais.<\/p>\n<div><\/div>\n<h3>Sp\u00e9cifications techniques et caract\u00e9ristiques remarquables<\/h3>\n<p>La NEXA Ultra 50K Puff red\u00e9finit les limites du segment des vapes jetables et se distingue par ses fonctionnalit\u00e9s impressionnantes :<\/p>\n<ul data-spread=\"false\">\n<li>Nombre de puffs : Jusqu'\u00e0 50 000 bouff\u00e9es \u2013 l'un des plus \u00e9lev\u00e9s sur le march\u00e9<\/li>\n<li>Teneur en nicotine : 5 % pour une exp\u00e9rience de vapotage intense et satisfaisante<\/li>\n<li>R\u00e9servoir en cristal transparent de 20 ml de liquide \u2013 visible \u00e0 tout moment pour surveiller le niveau de remplissage<\/li>\n<li>Batterie de 800 mAh avec charge rapide USB-C pour une utilisation prolong\u00e9e et des options de recharge pratiques<\/li>\n<li>Modes de puissance doubles :\n<ul data-spread=\"false\">\n<li>Mode Normal : 50K bouff\u00e9es pour une utilisation prolong\u00e9e<\/li>\n<li>Mode Turbo : 30K bouff\u00e9es pour une production de vapeur plus intense<\/li>\n<\/ul>\n<\/li>\n<li>Affichage 3D courb\u00e9 innovant pour indiquer le niveau de batterie et de liquide<\/li>\n<li>Automatique d'inhalation pour une utilisation simple et intuitive<\/li>\n<li>Saveur : B-Pop \u2013 une combinaison aromatique nouvelle et excitante<\/li>\n<li>Unit\u00e9 d'emballage : 5 pi\u00e8ces par bo\u00eete, id\u00e9ale pour la vente au d\u00e9tail ou les commandes en gros<\/li>\n<\/ul>\n<div><\/div>\n<h3>Pourquoi la NEXA Ultra 50K est-elle une r\u00e9volution ?<\/h3>\n<p>La NEXA Ultra 50K n'est pas simplement une autre <strong><a href=\"https:\/\/vapingnet.de\/fr\/k\/einweg-e-zigarette\/\">cigarette \u00e9lectronique jetable<\/a><\/strong> \u2013 elle repr\u00e9sente une r\u00e9volution dans l'industrie. Voici les principales raisons pour lesquelles elle fait sensation en France :<\/p>\n<h4>1. Nombre de bouff\u00e9es extr\u00eamement \u00e9lev\u00e9 \u2013 utilisation la plus longue dans le segment jetable<\/h4>\n<p>Avec <strong><a href=\"https:\/\/vapingnet.de\/fr\/k\/50k-vape\/\">50k vapote<\/a><\/strong>\u00a0offre cette cigarette \u00e9lectronique une dur\u00e9e de vie jamais vue auparavant. Pour comparaison : la plupart des vapes jetables offrent seulement entre 5 000 et 15 000 bouff\u00e9es. Cela fait de la NEXA Ultra 50K l'une des options les plus durables sur le march\u00e9.<\/p>\n<h4>2. Technologie avanc\u00e9e de batterie avec charge rapide<\/h4>\n<p>Alors que de nombreux appareils jetables doivent \u00eatre jet\u00e9s lorsque la batterie est vide, la batterie de 800 mAh avec fonction de charge rapide USB-C permet une utilisation plus \u00e9cologique et pratique. Les utilisateurs peuvent simplement recharger l'appareil et continuer \u00e0 l'utiliser.<\/p>\n<h4>3. Technologie innovante \u00e0 double mode<\/h4>\n<p>La plupart des cigarettes \u00e9lectroniques jetables offrent une seule puissance, mais la NEXA Ultra 50K se distingue par deux modes diff\u00e9rents :<\/p>\n<ul data-spread=\"false\">\n<li>Mode Normal (50K bouff\u00e9es) : Id\u00e9al pour une utilisation quotidienne avec une production \u00e9quilibr\u00e9e de vapeur et de saveur.<\/li>\n<li>Mode Turbo (30K bouff\u00e9es) : Pour ceux qui pr\u00e9f\u00e8rent une production de vapeur plus intense et un ar\u00f4me plus puissant.<\/li>\n<\/ul>\n<h4>4. \u00c9cran incurv\u00e9 3D pour un contr\u00f4le maximal<\/h4>\n<p>Une v\u00e9ritable nouveaut\u00e9 dans le domaine des vapes jetables est l'\u00e9cran incurv\u00e9 3D. Il affiche le niveau de batterie et le niveau de liquide restant \u2013 une fonction qui \u00e9tait jusqu'\u00e0 pr\u00e9sent presque exclusivement pr\u00e9sente dans les syst\u00e8mes de pods haut de gamme.<\/p>\n<h4>5. Liquides de haute qualit\u00e9 et ar\u00f4me unique<\/h4>\n<p>Avec la saveur B-Pop, la NEXA Ultra 50K offre une exp\u00e9rience aromatique nouvelle et excitante. Des ingr\u00e9dients de haute qualit\u00e9 garantissent un go\u00fbt intense et homog\u00e8ne jusqu'\u00e0 la derni\u00e8re bouff\u00e9e.<\/p>\n<div><\/div>\n<h3>Potentiel de march\u00e9 et groupe cible en France<\/h3>\n<p>La demande pour des cigarettes \u00e9lectroniques jetables durables et performantes ne cesse de cro\u00eetre, notamment en France. La NEXA Ultra 50K s'adresse aux groupes cibles suivants :<\/p>\n<ul data-spread=\"false\">\n<li>Vapeurs exp\u00e9riment\u00e9s recherchant une alternative durable et performante aux cigarettes \u00e9lectroniques jetables traditionnelles.<\/li>\n<li>Vapeurs occasionnels attach\u00e9s \u00e0 une utilisation simple, sans avoir \u00e0 se soucier du rechargement ou des r\u00e9glages compliqu\u00e9s.<\/li>\n<li>Revendeurs et grossistes souhaitant proposer \u00e0 leurs clients des produits innovants et de haute qualit\u00e9.<\/li>\n<\/ul>\n<p>Avec la possibilit\u00e9 d'acheter 5 appareils par bo\u00eete, la NEXA Ultra 50K convient aussi bien \u00e0 la vente au d\u00e9tail qu'aux commandes en gros dans les boutiques de vapotage ou en ligne.<\/p>\n<h3>La NEXA Ultra 50K est-elle l'avenir des cigarettes \u00e9lectroniques jetables ?<\/h3>\n<p>La cigarette \u00e9lectronique jetable NEXA Ultra 50K Puff allie performance, innovation et durabilit\u00e9 dans un seul appareil, \u00e9tablissant ainsi de nouvelles normes dans le secteur. Elle offre un des plus grands nombres de bouff\u00e9es, une batterie puissante avec fonction de charge rapide, une saveur unique et un \u00e9cran moderne \u2013 tout cela dans un design compact et \u00e9l\u00e9gant.<\/p>\n<p>Pour le march\u00e9 fran\u00e7ais, ce produit constitue une v\u00e9ritable valeur ajout\u00e9e, notamment pour les vapoteurs recherchant une exp\u00e9rience de haute qualit\u00e9 et durable. Les revendeurs qui se procurent rapidement la NEXA Ultra 50K peuvent b\u00e9n\u00e9ficier d'un produit innovant qui se distingue nettement de la concurrence.<\/p>\n<p>Que ce soit pour un usage personnel ou en tant que commer\u00e7ant \u2013 la NEXA Ultra 50K est une recommandation claire pour tous ceux qui souhaitent tirer le meilleur parti de leur exp\u00e9rience de vapotage.<\/p>\n<p>&nbsp;<\/p>","protected":false},"excerpt":{"rendered":"<p>NEXA Ultra 50K Puff Einweg E-Zigarette B-Pop Die Zukunft der Einweg-Vapes in Deutschland Der Markt f\u00fcr Einweg-E-Zigaretten entwickelt sich stetig weiter, und mit der NEXA&#8230;<\/p>","protected":false},"featured_media":5724,"template":"","meta":[],"etheme_brands":[],"product_brand":[],"product_cat":[67,49,61],"product_tag":[],"class_list":{"0":"post-5694","1":"product","2":"type-product","3":"status-publish","4":"has-post-thumbnail","6":"product_cat-50k-vape","7":"product_cat-einweg-e-zigarette","8":"product_cat-f","10":"first","11":"outofstock","12":"shipping-taxable","13":"purchasable","14":"product-type-variable"},"yoast_head":"<!-- This site is optimized with the Yoast SEO plugin v26.5 - https:\/\/yoast.com\/wordpress\/plugins\/seo\/ -->\n<title>NEXA Ultra 50K 50000 Z\u00fcge mit 20 ml B-Pop-Liquid Premium-Einweg-E-Zigarette | Vapingnet.de<\/title>\n<meta name=\"description\" content=\"NEXA Ultra 50K: 50.000 Z\u00fcge, 20 ml B-Pop Liquid, USB-C, Dual-Modus, 3D-Display, transparenter Tank \u2013 Premium-Einweg-Vape!\" \/>\n<meta name=\"robots\" content=\"index, follow, max-snippet:-1, max-image-preview:large, max-video-preview:-1\" \/>\n<link rel=\"canonical\" href=\"https:\/\/vapingnet.de\/fr\/vape\/nexa-ultra-50k-50000-zuege-mit-20-ml-b-pop-liquid-premium-einweg-e-zigarette\/\" \/>\n<meta property=\"og:locale\" content=\"fr_FR\" \/>\n<meta property=\"og:type\" content=\"article\" \/>\n<meta property=\"og:title\" content=\"NEXA Ultra 50K 50000 Z\u00fcge mit 20 ml B-Pop-Liquid Premium-Einweg-E-Zigarette | Vapingnet.de\" \/>\n<meta property=\"og:description\" content=\"NEXA Ultra 50K: 50.000 Z\u00fcge, 20 ml B-Pop Liquid, USB-C, Dual-Modus, 3D-Display, transparenter Tank \u2013 Premium-Einweg-Vape!\" \/>\n<meta property=\"og:url\" content=\"https:\/\/vapingnet.de\/fr\/vape\/nexa-ultra-50k-50000-zuege-mit-20-ml-b-pop-liquid-premium-einweg-e-zigarette\/\" \/>\n<meta property=\"og:site_name\" content=\"Vapingnet.de\" \/>\n<meta property=\"article:publisher\" content=\"https:\/\/www.facebook.com\/vapingnetde\/\" \/>\n<meta property=\"article:modified_time\" content=\"2026-04-14T06:41:05+00:00\" \/>\n<meta property=\"og:image\" content=\"https:\/\/vapingnet.de\/wp-content\/uploads\/2025\/03\/NEXA-Ultra-Vape-50000-B-Pop-1.png\" \/>\n\t<meta property=\"og:image:width\" content=\"1000\" \/>\n\t<meta property=\"og:image:height\" content=\"1000\" \/>\n\t<meta property=\"og:image:type\" content=\"image\/png\" \/>\n<meta name=\"twitter:card\" content=\"summary_large_image\" \/>\n<meta name=\"twitter:label1\" content=\"Dur\u00e9e de lecture estim\u00e9e\" \/>\n\t<meta name=\"twitter:data1\" content=\"4 minutes\" \/>\n<script type=\"application\/ld+json\" class=\"yoast-schema-graph\">{\"@context\":\"https:\/\/schema.org\",\"@graph\":[{\"@type\":\"WebPage\",\"@id\":\"https:\/\/vapingnet.de\/vape\/nexa-ultra-50k-50000-zuege-mit-20-ml-b-pop-liquid-premium-einweg-e-zigarette\/\",\"url\":\"https:\/\/vapingnet.de\/vape\/nexa-ultra-50k-50000-zuege-mit-20-ml-b-pop-liquid-premium-einweg-e-zigarette\/\",\"name\":\"NEXA Ultra 50K 50000 Z\u00fcge mit 20 ml B-Pop-Liquid Premium-Einweg-E-Zigarette | Vapingnet.de\",\"isPartOf\":{\"@id\":\"https:\/\/vapingnet.de\/#website\"},\"primaryImageOfPage\":{\"@id\":\"https:\/\/vapingnet.de\/vape\/nexa-ultra-50k-50000-zuege-mit-20-ml-b-pop-liquid-premium-einweg-e-zigarette\/#primaryimage\"},\"image\":{\"@id\":\"https:\/\/vapingnet.de\/vape\/nexa-ultra-50k-50000-zuege-mit-20-ml-b-pop-liquid-premium-einweg-e-zigarette\/#primaryimage\"},\"thumbnailUrl\":\"https:\/\/vapingnet.de\/wp-content\/uploads\/2025\/03\/NEXA-Ultra-Vape-50000-B-Pop-1.png\",\"datePublished\":\"2025-03-19T03:23:58+00:00\",\"dateModified\":\"2026-04-14T06:41:05+00:00\",\"description\":\"NEXA Ultra 50K: 50.000 Z\u00fcge, 20 ml B-Pop Liquid, USB-C, Dual-Modus, 3D-Display, transparenter Tank \u2013 Premium-Einweg-Vape!\",\"breadcrumb\":{\"@id\":\"https:\/\/vapingnet.de\/vape\/nexa-ultra-50k-50000-zuege-mit-20-ml-b-pop-liquid-premium-einweg-e-zigarette\/#breadcrumb\"},\"inLanguage\":\"fr-FR\",\"potentialAction\":[{\"@type\":\"ReadAction\",\"target\":[\"https:\/\/vapingnet.de\/vape\/nexa-ultra-50k-50000-zuege-mit-20-ml-b-pop-liquid-premium-einweg-e-zigarette\/\"]}]},{\"@type\":\"ImageObject\",\"inLanguage\":\"fr-FR\",\"@id\":\"https:\/\/vapingnet.de\/vape\/nexa-ultra-50k-50000-zuege-mit-20-ml-b-pop-liquid-premium-einweg-e-zigarette\/#primaryimage\",\"url\":\"https:\/\/vapingnet.de\/wp-content\/uploads\/2025\/03\/NEXA-Ultra-Vape-50000-B-Pop-1.png\",\"contentUrl\":\"https:\/\/vapingnet.de\/wp-content\/uploads\/2025\/03\/NEXA-Ultra-Vape-50000-B-Pop-1.png\",\"width\":1000,\"height\":1000},{\"@type\":\"BreadcrumbList\",\"@id\":\"https:\/\/vapingnet.de\/vape\/nexa-ultra-50k-50000-zuege-mit-20-ml-b-pop-liquid-premium-einweg-e-zigarette\/#breadcrumb\",\"itemListElement\":[{\"@type\":\"ListItem\",\"position\":1,\"name\":\"Home\",\"item\":\"https:\/\/vapingnet.de\/\"},{\"@type\":\"ListItem\",\"position\":2,\"name\":\"Shop\",\"item\":\"https:\/\/vapingnet.de\/vape\/\"},{\"@type\":\"ListItem\",\"position\":3,\"name\":\"NEXA Ultra 50K 50000 Z\u00fcge mit 20 ml B-Pop-Liquid Premium-Einweg-E-Zigarette\"}]},{\"@type\":\"WebSite\",\"@id\":\"https:\/\/vapingnet.de\/#website\",\"url\":\"https:\/\/vapingnet.de\/\",\"name\":\"Vapingnet.de\",\"description\":\"\",\"publisher\":{\"@id\":\"https:\/\/vapingnet.de\/#organization\"},\"potentialAction\":[{\"@type\":\"SearchAction\",\"target\":{\"@type\":\"EntryPoint\",\"urlTemplate\":\"https:\/\/vapingnet.de\/?s={search_term_string}\"},\"query-input\":{\"@type\":\"PropertyValueSpecification\",\"valueRequired\":true,\"valueName\":\"search_term_string\"}}],\"inLanguage\":\"fr-FR\"},{\"@type\":\"Organization\",\"@id\":\"https:\/\/vapingnet.de\/#organization\",\"name\":\"Vapingnet.de\",\"url\":\"https:\/\/vapingnet.de\/\",\"logo\":{\"@type\":\"ImageObject\",\"inLanguage\":\"fr-FR\",\"@id\":\"https:\/\/vapingnet.de\/#\/schema\/logo\/image\/\",\"url\":\"https:\/\/vapingnet.de\/wp-content\/uploads\/2025\/03\/cropped-vapingnet.de_.jpg\",\"contentUrl\":\"https:\/\/vapingnet.de\/wp-content\/uploads\/2025\/03\/cropped-vapingnet.de_.jpg\",\"width\":512,\"height\":512,\"caption\":\"Vapingnet.de\"},\"image\":{\"@id\":\"https:\/\/vapingnet.de\/#\/schema\/logo\/image\/\"},\"sameAs\":[\"https:\/\/www.facebook.com\/vapingnetde\/\"]}]}<\/script>\n<!-- \/ Yoast SEO plugin. -->","yoast_head_json":{"title":"NEXA Ultra 50K 50000 Z\u00fcge mit 20 ml B-Pop-Liquid Premium-Einweg-E-Zigarette | Vapingnet.de","description":"NEXA Ultra 50K: 50.000 Z\u00fcge, 20 ml B-Pop Liquid, USB-C, Dual-Modus, 3D-Display, transparenter Tank \u2013 Premium-Einweg-Vape!","robots":{"index":"index","follow":"follow","max-snippet":"max-snippet:-1","max-image-preview":"max-image-preview:large","max-video-preview":"max-video-preview:-1"},"canonical":"https:\/\/vapingnet.de\/fr\/vape\/nexa-ultra-50k-50000-zuege-mit-20-ml-b-pop-liquid-premium-einweg-e-zigarette\/","og_locale":"fr_FR","og_type":"article","og_title":"NEXA Ultra 50K 50000 Z\u00fcge mit 20 ml B-Pop-Liquid Premium-Einweg-E-Zigarette | Vapingnet.de","og_description":"NEXA Ultra 50K: 50.000 Z\u00fcge, 20 ml B-Pop Liquid, USB-C, Dual-Modus, 3D-Display, transparenter Tank \u2013 Premium-Einweg-Vape!","og_url":"https:\/\/vapingnet.de\/fr\/vape\/nexa-ultra-50k-50000-zuege-mit-20-ml-b-pop-liquid-premium-einweg-e-zigarette\/","og_site_name":"Vapingnet.de","article_publisher":"https:\/\/www.facebook.com\/vapingnetde\/","article_modified_time":"2026-04-14T06:41:05+00:00","og_image":[{"width":1000,"height":1000,"url":"https:\/\/vapingnet.de\/wp-content\/uploads\/2025\/03\/NEXA-Ultra-Vape-50000-B-Pop-1.png","type":"image\/png"}],"twitter_card":"summary_large_image","twitter_misc":{"Dur\u00e9e de lecture estim\u00e9e":"4 minutes"},"schema":{"@context":"https:\/\/schema.org","@graph":[{"@type":"WebPage","@id":"https:\/\/vapingnet.de\/vape\/nexa-ultra-50k-50000-zuege-mit-20-ml-b-pop-liquid-premium-einweg-e-zigarette\/","url":"https:\/\/vapingnet.de\/vape\/nexa-ultra-50k-50000-zuege-mit-20-ml-b-pop-liquid-premium-einweg-e-zigarette\/","name":"NEXA Ultra 50K 50000 Z\u00fcge mit 20 ml B-Pop-Liquid Premium-Einweg-E-Zigarette | Vapingnet.de","isPartOf":{"@id":"https:\/\/vapingnet.de\/#website"},"primaryImageOfPage":{"@id":"https:\/\/vapingnet.de\/vape\/nexa-ultra-50k-50000-zuege-mit-20-ml-b-pop-liquid-premium-einweg-e-zigarette\/#primaryimage"},"image":{"@id":"https:\/\/vapingnet.de\/vape\/nexa-ultra-50k-50000-zuege-mit-20-ml-b-pop-liquid-premium-einweg-e-zigarette\/#primaryimage"},"thumbnailUrl":"https:\/\/vapingnet.de\/wp-content\/uploads\/2025\/03\/NEXA-Ultra-Vape-50000-B-Pop-1.png","datePublished":"2025-03-19T03:23:58+00:00","dateModified":"2026-04-14T06:41:05+00:00","description":"NEXA Ultra 50K: 50.000 Z\u00fcge, 20 ml B-Pop Liquid, USB-C, Dual-Modus, 3D-Display, transparenter Tank \u2013 Premium-Einweg-Vape!","breadcrumb":{"@id":"https:\/\/vapingnet.de\/vape\/nexa-ultra-50k-50000-zuege-mit-20-ml-b-pop-liquid-premium-einweg-e-zigarette\/#breadcrumb"},"inLanguage":"fr-FR","potentialAction":[{"@type":"ReadAction","target":["https:\/\/vapingnet.de\/vape\/nexa-ultra-50k-50000-zuege-mit-20-ml-b-pop-liquid-premium-einweg-e-zigarette\/"]}]},{"@type":"ImageObject","inLanguage":"fr-FR","@id":"https:\/\/vapingnet.de\/vape\/nexa-ultra-50k-50000-zuege-mit-20-ml-b-pop-liquid-premium-einweg-e-zigarette\/#primaryimage","url":"https:\/\/vapingnet.de\/wp-content\/uploads\/2025\/03\/NEXA-Ultra-Vape-50000-B-Pop-1.png","contentUrl":"https:\/\/vapingnet.de\/wp-content\/uploads\/2025\/03\/NEXA-Ultra-Vape-50000-B-Pop-1.png","width":1000,"height":1000},{"@type":"BreadcrumbList","@id":"https:\/\/vapingnet.de\/vape\/nexa-ultra-50k-50000-zuege-mit-20-ml-b-pop-liquid-premium-einweg-e-zigarette\/#breadcrumb","itemListElement":[{"@type":"ListItem","position":1,"name":"Home","item":"https:\/\/vapingnet.de\/"},{"@type":"ListItem","position":2,"name":"Shop","item":"https:\/\/vapingnet.de\/vape\/"},{"@type":"ListItem","position":3,"name":"NEXA Ultra 50K 50000 Z\u00fcge mit 20 ml B-Pop-Liquid Premium-Einweg-E-Zigarette"}]},{"@type":"WebSite","@id":"https:\/\/vapingnet.de\/#website","url":"https:\/\/vapingnet.de\/","name":"Vapingnet.de","description":"","publisher":{"@id":"https:\/\/vapingnet.de\/#organization"},"potentialAction":[{"@type":"SearchAction","target":{"@type":"EntryPoint","urlTemplate":"https:\/\/vapingnet.de\/?s={search_term_string}"},"query-input":{"@type":"PropertyValueSpecification","valueRequired":true,"valueName":"search_term_string"}}],"inLanguage":"fr-FR"},{"@type":"Organization","@id":"https:\/\/vapingnet.de\/#organization","name":"Vapingnet.de","url":"https:\/\/vapingnet.de\/","logo":{"@type":"ImageObject","inLanguage":"fr-FR","@id":"https:\/\/vapingnet.de\/#\/schema\/logo\/image\/","url":"https:\/\/vapingnet.de\/wp-content\/uploads\/2025\/03\/cropped-vapingnet.de_.jpg","contentUrl":"https:\/\/vapingnet.de\/wp-content\/uploads\/2025\/03\/cropped-vapingnet.de_.jpg","width":512,"height":512,"caption":"Vapingnet.de"},"image":{"@id":"https:\/\/vapingnet.de\/#\/schema\/logo\/image\/"},"sameAs":["https:\/\/www.facebook.com\/vapingnetde\/"]}]}},"tiered_pricing_type":"fixed","tiered_pricing_fixed_rules":[],"tiered_pricing_product_settings":{"layout":"default","base_unit_name":{"singular":null,"plural":null},"default_variation":null},"tiered_pricing_minimum_quantity":null,"tiered_pricing_roles_data":[],"tiered_pricing_percentage_rules":[],"_links":{"self":[{"href":"https:\/\/vapingnet.de\/fr\/wp-json\/wp\/v2\/product\/5694","targetHints":{"allow":["GET"]}}],"collection":[{"href":"https:\/\/vapingnet.de\/fr\/wp-json\/wp\/v2\/product"}],"about":[{"href":"https:\/\/vapingnet.de\/fr\/wp-json\/wp\/v2\/types\/product"}],"version-history":[{"count":1,"href":"https:\/\/vapingnet.de\/fr\/wp-json\/wp\/v2\/product\/5694\/revisions"}],"predecessor-version":[{"id":5726,"href":"https:\/\/vapingnet.de\/fr\/wp-json\/wp\/v2\/product\/5694\/revisions\/5726"}],"wp:featuredmedia":[{"embeddable":true,"href":"https:\/\/vapingnet.de\/fr\/wp-json\/wp\/v2\/media\/5724"}],"wp:attachment":[{"href":"https:\/\/vapingnet.de\/fr\/wp-json\/wp\/v2\/media?parent=5694"}],"wp:term":[{"taxonomy":"brand","embeddable":true,"href":"https:\/\/vapingnet.de\/fr\/wp-json\/wp\/v2\/etheme_brands?post=5694"},{"taxonomy":"product_brand","embeddable":true,"href":"https:\/\/vapingnet.de\/fr\/wp-json\/wp\/v2\/product_brand?post=5694"},{"taxonomy":"product_cat","embeddable":true,"href":"https:\/\/vapingnet.de\/fr\/wp-json\/wp\/v2\/product_cat?post=5694"},{"taxonomy":"product_tag","embeddable":true,"href":"https:\/\/vapingnet.de\/fr\/wp-json\/wp\/v2\/product_tag?post=5694"}],"curies":[{"name":"wp","href":"https:\/\/api.w.org\/{rel}","templated":true}]}}