{"id":5733,"date":"2025-03-19T05:38:12","date_gmt":"2025-03-19T05:38:12","guid":{"rendered":"https:\/\/vapingnet.de\/?post_type=product&#038;p=5733"},"modified":"2026-04-14T06:41:05","modified_gmt":"2026-04-14T06:41:05","slug":"nexa-ultra-50k-cool-mint-frische-minze-menthol-und-sorgen-fuer-ein-erfrischendes-raucherlebnis","status":"publish","type":"product","link":"https:\/\/vapingnet.de\/fr\/vape\/nexa-ultra-50k-cool-mint-frische-minze-menthol-und-sorgen-fuer-ein-erfrischendes-raucherlebnis\/","title":{"rendered":"NEXA Ultra 50K Menthe Fra\u00eeche Menthol et rafra\u00eechit l'exp\u00e9rience de vapotage"},"content":{"rendered":"<h2 data-start=\"0\" data-end=\"64\">NEXA Ultra 50K Puff Cigarette \u00c9lectronique Jetable \u2013 \u00c9dition Cool Mint<\/h2>\n<p data-start=\"66\" data-end=\"435\">La NEXA Ultra 50K Cool Mint est le choix parfait pour les vapoteurs \u00e0 la recherche d'une exp\u00e9rience rafra\u00eechissante et intense. Celle-ci <strong><a href=\"https:\/\/vapingnet.de\/fr\/k\/einweg-e-zigarette\/\">cigarette \u00e9lectronique jetable<\/a><\/strong> combine impressionnant <strong><a href=\"https:\/\/vapingnet.de\/fr\/k\/50k-vape\/\">50k vapote<\/a><\/strong>, une batterie de 800 mAh avec charge rapide USB-C et un r\u00e9servoir en cristal transparent de 20 ml, pour s'assurer que vous gardez toujours le contr\u00f4le de votre exp\u00e9rience de vapotage.<\/p>\n<p data-start=\"437\" data-end=\"721\">La saveur Cool Mint offre un moment de vapeur rafra\u00eechissant et frais, id\u00e9al pour tous ceux qui aiment le go\u00fbt classique de la menthe avec une touche suppl\u00e9mentaire de menthol rafra\u00eechissant. Cette \u00e9dition offre un coup de fouet intense, rendant le vapotage une exp\u00e9rience vivifiante.<\/p>\n<h3 data-start=\"723\" data-end=\"753\">Sp\u00e9cifications du produit :<\/h3>\n<div class=\"overflow-x-auto contain-inline-size\">\n<table data-start=\"755\" data-end=\"1776\">\n<thead data-start=\"755\" data-end=\"839\">\n<tr data-start=\"755\" data-end=\"839\">\n<th data-start=\"755\" data-end=\"784\">Caract\u00e9ristique<\/th>\n<th data-start=\"784\" data-end=\"839\">D\u00e9tails<\/th>\n<\/tr>\n<\/thead>\n<tbody data-start=\"925\" data-end=\"1776\">\n<tr data-start=\"925\" data-end=\"1009\">\n<td>Nombre de bouff\u00e9es<\/td>\n<td>Jusqu'\u00e0 50 000 bouff\u00e9es<\/td>\n<\/tr>\n<tr data-start=\"1010\" data-end=\"1095\">\n<td>Contenu en nicotine<\/td>\n<td>5%<\/td>\n<\/tr>\n<tr data-start=\"1096\" data-end=\"1180\">\n<td>Contenu du liquide<\/td>\n<td>R\u00e9servoir en cristal transparent de 20 ml<\/td>\n<\/tr>\n<tr data-start=\"1181\" data-end=\"1266\">\n<td>Batterie<\/td>\n<td>800 mAh avec charge rapide USB-C<\/td>\n<\/tr>\n<tr data-start=\"1267\" data-end=\"1351\">\n<td>Modes de performance<\/td>\n<td>Mode Double<\/td>\n<\/tr>\n<tr data-start=\"1352\" data-end=\"1436\">\n<td>Mode Normal<\/td>\n<td>50K bouff\u00e9es pour une utilisation prolong\u00e9e<\/td>\n<\/tr>\n<tr data-start=\"1437\" data-end=\"1521\">\n<td>Mode Turbo<\/td>\n<td>30K bouff\u00e9es pour une vapeur et une saveur plus intenses<\/td>\n<\/tr>\n<tr data-start=\"1522\" data-end=\"1606\">\n<td>Affichage<\/td>\n<td>\u00c9cran incurv\u00e9 3D<\/td>\n<\/tr>\n<tr data-start=\"1607\" data-end=\"1691\">\n<td>Activation<\/td>\n<td>Activation par aspiration pour une utilisation facile<\/td>\n<\/tr>\n<tr data-start=\"1692\" data-end=\"1776\">\n<td>Emballage<\/td>\n<td>5 pi\u00e8ces par bo\u00eete<\/td>\n<\/tr>\n<\/tbody>\n<\/table>\n<\/div>\n<h3 data-start=\"1778\" data-end=\"1804\">Exp\u00e9rience gustative :<\/h3>\n<p data-start=\"1806\" data-end=\"1872\">La saveur Cool Mint de cette NEXA Ultra 50K propose :<\/p>\n<ul data-start=\"1874\" data-end=\"2122\">\n<li data-start=\"1874\" data-end=\"1955\">Menthe fra\u00eeche pour une sensation agr\u00e9able et rafra\u00eechissante qui revitalise l'haleine.<\/li>\n<li data-start=\"1956\" data-end=\"2041\">Menthol compl\u00e9tant la menthe pour rendre le vapotage plus intense et plus frais.<\/li>\n<li data-start=\"2042\" data-end=\"2122\">Id\u00e9al pour les vapoteurs qui recherchent un go\u00fbt rafra\u00eechissant et clair.<\/li>\n<\/ul>\n<p data-start=\"2124\" data-end=\"2284\">Ce go\u00fbt garantit que chaque vapotage est une exp\u00e9rience rafra\u00eechissante et vivifiante, particuli\u00e8rement agr\u00e9able par temps chaud ou apr\u00e8s un repas.<\/p>\n<h3 data-start=\"2291\" data-end=\"2327\">FAQ \u2013 Questions fr\u00e9quemment pos\u00e9es<\/h3>\n<h4 data-start=\"2329\" data-end=\"2389\">1. Qu'est-ce qui rend la NEXA Ultra 50K Cool Mint sp\u00e9ciale ?<\/h4>\n<p data-start=\"2390\" data-end=\"2448\">La NEXA Ultra 50K Cool Mint se distingue par ses :<\/p>\n<ul data-start=\"2450\" data-end=\"2734\">\n<li data-start=\"2450\" data-end=\"2494\">50 000 bouff\u00e9es pour un plaisir durable<\/li>\n<li data-start=\"2495\" data-end=\"2589\">Technologie \u00e0 double mode : choisissez entre mode Normal ou Turbo pour une vapotage personnalis\u00e9<\/li>\n<li data-start=\"2590\" data-end=\"2643\">Charge rapide USB-C pour une recharge rapide<\/li>\n<li data-start=\"2644\" data-end=\"2734\">R\u00e9servoirs en cristal transparents permettant un contr\u00f4le facile du niveau de liquide<\/li>\n<\/ul>\n<h4 data-start=\"2736\" data-end=\"2782\">2. Quel est le go\u00fbt de l'\u00e9dition Cool Mint ?<\/h4>\n<p data-start=\"2783\" data-end=\"2883\">L'\u00e9dition Cool Mint offre une exp\u00e9rience de vapotage rafra\u00eechissante, parfaite pour les amateurs de menthe :<\/p>\n<ul data-start=\"2885\" data-end=\"3110\">\n<li data-start=\"2885\" data-end=\"2944\">Menthe fra\u00eeche pour une sensation agr\u00e9able et fra\u00eeche<\/li>\n<li data-start=\"2945\" data-end=\"3027\">Menthol intensifie l'exp\u00e9rience de vapotage et ajoute une fra\u00eecheur suppl\u00e9mentaire<\/li>\n<li data-start=\"3028\" data-end=\"3110\">Un go\u00fbt rafra\u00eechissant et frais, id\u00e9al pour une utilisation quotidienne<\/li>\n<\/ul>\n<h4 data-start=\"3112\" data-end=\"3152\">3. Qu'est-ce que le syst\u00e8me \u00e0 double mode ?<\/h4>\n<p data-start=\"3153\" data-end=\"3239\">La NEXA Ultra 50K offre deux modes, permettant d'ajuster l'exp\u00e9rience de vapotage selon vos pr\u00e9f\u00e9rences :<\/p>\n<ul data-start=\"3241\" data-end=\"3388\">\n<li data-start=\"3241\" data-end=\"3312\">Mode Normal (50 bouff\u00e9es) : pour une utilisation plus longue et r\u00e9guli\u00e8re<\/li>\n<li data-start=\"3313\" data-end=\"3388\">Mode Turbo (30K bouff\u00e9es) : Pour une vapeur plus intense et une saveur renforc\u00e9e<\/li>\n<\/ul>\n<h4 data-start=\"3390\" data-end=\"3452\">4. Combien de temps dure la batterie et comment la recharger ?<\/h4>\n<ul data-start=\"3453\" data-end=\"3655\">\n<li data-start=\"3453\" data-end=\"3502\">Batterie de 800 mAh : offre une longue dur\u00e9e de vie<\/li>\n<li data-start=\"3503\" data-end=\"3568\">Charge rapide USB-C : pour une recharge rapide et pratique<\/li>\n<li data-start=\"3569\" data-end=\"3655\">L'indicateur de niveau de batterie sur l'\u00e9cran 3D permet de contr\u00f4ler la batterie \u00e0 tout moment<\/li>\n<\/ul>\n<h4 data-start=\"3657\" data-end=\"3721\">5. Quels sont les avantages du r\u00e9servoir en cristal transparent ?<\/h4>\n<p data-start=\"3722\" data-end=\"3750\">Le r\u00e9servoir en cristal offre :<\/p>\n<ul data-start=\"3752\" data-end=\"3905\">\n<li data-start=\"3752\" data-end=\"3795\">Une vue claire du niveau de liquide<\/li>\n<li data-start=\"3796\" data-end=\"3843\">Un design \u00e9l\u00e9gant et une utilisation pratique<\/li>\n<li data-start=\"3844\" data-end=\"3905\">Transparence pour surveiller la consommation de liquide<\/li>\n<\/ul>\n<h4 data-start=\"3907\" data-end=\"3968\">6. Pour qui est adapt\u00e9 la NEXA Ultra 50K Cool Mint ?<\/h4>\n<ul data-start=\"3969\" data-end=\"4271\">\n<li data-start=\"3969\" data-end=\"4043\">Amateurs de menthe cherchant une exp\u00e9rience de vapotage rafra\u00eechissante et fra\u00eeche<\/li>\n<li data-start=\"4044\" data-end=\"4114\">Vapeurs intensifs n\u00e9cessitant un produit avec une grande capacit\u00e9 de bouff\u00e9es<\/li>\n<li data-start=\"4115\" data-end=\"4200\">D\u00e9butants recherchant une cigarette \u00e9lectronique simple \u00e0 utiliser et performante<\/li>\n<li data-start=\"4201\" data-end=\"4271\">Revendeurs souhaitant proposer un produit haut de gamme \u00e0 leurs clients<\/li>\n<\/ul>\n<h4 data-start=\"4273\" data-end=\"4326\">7. Qu'est-ce qui rend l'\u00e9cran incurv\u00e9 3D sp\u00e9cial ?<\/h4>\n<p data-start=\"4327\" data-end=\"4360\">L'\u00e9cran incurv\u00e9 3D offre :<\/p>\n<ul data-start=\"4362\" data-end=\"4572\">\n<li data-start=\"4362\" data-end=\"4444\">Une interface conviviale pour le suivi du niveau de batterie et de liquide<\/li>\n<li data-start=\"4445\" data-end=\"4509\">Affichage du mode actif : choisissez entre Normal et Turbo<\/li>\n<li data-start=\"4510\" data-end=\"4572\">Utilisation confortable avec un affichage clair et bien visible<\/li>\n<\/ul>\n<h4 data-start=\"4574\" data-end=\"4633\">8. La NEXA Ultra 50K Cool Mint en vaut-elle la peine ?<\/h4>\n<p data-start=\"4634\" data-end=\"4815\">Oui, la <strong><a href=\"https:\/\/vapingnet.de\/fr\/nexa-ultra-50000-puffs\/\">NEXA Ultra 50K bouff\u00e9es<\/a><\/strong> Cool Mint est un excellent choix pour tous ceux qui recherchent une exp\u00e9rience de vapotage rafra\u00eechissante, durable et intense. Elle offre :<\/p>\n<ul data-start=\"4817\" data-end=\"5132\">\n<li data-start=\"4817\" data-end=\"4866\">50 000 bouff\u00e9es pour une vape longue dur\u00e9e<\/li>\n<li data-start=\"4867\" data-end=\"4941\">Un syst\u00e8me \u00e0 double mode pour personnaliser l'exp\u00e9rience de vapotage<\/li>\n<li data-start=\"4942\" data-end=\"5019\">Menthe fra\u00eeche et menthol pour une saveur rafra\u00eechissante et revigorante<\/li>\n<li data-start=\"5020\" data-end=\"5132\">Recharge rapide USB-C et un \u00e9cran transparent pour surveiller facilement le niveau de liquide et la batterie<\/li>\n<\/ul>\n<p data-start=\"5134\" data-end=\"5280\" data-is-last-node=\"\" data-is-only-node=\"\">Ceux qui recherchent une exp\u00e9rience de vapotage innovante, puissante et rafra\u00eechissante feront de la NEXA Ultra 50K Cool Mint leur choix parfait.<\/p>","protected":false},"excerpt":{"rendered":"<p>NEXA Ultra 50K Puff Einweg E-Zigarette \u2013 Cool Mint Edition Die NEXA Ultra 50K Cool Mint ist die perfekte Wahl f\u00fcr Dampfer, die ein erfrischendes&#8230;<\/p>","protected":false},"featured_media":5713,"template":"","meta":[],"etheme_brands":[],"product_brand":[],"product_cat":[67,49,61],"product_tag":[],"class_list":{"0":"post-5733","1":"product","2":"type-product","3":"status-publish","4":"has-post-thumbnail","6":"product_cat-50k-vape","7":"product_cat-einweg-e-zigarette","8":"product_cat-f","10":"first","11":"outofstock","12":"shipping-taxable","13":"purchasable","14":"product-type-variable"},"yoast_head":"<!-- This site is optimized with the Yoast SEO plugin v26.5 - https:\/\/yoast.com\/wordpress\/plugins\/seo\/ -->\n<title>NEXA Ultra 50K Cool Mint Frische Minze Menthol und sorgen f\u00fcr ein erfrischendes Raucherlebnis | Vapingnet.de<\/title>\n<meta name=\"description\" content=\"Die NEXA Ultra 50K Cool Mint bietet 50000 Z\u00fcge, frische Minze, Menthol und USB-C-Schnellladung f\u00fcr ein erfrischendes Dampferlebnis.\" \/>\n<meta name=\"robots\" content=\"index, follow, max-snippet:-1, max-image-preview:large, max-video-preview:-1\" \/>\n<link rel=\"canonical\" href=\"https:\/\/vapingnet.de\/fr\/vape\/nexa-ultra-50k-cool-mint-frische-minze-menthol-und-sorgen-fuer-ein-erfrischendes-raucherlebnis\/\" \/>\n<meta property=\"og:locale\" content=\"fr_FR\" \/>\n<meta property=\"og:type\" content=\"article\" \/>\n<meta property=\"og:title\" content=\"NEXA Ultra 50K Cool Mint Frische Minze Menthol und sorgen f\u00fcr ein erfrischendes Raucherlebnis | Vapingnet.de\" \/>\n<meta property=\"og:description\" content=\"Die NEXA Ultra 50K Cool Mint bietet 50000 Z\u00fcge, frische Minze, Menthol und USB-C-Schnellladung f\u00fcr ein erfrischendes Dampferlebnis.\" \/>\n<meta property=\"og:url\" content=\"https:\/\/vapingnet.de\/fr\/vape\/nexa-ultra-50k-cool-mint-frische-minze-menthol-und-sorgen-fuer-ein-erfrischendes-raucherlebnis\/\" \/>\n<meta property=\"og:site_name\" content=\"Vapingnet.de\" \/>\n<meta property=\"article:publisher\" content=\"https:\/\/www.facebook.com\/vapingnetde\/\" \/>\n<meta property=\"article:modified_time\" content=\"2026-04-14T06:41:05+00:00\" \/>\n<meta property=\"og:image\" content=\"https:\/\/vapingnet.de\/wp-content\/uploads\/2025\/03\/50K_COOL_MINT-1.png\" \/>\n\t<meta property=\"og:image:width\" content=\"1000\" \/>\n\t<meta property=\"og:image:height\" content=\"1000\" \/>\n\t<meta property=\"og:image:type\" content=\"image\/png\" \/>\n<meta name=\"twitter:card\" content=\"summary_large_image\" \/>\n<meta name=\"twitter:label1\" content=\"Dur\u00e9e de lecture estim\u00e9e\" \/>\n\t<meta name=\"twitter:data1\" content=\"4 minutes\" \/>\n<script type=\"application\/ld+json\" class=\"yoast-schema-graph\">{\"@context\":\"https:\/\/schema.org\",\"@graph\":[{\"@type\":\"WebPage\",\"@id\":\"https:\/\/vapingnet.de\/vape\/nexa-ultra-50k-cool-mint-frische-minze-menthol-und-sorgen-fuer-ein-erfrischendes-raucherlebnis\/\",\"url\":\"https:\/\/vapingnet.de\/vape\/nexa-ultra-50k-cool-mint-frische-minze-menthol-und-sorgen-fuer-ein-erfrischendes-raucherlebnis\/\",\"name\":\"NEXA Ultra 50K Cool Mint Frische Minze Menthol und sorgen f\u00fcr ein erfrischendes Raucherlebnis | Vapingnet.de\",\"isPartOf\":{\"@id\":\"https:\/\/vapingnet.de\/#website\"},\"primaryImageOfPage\":{\"@id\":\"https:\/\/vapingnet.de\/vape\/nexa-ultra-50k-cool-mint-frische-minze-menthol-und-sorgen-fuer-ein-erfrischendes-raucherlebnis\/#primaryimage\"},\"image\":{\"@id\":\"https:\/\/vapingnet.de\/vape\/nexa-ultra-50k-cool-mint-frische-minze-menthol-und-sorgen-fuer-ein-erfrischendes-raucherlebnis\/#primaryimage\"},\"thumbnailUrl\":\"https:\/\/vapingnet.de\/wp-content\/uploads\/2025\/03\/50K_COOL_MINT-1.png\",\"datePublished\":\"2025-03-19T05:38:12+00:00\",\"dateModified\":\"2026-04-14T06:41:05+00:00\",\"description\":\"Die NEXA Ultra 50K Cool Mint bietet 50000 Z\u00fcge, frische Minze, Menthol und USB-C-Schnellladung f\u00fcr ein erfrischendes Dampferlebnis.\",\"breadcrumb\":{\"@id\":\"https:\/\/vapingnet.de\/vape\/nexa-ultra-50k-cool-mint-frische-minze-menthol-und-sorgen-fuer-ein-erfrischendes-raucherlebnis\/#breadcrumb\"},\"inLanguage\":\"fr-FR\",\"potentialAction\":[{\"@type\":\"ReadAction\",\"target\":[\"https:\/\/vapingnet.de\/vape\/nexa-ultra-50k-cool-mint-frische-minze-menthol-und-sorgen-fuer-ein-erfrischendes-raucherlebnis\/\"]}]},{\"@type\":\"ImageObject\",\"inLanguage\":\"fr-FR\",\"@id\":\"https:\/\/vapingnet.de\/vape\/nexa-ultra-50k-cool-mint-frische-minze-menthol-und-sorgen-fuer-ein-erfrischendes-raucherlebnis\/#primaryimage\",\"url\":\"https:\/\/vapingnet.de\/wp-content\/uploads\/2025\/03\/50K_COOL_MINT-1.png\",\"contentUrl\":\"https:\/\/vapingnet.de\/wp-content\/uploads\/2025\/03\/50K_COOL_MINT-1.png\",\"width\":1000,\"height\":1000},{\"@type\":\"BreadcrumbList\",\"@id\":\"https:\/\/vapingnet.de\/vape\/nexa-ultra-50k-cool-mint-frische-minze-menthol-und-sorgen-fuer-ein-erfrischendes-raucherlebnis\/#breadcrumb\",\"itemListElement\":[{\"@type\":\"ListItem\",\"position\":1,\"name\":\"Home\",\"item\":\"https:\/\/vapingnet.de\/\"},{\"@type\":\"ListItem\",\"position\":2,\"name\":\"Shop\",\"item\":\"https:\/\/vapingnet.de\/vape\/\"},{\"@type\":\"ListItem\",\"position\":3,\"name\":\"NEXA Ultra 50K Cool Mint Frische Minze Menthol und sorgen f\u00fcr ein erfrischendes Raucherlebnis\"}]},{\"@type\":\"WebSite\",\"@id\":\"https:\/\/vapingnet.de\/#website\",\"url\":\"https:\/\/vapingnet.de\/\",\"name\":\"Vapingnet.de\",\"description\":\"\",\"publisher\":{\"@id\":\"https:\/\/vapingnet.de\/#organization\"},\"potentialAction\":[{\"@type\":\"SearchAction\",\"target\":{\"@type\":\"EntryPoint\",\"urlTemplate\":\"https:\/\/vapingnet.de\/?s={search_term_string}\"},\"query-input\":{\"@type\":\"PropertyValueSpecification\",\"valueRequired\":true,\"valueName\":\"search_term_string\"}}],\"inLanguage\":\"fr-FR\"},{\"@type\":\"Organization\",\"@id\":\"https:\/\/vapingnet.de\/#organization\",\"name\":\"Vapingnet.de\",\"url\":\"https:\/\/vapingnet.de\/\",\"logo\":{\"@type\":\"ImageObject\",\"inLanguage\":\"fr-FR\",\"@id\":\"https:\/\/vapingnet.de\/#\/schema\/logo\/image\/\",\"url\":\"https:\/\/vapingnet.de\/wp-content\/uploads\/2025\/03\/cropped-vapingnet.de_.jpg\",\"contentUrl\":\"https:\/\/vapingnet.de\/wp-content\/uploads\/2025\/03\/cropped-vapingnet.de_.jpg\",\"width\":512,\"height\":512,\"caption\":\"Vapingnet.de\"},\"image\":{\"@id\":\"https:\/\/vapingnet.de\/#\/schema\/logo\/image\/\"},\"sameAs\":[\"https:\/\/www.facebook.com\/vapingnetde\/\"]}]}<\/script>\n<!-- \/ Yoast SEO plugin. -->","yoast_head_json":{"title":"NEXA Ultra 50K Cool Mint Frische Minze Menthol und sorgen f\u00fcr ein erfrischendes Raucherlebnis | Vapingnet.de","description":"Die NEXA Ultra 50K Cool Mint bietet 50000 Z\u00fcge, frische Minze, Menthol und USB-C-Schnellladung f\u00fcr ein erfrischendes Dampferlebnis.","robots":{"index":"index","follow":"follow","max-snippet":"max-snippet:-1","max-image-preview":"max-image-preview:large","max-video-preview":"max-video-preview:-1"},"canonical":"https:\/\/vapingnet.de\/fr\/vape\/nexa-ultra-50k-cool-mint-frische-minze-menthol-und-sorgen-fuer-ein-erfrischendes-raucherlebnis\/","og_locale":"fr_FR","og_type":"article","og_title":"NEXA Ultra 50K Cool Mint Frische Minze Menthol und sorgen f\u00fcr ein erfrischendes Raucherlebnis | Vapingnet.de","og_description":"Die NEXA Ultra 50K Cool Mint bietet 50000 Z\u00fcge, frische Minze, Menthol und USB-C-Schnellladung f\u00fcr ein erfrischendes Dampferlebnis.","og_url":"https:\/\/vapingnet.de\/fr\/vape\/nexa-ultra-50k-cool-mint-frische-minze-menthol-und-sorgen-fuer-ein-erfrischendes-raucherlebnis\/","og_site_name":"Vapingnet.de","article_publisher":"https:\/\/www.facebook.com\/vapingnetde\/","article_modified_time":"2026-04-14T06:41:05+00:00","og_image":[{"width":1000,"height":1000,"url":"https:\/\/vapingnet.de\/wp-content\/uploads\/2025\/03\/50K_COOL_MINT-1.png","type":"image\/png"}],"twitter_card":"summary_large_image","twitter_misc":{"Dur\u00e9e de lecture estim\u00e9e":"4 minutes"},"schema":{"@context":"https:\/\/schema.org","@graph":[{"@type":"WebPage","@id":"https:\/\/vapingnet.de\/vape\/nexa-ultra-50k-cool-mint-frische-minze-menthol-und-sorgen-fuer-ein-erfrischendes-raucherlebnis\/","url":"https:\/\/vapingnet.de\/vape\/nexa-ultra-50k-cool-mint-frische-minze-menthol-und-sorgen-fuer-ein-erfrischendes-raucherlebnis\/","name":"NEXA Ultra 50K Cool Mint Frische Minze Menthol und sorgen f\u00fcr ein erfrischendes Raucherlebnis | Vapingnet.de","isPartOf":{"@id":"https:\/\/vapingnet.de\/#website"},"primaryImageOfPage":{"@id":"https:\/\/vapingnet.de\/vape\/nexa-ultra-50k-cool-mint-frische-minze-menthol-und-sorgen-fuer-ein-erfrischendes-raucherlebnis\/#primaryimage"},"image":{"@id":"https:\/\/vapingnet.de\/vape\/nexa-ultra-50k-cool-mint-frische-minze-menthol-und-sorgen-fuer-ein-erfrischendes-raucherlebnis\/#primaryimage"},"thumbnailUrl":"https:\/\/vapingnet.de\/wp-content\/uploads\/2025\/03\/50K_COOL_MINT-1.png","datePublished":"2025-03-19T05:38:12+00:00","dateModified":"2026-04-14T06:41:05+00:00","description":"Die NEXA Ultra 50K Cool Mint bietet 50000 Z\u00fcge, frische Minze, Menthol und USB-C-Schnellladung f\u00fcr ein erfrischendes Dampferlebnis.","breadcrumb":{"@id":"https:\/\/vapingnet.de\/vape\/nexa-ultra-50k-cool-mint-frische-minze-menthol-und-sorgen-fuer-ein-erfrischendes-raucherlebnis\/#breadcrumb"},"inLanguage":"fr-FR","potentialAction":[{"@type":"ReadAction","target":["https:\/\/vapingnet.de\/vape\/nexa-ultra-50k-cool-mint-frische-minze-menthol-und-sorgen-fuer-ein-erfrischendes-raucherlebnis\/"]}]},{"@type":"ImageObject","inLanguage":"fr-FR","@id":"https:\/\/vapingnet.de\/vape\/nexa-ultra-50k-cool-mint-frische-minze-menthol-und-sorgen-fuer-ein-erfrischendes-raucherlebnis\/#primaryimage","url":"https:\/\/vapingnet.de\/wp-content\/uploads\/2025\/03\/50K_COOL_MINT-1.png","contentUrl":"https:\/\/vapingnet.de\/wp-content\/uploads\/2025\/03\/50K_COOL_MINT-1.png","width":1000,"height":1000},{"@type":"BreadcrumbList","@id":"https:\/\/vapingnet.de\/vape\/nexa-ultra-50k-cool-mint-frische-minze-menthol-und-sorgen-fuer-ein-erfrischendes-raucherlebnis\/#breadcrumb","itemListElement":[{"@type":"ListItem","position":1,"name":"Home","item":"https:\/\/vapingnet.de\/"},{"@type":"ListItem","position":2,"name":"Shop","item":"https:\/\/vapingnet.de\/vape\/"},{"@type":"ListItem","position":3,"name":"NEXA Ultra 50K Cool Mint Frische Minze Menthol und sorgen f\u00fcr ein erfrischendes Raucherlebnis"}]},{"@type":"WebSite","@id":"https:\/\/vapingnet.de\/#website","url":"https:\/\/vapingnet.de\/","name":"Vapingnet.de","description":"","publisher":{"@id":"https:\/\/vapingnet.de\/#organization"},"potentialAction":[{"@type":"SearchAction","target":{"@type":"EntryPoint","urlTemplate":"https:\/\/vapingnet.de\/?s={search_term_string}"},"query-input":{"@type":"PropertyValueSpecification","valueRequired":true,"valueName":"search_term_string"}}],"inLanguage":"fr-FR"},{"@type":"Organization","@id":"https:\/\/vapingnet.de\/#organization","name":"Vapingnet.de","url":"https:\/\/vapingnet.de\/","logo":{"@type":"ImageObject","inLanguage":"fr-FR","@id":"https:\/\/vapingnet.de\/#\/schema\/logo\/image\/","url":"https:\/\/vapingnet.de\/wp-content\/uploads\/2025\/03\/cropped-vapingnet.de_.jpg","contentUrl":"https:\/\/vapingnet.de\/wp-content\/uploads\/2025\/03\/cropped-vapingnet.de_.jpg","width":512,"height":512,"caption":"Vapingnet.de"},"image":{"@id":"https:\/\/vapingnet.de\/#\/schema\/logo\/image\/"},"sameAs":["https:\/\/www.facebook.com\/vapingnetde\/"]}]}},"tiered_pricing_type":"fixed","tiered_pricing_fixed_rules":[],"tiered_pricing_product_settings":{"layout":"default","base_unit_name":{"singular":null,"plural":null},"default_variation":null},"tiered_pricing_minimum_quantity":null,"tiered_pricing_roles_data":[],"tiered_pricing_percentage_rules":[],"_links":{"self":[{"href":"https:\/\/vapingnet.de\/fr\/wp-json\/wp\/v2\/product\/5733","targetHints":{"allow":["GET"]}}],"collection":[{"href":"https:\/\/vapingnet.de\/fr\/wp-json\/wp\/v2\/product"}],"about":[{"href":"https:\/\/vapingnet.de\/fr\/wp-json\/wp\/v2\/types\/product"}],"version-history":[{"count":3,"href":"https:\/\/vapingnet.de\/fr\/wp-json\/wp\/v2\/product\/5733\/revisions"}],"predecessor-version":[{"id":5761,"href":"https:\/\/vapingnet.de\/fr\/wp-json\/wp\/v2\/product\/5733\/revisions\/5761"}],"wp:featuredmedia":[{"embeddable":true,"href":"https:\/\/vapingnet.de\/fr\/wp-json\/wp\/v2\/media\/5713"}],"wp:attachment":[{"href":"https:\/\/vapingnet.de\/fr\/wp-json\/wp\/v2\/media?parent=5733"}],"wp:term":[{"taxonomy":"brand","embeddable":true,"href":"https:\/\/vapingnet.de\/fr\/wp-json\/wp\/v2\/etheme_brands?post=5733"},{"taxonomy":"product_brand","embeddable":true,"href":"https:\/\/vapingnet.de\/fr\/wp-json\/wp\/v2\/product_brand?post=5733"},{"taxonomy":"product_cat","embeddable":true,"href":"https:\/\/vapingnet.de\/fr\/wp-json\/wp\/v2\/product_cat?post=5733"},{"taxonomy":"product_tag","embeddable":true,"href":"https:\/\/vapingnet.de\/fr\/wp-json\/wp\/v2\/product_tag?post=5733"}],"curies":[{"name":"wp","href":"https:\/\/api.w.org\/{rel}","templated":true}]}}