{"id":5739,"date":"2025-03-19T05:38:19","date_gmt":"2025-03-19T05:38:19","guid":{"rendered":"https:\/\/vapingnet.de\/?post_type=product&#038;p=5739"},"modified":"2026-04-14T06:41:05","modified_gmt":"2026-04-14T06:41:05","slug":"sonnengereifte-mangos-mit-einem-hauch-tropischer-frische-nexa-ultra-50k-und-mango-oasis","status":"publish","type":"product","link":"https:\/\/vapingnet.de\/fr\/vape\/sonnengereifte-mangos-mit-einem-hauch-tropischer-frische-nexa-ultra-50k-und-mango-oasis\/","title":{"rendered":"Mangues m\u00fbries au soleil avec une touche de fra\u00eecheur tropicale NEXA Ultra 50K et Mango Oasis"},"content":{"rendered":"<h2 data-start=\"0\" data-end=\"90\">NEXA Ultra 50K Puff Cigarette \u00c9lectronique Jetable Innovation rencontre le plaisir tropical<\/h2>\n<p data-start=\"92\" data-end=\"518\">La NEXA Ultra 50K Puff <strong><a href=\"https:\/\/vapingnet.de\/fr\/k\/einweg-e-zigarette\/\">cigarette \u00e9lectronique jetable<\/a><\/strong> est le choix parfait pour les vapoteurs exigeants qui privil\u00e9gient une performance exceptionnelle, un design moderne et une saveur intense. Avec une capacit\u00e9 impressionnante de Puff de <strong><a href=\"https:\/\/vapingnet.de\/fr\/k\/50k-vape\/\">50k vapote<\/a><\/strong>, un r\u00e9servoir en cristal visible de 20 ml de liquide et une technologie d'affichage 3D incurv\u00e9 de pointe, cet appareil \u00e9tablit de nouvelles normes dans le domaine des cigarettes \u00e9lectroniques jetables.<\/p>\n<h3 data-start=\"520\" data-end=\"588\">Performance maximale \u2013 Deux modes pour une vape personnalis\u00e9e<\/h3>\n<p data-start=\"589\" data-end=\"754\">La NEXA Ultra offre non seulement un nombre de bouff\u00e9es extr\u00eamement \u00e9lev\u00e9, mais aussi deux modes de vapeur diff\u00e9rents pour adapter l'exp\u00e9rience de vapotage aux pr\u00e9f\u00e9rences personnelles :<\/p>\n<ul data-start=\"755\" data-end=\"1051\">\n<li data-start=\"755\" data-end=\"894\">Mode Normal (50K Puff) \u2013 Assure une production de vapeur r\u00e9guli\u00e8re avec une autonomie optimale de la batterie et un d\u00e9veloppement doux des saveurs.<\/li>\n<li data-start=\"895\" data-end=\"1051\">Mode Turbo (30K Puff) \u2013 Pour une vapeur plus intense et une saveur plus prononc\u00e9e, id\u00e9al pour les vapoteurs qui souhaitent profiter pleinement de l'ar\u00f4me en une seule fois.<\/li>\n<\/ul>\n<p data-start=\"1053\" data-end=\"1217\">Gr\u00e2ce \u00e0 cette configuration flexible, la NEXA Ultra 50K se distingue des vapoteuses jetables classiques et permet un contr\u00f4le individuel de l'exp\u00e9rience de vapotage.<\/p>\n<h3 data-start=\"1219\" data-end=\"1289\">R\u00e9servoir en cristal transparent \u2013 Vue claire sur le niveau de liquide<\/h3>\n<p data-start=\"1290\" data-end=\"1596\">Un point fort de la NEXA Ultra est son r\u00e9servoir en cristal visible de 20 ml. Ce design innovant permet de v\u00e9rifier le niveau de liquide \u00e0 tout moment, afin de savoir exactement quand il est n\u00e9cessaire de le remplir \u2013 m\u00eame si, avec une capacit\u00e9 de 50 000 bouff\u00e9es, cela sera probablement rare.<\/p>\n<p data-start=\"1598\" data-end=\"1774\">L'effet cristal conf\u00e8re \u00e9galement une apparence \u00e9l\u00e9gante et donne \u00e0 l'appareil un look futuriste unique, qui se distingue nettement des autres cigarettes \u00e9lectroniques jetables.<\/p>\n<h3 data-start=\"1776\" data-end=\"1850\">Saveur : Mango Oasis \u2013 Plaisir tropical \u00e0 chaque bouff\u00e9e<\/h3>\n<p data-start=\"1851\" data-end=\"2020\">Les <strong><a href=\"https:\/\/vapingnet.de\/fr\/nexa-ultra-50000-puffs\/\">NEXA Ultra 50K bouff\u00e9es<\/a><\/strong> Disponible dans la variante unique Mango Oasis \u2013 un go\u00fbt tropical et sucr\u00e9 qui \u00e9voque la sensation d\u2019un paradis ensoleill\u00e9.<\/p>\n<p data-start=\"2022\" data-end=\"2302\">\u00c0 chaque inhalation, l\u2019ar\u00f4me d\u2019une mangue m\u00fbre et juteuse se d\u00e9ploie, parfaitement \u00e9quilibr\u00e9 par une fra\u00eecheur subtile. Cette exp\u00e9rience de vapotage exotique et rafra\u00eechissante est id\u00e9ale pour les amateurs de saveurs fruit\u00e9es et apporte une touche de soleil tropical dans le quotidien.<\/p>\n<p data-start=\"2304\" data-end=\"2456\">La force de nicotine 5 % procure une sensation de nicotine agr\u00e9able mais puissante, satisfaisant aussi bien les d\u00e9butants que les vapoteurs exp\u00e9riment\u00e9s.<\/p>\n<h3 data-start=\"2458\" data-end=\"2518\">Affichage 3D incurv\u00e9 ultra moderne pour un contr\u00f4le total<\/h3>\n<p data-start=\"2519\" data-end=\"2860\">La NEXA Ultra 50K dispose d\u2019un affichage innovant en 3D incurv\u00e9, qui affiche toutes les informations importantes de mani\u00e8re claire :<br data-start=\"2645\" data-end=\"2648\" \/>Niveau de batterie \u2013 Savoir toujours quand une recharge est n\u00e9cessaire.<br data-start=\"2710\" data-end=\"2713\" \/>Niveau de liquide \u2013 Toujours visible gr\u00e2ce au design transparent du r\u00e9servoir.<br data-start=\"2783\" data-end=\"2786\" \/>Affichage du mode \u2013 Facile de passer entre le mode Normal et Turbo.<\/p>\n<p data-start=\"2862\" data-end=\"2976\">Le design en verre courb\u00e9 conf\u00e8re \u00e0 la cigarette \u00e9lectronique une apparence \u00e9l\u00e9gante et la distingue des mod\u00e8les classiques.<\/p>\n<h3 data-start=\"2978\" data-end=\"3041\">Batterie puissante de 800 mAh avec charge rapide USB-C<\/h3>\n<p data-start=\"3042\" data-end=\"3312\">Gr\u00e2ce \u00e0 la batterie de 800 mAh, la NEXA Ultra offre une autonomie exceptionnelle. Si la batterie venait \u00e0 s'\u00e9puiser, la fonction de charge rapide USB-C permet une recharge rapide et simple \u2013 ainsi, l'appareil est rapidement pr\u00eat \u00e0 l'emploi.<\/p>\n<p data-start=\"3314\" data-end=\"3424\">Gr\u00e2ce \u00e0 la technologie \u00e9co\u00e9nerg\u00e9tique, la performance reste stable, que ce soit en mode normal ou turbo.<\/p>\n<h3 data-start=\"3426\" data-end=\"3479\">Utilisation simple \u2013 Parfait pour le quotidien<\/h3>\n<p data-start=\"3480\" data-end=\"3703\">Comme il se doit pour une cigarette \u00e9lectronique jetable moderne, la NEXA Ultra est activ\u00e9e par inhalation, c\u2019est-\u00e0-dire qu\u2019elle s\u2019allume simplement en tirant sur le embout \u2013 pas besoin d\u2019appuyer sur des boutons, ni de r\u00e9glages compliqu\u00e9s.<\/p>\n<p data-start=\"3705\" data-end=\"3805\">La conception compacte assure un confort optimal, que ce soit en d\u00e9placement, au travail ou \u00e0 la maison.<\/p>\n<h3 data-start=\"3807\" data-end=\"3873\">Emballage pratique \u2013 Id\u00e9al pour les utilisateurs fr\u00e9quents et les commer\u00e7ants<\/h3>\n<p data-start=\"3874\" data-end=\"4134\">La cigarette \u00e9lectronique jetable NEXA Ultra 50K Puff est livr\u00e9e dans une bo\u00eete de 5 pi\u00e8ces. Cela en fait non seulement le choix parfait pour un usage personnel, mais aussi pour les commer\u00e7ants souhaitant offrir \u00e0 leurs clients un produit exclusif et puissant.<\/p>\n<h3 data-start=\"4136\" data-end=\"4212\">Pourquoi la NEXA Ultra 50K avec Mango Oasis est un incontournable<\/h3>\n<p data-start=\"4213\" data-end=\"4475\">Avec sa capacit\u00e9 exceptionnelle de puff, son r\u00e9servoir en cristal innovant, ses modes puissants, son \u00e9cran 3D de haute qualit\u00e9 et sa longue autonomie, la NEXA Ultra 50K Puff red\u00e9finit les standards dans le monde du vapotage.<\/p>\n<p data-start=\"4477\" data-end=\"4683\">La saveur Mango Oasis offre un \u00e9quilibre parfait entre la douceur de la mangue exotique et une fra\u00eecheur agr\u00e9able \u2013 id\u00e9ale pour ceux qui veulent savourer le go\u00fbt de l\u2019\u00e9t\u00e9 \u00e0 chaque inhalation.<\/p>\n<p data-start=\"4685\" data-end=\"4888\" data-is-last-node=\"\" data-is-only-node=\"\">Que vous soyez un vapoteur exp\u00e9riment\u00e9 ou un d\u00e9butant \u2013 la NEXA Ultra 50K Puff est l\u2019appareil parfait pour tous ceux qui recherchent une qualit\u00e9 sup\u00e9rieure, une technologie de pointe et une exp\u00e9rience gustative unique.<\/p>","protected":false},"excerpt":{"rendered":"<p>NEXA Ultra 50K Puff Einweg E-Zigarette Innovation trifft auf tropischen Genuss Die NEXA Ultra 50K Puff Einweg E-Zigarette ist die perfekte Wahl f\u00fcr anspruchsvolle Dampfer,&#8230;<\/p>","protected":false},"featured_media":5716,"template":"","meta":[],"etheme_brands":[],"product_brand":[],"product_cat":[67,49,61],"product_tag":[],"class_list":{"0":"post-5739","1":"product","2":"type-product","3":"status-publish","4":"has-post-thumbnail","6":"product_cat-50k-vape","7":"product_cat-einweg-e-zigarette","8":"product_cat-f","10":"first","11":"outofstock","12":"shipping-taxable","13":"purchasable","14":"product-type-variable"},"yoast_head":"<!-- This site is optimized with the Yoast SEO plugin v26.5 - https:\/\/yoast.com\/wordpress\/plugins\/seo\/ -->\n<title>Sonnengereifte Mangos mit einem Hauch tropischer Frische NEXA Ultra 50K und Mango Oasis | Vapingnet.de<\/title>\n<meta name=\"description\" content=\"NEXA Ultra 50K mit Mango Oasis liefert 50.000 Z\u00fcge und ein unvergleichliches Dampferlebnis \u2013 tropisch-s\u00fc\u00dfer Mangogenuss mit jeder Inhalation!\" \/>\n<meta name=\"robots\" content=\"index, follow, max-snippet:-1, max-image-preview:large, max-video-preview:-1\" \/>\n<link rel=\"canonical\" href=\"https:\/\/vapingnet.de\/fr\/vape\/sonnengereifte-mangos-mit-einem-hauch-tropischer-frische-nexa-ultra-50k-und-mango-oasis\/\" \/>\n<meta property=\"og:locale\" content=\"fr_FR\" \/>\n<meta property=\"og:type\" content=\"article\" \/>\n<meta property=\"og:title\" content=\"Sonnengereifte Mangos mit einem Hauch tropischer Frische NEXA Ultra 50K und Mango Oasis | Vapingnet.de\" \/>\n<meta property=\"og:description\" content=\"NEXA Ultra 50K mit Mango Oasis liefert 50.000 Z\u00fcge und ein unvergleichliches Dampferlebnis \u2013 tropisch-s\u00fc\u00dfer Mangogenuss mit jeder Inhalation!\" \/>\n<meta property=\"og:url\" content=\"https:\/\/vapingnet.de\/fr\/vape\/sonnengereifte-mangos-mit-einem-hauch-tropischer-frische-nexa-ultra-50k-und-mango-oasis\/\" \/>\n<meta property=\"og:site_name\" content=\"Vapingnet.de\" \/>\n<meta property=\"article:publisher\" content=\"https:\/\/www.facebook.com\/vapingnetde\/\" \/>\n<meta property=\"article:modified_time\" content=\"2026-04-14T06:41:05+00:00\" \/>\n<meta property=\"og:image\" content=\"https:\/\/vapingnet.de\/wp-content\/uploads\/2025\/03\/50K_MANGO_OASIS-1.png\" \/>\n\t<meta property=\"og:image:width\" content=\"1000\" \/>\n\t<meta property=\"og:image:height\" content=\"1000\" \/>\n\t<meta property=\"og:image:type\" content=\"image\/png\" \/>\n<meta name=\"twitter:card\" content=\"summary_large_image\" \/>\n<meta name=\"twitter:label1\" content=\"Dur\u00e9e de lecture estim\u00e9e\" \/>\n\t<meta name=\"twitter:data1\" content=\"4 minutes\" \/>\n<script type=\"application\/ld+json\" class=\"yoast-schema-graph\">{\"@context\":\"https:\/\/schema.org\",\"@graph\":[{\"@type\":\"WebPage\",\"@id\":\"https:\/\/vapingnet.de\/vape\/sonnengereifte-mangos-mit-einem-hauch-tropischer-frische-nexa-ultra-50k-und-mango-oasis\/\",\"url\":\"https:\/\/vapingnet.de\/vape\/sonnengereifte-mangos-mit-einem-hauch-tropischer-frische-nexa-ultra-50k-und-mango-oasis\/\",\"name\":\"Sonnengereifte Mangos mit einem Hauch tropischer Frische NEXA Ultra 50K und Mango Oasis | Vapingnet.de\",\"isPartOf\":{\"@id\":\"https:\/\/vapingnet.de\/#website\"},\"primaryImageOfPage\":{\"@id\":\"https:\/\/vapingnet.de\/vape\/sonnengereifte-mangos-mit-einem-hauch-tropischer-frische-nexa-ultra-50k-und-mango-oasis\/#primaryimage\"},\"image\":{\"@id\":\"https:\/\/vapingnet.de\/vape\/sonnengereifte-mangos-mit-einem-hauch-tropischer-frische-nexa-ultra-50k-und-mango-oasis\/#primaryimage\"},\"thumbnailUrl\":\"https:\/\/vapingnet.de\/wp-content\/uploads\/2025\/03\/50K_MANGO_OASIS-1.png\",\"datePublished\":\"2025-03-19T05:38:19+00:00\",\"dateModified\":\"2026-04-14T06:41:05+00:00\",\"description\":\"NEXA Ultra 50K mit Mango Oasis liefert 50.000 Z\u00fcge und ein unvergleichliches Dampferlebnis \u2013 tropisch-s\u00fc\u00dfer Mangogenuss mit jeder Inhalation!\",\"breadcrumb\":{\"@id\":\"https:\/\/vapingnet.de\/vape\/sonnengereifte-mangos-mit-einem-hauch-tropischer-frische-nexa-ultra-50k-und-mango-oasis\/#breadcrumb\"},\"inLanguage\":\"fr-FR\",\"potentialAction\":[{\"@type\":\"ReadAction\",\"target\":[\"https:\/\/vapingnet.de\/vape\/sonnengereifte-mangos-mit-einem-hauch-tropischer-frische-nexa-ultra-50k-und-mango-oasis\/\"]}]},{\"@type\":\"ImageObject\",\"inLanguage\":\"fr-FR\",\"@id\":\"https:\/\/vapingnet.de\/vape\/sonnengereifte-mangos-mit-einem-hauch-tropischer-frische-nexa-ultra-50k-und-mango-oasis\/#primaryimage\",\"url\":\"https:\/\/vapingnet.de\/wp-content\/uploads\/2025\/03\/50K_MANGO_OASIS-1.png\",\"contentUrl\":\"https:\/\/vapingnet.de\/wp-content\/uploads\/2025\/03\/50K_MANGO_OASIS-1.png\",\"width\":1000,\"height\":1000},{\"@type\":\"BreadcrumbList\",\"@id\":\"https:\/\/vapingnet.de\/vape\/sonnengereifte-mangos-mit-einem-hauch-tropischer-frische-nexa-ultra-50k-und-mango-oasis\/#breadcrumb\",\"itemListElement\":[{\"@type\":\"ListItem\",\"position\":1,\"name\":\"Home\",\"item\":\"https:\/\/vapingnet.de\/\"},{\"@type\":\"ListItem\",\"position\":2,\"name\":\"Shop\",\"item\":\"https:\/\/vapingnet.de\/vape\/\"},{\"@type\":\"ListItem\",\"position\":3,\"name\":\"Sonnengereifte Mangos mit einem Hauch tropischer Frische NEXA Ultra 50K und Mango Oasis\"}]},{\"@type\":\"WebSite\",\"@id\":\"https:\/\/vapingnet.de\/#website\",\"url\":\"https:\/\/vapingnet.de\/\",\"name\":\"Vapingnet.de\",\"description\":\"\",\"publisher\":{\"@id\":\"https:\/\/vapingnet.de\/#organization\"},\"potentialAction\":[{\"@type\":\"SearchAction\",\"target\":{\"@type\":\"EntryPoint\",\"urlTemplate\":\"https:\/\/vapingnet.de\/?s={search_term_string}\"},\"query-input\":{\"@type\":\"PropertyValueSpecification\",\"valueRequired\":true,\"valueName\":\"search_term_string\"}}],\"inLanguage\":\"fr-FR\"},{\"@type\":\"Organization\",\"@id\":\"https:\/\/vapingnet.de\/#organization\",\"name\":\"Vapingnet.de\",\"url\":\"https:\/\/vapingnet.de\/\",\"logo\":{\"@type\":\"ImageObject\",\"inLanguage\":\"fr-FR\",\"@id\":\"https:\/\/vapingnet.de\/#\/schema\/logo\/image\/\",\"url\":\"https:\/\/vapingnet.de\/wp-content\/uploads\/2025\/03\/cropped-vapingnet.de_.jpg\",\"contentUrl\":\"https:\/\/vapingnet.de\/wp-content\/uploads\/2025\/03\/cropped-vapingnet.de_.jpg\",\"width\":512,\"height\":512,\"caption\":\"Vapingnet.de\"},\"image\":{\"@id\":\"https:\/\/vapingnet.de\/#\/schema\/logo\/image\/\"},\"sameAs\":[\"https:\/\/www.facebook.com\/vapingnetde\/\"]}]}<\/script>\n<!-- \/ Yoast SEO plugin. -->","yoast_head_json":{"title":"Sonnengereifte Mangos mit einem Hauch tropischer Frische NEXA Ultra 50K und Mango Oasis | Vapingnet.de","description":"NEXA Ultra 50K mit Mango Oasis liefert 50.000 Z\u00fcge und ein unvergleichliches Dampferlebnis \u2013 tropisch-s\u00fc\u00dfer Mangogenuss mit jeder Inhalation!","robots":{"index":"index","follow":"follow","max-snippet":"max-snippet:-1","max-image-preview":"max-image-preview:large","max-video-preview":"max-video-preview:-1"},"canonical":"https:\/\/vapingnet.de\/fr\/vape\/sonnengereifte-mangos-mit-einem-hauch-tropischer-frische-nexa-ultra-50k-und-mango-oasis\/","og_locale":"fr_FR","og_type":"article","og_title":"Sonnengereifte Mangos mit einem Hauch tropischer Frische NEXA Ultra 50K und Mango Oasis | Vapingnet.de","og_description":"NEXA Ultra 50K mit Mango Oasis liefert 50.000 Z\u00fcge und ein unvergleichliches Dampferlebnis \u2013 tropisch-s\u00fc\u00dfer Mangogenuss mit jeder Inhalation!","og_url":"https:\/\/vapingnet.de\/fr\/vape\/sonnengereifte-mangos-mit-einem-hauch-tropischer-frische-nexa-ultra-50k-und-mango-oasis\/","og_site_name":"Vapingnet.de","article_publisher":"https:\/\/www.facebook.com\/vapingnetde\/","article_modified_time":"2026-04-14T06:41:05+00:00","og_image":[{"width":1000,"height":1000,"url":"https:\/\/vapingnet.de\/wp-content\/uploads\/2025\/03\/50K_MANGO_OASIS-1.png","type":"image\/png"}],"twitter_card":"summary_large_image","twitter_misc":{"Dur\u00e9e de lecture estim\u00e9e":"4 minutes"},"schema":{"@context":"https:\/\/schema.org","@graph":[{"@type":"WebPage","@id":"https:\/\/vapingnet.de\/vape\/sonnengereifte-mangos-mit-einem-hauch-tropischer-frische-nexa-ultra-50k-und-mango-oasis\/","url":"https:\/\/vapingnet.de\/vape\/sonnengereifte-mangos-mit-einem-hauch-tropischer-frische-nexa-ultra-50k-und-mango-oasis\/","name":"Sonnengereifte Mangos mit einem Hauch tropischer Frische NEXA Ultra 50K und Mango Oasis | Vapingnet.de","isPartOf":{"@id":"https:\/\/vapingnet.de\/#website"},"primaryImageOfPage":{"@id":"https:\/\/vapingnet.de\/vape\/sonnengereifte-mangos-mit-einem-hauch-tropischer-frische-nexa-ultra-50k-und-mango-oasis\/#primaryimage"},"image":{"@id":"https:\/\/vapingnet.de\/vape\/sonnengereifte-mangos-mit-einem-hauch-tropischer-frische-nexa-ultra-50k-und-mango-oasis\/#primaryimage"},"thumbnailUrl":"https:\/\/vapingnet.de\/wp-content\/uploads\/2025\/03\/50K_MANGO_OASIS-1.png","datePublished":"2025-03-19T05:38:19+00:00","dateModified":"2026-04-14T06:41:05+00:00","description":"NEXA Ultra 50K mit Mango Oasis liefert 50.000 Z\u00fcge und ein unvergleichliches Dampferlebnis \u2013 tropisch-s\u00fc\u00dfer Mangogenuss mit jeder Inhalation!","breadcrumb":{"@id":"https:\/\/vapingnet.de\/vape\/sonnengereifte-mangos-mit-einem-hauch-tropischer-frische-nexa-ultra-50k-und-mango-oasis\/#breadcrumb"},"inLanguage":"fr-FR","potentialAction":[{"@type":"ReadAction","target":["https:\/\/vapingnet.de\/vape\/sonnengereifte-mangos-mit-einem-hauch-tropischer-frische-nexa-ultra-50k-und-mango-oasis\/"]}]},{"@type":"ImageObject","inLanguage":"fr-FR","@id":"https:\/\/vapingnet.de\/vape\/sonnengereifte-mangos-mit-einem-hauch-tropischer-frische-nexa-ultra-50k-und-mango-oasis\/#primaryimage","url":"https:\/\/vapingnet.de\/wp-content\/uploads\/2025\/03\/50K_MANGO_OASIS-1.png","contentUrl":"https:\/\/vapingnet.de\/wp-content\/uploads\/2025\/03\/50K_MANGO_OASIS-1.png","width":1000,"height":1000},{"@type":"BreadcrumbList","@id":"https:\/\/vapingnet.de\/vape\/sonnengereifte-mangos-mit-einem-hauch-tropischer-frische-nexa-ultra-50k-und-mango-oasis\/#breadcrumb","itemListElement":[{"@type":"ListItem","position":1,"name":"Home","item":"https:\/\/vapingnet.de\/"},{"@type":"ListItem","position":2,"name":"Shop","item":"https:\/\/vapingnet.de\/vape\/"},{"@type":"ListItem","position":3,"name":"Sonnengereifte Mangos mit einem Hauch tropischer Frische NEXA Ultra 50K und Mango Oasis"}]},{"@type":"WebSite","@id":"https:\/\/vapingnet.de\/#website","url":"https:\/\/vapingnet.de\/","name":"Vapingnet.de","description":"","publisher":{"@id":"https:\/\/vapingnet.de\/#organization"},"potentialAction":[{"@type":"SearchAction","target":{"@type":"EntryPoint","urlTemplate":"https:\/\/vapingnet.de\/?s={search_term_string}"},"query-input":{"@type":"PropertyValueSpecification","valueRequired":true,"valueName":"search_term_string"}}],"inLanguage":"fr-FR"},{"@type":"Organization","@id":"https:\/\/vapingnet.de\/#organization","name":"Vapingnet.de","url":"https:\/\/vapingnet.de\/","logo":{"@type":"ImageObject","inLanguage":"fr-FR","@id":"https:\/\/vapingnet.de\/#\/schema\/logo\/image\/","url":"https:\/\/vapingnet.de\/wp-content\/uploads\/2025\/03\/cropped-vapingnet.de_.jpg","contentUrl":"https:\/\/vapingnet.de\/wp-content\/uploads\/2025\/03\/cropped-vapingnet.de_.jpg","width":512,"height":512,"caption":"Vapingnet.de"},"image":{"@id":"https:\/\/vapingnet.de\/#\/schema\/logo\/image\/"},"sameAs":["https:\/\/www.facebook.com\/vapingnetde\/"]}]}},"tiered_pricing_type":"fixed","tiered_pricing_fixed_rules":[],"tiered_pricing_product_settings":{"layout":"default","base_unit_name":{"singular":null,"plural":null},"default_variation":null},"tiered_pricing_minimum_quantity":null,"tiered_pricing_roles_data":[],"tiered_pricing_percentage_rules":[],"_links":{"self":[{"href":"https:\/\/vapingnet.de\/fr\/wp-json\/wp\/v2\/product\/5739","targetHints":{"allow":["GET"]}}],"collection":[{"href":"https:\/\/vapingnet.de\/fr\/wp-json\/wp\/v2\/product"}],"about":[{"href":"https:\/\/vapingnet.de\/fr\/wp-json\/wp\/v2\/types\/product"}],"version-history":[{"count":1,"href":"https:\/\/vapingnet.de\/fr\/wp-json\/wp\/v2\/product\/5739\/revisions"}],"predecessor-version":[{"id":5765,"href":"https:\/\/vapingnet.de\/fr\/wp-json\/wp\/v2\/product\/5739\/revisions\/5765"}],"wp:featuredmedia":[{"embeddable":true,"href":"https:\/\/vapingnet.de\/fr\/wp-json\/wp\/v2\/media\/5716"}],"wp:attachment":[{"href":"https:\/\/vapingnet.de\/fr\/wp-json\/wp\/v2\/media?parent=5739"}],"wp:term":[{"taxonomy":"brand","embeddable":true,"href":"https:\/\/vapingnet.de\/fr\/wp-json\/wp\/v2\/etheme_brands?post=5739"},{"taxonomy":"product_brand","embeddable":true,"href":"https:\/\/vapingnet.de\/fr\/wp-json\/wp\/v2\/product_brand?post=5739"},{"taxonomy":"product_cat","embeddable":true,"href":"https:\/\/vapingnet.de\/fr\/wp-json\/wp\/v2\/product_cat?post=5739"},{"taxonomy":"product_tag","embeddable":true,"href":"https:\/\/vapingnet.de\/fr\/wp-json\/wp\/v2\/product_tag?post=5739"}],"curies":[{"name":"wp","href":"https:\/\/api.w.org\/{rel}","templated":true}]}}