{"id":5745,"date":"2025-03-19T05:38:25","date_gmt":"2025-03-19T05:38:25","guid":{"rendered":"https:\/\/vapingnet.de\/?post_type=product&#038;p=5745"},"modified":"2026-04-14T06:41:05","modified_gmt":"2026-04-14T06:41:05","slug":"nexa-ultra-50k-erdbeer-banane-fruchtiges-dampferlebnis-suesse-erdbeere-und-cremige-banane-fuer-ein-erfrischendes-erlebnis","status":"publish","type":"product","link":"https:\/\/vapingnet.de\/fr\/vape\/nexa-ultra-50k-erdbeer-banane-fruchtiges-dampferlebnis-suesse-erdbeere-und-cremige-banane-fuer-ein-erfrischendes-erlebnis\/","title":{"rendered":"NEXA Ultra 50K Fraise Banane Exp\u00e9rience de vapotage fruit\u00e9e Douce fraise et banane cr\u00e9meuse pour une exp\u00e9rience rafra\u00eechissante"},"content":{"rendered":"<h2 data-start=\"100\" data-end=\"165\">NEXA Ultra 50K Puff Cigarette \u00c9lectronique Jetable : Fraise Banane<\/h2>\n<p data-start=\"167\" data-end=\"511\">La NEXA Ultra 50K offre une excellente combinaison de performance impressionnante et de saveur d\u00e9licieuse. Si vous \u00eates un amateur d'ar\u00f4mes fruit\u00e9s, alors la variante \u00ab Fraise Banane \u00bb est exactement ce que vous recherchez. Elle allie la douceur des fraises et la cr\u00e9meuse de la banane pour offrir une exp\u00e9rience de vapotage unique.<\/p>\n<div class=\"overflow-x-auto contain-inline-size\">\n<table data-start=\"513\" data-end=\"3166\">\n<thead data-start=\"513\" data-end=\"688\">\n<tr data-start=\"513\" data-end=\"688\">\n<th data-start=\"513\" data-end=\"544\">Caract\u00e9ristique<\/th>\n<th data-start=\"544\" data-end=\"688\">D\u00e9tails<\/th>\n<\/tr>\n<\/thead>\n<tbody data-start=\"865\" data-end=\"3166\">\n<tr data-start=\"865\" data-end=\"1041\">\n<td>Mod\u00e8le<\/td>\n<td>Cigarette \u00c9lectronique Jetable NEXA Ultra 50K Puff<\/td>\n<\/tr>\n<tr data-start=\"1042\" data-end=\"1218\">\n<td>Saveur<\/td>\n<td>Fraise Banane (Fraise &amp; Banane)<\/td>\n<\/tr>\n<tr data-start=\"1219\" data-end=\"1395\">\n<td>Capacit\u00e9 de Puff<\/td>\n<td>50 000 bouff\u00e9es<\/td>\n<\/tr>\n<tr data-start=\"1396\" data-end=\"1571\">\n<td>Force de Nicotine<\/td>\n<td>5%<\/td>\n<\/tr>\n<tr data-start=\"1572\" data-end=\"1748\">\n<td>R\u00e9servoir de E-Liquide<\/td>\n<td>R\u00e9servoir en cristal transparent de 20 ml<\/td>\n<\/tr>\n<tr data-start=\"1749\" data-end=\"1925\">\n<td>Capacit\u00e9 de la Batterie<\/td>\n<td>800 mAh (Charge rapide USB-C)<\/td>\n<\/tr>\n<tr data-start=\"1926\" data-end=\"2102\">\n<td>Modes de vapeur<\/td>\n<td>Deux modes :<\/td>\n<\/tr>\n<tr data-start=\"2103\" data-end=\"2278\">\n<td><\/td>\n<td>\u2013 Mode Normal : 50 000 bouff\u00e9es, exp\u00e9rience gustative douce<\/td>\n<\/tr>\n<tr data-start=\"2279\" data-end=\"2452\">\n<td><\/td>\n<td>\u2013 Mode Turbo : 30 000 bouff\u00e9es, vapeur et saveur plus intenses<\/td>\n<\/tr>\n<tr data-start=\"2453\" data-end=\"2629\">\n<td>Affichage<\/td>\n<td>\u00c9cran incurv\u00e9 3D, affiche le niveau de batterie, le niveau de liquide et le mode<\/td>\n<\/tr>\n<tr data-start=\"2630\" data-end=\"2806\">\n<td>Activation<\/td>\n<td>Activation par tirage (Il suffit de tirer pour commencer la vapote)<\/td>\n<\/tr>\n<tr data-start=\"2807\" data-end=\"2986\">\n<td>Unit\u00e9 d'emballage<\/td>\n<td>5 pi\u00e8ces par bo\u00eete<\/td>\n<\/tr>\n<tr data-start=\"2987\" data-end=\"3166\">\n<td>Description de l'ar\u00f4me<\/td>\n<td>Un m\u00e9lange harmonieux de la douceur des fraises et de la cr\u00e8me de la banane, offrant une exp\u00e9rience de vapotage fruit\u00e9e et agr\u00e9able.<\/td>\n<\/tr>\n<\/tbody>\n<\/table>\n<\/div>\n<h3 data-start=\"3173\" data-end=\"3221\">1. Exp\u00e9rience gustative : Fraise &amp; Banane<\/h3>\n<p data-start=\"3223\" data-end=\"3615\">La variante \u00ab Strawberry Banana \u00bb combine la fra\u00eecheur sucr\u00e9e des fraises avec la douceur cr\u00e9meuse de la banane pour une exp\u00e9rience fruit\u00e9e d\u00e9licieuse. La fraise apporte une saveur sucr\u00e9e intense, tandis que la banane compl\u00e8te l'exp\u00e9rience de vapotage avec une texture douce, presque cr\u00e9meuse. Le go\u00fbt reste toujours frais et \u00e9quilibr\u00e9 \u2013 pas trop sucr\u00e9, mais tr\u00e8s agr\u00e9able.<\/p>\n<p data-start=\"3617\" data-end=\"3919\">La fraise apporte une fra\u00eecheur sucr\u00e9e, presque acidul\u00e9e, tandis que la banane, avec sa note cr\u00e9meuse et exotique, assure un \u00e9quilibre harmonieux. Chaque tirage offre un m\u00e9lange uniforme de ces deux notes fruit\u00e9es, garantissant une exp\u00e9rience gustative coh\u00e9rente et durable.<\/p>\n<h3 data-start=\"3921\" data-end=\"3965\">2. 50 000 tirages \u2013 Longue dur\u00e9e d'utilisation<\/h3>\n<p data-start=\"3967\" data-end=\"4343\">Les <strong><a href=\"https:\/\/vapingnet.de\/fr\/k\/50k-vape\/\">50k vapote<\/a><\/strong>\u00a0de NEXA Ultra 50K sont plus que suffisants pour une consommation prolong\u00e9e. Avec un r\u00e9servoir en cristal de 20 ml, vous pouvez profiter de la variante \u00ab Strawberry Banana \u00bb sur une longue p\u00e9riode. Le r\u00e9servoir transparent permet un contr\u00f4le facile du niveau de liquide, afin que vous sachiez toujours quand il est temps de recharger ou de remplir l'appareil.<\/p>\n<h3 data-start=\"4345\" data-end=\"4395\">3. Technologie \u00e0 double mode pour plus de flexibilit\u00e9<\/h3>\n<p data-start=\"4397\" data-end=\"4488\">Avec la technologie \u00e0 double mode, la NEXA Ultra 50K offre une exp\u00e9rience de vapotage personnalisable :<\/p>\n<ul data-start=\"4490\" data-end=\"4898\">\n<li data-start=\"4490\" data-end=\"4672\">\n<p data-start=\"4492\" data-end=\"4672\">Mode Normal (50K bouff\u00e9es) : Ce mode est con\u00e7u pour une exp\u00e9rience de vapotage r\u00e9guli\u00e8re et douce. Les ar\u00f4mes de \u00ab Strawberry Banana \u00bb se d\u00e9ploient subtilement et durablement.<\/p>\n<\/li>\n<li data-start=\"4676\" data-end=\"4898\">\n<p data-start=\"4678\" data-end=\"4898\">Mode Turbo (30K bouff\u00e9es) : Pour une vapeur plus intense et un go\u00fbt plus fort. Dans ce mode, la vapeur devient plus dense et le go\u00fbt fruit\u00e9 encore plus intense, id\u00e9al pour les vapoteurs recherchant une exp\u00e9rience plus puissante.<\/p>\n<\/li>\n<\/ul>\n<h3 data-start=\"4900\" data-end=\"4949\">4. \u00c9cran incurv\u00e9 3D pour une utilisation facile<\/h3>\n<p data-start=\"4951\" data-end=\"5305\">L'\u00e9cran incurv\u00e9 3D de la NEXA Ultra 50K affiche des informations importantes dans un design moderne et \u00e9l\u00e9gant. Il indique le niveau de batterie, le niveau de liquide et le mode de vapotage actuel, vous permettant de rester toujours inform\u00e9. L'\u00e9cran clair et lisible garantit que vous ne serez jamais dans l'ombre concernant l'\u00e9tat de votre appareil.<\/p>\n<h3 data-start=\"5307\" data-end=\"5358\">5. Charge rapide USB-C pour une utilisation rapide<\/h3>\n<p data-start=\"5360\" data-end=\"5587\">Gr\u00e2ce \u00e0 la batterie de 800 mAh et \u00e0 la charge rapide USB-C, vous pouvez recharger rapidement l'appareil et l'utiliser imm\u00e9diatement. Le processus de charge rapide garantit que vous n'avez jamais \u00e0 attendre longtemps pour votre prochaine s\u00e9ance de vapotage.<\/p>\n<h3 data-start=\"5589\" data-end=\"5644\">6. Facilit\u00e9 d'utilisation \u2013 Parfait pour le quotidien<\/h3>\n<p data-start=\"5646\" data-end=\"5995\">La NEXA Ultra 50K est activ\u00e9e par aspiration, ce qui signifie qu'elle s'allume automatiquement d\u00e8s que vous tirez dessus. Vous n'avez pas besoin d'appuyer sur un bouton pour commencer \u00e0 vapoter \u2013 il suffit de tirer et de profiter. Cette fonction conviviale rend l'appareil id\u00e9al pour tous ceux qui recherchent une solution simple et rapide pour leur compagnon de vapotage.<\/p>\n<h3 data-start=\"5997\" data-end=\"6054\">7. Emballage parfait pour les d\u00e9taillants et les utilisateurs intensifs<\/h3>\n<p data-start=\"6056\" data-end=\"6387\">La NEXA Ultra 50K est livr\u00e9e dans une bo\u00eete de 5 pi\u00e8ces, ce qui la rend attrayante \u00e0 la fois pour le stockage personnel et pour les d\u00e9taillants. Cette taille d'emballage permet d'acheter et de vendre le produit de mani\u00e8re rentable, tandis que sa grande capacit\u00e9 de bouff\u00e9e rend le produit particuli\u00e8rement int\u00e9ressant pour les utilisateurs intensifs.<\/p>\n<h3 data-start=\"6389\" data-end=\"6455\">8. Pourquoi la NEXA Ultra 50K Strawberry Banana est un incontournable<\/h3>\n<p data-start=\"6457\" data-end=\"7048\">En r\u00e9sum\u00e9, la <strong><a href=\"https:\/\/vapingnet.de\/fr\/nexa-ultra-50000-puffs\/\">NEXA Ultra 50K bouff\u00e9es<\/a><\/strong> Strawberry Banana, gr\u00e2ce \u00e0 sa capacit\u00e9 impressionnante de bouff\u00e9es et \u00e0 son go\u00fbt fruit\u00e9, est un excellent choix pour les vapoteurs qui recherchent \u00e0 la fois durabilit\u00e9 et plaisir intense. Le go\u00fbt de fraise et de banane est parfaitement \u00e9quilibr\u00e9 et offre une exp\u00e9rience rafra\u00eechissante et fruit\u00e9e \u00e0 chaque tirage. Son design moderne, la technologie \u00e0 double mode et l'\u00e9cran incurv\u00e9 3D font de la NEXA Ultra 50K un appareil qui s\u00e9duit tant par sa technologie que par son go\u00fbt.<\/p>\n<p data-start=\"7050\" data-end=\"7287\">Pour les vapoteurs \u00e0 la recherche d'une exp\u00e9rience gustative fruit\u00e9e durable, soutenue par la technologie et la convivialit\u00e9, la NEXA Ultra 50K Strawberry Banana est d\u00e9finitivement le bon choix.<\/p>","protected":false},"excerpt":{"rendered":"<p>NEXA Ultra 50K Puff Einweg E-Zigarette: Strawberry Banana Die NEXA Ultra 50K bietet eine gro\u00dfartige Kombination aus beeindruckender Leistung und k\u00f6stlichem Geschmack. Wenn Sie ein&#8230;<\/p>","protected":false},"featured_media":5719,"template":"","meta":[],"etheme_brands":[],"product_brand":[],"product_cat":[67,49,61],"product_tag":[],"class_list":{"0":"post-5745","1":"product","2":"type-product","3":"status-publish","4":"has-post-thumbnail","6":"product_cat-50k-vape","7":"product_cat-einweg-e-zigarette","8":"product_cat-f","10":"first","11":"outofstock","12":"shipping-taxable","13":"purchasable","14":"product-type-variable"},"yoast_head":"<!-- This site is optimized with the Yoast SEO plugin v26.5 - https:\/\/yoast.com\/wordpress\/plugins\/seo\/ -->\n<title>NEXA Ultra 50K Erdbeer Banane Fruchtiges Dampferlebnis S\u00fc\u00dfe Erdbeere und cremige Banane f\u00fcr ein erfrischendes Erlebnis | Vapingnet.de<\/title>\n<meta name=\"description\" content=\"NEXA Ultra 50K Strawberry Banana bietet die perfekte Mischung aus s\u00fc\u00dfer Erdbeere und cremiger Banane f\u00fcr ein erfrischendes, fruchtiges Dampferlebnis.\" \/>\n<meta name=\"robots\" content=\"index, follow, max-snippet:-1, max-image-preview:large, max-video-preview:-1\" \/>\n<link rel=\"canonical\" href=\"https:\/\/vapingnet.de\/fr\/vape\/nexa-ultra-50k-erdbeer-banane-fruchtiges-dampferlebnis-suesse-erdbeere-und-cremige-banane-fuer-ein-erfrischendes-erlebnis\/\" \/>\n<meta property=\"og:locale\" content=\"fr_FR\" \/>\n<meta property=\"og:type\" content=\"article\" \/>\n<meta property=\"og:title\" content=\"NEXA Ultra 50K Erdbeer Banane Fruchtiges Dampferlebnis S\u00fc\u00dfe Erdbeere und cremige Banane f\u00fcr ein erfrischendes Erlebnis | Vapingnet.de\" \/>\n<meta property=\"og:description\" content=\"NEXA Ultra 50K Strawberry Banana bietet die perfekte Mischung aus s\u00fc\u00dfer Erdbeere und cremiger Banane f\u00fcr ein erfrischendes, fruchtiges Dampferlebnis.\" \/>\n<meta property=\"og:url\" content=\"https:\/\/vapingnet.de\/fr\/vape\/nexa-ultra-50k-erdbeer-banane-fruchtiges-dampferlebnis-suesse-erdbeere-und-cremige-banane-fuer-ein-erfrischendes-erlebnis\/\" \/>\n<meta property=\"og:site_name\" content=\"Vapingnet.de\" \/>\n<meta property=\"article:publisher\" content=\"https:\/\/www.facebook.com\/vapingnetde\/\" \/>\n<meta property=\"article:modified_time\" content=\"2026-04-14T06:41:05+00:00\" \/>\n<meta property=\"og:image\" content=\"https:\/\/vapingnet.de\/wp-content\/uploads\/2025\/03\/50K_STRAWBERRY_BANANA-1.png\" \/>\n\t<meta property=\"og:image:width\" content=\"1000\" \/>\n\t<meta property=\"og:image:height\" content=\"1000\" \/>\n\t<meta property=\"og:image:type\" content=\"image\/png\" \/>\n<meta name=\"twitter:card\" content=\"summary_large_image\" \/>\n<meta name=\"twitter:label1\" content=\"Dur\u00e9e de lecture estim\u00e9e\" \/>\n\t<meta name=\"twitter:data1\" content=\"5 minutes\" \/>\n<script type=\"application\/ld+json\" class=\"yoast-schema-graph\">{\"@context\":\"https:\/\/schema.org\",\"@graph\":[{\"@type\":\"WebPage\",\"@id\":\"https:\/\/vapingnet.de\/vape\/nexa-ultra-50k-erdbeer-banane-fruchtiges-dampferlebnis-suesse-erdbeere-und-cremige-banane-fuer-ein-erfrischendes-erlebnis\/\",\"url\":\"https:\/\/vapingnet.de\/vape\/nexa-ultra-50k-erdbeer-banane-fruchtiges-dampferlebnis-suesse-erdbeere-und-cremige-banane-fuer-ein-erfrischendes-erlebnis\/\",\"name\":\"NEXA Ultra 50K Erdbeer Banane Fruchtiges Dampferlebnis S\u00fc\u00dfe Erdbeere und cremige Banane f\u00fcr ein erfrischendes Erlebnis | Vapingnet.de\",\"isPartOf\":{\"@id\":\"https:\/\/vapingnet.de\/#website\"},\"primaryImageOfPage\":{\"@id\":\"https:\/\/vapingnet.de\/vape\/nexa-ultra-50k-erdbeer-banane-fruchtiges-dampferlebnis-suesse-erdbeere-und-cremige-banane-fuer-ein-erfrischendes-erlebnis\/#primaryimage\"},\"image\":{\"@id\":\"https:\/\/vapingnet.de\/vape\/nexa-ultra-50k-erdbeer-banane-fruchtiges-dampferlebnis-suesse-erdbeere-und-cremige-banane-fuer-ein-erfrischendes-erlebnis\/#primaryimage\"},\"thumbnailUrl\":\"https:\/\/vapingnet.de\/wp-content\/uploads\/2025\/03\/50K_STRAWBERRY_BANANA-1.png\",\"datePublished\":\"2025-03-19T05:38:25+00:00\",\"dateModified\":\"2026-04-14T06:41:05+00:00\",\"description\":\"NEXA Ultra 50K Strawberry Banana bietet die perfekte Mischung aus s\u00fc\u00dfer Erdbeere und cremiger Banane f\u00fcr ein erfrischendes, fruchtiges Dampferlebnis.\",\"breadcrumb\":{\"@id\":\"https:\/\/vapingnet.de\/vape\/nexa-ultra-50k-erdbeer-banane-fruchtiges-dampferlebnis-suesse-erdbeere-und-cremige-banane-fuer-ein-erfrischendes-erlebnis\/#breadcrumb\"},\"inLanguage\":\"fr-FR\",\"potentialAction\":[{\"@type\":\"ReadAction\",\"target\":[\"https:\/\/vapingnet.de\/vape\/nexa-ultra-50k-erdbeer-banane-fruchtiges-dampferlebnis-suesse-erdbeere-und-cremige-banane-fuer-ein-erfrischendes-erlebnis\/\"]}]},{\"@type\":\"ImageObject\",\"inLanguage\":\"fr-FR\",\"@id\":\"https:\/\/vapingnet.de\/vape\/nexa-ultra-50k-erdbeer-banane-fruchtiges-dampferlebnis-suesse-erdbeere-und-cremige-banane-fuer-ein-erfrischendes-erlebnis\/#primaryimage\",\"url\":\"https:\/\/vapingnet.de\/wp-content\/uploads\/2025\/03\/50K_STRAWBERRY_BANANA-1.png\",\"contentUrl\":\"https:\/\/vapingnet.de\/wp-content\/uploads\/2025\/03\/50K_STRAWBERRY_BANANA-1.png\",\"width\":1000,\"height\":1000},{\"@type\":\"BreadcrumbList\",\"@id\":\"https:\/\/vapingnet.de\/vape\/nexa-ultra-50k-erdbeer-banane-fruchtiges-dampferlebnis-suesse-erdbeere-und-cremige-banane-fuer-ein-erfrischendes-erlebnis\/#breadcrumb\",\"itemListElement\":[{\"@type\":\"ListItem\",\"position\":1,\"name\":\"Home\",\"item\":\"https:\/\/vapingnet.de\/\"},{\"@type\":\"ListItem\",\"position\":2,\"name\":\"Shop\",\"item\":\"https:\/\/vapingnet.de\/vape\/\"},{\"@type\":\"ListItem\",\"position\":3,\"name\":\"NEXA Ultra 50K Erdbeer Banane Fruchtiges Dampferlebnis S\u00fc\u00dfe Erdbeere und cremige Banane f\u00fcr ein erfrischendes Erlebnis\"}]},{\"@type\":\"WebSite\",\"@id\":\"https:\/\/vapingnet.de\/#website\",\"url\":\"https:\/\/vapingnet.de\/\",\"name\":\"Vapingnet.de\",\"description\":\"\",\"publisher\":{\"@id\":\"https:\/\/vapingnet.de\/#organization\"},\"potentialAction\":[{\"@type\":\"SearchAction\",\"target\":{\"@type\":\"EntryPoint\",\"urlTemplate\":\"https:\/\/vapingnet.de\/?s={search_term_string}\"},\"query-input\":{\"@type\":\"PropertyValueSpecification\",\"valueRequired\":true,\"valueName\":\"search_term_string\"}}],\"inLanguage\":\"fr-FR\"},{\"@type\":\"Organization\",\"@id\":\"https:\/\/vapingnet.de\/#organization\",\"name\":\"Vapingnet.de\",\"url\":\"https:\/\/vapingnet.de\/\",\"logo\":{\"@type\":\"ImageObject\",\"inLanguage\":\"fr-FR\",\"@id\":\"https:\/\/vapingnet.de\/#\/schema\/logo\/image\/\",\"url\":\"https:\/\/vapingnet.de\/wp-content\/uploads\/2025\/03\/cropped-vapingnet.de_.jpg\",\"contentUrl\":\"https:\/\/vapingnet.de\/wp-content\/uploads\/2025\/03\/cropped-vapingnet.de_.jpg\",\"width\":512,\"height\":512,\"caption\":\"Vapingnet.de\"},\"image\":{\"@id\":\"https:\/\/vapingnet.de\/#\/schema\/logo\/image\/\"},\"sameAs\":[\"https:\/\/www.facebook.com\/vapingnetde\/\"]}]}<\/script>\n<!-- \/ Yoast SEO plugin. -->","yoast_head_json":{"title":"NEXA Ultra 50K Erdbeer Banane Fruchtiges Dampferlebnis S\u00fc\u00dfe Erdbeere und cremige Banane f\u00fcr ein erfrischendes Erlebnis | Vapingnet.de","description":"NEXA Ultra 50K Strawberry Banana bietet die perfekte Mischung aus s\u00fc\u00dfer Erdbeere und cremiger Banane f\u00fcr ein erfrischendes, fruchtiges Dampferlebnis.","robots":{"index":"index","follow":"follow","max-snippet":"max-snippet:-1","max-image-preview":"max-image-preview:large","max-video-preview":"max-video-preview:-1"},"canonical":"https:\/\/vapingnet.de\/fr\/vape\/nexa-ultra-50k-erdbeer-banane-fruchtiges-dampferlebnis-suesse-erdbeere-und-cremige-banane-fuer-ein-erfrischendes-erlebnis\/","og_locale":"fr_FR","og_type":"article","og_title":"NEXA Ultra 50K Erdbeer Banane Fruchtiges Dampferlebnis S\u00fc\u00dfe Erdbeere und cremige Banane f\u00fcr ein erfrischendes Erlebnis | Vapingnet.de","og_description":"NEXA Ultra 50K Strawberry Banana bietet die perfekte Mischung aus s\u00fc\u00dfer Erdbeere und cremiger Banane f\u00fcr ein erfrischendes, fruchtiges Dampferlebnis.","og_url":"https:\/\/vapingnet.de\/fr\/vape\/nexa-ultra-50k-erdbeer-banane-fruchtiges-dampferlebnis-suesse-erdbeere-und-cremige-banane-fuer-ein-erfrischendes-erlebnis\/","og_site_name":"Vapingnet.de","article_publisher":"https:\/\/www.facebook.com\/vapingnetde\/","article_modified_time":"2026-04-14T06:41:05+00:00","og_image":[{"width":1000,"height":1000,"url":"https:\/\/vapingnet.de\/wp-content\/uploads\/2025\/03\/50K_STRAWBERRY_BANANA-1.png","type":"image\/png"}],"twitter_card":"summary_large_image","twitter_misc":{"Dur\u00e9e de lecture estim\u00e9e":"5 minutes"},"schema":{"@context":"https:\/\/schema.org","@graph":[{"@type":"WebPage","@id":"https:\/\/vapingnet.de\/vape\/nexa-ultra-50k-erdbeer-banane-fruchtiges-dampferlebnis-suesse-erdbeere-und-cremige-banane-fuer-ein-erfrischendes-erlebnis\/","url":"https:\/\/vapingnet.de\/vape\/nexa-ultra-50k-erdbeer-banane-fruchtiges-dampferlebnis-suesse-erdbeere-und-cremige-banane-fuer-ein-erfrischendes-erlebnis\/","name":"NEXA Ultra 50K Erdbeer Banane Fruchtiges Dampferlebnis S\u00fc\u00dfe Erdbeere und cremige Banane f\u00fcr ein erfrischendes Erlebnis | Vapingnet.de","isPartOf":{"@id":"https:\/\/vapingnet.de\/#website"},"primaryImageOfPage":{"@id":"https:\/\/vapingnet.de\/vape\/nexa-ultra-50k-erdbeer-banane-fruchtiges-dampferlebnis-suesse-erdbeere-und-cremige-banane-fuer-ein-erfrischendes-erlebnis\/#primaryimage"},"image":{"@id":"https:\/\/vapingnet.de\/vape\/nexa-ultra-50k-erdbeer-banane-fruchtiges-dampferlebnis-suesse-erdbeere-und-cremige-banane-fuer-ein-erfrischendes-erlebnis\/#primaryimage"},"thumbnailUrl":"https:\/\/vapingnet.de\/wp-content\/uploads\/2025\/03\/50K_STRAWBERRY_BANANA-1.png","datePublished":"2025-03-19T05:38:25+00:00","dateModified":"2026-04-14T06:41:05+00:00","description":"NEXA Ultra 50K Strawberry Banana bietet die perfekte Mischung aus s\u00fc\u00dfer Erdbeere und cremiger Banane f\u00fcr ein erfrischendes, fruchtiges Dampferlebnis.","breadcrumb":{"@id":"https:\/\/vapingnet.de\/vape\/nexa-ultra-50k-erdbeer-banane-fruchtiges-dampferlebnis-suesse-erdbeere-und-cremige-banane-fuer-ein-erfrischendes-erlebnis\/#breadcrumb"},"inLanguage":"fr-FR","potentialAction":[{"@type":"ReadAction","target":["https:\/\/vapingnet.de\/vape\/nexa-ultra-50k-erdbeer-banane-fruchtiges-dampferlebnis-suesse-erdbeere-und-cremige-banane-fuer-ein-erfrischendes-erlebnis\/"]}]},{"@type":"ImageObject","inLanguage":"fr-FR","@id":"https:\/\/vapingnet.de\/vape\/nexa-ultra-50k-erdbeer-banane-fruchtiges-dampferlebnis-suesse-erdbeere-und-cremige-banane-fuer-ein-erfrischendes-erlebnis\/#primaryimage","url":"https:\/\/vapingnet.de\/wp-content\/uploads\/2025\/03\/50K_STRAWBERRY_BANANA-1.png","contentUrl":"https:\/\/vapingnet.de\/wp-content\/uploads\/2025\/03\/50K_STRAWBERRY_BANANA-1.png","width":1000,"height":1000},{"@type":"BreadcrumbList","@id":"https:\/\/vapingnet.de\/vape\/nexa-ultra-50k-erdbeer-banane-fruchtiges-dampferlebnis-suesse-erdbeere-und-cremige-banane-fuer-ein-erfrischendes-erlebnis\/#breadcrumb","itemListElement":[{"@type":"ListItem","position":1,"name":"Home","item":"https:\/\/vapingnet.de\/"},{"@type":"ListItem","position":2,"name":"Shop","item":"https:\/\/vapingnet.de\/vape\/"},{"@type":"ListItem","position":3,"name":"NEXA Ultra 50K Erdbeer Banane Fruchtiges Dampferlebnis S\u00fc\u00dfe Erdbeere und cremige Banane f\u00fcr ein erfrischendes Erlebnis"}]},{"@type":"WebSite","@id":"https:\/\/vapingnet.de\/#website","url":"https:\/\/vapingnet.de\/","name":"Vapingnet.de","description":"","publisher":{"@id":"https:\/\/vapingnet.de\/#organization"},"potentialAction":[{"@type":"SearchAction","target":{"@type":"EntryPoint","urlTemplate":"https:\/\/vapingnet.de\/?s={search_term_string}"},"query-input":{"@type":"PropertyValueSpecification","valueRequired":true,"valueName":"search_term_string"}}],"inLanguage":"fr-FR"},{"@type":"Organization","@id":"https:\/\/vapingnet.de\/#organization","name":"Vapingnet.de","url":"https:\/\/vapingnet.de\/","logo":{"@type":"ImageObject","inLanguage":"fr-FR","@id":"https:\/\/vapingnet.de\/#\/schema\/logo\/image\/","url":"https:\/\/vapingnet.de\/wp-content\/uploads\/2025\/03\/cropped-vapingnet.de_.jpg","contentUrl":"https:\/\/vapingnet.de\/wp-content\/uploads\/2025\/03\/cropped-vapingnet.de_.jpg","width":512,"height":512,"caption":"Vapingnet.de"},"image":{"@id":"https:\/\/vapingnet.de\/#\/schema\/logo\/image\/"},"sameAs":["https:\/\/www.facebook.com\/vapingnetde\/"]}]}},"tiered_pricing_type":"fixed","tiered_pricing_fixed_rules":[],"tiered_pricing_product_settings":{"layout":"default","base_unit_name":{"singular":null,"plural":null},"default_variation":null},"tiered_pricing_minimum_quantity":null,"tiered_pricing_roles_data":[],"tiered_pricing_percentage_rules":[],"_links":{"self":[{"href":"https:\/\/vapingnet.de\/fr\/wp-json\/wp\/v2\/product\/5745","targetHints":{"allow":["GET"]}}],"collection":[{"href":"https:\/\/vapingnet.de\/fr\/wp-json\/wp\/v2\/product"}],"about":[{"href":"https:\/\/vapingnet.de\/fr\/wp-json\/wp\/v2\/types\/product"}],"version-history":[{"count":1,"href":"https:\/\/vapingnet.de\/fr\/wp-json\/wp\/v2\/product\/5745\/revisions"}],"predecessor-version":[{"id":5768,"href":"https:\/\/vapingnet.de\/fr\/wp-json\/wp\/v2\/product\/5745\/revisions\/5768"}],"wp:featuredmedia":[{"embeddable":true,"href":"https:\/\/vapingnet.de\/fr\/wp-json\/wp\/v2\/media\/5719"}],"wp:attachment":[{"href":"https:\/\/vapingnet.de\/fr\/wp-json\/wp\/v2\/media?parent=5745"}],"wp:term":[{"taxonomy":"brand","embeddable":true,"href":"https:\/\/vapingnet.de\/fr\/wp-json\/wp\/v2\/etheme_brands?post=5745"},{"taxonomy":"product_brand","embeddable":true,"href":"https:\/\/vapingnet.de\/fr\/wp-json\/wp\/v2\/product_brand?post=5745"},{"taxonomy":"product_cat","embeddable":true,"href":"https:\/\/vapingnet.de\/fr\/wp-json\/wp\/v2\/product_cat?post=5745"},{"taxonomy":"product_tag","embeddable":true,"href":"https:\/\/vapingnet.de\/fr\/wp-json\/wp\/v2\/product_tag?post=5745"}],"curies":[{"name":"wp","href":"https:\/\/api.w.org\/{rel}","templated":true}]}}