{"id":5813,"date":"2025-03-24T03:18:00","date_gmt":"2025-03-24T03:18:00","guid":{"rendered":"https:\/\/vapingnet.de\/?post_type=product&#038;p=5813"},"modified":"2026-01-25T09:10:18","modified_gmt":"2026-01-25T09:10:18","slug":"bang-king-50000-puffs-blueberry-raspberry-and-mixed-berry-grosshandelspreis-und-weltweit-meistverkauft","status":"publish","type":"product","link":"https:\/\/vapingnet.de\/fr\/vape\/bang-king-50000-puffs-blueberry-raspberry-and-mixed-berry-grosshandelspreis-und-weltweit-meistverkauft\/","title":{"rendered":"Bang King 50000 bouff\u00e9es Myrtille Framboise et Baies M\u00e9lang\u00e9es Prix de gros et le plus vendu dans le monde"},"content":{"rendered":"<h2 data-start=\"0\" data-end=\"82\">Bang King 50000 Bouff\u00e9es \u2013 Plaisir durable avec double saveur de fruits<\/h2>\n<h4 data-start=\"89\" data-end=\"117\">Points forts du produit<\/h4>\n<p class=\"\" data-start=\"119\" data-end=\"633\"><strong data-start=\"122\" data-end=\"152\">Dur\u00e9e d'utilisation extr\u00eamement longue<\/strong> \u2013 Jusqu'\u00e0 50 000 bouff\u00e9es pour une exp\u00e9rience de vapotage sans souci.<br data-start=\"209\" data-end=\"212\" \/><strong data-start=\"215\" data-end=\"241\">Technologie de coil en mesh<\/strong> \u2013 La r\u00e9sistance de 1,0\u03a9 assure un chauffage uniforme et une saveur intense.<br data-start=\"313\" data-end=\"316\" \/><strong data-start=\"319\" data-end=\"348\">Double saveur de fruits<\/strong> \u2013 La douceur rafra\u00eechissante de la myrtille &amp; de la framboise combin\u00e9e \u00e0 la note fruit\u00e9e de Baies M\u00e9lang\u00e9es.<br data-start=\"449\" data-end=\"452\" \/><strong data-start=\"455\" data-end=\"470\">\u00c9cran LCD<\/strong> \u2013 Affiche en temps r\u00e9el le niveau de la batterie et le nombre de bouff\u00e9es restantes.<br data-start=\"526\" data-end=\"529\" \/><strong data-start=\"532\" data-end=\"555\">Fonction de charge Type-C<\/strong> \u2013 Batterie rechargeable de 850mAh pour une utilisation prolong\u00e9e et une charge rapide.<\/p>\n<h4 data-start=\"640\" data-end=\"664\">D\u00e9tails du produit<\/h4>\n<div class=\"overflow-x-auto contain-inline-size\">\n<table style=\"height: 313px;\" width=\"651\" data-start=\"666\" data-end=\"1318\">\n<thead data-start=\"666\" data-end=\"734\">\n<tr data-start=\"666\" data-end=\"734\">\n<th data-start=\"666\" data-end=\"690\"><strong data-start=\"668\" data-end=\"683\">Caract\u00e9ristique<\/strong><\/th>\n<th data-start=\"690\" data-end=\"734\"><strong data-start=\"692\" data-end=\"703\">D\u00e9tails<\/strong><\/th>\n<\/tr>\n<\/thead>\n<tbody data-start=\"800\" data-end=\"1318\">\n<tr data-start=\"800\" data-end=\"863\">\n<td><strong data-start=\"802\" data-end=\"819\">Z max<\/strong><\/td>\n<td>Jusqu'\u00e0 50 000 bouff\u00e9es<\/td>\n<\/tr>\n<tr data-start=\"864\" data-end=\"927\">\n<td><strong data-start=\"866\" data-end=\"875\">R\u00e9sistance<\/strong><\/td>\n<td>Coil en mesh 1,0\u03a9<\/td>\n<\/tr>\n<tr data-start=\"928\" data-end=\"993\">\n<td><strong data-start=\"930\" data-end=\"952\">Capacit\u00e9 de e-liquide<\/strong><\/td>\n<td>50 ml<\/td>\n<\/tr>\n<tr data-start=\"994\" data-end=\"1058\">\n<td><strong data-start=\"996\" data-end=\"1013\">Force de nicotine<\/strong><\/td>\n<td>0% \/ 2% \/ 3% \/ 5%<\/td>\n<\/tr>\n<tr data-start=\"1059\" data-end=\"1123\">\n<td><strong data-start=\"1061\" data-end=\"1078\">Capacit\u00e9 de la Batterie<\/strong><\/td>\n<td>850mAh, rechargeable<\/td>\n<\/tr>\n<tr data-start=\"1124\" data-end=\"1187\">\n<td><strong data-start=\"1126\" data-end=\"1143\">Port de charge<\/strong><\/td>\n<td>Charge rapide Type-C<\/td>\n<\/tr>\n<tr data-start=\"1188\" data-end=\"1251\">\n<td><strong data-start=\"1190\" data-end=\"1201\">Affichage<\/strong><\/td>\n<td>Affichage num\u00e9rique LCD<\/td>\n<\/tr>\n<tr data-start=\"1252\" data-end=\"1318\">\n<td><strong data-start=\"1254\" data-end=\"1278\">Saveurs<\/strong><\/td>\n<td>Mytille Framboise &amp; Baies M\u00e9lang\u00e9es<\/td>\n<\/tr>\n<\/tbody>\n<\/table>\n<\/div>\n<h4>Exp\u00e9dition rapide &amp; achat sans souci<\/h4>\n<p class=\"\" data-start=\"1379\" data-end=\"1632\">\ud83d\ude80 <strong data-start=\"1382\" data-end=\"1396\">D\u00e9lai de livraison<\/strong>: 7-15 jours ouvrables \u2013 livraison rapide et fiable.<br data-start=\"1450\" data-end=\"1453\" \/>\u2705 <strong data-start=\"1455\" data-end=\"1477\">Achats sans douane<\/strong> \u2013 Aucun co\u00fbt cach\u00e9 ni frais suppl\u00e9mentaires.<br data-start=\"1531\" data-end=\"1534\" \/>\ud83d\uded2 <strong data-start=\"1537\" data-end=\"1560\">Commandez maintenant<\/strong>: Achetez facilement et confortablement sur vapingnet.fr.<\/p>\n<h3>Commandez d\u00e8s maintenant le Bang King 50000 Bouff\u00e9es!<\/h3>\n<p class=\"\" data-start=\"1692\" data-end=\"1869\">D\u00e9couvrez une saveur incomparable et une qualit\u00e9 de premier ordre. Visitez vapingnet.de et assurez-vous votre exp\u00e9rience de vapotage au plus haut niveau !<\/p>","protected":false},"excerpt":{"rendered":"<p>Bang King 50000 Bouff\u00e9es \u2013 Plaisir durable avec double saveur de fruits Caract\u00e9ristiques du produit Dur\u00e9e d'utilisation extr\u00eamement longue \u2013 Jusqu'\u00e0 50 000 bouff\u00e9es pour une exp\u00e9rience de vapotage sans souci. Technologie de bobine en mesh \u2013 1,0\u03a9...<\/p>","protected":false},"featured_media":5820,"template":"","meta":[],"etheme_brands":[],"product_brand":[101],"product_cat":[67,49,61,87],"product_tag":[],"class_list":{"0":"post-5813","1":"product","2":"type-product","3":"status-publish","4":"has-post-thumbnail","6":"product_brand-bang-king-vape","7":"product_cat-50k-vape","8":"product_cat-einweg-e-zigarette","9":"product_cat-f","10":"product_cat-v","12":"first","13":"instock","14":"shipping-taxable","15":"purchasable","16":"product-type-simple"},"yoast_head":"<!-- This site is optimized with the Yoast SEO plugin v26.5 - https:\/\/yoast.com\/wordpress\/plugins\/seo\/ -->\n<title>Bang King 50000 Puffs Blueberry Raspberry and Mixed Berry Gro\u00dfhandelspreis und weltweit meistverkauft | Vapingnet.de<\/title>\n<meta name=\"description\" content=\"Entdecke Bang King 50000 Puffs Blueberry Raspberry and Mixed Berry Gro\u00dfhandelspreis und weltweit meistverkauft bei vapingnet.de, \u25ba Gro\u00dfe Auswahl an Geschmacksrichtungen &amp; super g\u00fcnstig!\" \/>\n<meta name=\"robots\" content=\"index, follow, max-snippet:-1, max-image-preview:large, max-video-preview:-1\" \/>\n<link rel=\"canonical\" href=\"https:\/\/vapingnet.de\/fr\/vape\/bang-king-50000-puffs-blueberry-raspberry-and-mixed-berry-grosshandelspreis-und-weltweit-meistverkauft\/\" \/>\n<meta property=\"og:locale\" content=\"fr_FR\" \/>\n<meta property=\"og:type\" content=\"article\" \/>\n<meta property=\"og:title\" content=\"Bang King 50000 Puffs Blueberry Raspberry and Mixed Berry Gro\u00dfhandelspreis und weltweit meistverkauft | Vapingnet.de\" \/>\n<meta property=\"og:description\" content=\"Entdecke Bang King 50000 Puffs Blueberry Raspberry and Mixed Berry Gro\u00dfhandelspreis und weltweit meistverkauft bei vapingnet.de, \u25ba Gro\u00dfe Auswahl an Geschmacksrichtungen &amp; super g\u00fcnstig!\" \/>\n<meta property=\"og:url\" content=\"https:\/\/vapingnet.de\/fr\/vape\/bang-king-50000-puffs-blueberry-raspberry-and-mixed-berry-grosshandelspreis-und-weltweit-meistverkauft\/\" \/>\n<meta property=\"og:site_name\" content=\"Vapingnet.de\" \/>\n<meta property=\"article:publisher\" content=\"https:\/\/www.facebook.com\/vapingnetde\/\" \/>\n<meta property=\"article:modified_time\" content=\"2026-01-25T09:10:18+00:00\" \/>\n<meta property=\"og:image\" content=\"https:\/\/vapingnet.de\/wp-content\/uploads\/2025\/03\/bang50k-blueberry-raspberry-und-mixed-berry.png\" \/>\n\t<meta property=\"og:image:width\" content=\"1000\" \/>\n\t<meta property=\"og:image:height\" content=\"1000\" \/>\n\t<meta property=\"og:image:type\" content=\"image\/png\" \/>\n<meta name=\"twitter:card\" content=\"summary_large_image\" \/>\n<meta name=\"twitter:label1\" content=\"Dur\u00e9e de lecture estim\u00e9e\" \/>\n\t<meta name=\"twitter:data1\" content=\"2 minutes\" \/>\n<script type=\"application\/ld+json\" class=\"yoast-schema-graph\">{\"@context\":\"https:\/\/schema.org\",\"@graph\":[{\"@type\":\"WebPage\",\"@id\":\"https:\/\/vapingnet.de\/vape\/bang-king-50000-puffs-blueberry-raspberry-and-mixed-berry-grosshandelspreis-und-weltweit-meistverkauft\/\",\"url\":\"https:\/\/vapingnet.de\/vape\/bang-king-50000-puffs-blueberry-raspberry-and-mixed-berry-grosshandelspreis-und-weltweit-meistverkauft\/\",\"name\":\"Bang King 50000 Puffs Blueberry Raspberry and Mixed Berry Gro\u00dfhandelspreis und weltweit meistverkauft | Vapingnet.de\",\"isPartOf\":{\"@id\":\"https:\/\/vapingnet.de\/#website\"},\"primaryImageOfPage\":{\"@id\":\"https:\/\/vapingnet.de\/vape\/bang-king-50000-puffs-blueberry-raspberry-and-mixed-berry-grosshandelspreis-und-weltweit-meistverkauft\/#primaryimage\"},\"image\":{\"@id\":\"https:\/\/vapingnet.de\/vape\/bang-king-50000-puffs-blueberry-raspberry-and-mixed-berry-grosshandelspreis-und-weltweit-meistverkauft\/#primaryimage\"},\"thumbnailUrl\":\"https:\/\/vapingnet.de\/wp-content\/uploads\/2025\/03\/bang50k-blueberry-raspberry-und-mixed-berry.png\",\"datePublished\":\"2025-03-24T03:18:00+00:00\",\"dateModified\":\"2026-01-25T09:10:18+00:00\",\"description\":\"Entdecke Bang King 50000 Puffs Blueberry Raspberry and Mixed Berry Gro\u00dfhandelspreis und weltweit meistverkauft bei vapingnet.de, \u25ba Gro\u00dfe Auswahl an Geschmacksrichtungen & super g\u00fcnstig!\",\"breadcrumb\":{\"@id\":\"https:\/\/vapingnet.de\/vape\/bang-king-50000-puffs-blueberry-raspberry-and-mixed-berry-grosshandelspreis-und-weltweit-meistverkauft\/#breadcrumb\"},\"inLanguage\":\"fr-FR\",\"potentialAction\":[{\"@type\":\"ReadAction\",\"target\":[\"https:\/\/vapingnet.de\/vape\/bang-king-50000-puffs-blueberry-raspberry-and-mixed-berry-grosshandelspreis-und-weltweit-meistverkauft\/\"]}]},{\"@type\":\"ImageObject\",\"inLanguage\":\"fr-FR\",\"@id\":\"https:\/\/vapingnet.de\/vape\/bang-king-50000-puffs-blueberry-raspberry-and-mixed-berry-grosshandelspreis-und-weltweit-meistverkauft\/#primaryimage\",\"url\":\"https:\/\/vapingnet.de\/wp-content\/uploads\/2025\/03\/bang50k-blueberry-raspberry-und-mixed-berry.png\",\"contentUrl\":\"https:\/\/vapingnet.de\/wp-content\/uploads\/2025\/03\/bang50k-blueberry-raspberry-und-mixed-berry.png\",\"width\":1000,\"height\":1000,\"caption\":\"bang50k-blueberry raspberry und mixed berry\"},{\"@type\":\"BreadcrumbList\",\"@id\":\"https:\/\/vapingnet.de\/vape\/bang-king-50000-puffs-blueberry-raspberry-and-mixed-berry-grosshandelspreis-und-weltweit-meistverkauft\/#breadcrumb\",\"itemListElement\":[{\"@type\":\"ListItem\",\"position\":1,\"name\":\"Home\",\"item\":\"https:\/\/vapingnet.de\/\"},{\"@type\":\"ListItem\",\"position\":2,\"name\":\"Shop\",\"item\":\"https:\/\/vapingnet.de\/vape\/\"},{\"@type\":\"ListItem\",\"position\":3,\"name\":\"Bang King 50000 Puffs Blueberry Raspberry and Mixed Berry Gro\u00dfhandelspreis und weltweit meistverkauft\"}]},{\"@type\":\"WebSite\",\"@id\":\"https:\/\/vapingnet.de\/#website\",\"url\":\"https:\/\/vapingnet.de\/\",\"name\":\"Vapingnet.de\",\"description\":\"\",\"publisher\":{\"@id\":\"https:\/\/vapingnet.de\/#organization\"},\"potentialAction\":[{\"@type\":\"SearchAction\",\"target\":{\"@type\":\"EntryPoint\",\"urlTemplate\":\"https:\/\/vapingnet.de\/?s={search_term_string}\"},\"query-input\":{\"@type\":\"PropertyValueSpecification\",\"valueRequired\":true,\"valueName\":\"search_term_string\"}}],\"inLanguage\":\"fr-FR\"},{\"@type\":\"Organization\",\"@id\":\"https:\/\/vapingnet.de\/#organization\",\"name\":\"Vapingnet.de\",\"url\":\"https:\/\/vapingnet.de\/\",\"logo\":{\"@type\":\"ImageObject\",\"inLanguage\":\"fr-FR\",\"@id\":\"https:\/\/vapingnet.de\/#\/schema\/logo\/image\/\",\"url\":\"https:\/\/vapingnet.de\/wp-content\/uploads\/2025\/03\/cropped-vapingnet.de_.jpg\",\"contentUrl\":\"https:\/\/vapingnet.de\/wp-content\/uploads\/2025\/03\/cropped-vapingnet.de_.jpg\",\"width\":512,\"height\":512,\"caption\":\"Vapingnet.de\"},\"image\":{\"@id\":\"https:\/\/vapingnet.de\/#\/schema\/logo\/image\/\"},\"sameAs\":[\"https:\/\/www.facebook.com\/vapingnetde\/\"]}]}<\/script>\n<!-- \/ Yoast SEO plugin. -->","yoast_head_json":{"title":"Bang King 50000 Puffs Blueberry Raspberry and Mixed Berry Gro\u00dfhandelspreis und weltweit meistverkauft | Vapingnet.de","description":"Entdecke Bang King 50000 Puffs Blueberry Raspberry and Mixed Berry Gro\u00dfhandelspreis und weltweit meistverkauft bei vapingnet.de, \u25ba Gro\u00dfe Auswahl an Geschmacksrichtungen & super g\u00fcnstig!","robots":{"index":"index","follow":"follow","max-snippet":"max-snippet:-1","max-image-preview":"max-image-preview:large","max-video-preview":"max-video-preview:-1"},"canonical":"https:\/\/vapingnet.de\/fr\/vape\/bang-king-50000-puffs-blueberry-raspberry-and-mixed-berry-grosshandelspreis-und-weltweit-meistverkauft\/","og_locale":"fr_FR","og_type":"article","og_title":"Bang King 50000 Puffs Blueberry Raspberry and Mixed Berry Gro\u00dfhandelspreis und weltweit meistverkauft | Vapingnet.de","og_description":"Entdecke Bang King 50000 Puffs Blueberry Raspberry and Mixed Berry Gro\u00dfhandelspreis und weltweit meistverkauft bei vapingnet.de, \u25ba Gro\u00dfe Auswahl an Geschmacksrichtungen & super g\u00fcnstig!","og_url":"https:\/\/vapingnet.de\/fr\/vape\/bang-king-50000-puffs-blueberry-raspberry-and-mixed-berry-grosshandelspreis-und-weltweit-meistverkauft\/","og_site_name":"Vapingnet.de","article_publisher":"https:\/\/www.facebook.com\/vapingnetde\/","article_modified_time":"2026-01-25T09:10:18+00:00","og_image":[{"width":1000,"height":1000,"url":"https:\/\/vapingnet.de\/wp-content\/uploads\/2025\/03\/bang50k-blueberry-raspberry-und-mixed-berry.png","type":"image\/png"}],"twitter_card":"summary_large_image","twitter_misc":{"Dur\u00e9e de lecture estim\u00e9e":"2 minutes"},"schema":{"@context":"https:\/\/schema.org","@graph":[{"@type":"WebPage","@id":"https:\/\/vapingnet.de\/vape\/bang-king-50000-puffs-blueberry-raspberry-and-mixed-berry-grosshandelspreis-und-weltweit-meistverkauft\/","url":"https:\/\/vapingnet.de\/vape\/bang-king-50000-puffs-blueberry-raspberry-and-mixed-berry-grosshandelspreis-und-weltweit-meistverkauft\/","name":"Bang King 50000 Puffs Blueberry Raspberry and Mixed Berry Gro\u00dfhandelspreis und weltweit meistverkauft | Vapingnet.de","isPartOf":{"@id":"https:\/\/vapingnet.de\/#website"},"primaryImageOfPage":{"@id":"https:\/\/vapingnet.de\/vape\/bang-king-50000-puffs-blueberry-raspberry-and-mixed-berry-grosshandelspreis-und-weltweit-meistverkauft\/#primaryimage"},"image":{"@id":"https:\/\/vapingnet.de\/vape\/bang-king-50000-puffs-blueberry-raspberry-and-mixed-berry-grosshandelspreis-und-weltweit-meistverkauft\/#primaryimage"},"thumbnailUrl":"https:\/\/vapingnet.de\/wp-content\/uploads\/2025\/03\/bang50k-blueberry-raspberry-und-mixed-berry.png","datePublished":"2025-03-24T03:18:00+00:00","dateModified":"2026-01-25T09:10:18+00:00","description":"Entdecke Bang King 50000 Puffs Blueberry Raspberry and Mixed Berry Gro\u00dfhandelspreis und weltweit meistverkauft bei vapingnet.de, \u25ba Gro\u00dfe Auswahl an Geschmacksrichtungen & super g\u00fcnstig!","breadcrumb":{"@id":"https:\/\/vapingnet.de\/vape\/bang-king-50000-puffs-blueberry-raspberry-and-mixed-berry-grosshandelspreis-und-weltweit-meistverkauft\/#breadcrumb"},"inLanguage":"fr-FR","potentialAction":[{"@type":"ReadAction","target":["https:\/\/vapingnet.de\/vape\/bang-king-50000-puffs-blueberry-raspberry-and-mixed-berry-grosshandelspreis-und-weltweit-meistverkauft\/"]}]},{"@type":"ImageObject","inLanguage":"fr-FR","@id":"https:\/\/vapingnet.de\/vape\/bang-king-50000-puffs-blueberry-raspberry-and-mixed-berry-grosshandelspreis-und-weltweit-meistverkauft\/#primaryimage","url":"https:\/\/vapingnet.de\/wp-content\/uploads\/2025\/03\/bang50k-blueberry-raspberry-und-mixed-berry.png","contentUrl":"https:\/\/vapingnet.de\/wp-content\/uploads\/2025\/03\/bang50k-blueberry-raspberry-und-mixed-berry.png","width":1000,"height":1000,"caption":"bang50k-blueberry raspberry und mixed berry"},{"@type":"BreadcrumbList","@id":"https:\/\/vapingnet.de\/vape\/bang-king-50000-puffs-blueberry-raspberry-and-mixed-berry-grosshandelspreis-und-weltweit-meistverkauft\/#breadcrumb","itemListElement":[{"@type":"ListItem","position":1,"name":"Home","item":"https:\/\/vapingnet.de\/"},{"@type":"ListItem","position":2,"name":"Shop","item":"https:\/\/vapingnet.de\/vape\/"},{"@type":"ListItem","position":3,"name":"Bang King 50000 Puffs Blueberry Raspberry and Mixed Berry Gro\u00dfhandelspreis und weltweit meistverkauft"}]},{"@type":"WebSite","@id":"https:\/\/vapingnet.de\/#website","url":"https:\/\/vapingnet.de\/","name":"Vapingnet.de","description":"","publisher":{"@id":"https:\/\/vapingnet.de\/#organization"},"potentialAction":[{"@type":"SearchAction","target":{"@type":"EntryPoint","urlTemplate":"https:\/\/vapingnet.de\/?s={search_term_string}"},"query-input":{"@type":"PropertyValueSpecification","valueRequired":true,"valueName":"search_term_string"}}],"inLanguage":"fr-FR"},{"@type":"Organization","@id":"https:\/\/vapingnet.de\/#organization","name":"Vapingnet.de","url":"https:\/\/vapingnet.de\/","logo":{"@type":"ImageObject","inLanguage":"fr-FR","@id":"https:\/\/vapingnet.de\/#\/schema\/logo\/image\/","url":"https:\/\/vapingnet.de\/wp-content\/uploads\/2025\/03\/cropped-vapingnet.de_.jpg","contentUrl":"https:\/\/vapingnet.de\/wp-content\/uploads\/2025\/03\/cropped-vapingnet.de_.jpg","width":512,"height":512,"caption":"Vapingnet.de"},"image":{"@id":"https:\/\/vapingnet.de\/#\/schema\/logo\/image\/"},"sameAs":["https:\/\/www.facebook.com\/vapingnetde\/"]}]}},"tiered_pricing_type":"fixed","tiered_pricing_fixed_rules":{"10":"12.44","60":"11.96","110":"10.63","200":"9.3"},"tiered_pricing_product_settings":{"layout":"default","base_unit_name":{"singular":null,"plural":null},"default_variation":null},"tiered_pricing_minimum_quantity":null,"tiered_pricing_roles_data":[],"tiered_pricing_percentage_rules":[],"_links":{"self":[{"href":"https:\/\/vapingnet.de\/fr\/wp-json\/wp\/v2\/product\/5813","targetHints":{"allow":["GET"]}}],"collection":[{"href":"https:\/\/vapingnet.de\/fr\/wp-json\/wp\/v2\/product"}],"about":[{"href":"https:\/\/vapingnet.de\/fr\/wp-json\/wp\/v2\/types\/product"}],"version-history":[{"count":3,"href":"https:\/\/vapingnet.de\/fr\/wp-json\/wp\/v2\/product\/5813\/revisions"}],"predecessor-version":[{"id":7538,"href":"https:\/\/vapingnet.de\/fr\/wp-json\/wp\/v2\/product\/5813\/revisions\/7538"}],"wp:featuredmedia":[{"embeddable":true,"href":"https:\/\/vapingnet.de\/fr\/wp-json\/wp\/v2\/media\/5820"}],"wp:attachment":[{"href":"https:\/\/vapingnet.de\/fr\/wp-json\/wp\/v2\/media?parent=5813"}],"wp:term":[{"taxonomy":"brand","embeddable":true,"href":"https:\/\/vapingnet.de\/fr\/wp-json\/wp\/v2\/etheme_brands?post=5813"},{"taxonomy":"product_brand","embeddable":true,"href":"https:\/\/vapingnet.de\/fr\/wp-json\/wp\/v2\/product_brand?post=5813"},{"taxonomy":"product_cat","embeddable":true,"href":"https:\/\/vapingnet.de\/fr\/wp-json\/wp\/v2\/product_cat?post=5813"},{"taxonomy":"product_tag","embeddable":true,"href":"https:\/\/vapingnet.de\/fr\/wp-json\/wp\/v2\/product_tag?post=5813"}],"curies":[{"name":"wp","href":"https:\/\/api.w.org\/{rel}","templated":true}]}}